{"id":4277,"date":"2022-06-08T23:56:06","date_gmt":"2022-06-08T20:56:06","guid":{"rendered":"https:\/\/beebipai.ee\/?post_type=product&#038;p=4277"},"modified":"2022-06-28T23:07:16","modified_gmt":"2022-06-28T20:07:16","slug":"gabriella-meditsiinilised-polvikud-20-den","status":"publish","type":"product","link":"https:\/\/beebipai.ee\/lv\/product\/gabriella-meditsiinilised-polvikud-20-den\/","title":{"rendered":"Gabriella medic\u012bnisk\u0101s ce\u013cgalu aizsargi, 20 den"},"content":{"rendered":"<div data-elementor-type=\"wp-post\" data-elementor-id=\"4277\" class=\"elementor elementor-4277\">\n\t\t\t\t\t\t<section class=\"elementor-section elementor-top-section elementor-element elementor-element-51a1ab0 elementor-section-boxed elementor-section-height-default elementor-section-height-default\" data-id=\"51a1ab0\" data-element_type=\"section\" data-e-type=\"section\">\n\t\t\t\t\t\t<div class=\"elementor-container elementor-column-gap-default\">\n\t\t\t\t\t<div class=\"elementor-column elementor-col-50 elementor-top-column elementor-element elementor-element-ff8fb39\" data-id=\"ff8fb39\" data-element_type=\"column\" data-e-type=\"column\">\n\t\t\t<div class=\"elementor-widget-wrap elementor-element-populated\">\n\t\t\t\t\t\t<div class=\"elementor-element elementor-element-9f19eee elementor-widget elementor-widget-heading\" data-id=\"9f19eee\" data-element_type=\"widget\" data-e-type=\"widget\" data-widget_type=\"heading.default\">\n\t\t\t\t<div class=\"elementor-widget-container\">\n\t\t\t\t\t<h2 class=\"elementor-heading-title elementor-size-default\">Gabriella medic\u012bnisk\u0101s ce\u013cgalu spilventi\u0146i ar Aloe Vera ekstraktu<\/h2>\t\t\t\t<\/div>\n\t\t\t\t<\/div>\n\t\t\t\t<div class=\"elementor-element elementor-element-3aa2c36 elementor-widget elementor-widget-text-editor\" data-id=\"3aa2c36\" data-element_type=\"widget\" data-e-type=\"widget\" data-widget_type=\"text-editor.default\">\n\t\t\t\t<div class=\"elementor-widget-container\">\n\t\t\t\t\t\t\t\t\t<p>Gabriellas medic\u012bniskajiem ce\u013cgaliem ir profilaktiska iedarb\u012bba, lai nov\u0113rstu k\u0101ju piet\u016bkumu un diskomfortu, kas saist\u012bts ar smagaj\u0101m k\u0101j\u0101m. \u012apa\u0161s paliktnis zem zoles stimul\u0113 asins un limfas cirkul\u0101ciju, padarot kust\u012bbu vieglu. Ce\u013cu sargi ir izgatavoti no augst\u0101k\u0101s kvalit\u0101tes materi\u0101la, kas padara tos \u0113rtus, kvalitat\u012bvus un iztur\u012bgus. Plakan\u0101s \u0161uves nav rievas un neizraisa s\u0101pes. Ce\u013cu spilventi\u0146i satur Aloe Vera ekstraktu, kas pie\u0161\u0137ir ce\u013cgaliem maigumu un svaigumu. P\u0113das paliek t\u012bras un sausas. Alvejai ir ar\u012b antibakteri\u0101la iedarb\u012bba.\u00a0<\/p><p>Lai ce\u013cgali ilgu laiku paliktu veseli un skaisti, ir svar\u012bgi par tiem r\u016bp\u0113ties. Lai saglab\u0101tu spilgto kr\u0101su, formu un izskatu, mazg\u0101jiet ce\u013cgalus vai nu:<\/p><ul><li>mazg\u0101t ar rok\u0101m ar maigu mazg\u0101\u0161anas l\u012bdzekli silt\u0101 \u016bden\u012b un noskalot ar aukstu \u016bdeni. Ieteicams nesagriezt ce\u013cus.<\/li><li>ve\u013cas ma\u0161\u012bn\u0101, izmantojot maigu, 30 gr\u0101du mazg\u0101\u0161anas programmu. \u0160eit svar\u012bgi b\u016btu ielikt ce\u013cgalus speci\u0101l\u0101 ve\u013cas maisi\u0146\u0101, lai tie neizstieptos. Ja nav ve\u013cas maisa, varat izmantot, piem\u0113ram, spilvendr\u0101nu. Pareizi doz\u0113jiet ar\u012b mazg\u0101\u0161anas l\u012bdzek\u013cus. P\u0101r\u0101k daudz mazg\u0101\u0161anas l\u012bdzek\u013ca vai skalo\u0161anas l\u012bdzek\u013ca var atst\u0101t baltus plankumus uz ce\u013ciem.<\/li><\/ul>\t\t\t\t\t\t\t\t<\/div>\n\t\t\t\t<\/div>\n\t\t\t\t\t<\/div>\n\t\t<\/div>\n\t\t\t\t<div class=\"elementor-column elementor-col-50 elementor-top-column elementor-element elementor-element-095aad4\" data-id=\"095aad4\" data-element_type=\"column\" data-e-type=\"column\">\n\t\t\t<div class=\"elementor-widget-wrap elementor-element-populated\">\n\t\t\t\t\t\t<div class=\"elementor-element elementor-element-b095243 elementor-widget elementor-widget-image\" data-id=\"b095243\" data-element_type=\"widget\" data-e-type=\"widget\" data-widget_type=\"image.default\">\n\t\t\t\t<div class=\"elementor-widget-container\">\n\t\t\t\t\t\t\t\t\t\t\t\t\t\t\t<img fetchpriority=\"high\" decoding=\"async\" width=\"337\" height=\"568\" src=\"https:\/\/beebipai.ee\/wp-content\/uploads\/2022\/06\/Gabriella-meditsiinilised-sokid1.jpg\" class=\"attachment-large size-large wp-image-4268\" alt=\"\" srcset=\"https:\/\/beebipai.ee\/wp-content\/uploads\/2022\/06\/Gabriella-meditsiinilised-sokid1.jpg 337w, https:\/\/beebipai.ee\/wp-content\/uploads\/2022\/06\/Gabriella-meditsiinilised-sokid1-178x300.jpg 178w, https:\/\/beebipai.ee\/wp-content\/uploads\/2022\/06\/Gabriella-meditsiinilised-sokid1-7x12.jpg 7w\" sizes=\"(max-width: 337px) 100vw, 337px\" \/>\t\t\t\t\t\t\t\t\t\t\t\t\t\t\t<\/div>\n\t\t\t\t<\/div>\n\t\t\t\t\t<\/div>\n\t\t<\/div>\n\t\t\t\t\t<\/div>\n\t\t<\/section>\n\t\t\t\t<\/div>","protected":false},"excerpt":{"rendered":"<p>Gabriella medic\u012bniskajiem ce\u013cgaliem ir profilaktiska iedarb\u012bba. P\u0113du mas\u0101\u017ea stimul\u0113 asins un limfas cirkul\u0101ciju, pal\u012bdzot nov\u0113rst t\u016bsku gr\u016btniec\u012bbas laik\u0101. Mas\u0101\u017ea pal\u012bdz ar\u012b nov\u0113rst t\u0101 saukt\u0101s \"smag\u0101s k\u0101jas\". Ce\u013ci ir bag\u0101tin\u0101ti ar Aloe Vera ekstraktu.<\/p>","protected":false},"featured_media":4266,"template":"","meta":{"_monsterinsights_skip_tracking":false,"_monsterinsights_sitenote_active":false,"_monsterinsights_sitenote_note":"","_monsterinsights_sitenote_category":0,"site-sidebar-layout":"no-sidebar","site-content-layout":"page-builder","ast-site-content-layout":"default","site-content-style":"default","site-sidebar-style":"default","ast-global-header-display":"","ast-banner-title-visibility":"","ast-main-header-display":"","ast-hfb-above-header-display":"","ast-hfb-below-header-display":"","ast-hfb-mobile-header-display":"","site-post-title":"disabled","ast-breadcrumbs-content":"","ast-featured-img":"disabled","footer-sml-layout":"","ast-disable-related-posts":"","theme-transparent-header-meta":"default","adv-header-id-meta":"","stick-header-meta":"","header-above-stick-meta":"","header-main-stick-meta":"","header-below-stick-meta":"","astra-migrate-meta-layouts":"default","ast-page-background-enabled":"default","ast-page-background-meta":{"desktop":{"background-color":"","background-image":"","background-repeat":"repeat","background-position":"center center","background-size":"auto","background-attachment":"scroll","background-type":"","background-media":"","overlay-type":"","overlay-color":"","overlay-opacity":"","overlay-gradient":""},"tablet":{"background-color":"","background-image":"","background-repeat":"repeat","background-position":"center center","background-size":"auto","background-attachment":"scroll","background-type":"","background-media":"","overlay-type":"","overlay-color":"","overlay-opacity":"","overlay-gradient":""},"mobile":{"background-color":"","background-image":"","background-repeat":"repeat","background-position":"center center","background-size":"auto","background-attachment":"scroll","background-type":"","background-media":"","overlay-type":"","overlay-color":"","overlay-opacity":"","overlay-gradient":""}},"ast-content-background-meta":{"desktop":{"background-color":"var(--ast-global-color-5)","background-image":"","background-repeat":"repeat","background-position":"center center","background-size":"auto","background-attachment":"scroll","background-type":"","background-media":"","overlay-type":"","overlay-color":"","overlay-opacity":"","overlay-gradient":""},"tablet":{"background-color":"var(--ast-global-color-5)","background-image":"","background-repeat":"repeat","background-position":"center center","background-size":"auto","background-attachment":"scroll","background-type":"","background-media":"","overlay-type":"","overlay-color":"","overlay-opacity":"","overlay-gradient":""},"mobile":{"background-color":"var(--ast-global-color-5)","background-image":"","background-repeat":"repeat","background-position":"center center","background-size":"auto","background-attachment":"scroll","background-type":"","background-media":"","overlay-type":"","overlay-color":"","overlay-opacity":"","overlay-gradient":""}}},"product_brand":[],"product_cat":[22,130],"product_tag":[],"class_list":{"0":"post-4277","1":"product","2":"type-product","3":"status-publish","4":"has-post-thumbnail","6":"product_cat-emale","7":"product_cat-sukkpuksid-polvikud-sokid","8":"desktop-align-left","9":"tablet-align-left","10":"mobile-align-left","12":"first","13":"instock","14":"taxable","15":"shipping-taxable","16":"purchasable","17":"product-type-variable"},"yoast_head":"<!-- This site is optimized with the Yoast SEO plugin v27.4 - https:\/\/yoast.com\/product\/yoast-seo-wordpress\/ -->\n<title>Gabriella meditsiinilised p\u00f5lvikud, 20 den - Beebipai<\/title>\n<meta name=\"description\" content=\"Gabriella meditsiinilised p\u00f5lvikud aitavad leevendada turseid ja raskeid jalgu raseduse ajal. Vaata toodet Gabriella meditsiinilised p\u00f5lvikud Beebipai poest!\" \/>\n<meta name=\"robots\" content=\"index, follow, max-snippet:-1, max-image-preview:large, max-video-preview:-1\" \/>\n<link rel=\"canonical\" href=\"https:\/\/beebipai.ee\/lv\/product\/gabriella-meditsiinilised-polvikud-20-den\/\" \/>\n<meta property=\"og:locale\" content=\"lv_LV\" \/>\n<meta property=\"og:type\" content=\"article\" \/>\n<meta property=\"og:title\" content=\"Gabriella meditsiinilised p\u00f5lvikud, 20 den - Beebipai\" \/>\n<meta property=\"og:description\" content=\"Gabriella meditsiinilised p\u00f5lvikud aitavad leevendada turseid ja raskeid jalgu raseduse ajal. Vaata toodet Gabriella meditsiinilised p\u00f5lvikud Beebipai poest!\" \/>\n<meta property=\"og:url\" content=\"https:\/\/beebipai.ee\/lv\/product\/gabriella-meditsiinilised-polvikud-20-den\/\" \/>\n<meta property=\"og:site_name\" content=\"Beebipai\" \/>\n<meta property=\"article:modified_time\" content=\"2022-06-28T20:07:16+00:00\" \/>\n<meta property=\"og:image\" content=\"https:\/\/beebipai.ee\/wp-content\/uploads\/2022\/06\/Gabriella-meditsiinilised-polvikud-e1654721562535.jpg\" \/>\n\t<meta property=\"og:image:width\" content=\"400\" \/>\n\t<meta property=\"og:image:height\" content=\"504\" \/>\n\t<meta property=\"og:image:type\" content=\"image\/jpeg\" \/>\n<meta name=\"twitter:card\" content=\"summary_large_image\" \/>\n<meta name=\"twitter:label1\" content=\"Est. reading time\" \/>\n\t<meta name=\"twitter:data1\" content=\"1 min\u016bte\" \/>\n<script type=\"application\/ld+json\" class=\"yoast-schema-graph\">{\"@context\":\"https:\\\/\\\/schema.org\",\"@graph\":[{\"@type\":\"WebPage\",\"@id\":\"https:\\\/\\\/beebipai.ee\\\/ru\\\/product\\\/gabriella-meditsiinilised-polvikud-20-den\\\/\",\"url\":\"https:\\\/\\\/beebipai.ee\\\/ru\\\/product\\\/gabriella-meditsiinilised-polvikud-20-den\\\/\",\"name\":\"Gabriella meditsiinilised p\u00f5lvikud, 20 den - Beebipai\",\"isPartOf\":{\"@id\":\"https:\\\/\\\/beebipai.ee\\\/en\\\/#website\"},\"primaryImageOfPage\":{\"@id\":\"https:\\\/\\\/beebipai.ee\\\/ru\\\/product\\\/gabriella-meditsiinilised-polvikud-20-den\\\/#primaryimage\"},\"image\":{\"@id\":\"https:\\\/\\\/beebipai.ee\\\/ru\\\/product\\\/gabriella-meditsiinilised-polvikud-20-den\\\/#primaryimage\"},\"thumbnailUrl\":\"https:\\\/\\\/beebipai.ee\\\/wp-content\\\/uploads\\\/2022\\\/06\\\/Gabriella-meditsiinilised-polvikud-e1654721562535.jpg\",\"datePublished\":\"2022-06-08T20:56:06+00:00\",\"dateModified\":\"2022-06-28T20:07:16+00:00\",\"description\":\"Gabriella meditsiinilised p\u00f5lvikud aitavad leevendada turseid ja raskeid jalgu raseduse ajal. Vaata toodet Gabriella meditsiinilised p\u00f5lvikud Beebipai poest!\",\"breadcrumb\":{\"@id\":\"https:\\\/\\\/beebipai.ee\\\/ru\\\/product\\\/gabriella-meditsiinilised-polvikud-20-den\\\/#breadcrumb\"},\"inLanguage\":\"lv-LV\",\"potentialAction\":[{\"@type\":\"ReadAction\",\"target\":[\"https:\\\/\\\/beebipai.ee\\\/ru\\\/product\\\/gabriella-meditsiinilised-polvikud-20-den\\\/\"]}]},{\"@type\":\"ImageObject\",\"inLanguage\":\"lv-LV\",\"@id\":\"https:\\\/\\\/beebipai.ee\\\/ru\\\/product\\\/gabriella-meditsiinilised-polvikud-20-den\\\/#primaryimage\",\"url\":\"https:\\\/\\\/beebipai.ee\\\/wp-content\\\/uploads\\\/2022\\\/06\\\/Gabriella-meditsiinilised-polvikud-e1654721562535.jpg\",\"contentUrl\":\"https:\\\/\\\/beebipai.ee\\\/wp-content\\\/uploads\\\/2022\\\/06\\\/Gabriella-meditsiinilised-polvikud-e1654721562535.jpg\",\"width\":400,\"height\":504},{\"@type\":\"BreadcrumbList\",\"@id\":\"https:\\\/\\\/beebipai.ee\\\/ru\\\/product\\\/gabriella-meditsiinilised-polvikud-20-den\\\/#breadcrumb\",\"itemListElement\":[{\"@type\":\"ListItem\",\"position\":1,\"name\":\"Home\",\"item\":\"https:\\\/\\\/beebipai.ee\\\/\"},{\"@type\":\"ListItem\",\"position\":2,\"name\":\"Pood\",\"item\":\"https:\\\/\\\/beebipai.ee\\\/store\\\/\"},{\"@type\":\"ListItem\",\"position\":3,\"name\":\"Gabriella meditsiinilised p\u00f5lvikud, 20 den\"}]},{\"@type\":\"WebSite\",\"@id\":\"https:\\\/\\\/beebipai.ee\\\/en\\\/#website\",\"url\":\"https:\\\/\\\/beebipai.ee\\\/en\\\/\",\"name\":\"Beebipai\",\"description\":\"Rasedate ja beebide veebipood\",\"potentialAction\":[{\"@type\":\"SearchAction\",\"target\":{\"@type\":\"EntryPoint\",\"urlTemplate\":\"https:\\\/\\\/beebipai.ee\\\/en\\\/?s={search_term_string}\"},\"query-input\":{\"@type\":\"PropertyValueSpecification\",\"valueRequired\":true,\"valueName\":\"search_term_string\"}}],\"inLanguage\":\"lv-LV\"}]}<\/script>\n<!-- \/ Yoast SEO plugin. -->","yoast_head_json":{"title":"Gabriella meditsiinilised p\u00f5lvikud, 20 den - Beebipai","description":"Gabriella meditsiinilised p\u00f5lvikud aitavad leevendada turseid ja raskeid jalgu raseduse ajal. Vaata toodet Gabriella meditsiinilised p\u00f5lvikud Beebipai poest!","robots":{"index":"index","follow":"follow","max-snippet":"max-snippet:-1","max-image-preview":"max-image-preview:large","max-video-preview":"max-video-preview:-1"},"canonical":"https:\/\/beebipai.ee\/lv\/product\/gabriella-meditsiinilised-polvikud-20-den\/","og_locale":"lv_LV","og_type":"article","og_title":"Gabriella meditsiinilised p\u00f5lvikud, 20 den - Beebipai","og_description":"Gabriella meditsiinilised p\u00f5lvikud aitavad leevendada turseid ja raskeid jalgu raseduse ajal. Vaata toodet Gabriella meditsiinilised p\u00f5lvikud Beebipai poest!","og_url":"https:\/\/beebipai.ee\/lv\/product\/gabriella-meditsiinilised-polvikud-20-den\/","og_site_name":"Beebipai","article_modified_time":"2022-06-28T20:07:16+00:00","og_image":[{"width":400,"height":504,"url":"https:\/\/beebipai.ee\/wp-content\/uploads\/2022\/06\/Gabriella-meditsiinilised-polvikud-e1654721562535.jpg","type":"image\/jpeg"}],"twitter_card":"summary_large_image","twitter_misc":{"Est. reading time":"1 min\u016bte"},"schema":{"@context":"https:\/\/schema.org","@graph":[{"@type":"WebPage","@id":"https:\/\/beebipai.ee\/ru\/product\/gabriella-meditsiinilised-polvikud-20-den\/","url":"https:\/\/beebipai.ee\/ru\/product\/gabriella-meditsiinilised-polvikud-20-den\/","name":"Gabriella meditsiinilised p\u00f5lvikud, 20 den - Beebipai","isPartOf":{"@id":"https:\/\/beebipai.ee\/en\/#website"},"primaryImageOfPage":{"@id":"https:\/\/beebipai.ee\/ru\/product\/gabriella-meditsiinilised-polvikud-20-den\/#primaryimage"},"image":{"@id":"https:\/\/beebipai.ee\/ru\/product\/gabriella-meditsiinilised-polvikud-20-den\/#primaryimage"},"thumbnailUrl":"https:\/\/beebipai.ee\/wp-content\/uploads\/2022\/06\/Gabriella-meditsiinilised-polvikud-e1654721562535.jpg","datePublished":"2022-06-08T20:56:06+00:00","dateModified":"2022-06-28T20:07:16+00:00","description":"Gabriella meditsiinilised p\u00f5lvikud aitavad leevendada turseid ja raskeid jalgu raseduse ajal. Vaata toodet Gabriella meditsiinilised p\u00f5lvikud Beebipai poest!","breadcrumb":{"@id":"https:\/\/beebipai.ee\/ru\/product\/gabriella-meditsiinilised-polvikud-20-den\/#breadcrumb"},"inLanguage":"lv-LV","potentialAction":[{"@type":"ReadAction","target":["https:\/\/beebipai.ee\/ru\/product\/gabriella-meditsiinilised-polvikud-20-den\/"]}]},{"@type":"ImageObject","inLanguage":"lv-LV","@id":"https:\/\/beebipai.ee\/ru\/product\/gabriella-meditsiinilised-polvikud-20-den\/#primaryimage","url":"https:\/\/beebipai.ee\/wp-content\/uploads\/2022\/06\/Gabriella-meditsiinilised-polvikud-e1654721562535.jpg","contentUrl":"https:\/\/beebipai.ee\/wp-content\/uploads\/2022\/06\/Gabriella-meditsiinilised-polvikud-e1654721562535.jpg","width":400,"height":504},{"@type":"BreadcrumbList","@id":"https:\/\/beebipai.ee\/ru\/product\/gabriella-meditsiinilised-polvikud-20-den\/#breadcrumb","itemListElement":[{"@type":"ListItem","position":1,"name":"Home","item":"https:\/\/beebipai.ee\/"},{"@type":"ListItem","position":2,"name":"Pood","item":"https:\/\/beebipai.ee\/store\/"},{"@type":"ListItem","position":3,"name":"Gabriella meditsiinilised p\u00f5lvikud, 20 den"}]},{"@type":"WebSite","@id":"https:\/\/beebipai.ee\/en\/#website","url":"https:\/\/beebipai.ee\/en\/","name":"Beebipai","description":"Rasedate ja beebide veebipood","potentialAction":[{"@type":"SearchAction","target":{"@type":"EntryPoint","urlTemplate":"https:\/\/beebipai.ee\/en\/?s={search_term_string}"},"query-input":{"@type":"PropertyValueSpecification","valueRequired":true,"valueName":"search_term_string"}}],"inLanguage":"lv-LV"}]}},"_links":{"self":[{"href":"https:\/\/beebipai.ee\/lv\/wp-json\/wp\/v2\/product\/4277","targetHints":{"allow":["GET"]}}],"collection":[{"href":"https:\/\/beebipai.ee\/lv\/wp-json\/wp\/v2\/product"}],"about":[{"href":"https:\/\/beebipai.ee\/lv\/wp-json\/wp\/v2\/types\/product"}],"version-history":[{"count":5,"href":"https:\/\/beebipai.ee\/lv\/wp-json\/wp\/v2\/product\/4277\/revisions"}],"predecessor-version":[{"id":5039,"href":"https:\/\/beebipai.ee\/lv\/wp-json\/wp\/v2\/product\/4277\/revisions\/5039"}],"wp:featuredmedia":[{"embeddable":true,"href":"https:\/\/beebipai.ee\/lv\/wp-json\/wp\/v2\/media\/4266"}],"wp:attachment":[{"href":"https:\/\/beebipai.ee\/lv\/wp-json\/wp\/v2\/media?parent=4277"}],"wp:term":[{"taxonomy":"product_brand","embeddable":true,"href":"https:\/\/beebipai.ee\/lv\/wp-json\/wp\/v2\/product_brand?post=4277"},{"taxonomy":"product_cat","embeddable":true,"href":"https:\/\/beebipai.ee\/lv\/wp-json\/wp\/v2\/product_cat?post=4277"},{"taxonomy":"product_tag","embeddable":true,"href":"https:\/\/beebipai.ee\/lv\/wp-json\/wp\/v2\/product_tag?post=4277"}],"curies":[{"name":"wp","href":"https:\/\/api.w.org\/{rel}","templated":true}]}}