{"id":4191,"date":"2022-06-08T15:12:08","date_gmt":"2022-06-08T12:12:08","guid":{"rendered":"https:\/\/beebipai.ee\/?post_type=product&#038;p=4191"},"modified":"2022-06-28T23:14:26","modified_gmt":"2022-06-28T20:14:26","slug":"gabriella-rasedate-sukkpuksid-aloe-vera-ekstraktiga-100den","status":"publish","type":"product","link":"https:\/\/beebipai.ee\/lv\/product\/gabriella-rasedate-sukkpuksid-aloe-vera-ekstraktiga-100den\/","title":{"rendered":"Gabriella gr\u016btnie\u010du ze\u0137ubikses ar Aloe Vera ekstraktu, 100den"},"content":{"rendered":"<div data-elementor-type=\"wp-post\" data-elementor-id=\"4191\" class=\"elementor elementor-4191\">\n\t\t\t\t\t\t<section class=\"elementor-section elementor-top-section elementor-element elementor-element-c9b58fc elementor-section-boxed elementor-section-height-default elementor-section-height-default\" data-id=\"c9b58fc\" data-element_type=\"section\" data-e-type=\"section\">\n\t\t\t\t\t\t<div class=\"elementor-container elementor-column-gap-default\">\n\t\t\t\t\t<div class=\"elementor-column elementor-col-50 elementor-top-column elementor-element elementor-element-f97ef58\" data-id=\"f97ef58\" data-element_type=\"column\" data-e-type=\"column\">\n\t\t\t<div class=\"elementor-widget-wrap elementor-element-populated\">\n\t\t\t\t\t\t<div class=\"elementor-element elementor-element-a18e6e5 elementor-widget elementor-widget-heading\" data-id=\"a18e6e5\" data-element_type=\"widget\" data-e-type=\"widget\" data-widget_type=\"heading.default\">\n\t\t\t\t<div class=\"elementor-widget-container\">\n\t\t\t\t\t<h2 class=\"elementor-heading-title elementor-size-default\">Gabriella gr\u016btnie\u010du ze\u0137ubikses ar Aloe Vera ekstraktu<\/h2>\t\t\t\t<\/div>\n\t\t\t\t<\/div>\n\t\t\t\t<div class=\"elementor-element elementor-element-183cd7f elementor-widget elementor-widget-text-editor\" data-id=\"183cd7f\" data-element_type=\"widget\" data-e-type=\"widget\" data-widget_type=\"text-editor.default\">\n\t\t\t\t<div class=\"elementor-widget-container\">\n\t\t\t\t\t\t\t\t\t<p>Gabriellas gr\u016btnie\u010du ze\u0137ubikses ir rad\u012btas gr\u016btniec\u012bbai ar \u012bpa\u0161u biks\u012b\u0161u da\u013cu, kas piel\u0101gojas strauji main\u012bgaj\u0101m \u0137erme\u0146a form\u0101m. Papildu pastiprin\u0101jums mugurpus\u0113 un pretspiediena josta padara to \u012bpa\u0161i \u0113rtu valk\u0101\u0161anu gr\u016btniec\u012bbas laik\u0101. Ze\u0137ubikses ir izgatavotas no augst\u0101kas kvalit\u0101tes dzijas, kas padara t\u0101s skaistas un iztur\u012bgas. Plakan\u0101s \u0161uves neizraujas un nes\u0101p. Biks\u0113m starp k\u0101j\u0101m ir kokvilnas audums un pastiprin\u0101tas purngalu da\u013cas. Aloe Vera ekstrakts padara ze\u0137ubikses m\u012bkst\u0101kas un \u0113rt\u0101kas. Pie\u0161\u0137ir valk\u0101\u0161anai svaigumu, eleganci un vieglumu. Alvejai ir ar\u012b antibakteri\u0101la iedarb\u012bba. Pateicoties \u012bpa\u0161ajam gr\u016btniec\u012bbas form\u0101tam, ze\u0137ubikses nenokaras un neripo no v\u0113dera.<\/p><p>Lai ze\u0137ubikses ilgu laiku saglab\u0101tos veselas un skaistas, ir svar\u012bgi par t\u0101m r\u016bp\u0113ties. Lai saglab\u0101tu ko\u0161o kr\u0101su, formu un izskatu, mazg\u0101jiet ze\u0137ubikses vai nu:<\/p><ul><li>mazg\u0101t ar rok\u0101m ar maigu mazg\u0101\u0161anas l\u012bdzekli silt\u0101 \u016bden\u012b un noskalot ar aukstu \u016bdeni. Ze\u0137ubikses ieteicams nesagriezt.<\/li><li>ve\u013cas ma\u0161\u012bn\u0101, izmantojot maigu 30 gr\u0101du mazg\u0101\u0161anas programmu. \u0160eit svar\u012bgi b\u016btu ze\u0137ubikses ielikt speci\u0101l\u0101 ve\u013cas maisi\u0146\u0101, lai t\u0101s neizstieptos. Ja nav ve\u013cas maisa, varat izmantot, piem\u0113ram, spilvendr\u0101nu. Pareizi doz\u0113jiet ar\u012b mazg\u0101\u0161anas l\u012bdzek\u013cus. P\u0101r\u0101k daudz mazg\u0101\u0161anas l\u012bdzek\u013ca vai skalo\u0161anas l\u012bdzek\u013ca var atst\u0101t baltus plankumus uz ze\u0137biks\u0113m<\/li><\/ul>\t\t\t\t\t\t\t\t<\/div>\n\t\t\t\t<\/div>\n\t\t\t\t\t<\/div>\n\t\t<\/div>\n\t\t\t\t<div class=\"elementor-column elementor-col-50 elementor-top-column elementor-element elementor-element-8975397\" data-id=\"8975397\" data-element_type=\"column\" data-e-type=\"column\">\n\t\t\t<div class=\"elementor-widget-wrap elementor-element-populated\">\n\t\t\t\t\t\t<div class=\"elementor-element elementor-element-c9a73b3 elementor-widget elementor-widget-image\" data-id=\"c9a73b3\" data-element_type=\"widget\" data-e-type=\"widget\" data-widget_type=\"image.default\">\n\t\t\t\t<div class=\"elementor-widget-container\">\n\t\t\t\t\t\t\t\t\t\t\t\t\t\t\t<img fetchpriority=\"high\" decoding=\"async\" width=\"683\" height=\"1024\" src=\"https:\/\/beebipai.ee\/wp-content\/uploads\/2022\/06\/Gabriella-Mamma-100den1-683x1024.webp\" class=\"attachment-large size-large wp-image-4206\" alt=\"\" srcset=\"https:\/\/beebipai.ee\/wp-content\/uploads\/2022\/06\/Gabriella-Mamma-100den1-683x1024.webp 683w, https:\/\/beebipai.ee\/wp-content\/uploads\/2022\/06\/Gabriella-Mamma-100den1-e1654690591778-200x300.webp 200w, https:\/\/beebipai.ee\/wp-content\/uploads\/2022\/06\/Gabriella-Mamma-100den1-768x1152.webp 768w, https:\/\/beebipai.ee\/wp-content\/uploads\/2022\/06\/Gabriella-Mamma-100den1-e1654690591778-8x12.webp 8w, https:\/\/beebipai.ee\/wp-content\/uploads\/2022\/06\/Gabriella-Mamma-100den1-600x900.webp 600w, https:\/\/beebipai.ee\/wp-content\/uploads\/2022\/06\/Gabriella-Mamma-100den1-e1654690591778.webp 400w\" sizes=\"(max-width: 683px) 100vw, 683px\" \/>\t\t\t\t\t\t\t\t\t\t\t\t\t\t\t<\/div>\n\t\t\t\t<\/div>\n\t\t\t\t\t<\/div>\n\t\t<\/div>\n\t\t\t\t\t<\/div>\n\t\t<\/section>\n\t\t\t\t<\/div>","protected":false},"excerpt":{"rendered":"<p>Gabriellas gr\u016btnie\u010du ze\u0137ubikses lieliski piel\u0101gojas augo\u0161ajam v\u0113deram. Tie pied\u0101v\u0101 komfortu un vieglu valk\u0101\u0161anu gr\u016btniec\u012bbas laik\u0101. Vi\u0146i atbalsta v\u0113deru un muguru. Bag\u0101tin\u0101ts ar Aloe Vera ekstraktu.<\/p>","protected":false},"featured_media":4204,"template":"","meta":{"_monsterinsights_skip_tracking":false,"_monsterinsights_sitenote_active":false,"_monsterinsights_sitenote_note":"","_monsterinsights_sitenote_category":0,"site-sidebar-layout":"no-sidebar","site-content-layout":"page-builder","ast-site-content-layout":"default","site-content-style":"default","site-sidebar-style":"default","ast-global-header-display":"","ast-banner-title-visibility":"","ast-main-header-display":"","ast-hfb-above-header-display":"","ast-hfb-below-header-display":"","ast-hfb-mobile-header-display":"","site-post-title":"disabled","ast-breadcrumbs-content":"","ast-featured-img":"disabled","footer-sml-layout":"","ast-disable-related-posts":"","theme-transparent-header-meta":"default","adv-header-id-meta":"","stick-header-meta":"","header-above-stick-meta":"","header-main-stick-meta":"","header-below-stick-meta":"","astra-migrate-meta-layouts":"default","ast-page-background-enabled":"default","ast-page-background-meta":{"desktop":{"background-color":"","background-image":"","background-repeat":"repeat","background-position":"center center","background-size":"auto","background-attachment":"scroll","background-type":"","background-media":"","overlay-type":"","overlay-color":"","overlay-opacity":"","overlay-gradient":""},"tablet":{"background-color":"","background-image":"","background-repeat":"repeat","background-position":"center center","background-size":"auto","background-attachment":"scroll","background-type":"","background-media":"","overlay-type":"","overlay-color":"","overlay-opacity":"","overlay-gradient":""},"mobile":{"background-color":"","background-image":"","background-repeat":"repeat","background-position":"center center","background-size":"auto","background-attachment":"scroll","background-type":"","background-media":"","overlay-type":"","overlay-color":"","overlay-opacity":"","overlay-gradient":""}},"ast-content-background-meta":{"desktop":{"background-color":"var(--ast-global-color-5)","background-image":"","background-repeat":"repeat","background-position":"center center","background-size":"auto","background-attachment":"scroll","background-type":"","background-media":"","overlay-type":"","overlay-color":"","overlay-opacity":"","overlay-gradient":""},"tablet":{"background-color":"var(--ast-global-color-5)","background-image":"","background-repeat":"repeat","background-position":"center center","background-size":"auto","background-attachment":"scroll","background-type":"","background-media":"","overlay-type":"","overlay-color":"","overlay-opacity":"","overlay-gradient":""},"mobile":{"background-color":"var(--ast-global-color-5)","background-image":"","background-repeat":"repeat","background-position":"center center","background-size":"auto","background-attachment":"scroll","background-type":"","background-media":"","overlay-type":"","overlay-color":"","overlay-opacity":"","overlay-gradient":""}}},"product_brand":[],"product_cat":[22,130],"product_tag":[],"class_list":{"0":"post-4191","1":"product","2":"type-product","3":"status-publish","4":"has-post-thumbnail","6":"product_cat-emale","7":"product_cat-sukkpuksid-polvikud-sokid","8":"desktop-align-left","9":"tablet-align-left","10":"mobile-align-left","12":"first","13":"instock","14":"taxable","15":"shipping-taxable","16":"purchasable","17":"product-type-variable"},"yoast_head":"<!-- This site is optimized with the Yoast SEO plugin v27.4 - https:\/\/yoast.com\/product\/yoast-seo-wordpress\/ -->\n<title>Gabriella rasedate sukkp\u00fcksid Aloe Vera ekstraktiga, 100den - Beebipai<\/title>\n<meta name=\"description\" content=\"Gabriella rasedate sukkp\u00fcksid kohanevad kasvava k\u00f5huga. Toetavad k\u00f5htu ja selga. Vaata toodet Gabriella rasedate sukkp\u00fcksid Aloe Veraga!\" \/>\n<meta name=\"robots\" content=\"index, follow, max-snippet:-1, max-image-preview:large, max-video-preview:-1\" \/>\n<link rel=\"canonical\" href=\"https:\/\/beebipai.ee\/lv\/product\/gabriella-rasedate-sukkpuksid-aloe-vera-ekstraktiga-100den\/\" \/>\n<meta property=\"og:locale\" content=\"lv_LV\" \/>\n<meta property=\"og:type\" content=\"article\" \/>\n<meta property=\"og:title\" content=\"Gabriella rasedate sukkp\u00fcksid Aloe Vera ekstraktiga, 100den - Beebipai\" \/>\n<meta property=\"og:description\" content=\"Gabriella rasedate sukkp\u00fcksid kohanevad kasvava k\u00f5huga. Toetavad k\u00f5htu ja selga. Vaata toodet Gabriella rasedate sukkp\u00fcksid Aloe Veraga!\" \/>\n<meta property=\"og:url\" content=\"https:\/\/beebipai.ee\/lv\/product\/gabriella-rasedate-sukkpuksid-aloe-vera-ekstraktiga-100den\/\" \/>\n<meta property=\"og:site_name\" content=\"Beebipai\" \/>\n<meta property=\"article:modified_time\" content=\"2022-06-28T20:14:26+00:00\" \/>\n<meta property=\"og:image\" content=\"https:\/\/beebipai.ee\/wp-content\/uploads\/2022\/06\/Gabriella-Mamma-100den.jpg\" \/>\n\t<meta property=\"og:image:width\" content=\"902\" \/>\n\t<meta property=\"og:image:height\" content=\"1200\" \/>\n\t<meta property=\"og:image:type\" content=\"image\/jpeg\" \/>\n<meta name=\"twitter:card\" content=\"summary_large_image\" \/>\n<meta name=\"twitter:label1\" content=\"Est. reading time\" \/>\n\t<meta name=\"twitter:data1\" content=\"2 min\u016btes\" \/>\n<script type=\"application\/ld+json\" class=\"yoast-schema-graph\">{\"@context\":\"https:\\\/\\\/schema.org\",\"@graph\":[{\"@type\":\"WebPage\",\"@id\":\"https:\\\/\\\/beebipai.ee\\\/lv\\\/product\\\/gabriella-rasedate-sukkpuksid-aloe-vera-ekstraktiga-100den\\\/\",\"url\":\"https:\\\/\\\/beebipai.ee\\\/lv\\\/product\\\/gabriella-rasedate-sukkpuksid-aloe-vera-ekstraktiga-100den\\\/\",\"name\":\"Gabriella rasedate sukkp\u00fcksid Aloe Vera ekstraktiga, 100den - Beebipai\",\"isPartOf\":{\"@id\":\"https:\\\/\\\/beebipai.ee\\\/en\\\/#website\"},\"primaryImageOfPage\":{\"@id\":\"https:\\\/\\\/beebipai.ee\\\/lv\\\/product\\\/gabriella-rasedate-sukkpuksid-aloe-vera-ekstraktiga-100den\\\/#primaryimage\"},\"image\":{\"@id\":\"https:\\\/\\\/beebipai.ee\\\/lv\\\/product\\\/gabriella-rasedate-sukkpuksid-aloe-vera-ekstraktiga-100den\\\/#primaryimage\"},\"thumbnailUrl\":\"https:\\\/\\\/beebipai.ee\\\/wp-content\\\/uploads\\\/2022\\\/06\\\/Gabriella-Mamma-100den.jpg\",\"datePublished\":\"2022-06-08T12:12:08+00:00\",\"dateModified\":\"2022-06-28T20:14:26+00:00\",\"description\":\"Gabriella rasedate sukkp\u00fcksid kohanevad kasvava k\u00f5huga. Toetavad k\u00f5htu ja selga. Vaata toodet Gabriella rasedate sukkp\u00fcksid Aloe Veraga!\",\"breadcrumb\":{\"@id\":\"https:\\\/\\\/beebipai.ee\\\/lv\\\/product\\\/gabriella-rasedate-sukkpuksid-aloe-vera-ekstraktiga-100den\\\/#breadcrumb\"},\"inLanguage\":\"lv-LV\",\"potentialAction\":[{\"@type\":\"ReadAction\",\"target\":[\"https:\\\/\\\/beebipai.ee\\\/lv\\\/product\\\/gabriella-rasedate-sukkpuksid-aloe-vera-ekstraktiga-100den\\\/\"]}]},{\"@type\":\"ImageObject\",\"inLanguage\":\"lv-LV\",\"@id\":\"https:\\\/\\\/beebipai.ee\\\/lv\\\/product\\\/gabriella-rasedate-sukkpuksid-aloe-vera-ekstraktiga-100den\\\/#primaryimage\",\"url\":\"https:\\\/\\\/beebipai.ee\\\/wp-content\\\/uploads\\\/2022\\\/06\\\/Gabriella-Mamma-100den.jpg\",\"contentUrl\":\"https:\\\/\\\/beebipai.ee\\\/wp-content\\\/uploads\\\/2022\\\/06\\\/Gabriella-Mamma-100den.jpg\",\"width\":902,\"height\":1200},{\"@type\":\"BreadcrumbList\",\"@id\":\"https:\\\/\\\/beebipai.ee\\\/lv\\\/product\\\/gabriella-rasedate-sukkpuksid-aloe-vera-ekstraktiga-100den\\\/#breadcrumb\",\"itemListElement\":[{\"@type\":\"ListItem\",\"position\":1,\"name\":\"Home\",\"item\":\"https:\\\/\\\/beebipai.ee\\\/\"},{\"@type\":\"ListItem\",\"position\":2,\"name\":\"Pood\",\"item\":\"https:\\\/\\\/beebipai.ee\\\/store\\\/\"},{\"@type\":\"ListItem\",\"position\":3,\"name\":\"Gabriella rasedate sukkp\u00fcksid Aloe Vera ekstraktiga, 100den\"}]},{\"@type\":\"WebSite\",\"@id\":\"https:\\\/\\\/beebipai.ee\\\/en\\\/#website\",\"url\":\"https:\\\/\\\/beebipai.ee\\\/en\\\/\",\"name\":\"Beebipai\",\"description\":\"Rasedate ja beebide veebipood\",\"potentialAction\":[{\"@type\":\"SearchAction\",\"target\":{\"@type\":\"EntryPoint\",\"urlTemplate\":\"https:\\\/\\\/beebipai.ee\\\/en\\\/?s={search_term_string}\"},\"query-input\":{\"@type\":\"PropertyValueSpecification\",\"valueRequired\":true,\"valueName\":\"search_term_string\"}}],\"inLanguage\":\"lv-LV\"}]}<\/script>\n<!-- \/ Yoast SEO plugin. -->","yoast_head_json":{"title":"Gabriella rasedate sukkp\u00fcksid Aloe Vera ekstraktiga, 100den - Beebipai","description":"Gabriella rasedate sukkp\u00fcksid kohanevad kasvava k\u00f5huga. Toetavad k\u00f5htu ja selga. Vaata toodet Gabriella rasedate sukkp\u00fcksid Aloe Veraga!","robots":{"index":"index","follow":"follow","max-snippet":"max-snippet:-1","max-image-preview":"max-image-preview:large","max-video-preview":"max-video-preview:-1"},"canonical":"https:\/\/beebipai.ee\/lv\/product\/gabriella-rasedate-sukkpuksid-aloe-vera-ekstraktiga-100den\/","og_locale":"lv_LV","og_type":"article","og_title":"Gabriella rasedate sukkp\u00fcksid Aloe Vera ekstraktiga, 100den - Beebipai","og_description":"Gabriella rasedate sukkp\u00fcksid kohanevad kasvava k\u00f5huga. Toetavad k\u00f5htu ja selga. Vaata toodet Gabriella rasedate sukkp\u00fcksid Aloe Veraga!","og_url":"https:\/\/beebipai.ee\/lv\/product\/gabriella-rasedate-sukkpuksid-aloe-vera-ekstraktiga-100den\/","og_site_name":"Beebipai","article_modified_time":"2022-06-28T20:14:26+00:00","og_image":[{"width":902,"height":1200,"url":"https:\/\/beebipai.ee\/wp-content\/uploads\/2022\/06\/Gabriella-Mamma-100den.jpg","type":"image\/jpeg"}],"twitter_card":"summary_large_image","twitter_misc":{"Est. reading time":"2 min\u016btes"},"schema":{"@context":"https:\/\/schema.org","@graph":[{"@type":"WebPage","@id":"https:\/\/beebipai.ee\/lv\/product\/gabriella-rasedate-sukkpuksid-aloe-vera-ekstraktiga-100den\/","url":"https:\/\/beebipai.ee\/lv\/product\/gabriella-rasedate-sukkpuksid-aloe-vera-ekstraktiga-100den\/","name":"Gabriella rasedate sukkp\u00fcksid Aloe Vera ekstraktiga, 100den - Beebipai","isPartOf":{"@id":"https:\/\/beebipai.ee\/en\/#website"},"primaryImageOfPage":{"@id":"https:\/\/beebipai.ee\/lv\/product\/gabriella-rasedate-sukkpuksid-aloe-vera-ekstraktiga-100den\/#primaryimage"},"image":{"@id":"https:\/\/beebipai.ee\/lv\/product\/gabriella-rasedate-sukkpuksid-aloe-vera-ekstraktiga-100den\/#primaryimage"},"thumbnailUrl":"https:\/\/beebipai.ee\/wp-content\/uploads\/2022\/06\/Gabriella-Mamma-100den.jpg","datePublished":"2022-06-08T12:12:08+00:00","dateModified":"2022-06-28T20:14:26+00:00","description":"Gabriella rasedate sukkp\u00fcksid kohanevad kasvava k\u00f5huga. Toetavad k\u00f5htu ja selga. Vaata toodet Gabriella rasedate sukkp\u00fcksid Aloe Veraga!","breadcrumb":{"@id":"https:\/\/beebipai.ee\/lv\/product\/gabriella-rasedate-sukkpuksid-aloe-vera-ekstraktiga-100den\/#breadcrumb"},"inLanguage":"lv-LV","potentialAction":[{"@type":"ReadAction","target":["https:\/\/beebipai.ee\/lv\/product\/gabriella-rasedate-sukkpuksid-aloe-vera-ekstraktiga-100den\/"]}]},{"@type":"ImageObject","inLanguage":"lv-LV","@id":"https:\/\/beebipai.ee\/lv\/product\/gabriella-rasedate-sukkpuksid-aloe-vera-ekstraktiga-100den\/#primaryimage","url":"https:\/\/beebipai.ee\/wp-content\/uploads\/2022\/06\/Gabriella-Mamma-100den.jpg","contentUrl":"https:\/\/beebipai.ee\/wp-content\/uploads\/2022\/06\/Gabriella-Mamma-100den.jpg","width":902,"height":1200},{"@type":"BreadcrumbList","@id":"https:\/\/beebipai.ee\/lv\/product\/gabriella-rasedate-sukkpuksid-aloe-vera-ekstraktiga-100den\/#breadcrumb","itemListElement":[{"@type":"ListItem","position":1,"name":"Home","item":"https:\/\/beebipai.ee\/"},{"@type":"ListItem","position":2,"name":"Pood","item":"https:\/\/beebipai.ee\/store\/"},{"@type":"ListItem","position":3,"name":"Gabriella rasedate sukkp\u00fcksid Aloe Vera ekstraktiga, 100den"}]},{"@type":"WebSite","@id":"https:\/\/beebipai.ee\/en\/#website","url":"https:\/\/beebipai.ee\/en\/","name":"Beebipai","description":"Rasedate ja beebide veebipood","potentialAction":[{"@type":"SearchAction","target":{"@type":"EntryPoint","urlTemplate":"https:\/\/beebipai.ee\/en\/?s={search_term_string}"},"query-input":{"@type":"PropertyValueSpecification","valueRequired":true,"valueName":"search_term_string"}}],"inLanguage":"lv-LV"}]}},"_links":{"self":[{"href":"https:\/\/beebipai.ee\/lv\/wp-json\/wp\/v2\/product\/4191","targetHints":{"allow":["GET"]}}],"collection":[{"href":"https:\/\/beebipai.ee\/lv\/wp-json\/wp\/v2\/product"}],"about":[{"href":"https:\/\/beebipai.ee\/lv\/wp-json\/wp\/v2\/types\/product"}],"version-history":[{"count":5,"href":"https:\/\/beebipai.ee\/lv\/wp-json\/wp\/v2\/product\/4191\/revisions"}],"predecessor-version":[{"id":5044,"href":"https:\/\/beebipai.ee\/lv\/wp-json\/wp\/v2\/product\/4191\/revisions\/5044"}],"wp:featuredmedia":[{"embeddable":true,"href":"https:\/\/beebipai.ee\/lv\/wp-json\/wp\/v2\/media\/4204"}],"wp:attachment":[{"href":"https:\/\/beebipai.ee\/lv\/wp-json\/wp\/v2\/media?parent=4191"}],"wp:term":[{"taxonomy":"product_brand","embeddable":true,"href":"https:\/\/beebipai.ee\/lv\/wp-json\/wp\/v2\/product_brand?post=4191"},{"taxonomy":"product_cat","embeddable":true,"href":"https:\/\/beebipai.ee\/lv\/wp-json\/wp\/v2\/product_cat?post=4191"},{"taxonomy":"product_tag","embeddable":true,"href":"https:\/\/beebipai.ee\/lv\/wp-json\/wp\/v2\/product_tag?post=4191"}],"curies":[{"name":"wp","href":"https:\/\/api.w.org\/{rel}","templated":true}]}}