{"id":4095,"date":"2022-06-07T10:31:56","date_gmt":"2022-06-07T07:31:56","guid":{"rendered":"https:\/\/beebipai.ee\/?post_type=product&#038;p=4095"},"modified":"2025-04-28T13:21:16","modified_gmt":"2025-04-28T10:21:16","slug":"neobulle-bambusest-kandelina-0-12-kuud","status":"publish","type":"product","link":"https:\/\/beebipai.ee\/lv\/product\/neobulle-bambusest-kandelina-0-12-kuud\/","title":{"rendered":"Neobulle bambusa sve\u010dturi, 0-12 m\u0113ne\u0161i"},"content":{"rendered":"<div data-elementor-type=\"wp-post\" data-elementor-id=\"4095\" class=\"elementor elementor-4095\">\n\t\t\t\t\t\t<section class=\"elementor-section elementor-top-section elementor-element elementor-element-81c1288 elementor-section-boxed elementor-section-height-default elementor-section-height-default\" data-id=\"81c1288\" data-element_type=\"section\" data-e-type=\"section\">\n\t\t\t\t\t\t<div class=\"elementor-container elementor-column-gap-default\">\n\t\t\t\t\t<div class=\"elementor-column elementor-col-50 elementor-top-column elementor-element elementor-element-21107bb\" data-id=\"21107bb\" data-element_type=\"column\" data-e-type=\"column\">\n\t\t\t<div class=\"elementor-widget-wrap elementor-element-populated\">\n\t\t\t\t\t\t<div class=\"elementor-element elementor-element-b9a71b4 elementor-widget elementor-widget-heading\" data-id=\"b9a71b4\" data-element_type=\"widget\" data-e-type=\"widget\" data-widget_type=\"heading.default\">\n\t\t\t\t<div class=\"elementor-widget-container\">\n\t\t\t\t\t<h2 class=\"elementor-heading-title elementor-size-default\">Neobulle bambusa sve\u010dturi<\/h2>\t\t\t\t<\/div>\n\t\t\t\t<\/div>\n\t\t\t\t<div class=\"elementor-element elementor-element-c6df10e elementor-widget elementor-widget-text-editor\" data-id=\"c6df10e\" data-element_type=\"widget\" data-e-type=\"widget\" data-widget_type=\"text-editor.default\">\n\t\t\t\t<div class=\"elementor-widget-container\">\n\t\t\t\t\t\t\t\t\t<p>Vesel\u012bbas apr\u016bpes speci\u0101listu atz\u012btais bambusa \u0161\u016bpulis ir \u0113rts un dro\u0161s gan valk\u0101t\u0101jam, gan mazulim. Sve\u010dturi atbalsta b\u0113rna fiziolo\u0123isko st\u0101vokli, tie ir vispaz\u012bstam\u0101kie intrauter\u012bn\u0101 dz\u012bv\u0113. \u013bauj b\u0113rnam pak\u0101peniski piel\u0101goties jaunai un pavisam citai dz\u012bvei un pied\u0101v\u0101 aizsardz\u012bbu pret straujiem inform\u0101cijas pl\u016bdiem. Kandel\u012bnas b\u0113rni ir mier\u012bg\u0101ki, maz\u0101k raud un lab\u0101k tiek gal\u0101 ar jaunu pieredzi. T\u0101pat atra\u0161an\u0101s m\u012b\u013cot\u0101 rok\u0101s sniedz mierin\u0101jumu gr\u016btos br\u012b\u017eos, piem\u0113ram, g\u0101zu s\u0101pju period\u0101. Nov\u0113rota sve\u010dturu b\u0113rnu \u0101tr\u0101ka patst\u0101v\u012bba, liel\u0101ka uztic\u0113\u0161an\u0101s un pa\u0161apzi\u0146a. Liel\u0101ka uztic\u0113\u0161an\u0101s sev un apk\u0101rt\u0113jam pal\u012bdz\u0113s b\u0113rnam turpm\u0101k drosm\u012bgi un atkl\u0101ti atk\u0101pties no vec\u0101kiem.\u00a0<\/p><p>Sve\u010dturis nodro\u0161ina cie\u0161u kontaktu starp b\u0113rnu un m\u012b\u013coto, nodro\u0161ina emocion\u0101lu saikni, tuv\u012bbu un dro\u0161\u012bbas saj\u016btu.\u00a0<\/p>\t\t\t\t\t\t\t\t<\/div>\n\t\t\t\t<\/div>\n\t\t\t\t\t<\/div>\n\t\t<\/div>\n\t\t\t\t<div class=\"elementor-column elementor-col-50 elementor-top-column elementor-element elementor-element-1a8ed97\" data-id=\"1a8ed97\" data-element_type=\"column\" data-e-type=\"column\">\n\t\t\t<div class=\"elementor-widget-wrap elementor-element-populated\">\n\t\t\t\t\t\t<div class=\"elementor-element elementor-element-db8ef04 elementor-widget elementor-widget-image\" data-id=\"db8ef04\" data-element_type=\"widget\" data-e-type=\"widget\" data-widget_type=\"image.default\">\n\t\t\t\t<div class=\"elementor-widget-container\">\n\t\t\t\t\t\t\t\t\t\t\t\t\t\t\t<img fetchpriority=\"high\" decoding=\"async\" width=\"768\" height=\"768\" src=\"https:\/\/beebipai.ee\/wp-content\/uploads\/2022\/06\/Neobulle-bambusest-kandelina7-768x768.jpg\" class=\"attachment-medium_large size-medium_large wp-image-4106\" alt=\"\" srcset=\"https:\/\/beebipai.ee\/wp-content\/uploads\/2022\/06\/Neobulle-bambusest-kandelina7-768x768.jpg 768w, https:\/\/beebipai.ee\/wp-content\/uploads\/2022\/06\/Neobulle-bambusest-kandelina7-scaled-e1654587391948-300x300.jpg 300w, https:\/\/beebipai.ee\/wp-content\/uploads\/2022\/06\/Neobulle-bambusest-kandelina7-1024x1024.jpg 1024w, https:\/\/beebipai.ee\/wp-content\/uploads\/2022\/06\/Neobulle-bambusest-kandelina7-scaled-e1654587391948-150x150.jpg 150w, https:\/\/beebipai.ee\/wp-content\/uploads\/2022\/06\/Neobulle-bambusest-kandelina7-1536x1536.jpg 1536w, https:\/\/beebipai.ee\/wp-content\/uploads\/2022\/06\/Neobulle-bambusest-kandelina7-2048x2048.jpg 2048w, https:\/\/beebipai.ee\/wp-content\/uploads\/2022\/06\/Neobulle-bambusest-kandelina7-scaled-e1654587391948-12x12.jpg 12w, https:\/\/beebipai.ee\/wp-content\/uploads\/2022\/06\/Neobulle-bambusest-kandelina7-600x600.jpg 600w, https:\/\/beebipai.ee\/wp-content\/uploads\/2022\/06\/Neobulle-bambusest-kandelina7-scaled-e1654587391948-100x100.jpg 100w, https:\/\/beebipai.ee\/wp-content\/uploads\/2022\/06\/Neobulle-bambusest-kandelina7-scaled-e1654587391948.jpg 400w\" sizes=\"(max-width: 768px) 100vw, 768px\" \/>\t\t\t\t\t\t\t\t\t\t\t\t\t\t\t<\/div>\n\t\t\t\t<\/div>\n\t\t\t\t\t<\/div>\n\t\t<\/div>\n\t\t\t\t\t<\/div>\n\t\t<\/section>\n\t\t\t\t<section class=\"elementor-section elementor-top-section elementor-element elementor-element-d4b8bde elementor-section-boxed elementor-section-height-default elementor-section-height-default\" data-id=\"d4b8bde\" data-element_type=\"section\" data-e-type=\"section\">\n\t\t\t\t\t\t<div class=\"elementor-container elementor-column-gap-default\">\n\t\t\t\t\t<div class=\"elementor-column elementor-col-50 elementor-top-column elementor-element elementor-element-21c02ec\" data-id=\"21c02ec\" data-element_type=\"column\" data-e-type=\"column\">\n\t\t\t<div class=\"elementor-widget-wrap elementor-element-populated\">\n\t\t\t\t\t\t<div class=\"elementor-element elementor-element-1a525db elementor-widget elementor-widget-text-editor\" data-id=\"1a525db\" data-element_type=\"widget\" data-e-type=\"widget\" data-widget_type=\"text-editor.default\">\n\t\t\t\t<div class=\"elementor-widget-container\">\n\t\t\t\t\t\t\t\t\t<p>Neobulle bambusa \u0161\u016bpulis lieliski atbalsta b\u0113rna un valk\u0101t\u0101ja st\u0101vokli, uztur cie\u0161u kontaktu viens ar otru, neizstiepjas un ir ergonomisks. Piem\u0113rots b\u0113rna n\u0113s\u0101\u0161anai uz v\u0113dera vai gurniem. Sve\u010dturi ir viegli pievilkt un regul\u0113t. T\u0101pat b\u0113rnu var iz\u0146emt no palaga un vair\u0101kas reizes nolikt atpaka\u013c, palagu v\u0113lreiz nesasienot. Bambusa lielisk\u0101s termoregul\u0101cijas \u012bpa\u0161\u012bbas \u013cauj ve\u013cu izmantot pat karst\u0101s vasaras dien\u0101s. Bambusa palags atbalsta b\u0113rna fiziolo\u0123isko vardes st\u0101vokli, nodro\u0161inot b\u0113rna vecumam atbilsto\u0161u att\u012bst\u012bbu.\u00a0<\/p><p>Sve\u010dturis ir ar\u012b ergonomisks valk\u0101t\u0101ja mugurai, to nenogurdinot un neapgr\u016btinot. \"Hands free\" bambusa palags pied\u0101v\u0101 liel\u0101ku kust\u012bbu br\u012bv\u012bbu un darb\u012bbas prieku, vienlaikus turot mazuli sev tuvu. \u0112rti lietojams, p\u0101rvietojoties un ce\u013cojot. Pateicoties vieglumam un kompaktumam, to ir \u0113rti pa\u0146emt l\u012bdzi visur.\u00a0<\/p><p>Ide\u0101li piem\u0113rots lieto\u0161anai b\u0113rna pirmaj\u0101 dz\u012bves gad\u0101. P\u0113c pa\u0161as ve\u013cas ietilp\u012bbas, ve\u013c\u0101 var n\u0113s\u0101t b\u0113rnu, kas sver l\u012bdz 12 kg. Bet, kad vi\u0146i nolai\u017eas, s\u012bkie cilv\u0113ki liel\u0101koties dod priek\u0161roku izp\u0113t\u012bt pasauli uz sav\u0101m div\u0101m \u0101traj\u0101m k\u0101j\u0101m \ud83d\ude42<\/p>\t\t\t\t\t\t\t\t<\/div>\n\t\t\t\t<\/div>\n\t\t\t\t\t<\/div>\n\t\t<\/div>\n\t\t\t\t<div class=\"elementor-column elementor-col-50 elementor-top-column elementor-element elementor-element-b7ec7e8\" data-id=\"b7ec7e8\" data-element_type=\"column\" data-e-type=\"column\">\n\t\t\t<div class=\"elementor-widget-wrap elementor-element-populated\">\n\t\t\t\t\t\t<div class=\"elementor-element elementor-element-32e6ce2 elementor-widget elementor-widget-image\" data-id=\"32e6ce2\" data-element_type=\"widget\" data-e-type=\"widget\" data-widget_type=\"image.default\">\n\t\t\t\t<div class=\"elementor-widget-container\">\n\t\t\t\t\t\t\t\t\t\t\t\t\t\t\t<img decoding=\"async\" width=\"768\" height=\"768\" src=\"https:\/\/beebipai.ee\/wp-content\/uploads\/2022\/06\/Neobulle-bambusest-kandelina6-768x768.jpg\" class=\"attachment-medium_large size-medium_large wp-image-4105\" alt=\"\" srcset=\"https:\/\/beebipai.ee\/wp-content\/uploads\/2022\/06\/Neobulle-bambusest-kandelina6-768x768.jpg 768w, https:\/\/beebipai.ee\/wp-content\/uploads\/2022\/06\/Neobulle-bambusest-kandelina6-scaled-e1654588495570-300x300.jpg 300w, https:\/\/beebipai.ee\/wp-content\/uploads\/2022\/06\/Neobulle-bambusest-kandelina6-1024x1024.jpg 1024w, https:\/\/beebipai.ee\/wp-content\/uploads\/2022\/06\/Neobulle-bambusest-kandelina6-scaled-e1654588495570-150x150.jpg 150w, https:\/\/beebipai.ee\/wp-content\/uploads\/2022\/06\/Neobulle-bambusest-kandelina6-1536x1536.jpg 1536w, https:\/\/beebipai.ee\/wp-content\/uploads\/2022\/06\/Neobulle-bambusest-kandelina6-2048x2048.jpg 2048w, https:\/\/beebipai.ee\/wp-content\/uploads\/2022\/06\/Neobulle-bambusest-kandelina6-scaled-e1654588495570-12x12.jpg 12w, https:\/\/beebipai.ee\/wp-content\/uploads\/2022\/06\/Neobulle-bambusest-kandelina6-600x600.jpg 600w, https:\/\/beebipai.ee\/wp-content\/uploads\/2022\/06\/Neobulle-bambusest-kandelina6-scaled-e1654588495570-100x100.jpg 100w, https:\/\/beebipai.ee\/wp-content\/uploads\/2022\/06\/Neobulle-bambusest-kandelina6-scaled-e1654588495570.jpg 400w\" sizes=\"(max-width: 768px) 100vw, 768px\" \/>\t\t\t\t\t\t\t\t\t\t\t\t\t\t\t<\/div>\n\t\t\t\t<\/div>\n\t\t\t\t\t<\/div>\n\t\t<\/div>\n\t\t\t\t\t<\/div>\n\t\t<\/section>\n\t\t\t\t<section class=\"elementor-section elementor-top-section elementor-element elementor-element-4ffea80 elementor-section-boxed elementor-section-height-default elementor-section-height-default\" data-id=\"4ffea80\" data-element_type=\"section\" data-e-type=\"section\">\n\t\t\t\t\t\t<div class=\"elementor-container elementor-column-gap-default\">\n\t\t\t\t\t<div class=\"elementor-column elementor-col-100 elementor-top-column elementor-element elementor-element-ae2bdb3\" data-id=\"ae2bdb3\" data-element_type=\"column\" data-e-type=\"column\">\n\t\t\t<div class=\"elementor-widget-wrap elementor-element-populated\">\n\t\t\t\t\t\t<div class=\"elementor-element elementor-element-de58937 elementor-widget elementor-widget-video\" data-id=\"de58937\" data-element_type=\"widget\" data-e-type=\"widget\" data-settings=\"{&quot;youtube_url&quot;:&quot;https:\\\/\\\/www.youtube.com\\\/watch?v=rhwGEJ6lEbs&quot;,&quot;video_type&quot;:&quot;youtube&quot;,&quot;controls&quot;:&quot;yes&quot;}\" data-widget_type=\"video.default\">\n\t\t\t\t<div class=\"elementor-widget-container\">\n\t\t\t\t\t\t\t<div class=\"elementor-wrapper elementor-open-inline\">\n\t\t\t<div class=\"elementor-video\"><\/div>\t\t<\/div>\n\t\t\t\t\t\t<\/div>\n\t\t\t\t<\/div>\n\t\t\t\t\t<\/div>\n\t\t<\/div>\n\t\t\t\t\t<\/div>\n\t\t<\/section>\n\t\t\t\t<\/div>","protected":false},"excerpt":{"rendered":"<p>Neobulle bambusa sve\u010dturi ir lieliski piem\u0113roti j\u016bsu mazu\u013ca pirmajam dz\u012bves gadam. Nodro\u0161ina dro\u0161\u012bbu un tuvumu mazulim un sniedz valk\u0101t\u0101jam kust\u012bbu br\u012bv\u012bbu. Atbalsta cie\u0161as saiknes veido\u0161anos starp vec\u0101ku un b\u0113rnu. Bambuss ir neticami m\u012bksts, bet atbalsto\u0161s, nodro\u0161inot komfortu gan valk\u0101t\u0101jam, gan b\u0113rnam.<\/p>\n<p>Univers\u0101ls izm\u0113rs: 4, 80m<\/p>","protected":false},"featured_media":10415,"template":"","meta":{"_monsterinsights_skip_tracking":false,"_monsterinsights_sitenote_active":false,"_monsterinsights_sitenote_note":"","_monsterinsights_sitenote_category":0,"site-sidebar-layout":"no-sidebar","site-content-layout":"page-builder","ast-site-content-layout":"full-width-container","site-content-style":"unboxed","site-sidebar-style":"unboxed","ast-global-header-display":"","ast-banner-title-visibility":"","ast-main-header-display":"","ast-hfb-above-header-display":"","ast-hfb-below-header-display":"","ast-hfb-mobile-header-display":"","site-post-title":"disabled","ast-breadcrumbs-content":"","ast-featured-img":"disabled","footer-sml-layout":"","ast-disable-related-posts":"","theme-transparent-header-meta":"default","adv-header-id-meta":"","stick-header-meta":"","header-above-stick-meta":"","header-main-stick-meta":"","header-below-stick-meta":"","astra-migrate-meta-layouts":"set","ast-page-background-enabled":"default","ast-page-background-meta":{"desktop":{"background-color":"","background-image":"","background-repeat":"repeat","background-position":"center center","background-size":"auto","background-attachment":"scroll","background-type":"","background-media":"","overlay-type":"","overlay-color":"","overlay-opacity":"","overlay-gradient":""},"tablet":{"background-color":"","background-image":"","background-repeat":"repeat","background-position":"center center","background-size":"auto","background-attachment":"scroll","background-type":"","background-media":"","overlay-type":"","overlay-color":"","overlay-opacity":"","overlay-gradient":""},"mobile":{"background-color":"","background-image":"","background-repeat":"repeat","background-position":"center center","background-size":"auto","background-attachment":"scroll","background-type":"","background-media":"","overlay-type":"","overlay-color":"","overlay-opacity":"","overlay-gradient":""}},"ast-content-background-meta":{"desktop":{"background-color":"var(--ast-global-color-5)","background-image":"","background-repeat":"repeat","background-position":"center center","background-size":"auto","background-attachment":"scroll","background-type":"","background-media":"","overlay-type":"","overlay-color":"","overlay-opacity":"","overlay-gradient":""},"tablet":{"background-color":"var(--ast-global-color-5)","background-image":"","background-repeat":"repeat","background-position":"center center","background-size":"auto","background-attachment":"scroll","background-type":"","background-media":"","overlay-type":"","overlay-color":"","overlay-opacity":"","overlay-gradient":""},"mobile":{"background-color":"var(--ast-global-color-5)","background-image":"","background-repeat":"repeat","background-position":"center center","background-size":"auto","background-attachment":"scroll","background-type":"","background-media":"","overlay-type":"","overlay-color":"","overlay-opacity":"","overlay-gradient":""}}},"product_brand":[],"product_cat":[23,98,147,148],"product_tag":[],"class_list":{"0":"post-4095","1":"product","2":"type-product","3":"status-publish","4":"has-post-thumbnail","6":"product_cat-beebile","7":"product_cat-kandekotid","8":"product_cat-kingiideed-beebile","9":"product_cat-kingiideed-emale","10":"desktop-align-left","11":"tablet-align-left","12":"mobile-align-left","14":"first","15":"instock","16":"taxable","17":"shipping-taxable","18":"purchasable","19":"product-type-variable"},"yoast_head":"<!-- This site is optimized with the Yoast SEO plugin v27.4 - https:\/\/yoast.com\/product\/yoast-seo-wordpress\/ -->\n<title>Neobulle bambusest kandelina, 0-12 kuud - Beebipai<\/title>\n<meta name=\"description\" content=\"Neobulle bambusest kandelina on ideaalne beebi esimeseks eluaastaks. Pakub beebile turvalisust ja l\u00e4hedust. Vaata toodet Neobulle bambusest kandelina!\" \/>\n<meta name=\"robots\" content=\"index, follow, max-snippet:-1, max-image-preview:large, max-video-preview:-1\" \/>\n<link rel=\"canonical\" href=\"https:\/\/beebipai.ee\/lv\/product\/neobulle-bambusest-kandelina-0-12-kuud\/\" \/>\n<meta property=\"og:locale\" content=\"lv_LV\" \/>\n<meta property=\"og:type\" content=\"article\" \/>\n<meta property=\"og:title\" content=\"Neobulle bambusest kandelina, 0-12 kuud - Beebipai\" \/>\n<meta property=\"og:description\" content=\"Neobulle bambusest kandelina on ideaalne beebi esimeseks eluaastaks. Pakub beebile turvalisust ja l\u00e4hedust. Vaata toodet Neobulle bambusest kandelina!\" \/>\n<meta property=\"og:url\" content=\"https:\/\/beebipai.ee\/lv\/product\/neobulle-bambusest-kandelina-0-12-kuud\/\" \/>\n<meta property=\"og:site_name\" content=\"Beebipai\" \/>\n<meta property=\"article:modified_time\" content=\"2025-04-28T10:21:16+00:00\" \/>\n<meta property=\"og:image\" content=\"https:\/\/beebipai.ee\/wp-content\/uploads\/2022\/06\/Neobulle-bambusest-kandelina-22-e1711569678937.jpg\" \/>\n\t<meta property=\"og:image:width\" content=\"500\" \/>\n\t<meta property=\"og:image:height\" content=\"500\" \/>\n\t<meta property=\"og:image:type\" content=\"image\/jpeg\" \/>\n<meta name=\"twitter:card\" content=\"summary_large_image\" \/>\n<meta name=\"twitter:label1\" content=\"Est. reading time\" \/>\n\t<meta name=\"twitter:data1\" content=\"2 min\u016btes\" \/>\n<script type=\"application\/ld+json\" class=\"yoast-schema-graph\">{\"@context\":\"https:\\\/\\\/schema.org\",\"@graph\":[{\"@type\":\"WebPage\",\"@id\":\"https:\\\/\\\/beebipai.ee\\\/product\\\/neobulle-bambusest-kandelina-0-12-kuud\\\/\",\"url\":\"https:\\\/\\\/beebipai.ee\\\/product\\\/neobulle-bambusest-kandelina-0-12-kuud\\\/\",\"name\":\"Neobulle bambusest kandelina, 0-12 kuud - Beebipai\",\"isPartOf\":{\"@id\":\"https:\\\/\\\/beebipai.ee\\\/en\\\/#website\"},\"primaryImageOfPage\":{\"@id\":\"https:\\\/\\\/beebipai.ee\\\/product\\\/neobulle-bambusest-kandelina-0-12-kuud\\\/#primaryimage\"},\"image\":{\"@id\":\"https:\\\/\\\/beebipai.ee\\\/product\\\/neobulle-bambusest-kandelina-0-12-kuud\\\/#primaryimage\"},\"thumbnailUrl\":\"https:\\\/\\\/beebipai.ee\\\/wp-content\\\/uploads\\\/2022\\\/06\\\/Neobulle-bambusest-kandelina-22-e1711569678937.jpg\",\"datePublished\":\"2022-06-07T07:31:56+00:00\",\"dateModified\":\"2025-04-28T10:21:16+00:00\",\"description\":\"Neobulle bambusest kandelina on ideaalne beebi esimeseks eluaastaks. Pakub beebile turvalisust ja l\u00e4hedust. Vaata toodet Neobulle bambusest kandelina!\",\"breadcrumb\":{\"@id\":\"https:\\\/\\\/beebipai.ee\\\/product\\\/neobulle-bambusest-kandelina-0-12-kuud\\\/#breadcrumb\"},\"inLanguage\":\"lv-LV\",\"potentialAction\":[{\"@type\":\"ReadAction\",\"target\":[\"https:\\\/\\\/beebipai.ee\\\/product\\\/neobulle-bambusest-kandelina-0-12-kuud\\\/\"]}]},{\"@type\":\"ImageObject\",\"inLanguage\":\"lv-LV\",\"@id\":\"https:\\\/\\\/beebipai.ee\\\/product\\\/neobulle-bambusest-kandelina-0-12-kuud\\\/#primaryimage\",\"url\":\"https:\\\/\\\/beebipai.ee\\\/wp-content\\\/uploads\\\/2022\\\/06\\\/Neobulle-bambusest-kandelina-22-e1711569678937.jpg\",\"contentUrl\":\"https:\\\/\\\/beebipai.ee\\\/wp-content\\\/uploads\\\/2022\\\/06\\\/Neobulle-bambusest-kandelina-22-e1711569678937.jpg\",\"width\":500,\"height\":500},{\"@type\":\"BreadcrumbList\",\"@id\":\"https:\\\/\\\/beebipai.ee\\\/product\\\/neobulle-bambusest-kandelina-0-12-kuud\\\/#breadcrumb\",\"itemListElement\":[{\"@type\":\"ListItem\",\"position\":1,\"name\":\"Home\",\"item\":\"https:\\\/\\\/beebipai.ee\\\/\"},{\"@type\":\"ListItem\",\"position\":2,\"name\":\"Pood\",\"item\":\"https:\\\/\\\/beebipai.ee\\\/store\\\/\"},{\"@type\":\"ListItem\",\"position\":3,\"name\":\"Neobulle bambusest kandelina, 0-12 kuud\"}]},{\"@type\":\"WebSite\",\"@id\":\"https:\\\/\\\/beebipai.ee\\\/en\\\/#website\",\"url\":\"https:\\\/\\\/beebipai.ee\\\/en\\\/\",\"name\":\"Beebipai\",\"description\":\"Rasedate ja beebide veebipood\",\"potentialAction\":[{\"@type\":\"SearchAction\",\"target\":{\"@type\":\"EntryPoint\",\"urlTemplate\":\"https:\\\/\\\/beebipai.ee\\\/en\\\/?s={search_term_string}\"},\"query-input\":{\"@type\":\"PropertyValueSpecification\",\"valueRequired\":true,\"valueName\":\"search_term_string\"}}],\"inLanguage\":\"lv-LV\"}]}<\/script>\n<!-- \/ Yoast SEO plugin. -->","yoast_head_json":{"title":"Neobulle bambusest kandelina, 0-12 kuud - Beebipai","description":"Neobulle bambusest kandelina on ideaalne beebi esimeseks eluaastaks. Pakub beebile turvalisust ja l\u00e4hedust. Vaata toodet Neobulle bambusest kandelina!","robots":{"index":"index","follow":"follow","max-snippet":"max-snippet:-1","max-image-preview":"max-image-preview:large","max-video-preview":"max-video-preview:-1"},"canonical":"https:\/\/beebipai.ee\/lv\/product\/neobulle-bambusest-kandelina-0-12-kuud\/","og_locale":"lv_LV","og_type":"article","og_title":"Neobulle bambusest kandelina, 0-12 kuud - Beebipai","og_description":"Neobulle bambusest kandelina on ideaalne beebi esimeseks eluaastaks. Pakub beebile turvalisust ja l\u00e4hedust. Vaata toodet Neobulle bambusest kandelina!","og_url":"https:\/\/beebipai.ee\/lv\/product\/neobulle-bambusest-kandelina-0-12-kuud\/","og_site_name":"Beebipai","article_modified_time":"2025-04-28T10:21:16+00:00","og_image":[{"width":500,"height":500,"url":"https:\/\/beebipai.ee\/wp-content\/uploads\/2022\/06\/Neobulle-bambusest-kandelina-22-e1711569678937.jpg","type":"image\/jpeg"}],"twitter_card":"summary_large_image","twitter_misc":{"Est. reading time":"2 min\u016btes"},"schema":{"@context":"https:\/\/schema.org","@graph":[{"@type":"WebPage","@id":"https:\/\/beebipai.ee\/product\/neobulle-bambusest-kandelina-0-12-kuud\/","url":"https:\/\/beebipai.ee\/product\/neobulle-bambusest-kandelina-0-12-kuud\/","name":"Neobulle bambusest kandelina, 0-12 kuud - Beebipai","isPartOf":{"@id":"https:\/\/beebipai.ee\/en\/#website"},"primaryImageOfPage":{"@id":"https:\/\/beebipai.ee\/product\/neobulle-bambusest-kandelina-0-12-kuud\/#primaryimage"},"image":{"@id":"https:\/\/beebipai.ee\/product\/neobulle-bambusest-kandelina-0-12-kuud\/#primaryimage"},"thumbnailUrl":"https:\/\/beebipai.ee\/wp-content\/uploads\/2022\/06\/Neobulle-bambusest-kandelina-22-e1711569678937.jpg","datePublished":"2022-06-07T07:31:56+00:00","dateModified":"2025-04-28T10:21:16+00:00","description":"Neobulle bambusest kandelina on ideaalne beebi esimeseks eluaastaks. Pakub beebile turvalisust ja l\u00e4hedust. Vaata toodet Neobulle bambusest kandelina!","breadcrumb":{"@id":"https:\/\/beebipai.ee\/product\/neobulle-bambusest-kandelina-0-12-kuud\/#breadcrumb"},"inLanguage":"lv-LV","potentialAction":[{"@type":"ReadAction","target":["https:\/\/beebipai.ee\/product\/neobulle-bambusest-kandelina-0-12-kuud\/"]}]},{"@type":"ImageObject","inLanguage":"lv-LV","@id":"https:\/\/beebipai.ee\/product\/neobulle-bambusest-kandelina-0-12-kuud\/#primaryimage","url":"https:\/\/beebipai.ee\/wp-content\/uploads\/2022\/06\/Neobulle-bambusest-kandelina-22-e1711569678937.jpg","contentUrl":"https:\/\/beebipai.ee\/wp-content\/uploads\/2022\/06\/Neobulle-bambusest-kandelina-22-e1711569678937.jpg","width":500,"height":500},{"@type":"BreadcrumbList","@id":"https:\/\/beebipai.ee\/product\/neobulle-bambusest-kandelina-0-12-kuud\/#breadcrumb","itemListElement":[{"@type":"ListItem","position":1,"name":"Home","item":"https:\/\/beebipai.ee\/"},{"@type":"ListItem","position":2,"name":"Pood","item":"https:\/\/beebipai.ee\/store\/"},{"@type":"ListItem","position":3,"name":"Neobulle bambusest kandelina, 0-12 kuud"}]},{"@type":"WebSite","@id":"https:\/\/beebipai.ee\/en\/#website","url":"https:\/\/beebipai.ee\/en\/","name":"Beebipai","description":"Rasedate ja beebide veebipood","potentialAction":[{"@type":"SearchAction","target":{"@type":"EntryPoint","urlTemplate":"https:\/\/beebipai.ee\/en\/?s={search_term_string}"},"query-input":{"@type":"PropertyValueSpecification","valueRequired":true,"valueName":"search_term_string"}}],"inLanguage":"lv-LV"}]}},"_links":{"self":[{"href":"https:\/\/beebipai.ee\/lv\/wp-json\/wp\/v2\/product\/4095","targetHints":{"allow":["GET"]}}],"collection":[{"href":"https:\/\/beebipai.ee\/lv\/wp-json\/wp\/v2\/product"}],"about":[{"href":"https:\/\/beebipai.ee\/lv\/wp-json\/wp\/v2\/types\/product"}],"version-history":[{"count":5,"href":"https:\/\/beebipai.ee\/lv\/wp-json\/wp\/v2\/product\/4095\/revisions"}],"predecessor-version":[{"id":10442,"href":"https:\/\/beebipai.ee\/lv\/wp-json\/wp\/v2\/product\/4095\/revisions\/10442"}],"wp:featuredmedia":[{"embeddable":true,"href":"https:\/\/beebipai.ee\/lv\/wp-json\/wp\/v2\/media\/10415"}],"wp:attachment":[{"href":"https:\/\/beebipai.ee\/lv\/wp-json\/wp\/v2\/media?parent=4095"}],"wp:term":[{"taxonomy":"product_brand","embeddable":true,"href":"https:\/\/beebipai.ee\/lv\/wp-json\/wp\/v2\/product_brand?post=4095"},{"taxonomy":"product_cat","embeddable":true,"href":"https:\/\/beebipai.ee\/lv\/wp-json\/wp\/v2\/product_cat?post=4095"},{"taxonomy":"product_tag","embeddable":true,"href":"https:\/\/beebipai.ee\/lv\/wp-json\/wp\/v2\/product_tag?post=4095"}],"curies":[{"name":"wp","href":"https:\/\/api.w.org\/{rel}","templated":true}]}}