{"id":3830,"date":"2022-05-28T17:05:37","date_gmt":"2022-05-28T14:05:37","guid":{"rendered":"https:\/\/beebipai.ee\/?post_type=product&#038;p=3830"},"modified":"2026-02-11T14:15:16","modified_gmt":"2026-02-11T12:15:16","slug":"faith-in-nature-looduslik-dusigeel-kookosoliga-400ml","status":"publish","type":"product","link":"https:\/\/beebipai.ee\/lv\/product\/faith-in-nature-looduslik-dusigeel-kookosoliga-400ml\/","title":{"rendered":"Dab\u012bga du\u0161as \u017eeleja Faith in Nature ar kokosriekstu e\u013c\u013cu, 400ml"},"content":{"rendered":"<div data-elementor-type=\"wp-post\" data-elementor-id=\"3830\" class=\"elementor elementor-3830\">\n\t\t\t\t\t\t<section class=\"elementor-section elementor-top-section elementor-element elementor-element-0124d23 elementor-section-boxed elementor-section-height-default elementor-section-height-default\" data-id=\"0124d23\" data-element_type=\"section\" data-e-type=\"section\">\n\t\t\t\t\t\t<div class=\"elementor-container elementor-column-gap-default\">\n\t\t\t\t\t<div class=\"elementor-column elementor-col-50 elementor-top-column elementor-element elementor-element-1ce8879\" data-id=\"1ce8879\" data-element_type=\"column\" data-e-type=\"column\">\n\t\t\t<div class=\"elementor-widget-wrap elementor-element-populated\">\n\t\t\t\t\t\t<div class=\"elementor-element elementor-element-ad85999 elementor-widget elementor-widget-heading\" data-id=\"ad85999\" data-element_type=\"widget\" data-e-type=\"widget\" data-widget_type=\"heading.default\">\n\t\t\t\t<div class=\"elementor-widget-container\">\n\t\t\t\t\t<h2 class=\"elementor-heading-title elementor-size-default\">Dab\u012bga du\u0161as \u017eeleja Faith in Nature ar kokosriekstu e\u013c\u013cu<\/h2>\t\t\t\t<\/div>\n\t\t\t\t<\/div>\n\t\t\t\t<div class=\"elementor-element elementor-element-3728cd8 elementor-widget elementor-widget-text-editor\" data-id=\"3728cd8\" data-element_type=\"widget\" data-e-type=\"widget\" data-widget_type=\"text-editor.default\">\n\t\t\t\t<div class=\"elementor-widget-container\">\n\t\t\t\t\t\t\t\t\t<p>Gr\u016btniec\u012bbas laik\u0101 \u0137ermenis piedz\u012bvo daudzas izmai\u0146as. Un, lai gan \u0161\u012bs izmai\u0146as ir \u013coti pozit\u012bvas augo\u0161ajam b\u0113rnam, t\u0101s ne vienm\u0113r ir priec\u012bgas par topo\u0161o m\u0101mi\u0146u. Ir sievietes, kur\u0101m gr\u016btniec\u012bbas laik\u0101 \u0101da sp\u012bd un viss ir lab\u0101k nek\u0101 iepriek\u0161, bet ir ar\u012b sievietes, kuras gr\u016btniec\u012bbas laik\u0101 par savu \u0101du p\u0101rsteidz ne taj\u0101 pozit\u012bv\u0101kaj\u0101 veid\u0101. Taukaina \u0101da, niezo\u0161a \u0101da, strijas, pinnes, sausa \u0101da \u2013 tie var b\u016bt liels p\u0101rsteigums gr\u016btniec\u012bbas laik\u0101, nevis skaista un sp\u012bd\u012bga \u0101da. Pie vainas ir hormon\u0101l\u0101s izmai\u0146as gr\u016btniec\u012bbas laik\u0101.<\/p><p>Ja j\u016bsu \u0101d\u0101 notiek negaid\u012btas izmai\u0146as, da\u017ereiz pietiek ar \u013coti vienk\u0101r\u0161u l\u012bdzekli. Aizst\u0101t parastos kop\u0161anas l\u012bdzek\u013cus ar dab\u012bgiem un organiskiem. \u0160aj\u0101 gad\u012bjum\u0101 r\u016bp\u012bg\u0101k un piesardz\u012bg\u0101k j\u0101izv\u0113las citi kop\u0161anas l\u012bdzek\u013ci, kas tiek uzkl\u0101ti uz \u0101das, piem\u0113ram, kr\u0113mi un e\u013c\u013cas.<\/p><p>Gr\u016btniec\u012bbas produktiem j\u0101b\u016bt dab\u012bgiem un nesatur parab\u0113nus, SLS (Sodium Lauryl Sulfate), benzoilperoks\u012bdu, hidrohinonu, salicilsk\u0101bi, tetracikl\u012bnu un retino\u012bdus.<\/p><div class=\"elementor-column elementor-col-50 elementor-top-column elementor-element elementor-element-fbdf767\" data-id=\"fbdf767\" data-element_type=\"column\"><div class=\"elementor-widget-wrap elementor-element-populated\"><div class=\"elementor-element elementor-element-cd6a10c elementor-widget elementor-widget-text-editor\" data-id=\"cd6a10c\" data-element_type=\"widget\" data-widget_type=\"text-editor.default\"><div class=\"elementor-widget-container\">\u00a0<\/div><\/div><\/div><\/div>\t\t\t\t\t\t\t\t<\/div>\n\t\t\t\t<\/div>\n\t\t\t\t\t<\/div>\n\t\t<\/div>\n\t\t\t\t<div class=\"elementor-column elementor-col-50 elementor-top-column elementor-element elementor-element-20979c7\" data-id=\"20979c7\" data-element_type=\"column\" data-e-type=\"column\">\n\t\t\t<div class=\"elementor-widget-wrap elementor-element-populated\">\n\t\t\t\t\t\t<div class=\"elementor-element elementor-element-3bf024f elementor-widget elementor-widget-image\" data-id=\"3bf024f\" data-element_type=\"widget\" data-e-type=\"widget\" data-widget_type=\"image.default\">\n\t\t\t\t<div class=\"elementor-widget-container\">\n\t\t\t\t\t\t\t\t\t\t\t\t\t\t\t<img fetchpriority=\"high\" decoding=\"async\" width=\"1024\" height=\"576\" src=\"https:\/\/beebipai.ee\/wp-content\/uploads\/2022\/05\/Faith-in-nature-looduslik-dusigeel-1024x576.jpg\" class=\"attachment-large size-large wp-image-3797\" alt=\"\" srcset=\"https:\/\/beebipai.ee\/wp-content\/uploads\/2022\/05\/Faith-in-nature-looduslik-dusigeel-1024x576.jpg 1024w, https:\/\/beebipai.ee\/wp-content\/uploads\/2022\/05\/Faith-in-nature-looduslik-dusigeel-e1653747293860-300x169.jpg 300w, https:\/\/beebipai.ee\/wp-content\/uploads\/2022\/05\/Faith-in-nature-looduslik-dusigeel-768x432.jpg 768w, https:\/\/beebipai.ee\/wp-content\/uploads\/2022\/05\/Faith-in-nature-looduslik-dusigeel-e1653747293860-18x10.jpg 18w, https:\/\/beebipai.ee\/wp-content\/uploads\/2022\/05\/Faith-in-nature-looduslik-dusigeel-600x338.jpg 600w, https:\/\/beebipai.ee\/wp-content\/uploads\/2022\/05\/Faith-in-nature-looduslik-dusigeel-e1653747293860.jpg 400w\" sizes=\"(max-width: 1024px) 100vw, 1024px\" \/>\t\t\t\t\t\t\t\t\t\t\t\t\t\t\t<\/div>\n\t\t\t\t<\/div>\n\t\t\t\t\t<\/div>\n\t\t<\/div>\n\t\t\t\t\t<\/div>\n\t\t<\/section>\n\t\t\t\t<section class=\"elementor-section elementor-top-section elementor-element elementor-element-dec8a2a elementor-section-boxed elementor-section-height-default elementor-section-height-default\" data-id=\"dec8a2a\" data-element_type=\"section\" data-e-type=\"section\">\n\t\t\t\t\t\t<div class=\"elementor-container elementor-column-gap-default\">\n\t\t\t\t\t<div class=\"elementor-column elementor-col-50 elementor-top-column elementor-element elementor-element-c337165\" data-id=\"c337165\" data-element_type=\"column\" data-e-type=\"column\">\n\t\t\t<div class=\"elementor-widget-wrap elementor-element-populated\">\n\t\t\t\t\t\t<div class=\"elementor-element elementor-element-8e171ec elementor-widget elementor-widget-text-editor\" data-id=\"8e171ec\" data-element_type=\"widget\" data-e-type=\"widget\" data-widget_type=\"text-editor.default\">\n\t\t\t\t<div class=\"elementor-widget-container\">\n\t\t\t\t\t\t\t\t\t<p>Faith in Nature dab\u012bg\u0101 veg\u0101nisk\u0101 du\u0161as \u017eeleja maigi un dabiski att\u012bra \u0101du, nesalau\u017eot pa\u0161as \u0101das dabisko aizsargsl\u0101ni. Kokosriekstu e\u013c\u013cai piem\u012bt izcilas mitrino\u0161as un barojo\u0161as \u012bpa\u0161\u012bbas, padarot \u0101du \u013coti maigu, gludu un mitrin\u0101tu. Arom\u0101ts ir tropisks kokosrieksts.<\/p><p>Lietojot k\u0101 du\u0161as \u017eeleju, uzkl\u0101jiet produktu uz mitras \u0101das vai mazg\u0101\u0161anas s\u016bkli. Lietojot k\u0101 vannas putas, pievienojiet \u016bdenim, kam\u0113r \u016bdens tek.<\/p><p>Produkts nesatur parab\u0113nus vai SLS savienojumus. Du\u0161as \u017eelejas smar\u017ea n\u0101k no 100% dab\u012bgiem arom\u0101tiem. Produkts piem\u0113rots ar\u012b veg\u0101niem.<\/p><p>Produkta iepakojums ir izgatavots no otrreiz\u0113ji p\u0101rstr\u0101d\u0101tiem materi\u0101liem, veicinot ekolo\u0123isk\u0101s p\u0113das nospiedumu.<\/p>\t\t\t\t\t\t\t\t<\/div>\n\t\t\t\t<\/div>\n\t\t\t\t\t<\/div>\n\t\t<\/div>\n\t\t\t\t<div class=\"elementor-column elementor-col-50 elementor-top-column elementor-element elementor-element-4abea0a\" data-id=\"4abea0a\" data-element_type=\"column\" data-e-type=\"column\">\n\t\t\t<div class=\"elementor-widget-wrap elementor-element-populated\">\n\t\t\t\t\t\t<div class=\"elementor-element elementor-element-167091f elementor-widget elementor-widget-image\" data-id=\"167091f\" data-element_type=\"widget\" data-e-type=\"widget\" data-widget_type=\"image.default\">\n\t\t\t\t<div class=\"elementor-widget-container\">\n\t\t\t\t\t\t\t\t\t\t\t\t\t\t\t<img decoding=\"async\" width=\"480\" height=\"480\" src=\"https:\/\/beebipai.ee\/wp-content\/uploads\/2022\/05\/Faith-in-nature-looduslik-palsam-kookosega.jpg\" class=\"attachment-large size-large wp-image-3789\" alt=\"\" srcset=\"https:\/\/beebipai.ee\/wp-content\/uploads\/2022\/05\/Faith-in-nature-looduslik-palsam-kookosega.jpg 480w, https:\/\/beebipai.ee\/wp-content\/uploads\/2022\/05\/Faith-in-nature-looduslik-palsam-kookosega-300x300.jpg 300w, https:\/\/beebipai.ee\/wp-content\/uploads\/2022\/05\/Faith-in-nature-looduslik-palsam-kookosega-150x150.jpg 150w, https:\/\/beebipai.ee\/wp-content\/uploads\/2022\/05\/Faith-in-nature-looduslik-palsam-kookosega-12x12.jpg 12w, https:\/\/beebipai.ee\/wp-content\/uploads\/2022\/05\/Faith-in-nature-looduslik-palsam-kookosega-100x100.jpg 100w\" sizes=\"(max-width: 480px) 100vw, 480px\" \/>\t\t\t\t\t\t\t\t\t\t\t\t\t\t\t<\/div>\n\t\t\t\t<\/div>\n\t\t\t\t\t<\/div>\n\t\t<\/div>\n\t\t\t\t\t<\/div>\n\t\t<\/section>\n\t\t\t\t<\/div>","protected":false},"excerpt":{"rendered":"<p>Faith in Nature dab\u012bg\u0101 veg\u0101nisk\u0101 du\u0161as \u017eeleja ar organisko kokosriekstu e\u013c\u013cu dzi\u013ci m\u012bkstina un mitrina \u0101du. Tam ir nomierino\u0161a un l\u012bdzsvarojo\u0161a iedarb\u012bba uz \u0101du.<\/p>\n<p>Piem\u0113rots ikdienas lieto\u0161anai no 3 gadu vecuma, k\u0101 ar\u012b gr\u016btniec\u012bbas un z\u012bd\u012b\u0161anas laik\u0101.<\/p>\n<p>99% sast\u0101vda\u013cu ir dabiskas, 100% biolo\u0123iski no\u0101rd\u0101mas<\/p>\n<p>Ra\u017eots Anglij\u0101<\/p>","protected":false},"featured_media":3831,"template":"","meta":{"_monsterinsights_skip_tracking":false,"_monsterinsights_sitenote_active":false,"_monsterinsights_sitenote_note":"","_monsterinsights_sitenote_category":0,"site-sidebar-layout":"no-sidebar","site-content-layout":"page-builder","ast-site-content-layout":"full-width-container","site-content-style":"unboxed","site-sidebar-style":"unboxed","ast-global-header-display":"","ast-banner-title-visibility":"","ast-main-header-display":"","ast-hfb-above-header-display":"","ast-hfb-below-header-display":"","ast-hfb-mobile-header-display":"","site-post-title":"disabled","ast-breadcrumbs-content":"","ast-featured-img":"disabled","footer-sml-layout":"","ast-disable-related-posts":"","theme-transparent-header-meta":"default","adv-header-id-meta":"","stick-header-meta":"","header-above-stick-meta":"","header-main-stick-meta":"","header-below-stick-meta":"","astra-migrate-meta-layouts":"set","ast-page-background-enabled":"default","ast-page-background-meta":{"desktop":{"background-color":"","background-image":"","background-repeat":"repeat","background-position":"center center","background-size":"auto","background-attachment":"scroll","background-type":"","background-media":"","overlay-type":"","overlay-color":"","overlay-opacity":"","overlay-gradient":""},"tablet":{"background-color":"","background-image":"","background-repeat":"repeat","background-position":"center center","background-size":"auto","background-attachment":"scroll","background-type":"","background-media":"","overlay-type":"","overlay-color":"","overlay-opacity":"","overlay-gradient":""},"mobile":{"background-color":"","background-image":"","background-repeat":"repeat","background-position":"center center","background-size":"auto","background-attachment":"scroll","background-type":"","background-media":"","overlay-type":"","overlay-color":"","overlay-opacity":"","overlay-gradient":""}},"ast-content-background-meta":{"desktop":{"background-color":"var(--ast-global-color-5)","background-image":"","background-repeat":"repeat","background-position":"center center","background-size":"auto","background-attachment":"scroll","background-type":"","background-media":"","overlay-type":"","overlay-color":"","overlay-opacity":"","overlay-gradient":""},"tablet":{"background-color":"var(--ast-global-color-5)","background-image":"","background-repeat":"repeat","background-position":"center center","background-size":"auto","background-attachment":"scroll","background-type":"","background-media":"","overlay-type":"","overlay-color":"","overlay-opacity":"","overlay-gradient":""},"mobile":{"background-color":"var(--ast-global-color-5)","background-image":"","background-repeat":"repeat","background-position":"center center","background-size":"auto","background-attachment":"scroll","background-type":"","background-media":"","overlay-type":"","overlay-color":"","overlay-opacity":"","overlay-gradient":""}}},"product_brand":[],"product_cat":[112,22],"product_tag":[],"class_list":{"0":"post-3830","1":"product","2":"type-product","3":"status-publish","4":"has-post-thumbnail","6":"product_cat-dusigeelid-sampoonid-palsamid","7":"product_cat-emale","8":"desktop-align-left","9":"tablet-align-left","10":"mobile-align-left","12":"first","13":"instock","14":"sale","15":"taxable","16":"shipping-taxable","17":"purchasable","18":"product-type-simple"},"yoast_head":"<!-- This site is optimized with the Yoast SEO plugin v27.4 - https:\/\/yoast.com\/product\/yoast-seo-wordpress\/ -->\n<title>Faith in Nature looduslik du\u0161igeel kookos\u00f5liga, 400ml - Beebipai<\/title>\n<meta name=\"description\" content=\"Faith in Nature looduslik du\u0161igeel kookos\u00f5liga rasedatele. Pehmendab ja niisutab nahka. Vaata toodet Faith in Nature looduslik du\u0161igeel kookos\u00f5liga!\" \/>\n<meta name=\"robots\" content=\"index, follow, max-snippet:-1, max-image-preview:large, max-video-preview:-1\" \/>\n<link rel=\"canonical\" href=\"https:\/\/beebipai.ee\/lv\/product\/faith-in-nature-looduslik-dusigeel-kookosoliga-400ml\/\" \/>\n<meta property=\"og:locale\" content=\"lv_LV\" \/>\n<meta property=\"og:type\" content=\"article\" \/>\n<meta property=\"og:title\" content=\"Faith in Nature looduslik du\u0161igeel kookos\u00f5liga, 400ml - Beebipai\" \/>\n<meta property=\"og:description\" content=\"Faith in Nature looduslik du\u0161igeel kookos\u00f5liga rasedatele. Pehmendab ja niisutab nahka. Vaata toodet Faith in Nature looduslik du\u0161igeel kookos\u00f5liga!\" \/>\n<meta property=\"og:url\" content=\"https:\/\/beebipai.ee\/lv\/product\/faith-in-nature-looduslik-dusigeel-kookosoliga-400ml\/\" \/>\n<meta property=\"og:site_name\" content=\"Beebipai\" \/>\n<meta property=\"article:modified_time\" content=\"2026-02-11T12:15:16+00:00\" \/>\n<meta property=\"og:image\" content=\"https:\/\/beebipai.ee\/wp-content\/uploads\/2022\/05\/Faith-in-Nature-looduslik-dusigeel-kookosoliga.jpg\" \/>\n\t<meta property=\"og:image:width\" content=\"355\" \/>\n\t<meta property=\"og:image:height\" content=\"355\" \/>\n\t<meta property=\"og:image:type\" content=\"image\/jpeg\" \/>\n<meta name=\"twitter:card\" content=\"summary_large_image\" \/>\n<meta name=\"twitter:label1\" content=\"Est. reading time\" \/>\n\t<meta name=\"twitter:data1\" content=\"1 min\u016bte\" \/>\n<script type=\"application\/ld+json\" class=\"yoast-schema-graph\">{\"@context\":\"https:\\\/\\\/schema.org\",\"@graph\":[{\"@type\":\"WebPage\",\"@id\":\"https:\\\/\\\/beebipai.ee\\\/product\\\/faith-in-nature-looduslik-dusigeel-kookosoliga-400ml\\\/\",\"url\":\"https:\\\/\\\/beebipai.ee\\\/product\\\/faith-in-nature-looduslik-dusigeel-kookosoliga-400ml\\\/\",\"name\":\"Faith in Nature looduslik du\u0161igeel kookos\u00f5liga, 400ml - Beebipai\",\"isPartOf\":{\"@id\":\"https:\\\/\\\/beebipai.ee\\\/en\\\/#website\"},\"primaryImageOfPage\":{\"@id\":\"https:\\\/\\\/beebipai.ee\\\/product\\\/faith-in-nature-looduslik-dusigeel-kookosoliga-400ml\\\/#primaryimage\"},\"image\":{\"@id\":\"https:\\\/\\\/beebipai.ee\\\/product\\\/faith-in-nature-looduslik-dusigeel-kookosoliga-400ml\\\/#primaryimage\"},\"thumbnailUrl\":\"https:\\\/\\\/beebipai.ee\\\/wp-content\\\/uploads\\\/2022\\\/05\\\/Faith-in-Nature-looduslik-dusigeel-kookosoliga.jpg\",\"datePublished\":\"2022-05-28T14:05:37+00:00\",\"dateModified\":\"2026-02-11T12:15:16+00:00\",\"description\":\"Faith in Nature looduslik du\u0161igeel kookos\u00f5liga rasedatele. Pehmendab ja niisutab nahka. Vaata toodet Faith in Nature looduslik du\u0161igeel kookos\u00f5liga!\",\"breadcrumb\":{\"@id\":\"https:\\\/\\\/beebipai.ee\\\/product\\\/faith-in-nature-looduslik-dusigeel-kookosoliga-400ml\\\/#breadcrumb\"},\"inLanguage\":\"lv-LV\",\"potentialAction\":[{\"@type\":\"ReadAction\",\"target\":[\"https:\\\/\\\/beebipai.ee\\\/product\\\/faith-in-nature-looduslik-dusigeel-kookosoliga-400ml\\\/\"]}]},{\"@type\":\"ImageObject\",\"inLanguage\":\"lv-LV\",\"@id\":\"https:\\\/\\\/beebipai.ee\\\/product\\\/faith-in-nature-looduslik-dusigeel-kookosoliga-400ml\\\/#primaryimage\",\"url\":\"https:\\\/\\\/beebipai.ee\\\/wp-content\\\/uploads\\\/2022\\\/05\\\/Faith-in-Nature-looduslik-dusigeel-kookosoliga.jpg\",\"contentUrl\":\"https:\\\/\\\/beebipai.ee\\\/wp-content\\\/uploads\\\/2022\\\/05\\\/Faith-in-Nature-looduslik-dusigeel-kookosoliga.jpg\",\"width\":355,\"height\":355},{\"@type\":\"BreadcrumbList\",\"@id\":\"https:\\\/\\\/beebipai.ee\\\/product\\\/faith-in-nature-looduslik-dusigeel-kookosoliga-400ml\\\/#breadcrumb\",\"itemListElement\":[{\"@type\":\"ListItem\",\"position\":1,\"name\":\"Home\",\"item\":\"https:\\\/\\\/beebipai.ee\\\/\"},{\"@type\":\"ListItem\",\"position\":2,\"name\":\"Pood\",\"item\":\"https:\\\/\\\/beebipai.ee\\\/store\\\/\"},{\"@type\":\"ListItem\",\"position\":3,\"name\":\"Faith in Nature looduslik du\u0161igeel kookos\u00f5liga, 400ml\"}]},{\"@type\":\"WebSite\",\"@id\":\"https:\\\/\\\/beebipai.ee\\\/en\\\/#website\",\"url\":\"https:\\\/\\\/beebipai.ee\\\/en\\\/\",\"name\":\"Beebipai\",\"description\":\"Rasedate ja beebide veebipood\",\"potentialAction\":[{\"@type\":\"SearchAction\",\"target\":{\"@type\":\"EntryPoint\",\"urlTemplate\":\"https:\\\/\\\/beebipai.ee\\\/en\\\/?s={search_term_string}\"},\"query-input\":{\"@type\":\"PropertyValueSpecification\",\"valueRequired\":true,\"valueName\":\"search_term_string\"}}],\"inLanguage\":\"lv-LV\"}]}<\/script>\n<!-- \/ Yoast SEO plugin. -->","yoast_head_json":{"title":"Faith in Nature looduslik du\u0161igeel kookos\u00f5liga, 400ml - Beebipai","description":"Faith in Nature looduslik du\u0161igeel kookos\u00f5liga rasedatele. Pehmendab ja niisutab nahka. Vaata toodet Faith in Nature looduslik du\u0161igeel kookos\u00f5liga!","robots":{"index":"index","follow":"follow","max-snippet":"max-snippet:-1","max-image-preview":"max-image-preview:large","max-video-preview":"max-video-preview:-1"},"canonical":"https:\/\/beebipai.ee\/lv\/product\/faith-in-nature-looduslik-dusigeel-kookosoliga-400ml\/","og_locale":"lv_LV","og_type":"article","og_title":"Faith in Nature looduslik du\u0161igeel kookos\u00f5liga, 400ml - Beebipai","og_description":"Faith in Nature looduslik du\u0161igeel kookos\u00f5liga rasedatele. Pehmendab ja niisutab nahka. Vaata toodet Faith in Nature looduslik du\u0161igeel kookos\u00f5liga!","og_url":"https:\/\/beebipai.ee\/lv\/product\/faith-in-nature-looduslik-dusigeel-kookosoliga-400ml\/","og_site_name":"Beebipai","article_modified_time":"2026-02-11T12:15:16+00:00","og_image":[{"width":355,"height":355,"url":"https:\/\/beebipai.ee\/wp-content\/uploads\/2022\/05\/Faith-in-Nature-looduslik-dusigeel-kookosoliga.jpg","type":"image\/jpeg"}],"twitter_card":"summary_large_image","twitter_misc":{"Est. reading time":"1 min\u016bte"},"schema":{"@context":"https:\/\/schema.org","@graph":[{"@type":"WebPage","@id":"https:\/\/beebipai.ee\/product\/faith-in-nature-looduslik-dusigeel-kookosoliga-400ml\/","url":"https:\/\/beebipai.ee\/product\/faith-in-nature-looduslik-dusigeel-kookosoliga-400ml\/","name":"Faith in Nature looduslik du\u0161igeel kookos\u00f5liga, 400ml - Beebipai","isPartOf":{"@id":"https:\/\/beebipai.ee\/en\/#website"},"primaryImageOfPage":{"@id":"https:\/\/beebipai.ee\/product\/faith-in-nature-looduslik-dusigeel-kookosoliga-400ml\/#primaryimage"},"image":{"@id":"https:\/\/beebipai.ee\/product\/faith-in-nature-looduslik-dusigeel-kookosoliga-400ml\/#primaryimage"},"thumbnailUrl":"https:\/\/beebipai.ee\/wp-content\/uploads\/2022\/05\/Faith-in-Nature-looduslik-dusigeel-kookosoliga.jpg","datePublished":"2022-05-28T14:05:37+00:00","dateModified":"2026-02-11T12:15:16+00:00","description":"Faith in Nature looduslik du\u0161igeel kookos\u00f5liga rasedatele. Pehmendab ja niisutab nahka. Vaata toodet Faith in Nature looduslik du\u0161igeel kookos\u00f5liga!","breadcrumb":{"@id":"https:\/\/beebipai.ee\/product\/faith-in-nature-looduslik-dusigeel-kookosoliga-400ml\/#breadcrumb"},"inLanguage":"lv-LV","potentialAction":[{"@type":"ReadAction","target":["https:\/\/beebipai.ee\/product\/faith-in-nature-looduslik-dusigeel-kookosoliga-400ml\/"]}]},{"@type":"ImageObject","inLanguage":"lv-LV","@id":"https:\/\/beebipai.ee\/product\/faith-in-nature-looduslik-dusigeel-kookosoliga-400ml\/#primaryimage","url":"https:\/\/beebipai.ee\/wp-content\/uploads\/2022\/05\/Faith-in-Nature-looduslik-dusigeel-kookosoliga.jpg","contentUrl":"https:\/\/beebipai.ee\/wp-content\/uploads\/2022\/05\/Faith-in-Nature-looduslik-dusigeel-kookosoliga.jpg","width":355,"height":355},{"@type":"BreadcrumbList","@id":"https:\/\/beebipai.ee\/product\/faith-in-nature-looduslik-dusigeel-kookosoliga-400ml\/#breadcrumb","itemListElement":[{"@type":"ListItem","position":1,"name":"Home","item":"https:\/\/beebipai.ee\/"},{"@type":"ListItem","position":2,"name":"Pood","item":"https:\/\/beebipai.ee\/store\/"},{"@type":"ListItem","position":3,"name":"Faith in Nature looduslik du\u0161igeel kookos\u00f5liga, 400ml"}]},{"@type":"WebSite","@id":"https:\/\/beebipai.ee\/en\/#website","url":"https:\/\/beebipai.ee\/en\/","name":"Beebipai","description":"Rasedate ja beebide veebipood","potentialAction":[{"@type":"SearchAction","target":{"@type":"EntryPoint","urlTemplate":"https:\/\/beebipai.ee\/en\/?s={search_term_string}"},"query-input":{"@type":"PropertyValueSpecification","valueRequired":true,"valueName":"search_term_string"}}],"inLanguage":"lv-LV"}]}},"_links":{"self":[{"href":"https:\/\/beebipai.ee\/lv\/wp-json\/wp\/v2\/product\/3830","targetHints":{"allow":["GET"]}}],"collection":[{"href":"https:\/\/beebipai.ee\/lv\/wp-json\/wp\/v2\/product"}],"about":[{"href":"https:\/\/beebipai.ee\/lv\/wp-json\/wp\/v2\/types\/product"}],"version-history":[{"count":5,"href":"https:\/\/beebipai.ee\/lv\/wp-json\/wp\/v2\/product\/3830\/revisions"}],"predecessor-version":[{"id":13448,"href":"https:\/\/beebipai.ee\/lv\/wp-json\/wp\/v2\/product\/3830\/revisions\/13448"}],"wp:featuredmedia":[{"embeddable":true,"href":"https:\/\/beebipai.ee\/lv\/wp-json\/wp\/v2\/media\/3831"}],"wp:attachment":[{"href":"https:\/\/beebipai.ee\/lv\/wp-json\/wp\/v2\/media?parent=3830"}],"wp:term":[{"taxonomy":"product_brand","embeddable":true,"href":"https:\/\/beebipai.ee\/lv\/wp-json\/wp\/v2\/product_brand?post=3830"},{"taxonomy":"product_cat","embeddable":true,"href":"https:\/\/beebipai.ee\/lv\/wp-json\/wp\/v2\/product_cat?post=3830"},{"taxonomy":"product_tag","embeddable":true,"href":"https:\/\/beebipai.ee\/lv\/wp-json\/wp\/v2\/product_tag?post=3830"}],"curies":[{"name":"wp","href":"https:\/\/api.w.org\/{rel}","templated":true}]}}