{"id":3805,"date":"2022-05-28T16:09:01","date_gmt":"2022-05-28T13:09:01","guid":{"rendered":"https:\/\/beebipai.ee\/?post_type=product&#038;p=3805"},"modified":"2026-02-11T14:15:47","modified_gmt":"2026-02-11T12:15:47","slug":"faith-in-nature-looduslik-dusigeel-avokaadoga-400-ml","status":"publish","type":"product","link":"https:\/\/beebipai.ee\/lv\/product\/faith-in-nature-looduslik-dusigeel-avokaadoga-400-ml\/","title":{"rendered":"Faith in Nature dab\u012bg\u0101 du\u0161as \u017eeleja ar avokado e\u013c\u013cu, 400 ml"},"content":{"rendered":"<div data-elementor-type=\"wp-post\" data-elementor-id=\"3805\" class=\"elementor elementor-3805\">\n\t\t\t\t\t\t<section class=\"elementor-section elementor-top-section elementor-element elementor-element-ef14b91 elementor-section-boxed elementor-section-height-default elementor-section-height-default\" data-id=\"ef14b91\" data-element_type=\"section\" data-e-type=\"section\">\n\t\t\t\t\t\t<div class=\"elementor-container elementor-column-gap-default\">\n\t\t\t\t\t<div class=\"elementor-column elementor-col-50 elementor-top-column elementor-element elementor-element-fc8a930\" data-id=\"fc8a930\" data-element_type=\"column\" data-e-type=\"column\">\n\t\t\t<div class=\"elementor-widget-wrap elementor-element-populated\">\n\t\t\t\t\t\t<div class=\"elementor-element elementor-element-094ecc3 elementor-widget elementor-widget-heading\" data-id=\"094ecc3\" data-element_type=\"widget\" data-e-type=\"widget\" data-widget_type=\"heading.default\">\n\t\t\t\t<div class=\"elementor-widget-container\">\n\t\t\t\t\t<h2 class=\"elementor-heading-title elementor-size-default\">Faith in Nature dab\u012bg\u0101 du\u0161as \u017eeleja ar avokado e\u013c\u013cu<\/h2>\t\t\t\t<\/div>\n\t\t\t\t<\/div>\n\t\t\t\t<div class=\"elementor-element elementor-element-cf1fc66 elementor-widget elementor-widget-text-editor\" data-id=\"cf1fc66\" data-element_type=\"widget\" data-e-type=\"widget\" data-widget_type=\"text-editor.default\">\n\t\t\t\t<div class=\"elementor-widget-container\">\n\t\t\t\t\t\t\t\t\t<p>Gr\u016btniec\u012bbas laik\u0101 \u0137ermenis piedz\u012bvo daudzas izmai\u0146as. Un, lai gan \u0161\u012bs izmai\u0146as ir \u013coti pozit\u012bvas augo\u0161ajam b\u0113rnam, t\u0101s ne vienm\u0113r ir priec\u012bgas par topo\u0161o m\u0101mi\u0146u. Ir sievietes, kur\u0101m gr\u016btniec\u012bbas laik\u0101 \u0101da sp\u012bd un viss ir lab\u0101k nek\u0101 iepriek\u0161, bet ir ar\u012b sievietes, kuras gr\u016btniec\u012bbas laik\u0101 par savu \u0101du p\u0101rsteidz ne taj\u0101 pozit\u012bv\u0101kaj\u0101 veid\u0101. Taukaina \u0101da, niezo\u0161a \u0101da, strijas, pinnes, sausa \u0101da \u2013 tie var b\u016bt liels p\u0101rsteigums gr\u016btniec\u012bbas laik\u0101, nevis skaista un sp\u012bd\u012bga \u0101da. Pie vainas ir hormon\u0101l\u0101s izmai\u0146as gr\u016btniec\u012bbas laik\u0101.<\/p><p>Ja j\u016bsu \u0101d\u0101 notiek negaid\u012btas izmai\u0146as, da\u017ereiz pietiek ar \u013coti vienk\u0101r\u0161u l\u012bdzekli. Aizst\u0101t parastos kop\u0161anas l\u012bdzek\u013cus ar dab\u012bgiem un organiskiem. \u0160aj\u0101 gad\u012bjum\u0101 r\u016bp\u012bg\u0101k un piesardz\u012bg\u0101k j\u0101izv\u0113las citi kop\u0161anas l\u012bdzek\u013ci, kas tiek uzkl\u0101ti uz \u0101das, piem\u0113ram, kr\u0113mi un e\u013c\u013cas.<\/p><p>Gr\u016btniec\u012bbas produktiem j\u0101b\u016bt dab\u012bgiem un nesatur parab\u0113nus, SLS (Sodium Lauryl Sulfate), benzoilperoks\u012bdu, hidrohinonu, salicilsk\u0101bi, tetracikl\u012bnu un retino\u012bdus.\u00a0<\/p>\t\t\t\t\t\t\t\t<\/div>\n\t\t\t\t<\/div>\n\t\t\t\t\t<\/div>\n\t\t<\/div>\n\t\t\t\t<div class=\"elementor-column elementor-col-50 elementor-top-column elementor-element elementor-element-50b8048\" data-id=\"50b8048\" data-element_type=\"column\" data-e-type=\"column\">\n\t\t\t<div class=\"elementor-widget-wrap elementor-element-populated\">\n\t\t\t\t\t\t<div class=\"elementor-element elementor-element-60932b9 elementor-widget elementor-widget-image\" data-id=\"60932b9\" data-element_type=\"widget\" data-e-type=\"widget\" data-widget_type=\"image.default\">\n\t\t\t\t<div class=\"elementor-widget-container\">\n\t\t\t\t\t\t\t\t\t\t\t\t\t\t\t<img fetchpriority=\"high\" decoding=\"async\" width=\"1024\" height=\"682\" src=\"https:\/\/beebipai.ee\/wp-content\/uploads\/2022\/05\/Faith-in-nature-looduslik-dusigeel2-1024x682.webp\" class=\"attachment-large size-large wp-image-3799\" alt=\"\" srcset=\"https:\/\/beebipai.ee\/wp-content\/uploads\/2022\/05\/Faith-in-nature-looduslik-dusigeel2-1024x682.webp 1024w, https:\/\/beebipai.ee\/wp-content\/uploads\/2022\/05\/Faith-in-nature-looduslik-dusigeel2-e1653743443834-300x200.webp 300w, https:\/\/beebipai.ee\/wp-content\/uploads\/2022\/05\/Faith-in-nature-looduslik-dusigeel2-768x512.webp 768w, https:\/\/beebipai.ee\/wp-content\/uploads\/2022\/05\/Faith-in-nature-looduslik-dusigeel2-e1653743443834-18x12.webp 18w, https:\/\/beebipai.ee\/wp-content\/uploads\/2022\/05\/Faith-in-nature-looduslik-dusigeel2-600x400.webp 600w, https:\/\/beebipai.ee\/wp-content\/uploads\/2022\/05\/Faith-in-nature-looduslik-dusigeel2-e1653743443834.webp 400w\" sizes=\"(max-width: 1024px) 100vw, 1024px\" \/>\t\t\t\t\t\t\t\t\t\t\t\t\t\t\t<\/div>\n\t\t\t\t<\/div>\n\t\t\t\t\t<\/div>\n\t\t<\/div>\n\t\t\t\t\t<\/div>\n\t\t<\/section>\n\t\t\t\t<section class=\"elementor-section elementor-top-section elementor-element elementor-element-132909c elementor-section-boxed elementor-section-height-default elementor-section-height-default\" data-id=\"132909c\" data-element_type=\"section\" data-e-type=\"section\">\n\t\t\t\t\t\t<div class=\"elementor-container elementor-column-gap-default\">\n\t\t\t\t\t<div class=\"elementor-column elementor-col-50 elementor-top-column elementor-element elementor-element-1485d4e\" data-id=\"1485d4e\" data-element_type=\"column\" data-e-type=\"column\">\n\t\t\t<div class=\"elementor-widget-wrap elementor-element-populated\">\n\t\t\t\t\t\t<div class=\"elementor-element elementor-element-8d55ce9 elementor-widget elementor-widget-text-editor\" data-id=\"8d55ce9\" data-element_type=\"widget\" data-e-type=\"widget\" data-widget_type=\"text-editor.default\">\n\t\t\t\t<div class=\"elementor-widget-container\">\n\t\t\t\t\t\t\t\t\t<p>Faith in Nature dab\u012bg\u0101 veg\u0101nisk\u0101 du\u0161as \u017eeleja maigi un dabiski att\u012bra \u0101du, nesalau\u017eot pa\u0161as \u0101das dabisko aizsargsl\u0101ni. Avokado e\u013c\u013ca, kas satur daudz antioksidantu, tauksk\u0101bju, A, B un E vitam\u012bnu, bag\u0101t\u012bgi baro \u0101du un intens\u012bvi to mitrina. Atst\u0101j \u0101du pat\u012bkami maigu. Ar maigu un pat\u012bkamu smar\u017eu.\u00a0<\/p><p>Lietojot k\u0101 du\u0161as \u017eeleju, uzkl\u0101jiet produktu uz mitras \u0101das vai mazg\u0101\u0161anas s\u016bkli. Lietojot k\u0101 vannas putas, pievienojiet \u016bdenim, kam\u0113r \u016bdens tek.<\/p><p>Produkts nesatur parab\u0113nus vai SLS savienojumus. Du\u0161as \u017eelejas smar\u017ea n\u0101k no 100% dab\u012bgiem arom\u0101tiem. Produkts piem\u0113rots ar\u012b veg\u0101niem.\u00a0<\/p><p>Produkta iepakojums ir izgatavots no otrreiz\u0113ji p\u0101rstr\u0101d\u0101tiem materi\u0101liem, veicinot ekolo\u0123isk\u0101s p\u0113das nospiedumu.<\/p>\t\t\t\t\t\t\t\t<\/div>\n\t\t\t\t<\/div>\n\t\t\t\t\t<\/div>\n\t\t<\/div>\n\t\t\t\t<div class=\"elementor-column elementor-col-50 elementor-top-column elementor-element elementor-element-ac6fcd5\" data-id=\"ac6fcd5\" data-element_type=\"column\" data-e-type=\"column\">\n\t\t\t<div class=\"elementor-widget-wrap elementor-element-populated\">\n\t\t\t\t\t\t<div class=\"elementor-element elementor-element-48fd5d5 elementor-widget elementor-widget-image\" data-id=\"48fd5d5\" data-element_type=\"widget\" data-e-type=\"widget\" data-widget_type=\"image.default\">\n\t\t\t\t<div class=\"elementor-widget-container\">\n\t\t\t\t\t\t\t\t\t\t\t\t\t\t\t<img decoding=\"async\" width=\"400\" height=\"302\" src=\"https:\/\/beebipai.ee\/wp-content\/uploads\/2022\/05\/Faith-in-Nature-looduslik-sampoon-avokaadoga-e1653743787323.webp\" class=\"attachment-large size-large wp-image-3790\" alt=\"\" srcset=\"https:\/\/beebipai.ee\/wp-content\/uploads\/2022\/05\/Faith-in-Nature-looduslik-sampoon-avokaadoga-e1653743787323.webp 400w, https:\/\/beebipai.ee\/wp-content\/uploads\/2022\/05\/Faith-in-Nature-looduslik-sampoon-avokaadoga-e1653743787323-300x227.webp 300w, https:\/\/beebipai.ee\/wp-content\/uploads\/2022\/05\/Faith-in-Nature-looduslik-sampoon-avokaadoga-e1653743787323-16x12.webp 16w\" sizes=\"(max-width: 400px) 100vw, 400px\" \/>\t\t\t\t\t\t\t\t\t\t\t\t\t\t\t<\/div>\n\t\t\t\t<\/div>\n\t\t\t\t\t<\/div>\n\t\t<\/div>\n\t\t\t\t\t<\/div>\n\t\t<\/section>\n\t\t\t\t<\/div>","protected":false},"excerpt":{"rendered":"<p>Faith in Nature du\u0161as \u017eelejai ar avokado e\u013c\u013cu piem\u012bt dzi\u013ci barojo\u0161as un mitrino\u0161as \u012bpa\u0161\u012bbas. Pateicoties bag\u0101t\u012bgaj\u0101m \u012bpa\u0161\u012bb\u0101m, avokado e\u013c\u013ca ir piem\u0113rota visiem \u0101das tipiem. Piem\u0113rots ikdienas lieto\u0161anai no 3 gadu vecuma, k\u0101 ar\u012b gr\u016btniec\u012bbas un z\u012bd\u012b\u0161anas laik\u0101.<\/p>\n<p>Produkts ir 99% dab\u012bgs, 100% biolo\u0123iski no\u0101rd\u0101s<\/p>\n<p>Ra\u017eots Anglij\u0101<\/p>","protected":false},"featured_media":3806,"template":"","meta":{"_monsterinsights_skip_tracking":false,"_monsterinsights_sitenote_active":false,"_monsterinsights_sitenote_note":"","_monsterinsights_sitenote_category":0,"site-sidebar-layout":"no-sidebar","site-content-layout":"page-builder","ast-site-content-layout":"full-width-container","site-content-style":"unboxed","site-sidebar-style":"unboxed","ast-global-header-display":"","ast-banner-title-visibility":"","ast-main-header-display":"","ast-hfb-above-header-display":"","ast-hfb-below-header-display":"","ast-hfb-mobile-header-display":"","site-post-title":"disabled","ast-breadcrumbs-content":"","ast-featured-img":"disabled","footer-sml-layout":"","ast-disable-related-posts":"","theme-transparent-header-meta":"default","adv-header-id-meta":"","stick-header-meta":"","header-above-stick-meta":"","header-main-stick-meta":"","header-below-stick-meta":"","astra-migrate-meta-layouts":"set","ast-page-background-enabled":"default","ast-page-background-meta":{"desktop":{"background-color":"","background-image":"","background-repeat":"repeat","background-position":"center center","background-size":"auto","background-attachment":"scroll","background-type":"","background-media":"","overlay-type":"","overlay-color":"","overlay-opacity":"","overlay-gradient":""},"tablet":{"background-color":"","background-image":"","background-repeat":"repeat","background-position":"center center","background-size":"auto","background-attachment":"scroll","background-type":"","background-media":"","overlay-type":"","overlay-color":"","overlay-opacity":"","overlay-gradient":""},"mobile":{"background-color":"","background-image":"","background-repeat":"repeat","background-position":"center center","background-size":"auto","background-attachment":"scroll","background-type":"","background-media":"","overlay-type":"","overlay-color":"","overlay-opacity":"","overlay-gradient":""}},"ast-content-background-meta":{"desktop":{"background-color":"var(--ast-global-color-5)","background-image":"","background-repeat":"repeat","background-position":"center center","background-size":"auto","background-attachment":"scroll","background-type":"","background-media":"","overlay-type":"","overlay-color":"","overlay-opacity":"","overlay-gradient":""},"tablet":{"background-color":"var(--ast-global-color-5)","background-image":"","background-repeat":"repeat","background-position":"center center","background-size":"auto","background-attachment":"scroll","background-type":"","background-media":"","overlay-type":"","overlay-color":"","overlay-opacity":"","overlay-gradient":""},"mobile":{"background-color":"var(--ast-global-color-5)","background-image":"","background-repeat":"repeat","background-position":"center center","background-size":"auto","background-attachment":"scroll","background-type":"","background-media":"","overlay-type":"","overlay-color":"","overlay-opacity":"","overlay-gradient":""}}},"product_brand":[],"product_cat":[112,22],"product_tag":[],"class_list":{"0":"post-3805","1":"product","2":"type-product","3":"status-publish","4":"has-post-thumbnail","6":"product_cat-dusigeelid-sampoonid-palsamid","7":"product_cat-emale","8":"desktop-align-left","9":"tablet-align-left","10":"mobile-align-left","12":"first","13":"instock","14":"sale","15":"taxable","16":"shipping-taxable","17":"purchasable","18":"product-type-simple"},"yoast_head":"<!-- This site is optimized with the Yoast SEO plugin v27.4 - https:\/\/yoast.com\/product\/yoast-seo-wordpress\/ -->\n<title>Faith in Nature looduslik du\u0161igeel avokaado\u00f5liga, 400 ml - Beebipai<\/title>\n<meta name=\"description\" content=\"Faith in nature looduslik du\u0161igeel raseduse ajaks. Toidab ja niisutab. Vaata toodet Faith in nature looduslik du\u0161igeel avokaadoga!\" \/>\n<meta name=\"robots\" content=\"index, follow, max-snippet:-1, max-image-preview:large, max-video-preview:-1\" \/>\n<link rel=\"canonical\" href=\"https:\/\/beebipai.ee\/lv\/product\/faith-in-nature-looduslik-dusigeel-avokaadoga-400-ml\/\" \/>\n<meta property=\"og:locale\" content=\"lv_LV\" \/>\n<meta property=\"og:type\" content=\"article\" \/>\n<meta property=\"og:title\" content=\"Faith in Nature looduslik du\u0161igeel avokaado\u00f5liga, 400 ml - Beebipai\" \/>\n<meta property=\"og:description\" content=\"Faith in nature looduslik du\u0161igeel raseduse ajaks. Toidab ja niisutab. Vaata toodet Faith in nature looduslik du\u0161igeel avokaadoga!\" \/>\n<meta property=\"og:url\" content=\"https:\/\/beebipai.ee\/lv\/product\/faith-in-nature-looduslik-dusigeel-avokaadoga-400-ml\/\" \/>\n<meta property=\"og:site_name\" content=\"Beebipai\" \/>\n<meta property=\"article:modified_time\" content=\"2026-02-11T12:15:47+00:00\" \/>\n<meta property=\"og:image\" content=\"https:\/\/beebipai.ee\/wp-content\/uploads\/2022\/05\/Faith-in-nature-dusigeel-avokaadoga-e1653743221681.webp\" \/>\n\t<meta property=\"og:image:width\" content=\"400\" \/>\n\t<meta property=\"og:image:height\" content=\"400\" \/>\n\t<meta property=\"og:image:type\" content=\"image\/webp\" \/>\n<meta name=\"twitter:card\" content=\"summary_large_image\" \/>\n<meta name=\"twitter:label1\" content=\"Est. reading time\" \/>\n\t<meta name=\"twitter:data1\" content=\"1 min\u016bte\" \/>\n<script type=\"application\/ld+json\" class=\"yoast-schema-graph\">{\"@context\":\"https:\\\/\\\/schema.org\",\"@graph\":[{\"@type\":\"WebPage\",\"@id\":\"https:\\\/\\\/beebipai.ee\\\/product\\\/faith-in-nature-looduslik-dusigeel-avokaadoga-400-ml\\\/\",\"url\":\"https:\\\/\\\/beebipai.ee\\\/product\\\/faith-in-nature-looduslik-dusigeel-avokaadoga-400-ml\\\/\",\"name\":\"Faith in Nature looduslik du\u0161igeel avokaado\u00f5liga, 400 ml - Beebipai\",\"isPartOf\":{\"@id\":\"https:\\\/\\\/beebipai.ee\\\/en\\\/#website\"},\"primaryImageOfPage\":{\"@id\":\"https:\\\/\\\/beebipai.ee\\\/product\\\/faith-in-nature-looduslik-dusigeel-avokaadoga-400-ml\\\/#primaryimage\"},\"image\":{\"@id\":\"https:\\\/\\\/beebipai.ee\\\/product\\\/faith-in-nature-looduslik-dusigeel-avokaadoga-400-ml\\\/#primaryimage\"},\"thumbnailUrl\":\"https:\\\/\\\/beebipai.ee\\\/wp-content\\\/uploads\\\/2022\\\/05\\\/Faith-in-nature-dusigeel-avokaadoga-e1653743221681.webp\",\"datePublished\":\"2022-05-28T13:09:01+00:00\",\"dateModified\":\"2026-02-11T12:15:47+00:00\",\"description\":\"Faith in nature looduslik du\u0161igeel raseduse ajaks. Toidab ja niisutab. Vaata toodet Faith in nature looduslik du\u0161igeel avokaadoga!\",\"breadcrumb\":{\"@id\":\"https:\\\/\\\/beebipai.ee\\\/product\\\/faith-in-nature-looduslik-dusigeel-avokaadoga-400-ml\\\/#breadcrumb\"},\"inLanguage\":\"lv-LV\",\"potentialAction\":[{\"@type\":\"ReadAction\",\"target\":[\"https:\\\/\\\/beebipai.ee\\\/product\\\/faith-in-nature-looduslik-dusigeel-avokaadoga-400-ml\\\/\"]}]},{\"@type\":\"ImageObject\",\"inLanguage\":\"lv-LV\",\"@id\":\"https:\\\/\\\/beebipai.ee\\\/product\\\/faith-in-nature-looduslik-dusigeel-avokaadoga-400-ml\\\/#primaryimage\",\"url\":\"https:\\\/\\\/beebipai.ee\\\/wp-content\\\/uploads\\\/2022\\\/05\\\/Faith-in-nature-dusigeel-avokaadoga-e1653743221681.webp\",\"contentUrl\":\"https:\\\/\\\/beebipai.ee\\\/wp-content\\\/uploads\\\/2022\\\/05\\\/Faith-in-nature-dusigeel-avokaadoga-e1653743221681.webp\",\"width\":400,\"height\":400},{\"@type\":\"BreadcrumbList\",\"@id\":\"https:\\\/\\\/beebipai.ee\\\/product\\\/faith-in-nature-looduslik-dusigeel-avokaadoga-400-ml\\\/#breadcrumb\",\"itemListElement\":[{\"@type\":\"ListItem\",\"position\":1,\"name\":\"Home\",\"item\":\"https:\\\/\\\/beebipai.ee\\\/\"},{\"@type\":\"ListItem\",\"position\":2,\"name\":\"Pood\",\"item\":\"https:\\\/\\\/beebipai.ee\\\/store\\\/\"},{\"@type\":\"ListItem\",\"position\":3,\"name\":\"Faith in Nature looduslik du\u0161igeel avokaado\u00f5liga, 400 ml\"}]},{\"@type\":\"WebSite\",\"@id\":\"https:\\\/\\\/beebipai.ee\\\/en\\\/#website\",\"url\":\"https:\\\/\\\/beebipai.ee\\\/en\\\/\",\"name\":\"Beebipai\",\"description\":\"Rasedate ja beebide veebipood\",\"potentialAction\":[{\"@type\":\"SearchAction\",\"target\":{\"@type\":\"EntryPoint\",\"urlTemplate\":\"https:\\\/\\\/beebipai.ee\\\/en\\\/?s={search_term_string}\"},\"query-input\":{\"@type\":\"PropertyValueSpecification\",\"valueRequired\":true,\"valueName\":\"search_term_string\"}}],\"inLanguage\":\"lv-LV\"}]}<\/script>\n<!-- \/ Yoast SEO plugin. -->","yoast_head_json":{"title":"Faith in Nature looduslik du\u0161igeel avokaado\u00f5liga, 400 ml - Beebipai","description":"Faith in nature looduslik du\u0161igeel raseduse ajaks. Toidab ja niisutab. Vaata toodet Faith in nature looduslik du\u0161igeel avokaadoga!","robots":{"index":"index","follow":"follow","max-snippet":"max-snippet:-1","max-image-preview":"max-image-preview:large","max-video-preview":"max-video-preview:-1"},"canonical":"https:\/\/beebipai.ee\/lv\/product\/faith-in-nature-looduslik-dusigeel-avokaadoga-400-ml\/","og_locale":"lv_LV","og_type":"article","og_title":"Faith in Nature looduslik du\u0161igeel avokaado\u00f5liga, 400 ml - Beebipai","og_description":"Faith in nature looduslik du\u0161igeel raseduse ajaks. Toidab ja niisutab. Vaata toodet Faith in nature looduslik du\u0161igeel avokaadoga!","og_url":"https:\/\/beebipai.ee\/lv\/product\/faith-in-nature-looduslik-dusigeel-avokaadoga-400-ml\/","og_site_name":"Beebipai","article_modified_time":"2026-02-11T12:15:47+00:00","og_image":[{"width":400,"height":400,"url":"https:\/\/beebipai.ee\/wp-content\/uploads\/2022\/05\/Faith-in-nature-dusigeel-avokaadoga-e1653743221681.webp","type":"image\/webp"}],"twitter_card":"summary_large_image","twitter_misc":{"Est. reading time":"1 min\u016bte"},"schema":{"@context":"https:\/\/schema.org","@graph":[{"@type":"WebPage","@id":"https:\/\/beebipai.ee\/product\/faith-in-nature-looduslik-dusigeel-avokaadoga-400-ml\/","url":"https:\/\/beebipai.ee\/product\/faith-in-nature-looduslik-dusigeel-avokaadoga-400-ml\/","name":"Faith in Nature looduslik du\u0161igeel avokaado\u00f5liga, 400 ml - Beebipai","isPartOf":{"@id":"https:\/\/beebipai.ee\/en\/#website"},"primaryImageOfPage":{"@id":"https:\/\/beebipai.ee\/product\/faith-in-nature-looduslik-dusigeel-avokaadoga-400-ml\/#primaryimage"},"image":{"@id":"https:\/\/beebipai.ee\/product\/faith-in-nature-looduslik-dusigeel-avokaadoga-400-ml\/#primaryimage"},"thumbnailUrl":"https:\/\/beebipai.ee\/wp-content\/uploads\/2022\/05\/Faith-in-nature-dusigeel-avokaadoga-e1653743221681.webp","datePublished":"2022-05-28T13:09:01+00:00","dateModified":"2026-02-11T12:15:47+00:00","description":"Faith in nature looduslik du\u0161igeel raseduse ajaks. Toidab ja niisutab. Vaata toodet Faith in nature looduslik du\u0161igeel avokaadoga!","breadcrumb":{"@id":"https:\/\/beebipai.ee\/product\/faith-in-nature-looduslik-dusigeel-avokaadoga-400-ml\/#breadcrumb"},"inLanguage":"lv-LV","potentialAction":[{"@type":"ReadAction","target":["https:\/\/beebipai.ee\/product\/faith-in-nature-looduslik-dusigeel-avokaadoga-400-ml\/"]}]},{"@type":"ImageObject","inLanguage":"lv-LV","@id":"https:\/\/beebipai.ee\/product\/faith-in-nature-looduslik-dusigeel-avokaadoga-400-ml\/#primaryimage","url":"https:\/\/beebipai.ee\/wp-content\/uploads\/2022\/05\/Faith-in-nature-dusigeel-avokaadoga-e1653743221681.webp","contentUrl":"https:\/\/beebipai.ee\/wp-content\/uploads\/2022\/05\/Faith-in-nature-dusigeel-avokaadoga-e1653743221681.webp","width":400,"height":400},{"@type":"BreadcrumbList","@id":"https:\/\/beebipai.ee\/product\/faith-in-nature-looduslik-dusigeel-avokaadoga-400-ml\/#breadcrumb","itemListElement":[{"@type":"ListItem","position":1,"name":"Home","item":"https:\/\/beebipai.ee\/"},{"@type":"ListItem","position":2,"name":"Pood","item":"https:\/\/beebipai.ee\/store\/"},{"@type":"ListItem","position":3,"name":"Faith in Nature looduslik du\u0161igeel avokaado\u00f5liga, 400 ml"}]},{"@type":"WebSite","@id":"https:\/\/beebipai.ee\/en\/#website","url":"https:\/\/beebipai.ee\/en\/","name":"Beebipai","description":"Rasedate ja beebide veebipood","potentialAction":[{"@type":"SearchAction","target":{"@type":"EntryPoint","urlTemplate":"https:\/\/beebipai.ee\/en\/?s={search_term_string}"},"query-input":{"@type":"PropertyValueSpecification","valueRequired":true,"valueName":"search_term_string"}}],"inLanguage":"lv-LV"}]}},"_links":{"self":[{"href":"https:\/\/beebipai.ee\/lv\/wp-json\/wp\/v2\/product\/3805","targetHints":{"allow":["GET"]}}],"collection":[{"href":"https:\/\/beebipai.ee\/lv\/wp-json\/wp\/v2\/product"}],"about":[{"href":"https:\/\/beebipai.ee\/lv\/wp-json\/wp\/v2\/types\/product"}],"version-history":[{"count":5,"href":"https:\/\/beebipai.ee\/lv\/wp-json\/wp\/v2\/product\/3805\/revisions"}],"predecessor-version":[{"id":8854,"href":"https:\/\/beebipai.ee\/lv\/wp-json\/wp\/v2\/product\/3805\/revisions\/8854"}],"wp:featuredmedia":[{"embeddable":true,"href":"https:\/\/beebipai.ee\/lv\/wp-json\/wp\/v2\/media\/3806"}],"wp:attachment":[{"href":"https:\/\/beebipai.ee\/lv\/wp-json\/wp\/v2\/media?parent=3805"}],"wp:term":[{"taxonomy":"product_brand","embeddable":true,"href":"https:\/\/beebipai.ee\/lv\/wp-json\/wp\/v2\/product_brand?post=3805"},{"taxonomy":"product_cat","embeddable":true,"href":"https:\/\/beebipai.ee\/lv\/wp-json\/wp\/v2\/product_cat?post=3805"},{"taxonomy":"product_tag","embeddable":true,"href":"https:\/\/beebipai.ee\/lv\/wp-json\/wp\/v2\/product_tag?post=3805"}],"curies":[{"name":"wp","href":"https:\/\/api.w.org\/{rel}","templated":true}]}}