{"id":3669,"date":"2022-05-24T23:54:37","date_gmt":"2022-05-24T20:54:37","guid":{"rendered":"https:\/\/beebipai.ee\/?post_type=product&#038;p=3669"},"modified":"2023-09-10T19:21:57","modified_gmt":"2023-09-10T16:21:57","slug":"neobulle-orgaaniline-rinnanibusid-rahustav-oli-50-ml","status":"publish","type":"product","link":"https:\/\/beebipai.ee\/lv\/product\/neobulle-orgaaniline-rinnanibusid-rahustav-oli-50-ml\/","title":{"rendered":"Neobule organisk\u0101 sprauslu nomierino\u0161\u0101 e\u013c\u013ca, 50 ml"},"content":{"rendered":"<div data-elementor-type=\"wp-post\" data-elementor-id=\"3669\" class=\"elementor elementor-3669\">\n\t\t\t\t\t\t<section class=\"elementor-section elementor-top-section elementor-element elementor-element-baaaa33 elementor-section-boxed elementor-section-height-default elementor-section-height-default\" data-id=\"baaaa33\" data-element_type=\"section\" data-e-type=\"section\">\n\t\t\t\t\t\t<div class=\"elementor-container elementor-column-gap-default\">\n\t\t\t\t\t<div class=\"elementor-column elementor-col-50 elementor-top-column elementor-element elementor-element-7e06266\" data-id=\"7e06266\" data-element_type=\"column\" data-e-type=\"column\">\n\t\t\t<div class=\"elementor-widget-wrap elementor-element-populated\">\n\t\t\t\t\t\t<div class=\"elementor-element elementor-element-f9b368e elementor-widget elementor-widget-heading\" data-id=\"f9b368e\" data-element_type=\"widget\" data-e-type=\"widget\" data-widget_type=\"heading.default\">\n\t\t\t\t<div class=\"elementor-widget-container\">\n\t\t\t\t\t<h2 class=\"elementor-heading-title elementor-size-default\">Neobule organisk\u0101 sprauslu nomierino\u0161\u0101 e\u013c\u013ca<\/h2>\t\t\t\t<\/div>\n\t\t\t\t<\/div>\n\t\t\t\t<div class=\"elementor-element elementor-element-1a830f9 elementor-widget elementor-widget-text-editor\" data-id=\"1a830f9\" data-element_type=\"widget\" data-e-type=\"widget\" data-widget_type=\"text-editor.default\">\n\t\t\t\t<div class=\"elementor-widget-container\">\n\t\t\t\t\t\t\t\t\t<p>M\u0101tes piens ir lab\u0101k\u0101, dabisk\u0101k\u0101 un vesel\u012bg\u0101k\u0101 izv\u0113le j\u016bsu b\u0113rnam. Pasaules Vesel\u012bbas organiz\u0101cija iesaka z\u012bd\u012bt b\u0113rnu tikai ar kr\u016bti pirmos 6 dz\u012bves m\u0113ne\u0161us un turpin\u0101t z\u012bd\u012b\u0161anu ar\u012b turpm\u0101k paral\u0113li papildbaro\u0161anai.<\/p><p>Papildus daudzaj\u0101m m\u0101tes piena labv\u0113l\u012bgaj\u0101m \u012bpa\u0161\u012bb\u0101m z\u012bd\u012b\u0161ana rada \u012bpa\u0161u tuv\u012bbu starp m\u0101ti un b\u0113rnu. \u0160ie br\u012b\u017ei starp jums un j\u016bsu mazuli ir unik\u0101li.<\/p><p>Z\u012bd\u012b\u0161ana ar\u012b pal\u012bdz mazulim uztur\u0113t \u0137erme\u0146a temperat\u016bru, nodro\u0161ina \u0101das kontaktu un tuvumu. Nodro\u0161ina apr\u016bpi un dro\u0161\u012bbu mazulim.\u00a0<\/p><p>Ta\u010du z\u012bd\u012b\u0161anas s\u0101kum\u0101 var b\u016bt neveiksmes, kuras bie\u017ei netiek \u0146emtas v\u0113r\u0101 un da\u017ek\u0101rt var mazin\u0101t v\u0113lmi turpin\u0101t z\u012bd\u012b\u0161anu.<\/p><p>Vairum\u0101 gad\u012bjumu jau otraj\u0101 dien\u0101 sprauslas ir k\u013cuvu\u0161as \u013coti jut\u012bgas, un s\u0101kotn\u0113ji tas m\u0113dz pasliktin\u0101ties un pasliktin\u0101ties. Tas ne vienm\u0113r noz\u012bm\u0113, ka j\u016bs barojat b\u0113rnu nepareizi vai ka b\u0113rna s\u016bk\u0161anas tehnika ir nepareiza. Z\u012bd\u012b\u0161anas periods ir jauns slogs kr\u016bt\u012bm, t\u0101p\u0113c sprauslas s\u0101kotn\u0113ji k\u013c\u016bst jut\u012bgas.\u00a0<\/p><p>T\u0101pat sprauslas var s\u0101kt intens\u012bv\u0101k aps\u0101rt\u012bt, l\u016bzt vai veidoties plaisas. Tas viss sievietei sag\u0101d\u0101 s\u0101pes, un tas ir vienk\u0101r\u0161i un viegli, kad pr\u0101t\u0101 n\u0101k domas par pado\u0161anos.<\/p><p>Ziniet, ka ir iesp\u0113jams mazin\u0101t sprauslu jut\u012bgumu un pal\u012bdz\u0113t sev un mazulim. P\u0113c pirm\u0101s mazu\u013ca dz\u012bves ned\u0113\u013cas ar\u012b kr\u016btis s\u0101k pierast pie jaun\u0101s slodzes un jut\u012bba pamaz\u0101m izz\u016bd.<\/p>\t\t\t\t\t\t\t\t<\/div>\n\t\t\t\t<\/div>\n\t\t\t\t\t<\/div>\n\t\t<\/div>\n\t\t\t\t<div class=\"elementor-column elementor-col-50 elementor-top-column elementor-element elementor-element-e738524\" data-id=\"e738524\" data-element_type=\"column\" data-e-type=\"column\">\n\t\t\t<div class=\"elementor-widget-wrap elementor-element-populated\">\n\t\t\t\t\t\t<div class=\"elementor-element elementor-element-50ac2f2 elementor-widget elementor-widget-image\" data-id=\"50ac2f2\" data-element_type=\"widget\" data-e-type=\"widget\" data-widget_type=\"image.default\">\n\t\t\t\t<div class=\"elementor-widget-container\">\n\t\t\t\t\t\t\t\t\t\t\t\t\t\t\t<img fetchpriority=\"high\" decoding=\"async\" width=\"681\" height=\"1024\" src=\"https:\/\/beebipai.ee\/wp-content\/uploads\/2022\/05\/Neobulle-rinnanibuoli5-1-681x1024.jpg\" class=\"attachment-large size-large wp-image-3676\" alt=\"\" srcset=\"https:\/\/beebipai.ee\/wp-content\/uploads\/2022\/05\/Neobulle-rinnanibuoli5-1-681x1024.jpg 681w, https:\/\/beebipai.ee\/wp-content\/uploads\/2022\/05\/Neobulle-rinnanibuoli5-1-e1653461246724-199x300.jpg 199w, https:\/\/beebipai.ee\/wp-content\/uploads\/2022\/05\/Neobulle-rinnanibuoli5-1-e1653461246724-8x12.jpg 8w, https:\/\/beebipai.ee\/wp-content\/uploads\/2022\/05\/Neobulle-rinnanibuoli5-1-600x903.jpg 600w, https:\/\/beebipai.ee\/wp-content\/uploads\/2022\/05\/Neobulle-rinnanibuoli5-1-e1653461246724.jpg 400w\" sizes=\"(max-width: 681px) 100vw, 681px\" \/>\t\t\t\t\t\t\t\t\t\t\t\t\t\t\t<\/div>\n\t\t\t\t<\/div>\n\t\t\t\t\t<\/div>\n\t\t<\/div>\n\t\t\t\t\t<\/div>\n\t\t<\/section>\n\t\t\t\t<section class=\"elementor-section elementor-top-section elementor-element elementor-element-57ab4b1 elementor-section-boxed elementor-section-height-default elementor-section-height-default\" data-id=\"57ab4b1\" data-element_type=\"section\" data-e-type=\"section\">\n\t\t\t\t\t\t<div class=\"elementor-container elementor-column-gap-default\">\n\t\t\t\t\t<div class=\"elementor-column elementor-col-50 elementor-top-column elementor-element elementor-element-cf89f50\" data-id=\"cf89f50\" data-element_type=\"column\" data-e-type=\"column\">\n\t\t\t<div class=\"elementor-widget-wrap elementor-element-populated\">\n\t\t\t\t\t\t<div class=\"elementor-element elementor-element-8ee1557 elementor-widget elementor-widget-image\" data-id=\"8ee1557\" data-element_type=\"widget\" data-e-type=\"widget\" data-widget_type=\"image.default\">\n\t\t\t\t<div class=\"elementor-widget-container\">\n\t\t\t\t\t\t\t\t\t\t\t\t\t\t\t<img decoding=\"async\" width=\"400\" height=\"400\" src=\"https:\/\/beebipai.ee\/wp-content\/uploads\/2022\/05\/Neobulle-rindasid-rahustav-oli1-e1653461888942.webp\" class=\"attachment-large size-large wp-image-3673\" alt=\"\" srcset=\"https:\/\/beebipai.ee\/wp-content\/uploads\/2022\/05\/Neobulle-rindasid-rahustav-oli1-e1653461888942.webp 400w, https:\/\/beebipai.ee\/wp-content\/uploads\/2022\/05\/Neobulle-rindasid-rahustav-oli1-e1653461888942-300x300.webp 300w, https:\/\/beebipai.ee\/wp-content\/uploads\/2022\/05\/Neobulle-rindasid-rahustav-oli1-e1653461888942-150x150.webp 150w, https:\/\/beebipai.ee\/wp-content\/uploads\/2022\/05\/Neobulle-rindasid-rahustav-oli1-e1653461888942-12x12.webp 12w, https:\/\/beebipai.ee\/wp-content\/uploads\/2022\/05\/Neobulle-rindasid-rahustav-oli1-e1653461888942-100x100.webp 100w\" sizes=\"(max-width: 400px) 100vw, 400px\" \/>\t\t\t\t\t\t\t\t\t\t\t\t\t\t\t<\/div>\n\t\t\t\t<\/div>\n\t\t\t\t\t<\/div>\n\t\t<\/div>\n\t\t\t\t<div class=\"elementor-column elementor-col-50 elementor-top-column elementor-element elementor-element-82a16e3\" data-id=\"82a16e3\" data-element_type=\"column\" data-e-type=\"column\">\n\t\t\t<div class=\"elementor-widget-wrap elementor-element-populated\">\n\t\t\t\t\t\t<div class=\"elementor-element elementor-element-656cbfa elementor-widget elementor-widget-text-editor\" data-id=\"656cbfa\" data-element_type=\"widget\" data-e-type=\"widget\" data-widget_type=\"text-editor.default\">\n\t\t\t\t<div class=\"elementor-widget-container\">\n\t\t\t\t\t\t\t\t\t<p>Neobulle nomierino\u0161ajai sprauslu e\u013c\u013cai ir tr\u012bsk\u0101r\u0161s efekts. E\u013c\u013ca nomierina, atbalsta un aizsarg\u0101 maigos un jut\u012bgos sprauslas. \u0160\u0137idra un maiga mas\u0101\u017eas e\u013c\u013ca ir viegli uzkl\u0101jama. E\u013c\u013cas sildo\u0161ais efekts veicina lakt\u0101ciju un padara pienu mazulim viegl\u0101k pieejamu. Nomierina un baro kr\u016btsgalu zonas pl\u0101no \u0101du.\u00a0<\/p><p>E\u013c\u013ca nesatur \u0113terisk\u0101s e\u013c\u013cas un ir bez smar\u017eas.\u00a0<\/p><p>Uzkl\u0101jiet e\u013c\u013cu kr\u016bt\u012bm starp baro\u0161anas reiz\u0113m. Pirms baro\u0161anas kr\u016bts mazg\u0101\u0161ana nav nepiecie\u0161ama<\/p>\t\t\t\t\t\t\t\t<\/div>\n\t\t\t\t<\/div>\n\t\t\t\t\t<\/div>\n\t\t<\/div>\n\t\t\t\t\t<\/div>\n\t\t<\/section>\n\t\t\t\t<section class=\"elementor-section elementor-top-section elementor-element elementor-element-8001898 elementor-section-boxed elementor-section-height-default elementor-section-height-default\" data-id=\"8001898\" data-element_type=\"section\" data-e-type=\"section\">\n\t\t\t\t\t\t<div class=\"elementor-container elementor-column-gap-default\">\n\t\t\t\t\t<div class=\"elementor-column elementor-col-50 elementor-top-column elementor-element elementor-element-f83fe70\" data-id=\"f83fe70\" data-element_type=\"column\" data-e-type=\"column\">\n\t\t\t<div class=\"elementor-widget-wrap elementor-element-populated\">\n\t\t\t\t\t\t<div class=\"elementor-element elementor-element-ffeb754 elementor-widget elementor-widget-text-editor\" data-id=\"ffeb754\" data-element_type=\"widget\" data-e-type=\"widget\" data-widget_type=\"text-editor.default\">\n\t\t\t\t<div class=\"elementor-widget-container\">\n\t\t\t\t\t\t\t\t\t<p>Neaizmirstiet par\u016bp\u0113ties par z\u012bd\u012b\u0161anu p\u0113c iesp\u0113jas vienk\u0101r\u0161\u0101k.<\/p><p>Kr\u016btis nav nepiecie\u0161ama \u012bpa\u0161a sagatavo\u0161ana z\u012bd\u012b\u0161anai. L\u0101de vienm\u0113r ir t\u012bra un gatava. Protams, sprauslas nevajadz\u0113tu apstr\u0101d\u0101t ar dezinfekcijas l\u012bdzek\u013ciem, piem\u0113ram, briljantza\u013co.<\/p><p>Kr\u016btis var pied\u0101v\u0101t v\u0113su p\u0113c z\u012bd\u012b\u0161anas un siltu pirms z\u012bd\u012b\u0161anas. Tas samazina diskomfortu, kas saist\u012bts ar piet\u016bkumu, un veicina piena pl\u016bsmu.<\/p><p>Dzer pietiekami daudz, vajag 1,5-2 litrus \u0161\u0137idruma, lai ar\u012b lakt\u0101cija norit\u0113tu bez probl\u0113m\u0101m.<\/p><p>Ja mazulis \u0113d pietiekami daudz pie kr\u016bts (min. 8 \u0113dienreizes dien\u0101), pamostas laic\u012bgi, lai pa\u0113stu, svara pieaugums ir norm\u0101ls, urin\u0113 - tad z\u012bd\u012btais b\u0113rns pats regul\u0113 savus \u0113\u0161anas laikus. Ar\u012b \u0161aj\u0101 gad\u012bjum\u0101 nav nepiecie\u0161ams slaukt kr\u016btis. B\u0113rns ar\u012b regul\u0113 vi\u0146am nepiecie\u0161amo piena daudzumu.<\/p><p>Izmantojiet atbalsto\u0161u kr\u016b\u0161turi, lai atbalst\u012btu kr\u016btis, kas ir k\u013cuvu\u0161as smag\u0101kas no piena. Kr\u016b\u0161turis var\u0113tu b\u016bt no \u0101dai draudz\u012bga materi\u0101la un tas nedr\u012bkst nekur spiesties.<\/p>\t\t\t\t\t\t\t\t<\/div>\n\t\t\t\t<\/div>\n\t\t\t\t\t<\/div>\n\t\t<\/div>\n\t\t\t\t<div class=\"elementor-column elementor-col-50 elementor-top-column elementor-element elementor-element-3637169\" data-id=\"3637169\" data-element_type=\"column\" data-e-type=\"column\">\n\t\t\t<div class=\"elementor-widget-wrap elementor-element-populated\">\n\t\t\t\t\t\t<div class=\"elementor-element elementor-element-35eb7e1 elementor-widget elementor-widget-image\" data-id=\"35eb7e1\" data-element_type=\"widget\" data-e-type=\"widget\" data-widget_type=\"image.default\">\n\t\t\t\t<div class=\"elementor-widget-container\">\n\t\t\t\t\t\t\t\t\t\t\t\t\t\t\t<img decoding=\"async\" width=\"390\" height=\"565\" src=\"https:\/\/beebipai.ee\/wp-content\/uploads\/2022\/05\/Neobulle-rahustav-rinnaoli2.jpg\" class=\"attachment-large size-large wp-image-3671\" alt=\"\" srcset=\"https:\/\/beebipai.ee\/wp-content\/uploads\/2022\/05\/Neobulle-rahustav-rinnaoli2.jpg 390w, https:\/\/beebipai.ee\/wp-content\/uploads\/2022\/05\/Neobulle-rahustav-rinnaoli2-207x300.jpg 207w, https:\/\/beebipai.ee\/wp-content\/uploads\/2022\/05\/Neobulle-rahustav-rinnaoli2-8x12.jpg 8w\" sizes=\"(max-width: 390px) 100vw, 390px\" \/>\t\t\t\t\t\t\t\t\t\t\t\t\t\t\t<\/div>\n\t\t\t\t<\/div>\n\t\t\t\t\t<\/div>\n\t\t<\/div>\n\t\t\t\t\t<\/div>\n\t\t<\/section>\n\t\t\t\t<\/div>","protected":false},"excerpt":{"rendered":"<p>Neobulle sprauslu nomierino\u0161\u0101 e\u013c\u013ca ir lielisks pal\u012bgs m\u0101t\u0113m, kas baro b\u0113rnu ar kr\u016bti. Samazinot sprauslu jut\u012bgumu un nomierinot sprauslas, tas atbalsta un veicina z\u012bd\u012b\u0161anas turpin\u0101\u0161anu. E\u013c\u013cas sildo\u0161ais efekts veicina piena pl\u016bsmu, kas padara pienu viegl\u0101k pieejamu mazulim.<\/p>\n<p>100% sast\u0101vda\u013cu n\u0101k no biolo\u0123isk\u0101s lauksaimniec\u012bbas<\/p>\n<p>Ra\u017eots Francij\u0101<\/p>","protected":false},"featured_media":5868,"template":"","meta":{"_monsterinsights_skip_tracking":false,"_monsterinsights_sitenote_active":false,"_monsterinsights_sitenote_note":"","_monsterinsights_sitenote_category":0,"site-sidebar-layout":"no-sidebar","site-content-layout":"page-builder","ast-site-content-layout":"full-width-container","site-content-style":"unboxed","site-sidebar-style":"unboxed","ast-global-header-display":"","ast-banner-title-visibility":"","ast-main-header-display":"","ast-hfb-above-header-display":"","ast-hfb-below-header-display":"","ast-hfb-mobile-header-display":"","site-post-title":"disabled","ast-breadcrumbs-content":"","ast-featured-img":"disabled","footer-sml-layout":"","ast-disable-related-posts":"","theme-transparent-header-meta":"default","adv-header-id-meta":"","stick-header-meta":"","header-above-stick-meta":"","header-main-stick-meta":"","header-below-stick-meta":"","astra-migrate-meta-layouts":"set","ast-page-background-enabled":"default","ast-page-background-meta":{"desktop":{"background-color":"","background-image":"","background-repeat":"repeat","background-position":"center center","background-size":"auto","background-attachment":"scroll","background-type":"","background-media":"","overlay-type":"","overlay-color":"","overlay-opacity":"","overlay-gradient":""},"tablet":{"background-color":"","background-image":"","background-repeat":"repeat","background-position":"center center","background-size":"auto","background-attachment":"scroll","background-type":"","background-media":"","overlay-type":"","overlay-color":"","overlay-opacity":"","overlay-gradient":""},"mobile":{"background-color":"","background-image":"","background-repeat":"repeat","background-position":"center center","background-size":"auto","background-attachment":"scroll","background-type":"","background-media":"","overlay-type":"","overlay-color":"","overlay-opacity":"","overlay-gradient":""}},"ast-content-background-meta":{"desktop":{"background-color":"var(--ast-global-color-5)","background-image":"","background-repeat":"repeat","background-position":"center center","background-size":"auto","background-attachment":"scroll","background-type":"","background-media":"","overlay-type":"","overlay-color":"","overlay-opacity":"","overlay-gradient":""},"tablet":{"background-color":"var(--ast-global-color-5)","background-image":"","background-repeat":"repeat","background-position":"center center","background-size":"auto","background-attachment":"scroll","background-type":"","background-media":"","overlay-type":"","overlay-color":"","overlay-opacity":"","overlay-gradient":""},"mobile":{"background-color":"var(--ast-global-color-5)","background-image":"","background-repeat":"repeat","background-position":"center center","background-size":"auto","background-attachment":"scroll","background-type":"","background-media":"","overlay-type":"","overlay-color":"","overlay-opacity":"","overlay-gradient":""}}},"product_brand":[],"product_cat":[22,103],"product_tag":[],"class_list":{"0":"post-3669","1":"product","2":"type-product","3":"status-publish","4":"has-post-thumbnail","6":"product_cat-emale","7":"product_cat-imetamine","8":"desktop-align-left","9":"tablet-align-left","10":"mobile-align-left","12":"first","13":"instock","14":"taxable","15":"shipping-taxable","16":"purchasable","17":"product-type-simple"},"yoast_head":"<!-- This site is optimized with the Yoast SEO plugin v27.3 - https:\/\/yoast.com\/product\/yoast-seo-wordpress\/ -->\n<title>Neobulle orgaaniline rinnanibusid rahustav \u00f5li, 50 ml - Beebipai<\/title>\n<meta name=\"description\" content=\"Neobulle orgaaniline rinnanibusid rahustav \u00f5li leevendab kiiresti rinnanibude valulikkuse. Vaata toodet Neobulle orgaaniline rinnanibusid rahustav \u00f5li!\" \/>\n<meta name=\"robots\" content=\"index, follow, max-snippet:-1, max-image-preview:large, max-video-preview:-1\" \/>\n<link rel=\"canonical\" href=\"https:\/\/beebipai.ee\/lv\/product\/neobulle-orgaaniline-rinnanibusid-rahustav-oli-50-ml\/\" \/>\n<meta property=\"og:locale\" content=\"lv_LV\" \/>\n<meta property=\"og:type\" content=\"article\" \/>\n<meta property=\"og:title\" content=\"Neobulle orgaaniline rinnanibusid rahustav \u00f5li, 50 ml - Beebipai\" \/>\n<meta property=\"og:description\" content=\"Neobulle orgaaniline rinnanibusid rahustav \u00f5li leevendab kiiresti rinnanibude valulikkuse. Vaata toodet Neobulle orgaaniline rinnanibusid rahustav \u00f5li!\" \/>\n<meta property=\"og:url\" content=\"https:\/\/beebipai.ee\/lv\/product\/neobulle-orgaaniline-rinnanibusid-rahustav-oli-50-ml\/\" \/>\n<meta property=\"og:site_name\" content=\"Beebipai\" \/>\n<meta property=\"article:modified_time\" content=\"2023-09-10T16:21:57+00:00\" \/>\n<meta property=\"og:image\" content=\"https:\/\/beebipai.ee\/wp-content\/uploads\/2022\/05\/neobulle-rinnanibusid-rahustav-oli-e1660720965528.jpg\" \/>\n\t<meta property=\"og:image:width\" content=\"700\" \/>\n\t<meta property=\"og:image:height\" content=\"559\" \/>\n\t<meta property=\"og:image:type\" content=\"image\/jpeg\" \/>\n<meta name=\"twitter:card\" content=\"summary_large_image\" \/>\n<meta name=\"twitter:label1\" content=\"Est. reading time\" \/>\n\t<meta name=\"twitter:data1\" content=\"3 min\u016btes\" \/>\n<script type=\"application\/ld+json\" class=\"yoast-schema-graph\">{\"@context\":\"https:\\\/\\\/schema.org\",\"@graph\":[{\"@type\":\"WebPage\",\"@id\":\"https:\\\/\\\/beebipai.ee\\\/product\\\/neobulle-orgaaniline-rinnanibusid-rahustav-oli-50-ml\\\/\",\"url\":\"https:\\\/\\\/beebipai.ee\\\/product\\\/neobulle-orgaaniline-rinnanibusid-rahustav-oli-50-ml\\\/\",\"name\":\"Neobulle orgaaniline rinnanibusid rahustav \u00f5li, 50 ml - Beebipai\",\"isPartOf\":{\"@id\":\"https:\\\/\\\/beebipai.ee\\\/en\\\/#website\"},\"primaryImageOfPage\":{\"@id\":\"https:\\\/\\\/beebipai.ee\\\/product\\\/neobulle-orgaaniline-rinnanibusid-rahustav-oli-50-ml\\\/#primaryimage\"},\"image\":{\"@id\":\"https:\\\/\\\/beebipai.ee\\\/product\\\/neobulle-orgaaniline-rinnanibusid-rahustav-oli-50-ml\\\/#primaryimage\"},\"thumbnailUrl\":\"https:\\\/\\\/beebipai.ee\\\/wp-content\\\/uploads\\\/2022\\\/05\\\/neobulle-rinnanibusid-rahustav-oli-e1660720965528.jpg\",\"datePublished\":\"2022-05-24T20:54:37+00:00\",\"dateModified\":\"2023-09-10T16:21:57+00:00\",\"description\":\"Neobulle orgaaniline rinnanibusid rahustav \u00f5li leevendab kiiresti rinnanibude valulikkuse. Vaata toodet Neobulle orgaaniline rinnanibusid rahustav \u00f5li!\",\"breadcrumb\":{\"@id\":\"https:\\\/\\\/beebipai.ee\\\/product\\\/neobulle-orgaaniline-rinnanibusid-rahustav-oli-50-ml\\\/#breadcrumb\"},\"inLanguage\":\"lv-LV\",\"potentialAction\":[{\"@type\":\"ReadAction\",\"target\":[\"https:\\\/\\\/beebipai.ee\\\/product\\\/neobulle-orgaaniline-rinnanibusid-rahustav-oli-50-ml\\\/\"]}]},{\"@type\":\"ImageObject\",\"inLanguage\":\"lv-LV\",\"@id\":\"https:\\\/\\\/beebipai.ee\\\/product\\\/neobulle-orgaaniline-rinnanibusid-rahustav-oli-50-ml\\\/#primaryimage\",\"url\":\"https:\\\/\\\/beebipai.ee\\\/wp-content\\\/uploads\\\/2022\\\/05\\\/neobulle-rinnanibusid-rahustav-oli-e1660720965528.jpg\",\"contentUrl\":\"https:\\\/\\\/beebipai.ee\\\/wp-content\\\/uploads\\\/2022\\\/05\\\/neobulle-rinnanibusid-rahustav-oli-e1660720965528.jpg\",\"width\":700,\"height\":559},{\"@type\":\"BreadcrumbList\",\"@id\":\"https:\\\/\\\/beebipai.ee\\\/product\\\/neobulle-orgaaniline-rinnanibusid-rahustav-oli-50-ml\\\/#breadcrumb\",\"itemListElement\":[{\"@type\":\"ListItem\",\"position\":1,\"name\":\"Home\",\"item\":\"https:\\\/\\\/beebipai.ee\\\/\"},{\"@type\":\"ListItem\",\"position\":2,\"name\":\"Pood\",\"item\":\"https:\\\/\\\/beebipai.ee\\\/store\\\/\"},{\"@type\":\"ListItem\",\"position\":3,\"name\":\"Neobulle orgaaniline rinnanibusid rahustav \u00f5li, 50 ml\"}]},{\"@type\":\"WebSite\",\"@id\":\"https:\\\/\\\/beebipai.ee\\\/en\\\/#website\",\"url\":\"https:\\\/\\\/beebipai.ee\\\/en\\\/\",\"name\":\"Beebipai\",\"description\":\"Rasedate ja beebide veebipood\",\"potentialAction\":[{\"@type\":\"SearchAction\",\"target\":{\"@type\":\"EntryPoint\",\"urlTemplate\":\"https:\\\/\\\/beebipai.ee\\\/en\\\/?s={search_term_string}\"},\"query-input\":{\"@type\":\"PropertyValueSpecification\",\"valueRequired\":true,\"valueName\":\"search_term_string\"}}],\"inLanguage\":\"lv-LV\"}]}<\/script>\n<!-- \/ Yoast SEO plugin. -->","yoast_head_json":{"title":"Neobulle orgaaniline rinnanibusid rahustav \u00f5li, 50 ml - Beebipai","description":"Neobulle orgaaniline rinnanibusid rahustav \u00f5li leevendab kiiresti rinnanibude valulikkuse. Vaata toodet Neobulle orgaaniline rinnanibusid rahustav \u00f5li!","robots":{"index":"index","follow":"follow","max-snippet":"max-snippet:-1","max-image-preview":"max-image-preview:large","max-video-preview":"max-video-preview:-1"},"canonical":"https:\/\/beebipai.ee\/lv\/product\/neobulle-orgaaniline-rinnanibusid-rahustav-oli-50-ml\/","og_locale":"lv_LV","og_type":"article","og_title":"Neobulle orgaaniline rinnanibusid rahustav \u00f5li, 50 ml - Beebipai","og_description":"Neobulle orgaaniline rinnanibusid rahustav \u00f5li leevendab kiiresti rinnanibude valulikkuse. Vaata toodet Neobulle orgaaniline rinnanibusid rahustav \u00f5li!","og_url":"https:\/\/beebipai.ee\/lv\/product\/neobulle-orgaaniline-rinnanibusid-rahustav-oli-50-ml\/","og_site_name":"Beebipai","article_modified_time":"2023-09-10T16:21:57+00:00","og_image":[{"width":700,"height":559,"url":"https:\/\/beebipai.ee\/wp-content\/uploads\/2022\/05\/neobulle-rinnanibusid-rahustav-oli-e1660720965528.jpg","type":"image\/jpeg"}],"twitter_card":"summary_large_image","twitter_misc":{"Est. reading time":"3 min\u016btes"},"schema":{"@context":"https:\/\/schema.org","@graph":[{"@type":"WebPage","@id":"https:\/\/beebipai.ee\/product\/neobulle-orgaaniline-rinnanibusid-rahustav-oli-50-ml\/","url":"https:\/\/beebipai.ee\/product\/neobulle-orgaaniline-rinnanibusid-rahustav-oli-50-ml\/","name":"Neobulle orgaaniline rinnanibusid rahustav \u00f5li, 50 ml - Beebipai","isPartOf":{"@id":"https:\/\/beebipai.ee\/en\/#website"},"primaryImageOfPage":{"@id":"https:\/\/beebipai.ee\/product\/neobulle-orgaaniline-rinnanibusid-rahustav-oli-50-ml\/#primaryimage"},"image":{"@id":"https:\/\/beebipai.ee\/product\/neobulle-orgaaniline-rinnanibusid-rahustav-oli-50-ml\/#primaryimage"},"thumbnailUrl":"https:\/\/beebipai.ee\/wp-content\/uploads\/2022\/05\/neobulle-rinnanibusid-rahustav-oli-e1660720965528.jpg","datePublished":"2022-05-24T20:54:37+00:00","dateModified":"2023-09-10T16:21:57+00:00","description":"Neobulle orgaaniline rinnanibusid rahustav \u00f5li leevendab kiiresti rinnanibude valulikkuse. Vaata toodet Neobulle orgaaniline rinnanibusid rahustav \u00f5li!","breadcrumb":{"@id":"https:\/\/beebipai.ee\/product\/neobulle-orgaaniline-rinnanibusid-rahustav-oli-50-ml\/#breadcrumb"},"inLanguage":"lv-LV","potentialAction":[{"@type":"ReadAction","target":["https:\/\/beebipai.ee\/product\/neobulle-orgaaniline-rinnanibusid-rahustav-oli-50-ml\/"]}]},{"@type":"ImageObject","inLanguage":"lv-LV","@id":"https:\/\/beebipai.ee\/product\/neobulle-orgaaniline-rinnanibusid-rahustav-oli-50-ml\/#primaryimage","url":"https:\/\/beebipai.ee\/wp-content\/uploads\/2022\/05\/neobulle-rinnanibusid-rahustav-oli-e1660720965528.jpg","contentUrl":"https:\/\/beebipai.ee\/wp-content\/uploads\/2022\/05\/neobulle-rinnanibusid-rahustav-oli-e1660720965528.jpg","width":700,"height":559},{"@type":"BreadcrumbList","@id":"https:\/\/beebipai.ee\/product\/neobulle-orgaaniline-rinnanibusid-rahustav-oli-50-ml\/#breadcrumb","itemListElement":[{"@type":"ListItem","position":1,"name":"Home","item":"https:\/\/beebipai.ee\/"},{"@type":"ListItem","position":2,"name":"Pood","item":"https:\/\/beebipai.ee\/store\/"},{"@type":"ListItem","position":3,"name":"Neobulle orgaaniline rinnanibusid rahustav \u00f5li, 50 ml"}]},{"@type":"WebSite","@id":"https:\/\/beebipai.ee\/en\/#website","url":"https:\/\/beebipai.ee\/en\/","name":"Beebipai","description":"Rasedate ja beebide veebipood","potentialAction":[{"@type":"SearchAction","target":{"@type":"EntryPoint","urlTemplate":"https:\/\/beebipai.ee\/en\/?s={search_term_string}"},"query-input":{"@type":"PropertyValueSpecification","valueRequired":true,"valueName":"search_term_string"}}],"inLanguage":"lv-LV"}]}},"_links":{"self":[{"href":"https:\/\/beebipai.ee\/lv\/wp-json\/wp\/v2\/product\/3669","targetHints":{"allow":["GET"]}}],"collection":[{"href":"https:\/\/beebipai.ee\/lv\/wp-json\/wp\/v2\/product"}],"about":[{"href":"https:\/\/beebipai.ee\/lv\/wp-json\/wp\/v2\/types\/product"}],"version-history":[{"count":5,"href":"https:\/\/beebipai.ee\/lv\/wp-json\/wp\/v2\/product\/3669\/revisions"}],"predecessor-version":[{"id":5457,"href":"https:\/\/beebipai.ee\/lv\/wp-json\/wp\/v2\/product\/3669\/revisions\/5457"}],"wp:featuredmedia":[{"embeddable":true,"href":"https:\/\/beebipai.ee\/lv\/wp-json\/wp\/v2\/media\/5868"}],"wp:attachment":[{"href":"https:\/\/beebipai.ee\/lv\/wp-json\/wp\/v2\/media?parent=3669"}],"wp:term":[{"taxonomy":"product_brand","embeddable":true,"href":"https:\/\/beebipai.ee\/lv\/wp-json\/wp\/v2\/product_brand?post=3669"},{"taxonomy":"product_cat","embeddable":true,"href":"https:\/\/beebipai.ee\/lv\/wp-json\/wp\/v2\/product_cat?post=3669"},{"taxonomy":"product_tag","embeddable":true,"href":"https:\/\/beebipai.ee\/lv\/wp-json\/wp\/v2\/product_tag?post=3669"}],"curies":[{"name":"wp","href":"https:\/\/api.w.org\/{rel}","templated":true}]}}