{"id":3613,"date":"2022-05-24T12:42:27","date_gmt":"2022-05-24T09:42:27","guid":{"rendered":"https:\/\/beebipai.ee\/?post_type=product&#038;p=3613"},"modified":"2024-03-31T00:07:19","modified_gmt":"2024-03-30T22:07:19","slug":"neobulle-orgaaniline-putukahammustuste-leevendaja-9ml","status":"publish","type":"product","link":"https:\/\/beebipai.ee\/lv\/product\/neobulle-orgaaniline-putukahammustuste-leevendaja-9ml\/","title":{"rendered":"Neobulle orgaaniline putukahammustuste leevendaja, 9ml"},"content":{"rendered":"<div data-elementor-type=\"wp-post\" data-elementor-id=\"3613\" class=\"elementor elementor-3613\">\n\t\t\t\t\t\t<section class=\"elementor-section elementor-top-section elementor-element elementor-element-cd3be09 elementor-section-boxed elementor-section-height-default elementor-section-height-default\" data-id=\"cd3be09\" data-element_type=\"section\" data-e-type=\"section\">\n\t\t\t\t\t\t<div class=\"elementor-container elementor-column-gap-default\">\n\t\t\t\t\t<div class=\"elementor-column elementor-col-50 elementor-top-column elementor-element elementor-element-eb7e6d0\" data-id=\"eb7e6d0\" data-element_type=\"column\" data-e-type=\"column\">\n\t\t\t<div class=\"elementor-widget-wrap elementor-element-populated\">\n\t\t\t\t\t\t<div class=\"elementor-element elementor-element-4c6b9e9 elementor-widget elementor-widget-heading\" data-id=\"4c6b9e9\" data-element_type=\"widget\" data-e-type=\"widget\" data-widget_type=\"heading.default\">\n\t\t\t\t<div class=\"elementor-widget-container\">\n\t\t\t\t\t<h2 class=\"elementor-heading-title elementor-size-default\">Neobulle orgaaniline putukahammustuste leevendaja<\/h2>\t\t\t\t<\/div>\n\t\t\t\t<\/div>\n\t\t\t\t<div class=\"elementor-element elementor-element-29272aa elementor-widget elementor-widget-text-editor\" data-id=\"29272aa\" data-element_type=\"widget\" data-e-type=\"widget\" data-widget_type=\"text-editor.default\">\n\t\t\t\t<div class=\"elementor-widget-container\">\n\t\t\t\t\t\t\t\t\t<p>Kauaoodatud suvep\u00e4evad toovad kaasa ka t\u00fc\u00fctud putukad. Soojade ilmadega on kohe platsis s\u00e4\u00e4sed, mesilased, herilased, k\u00e4rbsed ja teisedki toredad tegelased.<\/p><p>Putukahammustused on \u00e4\u00e4rmiselt ebameeldivad t\u00e4iskasvanud inimese jaoks, lastest, beebidest r\u00e4\u00e4kimata.<\/p><p>Pea iga putukahammustusega kaasneb naha\u00e4rritus, millest annab m\u00e4rku punetav punn nahal. Enamasti p\u00f5hjustab hammustuse koht valu ja s\u00fcgelust olenemata punni suurusest.\u00a0<\/p><p>Beebi nahk on erakordselt \u00f5rn, mis suurema inimesega v\u00f5rreldes v\u00f5ib putukahammustusele reageerida oluliselt intensiivsemalt. Esineda v\u00f5ib punetust, turset ja s\u00fcgelust palju suuremal m\u00e4\u00e4ral, v\u00f5rreldes t\u00e4iskasvanuga. Beebi muutub putukahammustuse j\u00e4rgselt rahutuks, v\u00f5ib nutta, hakkab siplema ja soovib rohkem l\u00e4hedust.\u00a0<\/p><p>Putukahammustuse j\u00e4rgselt peaks \u00e4rritunud piirkonda v\u00f5imalikult kiirelt proovima leevendada, et v\u00f5imalikult kiirelt leeveneksid ka hammustusega kaasnevad \u00e4rritusn\u00e4hud.<\/p>\t\t\t\t\t\t\t\t<\/div>\n\t\t\t\t<\/div>\n\t\t\t\t\t<\/div>\n\t\t<\/div>\n\t\t\t\t<div class=\"elementor-column elementor-col-50 elementor-top-column elementor-element elementor-element-6d97389\" data-id=\"6d97389\" data-element_type=\"column\" data-e-type=\"column\">\n\t\t\t<div class=\"elementor-widget-wrap elementor-element-populated\">\n\t\t\t\t\t\t<div class=\"elementor-element elementor-element-0c8be86 elementor-widget elementor-widget-image\" data-id=\"0c8be86\" data-element_type=\"widget\" data-e-type=\"widget\" data-widget_type=\"image.default\">\n\t\t\t\t<div class=\"elementor-widget-container\">\n\t\t\t\t\t\t\t\t\t\t\t\t\t\t\t<img fetchpriority=\"high\" decoding=\"async\" width=\"1024\" height=\"521\" src=\"https:\/\/beebipai.ee\/wp-content\/uploads\/2022\/05\/Neobulle-orgaaniline-putukahammustuste-leevendaja-4-1024x521.jpg\" class=\"attachment-large size-large wp-image-3619\" alt=\"\" srcset=\"https:\/\/beebipai.ee\/wp-content\/uploads\/2022\/05\/Neobulle-orgaaniline-putukahammustuste-leevendaja-4-1024x521.jpg 1024w, https:\/\/beebipai.ee\/wp-content\/uploads\/2022\/05\/Neobulle-orgaaniline-putukahammustuste-leevendaja-4-e1653385609474-300x153.jpg 300w, https:\/\/beebipai.ee\/wp-content\/uploads\/2022\/05\/Neobulle-orgaaniline-putukahammustuste-leevendaja-4-768x391.jpg 768w, https:\/\/beebipai.ee\/wp-content\/uploads\/2022\/05\/Neobulle-orgaaniline-putukahammustuste-leevendaja-4-e1653385609474-18x9.jpg 18w, https:\/\/beebipai.ee\/wp-content\/uploads\/2022\/05\/Neobulle-orgaaniline-putukahammustuste-leevendaja-4-600x305.jpg 600w, https:\/\/beebipai.ee\/wp-content\/uploads\/2022\/05\/Neobulle-orgaaniline-putukahammustuste-leevendaja-4-e1653385609474.jpg 400w\" sizes=\"(max-width: 1024px) 100vw, 1024px\" \/>\t\t\t\t\t\t\t\t\t\t\t\t\t\t\t<\/div>\n\t\t\t\t<\/div>\n\t\t\t\t\t<\/div>\n\t\t<\/div>\n\t\t\t\t\t<\/div>\n\t\t<\/section>\n\t\t\t\t<section class=\"elementor-section elementor-top-section elementor-element elementor-element-ce86048 elementor-section-boxed elementor-section-height-default elementor-section-height-default\" data-id=\"ce86048\" data-element_type=\"section\" data-e-type=\"section\">\n\t\t\t\t\t\t<div class=\"elementor-container elementor-column-gap-default\">\n\t\t\t\t\t<div class=\"elementor-column elementor-col-50 elementor-top-column elementor-element elementor-element-6f2e263\" data-id=\"6f2e263\" data-element_type=\"column\" data-e-type=\"column\">\n\t\t\t<div class=\"elementor-widget-wrap elementor-element-populated\">\n\t\t\t\t\t\t<div class=\"elementor-element elementor-element-8635107 elementor-widget elementor-widget-image\" data-id=\"8635107\" data-element_type=\"widget\" data-e-type=\"widget\" data-widget_type=\"image.default\">\n\t\t\t\t<div class=\"elementor-widget-container\">\n\t\t\t\t\t\t\t\t\t\t\t\t\t\t\t<img decoding=\"async\" width=\"638\" height=\"1024\" src=\"https:\/\/beebipai.ee\/wp-content\/uploads\/2022\/05\/Neobulle-orgaaniline-oli-saasepunnide-leevendamiseks-638x1024.jpg\" class=\"attachment-large size-large wp-image-5352\" alt=\"\" srcset=\"https:\/\/beebipai.ee\/wp-content\/uploads\/2022\/05\/Neobulle-orgaaniline-oli-saasepunnide-leevendamiseks-638x1024.jpg 638w, https:\/\/beebipai.ee\/wp-content\/uploads\/2022\/05\/Neobulle-orgaaniline-oli-saasepunnide-leevendamiseks-187x300.jpg 187w, https:\/\/beebipai.ee\/wp-content\/uploads\/2022\/05\/Neobulle-orgaaniline-oli-saasepunnide-leevendamiseks-768x1233.jpg 768w, https:\/\/beebipai.ee\/wp-content\/uploads\/2022\/05\/Neobulle-orgaaniline-oli-saasepunnide-leevendamiseks-956x1536.jpg 956w, https:\/\/beebipai.ee\/wp-content\/uploads\/2022\/05\/Neobulle-orgaaniline-oli-saasepunnide-leevendamiseks-1275x2048.jpg 1275w, https:\/\/beebipai.ee\/wp-content\/uploads\/2022\/05\/Neobulle-orgaaniline-oli-saasepunnide-leevendamiseks-7x12.jpg 7w, https:\/\/beebipai.ee\/wp-content\/uploads\/2022\/05\/Neobulle-orgaaniline-oli-saasepunnide-leevendamiseks-600x964.jpg 600w, https:\/\/beebipai.ee\/wp-content\/uploads\/2022\/05\/Neobulle-orgaaniline-oli-saasepunnide-leevendamiseks-scaled.jpg 1594w\" sizes=\"(max-width: 638px) 100vw, 638px\" \/>\t\t\t\t\t\t\t\t\t\t\t\t\t\t\t<\/div>\n\t\t\t\t<\/div>\n\t\t\t\t\t<\/div>\n\t\t<\/div>\n\t\t\t\t<div class=\"elementor-column elementor-col-50 elementor-top-column elementor-element elementor-element-fcfae2b\" data-id=\"fcfae2b\" data-element_type=\"column\" data-e-type=\"column\">\n\t\t\t<div class=\"elementor-widget-wrap elementor-element-populated\">\n\t\t\t\t\t\t<div class=\"elementor-element elementor-element-2f23119 elementor-widget elementor-widget-text-editor\" data-id=\"2f23119\" data-element_type=\"widget\" data-e-type=\"widget\" data-widget_type=\"text-editor.default\">\n\t\t\t\t<div class=\"elementor-widget-container\">\n\t\t\t\t\t\t\t\t\t<p>Neobulle rahustav \u00f5li rahustab kiirelt ja efektiivselt epidermist, kus v\u00e4ljenduvad esimesed \u00e4rritusn\u00e4hud peale s\u00e4\u00e4skede, herilaste jt putukate hammustust.\u00a0 Eemaldab hammustuskoha s\u00fcgeluse ja pakitsustunde.\u00a0<\/p><p>Neobulle putukahammustusj\u00e4rgne \u00f5li on kombinatsioon orgaaniliste rahustavate ja desinfitseerivate taimede nagu p\u00f5ldtuderi, p\u00e4evalille, lavendeli, geraaniumi, rooma kummeli ja rosmariini eeterlikest \u00f5lidest, mis muudavad selle kasutamise ideaalseks beebi \u00f5rnal nahal. \u00d5li ei sisalda alkoholi, mentooli ega s\u00e4ilitusaineid.<\/p><p>Praktiline ja funktsionaalne &#8220;roll-on&#8221; pudel\u00a0 on mugav igale poole kaasa v\u00f5tta ja v\u00f5imaldab \u00f5li kiiret ja t\u00e4pset kasutamist.<\/p><p>M\u00e4\u00e4rige tilgake \u00f5li 3-4 korda p\u00e4evas hammustuse kohale.<\/p><p>Sobilik kasutada alates 3-ndast elukuust. Sobib ka rasedatele ja rinnaga toitvatele emadele<\/p>\t\t\t\t\t\t\t\t<\/div>\n\t\t\t\t<\/div>\n\t\t\t\t\t<\/div>\n\t\t<\/div>\n\t\t\t\t\t<\/div>\n\t\t<\/section>\n\t\t\t\t<section class=\"elementor-section elementor-top-section elementor-element elementor-element-6337c49 elementor-section-boxed elementor-section-height-default elementor-section-height-default\" data-id=\"6337c49\" data-element_type=\"section\" data-e-type=\"section\">\n\t\t\t\t\t\t<div class=\"elementor-container elementor-column-gap-default\">\n\t\t\t\t\t<div class=\"elementor-column elementor-col-50 elementor-top-column elementor-element elementor-element-7f5e626\" data-id=\"7f5e626\" data-element_type=\"column\" data-e-type=\"column\">\n\t\t\t<div class=\"elementor-widget-wrap elementor-element-populated\">\n\t\t\t\t\t\t<div class=\"elementor-element elementor-element-0e3de0d elementor-widget elementor-widget-heading\" data-id=\"0e3de0d\" data-element_type=\"widget\" data-e-type=\"widget\" data-widget_type=\"heading.default\">\n\t\t\t\t<div class=\"elementor-widget-container\">\n\t\t\t\t\t<h2 class=\"elementor-heading-title elementor-size-default\">Putukahammustus v\u00f5ib vajada kiiret abi!<\/h2>\t\t\t\t<\/div>\n\t\t\t\t<\/div>\n\t\t\t\t<div class=\"elementor-element elementor-element-cf7e2eb elementor-widget elementor-widget-text-editor\" data-id=\"cf7e2eb\" data-element_type=\"widget\" data-e-type=\"widget\" data-widget_type=\"text-editor.default\">\n\t\t\t\t<div class=\"elementor-widget-container\">\n\t\t\t\t\t\t\t\t\t<p>Laste puhul, me vanematena alati ei pruugi teada, mille suhtes laps on allergiline. Seda ise\u00e4ranis lapse esimestel kokkupuudetel erinevate allergeenidega. Seet\u00f5ttu tuleb valmis olla ka v\u00f5imalikuks allergiliseks reaktsiooniks putukahammustuse j\u00e4rgselt.<\/p><p>On normaalne, et putukahammustuse korral tekib sinna punetus ja v\u00e4ike vesivill. On aga oluline aru saada, millal on tegemist kriitilise olukorraga ning lapsega on vaja p\u00f6\u00f6rduda haiglasse v\u00f5i kutsuda kiirabi.<\/p><p>Kiireloomuline on olukord siis, kui hammustuse kohta tekib intensiivne l\u00f6\u00f6ve, tekib n\u00e4o ja\/v\u00f5i kaela turse, lapsel tekivad hingamisraskused (ka hingeldamine on m\u00e4rk hingamisraskusest), tekib loidus ja\/v\u00f5i teadvuse kadu. Sellised juhul tuleks koheselt kutsuda abi<\/p><p>Konsulteeri perearsti v\u00f5i lastearstiga kui putukahammustuse koht tundub minevat suuremaks, kuumavamaks v\u00f5i paisub.\u00a0 Sellisel juhul v\u00f5ib tegu olla kas tugevama allergilise reaktsiooniga v\u00f5i hoopis infektsiooniga.<\/p>\t\t\t\t\t\t\t\t<\/div>\n\t\t\t\t<\/div>\n\t\t\t\t\t<\/div>\n\t\t<\/div>\n\t\t\t\t<div class=\"elementor-column elementor-col-50 elementor-top-column elementor-element elementor-element-8b03212\" data-id=\"8b03212\" data-element_type=\"column\" data-e-type=\"column\">\n\t\t\t<div class=\"elementor-widget-wrap elementor-element-populated\">\n\t\t\t\t\t\t<div class=\"elementor-element elementor-element-1c7cd89 elementor-widget elementor-widget-image\" data-id=\"1c7cd89\" data-element_type=\"widget\" data-e-type=\"widget\" data-widget_type=\"image.default\">\n\t\t\t\t<div class=\"elementor-widget-container\">\n\t\t\t\t\t\t\t\t\t\t\t\t\t\t\t<img decoding=\"async\" width=\"642\" height=\"361\" src=\"https:\/\/beebipai.ee\/wp-content\/uploads\/2022\/05\/allergia.webp\" class=\"attachment-large size-large wp-image-3632\" alt=\"\" srcset=\"https:\/\/beebipai.ee\/wp-content\/uploads\/2022\/05\/allergia.webp 642w, https:\/\/beebipai.ee\/wp-content\/uploads\/2022\/05\/allergia-300x169.webp 300w, https:\/\/beebipai.ee\/wp-content\/uploads\/2022\/05\/allergia-18x10.webp 18w, https:\/\/beebipai.ee\/wp-content\/uploads\/2022\/05\/allergia-600x337.webp 600w\" sizes=\"(max-width: 642px) 100vw, 642px\" \/>\t\t\t\t\t\t\t\t\t\t\t\t\t\t\t<\/div>\n\t\t\t\t<\/div>\n\t\t\t\t\t<\/div>\n\t\t<\/div>\n\t\t\t\t\t<\/div>\n\t\t<\/section>\n\t\t\t\t<\/div>","protected":false},"excerpt":{"rendered":"<p>Neobulle orgaaniline \u00f5li putukahammustuste j\u00e4rgsete vaevuste leevendamiseks on suurep\u00e4rane abivahend suviseks ajaks. Aitab kiiresti leevendada s\u00e4\u00e4skede, herilaste, parmude jt putukate hammuste j\u00e4rel tekkinud s\u00fcgelust, valu ja \u00e4rritust. Sobilik kasutamiseks k\u00f5igile alates 3-ndast elukuust, samuti rasedatele ja imetavatele emadele.<\/p>\n<p>100% sast\u0101vda\u013cu n\u0101k no biolo\u0123isk\u0101s lauksaimniec\u012bbas<\/p>\n<p>Ra\u017eots Francij\u0101<\/p>","protected":false},"featured_media":3615,"template":"","meta":{"_monsterinsights_skip_tracking":false,"_monsterinsights_sitenote_active":false,"_monsterinsights_sitenote_note":"","_monsterinsights_sitenote_category":0,"site-sidebar-layout":"no-sidebar","site-content-layout":"page-builder","ast-site-content-layout":"full-width-container","site-content-style":"unboxed","site-sidebar-style":"unboxed","ast-global-header-display":"","ast-banner-title-visibility":"","ast-main-header-display":"","ast-hfb-above-header-display":"","ast-hfb-below-header-display":"","ast-hfb-mobile-header-display":"","site-post-title":"disabled","ast-breadcrumbs-content":"","ast-featured-img":"disabled","footer-sml-layout":"","ast-disable-related-posts":"","theme-transparent-header-meta":"default","adv-header-id-meta":"","stick-header-meta":"","header-above-stick-meta":"","header-main-stick-meta":"","header-below-stick-meta":"","astra-migrate-meta-layouts":"set","ast-page-background-enabled":"default","ast-page-background-meta":{"desktop":{"background-color":"","background-image":"","background-repeat":"repeat","background-position":"center center","background-size":"auto","background-attachment":"scroll","background-type":"","background-media":"","overlay-type":"","overlay-color":"","overlay-opacity":"","overlay-gradient":""},"tablet":{"background-color":"","background-image":"","background-repeat":"repeat","background-position":"center center","background-size":"auto","background-attachment":"scroll","background-type":"","background-media":"","overlay-type":"","overlay-color":"","overlay-opacity":"","overlay-gradient":""},"mobile":{"background-color":"","background-image":"","background-repeat":"repeat","background-position":"center center","background-size":"auto","background-attachment":"scroll","background-type":"","background-media":"","overlay-type":"","overlay-color":"","overlay-opacity":"","overlay-gradient":""}},"ast-content-background-meta":{"desktop":{"background-color":"var(--ast-global-color-5)","background-image":"","background-repeat":"repeat","background-position":"center center","background-size":"auto","background-attachment":"scroll","background-type":"","background-media":"","overlay-type":"","overlay-color":"","overlay-opacity":"","overlay-gradient":""},"tablet":{"background-color":"var(--ast-global-color-5)","background-image":"","background-repeat":"repeat","background-position":"center center","background-size":"auto","background-attachment":"scroll","background-type":"","background-media":"","overlay-type":"","overlay-color":"","overlay-opacity":"","overlay-gradient":""},"mobile":{"background-color":"var(--ast-global-color-5)","background-image":"","background-repeat":"repeat","background-position":"center center","background-size":"auto","background-attachment":"scroll","background-type":"","background-media":"","overlay-type":"","overlay-color":"","overlay-opacity":"","overlay-gradient":""}}},"product_brand":[],"product_cat":[23,113,111,106,135,136],"product_tag":[],"class_list":{"0":"post-3613","1":"product","2":"type-product","3":"status-publish","4":"has-post-thumbnail","6":"product_cat-beebile","7":"product_cat-kehakreemid-ja-kehaolid","8":"product_cat-saasetorje-putukahammustused-vigastused","9":"product_cat-saasetorjevahendid-vigastuste-leevendamine","10":"product_cat-tervisemurede-leevend","11":"product_cat-tervisetooted","12":"desktop-align-left","13":"tablet-align-left","14":"mobile-align-left","16":"first","17":"instock","18":"taxable","19":"shipping-taxable","20":"purchasable","21":"product-type-simple"},"yoast_head":"<!-- This site is optimized with the Yoast SEO plugin v27.4 - https:\/\/yoast.com\/product\/yoast-seo-wordpress\/ -->\n<title>Neobulle orgaaniline putukahammustuste leevendaja, 9ml - Beebipai<\/title>\n<meta name=\"description\" content=\"Neobulle orgaaniline putukahammustuste leevendaja aitab leevendada hammustute j\u00e4rgset valu ja s\u00fcgelust, Vaata toodet Neobulle putukahammustuste leevendaja!\" \/>\n<meta name=\"robots\" content=\"index, follow, max-snippet:-1, max-image-preview:large, max-video-preview:-1\" \/>\n<link rel=\"canonical\" href=\"https:\/\/beebipai.ee\/lv\/product\/neobulle-orgaaniline-putukahammustuste-leevendaja-9ml\/\" \/>\n<meta property=\"og:locale\" content=\"lv_LV\" \/>\n<meta property=\"og:type\" content=\"article\" \/>\n<meta property=\"og:title\" content=\"Neobulle orgaaniline putukahammustuste leevendaja, 9ml - Beebipai\" \/>\n<meta property=\"og:description\" content=\"Neobulle orgaaniline putukahammustuste leevendaja aitab leevendada hammustute j\u00e4rgset valu ja s\u00fcgelust, Vaata toodet Neobulle putukahammustuste leevendaja!\" \/>\n<meta property=\"og:url\" content=\"https:\/\/beebipai.ee\/lv\/product\/neobulle-orgaaniline-putukahammustuste-leevendaja-9ml\/\" \/>\n<meta property=\"og:site_name\" content=\"Beebipai\" \/>\n<meta property=\"article:modified_time\" content=\"2024-03-30T22:07:19+00:00\" \/>\n<meta property=\"og:image\" content=\"https:\/\/beebipai.ee\/wp-content\/uploads\/2022\/05\/Neobulle-orgaaniline-putukahammustuste-leevendaja-3.jpg\" \/>\n\t<meta property=\"og:image:width\" content=\"600\" \/>\n\t<meta property=\"og:image:height\" content=\"600\" \/>\n\t<meta property=\"og:image:type\" content=\"image\/jpeg\" \/>\n<meta name=\"twitter:card\" content=\"summary_large_image\" \/>\n<meta name=\"twitter:label1\" content=\"Est. reading time\" \/>\n\t<meta name=\"twitter:data1\" content=\"3 min\u016btes\" \/>\n<script type=\"application\/ld+json\" class=\"yoast-schema-graph\">{\"@context\":\"https:\\\/\\\/schema.org\",\"@graph\":[{\"@type\":\"WebPage\",\"@id\":\"https:\\\/\\\/beebipai.ee\\\/en\\\/product\\\/neobulle-orgaaniline-putukahammustuste-leevendaja-9ml\\\/\",\"url\":\"https:\\\/\\\/beebipai.ee\\\/en\\\/product\\\/neobulle-orgaaniline-putukahammustuste-leevendaja-9ml\\\/\",\"name\":\"Neobulle orgaaniline putukahammustuste leevendaja, 9ml - Beebipai\",\"isPartOf\":{\"@id\":\"https:\\\/\\\/beebipai.ee\\\/en\\\/#website\"},\"primaryImageOfPage\":{\"@id\":\"https:\\\/\\\/beebipai.ee\\\/en\\\/product\\\/neobulle-orgaaniline-putukahammustuste-leevendaja-9ml\\\/#primaryimage\"},\"image\":{\"@id\":\"https:\\\/\\\/beebipai.ee\\\/en\\\/product\\\/neobulle-orgaaniline-putukahammustuste-leevendaja-9ml\\\/#primaryimage\"},\"thumbnailUrl\":\"https:\\\/\\\/beebipai.ee\\\/wp-content\\\/uploads\\\/2022\\\/05\\\/Neobulle-orgaaniline-putukahammustuste-leevendaja-3.jpg\",\"datePublished\":\"2022-05-24T09:42:27+00:00\",\"dateModified\":\"2024-03-30T22:07:19+00:00\",\"description\":\"Neobulle orgaaniline putukahammustuste leevendaja aitab leevendada hammustute j\u00e4rgset valu ja s\u00fcgelust, Vaata toodet Neobulle putukahammustuste leevendaja!\",\"breadcrumb\":{\"@id\":\"https:\\\/\\\/beebipai.ee\\\/en\\\/product\\\/neobulle-orgaaniline-putukahammustuste-leevendaja-9ml\\\/#breadcrumb\"},\"inLanguage\":\"lv-LV\",\"potentialAction\":[{\"@type\":\"ReadAction\",\"target\":[\"https:\\\/\\\/beebipai.ee\\\/en\\\/product\\\/neobulle-orgaaniline-putukahammustuste-leevendaja-9ml\\\/\"]}]},{\"@type\":\"ImageObject\",\"inLanguage\":\"lv-LV\",\"@id\":\"https:\\\/\\\/beebipai.ee\\\/en\\\/product\\\/neobulle-orgaaniline-putukahammustuste-leevendaja-9ml\\\/#primaryimage\",\"url\":\"https:\\\/\\\/beebipai.ee\\\/wp-content\\\/uploads\\\/2022\\\/05\\\/Neobulle-orgaaniline-putukahammustuste-leevendaja-3.jpg\",\"contentUrl\":\"https:\\\/\\\/beebipai.ee\\\/wp-content\\\/uploads\\\/2022\\\/05\\\/Neobulle-orgaaniline-putukahammustuste-leevendaja-3.jpg\",\"width\":600,\"height\":600},{\"@type\":\"BreadcrumbList\",\"@id\":\"https:\\\/\\\/beebipai.ee\\\/en\\\/product\\\/neobulle-orgaaniline-putukahammustuste-leevendaja-9ml\\\/#breadcrumb\",\"itemListElement\":[{\"@type\":\"ListItem\",\"position\":1,\"name\":\"Home\",\"item\":\"https:\\\/\\\/beebipai.ee\\\/\"},{\"@type\":\"ListItem\",\"position\":2,\"name\":\"Pood\",\"item\":\"https:\\\/\\\/beebipai.ee\\\/store\\\/\"},{\"@type\":\"ListItem\",\"position\":3,\"name\":\"Neobulle orgaaniline putukahammustuste leevendaja, 9ml\"}]},{\"@type\":\"WebSite\",\"@id\":\"https:\\\/\\\/beebipai.ee\\\/en\\\/#website\",\"url\":\"https:\\\/\\\/beebipai.ee\\\/en\\\/\",\"name\":\"Beebipai\",\"description\":\"Rasedate ja beebide veebipood\",\"potentialAction\":[{\"@type\":\"SearchAction\",\"target\":{\"@type\":\"EntryPoint\",\"urlTemplate\":\"https:\\\/\\\/beebipai.ee\\\/en\\\/?s={search_term_string}\"},\"query-input\":{\"@type\":\"PropertyValueSpecification\",\"valueRequired\":true,\"valueName\":\"search_term_string\"}}],\"inLanguage\":\"lv-LV\"}]}<\/script>\n<!-- \/ Yoast SEO plugin. -->","yoast_head_json":{"title":"Neobulle orgaaniline putukahammustuste leevendaja, 9ml - Beebipai","description":"Neobulle orgaaniline putukahammustuste leevendaja aitab leevendada hammustute j\u00e4rgset valu ja s\u00fcgelust, Vaata toodet Neobulle putukahammustuste leevendaja!","robots":{"index":"index","follow":"follow","max-snippet":"max-snippet:-1","max-image-preview":"max-image-preview:large","max-video-preview":"max-video-preview:-1"},"canonical":"https:\/\/beebipai.ee\/lv\/product\/neobulle-orgaaniline-putukahammustuste-leevendaja-9ml\/","og_locale":"lv_LV","og_type":"article","og_title":"Neobulle orgaaniline putukahammustuste leevendaja, 9ml - Beebipai","og_description":"Neobulle orgaaniline putukahammustuste leevendaja aitab leevendada hammustute j\u00e4rgset valu ja s\u00fcgelust, Vaata toodet Neobulle putukahammustuste leevendaja!","og_url":"https:\/\/beebipai.ee\/lv\/product\/neobulle-orgaaniline-putukahammustuste-leevendaja-9ml\/","og_site_name":"Beebipai","article_modified_time":"2024-03-30T22:07:19+00:00","og_image":[{"width":600,"height":600,"url":"https:\/\/beebipai.ee\/wp-content\/uploads\/2022\/05\/Neobulle-orgaaniline-putukahammustuste-leevendaja-3.jpg","type":"image\/jpeg"}],"twitter_card":"summary_large_image","twitter_misc":{"Est. reading time":"3 min\u016btes"},"schema":{"@context":"https:\/\/schema.org","@graph":[{"@type":"WebPage","@id":"https:\/\/beebipai.ee\/en\/product\/neobulle-orgaaniline-putukahammustuste-leevendaja-9ml\/","url":"https:\/\/beebipai.ee\/en\/product\/neobulle-orgaaniline-putukahammustuste-leevendaja-9ml\/","name":"Neobulle orgaaniline putukahammustuste leevendaja, 9ml - Beebipai","isPartOf":{"@id":"https:\/\/beebipai.ee\/en\/#website"},"primaryImageOfPage":{"@id":"https:\/\/beebipai.ee\/en\/product\/neobulle-orgaaniline-putukahammustuste-leevendaja-9ml\/#primaryimage"},"image":{"@id":"https:\/\/beebipai.ee\/en\/product\/neobulle-orgaaniline-putukahammustuste-leevendaja-9ml\/#primaryimage"},"thumbnailUrl":"https:\/\/beebipai.ee\/wp-content\/uploads\/2022\/05\/Neobulle-orgaaniline-putukahammustuste-leevendaja-3.jpg","datePublished":"2022-05-24T09:42:27+00:00","dateModified":"2024-03-30T22:07:19+00:00","description":"Neobulle orgaaniline putukahammustuste leevendaja aitab leevendada hammustute j\u00e4rgset valu ja s\u00fcgelust, Vaata toodet Neobulle putukahammustuste leevendaja!","breadcrumb":{"@id":"https:\/\/beebipai.ee\/en\/product\/neobulle-orgaaniline-putukahammustuste-leevendaja-9ml\/#breadcrumb"},"inLanguage":"lv-LV","potentialAction":[{"@type":"ReadAction","target":["https:\/\/beebipai.ee\/en\/product\/neobulle-orgaaniline-putukahammustuste-leevendaja-9ml\/"]}]},{"@type":"ImageObject","inLanguage":"lv-LV","@id":"https:\/\/beebipai.ee\/en\/product\/neobulle-orgaaniline-putukahammustuste-leevendaja-9ml\/#primaryimage","url":"https:\/\/beebipai.ee\/wp-content\/uploads\/2022\/05\/Neobulle-orgaaniline-putukahammustuste-leevendaja-3.jpg","contentUrl":"https:\/\/beebipai.ee\/wp-content\/uploads\/2022\/05\/Neobulle-orgaaniline-putukahammustuste-leevendaja-3.jpg","width":600,"height":600},{"@type":"BreadcrumbList","@id":"https:\/\/beebipai.ee\/en\/product\/neobulle-orgaaniline-putukahammustuste-leevendaja-9ml\/#breadcrumb","itemListElement":[{"@type":"ListItem","position":1,"name":"Home","item":"https:\/\/beebipai.ee\/"},{"@type":"ListItem","position":2,"name":"Pood","item":"https:\/\/beebipai.ee\/store\/"},{"@type":"ListItem","position":3,"name":"Neobulle orgaaniline putukahammustuste leevendaja, 9ml"}]},{"@type":"WebSite","@id":"https:\/\/beebipai.ee\/en\/#website","url":"https:\/\/beebipai.ee\/en\/","name":"Beebipai","description":"Rasedate ja beebide veebipood","potentialAction":[{"@type":"SearchAction","target":{"@type":"EntryPoint","urlTemplate":"https:\/\/beebipai.ee\/en\/?s={search_term_string}"},"query-input":{"@type":"PropertyValueSpecification","valueRequired":true,"valueName":"search_term_string"}}],"inLanguage":"lv-LV"}]}},"_links":{"self":[{"href":"https:\/\/beebipai.ee\/lv\/wp-json\/wp\/v2\/product\/3613","targetHints":{"allow":["GET"]}}],"collection":[{"href":"https:\/\/beebipai.ee\/lv\/wp-json\/wp\/v2\/product"}],"about":[{"href":"https:\/\/beebipai.ee\/lv\/wp-json\/wp\/v2\/types\/product"}],"version-history":[{"count":5,"href":"https:\/\/beebipai.ee\/lv\/wp-json\/wp\/v2\/product\/3613\/revisions"}],"predecessor-version":[{"id":5359,"href":"https:\/\/beebipai.ee\/lv\/wp-json\/wp\/v2\/product\/3613\/revisions\/5359"}],"wp:featuredmedia":[{"embeddable":true,"href":"https:\/\/beebipai.ee\/lv\/wp-json\/wp\/v2\/media\/3615"}],"wp:attachment":[{"href":"https:\/\/beebipai.ee\/lv\/wp-json\/wp\/v2\/media?parent=3613"}],"wp:term":[{"taxonomy":"product_brand","embeddable":true,"href":"https:\/\/beebipai.ee\/lv\/wp-json\/wp\/v2\/product_brand?post=3613"},{"taxonomy":"product_cat","embeddable":true,"href":"https:\/\/beebipai.ee\/lv\/wp-json\/wp\/v2\/product_cat?post=3613"},{"taxonomy":"product_tag","embeddable":true,"href":"https:\/\/beebipai.ee\/lv\/wp-json\/wp\/v2\/product_tag?post=3613"}],"curies":[{"name":"wp","href":"https:\/\/api.w.org\/{rel}","templated":true}]}}