{"id":3535,"date":"2022-05-22T22:53:23","date_gmt":"2022-05-22T19:53:23","guid":{"rendered":"https:\/\/beebipai.ee\/?post_type=product&#038;p=3535"},"modified":"2022-10-27T18:15:45","modified_gmt":"2022-10-27T15:15:45","slug":"neobulle-looduslik-ihupiim-125ml","status":"publish","type":"product","link":"https:\/\/beebipai.ee\/lv\/product\/neobulle-looduslik-ihupiim-125ml\/","title":{"rendered":"Neobulle looduslik geel Aloe Veraga, 125ml"},"content":{"rendered":"<div data-elementor-type=\"wp-post\" data-elementor-id=\"3535\" class=\"elementor elementor-3535\">\n\t\t\t\t\t\t<section class=\"elementor-section elementor-top-section elementor-element elementor-element-234bf50 elementor-section-boxed elementor-section-height-default elementor-section-height-default\" data-id=\"234bf50\" data-element_type=\"section\" data-e-type=\"section\">\n\t\t\t\t\t\t<div class=\"elementor-container elementor-column-gap-default\">\n\t\t\t\t\t<div class=\"elementor-column elementor-col-50 elementor-top-column elementor-element elementor-element-78aeca8\" data-id=\"78aeca8\" data-element_type=\"column\" data-e-type=\"column\">\n\t\t\t<div class=\"elementor-widget-wrap elementor-element-populated\">\n\t\t\t\t\t\t<div class=\"elementor-element elementor-element-fa3a1c8 elementor-widget elementor-widget-heading\" data-id=\"fa3a1c8\" data-element_type=\"widget\" data-e-type=\"widget\" data-widget_type=\"heading.default\">\n\t\t\t\t<div class=\"elementor-widget-container\">\n\t\t\t\t\t<h2 class=\"elementor-heading-title elementor-size-default\">Neobulle looduslik geel Aloe Veraga<\/h2>\t\t\t\t<\/div>\n\t\t\t\t<\/div>\n\t\t\t\t<div class=\"elementor-element elementor-element-ca266c2 elementor-widget elementor-widget-text-editor\" data-id=\"ca266c2\" data-element_type=\"widget\" data-e-type=\"widget\" data-widget_type=\"text-editor.default\">\n\t\t\t\t<div class=\"elementor-widget-container\">\n\t\t\t\t\t\t\t\t\t<p>Beebi nahk on t\u00e4iskasvanu nahaga v\u00f5rreldes kordades \u00f5hem ja tundlikum.<\/p><p>Ema\u00fcsas katab tema nahka lootev\u00f5ie, mis toimib beebi \u00f5rna nahka kaitsva kreemina. S\u00fcndimise hetkel on seda m\u00f5neti veel alles, kuid imendub enamasti beebi esimese elup\u00e4eva jooksul.\u00a0 Seda kaitsvat kreemi ei tasu seega maha pesta ega h\u00f5\u00f5ruda, vaid lasta tal ise naha sisse imenduda.<\/p><p>Sellest hetkest alates on imiku nahahooldus asendamatu t\u00e4htsusega. Imiku naha loomulik kaitsekiht kujuneb v\u00e4lja esimeste elun\u00e4dalate jooksul. K\u00fcll aga uueneb imikute ja ka suuremate laste naha kaitsekiht palju aeglasemalt kui t\u00e4iskasvanute oma. Naha kaitsekiht omab aga \u00fcliolulist funktsiooni- kaitseb beebi \u00f5rna nahka haigustekitajate ja \u00e4rrituste eest. K\u00f5ik kemikaalid, v\u00e4rvained, parf\u00fc\u00fcmid, s\u00fcnteetilised s\u00e4ilitusained v\u00f5ivad p\u00f5hjustada \u00f5rnale nahale kuivust, \u00e4rritust ja l\u00f6\u00f6vet. See aga omakorda l\u00f5hub naha kaitsebarj\u00e4\u00e4ri ja muudab naha vastuv\u00f5tlikuks haigustekitajatele.\u00a0<\/p>\t\t\t\t\t\t\t\t<\/div>\n\t\t\t\t<\/div>\n\t\t\t\t\t<\/div>\n\t\t<\/div>\n\t\t\t\t<div class=\"elementor-column elementor-col-50 elementor-top-column elementor-element elementor-element-5338261\" data-id=\"5338261\" data-element_type=\"column\" data-e-type=\"column\">\n\t\t\t<div class=\"elementor-widget-wrap elementor-element-populated\">\n\t\t\t\t\t\t<div class=\"elementor-element elementor-element-9c2f00e elementor-widget elementor-widget-image\" data-id=\"9c2f00e\" data-element_type=\"widget\" data-e-type=\"widget\" data-widget_type=\"image.default\">\n\t\t\t\t<div class=\"elementor-widget-container\">\n\t\t\t\t\t\t\t\t\t\t\t\t\t\t\t<img fetchpriority=\"high\" decoding=\"async\" width=\"600\" height=\"600\" src=\"https:\/\/beebipai.ee\/wp-content\/uploads\/2022\/05\/Neobulle-looduslik-ihupiim-aaloega1.png\" class=\"attachment-large size-large wp-image-3538\" alt=\"\" srcset=\"https:\/\/beebipai.ee\/wp-content\/uploads\/2022\/05\/Neobulle-looduslik-ihupiim-aaloega1.png 600w, https:\/\/beebipai.ee\/wp-content\/uploads\/2022\/05\/Neobulle-looduslik-ihupiim-aaloega1-300x300.png 300w, https:\/\/beebipai.ee\/wp-content\/uploads\/2022\/05\/Neobulle-looduslik-ihupiim-aaloega1-150x150.png 150w, https:\/\/beebipai.ee\/wp-content\/uploads\/2022\/05\/Neobulle-looduslik-ihupiim-aaloega1-12x12.png 12w, https:\/\/beebipai.ee\/wp-content\/uploads\/2022\/05\/Neobulle-looduslik-ihupiim-aaloega1-100x100.png 100w\" sizes=\"(max-width: 600px) 100vw, 600px\" \/>\t\t\t\t\t\t\t\t\t\t\t\t\t\t\t<\/div>\n\t\t\t\t<\/div>\n\t\t\t\t\t<\/div>\n\t\t<\/div>\n\t\t\t\t\t<\/div>\n\t\t<\/section>\n\t\t\t\t<section class=\"elementor-section elementor-top-section elementor-element elementor-element-2b75081 elementor-section-boxed elementor-section-height-default elementor-section-height-default\" data-id=\"2b75081\" data-element_type=\"section\" data-e-type=\"section\">\n\t\t\t\t\t\t<div class=\"elementor-container elementor-column-gap-default\">\n\t\t\t\t\t<div class=\"elementor-column elementor-col-50 elementor-top-column elementor-element elementor-element-eee4c07\" data-id=\"eee4c07\" data-element_type=\"column\" data-e-type=\"column\">\n\t\t\t<div class=\"elementor-widget-wrap elementor-element-populated\">\n\t\t\t\t\t\t<div class=\"elementor-element elementor-element-2f39c60 elementor-widget elementor-widget-text-editor\" data-id=\"2f39c60\" data-element_type=\"widget\" data-e-type=\"widget\" data-widget_type=\"text-editor.default\">\n\t\t\t\t<div class=\"elementor-widget-container\">\n\t\t\t\t\t\t\t\t\t<p>Beebi peamisteks nahamuredeks on kuiv ja ketendav nahk, m\u00e4hkmel\u00f6\u00f6ve ja atoopiline dermatiit.\u00a0<\/p><p>K\u00f5ige sagedasema probleemiga, naha kuivusega ja ketendusega, puutuvad v\u00e4rsked lapsevanemad tihti kokku juba s\u00fcnnitusmajas. Laps on s\u00fcndinud veekeskkonnast kuiva keskonda, nahka kaitsev lootev\u00f5ie imendunud ja 2-3 elup\u00e4eval annavad endast m\u00e4rku esimesed naha kuivamise ja ketendamise m\u00e4rgid, mis kipuvad algama k\u00e4te ja jalgade paindekohtadest. Ise\u00e4ranis on seda n\u00e4ha \u00fclekantud laste puhul.<\/p><p>Beebi naha rasueritus on v\u00e4ga v\u00e4ike, Nahka katab \u00f5huke vee-rasvakiht, mis kergesti kuivab. Seet\u00f5ttu on imiku nahale oluline tagada maksimaalne niisutus. Hea on kasutada kerget, kiiresti imenduvat ja \u00f5rnatoimelist ihupiima. Ihupiim niisutab, soodustab loomuliku kaitsebarj\u00e4\u00e4ri taastumist ning on abiks ka juba tekkinud nahakahjustuste korral.<\/p>\t\t\t\t\t\t\t\t<\/div>\n\t\t\t\t<\/div>\n\t\t\t\t\t<\/div>\n\t\t<\/div>\n\t\t\t\t<div class=\"elementor-column elementor-col-50 elementor-top-column elementor-element elementor-element-cd944c1\" data-id=\"cd944c1\" data-element_type=\"column\" data-e-type=\"column\">\n\t\t\t<div class=\"elementor-widget-wrap elementor-element-populated\">\n\t\t\t\t\t\t<div class=\"elementor-element elementor-element-0ee1fd6 elementor-widget elementor-widget-image\" data-id=\"0ee1fd6\" data-element_type=\"widget\" data-e-type=\"widget\" data-widget_type=\"image.default\">\n\t\t\t\t<div class=\"elementor-widget-container\">\n\t\t\t\t\t\t\t\t\t\t\t\t\t\t\t<img decoding=\"async\" width=\"587\" height=\"330\" src=\"https:\/\/beebipai.ee\/wp-content\/uploads\/2022\/05\/Neobulle-looduslik-ihupiim-aaloega4.jpg\" class=\"attachment-large size-large wp-image-3542\" alt=\"\" srcset=\"https:\/\/beebipai.ee\/wp-content\/uploads\/2022\/05\/Neobulle-looduslik-ihupiim-aaloega4.jpg 587w, https:\/\/beebipai.ee\/wp-content\/uploads\/2022\/05\/Neobulle-looduslik-ihupiim-aaloega4-300x169.jpg 300w, https:\/\/beebipai.ee\/wp-content\/uploads\/2022\/05\/Neobulle-looduslik-ihupiim-aaloega4-18x10.jpg 18w\" sizes=\"(max-width: 587px) 100vw, 587px\" \/>\t\t\t\t\t\t\t\t\t\t\t\t\t\t\t<\/div>\n\t\t\t\t<\/div>\n\t\t\t\t\t<\/div>\n\t\t<\/div>\n\t\t\t\t\t<\/div>\n\t\t<\/section>\n\t\t\t\t<section class=\"elementor-section elementor-top-section elementor-element elementor-element-bc35ab9 elementor-section-boxed elementor-section-height-default elementor-section-height-default\" data-id=\"bc35ab9\" data-element_type=\"section\" data-e-type=\"section\">\n\t\t\t\t\t\t<div class=\"elementor-container elementor-column-gap-default\">\n\t\t\t\t\t<div class=\"elementor-column elementor-col-50 elementor-top-column elementor-element elementor-element-2a1c6b7\" data-id=\"2a1c6b7\" data-element_type=\"column\" data-e-type=\"column\">\n\t\t\t<div class=\"elementor-widget-wrap elementor-element-populated\">\n\t\t\t\t\t\t<div class=\"elementor-element elementor-element-44a4dd1 elementor-widget elementor-widget-text-editor\" data-id=\"44a4dd1\" data-element_type=\"widget\" data-e-type=\"widget\" data-widget_type=\"text-editor.default\">\n\t\t\t\t<div class=\"elementor-widget-container\">\n\t\t\t\t\t\t\t\t\t<p>Aloe Vera on kasutusel juba v\u00e4ga ammustest aegdest. Juba iidsed egiptlased kutsusid seda &#8220;surematuse taimeks&#8221;<\/p><p>Aloe Vera sisaldab \u00fcle 200 komponendi ja \u00fcle 75 toitaine<span class=\"text_exposed_show\">. T\u00e4nu sellele on aaloe v\u00e4ga heade ja mitmek\u00fclgsete omadustega ning seda kasutatakse mitmesuguste probleemide korral. K\u00f5ige paremini sobib see \u00e4rrituste, kuivuse, p\u00f5letuste, akne, psoriaasi korral. S\u00fcgavniisutab ja kaitseb nahka keskkonna kahjulike m\u00f5jude eest.<\/span><\/p><p>Neobulle looduslik Aloe Vera geel sisaldab orgaanilist aaloed. Ihupiimale ei ole lisatud s\u00fcnteetilisi s\u00e4ilitusaineid, v\u00e4rvaineid, parf\u00fc\u00fcmi ega alkoholi.<\/p><p>Sobib igap\u00e4evaseks nahka niisutavaks ja kaitsvaks hoolduseks k\u00f5igile alates vasts\u00fcndinust kuni eaka inimeseni. Samuti beebiootuse ja imetamise ajal.\u00a0<\/p>\t\t\t\t\t\t\t\t<\/div>\n\t\t\t\t<\/div>\n\t\t\t\t\t<\/div>\n\t\t<\/div>\n\t\t\t\t<div class=\"elementor-column elementor-col-50 elementor-top-column elementor-element elementor-element-c62134a\" data-id=\"c62134a\" data-element_type=\"column\" data-e-type=\"column\">\n\t\t\t<div class=\"elementor-widget-wrap elementor-element-populated\">\n\t\t\t\t\t\t<div class=\"elementor-element elementor-element-b511618 elementor-widget elementor-widget-image\" data-id=\"b511618\" data-element_type=\"widget\" data-e-type=\"widget\" data-widget_type=\"image.default\">\n\t\t\t\t<div class=\"elementor-widget-container\">\n\t\t\t\t\t\t\t\t\t\t\t\t\t\t\t<img decoding=\"async\" width=\"400\" height=\"400\" src=\"https:\/\/beebipai.ee\/wp-content\/uploads\/2022\/05\/Neobulle-loodulik-ihupiim-aaloega2-e1653252161817.jpeg\" class=\"attachment-large size-large wp-image-3536\" alt=\"\" srcset=\"https:\/\/beebipai.ee\/wp-content\/uploads\/2022\/05\/Neobulle-loodulik-ihupiim-aaloega2-e1653252161817.jpeg 400w, https:\/\/beebipai.ee\/wp-content\/uploads\/2022\/05\/Neobulle-loodulik-ihupiim-aaloega2-e1653252161817-300x300.jpeg 300w, https:\/\/beebipai.ee\/wp-content\/uploads\/2022\/05\/Neobulle-loodulik-ihupiim-aaloega2-e1653252161817-150x150.jpeg 150w, https:\/\/beebipai.ee\/wp-content\/uploads\/2022\/05\/Neobulle-loodulik-ihupiim-aaloega2-e1653252161817-12x12.jpeg 12w, https:\/\/beebipai.ee\/wp-content\/uploads\/2022\/05\/Neobulle-loodulik-ihupiim-aaloega2-e1653252161817-100x100.jpeg 100w\" sizes=\"(max-width: 400px) 100vw, 400px\" \/>\t\t\t\t\t\t\t\t\t\t\t\t\t\t\t<\/div>\n\t\t\t\t<\/div>\n\t\t\t\t\t<\/div>\n\t\t<\/div>\n\t\t\t\t\t<\/div>\n\t\t<\/section>\n\t\t\t\t<\/div>","protected":false},"excerpt":{"rendered":"<p>Neobulle looduslik konsentreeritud Aloe Vera\u00a0 mahlast geel hooldab, niisutab ja taastab nahka. Suurep\u00e4rane niisutav geel beebile alates s\u00fcnnist. Ideaalne ka kogu perele kuiva v\u00f5i \u00e4rritunud naha korral. Oma taastavate omaduste poolest hea abivahend naha rahustamiseks ka peale p\u00e4ikesep\u00f5letust ja\/v\u00f5i karvade eemaldamist<\/p>\n<p>100% koostisosadest on looduslikku p\u00e4ritolu,\u00a0 millest 90 % on p\u00e4rit mahep\u00f5llumajandusest<\/p>\n<p>Ra\u017eots Francij\u0101<\/p>","protected":false},"featured_media":3537,"template":"","meta":{"_monsterinsights_skip_tracking":false,"_monsterinsights_sitenote_active":false,"_monsterinsights_sitenote_note":"","_monsterinsights_sitenote_category":0,"site-sidebar-layout":"no-sidebar","site-content-layout":"page-builder","ast-site-content-layout":"default","site-content-style":"default","site-sidebar-style":"default","ast-global-header-display":"","ast-banner-title-visibility":"","ast-main-header-display":"","ast-hfb-above-header-display":"","ast-hfb-below-header-display":"","ast-hfb-mobile-header-display":"","site-post-title":"disabled","ast-breadcrumbs-content":"","ast-featured-img":"disabled","footer-sml-layout":"","ast-disable-related-posts":"","theme-transparent-header-meta":"default","adv-header-id-meta":"","stick-header-meta":"","header-above-stick-meta":"","header-main-stick-meta":"","header-below-stick-meta":"","astra-migrate-meta-layouts":"default","ast-page-background-enabled":"default","ast-page-background-meta":{"desktop":{"background-color":"","background-image":"","background-repeat":"repeat","background-position":"center center","background-size":"auto","background-attachment":"scroll","background-type":"","background-media":"","overlay-type":"","overlay-color":"","overlay-opacity":"","overlay-gradient":""},"tablet":{"background-color":"","background-image":"","background-repeat":"repeat","background-position":"center center","background-size":"auto","background-attachment":"scroll","background-type":"","background-media":"","overlay-type":"","overlay-color":"","overlay-opacity":"","overlay-gradient":""},"mobile":{"background-color":"","background-image":"","background-repeat":"repeat","background-position":"center center","background-size":"auto","background-attachment":"scroll","background-type":"","background-media":"","overlay-type":"","overlay-color":"","overlay-opacity":"","overlay-gradient":""}},"ast-content-background-meta":{"desktop":{"background-color":"var(--ast-global-color-5)","background-image":"","background-repeat":"repeat","background-position":"center center","background-size":"auto","background-attachment":"scroll","background-type":"","background-media":"","overlay-type":"","overlay-color":"","overlay-opacity":"","overlay-gradient":""},"tablet":{"background-color":"var(--ast-global-color-5)","background-image":"","background-repeat":"repeat","background-position":"center center","background-size":"auto","background-attachment":"scroll","background-type":"","background-media":"","overlay-type":"","overlay-color":"","overlay-opacity":"","overlay-gradient":""},"mobile":{"background-color":"var(--ast-global-color-5)","background-image":"","background-repeat":"repeat","background-position":"center center","background-size":"auto","background-attachment":"scroll","background-type":"","background-media":"","overlay-type":"","overlay-color":"","overlay-opacity":"","overlay-gradient":""}}},"product_brand":[],"product_cat":[23,22,100,94,113],"product_tag":[],"class_list":{"0":"post-3535","1":"product","2":"type-product","3":"status-publish","4":"has-post-thumbnail","6":"product_cat-beebile","7":"product_cat-emale","8":"product_cat-hooldus-emale","9":"product_cat-nahahooldus","10":"product_cat-kehakreemid-ja-kehaolid","11":"desktop-align-left","12":"tablet-align-left","13":"mobile-align-left","15":"first","16":"instock","17":"taxable","18":"shipping-taxable","19":"purchasable","20":"product-type-simple"},"yoast_head":"<!-- This site is optimized with the Yoast SEO plugin v27.4 - https:\/\/yoast.com\/product\/yoast-seo-wordpress\/ -->\n<title>Neobulle looduslik geel Aloe Veraga, 125ml - Beebipai<\/title>\n<meta name=\"description\" content=\"Neobulle looduslik ihupiim Aloe Veraga taastab, toidab ja niisutab terve pere nahka. Vaata toodet Neobulle looduslik ihupiim Aloe Veraga!\" \/>\n<meta name=\"robots\" content=\"index, follow, max-snippet:-1, max-image-preview:large, max-video-preview:-1\" \/>\n<link rel=\"canonical\" href=\"https:\/\/beebipai.ee\/lv\/product\/neobulle-looduslik-ihupiim-125ml\/\" \/>\n<meta property=\"og:locale\" content=\"lv_LV\" \/>\n<meta property=\"og:type\" content=\"article\" \/>\n<meta property=\"og:title\" content=\"Neobulle looduslik geel Aloe Veraga, 125ml - Beebipai\" \/>\n<meta property=\"og:description\" content=\"Neobulle looduslik ihupiim Aloe Veraga taastab, toidab ja niisutab terve pere nahka. Vaata toodet Neobulle looduslik ihupiim Aloe Veraga!\" \/>\n<meta property=\"og:url\" content=\"https:\/\/beebipai.ee\/lv\/product\/neobulle-looduslik-ihupiim-125ml\/\" \/>\n<meta property=\"og:site_name\" content=\"Beebipai\" \/>\n<meta property=\"article:modified_time\" content=\"2022-10-27T15:15:45+00:00\" \/>\n<meta property=\"og:image\" content=\"https:\/\/beebipai.ee\/wp-content\/uploads\/2022\/05\/Neobulle-looduslik-ihupiim-aaloega.jpg\" \/>\n\t<meta property=\"og:image:width\" content=\"600\" \/>\n\t<meta property=\"og:image:height\" content=\"600\" \/>\n\t<meta property=\"og:image:type\" content=\"image\/jpeg\" \/>\n<meta name=\"twitter:card\" content=\"summary_large_image\" \/>\n<meta name=\"twitter:label1\" content=\"Est. reading time\" \/>\n\t<meta name=\"twitter:data1\" content=\"3 min\u016btes\" \/>\n<script type=\"application\/ld+json\" class=\"yoast-schema-graph\">{\"@context\":\"https:\\\/\\\/schema.org\",\"@graph\":[{\"@type\":\"WebPage\",\"@id\":\"https:\\\/\\\/beebipai.ee\\\/product\\\/neobulle-looduslik-ihupiim-125ml\\\/\",\"url\":\"https:\\\/\\\/beebipai.ee\\\/product\\\/neobulle-looduslik-ihupiim-125ml\\\/\",\"name\":\"Neobulle looduslik geel Aloe Veraga, 125ml - Beebipai\",\"isPartOf\":{\"@id\":\"https:\\\/\\\/beebipai.ee\\\/en\\\/#website\"},\"primaryImageOfPage\":{\"@id\":\"https:\\\/\\\/beebipai.ee\\\/product\\\/neobulle-looduslik-ihupiim-125ml\\\/#primaryimage\"},\"image\":{\"@id\":\"https:\\\/\\\/beebipai.ee\\\/product\\\/neobulle-looduslik-ihupiim-125ml\\\/#primaryimage\"},\"thumbnailUrl\":\"https:\\\/\\\/beebipai.ee\\\/wp-content\\\/uploads\\\/2022\\\/05\\\/Neobulle-looduslik-ihupiim-aaloega.jpg\",\"datePublished\":\"2022-05-22T19:53:23+00:00\",\"dateModified\":\"2022-10-27T15:15:45+00:00\",\"description\":\"Neobulle looduslik ihupiim Aloe Veraga taastab, toidab ja niisutab terve pere nahka. Vaata toodet Neobulle looduslik ihupiim Aloe Veraga!\",\"breadcrumb\":{\"@id\":\"https:\\\/\\\/beebipai.ee\\\/product\\\/neobulle-looduslik-ihupiim-125ml\\\/#breadcrumb\"},\"inLanguage\":\"lv-LV\",\"potentialAction\":[{\"@type\":\"ReadAction\",\"target\":[\"https:\\\/\\\/beebipai.ee\\\/product\\\/neobulle-looduslik-ihupiim-125ml\\\/\"]}]},{\"@type\":\"ImageObject\",\"inLanguage\":\"lv-LV\",\"@id\":\"https:\\\/\\\/beebipai.ee\\\/product\\\/neobulle-looduslik-ihupiim-125ml\\\/#primaryimage\",\"url\":\"https:\\\/\\\/beebipai.ee\\\/wp-content\\\/uploads\\\/2022\\\/05\\\/Neobulle-looduslik-ihupiim-aaloega.jpg\",\"contentUrl\":\"https:\\\/\\\/beebipai.ee\\\/wp-content\\\/uploads\\\/2022\\\/05\\\/Neobulle-looduslik-ihupiim-aaloega.jpg\",\"width\":600,\"height\":600},{\"@type\":\"BreadcrumbList\",\"@id\":\"https:\\\/\\\/beebipai.ee\\\/product\\\/neobulle-looduslik-ihupiim-125ml\\\/#breadcrumb\",\"itemListElement\":[{\"@type\":\"ListItem\",\"position\":1,\"name\":\"Home\",\"item\":\"https:\\\/\\\/beebipai.ee\\\/\"},{\"@type\":\"ListItem\",\"position\":2,\"name\":\"Pood\",\"item\":\"https:\\\/\\\/beebipai.ee\\\/store\\\/\"},{\"@type\":\"ListItem\",\"position\":3,\"name\":\"Neobulle looduslik geel Aloe Veraga, 125ml\"}]},{\"@type\":\"WebSite\",\"@id\":\"https:\\\/\\\/beebipai.ee\\\/en\\\/#website\",\"url\":\"https:\\\/\\\/beebipai.ee\\\/en\\\/\",\"name\":\"Beebipai\",\"description\":\"Rasedate ja beebide veebipood\",\"potentialAction\":[{\"@type\":\"SearchAction\",\"target\":{\"@type\":\"EntryPoint\",\"urlTemplate\":\"https:\\\/\\\/beebipai.ee\\\/en\\\/?s={search_term_string}\"},\"query-input\":{\"@type\":\"PropertyValueSpecification\",\"valueRequired\":true,\"valueName\":\"search_term_string\"}}],\"inLanguage\":\"lv-LV\"}]}<\/script>\n<!-- \/ Yoast SEO plugin. -->","yoast_head_json":{"title":"Neobulle looduslik geel Aloe Veraga, 125ml - Beebipai","description":"Neobulle looduslik ihupiim Aloe Veraga taastab, toidab ja niisutab terve pere nahka. Vaata toodet Neobulle looduslik ihupiim Aloe Veraga!","robots":{"index":"index","follow":"follow","max-snippet":"max-snippet:-1","max-image-preview":"max-image-preview:large","max-video-preview":"max-video-preview:-1"},"canonical":"https:\/\/beebipai.ee\/lv\/product\/neobulle-looduslik-ihupiim-125ml\/","og_locale":"lv_LV","og_type":"article","og_title":"Neobulle looduslik geel Aloe Veraga, 125ml - Beebipai","og_description":"Neobulle looduslik ihupiim Aloe Veraga taastab, toidab ja niisutab terve pere nahka. Vaata toodet Neobulle looduslik ihupiim Aloe Veraga!","og_url":"https:\/\/beebipai.ee\/lv\/product\/neobulle-looduslik-ihupiim-125ml\/","og_site_name":"Beebipai","article_modified_time":"2022-10-27T15:15:45+00:00","og_image":[{"width":600,"height":600,"url":"https:\/\/beebipai.ee\/wp-content\/uploads\/2022\/05\/Neobulle-looduslik-ihupiim-aaloega.jpg","type":"image\/jpeg"}],"twitter_card":"summary_large_image","twitter_misc":{"Est. reading time":"3 min\u016btes"},"schema":{"@context":"https:\/\/schema.org","@graph":[{"@type":"WebPage","@id":"https:\/\/beebipai.ee\/product\/neobulle-looduslik-ihupiim-125ml\/","url":"https:\/\/beebipai.ee\/product\/neobulle-looduslik-ihupiim-125ml\/","name":"Neobulle looduslik geel Aloe Veraga, 125ml - Beebipai","isPartOf":{"@id":"https:\/\/beebipai.ee\/en\/#website"},"primaryImageOfPage":{"@id":"https:\/\/beebipai.ee\/product\/neobulle-looduslik-ihupiim-125ml\/#primaryimage"},"image":{"@id":"https:\/\/beebipai.ee\/product\/neobulle-looduslik-ihupiim-125ml\/#primaryimage"},"thumbnailUrl":"https:\/\/beebipai.ee\/wp-content\/uploads\/2022\/05\/Neobulle-looduslik-ihupiim-aaloega.jpg","datePublished":"2022-05-22T19:53:23+00:00","dateModified":"2022-10-27T15:15:45+00:00","description":"Neobulle looduslik ihupiim Aloe Veraga taastab, toidab ja niisutab terve pere nahka. Vaata toodet Neobulle looduslik ihupiim Aloe Veraga!","breadcrumb":{"@id":"https:\/\/beebipai.ee\/product\/neobulle-looduslik-ihupiim-125ml\/#breadcrumb"},"inLanguage":"lv-LV","potentialAction":[{"@type":"ReadAction","target":["https:\/\/beebipai.ee\/product\/neobulle-looduslik-ihupiim-125ml\/"]}]},{"@type":"ImageObject","inLanguage":"lv-LV","@id":"https:\/\/beebipai.ee\/product\/neobulle-looduslik-ihupiim-125ml\/#primaryimage","url":"https:\/\/beebipai.ee\/wp-content\/uploads\/2022\/05\/Neobulle-looduslik-ihupiim-aaloega.jpg","contentUrl":"https:\/\/beebipai.ee\/wp-content\/uploads\/2022\/05\/Neobulle-looduslik-ihupiim-aaloega.jpg","width":600,"height":600},{"@type":"BreadcrumbList","@id":"https:\/\/beebipai.ee\/product\/neobulle-looduslik-ihupiim-125ml\/#breadcrumb","itemListElement":[{"@type":"ListItem","position":1,"name":"Home","item":"https:\/\/beebipai.ee\/"},{"@type":"ListItem","position":2,"name":"Pood","item":"https:\/\/beebipai.ee\/store\/"},{"@type":"ListItem","position":3,"name":"Neobulle looduslik geel Aloe Veraga, 125ml"}]},{"@type":"WebSite","@id":"https:\/\/beebipai.ee\/en\/#website","url":"https:\/\/beebipai.ee\/en\/","name":"Beebipai","description":"Rasedate ja beebide veebipood","potentialAction":[{"@type":"SearchAction","target":{"@type":"EntryPoint","urlTemplate":"https:\/\/beebipai.ee\/en\/?s={search_term_string}"},"query-input":{"@type":"PropertyValueSpecification","valueRequired":true,"valueName":"search_term_string"}}],"inLanguage":"lv-LV"}]}},"_links":{"self":[{"href":"https:\/\/beebipai.ee\/lv\/wp-json\/wp\/v2\/product\/3535","targetHints":{"allow":["GET"]}}],"collection":[{"href":"https:\/\/beebipai.ee\/lv\/wp-json\/wp\/v2\/product"}],"about":[{"href":"https:\/\/beebipai.ee\/lv\/wp-json\/wp\/v2\/types\/product"}],"version-history":[{"count":5,"href":"https:\/\/beebipai.ee\/lv\/wp-json\/wp\/v2\/product\/3535\/revisions"}],"predecessor-version":[{"id":7007,"href":"https:\/\/beebipai.ee\/lv\/wp-json\/wp\/v2\/product\/3535\/revisions\/7007"}],"wp:featuredmedia":[{"embeddable":true,"href":"https:\/\/beebipai.ee\/lv\/wp-json\/wp\/v2\/media\/3537"}],"wp:attachment":[{"href":"https:\/\/beebipai.ee\/lv\/wp-json\/wp\/v2\/media?parent=3535"}],"wp:term":[{"taxonomy":"product_brand","embeddable":true,"href":"https:\/\/beebipai.ee\/lv\/wp-json\/wp\/v2\/product_brand?post=3535"},{"taxonomy":"product_cat","embeddable":true,"href":"https:\/\/beebipai.ee\/lv\/wp-json\/wp\/v2\/product_cat?post=3535"},{"taxonomy":"product_tag","embeddable":true,"href":"https:\/\/beebipai.ee\/lv\/wp-json\/wp\/v2\/product_tag?post=3535"}],"curies":[{"name":"wp","href":"https:\/\/api.w.org\/{rel}","templated":true}]}}