{"id":13435,"date":"2026-02-11T13:39:59","date_gmt":"2026-02-11T11:39:59","guid":{"rendered":"https:\/\/beebipai.ee\/?post_type=product&#038;p=13435"},"modified":"2026-02-11T13:39:59","modified_gmt":"2026-02-11T11:39:59","slug":"fushi-katekreem-sheaga-40gr","status":"publish","type":"product","link":"https:\/\/beebipai.ee\/lv\/product\/fushi-katekreem-sheaga-40gr\/","title":{"rendered":"Fushi k\u00e4tekreem sheaga, 40gr"},"content":{"rendered":"","protected":false},"excerpt":{"rendered":"<p>Fushi k\u00e4tekreem sheaga on s\u00fcgavniisutava toimega.<\/p>\n<p>Fushi organiskais \u0161\u012b \u0137erme\u0146a sviests ir 100% t\u012brs, nerafin\u0113ts un roku darbs. \u0160\u012b sviestam ir izcilas barojo\u0161as, mitrino\u0161as un atjaunojo\u0161as \u012bpa\u0161\u012bbas. Ide\u0101li piem\u0113rots jebkuram vecumam no mazu\u013ca.<\/p>","protected":false},"featured_media":13436,"template":"","meta":{"_monsterinsights_skip_tracking":false,"_monsterinsights_sitenote_active":false,"_monsterinsights_sitenote_note":"","_monsterinsights_sitenote_category":0,"site-sidebar-layout":"default","site-content-layout":"","ast-site-content-layout":"default","site-content-style":"default","site-sidebar-style":"default","ast-global-header-display":"","ast-banner-title-visibility":"","ast-main-header-display":"","ast-hfb-above-header-display":"","ast-hfb-below-header-display":"","ast-hfb-mobile-header-display":"","site-post-title":"","ast-breadcrumbs-content":"","ast-featured-img":"","footer-sml-layout":"","ast-disable-related-posts":"","theme-transparent-header-meta":"default","adv-header-id-meta":"","stick-header-meta":"","header-above-stick-meta":"","header-main-stick-meta":"","header-below-stick-meta":"","astra-migrate-meta-layouts":"set","ast-page-background-enabled":"default","ast-page-background-meta":{"desktop":{"background-color":"","background-image":"","background-repeat":"repeat","background-position":"center center","background-size":"auto","background-attachment":"scroll","background-type":"","background-media":"","overlay-type":"","overlay-color":"","overlay-opacity":"","overlay-gradient":""},"tablet":{"background-color":"","background-image":"","background-repeat":"repeat","background-position":"center center","background-size":"auto","background-attachment":"scroll","background-type":"","background-media":"","overlay-type":"","overlay-color":"","overlay-opacity":"","overlay-gradient":""},"mobile":{"background-color":"","background-image":"","background-repeat":"repeat","background-position":"center center","background-size":"auto","background-attachment":"scroll","background-type":"","background-media":"","overlay-type":"","overlay-color":"","overlay-opacity":"","overlay-gradient":""}},"ast-content-background-meta":{"desktop":{"background-color":"var(--ast-global-color-5)","background-image":"","background-repeat":"repeat","background-position":"center center","background-size":"auto","background-attachment":"scroll","background-type":"","background-media":"","overlay-type":"","overlay-color":"","overlay-opacity":"","overlay-gradient":""},"tablet":{"background-color":"var(--ast-global-color-5)","background-image":"","background-repeat":"repeat","background-position":"center center","background-size":"auto","background-attachment":"scroll","background-type":"","background-media":"","overlay-type":"","overlay-color":"","overlay-opacity":"","overlay-gradient":""},"mobile":{"background-color":"var(--ast-global-color-5)","background-image":"","background-repeat":"repeat","background-position":"center center","background-size":"auto","background-attachment":"scroll","background-type":"","background-media":"","overlay-type":"","overlay-color":"","overlay-opacity":"","overlay-gradient":""}}},"product_brand":[],"product_cat":[22,100,113],"product_tag":[],"class_list":{"0":"post-13435","1":"product","2":"type-product","3":"status-publish","4":"has-post-thumbnail","6":"product_cat-emale","7":"product_cat-hooldus-emale","8":"product_cat-kehakreemid-ja-kehaolid","9":"desktop-align-left","10":"tablet-align-left","11":"mobile-align-left","13":"first","14":"instock","15":"sale","16":"taxable","17":"shipping-taxable","18":"purchasable","19":"product-type-simple"},"yoast_head":"<!-- This site is optimized with the Yoast SEO plugin v27.4 - https:\/\/yoast.com\/product\/yoast-seo-wordpress\/ -->\n<title>Fushi k\u00e4tekreem sheaga, 40gr - Beebipai<\/title>\n<meta name=\"robots\" content=\"index, follow, max-snippet:-1, max-image-preview:large, max-video-preview:-1\" \/>\n<link rel=\"canonical\" href=\"https:\/\/beebipai.ee\/lv\/product\/fushi-katekreem-sheaga-40gr\/\" \/>\n<meta property=\"og:locale\" content=\"lv_LV\" \/>\n<meta property=\"og:type\" content=\"article\" \/>\n<meta property=\"og:title\" content=\"Fushi k\u00e4tekreem sheaga, 40gr - Beebipai\" \/>\n<meta property=\"og:description\" content=\"Fushi k\u00e4tekreem sheaga on s\u00fcgavniisutava toimega.  Fushi orgaaniline Shea kehav\u00f5i on 100 % puhas, rafineerimata ning k\u00e4sitsi valmistatud. Sheav\u00f5i on erakordsete toitvate, niisutavate ja parandavate omadustega. Sobib suurep\u00e4raselt igale vanusele alates beebieast.\" \/>\n<meta property=\"og:url\" content=\"https:\/\/beebipai.ee\/lv\/product\/fushi-katekreem-sheaga-40gr\/\" \/>\n<meta property=\"og:site_name\" content=\"Beebipai\" \/>\n<meta property=\"og:image\" content=\"https:\/\/beebipai.ee\/wp-content\/uploads\/2026\/02\/Capture2_6e7f09ed-c013-4126-8fe5-3c47bee21e6e_640x-e1770809984634.webp\" \/>\n\t<meta property=\"og:image:width\" content=\"500\" \/>\n\t<meta property=\"og:image:height\" content=\"421\" \/>\n\t<meta property=\"og:image:type\" content=\"image\/webp\" \/>\n<meta name=\"twitter:card\" content=\"summary_large_image\" \/>\n<script type=\"application\/ld+json\" class=\"yoast-schema-graph\">{\"@context\":\"https:\\\/\\\/schema.org\",\"@graph\":[{\"@type\":\"WebPage\",\"@id\":\"https:\\\/\\\/beebipai.ee\\\/product\\\/fushi-katekreem-sheaga-40gr\\\/\",\"url\":\"https:\\\/\\\/beebipai.ee\\\/product\\\/fushi-katekreem-sheaga-40gr\\\/\",\"name\":\"Fushi k\u00e4tekreem sheaga, 40gr - Beebipai\",\"isPartOf\":{\"@id\":\"https:\\\/\\\/beebipai.ee\\\/en\\\/#website\"},\"primaryImageOfPage\":{\"@id\":\"https:\\\/\\\/beebipai.ee\\\/product\\\/fushi-katekreem-sheaga-40gr\\\/#primaryimage\"},\"image\":{\"@id\":\"https:\\\/\\\/beebipai.ee\\\/product\\\/fushi-katekreem-sheaga-40gr\\\/#primaryimage\"},\"thumbnailUrl\":\"https:\\\/\\\/beebipai.ee\\\/wp-content\\\/uploads\\\/2026\\\/02\\\/Capture2_6e7f09ed-c013-4126-8fe5-3c47bee21e6e_640x-e1770809984634.webp\",\"datePublished\":\"2026-02-11T11:39:59+00:00\",\"breadcrumb\":{\"@id\":\"https:\\\/\\\/beebipai.ee\\\/product\\\/fushi-katekreem-sheaga-40gr\\\/#breadcrumb\"},\"inLanguage\":\"lv-LV\",\"potentialAction\":[{\"@type\":\"ReadAction\",\"target\":[\"https:\\\/\\\/beebipai.ee\\\/product\\\/fushi-katekreem-sheaga-40gr\\\/\"]}]},{\"@type\":\"ImageObject\",\"inLanguage\":\"lv-LV\",\"@id\":\"https:\\\/\\\/beebipai.ee\\\/product\\\/fushi-katekreem-sheaga-40gr\\\/#primaryimage\",\"url\":\"https:\\\/\\\/beebipai.ee\\\/wp-content\\\/uploads\\\/2026\\\/02\\\/Capture2_6e7f09ed-c013-4126-8fe5-3c47bee21e6e_640x-e1770809984634.webp\",\"contentUrl\":\"https:\\\/\\\/beebipai.ee\\\/wp-content\\\/uploads\\\/2026\\\/02\\\/Capture2_6e7f09ed-c013-4126-8fe5-3c47bee21e6e_640x-e1770809984634.webp\",\"width\":500,\"height\":421},{\"@type\":\"BreadcrumbList\",\"@id\":\"https:\\\/\\\/beebipai.ee\\\/product\\\/fushi-katekreem-sheaga-40gr\\\/#breadcrumb\",\"itemListElement\":[{\"@type\":\"ListItem\",\"position\":1,\"name\":\"Home\",\"item\":\"https:\\\/\\\/beebipai.ee\\\/\"},{\"@type\":\"ListItem\",\"position\":2,\"name\":\"Pood\",\"item\":\"https:\\\/\\\/beebipai.ee\\\/store\\\/\"},{\"@type\":\"ListItem\",\"position\":3,\"name\":\"Fushi k\u00e4tekreem sheaga, 40gr\"}]},{\"@type\":\"WebSite\",\"@id\":\"https:\\\/\\\/beebipai.ee\\\/en\\\/#website\",\"url\":\"https:\\\/\\\/beebipai.ee\\\/en\\\/\",\"name\":\"Beebipai\",\"description\":\"Rasedate ja beebide veebipood\",\"potentialAction\":[{\"@type\":\"SearchAction\",\"target\":{\"@type\":\"EntryPoint\",\"urlTemplate\":\"https:\\\/\\\/beebipai.ee\\\/en\\\/?s={search_term_string}\"},\"query-input\":{\"@type\":\"PropertyValueSpecification\",\"valueRequired\":true,\"valueName\":\"search_term_string\"}}],\"inLanguage\":\"lv-LV\"}]}<\/script>\n<!-- \/ Yoast SEO plugin. -->","yoast_head_json":{"title":"Fushi k\u00e4tekreem sheaga, 40gr - Beebipai","robots":{"index":"index","follow":"follow","max-snippet":"max-snippet:-1","max-image-preview":"max-image-preview:large","max-video-preview":"max-video-preview:-1"},"canonical":"https:\/\/beebipai.ee\/lv\/product\/fushi-katekreem-sheaga-40gr\/","og_locale":"lv_LV","og_type":"article","og_title":"Fushi k\u00e4tekreem sheaga, 40gr - Beebipai","og_description":"Fushi k\u00e4tekreem sheaga on s\u00fcgavniisutava toimega.  Fushi orgaaniline Shea kehav\u00f5i on 100 % puhas, rafineerimata ning k\u00e4sitsi valmistatud. Sheav\u00f5i on erakordsete toitvate, niisutavate ja parandavate omadustega. Sobib suurep\u00e4raselt igale vanusele alates beebieast.","og_url":"https:\/\/beebipai.ee\/lv\/product\/fushi-katekreem-sheaga-40gr\/","og_site_name":"Beebipai","og_image":[{"width":500,"height":421,"url":"https:\/\/beebipai.ee\/wp-content\/uploads\/2026\/02\/Capture2_6e7f09ed-c013-4126-8fe5-3c47bee21e6e_640x-e1770809984634.webp","type":"image\/webp"}],"twitter_card":"summary_large_image","schema":{"@context":"https:\/\/schema.org","@graph":[{"@type":"WebPage","@id":"https:\/\/beebipai.ee\/product\/fushi-katekreem-sheaga-40gr\/","url":"https:\/\/beebipai.ee\/product\/fushi-katekreem-sheaga-40gr\/","name":"Fushi k\u00e4tekreem sheaga, 40gr - Beebipai","isPartOf":{"@id":"https:\/\/beebipai.ee\/en\/#website"},"primaryImageOfPage":{"@id":"https:\/\/beebipai.ee\/product\/fushi-katekreem-sheaga-40gr\/#primaryimage"},"image":{"@id":"https:\/\/beebipai.ee\/product\/fushi-katekreem-sheaga-40gr\/#primaryimage"},"thumbnailUrl":"https:\/\/beebipai.ee\/wp-content\/uploads\/2026\/02\/Capture2_6e7f09ed-c013-4126-8fe5-3c47bee21e6e_640x-e1770809984634.webp","datePublished":"2026-02-11T11:39:59+00:00","breadcrumb":{"@id":"https:\/\/beebipai.ee\/product\/fushi-katekreem-sheaga-40gr\/#breadcrumb"},"inLanguage":"lv-LV","potentialAction":[{"@type":"ReadAction","target":["https:\/\/beebipai.ee\/product\/fushi-katekreem-sheaga-40gr\/"]}]},{"@type":"ImageObject","inLanguage":"lv-LV","@id":"https:\/\/beebipai.ee\/product\/fushi-katekreem-sheaga-40gr\/#primaryimage","url":"https:\/\/beebipai.ee\/wp-content\/uploads\/2026\/02\/Capture2_6e7f09ed-c013-4126-8fe5-3c47bee21e6e_640x-e1770809984634.webp","contentUrl":"https:\/\/beebipai.ee\/wp-content\/uploads\/2026\/02\/Capture2_6e7f09ed-c013-4126-8fe5-3c47bee21e6e_640x-e1770809984634.webp","width":500,"height":421},{"@type":"BreadcrumbList","@id":"https:\/\/beebipai.ee\/product\/fushi-katekreem-sheaga-40gr\/#breadcrumb","itemListElement":[{"@type":"ListItem","position":1,"name":"Home","item":"https:\/\/beebipai.ee\/"},{"@type":"ListItem","position":2,"name":"Pood","item":"https:\/\/beebipai.ee\/store\/"},{"@type":"ListItem","position":3,"name":"Fushi k\u00e4tekreem sheaga, 40gr"}]},{"@type":"WebSite","@id":"https:\/\/beebipai.ee\/en\/#website","url":"https:\/\/beebipai.ee\/en\/","name":"Beebipai","description":"Rasedate ja beebide veebipood","potentialAction":[{"@type":"SearchAction","target":{"@type":"EntryPoint","urlTemplate":"https:\/\/beebipai.ee\/en\/?s={search_term_string}"},"query-input":{"@type":"PropertyValueSpecification","valueRequired":true,"valueName":"search_term_string"}}],"inLanguage":"lv-LV"}]}},"_links":{"self":[{"href":"https:\/\/beebipai.ee\/lv\/wp-json\/wp\/v2\/product\/13435","targetHints":{"allow":["GET"]}}],"collection":[{"href":"https:\/\/beebipai.ee\/lv\/wp-json\/wp\/v2\/product"}],"about":[{"href":"https:\/\/beebipai.ee\/lv\/wp-json\/wp\/v2\/types\/product"}],"version-history":[{"count":1,"href":"https:\/\/beebipai.ee\/lv\/wp-json\/wp\/v2\/product\/13435\/revisions"}],"predecessor-version":[{"id":13437,"href":"https:\/\/beebipai.ee\/lv\/wp-json\/wp\/v2\/product\/13435\/revisions\/13437"}],"wp:featuredmedia":[{"embeddable":true,"href":"https:\/\/beebipai.ee\/lv\/wp-json\/wp\/v2\/media\/13436"}],"wp:attachment":[{"href":"https:\/\/beebipai.ee\/lv\/wp-json\/wp\/v2\/media?parent=13435"}],"wp:term":[{"taxonomy":"product_brand","embeddable":true,"href":"https:\/\/beebipai.ee\/lv\/wp-json\/wp\/v2\/product_brand?post=13435"},{"taxonomy":"product_cat","embeddable":true,"href":"https:\/\/beebipai.ee\/lv\/wp-json\/wp\/v2\/product_cat?post=13435"},{"taxonomy":"product_tag","embeddable":true,"href":"https:\/\/beebipai.ee\/lv\/wp-json\/wp\/v2\/product_tag?post=13435"}],"curies":[{"name":"wp","href":"https:\/\/api.w.org\/{rel}","templated":true}]}}