{"id":13169,"date":"2025-10-14T18:19:12","date_gmt":"2025-10-14T15:19:12","guid":{"rendered":"https:\/\/beebipai.ee\/?post_type=product&#038;p=13169"},"modified":"2025-10-14T18:31:40","modified_gmt":"2025-10-14T15:31:40","slug":"kikkaboo-beebikaal-lyra","status":"publish","type":"product","link":"https:\/\/beebipai.ee\/lv\/product\/kikkaboo-beebikaal-lyra\/","title":{"rendered":"Kikkaboo beebikaal Lyra"},"content":{"rendered":"<div data-elementor-type=\"wp-post\" data-elementor-id=\"13169\" class=\"elementor elementor-13169\">\n\t\t\t\t\t\t<section class=\"elementor-section elementor-top-section elementor-element elementor-element-32ef748 elementor-section-boxed elementor-section-height-default elementor-section-height-default\" data-id=\"32ef748\" data-element_type=\"section\" data-e-type=\"section\">\n\t\t\t\t\t\t<div class=\"elementor-container elementor-column-gap-default\">\n\t\t\t\t\t<div class=\"elementor-column elementor-col-50 elementor-top-column elementor-element elementor-element-9855850\" data-id=\"9855850\" data-element_type=\"column\" data-e-type=\"column\">\n\t\t\t<div class=\"elementor-widget-wrap elementor-element-populated\">\n\t\t\t\t\t\t<div class=\"elementor-element elementor-element-9e5a91a elementor-widget elementor-widget-heading\" data-id=\"9e5a91a\" data-element_type=\"widget\" data-e-type=\"widget\" data-widget_type=\"heading.default\">\n\t\t\t\t<div class=\"elementor-widget-container\">\n\t\t\t\t\t<h2 class=\"elementor-heading-title elementor-size-default\">Kikkaboo beebikaal Lyra<\/h2>\t\t\t\t<\/div>\n\t\t\t\t<\/div>\n\t\t\t\t<div class=\"elementor-element elementor-element-aca60e2 elementor-widget elementor-widget-text-editor\" data-id=\"aca60e2\" data-element_type=\"widget\" data-e-type=\"widget\" data-widget_type=\"text-editor.default\">\n\t\t\t\t<div class=\"elementor-widget-container\">\n\t\t\t\t\t\t\t\t\t<p>Mugavate ja praktiliste omadustega digitaalne beebikaal, millega saad vaevata j\u00e4lgida beebi kaaluiivet.<\/p><ul><li>Sobib kasutamiseks kuni 20kg kaaluvatel lastel<\/li><li>Automaatne taarafunktsioon<\/li><li>Automaatne nullimisfunktsioon<\/li><li>Automaatne\/k\u00e4sitsi numbri fikseerimise funktsioon<\/li><li>Energias\u00e4\u00e4stlik, automaatne v\u00e4ljal\u00fclitus<\/li><li>Vastupidav ja ohutu- tugev PP alus, ABS pind, 4 libisemisvastast patja.<\/li><li>Ergonoomiline kaalumispind<\/li><li>LCD ekraan<\/li><li>Komplektis kaasas m\u00f5\u00f5dulint ja patareid<\/li><\/ul><p>\u00a0<\/p><p>\u00a0<\/p>\t\t\t\t\t\t\t\t<\/div>\n\t\t\t\t<\/div>\n\t\t\t\t\t<\/div>\n\t\t<\/div>\n\t\t\t\t<div class=\"elementor-column elementor-col-50 elementor-top-column elementor-element elementor-element-e36ba74\" data-id=\"e36ba74\" data-element_type=\"column\" data-e-type=\"column\">\n\t\t\t<div class=\"elementor-widget-wrap elementor-element-populated\">\n\t\t\t\t\t\t<div class=\"elementor-element elementor-element-fff52b9 elementor-widget elementor-widget-image\" data-id=\"fff52b9\" data-element_type=\"widget\" data-e-type=\"widget\" data-widget_type=\"image.default\">\n\t\t\t\t<div class=\"elementor-widget-container\">\n\t\t\t\t\t\t\t\t\t\t\t\t\t\t\t<img fetchpriority=\"high\" decoding=\"async\" width=\"1024\" height=\"1024\" src=\"https:\/\/beebipai.ee\/wp-content\/uploads\/2025\/06\/Kikkaboo-beebikaal-Lyra-6-1024x1024.webp\" class=\"attachment-large size-large wp-image-12733\" alt=\"\" srcset=\"https:\/\/beebipai.ee\/wp-content\/uploads\/2025\/06\/Kikkaboo-beebikaal-Lyra-6-1024x1024.webp 1024w, https:\/\/beebipai.ee\/wp-content\/uploads\/2025\/06\/Kikkaboo-beebikaal-Lyra-6-300x300.webp 300w, https:\/\/beebipai.ee\/wp-content\/uploads\/2025\/06\/Kikkaboo-beebikaal-Lyra-6-150x150.webp 150w, https:\/\/beebipai.ee\/wp-content\/uploads\/2025\/06\/Kikkaboo-beebikaal-Lyra-6-768x768.webp 768w, https:\/\/beebipai.ee\/wp-content\/uploads\/2025\/06\/Kikkaboo-beebikaal-Lyra-6-1536x1536.webp 1536w, https:\/\/beebipai.ee\/wp-content\/uploads\/2025\/06\/Kikkaboo-beebikaal-Lyra-6-12x12.webp 12w, https:\/\/beebipai.ee\/wp-content\/uploads\/2025\/06\/Kikkaboo-beebikaal-Lyra-6-600x600.webp 600w, https:\/\/beebipai.ee\/wp-content\/uploads\/2025\/06\/Kikkaboo-beebikaal-Lyra-6-100x100.webp 100w, https:\/\/beebipai.ee\/wp-content\/uploads\/2025\/06\/Kikkaboo-beebikaal-Lyra-6-e1749543778167.webp 500w\" sizes=\"(max-width: 1024px) 100vw, 1024px\" \/>\t\t\t\t\t\t\t\t\t\t\t\t\t\t\t<\/div>\n\t\t\t\t<\/div>\n\t\t\t\t\t<\/div>\n\t\t<\/div>\n\t\t\t\t\t<\/div>\n\t\t<\/section>\n\t\t\t\t<\/div>","protected":false},"excerpt":{"rendered":"<p>Digitaalne Kikkaboo beebikaal Lyra on t\u00e4pne ja usaldusv\u00e4\u00e4rne. Aitab vaevata j\u00e4lgida lapse kaaluiivet.<\/p>","protected":false},"featured_media":12735,"template":"","meta":{"_monsterinsights_skip_tracking":false,"_monsterinsights_sitenote_active":false,"_monsterinsights_sitenote_note":"","_monsterinsights_sitenote_category":0,"site-sidebar-layout":"no-sidebar","site-content-layout":"page-builder","ast-site-content-layout":"full-width-container","site-content-style":"default","site-sidebar-style":"default","ast-global-header-display":"","ast-banner-title-visibility":"","ast-main-header-display":"","ast-hfb-above-header-display":"","ast-hfb-below-header-display":"","ast-hfb-mobile-header-display":"","site-post-title":"","ast-breadcrumbs-content":"","ast-featured-img":"disabled","footer-sml-layout":"","ast-disable-related-posts":"","theme-transparent-header-meta":"default","adv-header-id-meta":"","stick-header-meta":"","header-above-stick-meta":"","header-main-stick-meta":"","header-below-stick-meta":"","astra-migrate-meta-layouts":"set","ast-page-background-enabled":"default","ast-page-background-meta":{"desktop":{"background-color":"","background-image":"","background-repeat":"repeat","background-position":"center center","background-size":"auto","background-attachment":"scroll","background-type":"","background-media":"","overlay-type":"","overlay-color":"","overlay-opacity":"","overlay-gradient":""},"tablet":{"background-color":"","background-image":"","background-repeat":"repeat","background-position":"center center","background-size":"auto","background-attachment":"scroll","background-type":"","background-media":"","overlay-type":"","overlay-color":"","overlay-opacity":"","overlay-gradient":""},"mobile":{"background-color":"","background-image":"","background-repeat":"repeat","background-position":"center center","background-size":"auto","background-attachment":"scroll","background-type":"","background-media":"","overlay-type":"","overlay-color":"","overlay-opacity":"","overlay-gradient":""}},"ast-content-background-meta":{"desktop":{"background-color":"var(--ast-global-color-5)","background-image":"","background-repeat":"repeat","background-position":"center center","background-size":"auto","background-attachment":"scroll","background-type":"","background-media":"","overlay-type":"","overlay-color":"","overlay-opacity":"","overlay-gradient":""},"tablet":{"background-color":"var(--ast-global-color-5)","background-image":"","background-repeat":"repeat","background-position":"center center","background-size":"auto","background-attachment":"scroll","background-type":"","background-media":"","overlay-type":"","overlay-color":"","overlay-opacity":"","overlay-gradient":""},"mobile":{"background-color":"var(--ast-global-color-5)","background-image":"","background-repeat":"repeat","background-position":"center center","background-size":"auto","background-attachment":"scroll","background-type":"","background-media":"","overlay-type":"","overlay-color":"","overlay-opacity":"","overlay-gradient":""}}},"product_brand":[],"product_cat":[23,143],"product_tag":[],"class_list":{"0":"post-13169","1":"product","2":"type-product","3":"status-publish","4":"has-post-thumbnail","6":"product_cat-beebile","7":"product_cat-sootmiseks-soomiseks","8":"desktop-align-left","9":"tablet-align-left","10":"mobile-align-left","12":"first","13":"instock","14":"taxable","15":"shipping-taxable","16":"purchasable","17":"product-type-simple"},"yoast_head":"<!-- This site is optimized with the Yoast SEO plugin v27.3 - https:\/\/yoast.com\/product\/yoast-seo-wordpress\/ -->\n<title>Kikkaboo beebikaal Lyra - Beebipai<\/title>\n<meta name=\"description\" content=\"Digitaalne Kikkaboo beebikaal Lyra on ergonoomiline ja t\u00e4pne lapse kasvu j\u00e4lgimiseks. Vaata toodet Kikkaboo beebikaal Lyra!\" \/>\n<meta name=\"robots\" content=\"index, follow, max-snippet:-1, max-image-preview:large, max-video-preview:-1\" \/>\n<link rel=\"canonical\" href=\"https:\/\/beebipai.ee\/lv\/product\/kikkaboo-beebikaal-lyra\/\" \/>\n<meta property=\"og:locale\" content=\"lv_LV\" \/>\n<meta property=\"og:type\" content=\"article\" \/>\n<meta property=\"og:title\" content=\"Kikkaboo beebikaal Lyra - Beebipai\" \/>\n<meta property=\"og:description\" content=\"Digitaalne Kikkaboo beebikaal Lyra on ergonoomiline ja t\u00e4pne lapse kasvu j\u00e4lgimiseks. Vaata toodet Kikkaboo beebikaal Lyra!\" \/>\n<meta property=\"og:url\" content=\"https:\/\/beebipai.ee\/lv\/product\/kikkaboo-beebikaal-lyra\/\" \/>\n<meta property=\"og:site_name\" content=\"Beebipai\" \/>\n<meta property=\"article:modified_time\" content=\"2025-10-14T15:31:40+00:00\" \/>\n<meta property=\"og:image\" content=\"https:\/\/beebipai.ee\/wp-content\/uploads\/2025\/06\/Kikkaboo-beebikaal-Lyra.webp\" \/>\n\t<meta property=\"og:image:width\" content=\"520\" \/>\n\t<meta property=\"og:image:height\" content=\"520\" \/>\n\t<meta property=\"og:image:type\" content=\"image\/webp\" \/>\n<meta name=\"twitter:card\" content=\"summary_large_image\" \/>\n<script type=\"application\/ld+json\" class=\"yoast-schema-graph\">{\"@context\":\"https:\\\/\\\/schema.org\",\"@graph\":[{\"@type\":\"WebPage\",\"@id\":\"https:\\\/\\\/beebipai.ee\\\/product\\\/kikkaboo-beebikaal-lyra\\\/\",\"url\":\"https:\\\/\\\/beebipai.ee\\\/product\\\/kikkaboo-beebikaal-lyra\\\/\",\"name\":\"Kikkaboo beebikaal Lyra - Beebipai\",\"isPartOf\":{\"@id\":\"https:\\\/\\\/beebipai.ee\\\/en\\\/#website\"},\"primaryImageOfPage\":{\"@id\":\"https:\\\/\\\/beebipai.ee\\\/product\\\/kikkaboo-beebikaal-lyra\\\/#primaryimage\"},\"image\":{\"@id\":\"https:\\\/\\\/beebipai.ee\\\/product\\\/kikkaboo-beebikaal-lyra\\\/#primaryimage\"},\"thumbnailUrl\":\"https:\\\/\\\/beebipai.ee\\\/wp-content\\\/uploads\\\/2025\\\/06\\\/Kikkaboo-beebikaal-Lyra.webp\",\"datePublished\":\"2025-10-14T15:19:12+00:00\",\"dateModified\":\"2025-10-14T15:31:40+00:00\",\"description\":\"Digitaalne Kikkaboo beebikaal Lyra on ergonoomiline ja t\u00e4pne lapse kasvu j\u00e4lgimiseks. Vaata toodet Kikkaboo beebikaal Lyra!\",\"breadcrumb\":{\"@id\":\"https:\\\/\\\/beebipai.ee\\\/product\\\/kikkaboo-beebikaal-lyra\\\/#breadcrumb\"},\"inLanguage\":\"lv-LV\",\"potentialAction\":[{\"@type\":\"ReadAction\",\"target\":[\"https:\\\/\\\/beebipai.ee\\\/product\\\/kikkaboo-beebikaal-lyra\\\/\"]}]},{\"@type\":\"ImageObject\",\"inLanguage\":\"lv-LV\",\"@id\":\"https:\\\/\\\/beebipai.ee\\\/product\\\/kikkaboo-beebikaal-lyra\\\/#primaryimage\",\"url\":\"https:\\\/\\\/beebipai.ee\\\/wp-content\\\/uploads\\\/2025\\\/06\\\/Kikkaboo-beebikaal-Lyra.webp\",\"contentUrl\":\"https:\\\/\\\/beebipai.ee\\\/wp-content\\\/uploads\\\/2025\\\/06\\\/Kikkaboo-beebikaal-Lyra.webp\",\"width\":520,\"height\":520},{\"@type\":\"BreadcrumbList\",\"@id\":\"https:\\\/\\\/beebipai.ee\\\/product\\\/kikkaboo-beebikaal-lyra\\\/#breadcrumb\",\"itemListElement\":[{\"@type\":\"ListItem\",\"position\":1,\"name\":\"Home\",\"item\":\"https:\\\/\\\/beebipai.ee\\\/\"},{\"@type\":\"ListItem\",\"position\":2,\"name\":\"Pood\",\"item\":\"https:\\\/\\\/beebipai.ee\\\/store\\\/\"},{\"@type\":\"ListItem\",\"position\":3,\"name\":\"Kikkaboo beebikaal Lyra\"}]},{\"@type\":\"WebSite\",\"@id\":\"https:\\\/\\\/beebipai.ee\\\/en\\\/#website\",\"url\":\"https:\\\/\\\/beebipai.ee\\\/en\\\/\",\"name\":\"Beebipai\",\"description\":\"Rasedate ja beebide veebipood\",\"potentialAction\":[{\"@type\":\"SearchAction\",\"target\":{\"@type\":\"EntryPoint\",\"urlTemplate\":\"https:\\\/\\\/beebipai.ee\\\/en\\\/?s={search_term_string}\"},\"query-input\":{\"@type\":\"PropertyValueSpecification\",\"valueRequired\":true,\"valueName\":\"search_term_string\"}}],\"inLanguage\":\"lv-LV\"}]}<\/script>\n<!-- \/ Yoast SEO plugin. -->","yoast_head_json":{"title":"Kikkaboo beebikaal Lyra - Beebipai","description":"Digitaalne Kikkaboo beebikaal Lyra on ergonoomiline ja t\u00e4pne lapse kasvu j\u00e4lgimiseks. Vaata toodet Kikkaboo beebikaal Lyra!","robots":{"index":"index","follow":"follow","max-snippet":"max-snippet:-1","max-image-preview":"max-image-preview:large","max-video-preview":"max-video-preview:-1"},"canonical":"https:\/\/beebipai.ee\/lv\/product\/kikkaboo-beebikaal-lyra\/","og_locale":"lv_LV","og_type":"article","og_title":"Kikkaboo beebikaal Lyra - Beebipai","og_description":"Digitaalne Kikkaboo beebikaal Lyra on ergonoomiline ja t\u00e4pne lapse kasvu j\u00e4lgimiseks. Vaata toodet Kikkaboo beebikaal Lyra!","og_url":"https:\/\/beebipai.ee\/lv\/product\/kikkaboo-beebikaal-lyra\/","og_site_name":"Beebipai","article_modified_time":"2025-10-14T15:31:40+00:00","og_image":[{"width":520,"height":520,"url":"https:\/\/beebipai.ee\/wp-content\/uploads\/2025\/06\/Kikkaboo-beebikaal-Lyra.webp","type":"image\/webp"}],"twitter_card":"summary_large_image","schema":{"@context":"https:\/\/schema.org","@graph":[{"@type":"WebPage","@id":"https:\/\/beebipai.ee\/product\/kikkaboo-beebikaal-lyra\/","url":"https:\/\/beebipai.ee\/product\/kikkaboo-beebikaal-lyra\/","name":"Kikkaboo beebikaal Lyra - Beebipai","isPartOf":{"@id":"https:\/\/beebipai.ee\/en\/#website"},"primaryImageOfPage":{"@id":"https:\/\/beebipai.ee\/product\/kikkaboo-beebikaal-lyra\/#primaryimage"},"image":{"@id":"https:\/\/beebipai.ee\/product\/kikkaboo-beebikaal-lyra\/#primaryimage"},"thumbnailUrl":"https:\/\/beebipai.ee\/wp-content\/uploads\/2025\/06\/Kikkaboo-beebikaal-Lyra.webp","datePublished":"2025-10-14T15:19:12+00:00","dateModified":"2025-10-14T15:31:40+00:00","description":"Digitaalne Kikkaboo beebikaal Lyra on ergonoomiline ja t\u00e4pne lapse kasvu j\u00e4lgimiseks. Vaata toodet Kikkaboo beebikaal Lyra!","breadcrumb":{"@id":"https:\/\/beebipai.ee\/product\/kikkaboo-beebikaal-lyra\/#breadcrumb"},"inLanguage":"lv-LV","potentialAction":[{"@type":"ReadAction","target":["https:\/\/beebipai.ee\/product\/kikkaboo-beebikaal-lyra\/"]}]},{"@type":"ImageObject","inLanguage":"lv-LV","@id":"https:\/\/beebipai.ee\/product\/kikkaboo-beebikaal-lyra\/#primaryimage","url":"https:\/\/beebipai.ee\/wp-content\/uploads\/2025\/06\/Kikkaboo-beebikaal-Lyra.webp","contentUrl":"https:\/\/beebipai.ee\/wp-content\/uploads\/2025\/06\/Kikkaboo-beebikaal-Lyra.webp","width":520,"height":520},{"@type":"BreadcrumbList","@id":"https:\/\/beebipai.ee\/product\/kikkaboo-beebikaal-lyra\/#breadcrumb","itemListElement":[{"@type":"ListItem","position":1,"name":"Home","item":"https:\/\/beebipai.ee\/"},{"@type":"ListItem","position":2,"name":"Pood","item":"https:\/\/beebipai.ee\/store\/"},{"@type":"ListItem","position":3,"name":"Kikkaboo beebikaal Lyra"}]},{"@type":"WebSite","@id":"https:\/\/beebipai.ee\/en\/#website","url":"https:\/\/beebipai.ee\/en\/","name":"Beebipai","description":"Rasedate ja beebide veebipood","potentialAction":[{"@type":"SearchAction","target":{"@type":"EntryPoint","urlTemplate":"https:\/\/beebipai.ee\/en\/?s={search_term_string}"},"query-input":{"@type":"PropertyValueSpecification","valueRequired":true,"valueName":"search_term_string"}}],"inLanguage":"lv-LV"}]}},"_links":{"self":[{"href":"https:\/\/beebipai.ee\/lv\/wp-json\/wp\/v2\/product\/13169","targetHints":{"allow":["GET"]}}],"collection":[{"href":"https:\/\/beebipai.ee\/lv\/wp-json\/wp\/v2\/product"}],"about":[{"href":"https:\/\/beebipai.ee\/lv\/wp-json\/wp\/v2\/types\/product"}],"version-history":[{"count":4,"href":"https:\/\/beebipai.ee\/lv\/wp-json\/wp\/v2\/product\/13169\/revisions"}],"predecessor-version":[{"id":13174,"href":"https:\/\/beebipai.ee\/lv\/wp-json\/wp\/v2\/product\/13169\/revisions\/13174"}],"wp:featuredmedia":[{"embeddable":true,"href":"https:\/\/beebipai.ee\/lv\/wp-json\/wp\/v2\/media\/12735"}],"wp:attachment":[{"href":"https:\/\/beebipai.ee\/lv\/wp-json\/wp\/v2\/media?parent=13169"}],"wp:term":[{"taxonomy":"product_brand","embeddable":true,"href":"https:\/\/beebipai.ee\/lv\/wp-json\/wp\/v2\/product_brand?post=13169"},{"taxonomy":"product_cat","embeddable":true,"href":"https:\/\/beebipai.ee\/lv\/wp-json\/wp\/v2\/product_cat?post=13169"},{"taxonomy":"product_tag","embeddable":true,"href":"https:\/\/beebipai.ee\/lv\/wp-json\/wp\/v2\/product_tag?post=13169"}],"curies":[{"name":"wp","href":"https:\/\/api.w.org\/{rel}","templated":true}]}}