{"id":13099,"date":"2025-10-08T10:22:33","date_gmt":"2025-10-08T07:22:33","guid":{"rendered":"https:\/\/beebipai.ee\/?post_type=product&#038;p=13099"},"modified":"2025-10-08T10:55:08","modified_gmt":"2025-10-08T07:55:08","slug":"neobulle-pestavad-rinnapadjad-4tk","status":"publish","type":"product","link":"https:\/\/beebipai.ee\/lv\/product\/neobulle-pestavad-rinnapadjad-4tk\/","title":{"rendered":"Neobulle pestavad rinnapadjad, 4tk"},"content":{"rendered":"<div data-elementor-type=\"wp-post\" data-elementor-id=\"13099\" class=\"elementor elementor-13099\">\n\t\t\t\t\t\t<section class=\"elementor-section elementor-top-section elementor-element elementor-element-be0c632 elementor-section-boxed elementor-section-height-default elementor-section-height-default\" data-id=\"be0c632\" data-element_type=\"section\" data-e-type=\"section\">\n\t\t\t\t\t\t<div class=\"elementor-container elementor-column-gap-default\">\n\t\t\t\t\t<div class=\"elementor-column elementor-col-50 elementor-top-column elementor-element elementor-element-f729327\" data-id=\"f729327\" data-element_type=\"column\" data-e-type=\"column\">\n\t\t\t<div class=\"elementor-widget-wrap elementor-element-populated\">\n\t\t\t\t\t\t<div class=\"elementor-element elementor-element-0e917e8 elementor-widget elementor-widget-heading\" data-id=\"0e917e8\" data-element_type=\"widget\" data-e-type=\"widget\" data-widget_type=\"heading.default\">\n\t\t\t\t<div class=\"elementor-widget-container\">\n\t\t\t\t\t<h2 class=\"elementor-heading-title elementor-size-default\">Neobulle pestavad rinnapadjad<\/h2>\t\t\t\t<\/div>\n\t\t\t\t<\/div>\n\t\t\t\t<div class=\"elementor-element elementor-element-f26e1bd elementor-widget elementor-widget-text-editor\" data-id=\"f26e1bd\" data-element_type=\"widget\" data-e-type=\"widget\" data-widget_type=\"text-editor.default\">\n\t\t\t\t<div class=\"elementor-widget-container\">\n\t\t\t\t\t\t\t\t\t<p>Neobulle koruvkasutatavad rinnapadjad on \u00f5hukesed, kergesti paigaldatavad, v\u00e4ga h\u00e4sti imavad ning kasutatavad nii p\u00e4eval kui ka \u00f6\u00f6sel.\u00a0<\/p><p>Rinnapadjad on kolmekihilised:<\/p><ul><li>rinnaga kokkupuutuv pehme orgaanilise puuvilla kiht<\/li><li>keskmine fliiskiht, mis tagab veekindluse ja hingavuse<\/li><li>pol\u00fcesterkiht, mis tagab vee ja niiskuskindlus<\/li><\/ul><p>Rinnapadjad on pestavad 40 kraadi juures, vajavad \u00f5hkkuivatust. Optimaalne imavus saavutatakse peale 2-3 pesukorda.\u00a0<\/p><p>Rinnapadja l\u00e4bim\u00f5\u00f5t 11cm.<\/p>\t\t\t\t\t\t\t\t<\/div>\n\t\t\t\t<\/div>\n\t\t\t\t\t<\/div>\n\t\t<\/div>\n\t\t\t\t<div class=\"elementor-column elementor-col-50 elementor-top-column elementor-element elementor-element-6a16742\" data-id=\"6a16742\" data-element_type=\"column\" data-e-type=\"column\">\n\t\t\t<div class=\"elementor-widget-wrap elementor-element-populated\">\n\t\t\t\t\t\t<div class=\"elementor-element elementor-element-1bd2cf9 elementor-widget elementor-widget-image\" data-id=\"1bd2cf9\" data-element_type=\"widget\" data-e-type=\"widget\" data-widget_type=\"image.default\">\n\t\t\t\t<div class=\"elementor-widget-container\">\n\t\t\t\t\t\t\t\t\t\t\t\t\t\t\t<img fetchpriority=\"high\" decoding=\"async\" width=\"1024\" height=\"1024\" src=\"https:\/\/beebipai.ee\/wp-content\/uploads\/2025\/10\/Neobulle-pestavad-rinnapadjad-4tk-1-1024x1024.jpg\" class=\"attachment-large size-large wp-image-13101\" alt=\"\" srcset=\"https:\/\/beebipai.ee\/wp-content\/uploads\/2025\/10\/Neobulle-pestavad-rinnapadjad-4tk-1-1024x1024.jpg 1024w, https:\/\/beebipai.ee\/wp-content\/uploads\/2025\/10\/Neobulle-pestavad-rinnapadjad-4tk-1-300x300.jpg 300w, https:\/\/beebipai.ee\/wp-content\/uploads\/2025\/10\/Neobulle-pestavad-rinnapadjad-4tk-1-150x150.jpg 150w, https:\/\/beebipai.ee\/wp-content\/uploads\/2025\/10\/Neobulle-pestavad-rinnapadjad-4tk-1-768x768.jpg 768w, https:\/\/beebipai.ee\/wp-content\/uploads\/2025\/10\/Neobulle-pestavad-rinnapadjad-4tk-1-12x12.jpg 12w, https:\/\/beebipai.ee\/wp-content\/uploads\/2025\/10\/Neobulle-pestavad-rinnapadjad-4tk-1-600x600.jpg 600w, https:\/\/beebipai.ee\/wp-content\/uploads\/2025\/10\/Neobulle-pestavad-rinnapadjad-4tk-1-100x100.jpg 100w, https:\/\/beebipai.ee\/wp-content\/uploads\/2025\/10\/Neobulle-pestavad-rinnapadjad-4tk-1-e1759908141268.jpg 500w\" sizes=\"(max-width: 1024px) 100vw, 1024px\" \/>\t\t\t\t\t\t\t\t\t\t\t\t\t\t\t<\/div>\n\t\t\t\t<\/div>\n\t\t\t\t\t<\/div>\n\t\t<\/div>\n\t\t\t\t\t<\/div>\n\t\t<\/section>\n\t\t\t\t<\/div>","protected":false},"excerpt":{"rendered":"<p>Neobulle pestavad rinnapadjad on pehmed, mugavad, h\u00e4sti imavad ja lekkekindlad. Pestavaid rinnapatju saad kasutada pikka aega.\u00a0 Korduv kasutamise v\u00f5imalus teeb nad lisaks ka raha s\u00e4\u00e4stvaks ja loodust hoidvaks.<\/p>\n<p>Pakis 4tk.<\/p>","protected":false},"featured_media":13102,"template":"","meta":{"_monsterinsights_skip_tracking":false,"_monsterinsights_sitenote_active":false,"_monsterinsights_sitenote_note":"","_monsterinsights_sitenote_category":0,"site-sidebar-layout":"no-sidebar","site-content-layout":"page-builder","ast-site-content-layout":"full-width-container","site-content-style":"default","site-sidebar-style":"default","ast-global-header-display":"","ast-banner-title-visibility":"","ast-main-header-display":"","ast-hfb-above-header-display":"","ast-hfb-below-header-display":"","ast-hfb-mobile-header-display":"","site-post-title":"","ast-breadcrumbs-content":"","ast-featured-img":"disabled","footer-sml-layout":"","ast-disable-related-posts":"","theme-transparent-header-meta":"default","adv-header-id-meta":"","stick-header-meta":"","header-above-stick-meta":"","header-main-stick-meta":"","header-below-stick-meta":"","astra-migrate-meta-layouts":"set","ast-page-background-enabled":"default","ast-page-background-meta":{"desktop":{"background-color":"","background-image":"","background-repeat":"repeat","background-position":"center center","background-size":"auto","background-attachment":"scroll","background-type":"","background-media":"","overlay-type":"","overlay-color":"","overlay-opacity":"","overlay-gradient":""},"tablet":{"background-color":"","background-image":"","background-repeat":"repeat","background-position":"center center","background-size":"auto","background-attachment":"scroll","background-type":"","background-media":"","overlay-type":"","overlay-color":"","overlay-opacity":"","overlay-gradient":""},"mobile":{"background-color":"","background-image":"","background-repeat":"repeat","background-position":"center center","background-size":"auto","background-attachment":"scroll","background-type":"","background-media":"","overlay-type":"","overlay-color":"","overlay-opacity":"","overlay-gradient":""}},"ast-content-background-meta":{"desktop":{"background-color":"var(--ast-global-color-5)","background-image":"","background-repeat":"repeat","background-position":"center center","background-size":"auto","background-attachment":"scroll","background-type":"","background-media":"","overlay-type":"","overlay-color":"","overlay-opacity":"","overlay-gradient":""},"tablet":{"background-color":"var(--ast-global-color-5)","background-image":"","background-repeat":"repeat","background-position":"center center","background-size":"auto","background-attachment":"scroll","background-type":"","background-media":"","overlay-type":"","overlay-color":"","overlay-opacity":"","overlay-gradient":""},"mobile":{"background-color":"var(--ast-global-color-5)","background-image":"","background-repeat":"repeat","background-position":"center center","background-size":"auto","background-attachment":"scroll","background-type":"","background-media":"","overlay-type":"","overlay-color":"","overlay-opacity":"","overlay-gradient":""}}},"product_brand":[],"product_cat":[22,103],"product_tag":[],"class_list":{"0":"post-13099","1":"product","2":"type-product","3":"status-publish","4":"has-post-thumbnail","6":"product_cat-emale","7":"product_cat-imetamine","8":"desktop-align-left","9":"tablet-align-left","10":"mobile-align-left","12":"first","13":"instock","14":"taxable","15":"shipping-taxable","16":"purchasable","17":"product-type-simple"},"yoast_head":"<!-- This site is optimized with the Yoast SEO plugin v27.3 - https:\/\/yoast.com\/product\/yoast-seo-wordpress\/ -->\n<title>Neobulle pestavad rinnapadjad, 4tk - Beebipai<\/title>\n<meta name=\"description\" content=\"Neobulle pestavad rinnapadjad on pehmed, mugavad, h\u00e4sti imavad ja lekkekindlad. Vaata toodet Neobulle pestavad rinnapadjad!\" \/>\n<meta name=\"robots\" content=\"index, follow, max-snippet:-1, max-image-preview:large, max-video-preview:-1\" \/>\n<link rel=\"canonical\" href=\"https:\/\/beebipai.ee\/lv\/product\/neobulle-pestavad-rinnapadjad-4tk\/\" \/>\n<meta property=\"og:locale\" content=\"lv_LV\" \/>\n<meta property=\"og:type\" content=\"article\" \/>\n<meta property=\"og:title\" content=\"Neobulle pestavad rinnapadjad, 4tk - Beebipai\" \/>\n<meta property=\"og:description\" content=\"Neobulle pestavad rinnapadjad on pehmed, mugavad, h\u00e4sti imavad ja lekkekindlad. Vaata toodet Neobulle pestavad rinnapadjad!\" \/>\n<meta property=\"og:url\" content=\"https:\/\/beebipai.ee\/lv\/product\/neobulle-pestavad-rinnapadjad-4tk\/\" \/>\n<meta property=\"og:site_name\" content=\"Beebipai\" \/>\n<meta property=\"article:modified_time\" content=\"2025-10-08T07:55:08+00:00\" \/>\n<meta property=\"og:image\" content=\"https:\/\/beebipai.ee\/wp-content\/uploads\/2025\/10\/Neobulle-pestavad-rinnapadjad-4tk-e1759908129269.jpg\" \/>\n\t<meta property=\"og:image:width\" content=\"500\" \/>\n\t<meta property=\"og:image:height\" content=\"500\" \/>\n\t<meta property=\"og:image:type\" content=\"image\/jpeg\" \/>\n<meta name=\"twitter:card\" content=\"summary_large_image\" \/>\n<script type=\"application\/ld+json\" class=\"yoast-schema-graph\">{\"@context\":\"https:\\\/\\\/schema.org\",\"@graph\":[{\"@type\":\"WebPage\",\"@id\":\"https:\\\/\\\/beebipai.ee\\\/product\\\/neobulle-pestavad-rinnapadjad-4tk\\\/\",\"url\":\"https:\\\/\\\/beebipai.ee\\\/product\\\/neobulle-pestavad-rinnapadjad-4tk\\\/\",\"name\":\"Neobulle pestavad rinnapadjad, 4tk - Beebipai\",\"isPartOf\":{\"@id\":\"https:\\\/\\\/beebipai.ee\\\/en\\\/#website\"},\"primaryImageOfPage\":{\"@id\":\"https:\\\/\\\/beebipai.ee\\\/product\\\/neobulle-pestavad-rinnapadjad-4tk\\\/#primaryimage\"},\"image\":{\"@id\":\"https:\\\/\\\/beebipai.ee\\\/product\\\/neobulle-pestavad-rinnapadjad-4tk\\\/#primaryimage\"},\"thumbnailUrl\":\"https:\\\/\\\/beebipai.ee\\\/wp-content\\\/uploads\\\/2025\\\/10\\\/Neobulle-pestavad-rinnapadjad-4tk-e1759908129269.jpg\",\"datePublished\":\"2025-10-08T07:22:33+00:00\",\"dateModified\":\"2025-10-08T07:55:08+00:00\",\"description\":\"Neobulle pestavad rinnapadjad on pehmed, mugavad, h\u00e4sti imavad ja lekkekindlad. Vaata toodet Neobulle pestavad rinnapadjad!\",\"breadcrumb\":{\"@id\":\"https:\\\/\\\/beebipai.ee\\\/product\\\/neobulle-pestavad-rinnapadjad-4tk\\\/#breadcrumb\"},\"inLanguage\":\"lv-LV\",\"potentialAction\":[{\"@type\":\"ReadAction\",\"target\":[\"https:\\\/\\\/beebipai.ee\\\/product\\\/neobulle-pestavad-rinnapadjad-4tk\\\/\"]}]},{\"@type\":\"ImageObject\",\"inLanguage\":\"lv-LV\",\"@id\":\"https:\\\/\\\/beebipai.ee\\\/product\\\/neobulle-pestavad-rinnapadjad-4tk\\\/#primaryimage\",\"url\":\"https:\\\/\\\/beebipai.ee\\\/wp-content\\\/uploads\\\/2025\\\/10\\\/Neobulle-pestavad-rinnapadjad-4tk-e1759908129269.jpg\",\"contentUrl\":\"https:\\\/\\\/beebipai.ee\\\/wp-content\\\/uploads\\\/2025\\\/10\\\/Neobulle-pestavad-rinnapadjad-4tk-e1759908129269.jpg\",\"width\":500,\"height\":500},{\"@type\":\"BreadcrumbList\",\"@id\":\"https:\\\/\\\/beebipai.ee\\\/product\\\/neobulle-pestavad-rinnapadjad-4tk\\\/#breadcrumb\",\"itemListElement\":[{\"@type\":\"ListItem\",\"position\":1,\"name\":\"Home\",\"item\":\"https:\\\/\\\/beebipai.ee\\\/\"},{\"@type\":\"ListItem\",\"position\":2,\"name\":\"Pood\",\"item\":\"https:\\\/\\\/beebipai.ee\\\/store\\\/\"},{\"@type\":\"ListItem\",\"position\":3,\"name\":\"Neobulle pestavad rinnapadjad, 4tk\"}]},{\"@type\":\"WebSite\",\"@id\":\"https:\\\/\\\/beebipai.ee\\\/en\\\/#website\",\"url\":\"https:\\\/\\\/beebipai.ee\\\/en\\\/\",\"name\":\"Beebipai\",\"description\":\"Rasedate ja beebide veebipood\",\"potentialAction\":[{\"@type\":\"SearchAction\",\"target\":{\"@type\":\"EntryPoint\",\"urlTemplate\":\"https:\\\/\\\/beebipai.ee\\\/en\\\/?s={search_term_string}\"},\"query-input\":{\"@type\":\"PropertyValueSpecification\",\"valueRequired\":true,\"valueName\":\"search_term_string\"}}],\"inLanguage\":\"lv-LV\"}]}<\/script>\n<!-- \/ Yoast SEO plugin. -->","yoast_head_json":{"title":"Neobulle pestavad rinnapadjad, 4tk - Beebipai","description":"Neobulle pestavad rinnapadjad on pehmed, mugavad, h\u00e4sti imavad ja lekkekindlad. Vaata toodet Neobulle pestavad rinnapadjad!","robots":{"index":"index","follow":"follow","max-snippet":"max-snippet:-1","max-image-preview":"max-image-preview:large","max-video-preview":"max-video-preview:-1"},"canonical":"https:\/\/beebipai.ee\/lv\/product\/neobulle-pestavad-rinnapadjad-4tk\/","og_locale":"lv_LV","og_type":"article","og_title":"Neobulle pestavad rinnapadjad, 4tk - Beebipai","og_description":"Neobulle pestavad rinnapadjad on pehmed, mugavad, h\u00e4sti imavad ja lekkekindlad. Vaata toodet Neobulle pestavad rinnapadjad!","og_url":"https:\/\/beebipai.ee\/lv\/product\/neobulle-pestavad-rinnapadjad-4tk\/","og_site_name":"Beebipai","article_modified_time":"2025-10-08T07:55:08+00:00","og_image":[{"width":500,"height":500,"url":"https:\/\/beebipai.ee\/wp-content\/uploads\/2025\/10\/Neobulle-pestavad-rinnapadjad-4tk-e1759908129269.jpg","type":"image\/jpeg"}],"twitter_card":"summary_large_image","schema":{"@context":"https:\/\/schema.org","@graph":[{"@type":"WebPage","@id":"https:\/\/beebipai.ee\/product\/neobulle-pestavad-rinnapadjad-4tk\/","url":"https:\/\/beebipai.ee\/product\/neobulle-pestavad-rinnapadjad-4tk\/","name":"Neobulle pestavad rinnapadjad, 4tk - Beebipai","isPartOf":{"@id":"https:\/\/beebipai.ee\/en\/#website"},"primaryImageOfPage":{"@id":"https:\/\/beebipai.ee\/product\/neobulle-pestavad-rinnapadjad-4tk\/#primaryimage"},"image":{"@id":"https:\/\/beebipai.ee\/product\/neobulle-pestavad-rinnapadjad-4tk\/#primaryimage"},"thumbnailUrl":"https:\/\/beebipai.ee\/wp-content\/uploads\/2025\/10\/Neobulle-pestavad-rinnapadjad-4tk-e1759908129269.jpg","datePublished":"2025-10-08T07:22:33+00:00","dateModified":"2025-10-08T07:55:08+00:00","description":"Neobulle pestavad rinnapadjad on pehmed, mugavad, h\u00e4sti imavad ja lekkekindlad. Vaata toodet Neobulle pestavad rinnapadjad!","breadcrumb":{"@id":"https:\/\/beebipai.ee\/product\/neobulle-pestavad-rinnapadjad-4tk\/#breadcrumb"},"inLanguage":"lv-LV","potentialAction":[{"@type":"ReadAction","target":["https:\/\/beebipai.ee\/product\/neobulle-pestavad-rinnapadjad-4tk\/"]}]},{"@type":"ImageObject","inLanguage":"lv-LV","@id":"https:\/\/beebipai.ee\/product\/neobulle-pestavad-rinnapadjad-4tk\/#primaryimage","url":"https:\/\/beebipai.ee\/wp-content\/uploads\/2025\/10\/Neobulle-pestavad-rinnapadjad-4tk-e1759908129269.jpg","contentUrl":"https:\/\/beebipai.ee\/wp-content\/uploads\/2025\/10\/Neobulle-pestavad-rinnapadjad-4tk-e1759908129269.jpg","width":500,"height":500},{"@type":"BreadcrumbList","@id":"https:\/\/beebipai.ee\/product\/neobulle-pestavad-rinnapadjad-4tk\/#breadcrumb","itemListElement":[{"@type":"ListItem","position":1,"name":"Home","item":"https:\/\/beebipai.ee\/"},{"@type":"ListItem","position":2,"name":"Pood","item":"https:\/\/beebipai.ee\/store\/"},{"@type":"ListItem","position":3,"name":"Neobulle pestavad rinnapadjad, 4tk"}]},{"@type":"WebSite","@id":"https:\/\/beebipai.ee\/en\/#website","url":"https:\/\/beebipai.ee\/en\/","name":"Beebipai","description":"Rasedate ja beebide veebipood","potentialAction":[{"@type":"SearchAction","target":{"@type":"EntryPoint","urlTemplate":"https:\/\/beebipai.ee\/en\/?s={search_term_string}"},"query-input":{"@type":"PropertyValueSpecification","valueRequired":true,"valueName":"search_term_string"}}],"inLanguage":"lv-LV"}]}},"_links":{"self":[{"href":"https:\/\/beebipai.ee\/lv\/wp-json\/wp\/v2\/product\/13099","targetHints":{"allow":["GET"]}}],"collection":[{"href":"https:\/\/beebipai.ee\/lv\/wp-json\/wp\/v2\/product"}],"about":[{"href":"https:\/\/beebipai.ee\/lv\/wp-json\/wp\/v2\/types\/product"}],"version-history":[{"count":4,"href":"https:\/\/beebipai.ee\/lv\/wp-json\/wp\/v2\/product\/13099\/revisions"}],"predecessor-version":[{"id":13107,"href":"https:\/\/beebipai.ee\/lv\/wp-json\/wp\/v2\/product\/13099\/revisions\/13107"}],"wp:featuredmedia":[{"embeddable":true,"href":"https:\/\/beebipai.ee\/lv\/wp-json\/wp\/v2\/media\/13102"}],"wp:attachment":[{"href":"https:\/\/beebipai.ee\/lv\/wp-json\/wp\/v2\/media?parent=13099"}],"wp:term":[{"taxonomy":"product_brand","embeddable":true,"href":"https:\/\/beebipai.ee\/lv\/wp-json\/wp\/v2\/product_brand?post=13099"},{"taxonomy":"product_cat","embeddable":true,"href":"https:\/\/beebipai.ee\/lv\/wp-json\/wp\/v2\/product_cat?post=13099"},{"taxonomy":"product_tag","embeddable":true,"href":"https:\/\/beebipai.ee\/lv\/wp-json\/wp\/v2\/product_tag?post=13099"}],"curies":[{"name":"wp","href":"https:\/\/api.w.org\/{rel}","templated":true}]}}