{"id":12388,"date":"2025-03-21T10:15:45","date_gmt":"2025-03-21T08:15:45","guid":{"rendered":"https:\/\/beebipai.ee\/?post_type=product&#038;p=12388"},"modified":"2026-03-10T12:01:04","modified_gmt":"2026-03-10T10:01:04","slug":"kikkaboo-beebitarvete-kott-siena-secret-garden-beez","status":"publish","type":"product","link":"https:\/\/beebipai.ee\/lv\/product\/kikkaboo-beebitarvete-kott-siena-secret-garden-beez\/","title":{"rendered":"Kikkaboo beebitarvete kott Siena, Secret Garden bee\u017e"},"content":{"rendered":"<div data-elementor-type=\"wp-post\" data-elementor-id=\"12388\" class=\"elementor elementor-12388\">\n\t\t\t\t\t\t<section class=\"elementor-section elementor-top-section elementor-element elementor-element-3d5403e elementor-section-boxed elementor-section-height-default elementor-section-height-default\" data-id=\"3d5403e\" data-element_type=\"section\" data-e-type=\"section\">\n\t\t\t\t\t\t<div class=\"elementor-container elementor-column-gap-default\">\n\t\t\t\t\t<div class=\"elementor-column elementor-col-50 elementor-top-column elementor-element elementor-element-c420177\" data-id=\"c420177\" data-element_type=\"column\" data-e-type=\"column\">\n\t\t\t<div class=\"elementor-widget-wrap elementor-element-populated\">\n\t\t\t\t\t\t<div class=\"elementor-element elementor-element-dff4e9e elementor-widget elementor-widget-heading\" data-id=\"dff4e9e\" data-element_type=\"widget\" data-e-type=\"widget\" data-widget_type=\"heading.default\">\n\t\t\t\t<div class=\"elementor-widget-container\">\n\t\t\t\t\t<h2 class=\"elementor-heading-title elementor-size-default\">\nKikkaboo beebitarvete kott Siena<\/h2>\t\t\t\t<\/div>\n\t\t\t\t<\/div>\n\t\t\t\t<div class=\"elementor-element elementor-element-023f1f2 elementor-widget elementor-widget-text-editor\" data-id=\"023f1f2\" data-element_type=\"widget\" data-e-type=\"widget\" data-widget_type=\"text-editor.default\">\n\t\t\t\t<div class=\"elementor-widget-container\">\n\t\t\t\t\t\t\t\t\t<p>Stil\u012bga dizaina luksusa melan\u017ea auduma b\u0113rnu piederumu soma ir piem\u0113rota gan mugursomas, gan rokassomas lieto\u0161anai. Labi der nepiecie\u0161am\u0101s lietas gan mazulim, gan m\u0101mi\u0146ai. Iek\u013cauts auti\u0146biks\u012b\u0161u paliktnis \u0113rt\u0101kai mazu\u013ca \u0123\u0113rb\u0161anai.<\/p><p>Pla\u0161a atv\u0113r\u0161ana galvenaj\u0101 kabat\u0101 viegl\u0101kai un \u0101tr\u0101kai piek\u013cuvei. Atv\u0113rums ar r\u0101v\u0113jsl\u0113dz\u0113ju aizmugur\u0113 \u013cauj \u0101tri piek\u013c\u016bt galven\u0101 nodal\u012bjuma apak\u0161da\u013cai. Viegli uzmont\u0113jams uz ratu roktura ar klip\u0161iem. N\u0101k ar gar\u0101ku regul\u0113jamu siksnu. Elast\u012bgs roktura garuma regul\u0113t\u0101js. L\u012bdzi n\u0101k atsl\u0113gu piekari\u0146\u0161.\u00a0<\/p><p>Da\u017e\u0101di nodal\u012bjumi dr\u0113b\u0113m un auti\u0146biks\u012bt\u0113m un \u016bdensnecaurlaid\u012bgas kabatas slapjiem vai necaurlaid\u012bgiem priek\u0161metiem. 3 termotrauki, lai pienu, \u016bdeni, sulu stund\u0101m ilgi uztur\u0113tu stabil\u0101 temperat\u016br\u0101. S\u0101nos divas elast\u012bgas kabatas \u0101tri nepiecie\u0161am\u0101m liet\u0101m<\/p><p>Kott on vastupidav, pika kasutuseaga ja kergesti puhastatav.\u00a0<\/p>\t\t\t\t\t\t\t\t<\/div>\n\t\t\t\t<\/div>\n\t\t\t\t\t<\/div>\n\t\t<\/div>\n\t\t\t\t<div class=\"elementor-column elementor-col-50 elementor-top-column elementor-element elementor-element-3961963\" data-id=\"3961963\" data-element_type=\"column\" data-e-type=\"column\">\n\t\t\t<div class=\"elementor-widget-wrap elementor-element-populated\">\n\t\t\t\t\t\t<div class=\"elementor-element elementor-element-d04b394 elementor-widget elementor-widget-image\" data-id=\"d04b394\" data-element_type=\"widget\" data-e-type=\"widget\" data-widget_type=\"image.default\">\n\t\t\t\t<div class=\"elementor-widget-container\">\n\t\t\t\t\t\t\t\t\t\t\t\t\t\t\t<img fetchpriority=\"high\" decoding=\"async\" width=\"522\" height=\"522\" src=\"https:\/\/beebipai.ee\/wp-content\/uploads\/2025\/03\/Kikkaboo-beebitarvete-kott-Secret-Garden-beez-9.jpg\" class=\"attachment-large size-large wp-image-12397\" alt=\"\" srcset=\"https:\/\/beebipai.ee\/wp-content\/uploads\/2025\/03\/Kikkaboo-beebitarvete-kott-Secret-Garden-beez-9.jpg 522w, https:\/\/beebipai.ee\/wp-content\/uploads\/2025\/03\/Kikkaboo-beebitarvete-kott-Secret-Garden-beez-9-300x300.jpg 300w, https:\/\/beebipai.ee\/wp-content\/uploads\/2025\/03\/Kikkaboo-beebitarvete-kott-Secret-Garden-beez-9-150x150.jpg 150w, https:\/\/beebipai.ee\/wp-content\/uploads\/2025\/03\/Kikkaboo-beebitarvete-kott-Secret-Garden-beez-9-12x12.jpg 12w, https:\/\/beebipai.ee\/wp-content\/uploads\/2025\/03\/Kikkaboo-beebitarvete-kott-Secret-Garden-beez-9-100x100.jpg 100w\" sizes=\"(max-width: 522px) 100vw, 522px\" \/>\t\t\t\t\t\t\t\t\t\t\t\t\t\t\t<\/div>\n\t\t\t\t<\/div>\n\t\t\t\t\t<\/div>\n\t\t<\/div>\n\t\t\t\t\t<\/div>\n\t\t<\/section>\n\t\t\t\t<\/div>","protected":false},"excerpt":{"rendered":"<p>Kikkaboo beebitarvete kott Siena on mugav, praktiline ja stiilne. Multifunktsionaalne kott \u00fchendab ilusa v\u00e4limuse praktilisusega, tagades et k\u00f5ik vajalikud asjad oleksid k\u00e4eulatuses.\u00a0 Kotti mahutad k\u00f5ik vajalikud asjad nii endale kui ka beebile. Hooldusvahenditest s\u00f6\u00f6gitarveteni.<\/p>","protected":false},"featured_media":12390,"template":"","meta":{"_monsterinsights_skip_tracking":false,"_monsterinsights_sitenote_active":false,"_monsterinsights_sitenote_note":"","_monsterinsights_sitenote_category":0,"site-sidebar-layout":"no-sidebar","site-content-layout":"page-builder","ast-site-content-layout":"full-width-container","site-content-style":"default","site-sidebar-style":"default","ast-global-header-display":"","ast-banner-title-visibility":"","ast-main-header-display":"","ast-hfb-above-header-display":"","ast-hfb-below-header-display":"","ast-hfb-mobile-header-display":"","site-post-title":"disabled","ast-breadcrumbs-content":"","ast-featured-img":"disabled","footer-sml-layout":"","ast-disable-related-posts":"","theme-transparent-header-meta":"default","adv-header-id-meta":"","stick-header-meta":"","header-above-stick-meta":"","header-main-stick-meta":"","header-below-stick-meta":"","astra-migrate-meta-layouts":"set","ast-page-background-enabled":"default","ast-page-background-meta":{"desktop":{"background-color":"","background-image":"","background-repeat":"repeat","background-position":"center center","background-size":"auto","background-attachment":"scroll","background-type":"","background-media":"","overlay-type":"","overlay-color":"","overlay-opacity":"","overlay-gradient":""},"tablet":{"background-color":"","background-image":"","background-repeat":"repeat","background-position":"center center","background-size":"auto","background-attachment":"scroll","background-type":"","background-media":"","overlay-type":"","overlay-color":"","overlay-opacity":"","overlay-gradient":""},"mobile":{"background-color":"","background-image":"","background-repeat":"repeat","background-position":"center center","background-size":"auto","background-attachment":"scroll","background-type":"","background-media":"","overlay-type":"","overlay-color":"","overlay-opacity":"","overlay-gradient":""}},"ast-content-background-meta":{"desktop":{"background-color":"var(--ast-global-color-5)","background-image":"","background-repeat":"repeat","background-position":"center center","background-size":"auto","background-attachment":"scroll","background-type":"","background-media":"","overlay-type":"","overlay-color":"","overlay-opacity":"","overlay-gradient":""},"tablet":{"background-color":"var(--ast-global-color-5)","background-image":"","background-repeat":"repeat","background-position":"center center","background-size":"auto","background-attachment":"scroll","background-type":"","background-media":"","overlay-type":"","overlay-color":"","overlay-opacity":"","overlay-gradient":""},"mobile":{"background-color":"var(--ast-global-color-5)","background-image":"","background-repeat":"repeat","background-position":"center center","background-size":"auto","background-attachment":"scroll","background-type":"","background-media":"","overlay-type":"","overlay-color":"","overlay-opacity":"","overlay-gradient":""}}},"product_brand":[],"product_cat":[157,22],"product_tag":[],"class_list":{"0":"post-12388","1":"product","2":"type-product","3":"status-publish","4":"has-post-thumbnail","6":"product_cat-beebitarvete-kotid","7":"product_cat-emale","8":"desktop-align-left","9":"tablet-align-left","10":"mobile-align-left","12":"first","13":"outofstock","14":"taxable","15":"shipping-taxable","16":"purchasable","17":"product-type-simple"},"yoast_head":"<!-- This site is optimized with the Yoast SEO plugin v27.3 - https:\/\/yoast.com\/product\/yoast-seo-wordpress\/ -->\n<title>Kikkaboo beebitarvete kott Siena, Secret Garden bee\u017e - Beebipai<\/title>\n<meta name=\"description\" content=\"Kikkaboo beebitarvete kott Siena on mugav ja praktiline, mahutad sinna asjad nii endale kui ka beebile.. Vaata toodet Kikkaboo beebitarvete kott Siena!\" \/>\n<meta name=\"robots\" content=\"index, follow, max-snippet:-1, max-image-preview:large, max-video-preview:-1\" \/>\n<link rel=\"canonical\" href=\"https:\/\/beebipai.ee\/lv\/product\/kikkaboo-beebitarvete-kott-siena-secret-garden-beez\/\" \/>\n<meta property=\"og:locale\" content=\"lv_LV\" \/>\n<meta property=\"og:type\" content=\"article\" \/>\n<meta property=\"og:title\" content=\"Kikkaboo beebitarvete kott Siena, Secret Garden bee\u017e - Beebipai\" \/>\n<meta property=\"og:description\" content=\"Kikkaboo beebitarvete kott Siena on mugav ja praktiline, mahutad sinna asjad nii endale kui ka beebile.. Vaata toodet Kikkaboo beebitarvete kott Siena!\" \/>\n<meta property=\"og:url\" content=\"https:\/\/beebipai.ee\/lv\/product\/kikkaboo-beebitarvete-kott-siena-secret-garden-beez\/\" \/>\n<meta property=\"og:site_name\" content=\"Beebipai\" \/>\n<meta property=\"article:modified_time\" content=\"2026-03-10T10:01:04+00:00\" \/>\n<meta property=\"og:image\" content=\"https:\/\/beebipai.ee\/wp-content\/uploads\/2025\/03\/Kikkaboo-beebitarvete-kott-Secret-Garden-beez-2.jpg\" \/>\n\t<meta property=\"og:image:width\" content=\"522\" \/>\n\t<meta property=\"og:image:height\" content=\"522\" \/>\n\t<meta property=\"og:image:type\" content=\"image\/jpeg\" \/>\n<meta name=\"twitter:card\" content=\"summary_large_image\" \/>\n<meta name=\"twitter:label1\" content=\"Est. reading time\" \/>\n\t<meta name=\"twitter:data1\" content=\"1 min\u016bte\" \/>\n<script type=\"application\/ld+json\" class=\"yoast-schema-graph\">{\"@context\":\"https:\\\/\\\/schema.org\",\"@graph\":[{\"@type\":\"WebPage\",\"@id\":\"https:\\\/\\\/beebipai.ee\\\/product\\\/kikkaboo-beebitarvete-kott-siena-secret-garden-beez\\\/\",\"url\":\"https:\\\/\\\/beebipai.ee\\\/product\\\/kikkaboo-beebitarvete-kott-siena-secret-garden-beez\\\/\",\"name\":\"Kikkaboo beebitarvete kott Siena, Secret Garden bee\u017e - Beebipai\",\"isPartOf\":{\"@id\":\"https:\\\/\\\/beebipai.ee\\\/en\\\/#website\"},\"primaryImageOfPage\":{\"@id\":\"https:\\\/\\\/beebipai.ee\\\/product\\\/kikkaboo-beebitarvete-kott-siena-secret-garden-beez\\\/#primaryimage\"},\"image\":{\"@id\":\"https:\\\/\\\/beebipai.ee\\\/product\\\/kikkaboo-beebitarvete-kott-siena-secret-garden-beez\\\/#primaryimage\"},\"thumbnailUrl\":\"https:\\\/\\\/beebipai.ee\\\/wp-content\\\/uploads\\\/2025\\\/03\\\/Kikkaboo-beebitarvete-kott-Secret-Garden-beez-2.jpg\",\"datePublished\":\"2025-03-21T08:15:45+00:00\",\"dateModified\":\"2026-03-10T10:01:04+00:00\",\"description\":\"Kikkaboo beebitarvete kott Siena on mugav ja praktiline, mahutad sinna asjad nii endale kui ka beebile.. Vaata toodet Kikkaboo beebitarvete kott Siena!\",\"breadcrumb\":{\"@id\":\"https:\\\/\\\/beebipai.ee\\\/product\\\/kikkaboo-beebitarvete-kott-siena-secret-garden-beez\\\/#breadcrumb\"},\"inLanguage\":\"lv-LV\",\"potentialAction\":[{\"@type\":\"ReadAction\",\"target\":[\"https:\\\/\\\/beebipai.ee\\\/product\\\/kikkaboo-beebitarvete-kott-siena-secret-garden-beez\\\/\"]}]},{\"@type\":\"ImageObject\",\"inLanguage\":\"lv-LV\",\"@id\":\"https:\\\/\\\/beebipai.ee\\\/product\\\/kikkaboo-beebitarvete-kott-siena-secret-garden-beez\\\/#primaryimage\",\"url\":\"https:\\\/\\\/beebipai.ee\\\/wp-content\\\/uploads\\\/2025\\\/03\\\/Kikkaboo-beebitarvete-kott-Secret-Garden-beez-2.jpg\",\"contentUrl\":\"https:\\\/\\\/beebipai.ee\\\/wp-content\\\/uploads\\\/2025\\\/03\\\/Kikkaboo-beebitarvete-kott-Secret-Garden-beez-2.jpg\",\"width\":522,\"height\":522},{\"@type\":\"BreadcrumbList\",\"@id\":\"https:\\\/\\\/beebipai.ee\\\/product\\\/kikkaboo-beebitarvete-kott-siena-secret-garden-beez\\\/#breadcrumb\",\"itemListElement\":[{\"@type\":\"ListItem\",\"position\":1,\"name\":\"Home\",\"item\":\"https:\\\/\\\/beebipai.ee\\\/\"},{\"@type\":\"ListItem\",\"position\":2,\"name\":\"Pood\",\"item\":\"https:\\\/\\\/beebipai.ee\\\/store\\\/\"},{\"@type\":\"ListItem\",\"position\":3,\"name\":\"Kikkaboo beebitarvete kott Siena, Secret Garden bee\u017e\"}]},{\"@type\":\"WebSite\",\"@id\":\"https:\\\/\\\/beebipai.ee\\\/en\\\/#website\",\"url\":\"https:\\\/\\\/beebipai.ee\\\/en\\\/\",\"name\":\"Beebipai\",\"description\":\"Rasedate ja beebide veebipood\",\"potentialAction\":[{\"@type\":\"SearchAction\",\"target\":{\"@type\":\"EntryPoint\",\"urlTemplate\":\"https:\\\/\\\/beebipai.ee\\\/en\\\/?s={search_term_string}\"},\"query-input\":{\"@type\":\"PropertyValueSpecification\",\"valueRequired\":true,\"valueName\":\"search_term_string\"}}],\"inLanguage\":\"lv-LV\"}]}<\/script>\n<!-- \/ Yoast SEO plugin. -->","yoast_head_json":{"title":"Kikkaboo beebitarvete kott Siena, Secret Garden bee\u017e - Beebipai","description":"Kikkaboo beebitarvete kott Siena on mugav ja praktiline, mahutad sinna asjad nii endale kui ka beebile.. Vaata toodet Kikkaboo beebitarvete kott Siena!","robots":{"index":"index","follow":"follow","max-snippet":"max-snippet:-1","max-image-preview":"max-image-preview:large","max-video-preview":"max-video-preview:-1"},"canonical":"https:\/\/beebipai.ee\/lv\/product\/kikkaboo-beebitarvete-kott-siena-secret-garden-beez\/","og_locale":"lv_LV","og_type":"article","og_title":"Kikkaboo beebitarvete kott Siena, Secret Garden bee\u017e - Beebipai","og_description":"Kikkaboo beebitarvete kott Siena on mugav ja praktiline, mahutad sinna asjad nii endale kui ka beebile.. Vaata toodet Kikkaboo beebitarvete kott Siena!","og_url":"https:\/\/beebipai.ee\/lv\/product\/kikkaboo-beebitarvete-kott-siena-secret-garden-beez\/","og_site_name":"Beebipai","article_modified_time":"2026-03-10T10:01:04+00:00","og_image":[{"width":522,"height":522,"url":"https:\/\/beebipai.ee\/wp-content\/uploads\/2025\/03\/Kikkaboo-beebitarvete-kott-Secret-Garden-beez-2.jpg","type":"image\/jpeg"}],"twitter_card":"summary_large_image","twitter_misc":{"Est. reading time":"1 min\u016bte"},"schema":{"@context":"https:\/\/schema.org","@graph":[{"@type":"WebPage","@id":"https:\/\/beebipai.ee\/product\/kikkaboo-beebitarvete-kott-siena-secret-garden-beez\/","url":"https:\/\/beebipai.ee\/product\/kikkaboo-beebitarvete-kott-siena-secret-garden-beez\/","name":"Kikkaboo beebitarvete kott Siena, Secret Garden bee\u017e - Beebipai","isPartOf":{"@id":"https:\/\/beebipai.ee\/en\/#website"},"primaryImageOfPage":{"@id":"https:\/\/beebipai.ee\/product\/kikkaboo-beebitarvete-kott-siena-secret-garden-beez\/#primaryimage"},"image":{"@id":"https:\/\/beebipai.ee\/product\/kikkaboo-beebitarvete-kott-siena-secret-garden-beez\/#primaryimage"},"thumbnailUrl":"https:\/\/beebipai.ee\/wp-content\/uploads\/2025\/03\/Kikkaboo-beebitarvete-kott-Secret-Garden-beez-2.jpg","datePublished":"2025-03-21T08:15:45+00:00","dateModified":"2026-03-10T10:01:04+00:00","description":"Kikkaboo beebitarvete kott Siena on mugav ja praktiline, mahutad sinna asjad nii endale kui ka beebile.. Vaata toodet Kikkaboo beebitarvete kott Siena!","breadcrumb":{"@id":"https:\/\/beebipai.ee\/product\/kikkaboo-beebitarvete-kott-siena-secret-garden-beez\/#breadcrumb"},"inLanguage":"lv-LV","potentialAction":[{"@type":"ReadAction","target":["https:\/\/beebipai.ee\/product\/kikkaboo-beebitarvete-kott-siena-secret-garden-beez\/"]}]},{"@type":"ImageObject","inLanguage":"lv-LV","@id":"https:\/\/beebipai.ee\/product\/kikkaboo-beebitarvete-kott-siena-secret-garden-beez\/#primaryimage","url":"https:\/\/beebipai.ee\/wp-content\/uploads\/2025\/03\/Kikkaboo-beebitarvete-kott-Secret-Garden-beez-2.jpg","contentUrl":"https:\/\/beebipai.ee\/wp-content\/uploads\/2025\/03\/Kikkaboo-beebitarvete-kott-Secret-Garden-beez-2.jpg","width":522,"height":522},{"@type":"BreadcrumbList","@id":"https:\/\/beebipai.ee\/product\/kikkaboo-beebitarvete-kott-siena-secret-garden-beez\/#breadcrumb","itemListElement":[{"@type":"ListItem","position":1,"name":"Home","item":"https:\/\/beebipai.ee\/"},{"@type":"ListItem","position":2,"name":"Pood","item":"https:\/\/beebipai.ee\/store\/"},{"@type":"ListItem","position":3,"name":"Kikkaboo beebitarvete kott Siena, Secret Garden bee\u017e"}]},{"@type":"WebSite","@id":"https:\/\/beebipai.ee\/en\/#website","url":"https:\/\/beebipai.ee\/en\/","name":"Beebipai","description":"Rasedate ja beebide veebipood","potentialAction":[{"@type":"SearchAction","target":{"@type":"EntryPoint","urlTemplate":"https:\/\/beebipai.ee\/en\/?s={search_term_string}"},"query-input":{"@type":"PropertyValueSpecification","valueRequired":true,"valueName":"search_term_string"}}],"inLanguage":"lv-LV"}]}},"_links":{"self":[{"href":"https:\/\/beebipai.ee\/lv\/wp-json\/wp\/v2\/product\/12388","targetHints":{"allow":["GET"]}}],"collection":[{"href":"https:\/\/beebipai.ee\/lv\/wp-json\/wp\/v2\/product"}],"about":[{"href":"https:\/\/beebipai.ee\/lv\/wp-json\/wp\/v2\/types\/product"}],"version-history":[{"count":5,"href":"https:\/\/beebipai.ee\/lv\/wp-json\/wp\/v2\/product\/12388\/revisions"}],"predecessor-version":[{"id":12404,"href":"https:\/\/beebipai.ee\/lv\/wp-json\/wp\/v2\/product\/12388\/revisions\/12404"}],"wp:featuredmedia":[{"embeddable":true,"href":"https:\/\/beebipai.ee\/lv\/wp-json\/wp\/v2\/media\/12390"}],"wp:attachment":[{"href":"https:\/\/beebipai.ee\/lv\/wp-json\/wp\/v2\/media?parent=12388"}],"wp:term":[{"taxonomy":"product_brand","embeddable":true,"href":"https:\/\/beebipai.ee\/lv\/wp-json\/wp\/v2\/product_brand?post=12388"},{"taxonomy":"product_cat","embeddable":true,"href":"https:\/\/beebipai.ee\/lv\/wp-json\/wp\/v2\/product_cat?post=12388"},{"taxonomy":"product_tag","embeddable":true,"href":"https:\/\/beebipai.ee\/lv\/wp-json\/wp\/v2\/product_tag?post=12388"}],"curies":[{"name":"wp","href":"https:\/\/api.w.org\/{rel}","templated":true}]}}