{"id":12153,"date":"2025-01-22T13:28:22","date_gmt":"2025-01-22T11:28:22","guid":{"rendered":"https:\/\/beebipai.ee\/?post_type=product&#038;p=12153"},"modified":"2025-09-04T13:57:21","modified_gmt":"2025-09-04T10:57:21","slug":"neobulle-orgaanilisest-puuvillast-rongaslina-0-18-kuud-triibuline","status":"publish","type":"product","link":"https:\/\/beebipai.ee\/lv\/product\/neobulle-orgaanilisest-puuvillast-rongaslina-0-18-kuud-triibuline\/","title":{"rendered":"Neobulle orgaanilisest puuvillast r\u00f5ngaslina, 0-18 kuud, triibuline"},"content":{"rendered":"<div data-elementor-type=\"wp-post\" data-elementor-id=\"12153\" class=\"elementor elementor-12153\">\n\t\t\t\t\t\t<section class=\"elementor-section elementor-top-section elementor-element elementor-element-21563b0 elementor-section-boxed elementor-section-height-default elementor-section-height-default\" data-id=\"21563b0\" data-element_type=\"section\" data-e-type=\"section\">\n\t\t\t\t\t\t<div class=\"elementor-container elementor-column-gap-default\">\n\t\t\t\t\t<div class=\"elementor-column elementor-col-50 elementor-top-column elementor-element elementor-element-f42d125\" data-id=\"f42d125\" data-element_type=\"column\" data-e-type=\"column\">\n\t\t\t<div class=\"elementor-widget-wrap elementor-element-populated\">\n\t\t\t\t\t\t<div class=\"elementor-element elementor-element-63e094b elementor-widget elementor-widget-heading\" data-id=\"63e094b\" data-element_type=\"widget\" data-e-type=\"widget\" data-widget_type=\"heading.default\">\n\t\t\t\t<div class=\"elementor-widget-container\">\n\t\t\t\t\t<h2 class=\"elementor-heading-title elementor-size-default\">Neobulle orgaanilisest puuvillast r\u00f5ngaslina<\/h2>\t\t\t\t<\/div>\n\t\t\t\t<\/div>\n\t\t\t\t<div class=\"elementor-element elementor-element-cd35dce elementor-widget elementor-widget-text-editor\" data-id=\"cd35dce\" data-element_type=\"widget\" data-e-type=\"widget\" data-widget_type=\"text-editor.default\">\n\t\t\t\t<div class=\"elementor-widget-container\">\n\t\t\t\t\t\t\t\t\t<p>Neobulle t\u00f5eliselt mugav \u201ck\u00e4ed vabad\u201d orgaanilisest puuvillast r\u00f5ngaslina on suurep\u00e4rane abivahend igap\u00e4evaseks kasutamiseks, alates s\u00fcnnist kuni 18-nda elukuuni. Toetab lapse f\u00fcsioloogilist nn &#8220;konnaasendit&#8221;, mis on oluline puusade arengule ning kumerat selgroo asendit ehk C- asendit, mis on lapse seljale k\u00f5ige loomuomasem.<\/p><p>Kiirelt paigaldatav ja kohendatav. Ei ole s\u00f5lmi ega sidumist, mist\u00f5ttu sobib h\u00e4sti ka t\u00e4itsa alustavale kandelina kasutajale. V\u00e4ga kerge ja v\u00e4ikese katvusega- ei hakka palav ka kuumematel suveilmadel. Alumiiniumr\u00f5ngastega pingutamine v\u00f5imaldab v\u00e4ga t\u00e4pset ja \u00fchtlast tuge v\u00e4ga erineva kaaluga lastele. T\u00e4nu kudumismeetodile on kangas elastne ega veni v\u00e4lja ka igap\u00e4evase kasutamise ja pesemise j\u00e4rel.\u00a0 Sobib kasutamiseks nii paremal kui vasakul \u00f5lal, vastavalt kandja vajadustele ja eelistustele.\u00a0<\/p><ul><li><span class=\"elementor-icon-list-text\">100% orgaaniline sertifitseeritud puuvill OKO-TEX 100. Kangas on v\u00e4ga h\u00e4sti hingav.<\/span><\/li><li><span class=\"elementor-icon-list-text\">Kvaliteetselt ja hoolega kootud. \u00dchtlane elastsus ja tugi diagonaalides tagavad kanga stabiilsuse ning suurep\u00e4rase ning kindla toe lapse kandmisel.<\/span><\/li><li><span class=\"elementor-icon-list-text\">Tiheda ja vastpidava kudumistehnoloogiaga- 300g\/m2 koht.<\/span><\/li><li><span class=\"elementor-icon-list-text\">M\u00f5\u00f5tmed 1.90m x 0,70.<\/span><\/li><li><span class=\"elementor-icon-list-text\">Alumiiniumr\u00f5ngad, mis on vastupidavad hooldusele ja pesemisele. On allergiavabad.<\/span><\/li><li><span class=\"elementor-icon-list-text\">Vastavalt vajadusele reguleeritav.\u00a0<\/span><span class=\"elementor-icon-list-text\">Masinapestav 30 kraadi juures.<\/span><\/li><li><span class=\"elementor-icon-list-text\">Vastab k\u00f5ikidele Euroopa Liidu ohutusn\u00f5uetele<\/span><\/li><\/ul>\t\t\t\t\t\t\t\t<\/div>\n\t\t\t\t<\/div>\n\t\t\t\t\t<\/div>\n\t\t<\/div>\n\t\t\t\t<div class=\"elementor-column elementor-col-50 elementor-top-column elementor-element elementor-element-9dca55d\" data-id=\"9dca55d\" data-element_type=\"column\" data-e-type=\"column\">\n\t\t\t<div class=\"elementor-widget-wrap elementor-element-populated\">\n\t\t\t\t\t\t<div class=\"elementor-element elementor-element-5b592c5 elementor-widget elementor-widget-image\" data-id=\"5b592c5\" data-element_type=\"widget\" data-e-type=\"widget\" data-widget_type=\"image.default\">\n\t\t\t\t<div class=\"elementor-widget-container\">\n\t\t\t\t\t\t\t\t\t\t\t\t\t\t\t<img fetchpriority=\"high\" decoding=\"async\" width=\"1024\" height=\"1024\" src=\"https:\/\/beebipai.ee\/wp-content\/uploads\/2025\/01\/Neobulle-orgaanilisest-puuvillast-rongaslina-triibuline2-1024x1024.jpg\" class=\"attachment-large size-large wp-image-12147\" alt=\"\" srcset=\"https:\/\/beebipai.ee\/wp-content\/uploads\/2025\/01\/Neobulle-orgaanilisest-puuvillast-rongaslina-triibuline2-1024x1024.jpg 1024w, https:\/\/beebipai.ee\/wp-content\/uploads\/2025\/01\/Neobulle-orgaanilisest-puuvillast-rongaslina-triibuline2-300x300.jpg 300w, https:\/\/beebipai.ee\/wp-content\/uploads\/2025\/01\/Neobulle-orgaanilisest-puuvillast-rongaslina-triibuline2-150x150.jpg 150w, https:\/\/beebipai.ee\/wp-content\/uploads\/2025\/01\/Neobulle-orgaanilisest-puuvillast-rongaslina-triibuline2-768x768.jpg 768w, https:\/\/beebipai.ee\/wp-content\/uploads\/2025\/01\/Neobulle-orgaanilisest-puuvillast-rongaslina-triibuline2-12x12.jpg 12w, https:\/\/beebipai.ee\/wp-content\/uploads\/2025\/01\/Neobulle-orgaanilisest-puuvillast-rongaslina-triibuline2-600x600.jpg 600w, https:\/\/beebipai.ee\/wp-content\/uploads\/2025\/01\/Neobulle-orgaanilisest-puuvillast-rongaslina-triibuline2-100x100.jpg 100w, https:\/\/beebipai.ee\/wp-content\/uploads\/2025\/01\/Neobulle-orgaanilisest-puuvillast-rongaslina-triibuline2-e1737543845969.jpg 500w\" sizes=\"(max-width: 1024px) 100vw, 1024px\" \/>\t\t\t\t\t\t\t\t\t\t\t\t\t\t\t<\/div>\n\t\t\t\t<\/div>\n\t\t\t\t\t<\/div>\n\t\t<\/div>\n\t\t\t\t\t<\/div>\n\t\t<\/section>\n\t\t\t\t<\/div>","protected":false},"excerpt":{"rendered":"<p>Neobulle r\u00f5ngaslina on kiirelt ja mugavalt paigaldatav ja kohendatav v\u00f5imalus lapse enda l\u00e4hedal kandmiseks. Pakub beebile turvalist ja kindlat kohta magamiseks ja maailma avastamiseks. Annab kandjale rohkem liikumisvabadust ja v\u00f5imalusi igap\u00e4evasteks toimetusteks. Suurep\u00e4rane abivahend imetamisel pakkudes nii privaatsust kui ka rahulikku keskkonda.<\/p>\n<p>100% orgaaniline puuvill<\/p>\n<p>V\u00e4rvus: triibuline<\/p>\n<p>Ra\u017eots Francij\u0101<\/p>","protected":false},"featured_media":12146,"template":"","meta":{"_monsterinsights_skip_tracking":false,"_monsterinsights_sitenote_active":false,"_monsterinsights_sitenote_note":"","_monsterinsights_sitenote_category":0,"site-sidebar-layout":"no-sidebar","site-content-layout":"page-builder","ast-site-content-layout":"full-width-container","site-content-style":"default","site-sidebar-style":"default","ast-global-header-display":"","ast-banner-title-visibility":"","ast-main-header-display":"","ast-hfb-above-header-display":"","ast-hfb-below-header-display":"","ast-hfb-mobile-header-display":"","site-post-title":"disabled","ast-breadcrumbs-content":"","ast-featured-img":"disabled","footer-sml-layout":"","ast-disable-related-posts":"","theme-transparent-header-meta":"default","adv-header-id-meta":"","stick-header-meta":"","header-above-stick-meta":"","header-main-stick-meta":"","header-below-stick-meta":"","astra-migrate-meta-layouts":"set","ast-page-background-enabled":"default","ast-page-background-meta":{"desktop":{"background-color":"","background-image":"","background-repeat":"repeat","background-position":"center center","background-size":"auto","background-attachment":"scroll","background-type":"","background-media":"","overlay-type":"","overlay-color":"","overlay-opacity":"","overlay-gradient":""},"tablet":{"background-color":"","background-image":"","background-repeat":"repeat","background-position":"center center","background-size":"auto","background-attachment":"scroll","background-type":"","background-media":"","overlay-type":"","overlay-color":"","overlay-opacity":"","overlay-gradient":""},"mobile":{"background-color":"","background-image":"","background-repeat":"repeat","background-position":"center center","background-size":"auto","background-attachment":"scroll","background-type":"","background-media":"","overlay-type":"","overlay-color":"","overlay-opacity":"","overlay-gradient":""}},"ast-content-background-meta":{"desktop":{"background-color":"var(--ast-global-color-5)","background-image":"","background-repeat":"repeat","background-position":"center center","background-size":"auto","background-attachment":"scroll","background-type":"","background-media":"","overlay-type":"","overlay-color":"","overlay-opacity":"","overlay-gradient":""},"tablet":{"background-color":"var(--ast-global-color-5)","background-image":"","background-repeat":"repeat","background-position":"center center","background-size":"auto","background-attachment":"scroll","background-type":"","background-media":"","overlay-type":"","overlay-color":"","overlay-opacity":"","overlay-gradient":""},"mobile":{"background-color":"var(--ast-global-color-5)","background-image":"","background-repeat":"repeat","background-position":"center center","background-size":"auto","background-attachment":"scroll","background-type":"","background-media":"","overlay-type":"","overlay-color":"","overlay-opacity":"","overlay-gradient":""}}},"product_brand":[],"product_cat":[23,98],"product_tag":[],"class_list":{"0":"post-12153","1":"product","2":"type-product","3":"status-publish","4":"has-post-thumbnail","6":"product_cat-beebile","7":"product_cat-kandekotid","8":"desktop-align-left","9":"tablet-align-left","10":"mobile-align-left","12":"first","13":"instock","14":"taxable","15":"shipping-taxable","16":"purchasable","17":"product-type-simple"},"yoast_head":"<!-- This site is optimized with the Yoast SEO plugin v27.3 - https:\/\/yoast.com\/product\/yoast-seo-wordpress\/ -->\n<title>Neobulle orgaanilisest puuvillast r\u00f5ngaslina, 0-18 kuud, triibuline - Beebipai<\/title>\n<meta name=\"description\" content=\"Neobulle orgaanilisest puuvillast r\u00f5ngaslina on mugav ja praktiline abivahend lapse kandmiseks. Mugav lapsele ja kandjale. Vaata toodet Neobulle r\u00f5ngaslina!\" \/>\n<meta name=\"robots\" content=\"index, follow, max-snippet:-1, max-image-preview:large, max-video-preview:-1\" \/>\n<link rel=\"canonical\" href=\"https:\/\/beebipai.ee\/lv\/product\/neobulle-orgaanilisest-puuvillast-rongaslina-0-18-kuud-triibuline\/\" \/>\n<meta property=\"og:locale\" content=\"lv_LV\" \/>\n<meta property=\"og:type\" content=\"article\" \/>\n<meta property=\"og:title\" content=\"Neobulle orgaanilisest puuvillast r\u00f5ngaslina, 0-18 kuud, triibuline - Beebipai\" \/>\n<meta property=\"og:description\" content=\"Neobulle orgaanilisest puuvillast r\u00f5ngaslina on mugav ja praktiline abivahend lapse kandmiseks. Mugav lapsele ja kandjale. Vaata toodet Neobulle r\u00f5ngaslina!\" \/>\n<meta property=\"og:url\" content=\"https:\/\/beebipai.ee\/lv\/product\/neobulle-orgaanilisest-puuvillast-rongaslina-0-18-kuud-triibuline\/\" \/>\n<meta property=\"og:site_name\" content=\"Beebipai\" \/>\n<meta property=\"article:modified_time\" content=\"2025-09-04T10:57:21+00:00\" \/>\n<meta property=\"og:image\" content=\"https:\/\/beebipai.ee\/wp-content\/uploads\/2025\/01\/Neobulle-orgaanilisest-puuvillast-rongaslina-triibuline1-e1737543858739.jpg\" \/>\n\t<meta property=\"og:image:width\" content=\"500\" \/>\n\t<meta property=\"og:image:height\" content=\"500\" \/>\n\t<meta property=\"og:image:type\" content=\"image\/jpeg\" \/>\n<meta name=\"twitter:card\" content=\"summary_large_image\" \/>\n<meta name=\"twitter:label1\" content=\"Est. reading time\" \/>\n\t<meta name=\"twitter:data1\" content=\"1 min\u016bte\" \/>\n<script type=\"application\/ld+json\" class=\"yoast-schema-graph\">{\"@context\":\"https:\\\/\\\/schema.org\",\"@graph\":[{\"@type\":\"WebPage\",\"@id\":\"https:\\\/\\\/beebipai.ee\\\/product\\\/neobulle-orgaanilisest-puuvillast-rongaslina-0-18-kuud-triibuline\\\/\",\"url\":\"https:\\\/\\\/beebipai.ee\\\/product\\\/neobulle-orgaanilisest-puuvillast-rongaslina-0-18-kuud-triibuline\\\/\",\"name\":\"Neobulle orgaanilisest puuvillast r\u00f5ngaslina, 0-18 kuud, triibuline - Beebipai\",\"isPartOf\":{\"@id\":\"https:\\\/\\\/beebipai.ee\\\/en\\\/#website\"},\"primaryImageOfPage\":{\"@id\":\"https:\\\/\\\/beebipai.ee\\\/product\\\/neobulle-orgaanilisest-puuvillast-rongaslina-0-18-kuud-triibuline\\\/#primaryimage\"},\"image\":{\"@id\":\"https:\\\/\\\/beebipai.ee\\\/product\\\/neobulle-orgaanilisest-puuvillast-rongaslina-0-18-kuud-triibuline\\\/#primaryimage\"},\"thumbnailUrl\":\"https:\\\/\\\/beebipai.ee\\\/wp-content\\\/uploads\\\/2025\\\/01\\\/Neobulle-orgaanilisest-puuvillast-rongaslina-triibuline1-e1737543858739.jpg\",\"datePublished\":\"2025-01-22T11:28:22+00:00\",\"dateModified\":\"2025-09-04T10:57:21+00:00\",\"description\":\"Neobulle orgaanilisest puuvillast r\u00f5ngaslina on mugav ja praktiline abivahend lapse kandmiseks. Mugav lapsele ja kandjale. Vaata toodet Neobulle r\u00f5ngaslina!\",\"breadcrumb\":{\"@id\":\"https:\\\/\\\/beebipai.ee\\\/product\\\/neobulle-orgaanilisest-puuvillast-rongaslina-0-18-kuud-triibuline\\\/#breadcrumb\"},\"inLanguage\":\"lv-LV\",\"potentialAction\":[{\"@type\":\"ReadAction\",\"target\":[\"https:\\\/\\\/beebipai.ee\\\/product\\\/neobulle-orgaanilisest-puuvillast-rongaslina-0-18-kuud-triibuline\\\/\"]}]},{\"@type\":\"ImageObject\",\"inLanguage\":\"lv-LV\",\"@id\":\"https:\\\/\\\/beebipai.ee\\\/product\\\/neobulle-orgaanilisest-puuvillast-rongaslina-0-18-kuud-triibuline\\\/#primaryimage\",\"url\":\"https:\\\/\\\/beebipai.ee\\\/wp-content\\\/uploads\\\/2025\\\/01\\\/Neobulle-orgaanilisest-puuvillast-rongaslina-triibuline1-e1737543858739.jpg\",\"contentUrl\":\"https:\\\/\\\/beebipai.ee\\\/wp-content\\\/uploads\\\/2025\\\/01\\\/Neobulle-orgaanilisest-puuvillast-rongaslina-triibuline1-e1737543858739.jpg\",\"width\":500,\"height\":500},{\"@type\":\"BreadcrumbList\",\"@id\":\"https:\\\/\\\/beebipai.ee\\\/product\\\/neobulle-orgaanilisest-puuvillast-rongaslina-0-18-kuud-triibuline\\\/#breadcrumb\",\"itemListElement\":[{\"@type\":\"ListItem\",\"position\":1,\"name\":\"Home\",\"item\":\"https:\\\/\\\/beebipai.ee\\\/\"},{\"@type\":\"ListItem\",\"position\":2,\"name\":\"Pood\",\"item\":\"https:\\\/\\\/beebipai.ee\\\/store\\\/\"},{\"@type\":\"ListItem\",\"position\":3,\"name\":\"Neobulle orgaanilisest puuvillast r\u00f5ngaslina, 0-18 kuud, triibuline\"}]},{\"@type\":\"WebSite\",\"@id\":\"https:\\\/\\\/beebipai.ee\\\/en\\\/#website\",\"url\":\"https:\\\/\\\/beebipai.ee\\\/en\\\/\",\"name\":\"Beebipai\",\"description\":\"Rasedate ja beebide veebipood\",\"potentialAction\":[{\"@type\":\"SearchAction\",\"target\":{\"@type\":\"EntryPoint\",\"urlTemplate\":\"https:\\\/\\\/beebipai.ee\\\/en\\\/?s={search_term_string}\"},\"query-input\":{\"@type\":\"PropertyValueSpecification\",\"valueRequired\":true,\"valueName\":\"search_term_string\"}}],\"inLanguage\":\"lv-LV\"}]}<\/script>\n<!-- \/ Yoast SEO plugin. -->","yoast_head_json":{"title":"Neobulle orgaanilisest puuvillast r\u00f5ngaslina, 0-18 kuud, triibuline - Beebipai","description":"Neobulle orgaanilisest puuvillast r\u00f5ngaslina on mugav ja praktiline abivahend lapse kandmiseks. Mugav lapsele ja kandjale. Vaata toodet Neobulle r\u00f5ngaslina!","robots":{"index":"index","follow":"follow","max-snippet":"max-snippet:-1","max-image-preview":"max-image-preview:large","max-video-preview":"max-video-preview:-1"},"canonical":"https:\/\/beebipai.ee\/lv\/product\/neobulle-orgaanilisest-puuvillast-rongaslina-0-18-kuud-triibuline\/","og_locale":"lv_LV","og_type":"article","og_title":"Neobulle orgaanilisest puuvillast r\u00f5ngaslina, 0-18 kuud, triibuline - Beebipai","og_description":"Neobulle orgaanilisest puuvillast r\u00f5ngaslina on mugav ja praktiline abivahend lapse kandmiseks. Mugav lapsele ja kandjale. Vaata toodet Neobulle r\u00f5ngaslina!","og_url":"https:\/\/beebipai.ee\/lv\/product\/neobulle-orgaanilisest-puuvillast-rongaslina-0-18-kuud-triibuline\/","og_site_name":"Beebipai","article_modified_time":"2025-09-04T10:57:21+00:00","og_image":[{"width":500,"height":500,"url":"https:\/\/beebipai.ee\/wp-content\/uploads\/2025\/01\/Neobulle-orgaanilisest-puuvillast-rongaslina-triibuline1-e1737543858739.jpg","type":"image\/jpeg"}],"twitter_card":"summary_large_image","twitter_misc":{"Est. reading time":"1 min\u016bte"},"schema":{"@context":"https:\/\/schema.org","@graph":[{"@type":"WebPage","@id":"https:\/\/beebipai.ee\/product\/neobulle-orgaanilisest-puuvillast-rongaslina-0-18-kuud-triibuline\/","url":"https:\/\/beebipai.ee\/product\/neobulle-orgaanilisest-puuvillast-rongaslina-0-18-kuud-triibuline\/","name":"Neobulle orgaanilisest puuvillast r\u00f5ngaslina, 0-18 kuud, triibuline - Beebipai","isPartOf":{"@id":"https:\/\/beebipai.ee\/en\/#website"},"primaryImageOfPage":{"@id":"https:\/\/beebipai.ee\/product\/neobulle-orgaanilisest-puuvillast-rongaslina-0-18-kuud-triibuline\/#primaryimage"},"image":{"@id":"https:\/\/beebipai.ee\/product\/neobulle-orgaanilisest-puuvillast-rongaslina-0-18-kuud-triibuline\/#primaryimage"},"thumbnailUrl":"https:\/\/beebipai.ee\/wp-content\/uploads\/2025\/01\/Neobulle-orgaanilisest-puuvillast-rongaslina-triibuline1-e1737543858739.jpg","datePublished":"2025-01-22T11:28:22+00:00","dateModified":"2025-09-04T10:57:21+00:00","description":"Neobulle orgaanilisest puuvillast r\u00f5ngaslina on mugav ja praktiline abivahend lapse kandmiseks. Mugav lapsele ja kandjale. Vaata toodet Neobulle r\u00f5ngaslina!","breadcrumb":{"@id":"https:\/\/beebipai.ee\/product\/neobulle-orgaanilisest-puuvillast-rongaslina-0-18-kuud-triibuline\/#breadcrumb"},"inLanguage":"lv-LV","potentialAction":[{"@type":"ReadAction","target":["https:\/\/beebipai.ee\/product\/neobulle-orgaanilisest-puuvillast-rongaslina-0-18-kuud-triibuline\/"]}]},{"@type":"ImageObject","inLanguage":"lv-LV","@id":"https:\/\/beebipai.ee\/product\/neobulle-orgaanilisest-puuvillast-rongaslina-0-18-kuud-triibuline\/#primaryimage","url":"https:\/\/beebipai.ee\/wp-content\/uploads\/2025\/01\/Neobulle-orgaanilisest-puuvillast-rongaslina-triibuline1-e1737543858739.jpg","contentUrl":"https:\/\/beebipai.ee\/wp-content\/uploads\/2025\/01\/Neobulle-orgaanilisest-puuvillast-rongaslina-triibuline1-e1737543858739.jpg","width":500,"height":500},{"@type":"BreadcrumbList","@id":"https:\/\/beebipai.ee\/product\/neobulle-orgaanilisest-puuvillast-rongaslina-0-18-kuud-triibuline\/#breadcrumb","itemListElement":[{"@type":"ListItem","position":1,"name":"Home","item":"https:\/\/beebipai.ee\/"},{"@type":"ListItem","position":2,"name":"Pood","item":"https:\/\/beebipai.ee\/store\/"},{"@type":"ListItem","position":3,"name":"Neobulle orgaanilisest puuvillast r\u00f5ngaslina, 0-18 kuud, triibuline"}]},{"@type":"WebSite","@id":"https:\/\/beebipai.ee\/en\/#website","url":"https:\/\/beebipai.ee\/en\/","name":"Beebipai","description":"Rasedate ja beebide veebipood","potentialAction":[{"@type":"SearchAction","target":{"@type":"EntryPoint","urlTemplate":"https:\/\/beebipai.ee\/en\/?s={search_term_string}"},"query-input":{"@type":"PropertyValueSpecification","valueRequired":true,"valueName":"search_term_string"}}],"inLanguage":"lv-LV"}]}},"_links":{"self":[{"href":"https:\/\/beebipai.ee\/lv\/wp-json\/wp\/v2\/product\/12153","targetHints":{"allow":["GET"]}}],"collection":[{"href":"https:\/\/beebipai.ee\/lv\/wp-json\/wp\/v2\/product"}],"about":[{"href":"https:\/\/beebipai.ee\/lv\/wp-json\/wp\/v2\/types\/product"}],"version-history":[{"count":5,"href":"https:\/\/beebipai.ee\/lv\/wp-json\/wp\/v2\/product\/12153\/revisions"}],"predecessor-version":[{"id":12978,"href":"https:\/\/beebipai.ee\/lv\/wp-json\/wp\/v2\/product\/12153\/revisions\/12978"}],"wp:featuredmedia":[{"embeddable":true,"href":"https:\/\/beebipai.ee\/lv\/wp-json\/wp\/v2\/media\/12146"}],"wp:attachment":[{"href":"https:\/\/beebipai.ee\/lv\/wp-json\/wp\/v2\/media?parent=12153"}],"wp:term":[{"taxonomy":"product_brand","embeddable":true,"href":"https:\/\/beebipai.ee\/lv\/wp-json\/wp\/v2\/product_brand?post=12153"},{"taxonomy":"product_cat","embeddable":true,"href":"https:\/\/beebipai.ee\/lv\/wp-json\/wp\/v2\/product_cat?post=12153"},{"taxonomy":"product_tag","embeddable":true,"href":"https:\/\/beebipai.ee\/lv\/wp-json\/wp\/v2\/product_tag?post=12153"}],"curies":[{"name":"wp","href":"https:\/\/api.w.org\/{rel}","templated":true}]}}