{"id":11749,"date":"2024-11-10T23:03:58","date_gmt":"2024-11-10T21:03:58","guid":{"rendered":"https:\/\/beebipai.ee\/?post_type=product&#038;p=11749"},"modified":"2026-02-11T12:46:58","modified_gmt":"2026-02-11T10:46:58","slug":"faith-in-nature-juuksemask-shevoi-ja-argaanioliga-300ml","status":"publish","type":"product","link":"https:\/\/beebipai.ee\/lv\/product\/faith-in-nature-juuksemask-shevoi-ja-argaanioliga-300ml\/","title":{"rendered":"Faith in Nature juuksemask shev\u00f5i ja argaani\u00f5liga, 300ml"},"content":{"rendered":"<div data-elementor-type=\"wp-post\" data-elementor-id=\"11749\" class=\"elementor elementor-11749\">\n\t\t\t\t\t\t<section class=\"elementor-section elementor-top-section elementor-element elementor-element-b694bea elementor-section-boxed elementor-section-height-default elementor-section-height-default\" data-id=\"b694bea\" data-element_type=\"section\" data-e-type=\"section\">\n\t\t\t\t\t\t<div class=\"elementor-container elementor-column-gap-default\">\n\t\t\t\t\t<div class=\"elementor-column elementor-col-50 elementor-top-column elementor-element elementor-element-b1fe330\" data-id=\"b1fe330\" data-element_type=\"column\" data-e-type=\"column\">\n\t\t\t<div class=\"elementor-widget-wrap elementor-element-populated\">\n\t\t\t\t\t\t<div class=\"elementor-element elementor-element-6f392e1 elementor-widget elementor-widget-heading\" data-id=\"6f392e1\" data-element_type=\"widget\" data-e-type=\"widget\" data-widget_type=\"heading.default\">\n\t\t\t\t<div class=\"elementor-widget-container\">\n\t\t\t\t\t<h2 class=\"elementor-heading-title elementor-size-default\">Faith in Nature juuksemask shev\u00f5i ja argaani\u00f5liga<\/h2>\t\t\t\t<\/div>\n\t\t\t\t<\/div>\n\t\t\t\t<div class=\"elementor-element elementor-element-831f04b elementor-widget elementor-widget-text-editor\" data-id=\"831f04b\" data-element_type=\"widget\" data-e-type=\"widget\" data-widget_type=\"text-editor.default\">\n\t\t\t\t<div class=\"elementor-widget-container\">\n\t\t\t\t\t\t\t\t\t<p>Faith in Nature juuksemask niisutab ja toidab\u00a0 juuksed s\u00fcgavuti. Taastab juuksed t\u00e4ies pikkuses. Sheav\u00f5i ja argaani\u00f5li on tuntud oma niisutavate ja toitvate omaduste poolest. Juuksed n\u00e4evad v\u00e4lja eluterved ja l\u00e4ikivad.\u00a0 V\u00e4heneb juuste kahusus ja juuksed on kergesti kammitavad. Annab juustele m\u00f5nusa ja maheda l\u00f5hna.\u00a0<\/p><p>Kanna juuksemask r\u00e4tikuivadesse juustesse. Jaota \u00fchtlaselt, p\u00f6\u00f6ra eriti t\u00e4helepanu juuste otstele ning lase toimida 5 &#8211; 20 minutit. Loputa juuksemask korralikult juustest v\u00e4lja.\u00a0 Silma sattumisel loputa koheselt puhta veega.\u00a0<\/p><p>Toode ei sisalada parabeene ega SLS \u00fchendeid. Juuksemaski l\u00f5hn tuleb 100% looduslikest l\u00f5hnaainetest. Toode sobib veganitele<\/p><p>Produkta iepakojums ir izgatavots no otrreiz\u0113ji p\u0101rstr\u0101d\u0101tiem materi\u0101liem, veicinot ekolo\u0123isk\u0101s p\u0113das nospiedumu.<\/p>\t\t\t\t\t\t\t\t<\/div>\n\t\t\t\t<\/div>\n\t\t\t\t\t<\/div>\n\t\t<\/div>\n\t\t\t\t<div class=\"elementor-column elementor-col-50 elementor-top-column elementor-element elementor-element-7f5988e\" data-id=\"7f5988e\" data-element_type=\"column\" data-e-type=\"column\">\n\t\t\t<div class=\"elementor-widget-wrap elementor-element-populated\">\n\t\t\t\t\t\t<div class=\"elementor-element elementor-element-82d77fc elementor-widget elementor-widget-image\" data-id=\"82d77fc\" data-element_type=\"widget\" data-e-type=\"widget\" data-widget_type=\"image.default\">\n\t\t\t\t<div class=\"elementor-widget-container\">\n\t\t\t\t\t\t\t\t\t\t\t\t\t\t\t<img fetchpriority=\"high\" decoding=\"async\" width=\"500\" height=\"500\" src=\"https:\/\/beebipai.ee\/wp-content\/uploads\/2024\/11\/Faith-in-Nature-juuksemask-shevoi-ja-argaaniaga-e1731272693193.jpg\" class=\"attachment-large size-large wp-image-11751\" alt=\"\" \/>\t\t\t\t\t\t\t\t\t\t\t\t\t\t\t<\/div>\n\t\t\t\t<\/div>\n\t\t\t\t\t<\/div>\n\t\t<\/div>\n\t\t\t\t\t<\/div>\n\t\t<\/section>\n\t\t\t\t<\/div>","protected":false},"excerpt":{"rendered":"<p>Faith in Nature looduslik juuksemask sheav\u00f5i ja argaani\u00f5liga on ideaalne s\u00fcgavniisutamaks ja toitmaks kuivasid ja\/v\u00f5i lokkis juukseid.\u00a0 Heade taastavate omadustega. Juuksemaski l\u00f5hn on pehme ja m\u00f5nus ning j\u00e4tab juuksed suurep\u00e4raselt l\u00f5hnavaks.<\/p>\n<p>Piem\u0113rots ikdienas lieto\u0161anai no 3 gadu vecuma, k\u0101 ar\u012b gr\u016btniec\u012bbas un z\u012bd\u012b\u0161anas laik\u0101.<\/p>\n<p>99% sast\u0101vda\u013cu ir dabiskas, 100% biolo\u0123iski no\u0101rd\u0101mas<\/p>\n<p>Ra\u017eots Anglij\u0101<\/p>","protected":false},"featured_media":11750,"template":"","meta":{"_monsterinsights_skip_tracking":false,"_monsterinsights_sitenote_active":false,"_monsterinsights_sitenote_note":"","_monsterinsights_sitenote_category":0,"site-sidebar-layout":"no-sidebar","site-content-layout":"page-builder","ast-site-content-layout":"full-width-container","site-content-style":"default","site-sidebar-style":"default","ast-global-header-display":"","ast-banner-title-visibility":"","ast-main-header-display":"","ast-hfb-above-header-display":"","ast-hfb-below-header-display":"","ast-hfb-mobile-header-display":"","site-post-title":"disabled","ast-breadcrumbs-content":"","ast-featured-img":"disabled","footer-sml-layout":"","ast-disable-related-posts":"","theme-transparent-header-meta":"default","adv-header-id-meta":"","stick-header-meta":"","header-above-stick-meta":"","header-main-stick-meta":"","header-below-stick-meta":"","astra-migrate-meta-layouts":"set","ast-page-background-enabled":"default","ast-page-background-meta":{"desktop":{"background-color":"","background-image":"","background-repeat":"repeat","background-position":"center center","background-size":"auto","background-attachment":"scroll","background-type":"","background-media":"","overlay-type":"","overlay-color":"","overlay-opacity":"","overlay-gradient":""},"tablet":{"background-color":"","background-image":"","background-repeat":"repeat","background-position":"center center","background-size":"auto","background-attachment":"scroll","background-type":"","background-media":"","overlay-type":"","overlay-color":"","overlay-opacity":"","overlay-gradient":""},"mobile":{"background-color":"","background-image":"","background-repeat":"repeat","background-position":"center center","background-size":"auto","background-attachment":"scroll","background-type":"","background-media":"","overlay-type":"","overlay-color":"","overlay-opacity":"","overlay-gradient":""}},"ast-content-background-meta":{"desktop":{"background-color":"var(--ast-global-color-5)","background-image":"","background-repeat":"repeat","background-position":"center center","background-size":"auto","background-attachment":"scroll","background-type":"","background-media":"","overlay-type":"","overlay-color":"","overlay-opacity":"","overlay-gradient":""},"tablet":{"background-color":"var(--ast-global-color-5)","background-image":"","background-repeat":"repeat","background-position":"center center","background-size":"auto","background-attachment":"scroll","background-type":"","background-media":"","overlay-type":"","overlay-color":"","overlay-opacity":"","overlay-gradient":""},"mobile":{"background-color":"var(--ast-global-color-5)","background-image":"","background-repeat":"repeat","background-position":"center center","background-size":"auto","background-attachment":"scroll","background-type":"","background-media":"","overlay-type":"","overlay-color":"","overlay-opacity":"","overlay-gradient":""}}},"product_brand":[],"product_cat":[112,22,100],"product_tag":[],"class_list":{"0":"post-11749","1":"product","2":"type-product","3":"status-publish","4":"has-post-thumbnail","6":"product_cat-dusigeelid-sampoonid-palsamid","7":"product_cat-emale","8":"product_cat-hooldus-emale","9":"desktop-align-left","10":"tablet-align-left","11":"mobile-align-left","13":"first","14":"instock","15":"sale","16":"taxable","17":"shipping-taxable","18":"purchasable","19":"product-type-simple"},"yoast_head":"<!-- This site is optimized with the Yoast SEO plugin v27.3 - https:\/\/yoast.com\/product\/yoast-seo-wordpress\/ -->\n<title>Faith in Nature juuksemask shev\u00f5i ja argaani\u00f5liga, 300ml - Beebipai<\/title>\n<meta name=\"description\" content=\"Faith in Nature juuksemask sheav\u00f5i ja argaani\u00f5liga on ideaalne kuivade juuste niisutamiseks. Vaata toodet Faith in Nature juuksemask sheav\u00f5i ja argaani\u00f5liga!\" \/>\n<meta name=\"robots\" content=\"index, follow, max-snippet:-1, max-image-preview:large, max-video-preview:-1\" \/>\n<link rel=\"canonical\" href=\"https:\/\/beebipai.ee\/lv\/product\/faith-in-nature-juuksemask-shevoi-ja-argaanioliga-300ml\/\" \/>\n<meta property=\"og:locale\" content=\"lv_LV\" \/>\n<meta property=\"og:type\" content=\"article\" \/>\n<meta property=\"og:title\" content=\"Faith in Nature juuksemask shev\u00f5i ja argaani\u00f5liga, 300ml - Beebipai\" \/>\n<meta property=\"og:description\" content=\"Faith in Nature juuksemask sheav\u00f5i ja argaani\u00f5liga on ideaalne kuivade juuste niisutamiseks. Vaata toodet Faith in Nature juuksemask sheav\u00f5i ja argaani\u00f5liga!\" \/>\n<meta property=\"og:url\" content=\"https:\/\/beebipai.ee\/lv\/product\/faith-in-nature-juuksemask-shevoi-ja-argaanioliga-300ml\/\" \/>\n<meta property=\"og:site_name\" content=\"Beebipai\" \/>\n<meta property=\"article:modified_time\" content=\"2026-02-11T10:46:58+00:00\" \/>\n<meta property=\"og:image\" content=\"https:\/\/beebipai.ee\/wp-content\/uploads\/2024\/11\/Faith-in-Nature-juuksemask-Sheavoi-ja-araganiga-e1731272621379.webp\" \/>\n\t<meta property=\"og:image:width\" content=\"500\" \/>\n\t<meta property=\"og:image:height\" content=\"533\" \/>\n\t<meta property=\"og:image:type\" content=\"image\/webp\" \/>\n<meta name=\"twitter:card\" content=\"summary_large_image\" \/>\n<meta name=\"twitter:label1\" content=\"Est. reading time\" \/>\n\t<meta name=\"twitter:data1\" content=\"1 min\u016bte\" \/>\n<script type=\"application\/ld+json\" class=\"yoast-schema-graph\">{\"@context\":\"https:\\\/\\\/schema.org\",\"@graph\":[{\"@type\":\"WebPage\",\"@id\":\"https:\\\/\\\/beebipai.ee\\\/product\\\/faith-in-nature-juuksemask-shevoi-ja-argaanioliga-300ml\\\/\",\"url\":\"https:\\\/\\\/beebipai.ee\\\/product\\\/faith-in-nature-juuksemask-shevoi-ja-argaanioliga-300ml\\\/\",\"name\":\"Faith in Nature juuksemask shev\u00f5i ja argaani\u00f5liga, 300ml - Beebipai\",\"isPartOf\":{\"@id\":\"https:\\\/\\\/beebipai.ee\\\/en\\\/#website\"},\"primaryImageOfPage\":{\"@id\":\"https:\\\/\\\/beebipai.ee\\\/product\\\/faith-in-nature-juuksemask-shevoi-ja-argaanioliga-300ml\\\/#primaryimage\"},\"image\":{\"@id\":\"https:\\\/\\\/beebipai.ee\\\/product\\\/faith-in-nature-juuksemask-shevoi-ja-argaanioliga-300ml\\\/#primaryimage\"},\"thumbnailUrl\":\"https:\\\/\\\/beebipai.ee\\\/wp-content\\\/uploads\\\/2024\\\/11\\\/Faith-in-Nature-juuksemask-Sheavoi-ja-araganiga-e1731272621379.webp\",\"datePublished\":\"2024-11-10T21:03:58+00:00\",\"dateModified\":\"2026-02-11T10:46:58+00:00\",\"description\":\"Faith in Nature juuksemask sheav\u00f5i ja argaani\u00f5liga on ideaalne kuivade juuste niisutamiseks. Vaata toodet Faith in Nature juuksemask sheav\u00f5i ja argaani\u00f5liga!\",\"breadcrumb\":{\"@id\":\"https:\\\/\\\/beebipai.ee\\\/product\\\/faith-in-nature-juuksemask-shevoi-ja-argaanioliga-300ml\\\/#breadcrumb\"},\"inLanguage\":\"lv-LV\",\"potentialAction\":[{\"@type\":\"ReadAction\",\"target\":[\"https:\\\/\\\/beebipai.ee\\\/product\\\/faith-in-nature-juuksemask-shevoi-ja-argaanioliga-300ml\\\/\"]}]},{\"@type\":\"ImageObject\",\"inLanguage\":\"lv-LV\",\"@id\":\"https:\\\/\\\/beebipai.ee\\\/product\\\/faith-in-nature-juuksemask-shevoi-ja-argaanioliga-300ml\\\/#primaryimage\",\"url\":\"https:\\\/\\\/beebipai.ee\\\/wp-content\\\/uploads\\\/2024\\\/11\\\/Faith-in-Nature-juuksemask-Sheavoi-ja-araganiga-e1731272621379.webp\",\"contentUrl\":\"https:\\\/\\\/beebipai.ee\\\/wp-content\\\/uploads\\\/2024\\\/11\\\/Faith-in-Nature-juuksemask-Sheavoi-ja-araganiga-e1731272621379.webp\",\"width\":500,\"height\":533},{\"@type\":\"BreadcrumbList\",\"@id\":\"https:\\\/\\\/beebipai.ee\\\/product\\\/faith-in-nature-juuksemask-shevoi-ja-argaanioliga-300ml\\\/#breadcrumb\",\"itemListElement\":[{\"@type\":\"ListItem\",\"position\":1,\"name\":\"Home\",\"item\":\"https:\\\/\\\/beebipai.ee\\\/\"},{\"@type\":\"ListItem\",\"position\":2,\"name\":\"Pood\",\"item\":\"https:\\\/\\\/beebipai.ee\\\/store\\\/\"},{\"@type\":\"ListItem\",\"position\":3,\"name\":\"Faith in Nature juuksemask shev\u00f5i ja argaani\u00f5liga, 300ml\"}]},{\"@type\":\"WebSite\",\"@id\":\"https:\\\/\\\/beebipai.ee\\\/en\\\/#website\",\"url\":\"https:\\\/\\\/beebipai.ee\\\/en\\\/\",\"name\":\"Beebipai\",\"description\":\"Rasedate ja beebide veebipood\",\"potentialAction\":[{\"@type\":\"SearchAction\",\"target\":{\"@type\":\"EntryPoint\",\"urlTemplate\":\"https:\\\/\\\/beebipai.ee\\\/en\\\/?s={search_term_string}\"},\"query-input\":{\"@type\":\"PropertyValueSpecification\",\"valueRequired\":true,\"valueName\":\"search_term_string\"}}],\"inLanguage\":\"lv-LV\"}]}<\/script>\n<!-- \/ Yoast SEO plugin. -->","yoast_head_json":{"title":"Faith in Nature juuksemask shev\u00f5i ja argaani\u00f5liga, 300ml - Beebipai","description":"Faith in Nature juuksemask sheav\u00f5i ja argaani\u00f5liga on ideaalne kuivade juuste niisutamiseks. Vaata toodet Faith in Nature juuksemask sheav\u00f5i ja argaani\u00f5liga!","robots":{"index":"index","follow":"follow","max-snippet":"max-snippet:-1","max-image-preview":"max-image-preview:large","max-video-preview":"max-video-preview:-1"},"canonical":"https:\/\/beebipai.ee\/lv\/product\/faith-in-nature-juuksemask-shevoi-ja-argaanioliga-300ml\/","og_locale":"lv_LV","og_type":"article","og_title":"Faith in Nature juuksemask shev\u00f5i ja argaani\u00f5liga, 300ml - Beebipai","og_description":"Faith in Nature juuksemask sheav\u00f5i ja argaani\u00f5liga on ideaalne kuivade juuste niisutamiseks. Vaata toodet Faith in Nature juuksemask sheav\u00f5i ja argaani\u00f5liga!","og_url":"https:\/\/beebipai.ee\/lv\/product\/faith-in-nature-juuksemask-shevoi-ja-argaanioliga-300ml\/","og_site_name":"Beebipai","article_modified_time":"2026-02-11T10:46:58+00:00","og_image":[{"width":500,"height":533,"url":"https:\/\/beebipai.ee\/wp-content\/uploads\/2024\/11\/Faith-in-Nature-juuksemask-Sheavoi-ja-araganiga-e1731272621379.webp","type":"image\/webp"}],"twitter_card":"summary_large_image","twitter_misc":{"Est. reading time":"1 min\u016bte"},"schema":{"@context":"https:\/\/schema.org","@graph":[{"@type":"WebPage","@id":"https:\/\/beebipai.ee\/product\/faith-in-nature-juuksemask-shevoi-ja-argaanioliga-300ml\/","url":"https:\/\/beebipai.ee\/product\/faith-in-nature-juuksemask-shevoi-ja-argaanioliga-300ml\/","name":"Faith in Nature juuksemask shev\u00f5i ja argaani\u00f5liga, 300ml - Beebipai","isPartOf":{"@id":"https:\/\/beebipai.ee\/en\/#website"},"primaryImageOfPage":{"@id":"https:\/\/beebipai.ee\/product\/faith-in-nature-juuksemask-shevoi-ja-argaanioliga-300ml\/#primaryimage"},"image":{"@id":"https:\/\/beebipai.ee\/product\/faith-in-nature-juuksemask-shevoi-ja-argaanioliga-300ml\/#primaryimage"},"thumbnailUrl":"https:\/\/beebipai.ee\/wp-content\/uploads\/2024\/11\/Faith-in-Nature-juuksemask-Sheavoi-ja-araganiga-e1731272621379.webp","datePublished":"2024-11-10T21:03:58+00:00","dateModified":"2026-02-11T10:46:58+00:00","description":"Faith in Nature juuksemask sheav\u00f5i ja argaani\u00f5liga on ideaalne kuivade juuste niisutamiseks. Vaata toodet Faith in Nature juuksemask sheav\u00f5i ja argaani\u00f5liga!","breadcrumb":{"@id":"https:\/\/beebipai.ee\/product\/faith-in-nature-juuksemask-shevoi-ja-argaanioliga-300ml\/#breadcrumb"},"inLanguage":"lv-LV","potentialAction":[{"@type":"ReadAction","target":["https:\/\/beebipai.ee\/product\/faith-in-nature-juuksemask-shevoi-ja-argaanioliga-300ml\/"]}]},{"@type":"ImageObject","inLanguage":"lv-LV","@id":"https:\/\/beebipai.ee\/product\/faith-in-nature-juuksemask-shevoi-ja-argaanioliga-300ml\/#primaryimage","url":"https:\/\/beebipai.ee\/wp-content\/uploads\/2024\/11\/Faith-in-Nature-juuksemask-Sheavoi-ja-araganiga-e1731272621379.webp","contentUrl":"https:\/\/beebipai.ee\/wp-content\/uploads\/2024\/11\/Faith-in-Nature-juuksemask-Sheavoi-ja-araganiga-e1731272621379.webp","width":500,"height":533},{"@type":"BreadcrumbList","@id":"https:\/\/beebipai.ee\/product\/faith-in-nature-juuksemask-shevoi-ja-argaanioliga-300ml\/#breadcrumb","itemListElement":[{"@type":"ListItem","position":1,"name":"Home","item":"https:\/\/beebipai.ee\/"},{"@type":"ListItem","position":2,"name":"Pood","item":"https:\/\/beebipai.ee\/store\/"},{"@type":"ListItem","position":3,"name":"Faith in Nature juuksemask shev\u00f5i ja argaani\u00f5liga, 300ml"}]},{"@type":"WebSite","@id":"https:\/\/beebipai.ee\/en\/#website","url":"https:\/\/beebipai.ee\/en\/","name":"Beebipai","description":"Rasedate ja beebide veebipood","potentialAction":[{"@type":"SearchAction","target":{"@type":"EntryPoint","urlTemplate":"https:\/\/beebipai.ee\/en\/?s={search_term_string}"},"query-input":{"@type":"PropertyValueSpecification","valueRequired":true,"valueName":"search_term_string"}}],"inLanguage":"lv-LV"}]}},"_links":{"self":[{"href":"https:\/\/beebipai.ee\/lv\/wp-json\/wp\/v2\/product\/11749","targetHints":{"allow":["GET"]}}],"collection":[{"href":"https:\/\/beebipai.ee\/lv\/wp-json\/wp\/v2\/product"}],"about":[{"href":"https:\/\/beebipai.ee\/lv\/wp-json\/wp\/v2\/types\/product"}],"version-history":[{"count":5,"href":"https:\/\/beebipai.ee\/lv\/wp-json\/wp\/v2\/product\/11749\/revisions"}],"predecessor-version":[{"id":13433,"href":"https:\/\/beebipai.ee\/lv\/wp-json\/wp\/v2\/product\/11749\/revisions\/13433"}],"wp:featuredmedia":[{"embeddable":true,"href":"https:\/\/beebipai.ee\/lv\/wp-json\/wp\/v2\/media\/11750"}],"wp:attachment":[{"href":"https:\/\/beebipai.ee\/lv\/wp-json\/wp\/v2\/media?parent=11749"}],"wp:term":[{"taxonomy":"product_brand","embeddable":true,"href":"https:\/\/beebipai.ee\/lv\/wp-json\/wp\/v2\/product_brand?post=11749"},{"taxonomy":"product_cat","embeddable":true,"href":"https:\/\/beebipai.ee\/lv\/wp-json\/wp\/v2\/product_cat?post=11749"},{"taxonomy":"product_tag","embeddable":true,"href":"https:\/\/beebipai.ee\/lv\/wp-json\/wp\/v2\/product_tag?post=11749"}],"curies":[{"name":"wp","href":"https:\/\/api.w.org\/{rel}","templated":true}]}}