{"id":11475,"date":"2024-09-25T15:25:50","date_gmt":"2024-09-25T12:25:50","guid":{"rendered":"https:\/\/beebipai.ee\/?post_type=product&#038;p=11475"},"modified":"2025-10-08T13:20:34","modified_gmt":"2025-10-08T10:20:34","slug":"cadenshae-midnight-pluus-raseduse-ja-imetamise-ajaks","status":"publish","type":"product","link":"https:\/\/beebipai.ee\/lv\/product\/cadenshae-midnight-pluus-raseduse-ja-imetamise-ajaks\/","title":{"rendered":"Cadenshae pusnakts bl\u016bze gr\u016btniec\u012bbai un baro\u0161anai ar kr\u016bti"},"content":{"rendered":"<blockquote><p>&nbsp;<\/p><\/blockquote>","protected":false},"excerpt":{"rendered":"<p>Cadenshae Midnight m\u0101su tops ir stil\u012bgs un diskr\u0113ts. Skaist\u0101s ar me\u017e\u0123\u012bn\u0113m dekor\u0113t\u0101s aproces pie\u0161\u0137ir ar\u012b bl\u016bzei \u200b\u200bsv\u0113tku raksturu. Piem\u0113rots gan gr\u016btniec\u012bbas periodam, gan p\u0113cdzemd\u012bbu periodam. \u013bauj mazulim viegli un diskr\u0113ti pabarot. Viegla, \u0113rta un labi piegu\u013co\u0161a bl\u016bze.<\/p>","protected":false},"featured_media":11480,"template":"","meta":{"_monsterinsights_skip_tracking":false,"_monsterinsights_sitenote_active":false,"_monsterinsights_sitenote_note":"","_monsterinsights_sitenote_category":0,"site-sidebar-layout":"default","site-content-layout":"","ast-site-content-layout":"default","site-content-style":"default","site-sidebar-style":"default","ast-global-header-display":"","ast-banner-title-visibility":"","ast-main-header-display":"","ast-hfb-above-header-display":"","ast-hfb-below-header-display":"","ast-hfb-mobile-header-display":"","site-post-title":"","ast-breadcrumbs-content":"","ast-featured-img":"","footer-sml-layout":"","ast-disable-related-posts":"","theme-transparent-header-meta":"default","adv-header-id-meta":"","stick-header-meta":"","header-above-stick-meta":"","header-main-stick-meta":"","header-below-stick-meta":"","astra-migrate-meta-layouts":"set","ast-page-background-enabled":"default","ast-page-background-meta":{"desktop":{"background-color":"","background-image":"","background-repeat":"repeat","background-position":"center center","background-size":"auto","background-attachment":"scroll","background-type":"","background-media":"","overlay-type":"","overlay-color":"","overlay-opacity":"","overlay-gradient":""},"tablet":{"background-color":"","background-image":"","background-repeat":"repeat","background-position":"center center","background-size":"auto","background-attachment":"scroll","background-type":"","background-media":"","overlay-type":"","overlay-color":"","overlay-opacity":"","overlay-gradient":""},"mobile":{"background-color":"","background-image":"","background-repeat":"repeat","background-position":"center center","background-size":"auto","background-attachment":"scroll","background-type":"","background-media":"","overlay-type":"","overlay-color":"","overlay-opacity":"","overlay-gradient":""}},"ast-content-background-meta":{"desktop":{"background-color":"var(--ast-global-color-5)","background-image":"","background-repeat":"repeat","background-position":"center center","background-size":"auto","background-attachment":"scroll","background-type":"","background-media":"","overlay-type":"","overlay-color":"","overlay-opacity":"","overlay-gradient":""},"tablet":{"background-color":"var(--ast-global-color-5)","background-image":"","background-repeat":"repeat","background-position":"center center","background-size":"auto","background-attachment":"scroll","background-type":"","background-media":"","overlay-type":"","overlay-color":"","overlay-opacity":"","overlay-gradient":""},"mobile":{"background-color":"var(--ast-global-color-5)","background-image":"","background-repeat":"repeat","background-position":"center center","background-size":"auto","background-attachment":"scroll","background-type":"","background-media":"","overlay-type":"","overlay-color":"","overlay-opacity":"","overlay-gradient":""}}},"product_brand":[],"product_cat":[22,133],"product_tag":[],"class_list":{"0":"post-11475","1":"product","2":"type-product","3":"status-publish","4":"has-post-thumbnail","6":"product_cat-emale","7":"product_cat-riided-rasedatele-ja-rinnaga-toitvatele-emadele","8":"desktop-align-left","9":"tablet-align-left","10":"mobile-align-left","12":"first","13":"instock","14":"sale","15":"taxable","16":"shipping-taxable","17":"purchasable","18":"product-type-variable"},"yoast_head":"<!-- This site is optimized with the Yoast SEO plugin v27.4 - https:\/\/yoast.com\/product\/yoast-seo-wordpress\/ -->\n<title>Cadenshae Midnight pluus raseduse ja imetamise ajaks - Beebipai<\/title>\n<meta name=\"description\" content=\"Cadenshae Midnight imetamispluus on m\u00f5nus, mugav ja praktiline imetamiseks. Vaata toodet Cadenshae Midnight imetamispluus!\" \/>\n<meta name=\"robots\" content=\"index, follow, max-snippet:-1, max-image-preview:large, max-video-preview:-1\" \/>\n<link rel=\"canonical\" href=\"https:\/\/beebipai.ee\/lv\/product\/cadenshae-midnight-pluus-raseduse-ja-imetamise-ajaks\/\" \/>\n<meta property=\"og:locale\" content=\"lv_LV\" \/>\n<meta property=\"og:type\" content=\"article\" \/>\n<meta property=\"og:title\" content=\"Cadenshae Midnight pluus raseduse ja imetamise ajaks - Beebipai\" \/>\n<meta property=\"og:description\" content=\"Cadenshae Midnight imetamispluus on m\u00f5nus, mugav ja praktiline imetamiseks. Vaata toodet Cadenshae Midnight imetamispluus!\" \/>\n<meta property=\"og:url\" content=\"https:\/\/beebipai.ee\/lv\/product\/cadenshae-midnight-pluus-raseduse-ja-imetamise-ajaks\/\" \/>\n<meta property=\"og:site_name\" content=\"Beebipai\" \/>\n<meta property=\"article:modified_time\" content=\"2025-10-08T10:20:34+00:00\" \/>\n<meta property=\"og:image\" content=\"https:\/\/beebipai.ee\/wp-content\/uploads\/2024\/09\/Cadenshae-pluus-Midnight-1-807x1024.png\" \/>\n\t<meta property=\"og:image:width\" content=\"807\" \/>\n\t<meta property=\"og:image:height\" content=\"1024\" \/>\n\t<meta property=\"og:image:type\" content=\"image\/png\" \/>\n<meta name=\"twitter:card\" content=\"summary_large_image\" \/>\n<script type=\"application\/ld+json\" class=\"yoast-schema-graph\">{\"@context\":\"https:\\\/\\\/schema.org\",\"@graph\":[{\"@type\":\"WebPage\",\"@id\":\"https:\\\/\\\/beebipai.ee\\\/product\\\/cadenshae-midnight-pluus-raseduse-ja-imetamise-ajaks\\\/\",\"url\":\"https:\\\/\\\/beebipai.ee\\\/product\\\/cadenshae-midnight-pluus-raseduse-ja-imetamise-ajaks\\\/\",\"name\":\"Cadenshae Midnight pluus raseduse ja imetamise ajaks - Beebipai\",\"isPartOf\":{\"@id\":\"https:\\\/\\\/beebipai.ee\\\/en\\\/#website\"},\"primaryImageOfPage\":{\"@id\":\"https:\\\/\\\/beebipai.ee\\\/product\\\/cadenshae-midnight-pluus-raseduse-ja-imetamise-ajaks\\\/#primaryimage\"},\"image\":{\"@id\":\"https:\\\/\\\/beebipai.ee\\\/product\\\/cadenshae-midnight-pluus-raseduse-ja-imetamise-ajaks\\\/#primaryimage\"},\"thumbnailUrl\":\"https:\\\/\\\/beebipai.ee\\\/wp-content\\\/uploads\\\/2024\\\/09\\\/Cadenshae-pluus-Midnight-1-e1727294867139.png\",\"datePublished\":\"2024-09-25T12:25:50+00:00\",\"dateModified\":\"2025-10-08T10:20:34+00:00\",\"description\":\"Cadenshae Midnight imetamispluus on m\u00f5nus, mugav ja praktiline imetamiseks. Vaata toodet Cadenshae Midnight imetamispluus!\",\"breadcrumb\":{\"@id\":\"https:\\\/\\\/beebipai.ee\\\/product\\\/cadenshae-midnight-pluus-raseduse-ja-imetamise-ajaks\\\/#breadcrumb\"},\"inLanguage\":\"lv-LV\",\"potentialAction\":[{\"@type\":\"ReadAction\",\"target\":[\"https:\\\/\\\/beebipai.ee\\\/product\\\/cadenshae-midnight-pluus-raseduse-ja-imetamise-ajaks\\\/\"]}]},{\"@type\":\"ImageObject\",\"inLanguage\":\"lv-LV\",\"@id\":\"https:\\\/\\\/beebipai.ee\\\/product\\\/cadenshae-midnight-pluus-raseduse-ja-imetamise-ajaks\\\/#primaryimage\",\"url\":\"https:\\\/\\\/beebipai.ee\\\/wp-content\\\/uploads\\\/2024\\\/09\\\/Cadenshae-pluus-Midnight-1-e1727294867139.png\",\"contentUrl\":\"https:\\\/\\\/beebipai.ee\\\/wp-content\\\/uploads\\\/2024\\\/09\\\/Cadenshae-pluus-Midnight-1-e1727294867139.png\",\"width\":500,\"height\":634},{\"@type\":\"BreadcrumbList\",\"@id\":\"https:\\\/\\\/beebipai.ee\\\/product\\\/cadenshae-midnight-pluus-raseduse-ja-imetamise-ajaks\\\/#breadcrumb\",\"itemListElement\":[{\"@type\":\"ListItem\",\"position\":1,\"name\":\"Home\",\"item\":\"https:\\\/\\\/beebipai.ee\\\/\"},{\"@type\":\"ListItem\",\"position\":2,\"name\":\"Pood\",\"item\":\"https:\\\/\\\/beebipai.ee\\\/store\\\/\"},{\"@type\":\"ListItem\",\"position\":3,\"name\":\"Cadenshae Midnight pluus raseduse ja imetamise ajaks\"}]},{\"@type\":\"WebSite\",\"@id\":\"https:\\\/\\\/beebipai.ee\\\/en\\\/#website\",\"url\":\"https:\\\/\\\/beebipai.ee\\\/en\\\/\",\"name\":\"Beebipai\",\"description\":\"Rasedate ja beebide veebipood\",\"potentialAction\":[{\"@type\":\"SearchAction\",\"target\":{\"@type\":\"EntryPoint\",\"urlTemplate\":\"https:\\\/\\\/beebipai.ee\\\/en\\\/?s={search_term_string}\"},\"query-input\":{\"@type\":\"PropertyValueSpecification\",\"valueRequired\":true,\"valueName\":\"search_term_string\"}}],\"inLanguage\":\"lv-LV\"}]}<\/script>\n<!-- \/ Yoast SEO plugin. -->","yoast_head_json":{"title":"Cadenshae Midnight pluus raseduse ja imetamise ajaks - Beebipai","description":"Cadenshae Midnight imetamispluus on m\u00f5nus, mugav ja praktiline imetamiseks. Vaata toodet Cadenshae Midnight imetamispluus!","robots":{"index":"index","follow":"follow","max-snippet":"max-snippet:-1","max-image-preview":"max-image-preview:large","max-video-preview":"max-video-preview:-1"},"canonical":"https:\/\/beebipai.ee\/lv\/product\/cadenshae-midnight-pluus-raseduse-ja-imetamise-ajaks\/","og_locale":"lv_LV","og_type":"article","og_title":"Cadenshae Midnight pluus raseduse ja imetamise ajaks - Beebipai","og_description":"Cadenshae Midnight imetamispluus on m\u00f5nus, mugav ja praktiline imetamiseks. Vaata toodet Cadenshae Midnight imetamispluus!","og_url":"https:\/\/beebipai.ee\/lv\/product\/cadenshae-midnight-pluus-raseduse-ja-imetamise-ajaks\/","og_site_name":"Beebipai","article_modified_time":"2025-10-08T10:20:34+00:00","og_image":[{"width":807,"height":1024,"url":"https:\/\/beebipai.ee\/wp-content\/uploads\/2024\/09\/Cadenshae-pluus-Midnight-1-807x1024.png","type":"image\/png"}],"twitter_card":"summary_large_image","schema":{"@context":"https:\/\/schema.org","@graph":[{"@type":"WebPage","@id":"https:\/\/beebipai.ee\/product\/cadenshae-midnight-pluus-raseduse-ja-imetamise-ajaks\/","url":"https:\/\/beebipai.ee\/product\/cadenshae-midnight-pluus-raseduse-ja-imetamise-ajaks\/","name":"Cadenshae Midnight pluus raseduse ja imetamise ajaks - Beebipai","isPartOf":{"@id":"https:\/\/beebipai.ee\/en\/#website"},"primaryImageOfPage":{"@id":"https:\/\/beebipai.ee\/product\/cadenshae-midnight-pluus-raseduse-ja-imetamise-ajaks\/#primaryimage"},"image":{"@id":"https:\/\/beebipai.ee\/product\/cadenshae-midnight-pluus-raseduse-ja-imetamise-ajaks\/#primaryimage"},"thumbnailUrl":"https:\/\/beebipai.ee\/wp-content\/uploads\/2024\/09\/Cadenshae-pluus-Midnight-1-e1727294867139.png","datePublished":"2024-09-25T12:25:50+00:00","dateModified":"2025-10-08T10:20:34+00:00","description":"Cadenshae Midnight imetamispluus on m\u00f5nus, mugav ja praktiline imetamiseks. Vaata toodet Cadenshae Midnight imetamispluus!","breadcrumb":{"@id":"https:\/\/beebipai.ee\/product\/cadenshae-midnight-pluus-raseduse-ja-imetamise-ajaks\/#breadcrumb"},"inLanguage":"lv-LV","potentialAction":[{"@type":"ReadAction","target":["https:\/\/beebipai.ee\/product\/cadenshae-midnight-pluus-raseduse-ja-imetamise-ajaks\/"]}]},{"@type":"ImageObject","inLanguage":"lv-LV","@id":"https:\/\/beebipai.ee\/product\/cadenshae-midnight-pluus-raseduse-ja-imetamise-ajaks\/#primaryimage","url":"https:\/\/beebipai.ee\/wp-content\/uploads\/2024\/09\/Cadenshae-pluus-Midnight-1-e1727294867139.png","contentUrl":"https:\/\/beebipai.ee\/wp-content\/uploads\/2024\/09\/Cadenshae-pluus-Midnight-1-e1727294867139.png","width":500,"height":634},{"@type":"BreadcrumbList","@id":"https:\/\/beebipai.ee\/product\/cadenshae-midnight-pluus-raseduse-ja-imetamise-ajaks\/#breadcrumb","itemListElement":[{"@type":"ListItem","position":1,"name":"Home","item":"https:\/\/beebipai.ee\/"},{"@type":"ListItem","position":2,"name":"Pood","item":"https:\/\/beebipai.ee\/store\/"},{"@type":"ListItem","position":3,"name":"Cadenshae Midnight pluus raseduse ja imetamise ajaks"}]},{"@type":"WebSite","@id":"https:\/\/beebipai.ee\/en\/#website","url":"https:\/\/beebipai.ee\/en\/","name":"Beebipai","description":"Rasedate ja beebide veebipood","potentialAction":[{"@type":"SearchAction","target":{"@type":"EntryPoint","urlTemplate":"https:\/\/beebipai.ee\/en\/?s={search_term_string}"},"query-input":{"@type":"PropertyValueSpecification","valueRequired":true,"valueName":"search_term_string"}}],"inLanguage":"lv-LV"}]}},"_links":{"self":[{"href":"https:\/\/beebipai.ee\/lv\/wp-json\/wp\/v2\/product\/11475","targetHints":{"allow":["GET"]}}],"collection":[{"href":"https:\/\/beebipai.ee\/lv\/wp-json\/wp\/v2\/product"}],"about":[{"href":"https:\/\/beebipai.ee\/lv\/wp-json\/wp\/v2\/types\/product"}],"version-history":[{"count":2,"href":"https:\/\/beebipai.ee\/lv\/wp-json\/wp\/v2\/product\/11475\/revisions"}],"predecessor-version":[{"id":11488,"href":"https:\/\/beebipai.ee\/lv\/wp-json\/wp\/v2\/product\/11475\/revisions\/11488"}],"wp:featuredmedia":[{"embeddable":true,"href":"https:\/\/beebipai.ee\/lv\/wp-json\/wp\/v2\/media\/11480"}],"wp:attachment":[{"href":"https:\/\/beebipai.ee\/lv\/wp-json\/wp\/v2\/media?parent=11475"}],"wp:term":[{"taxonomy":"product_brand","embeddable":true,"href":"https:\/\/beebipai.ee\/lv\/wp-json\/wp\/v2\/product_brand?post=11475"},{"taxonomy":"product_cat","embeddable":true,"href":"https:\/\/beebipai.ee\/lv\/wp-json\/wp\/v2\/product_cat?post=11475"},{"taxonomy":"product_tag","embeddable":true,"href":"https:\/\/beebipai.ee\/lv\/wp-json\/wp\/v2\/product_tag?post=11475"}],"curies":[{"name":"wp","href":"https:\/\/api.w.org\/{rel}","templated":true}]}}