{"id":10934,"date":"2024-06-17T23:23:56","date_gmt":"2024-06-17T20:23:56","guid":{"rendered":"https:\/\/beebipai.ee\/?post_type=product&#038;p=10934"},"modified":"2025-09-06T10:37:13","modified_gmt":"2025-09-06T07:37:13","slug":"kikkaboo-beebitarvete-kott-cerise","status":"publish","type":"product","link":"https:\/\/beebipai.ee\/lv\/product\/kikkaboo-beebitarvete-kott-cerise\/","title":{"rendered":"Kikkaboo beebitarvete kott Cerise, must"},"content":{"rendered":"<div data-elementor-type=\"wp-post\" data-elementor-id=\"10934\" class=\"elementor elementor-10934\">\n\t\t\t\t\t\t<section class=\"elementor-section elementor-top-section elementor-element elementor-element-fa5b57a elementor-section-boxed elementor-section-height-default elementor-section-height-default\" data-id=\"fa5b57a\" data-element_type=\"section\" data-e-type=\"section\">\n\t\t\t\t\t\t<div class=\"elementor-container elementor-column-gap-default\">\n\t\t\t\t\t<div class=\"elementor-column elementor-col-50 elementor-top-column elementor-element elementor-element-50d8246\" data-id=\"50d8246\" data-element_type=\"column\" data-e-type=\"column\">\n\t\t\t<div class=\"elementor-widget-wrap elementor-element-populated\">\n\t\t\t\t\t\t<div class=\"elementor-element elementor-element-1737f8d elementor-widget elementor-widget-heading\" data-id=\"1737f8d\" data-element_type=\"widget\" data-e-type=\"widget\" data-widget_type=\"heading.default\">\n\t\t\t\t<div class=\"elementor-widget-container\">\n\t\t\t\t\t<h2 class=\"elementor-heading-title elementor-size-default\">Kikkaboo b\u0113rnu soma Cerise<\/h2>\t\t\t\t<\/div>\n\t\t\t\t<\/div>\n\t\t\t\t<div class=\"elementor-element elementor-element-8e7e910 elementor-widget elementor-widget-text-editor\" data-id=\"8e7e910\" data-element_type=\"widget\" data-e-type=\"widget\" data-widget_type=\"text-editor.default\">\n\t\t\t\t<div class=\"elementor-widget-container\">\n\t\t\t\t\t\t\t\t\t<p>Stil\u012bg\u0101 dizaina un m\u012bkst\u0101s \u0101das PU materi\u0101la soma mazu\u013cu piederumiem ir piem\u0113rota lieto\u0161anai gan k\u0101 mugursoma, gan k\u0101 rokassomi\u0146a. Labi der nepiecie\u0161am\u0101s lietas gan mazulim, gan m\u0101mi\u0146ai. Iek\u013cauts auti\u0146biks\u012b\u0161u paliktnis \u0113rt\u0101kai mazu\u013ca \u0123\u0113rb\u0161anai.<\/p><p>Pla\u0161a atv\u0113r\u0161ana galvenaj\u0101 kabat\u0101 viegl\u0101kai un \u0101tr\u0101kai piek\u013cuvei. Galveno kabatu var nostiprin\u0101t ar magn\u0113tu un ru\u013c\u013cu. Atvere ar r\u0101v\u0113jsl\u0113dz\u0113ju aizmugur\u0113 \u013cauj \u0101tri piek\u013c\u016bt galven\u0101s atvilktnes apak\u0161ai. Viegli uzmont\u0113jams uz ratu roktura ar klip\u0161iem. Elast\u012bgs siksnas garuma regul\u0113t\u0101js.\u00a0<\/p><p>Da\u017e\u0101di nodal\u012bjumi dr\u0113b\u0113m un auti\u0146biks\u012bt\u0113m un \u016bdensnecaurlaid\u012bgas kabatas slapjiem vai necaurlaid\u012bgiem priek\u0161metiem. 2 termotrauki, lai pienu, \u016bdeni, sulu stund\u0101m ilgi uztur\u0113tu stabil\u0101 temperat\u016br\u0101. S\u0101nu kabata \u0101tri nepiecie\u0161amaj\u0101m liet\u0101m.<\/p>\t\t\t\t\t\t\t\t<\/div>\n\t\t\t\t<\/div>\n\t\t\t\t\t<\/div>\n\t\t<\/div>\n\t\t\t\t<div class=\"elementor-column elementor-col-50 elementor-top-column elementor-element elementor-element-2143fba\" data-id=\"2143fba\" data-element_type=\"column\" data-e-type=\"column\">\n\t\t\t<div class=\"elementor-widget-wrap elementor-element-populated\">\n\t\t\t\t\t\t<div class=\"elementor-element elementor-element-a67cdbe elementor-widget elementor-widget-image\" data-id=\"a67cdbe\" data-element_type=\"widget\" data-e-type=\"widget\" data-widget_type=\"image.default\">\n\t\t\t\t<div class=\"elementor-widget-container\">\n\t\t\t\t\t\t\t\t\t\t\t\t\t\t\t<img fetchpriority=\"high\" decoding=\"async\" width=\"520\" height=\"520\" src=\"https:\/\/beebipai.ee\/wp-content\/uploads\/2024\/06\/Kikkaboo-beebitarvete-kott-Cerise.webp\" class=\"attachment-large size-large wp-image-11699\" alt=\"\" srcset=\"https:\/\/beebipai.ee\/wp-content\/uploads\/2024\/06\/Kikkaboo-beebitarvete-kott-Cerise.webp 520w, https:\/\/beebipai.ee\/wp-content\/uploads\/2024\/06\/Kikkaboo-beebitarvete-kott-Cerise-300x300.webp 300w, https:\/\/beebipai.ee\/wp-content\/uploads\/2024\/06\/Kikkaboo-beebitarvete-kott-Cerise-150x150.webp 150w, https:\/\/beebipai.ee\/wp-content\/uploads\/2024\/06\/Kikkaboo-beebitarvete-kott-Cerise-12x12.webp 12w, https:\/\/beebipai.ee\/wp-content\/uploads\/2024\/06\/Kikkaboo-beebitarvete-kott-Cerise-100x100.webp 100w\" sizes=\"(max-width: 520px) 100vw, 520px\" \/>\t\t\t\t\t\t\t\t\t\t\t\t\t\t\t<\/div>\n\t\t\t\t<\/div>\n\t\t\t\t\t<\/div>\n\t\t<\/div>\n\t\t\t\t\t<\/div>\n\t\t<\/section>\n\t\t\t\t<\/div>","protected":false},"excerpt":{"rendered":"<div class=\"woocommerce-product-details__short-description\">\n<p>Kikkaboo beebitarvete kott Cerise on mugav, praktiline ja stiilne. Multifunktsionaalne kott \u00fchendab ilusa v\u00e4limuse praktilisusega, tagades et k\u00f5ik vajalikud asjad oleksid k\u00e4eulatuses.\u00a0 Kotti mahutad k\u00f5ik vajalikud asjad nii endale kui ka beebile. Hooldusvahenditest s\u00f6\u00f6gitarveteni.<\/p>\n<\/div>\n<form class=\"cart\" action=\"https:\/\/beebipai.ee\/lv\/product\/kikkaboo-beebitarvete-seljakott\/\" enctype=\"multipart\/form-data\" method=\"post\" data-trp-original-action=\"https:\/\/beebipai.ee\/product\/kikkaboo-beebitarvete-seljakott\/\">\n<div class=\"quantity\"><\/div>\n<input type=\"hidden\" name=\"trp-form-language\" value=\"lv\"\/><\/form>\n<p>&nbsp;<\/p>","protected":false},"featured_media":10936,"template":"","meta":{"_monsterinsights_skip_tracking":false,"_monsterinsights_sitenote_active":false,"_monsterinsights_sitenote_note":"","_monsterinsights_sitenote_category":0,"site-sidebar-layout":"no-sidebar","site-content-layout":"page-builder","ast-site-content-layout":"full-width-container","site-content-style":"default","site-sidebar-style":"default","ast-global-header-display":"","ast-banner-title-visibility":"","ast-main-header-display":"","ast-hfb-above-header-display":"","ast-hfb-below-header-display":"","ast-hfb-mobile-header-display":"","site-post-title":"disabled","ast-breadcrumbs-content":"","ast-featured-img":"disabled","footer-sml-layout":"","ast-disable-related-posts":"","theme-transparent-header-meta":"default","adv-header-id-meta":"","stick-header-meta":"","header-above-stick-meta":"","header-main-stick-meta":"","header-below-stick-meta":"","astra-migrate-meta-layouts":"set","ast-page-background-enabled":"default","ast-page-background-meta":{"desktop":{"background-color":"","background-image":"","background-repeat":"repeat","background-position":"center center","background-size":"auto","background-attachment":"scroll","background-type":"","background-media":"","overlay-type":"","overlay-color":"","overlay-opacity":"","overlay-gradient":""},"tablet":{"background-color":"","background-image":"","background-repeat":"repeat","background-position":"center center","background-size":"auto","background-attachment":"scroll","background-type":"","background-media":"","overlay-type":"","overlay-color":"","overlay-opacity":"","overlay-gradient":""},"mobile":{"background-color":"","background-image":"","background-repeat":"repeat","background-position":"center center","background-size":"auto","background-attachment":"scroll","background-type":"","background-media":"","overlay-type":"","overlay-color":"","overlay-opacity":"","overlay-gradient":""}},"ast-content-background-meta":{"desktop":{"background-color":"var(--ast-global-color-5)","background-image":"","background-repeat":"repeat","background-position":"center center","background-size":"auto","background-attachment":"scroll","background-type":"","background-media":"","overlay-type":"","overlay-color":"","overlay-opacity":"","overlay-gradient":""},"tablet":{"background-color":"var(--ast-global-color-5)","background-image":"","background-repeat":"repeat","background-position":"center center","background-size":"auto","background-attachment":"scroll","background-type":"","background-media":"","overlay-type":"","overlay-color":"","overlay-opacity":"","overlay-gradient":""},"mobile":{"background-color":"var(--ast-global-color-5)","background-image":"","background-repeat":"repeat","background-position":"center center","background-size":"auto","background-attachment":"scroll","background-type":"","background-media":"","overlay-type":"","overlay-color":"","overlay-opacity":"","overlay-gradient":""}}},"product_brand":[],"product_cat":[157,22],"product_tag":[],"class_list":{"0":"post-10934","1":"product","2":"type-product","3":"status-publish","4":"has-post-thumbnail","6":"product_cat-beebitarvete-kotid","7":"product_cat-emale","8":"desktop-align-left","9":"tablet-align-left","10":"mobile-align-left","12":"first","13":"instock","14":"taxable","15":"shipping-taxable","16":"purchasable","17":"product-type-simple"},"yoast_head":"<!-- This site is optimized with the Yoast SEO plugin v27.4 - https:\/\/yoast.com\/product\/yoast-seo-wordpress\/ -->\n<title>Kikkaboo beebitarvete kott Cerise, must - Beebipai<\/title>\n<meta name=\"description\" content=\"Kikkaboo beebitarvete kott Cerise mahutab k\u00f5ik vajalikud asjad emale ja beebile. Vaata toodet Kikkaboo beebitarvete kott Cerise!\" \/>\n<meta name=\"robots\" content=\"index, follow, max-snippet:-1, max-image-preview:large, max-video-preview:-1\" \/>\n<link rel=\"canonical\" href=\"https:\/\/beebipai.ee\/lv\/product\/kikkaboo-beebitarvete-kott-cerise\/\" \/>\n<meta property=\"og:locale\" content=\"lv_LV\" \/>\n<meta property=\"og:type\" content=\"article\" \/>\n<meta property=\"og:title\" content=\"Kikkaboo beebitarvete kott Cerise, must - Beebipai\" \/>\n<meta property=\"og:description\" content=\"Kikkaboo beebitarvete kott Cerise mahutab k\u00f5ik vajalikud asjad emale ja beebile. Vaata toodet Kikkaboo beebitarvete kott Cerise!\" \/>\n<meta property=\"og:url\" content=\"https:\/\/beebipai.ee\/lv\/product\/kikkaboo-beebitarvete-kott-cerise\/\" \/>\n<meta property=\"og:site_name\" content=\"Beebipai\" \/>\n<meta property=\"article:modified_time\" content=\"2025-09-06T07:37:13+00:00\" \/>\n<meta property=\"og:image\" content=\"https:\/\/beebipai.ee\/wp-content\/uploads\/2024\/06\/Kikkaboo-beebitarvete-kott-1-e1718654365308.jpg\" \/>\n\t<meta property=\"og:image:width\" content=\"500\" \/>\n\t<meta property=\"og:image:height\" content=\"625\" \/>\n\t<meta property=\"og:image:type\" content=\"image\/jpeg\" \/>\n<meta name=\"twitter:card\" content=\"summary_large_image\" \/>\n<meta name=\"twitter:label1\" content=\"Est. reading time\" \/>\n\t<meta name=\"twitter:data1\" content=\"1 min\u016bte\" \/>\n<script type=\"application\/ld+json\" class=\"yoast-schema-graph\">{\"@context\":\"https:\\\/\\\/schema.org\",\"@graph\":[{\"@type\":\"WebPage\",\"@id\":\"https:\\\/\\\/beebipai.ee\\\/product\\\/kikkaboo-beebitarvete-kott-cerise\\\/\",\"url\":\"https:\\\/\\\/beebipai.ee\\\/product\\\/kikkaboo-beebitarvete-kott-cerise\\\/\",\"name\":\"Kikkaboo beebitarvete kott Cerise, must - Beebipai\",\"isPartOf\":{\"@id\":\"https:\\\/\\\/beebipai.ee\\\/en\\\/#website\"},\"primaryImageOfPage\":{\"@id\":\"https:\\\/\\\/beebipai.ee\\\/product\\\/kikkaboo-beebitarvete-kott-cerise\\\/#primaryimage\"},\"image\":{\"@id\":\"https:\\\/\\\/beebipai.ee\\\/product\\\/kikkaboo-beebitarvete-kott-cerise\\\/#primaryimage\"},\"thumbnailUrl\":\"https:\\\/\\\/beebipai.ee\\\/wp-content\\\/uploads\\\/2024\\\/06\\\/Kikkaboo-beebitarvete-kott-1-e1718654365308.jpg\",\"datePublished\":\"2024-06-17T20:23:56+00:00\",\"dateModified\":\"2025-09-06T07:37:13+00:00\",\"description\":\"Kikkaboo beebitarvete kott Cerise mahutab k\u00f5ik vajalikud asjad emale ja beebile. Vaata toodet Kikkaboo beebitarvete kott Cerise!\",\"breadcrumb\":{\"@id\":\"https:\\\/\\\/beebipai.ee\\\/product\\\/kikkaboo-beebitarvete-kott-cerise\\\/#breadcrumb\"},\"inLanguage\":\"lv-LV\",\"potentialAction\":[{\"@type\":\"ReadAction\",\"target\":[\"https:\\\/\\\/beebipai.ee\\\/product\\\/kikkaboo-beebitarvete-kott-cerise\\\/\"]}]},{\"@type\":\"ImageObject\",\"inLanguage\":\"lv-LV\",\"@id\":\"https:\\\/\\\/beebipai.ee\\\/product\\\/kikkaboo-beebitarvete-kott-cerise\\\/#primaryimage\",\"url\":\"https:\\\/\\\/beebipai.ee\\\/wp-content\\\/uploads\\\/2024\\\/06\\\/Kikkaboo-beebitarvete-kott-1-e1718654365308.jpg\",\"contentUrl\":\"https:\\\/\\\/beebipai.ee\\\/wp-content\\\/uploads\\\/2024\\\/06\\\/Kikkaboo-beebitarvete-kott-1-e1718654365308.jpg\",\"width\":500,\"height\":625},{\"@type\":\"BreadcrumbList\",\"@id\":\"https:\\\/\\\/beebipai.ee\\\/product\\\/kikkaboo-beebitarvete-kott-cerise\\\/#breadcrumb\",\"itemListElement\":[{\"@type\":\"ListItem\",\"position\":1,\"name\":\"Home\",\"item\":\"https:\\\/\\\/beebipai.ee\\\/\"},{\"@type\":\"ListItem\",\"position\":2,\"name\":\"Pood\",\"item\":\"https:\\\/\\\/beebipai.ee\\\/store\\\/\"},{\"@type\":\"ListItem\",\"position\":3,\"name\":\"Kikkaboo beebitarvete kott Cerise, must\"}]},{\"@type\":\"WebSite\",\"@id\":\"https:\\\/\\\/beebipai.ee\\\/en\\\/#website\",\"url\":\"https:\\\/\\\/beebipai.ee\\\/en\\\/\",\"name\":\"Beebipai\",\"description\":\"Rasedate ja beebide veebipood\",\"potentialAction\":[{\"@type\":\"SearchAction\",\"target\":{\"@type\":\"EntryPoint\",\"urlTemplate\":\"https:\\\/\\\/beebipai.ee\\\/en\\\/?s={search_term_string}\"},\"query-input\":{\"@type\":\"PropertyValueSpecification\",\"valueRequired\":true,\"valueName\":\"search_term_string\"}}],\"inLanguage\":\"lv-LV\"}]}<\/script>\n<!-- \/ Yoast SEO plugin. -->","yoast_head_json":{"title":"Kikkaboo beebitarvete kott Cerise, must - Beebipai","description":"Kikkaboo beebitarvete kott Cerise mahutab k\u00f5ik vajalikud asjad emale ja beebile. Vaata toodet Kikkaboo beebitarvete kott Cerise!","robots":{"index":"index","follow":"follow","max-snippet":"max-snippet:-1","max-image-preview":"max-image-preview:large","max-video-preview":"max-video-preview:-1"},"canonical":"https:\/\/beebipai.ee\/lv\/product\/kikkaboo-beebitarvete-kott-cerise\/","og_locale":"lv_LV","og_type":"article","og_title":"Kikkaboo beebitarvete kott Cerise, must - Beebipai","og_description":"Kikkaboo beebitarvete kott Cerise mahutab k\u00f5ik vajalikud asjad emale ja beebile. Vaata toodet Kikkaboo beebitarvete kott Cerise!","og_url":"https:\/\/beebipai.ee\/lv\/product\/kikkaboo-beebitarvete-kott-cerise\/","og_site_name":"Beebipai","article_modified_time":"2025-09-06T07:37:13+00:00","og_image":[{"width":500,"height":625,"url":"https:\/\/beebipai.ee\/wp-content\/uploads\/2024\/06\/Kikkaboo-beebitarvete-kott-1-e1718654365308.jpg","type":"image\/jpeg"}],"twitter_card":"summary_large_image","twitter_misc":{"Est. reading time":"1 min\u016bte"},"schema":{"@context":"https:\/\/schema.org","@graph":[{"@type":"WebPage","@id":"https:\/\/beebipai.ee\/product\/kikkaboo-beebitarvete-kott-cerise\/","url":"https:\/\/beebipai.ee\/product\/kikkaboo-beebitarvete-kott-cerise\/","name":"Kikkaboo beebitarvete kott Cerise, must - Beebipai","isPartOf":{"@id":"https:\/\/beebipai.ee\/en\/#website"},"primaryImageOfPage":{"@id":"https:\/\/beebipai.ee\/product\/kikkaboo-beebitarvete-kott-cerise\/#primaryimage"},"image":{"@id":"https:\/\/beebipai.ee\/product\/kikkaboo-beebitarvete-kott-cerise\/#primaryimage"},"thumbnailUrl":"https:\/\/beebipai.ee\/wp-content\/uploads\/2024\/06\/Kikkaboo-beebitarvete-kott-1-e1718654365308.jpg","datePublished":"2024-06-17T20:23:56+00:00","dateModified":"2025-09-06T07:37:13+00:00","description":"Kikkaboo beebitarvete kott Cerise mahutab k\u00f5ik vajalikud asjad emale ja beebile. Vaata toodet Kikkaboo beebitarvete kott Cerise!","breadcrumb":{"@id":"https:\/\/beebipai.ee\/product\/kikkaboo-beebitarvete-kott-cerise\/#breadcrumb"},"inLanguage":"lv-LV","potentialAction":[{"@type":"ReadAction","target":["https:\/\/beebipai.ee\/product\/kikkaboo-beebitarvete-kott-cerise\/"]}]},{"@type":"ImageObject","inLanguage":"lv-LV","@id":"https:\/\/beebipai.ee\/product\/kikkaboo-beebitarvete-kott-cerise\/#primaryimage","url":"https:\/\/beebipai.ee\/wp-content\/uploads\/2024\/06\/Kikkaboo-beebitarvete-kott-1-e1718654365308.jpg","contentUrl":"https:\/\/beebipai.ee\/wp-content\/uploads\/2024\/06\/Kikkaboo-beebitarvete-kott-1-e1718654365308.jpg","width":500,"height":625},{"@type":"BreadcrumbList","@id":"https:\/\/beebipai.ee\/product\/kikkaboo-beebitarvete-kott-cerise\/#breadcrumb","itemListElement":[{"@type":"ListItem","position":1,"name":"Home","item":"https:\/\/beebipai.ee\/"},{"@type":"ListItem","position":2,"name":"Pood","item":"https:\/\/beebipai.ee\/store\/"},{"@type":"ListItem","position":3,"name":"Kikkaboo beebitarvete kott Cerise, must"}]},{"@type":"WebSite","@id":"https:\/\/beebipai.ee\/en\/#website","url":"https:\/\/beebipai.ee\/en\/","name":"Beebipai","description":"Rasedate ja beebide veebipood","potentialAction":[{"@type":"SearchAction","target":{"@type":"EntryPoint","urlTemplate":"https:\/\/beebipai.ee\/en\/?s={search_term_string}"},"query-input":{"@type":"PropertyValueSpecification","valueRequired":true,"valueName":"search_term_string"}}],"inLanguage":"lv-LV"}]}},"_links":{"self":[{"href":"https:\/\/beebipai.ee\/lv\/wp-json\/wp\/v2\/product\/10934","targetHints":{"allow":["GET"]}}],"collection":[{"href":"https:\/\/beebipai.ee\/lv\/wp-json\/wp\/v2\/product"}],"about":[{"href":"https:\/\/beebipai.ee\/lv\/wp-json\/wp\/v2\/types\/product"}],"version-history":[{"count":5,"href":"https:\/\/beebipai.ee\/lv\/wp-json\/wp\/v2\/product\/10934\/revisions"}],"predecessor-version":[{"id":11713,"href":"https:\/\/beebipai.ee\/lv\/wp-json\/wp\/v2\/product\/10934\/revisions\/11713"}],"wp:featuredmedia":[{"embeddable":true,"href":"https:\/\/beebipai.ee\/lv\/wp-json\/wp\/v2\/media\/10936"}],"wp:attachment":[{"href":"https:\/\/beebipai.ee\/lv\/wp-json\/wp\/v2\/media?parent=10934"}],"wp:term":[{"taxonomy":"product_brand","embeddable":true,"href":"https:\/\/beebipai.ee\/lv\/wp-json\/wp\/v2\/product_brand?post=10934"},{"taxonomy":"product_cat","embeddable":true,"href":"https:\/\/beebipai.ee\/lv\/wp-json\/wp\/v2\/product_cat?post=10934"},{"taxonomy":"product_tag","embeddable":true,"href":"https:\/\/beebipai.ee\/lv\/wp-json\/wp\/v2\/product_tag?post=10934"}],"curies":[{"name":"wp","href":"https:\/\/api.w.org\/{rel}","templated":true}]}}