{"id":10793,"date":"2024-05-18T01:14:15","date_gmt":"2024-05-17T22:14:15","guid":{"rendered":"https:\/\/www.beebipai.ee\/?post_type=product&#038;p=10793"},"modified":"2025-10-08T12:51:26","modified_gmt":"2025-10-08T09:51:26","slug":"cadenshae-pluus-raseduse-ja-imetamise-ajaks-2","status":"publish","type":"product","link":"https:\/\/beebipai.ee\/lv\/product\/cadenshae-pluus-raseduse-ja-imetamise-ajaks-2\/","title":{"rendered":"Cadenshae bl\u016bze gr\u016btniec\u012bbai un z\u012bd\u012b\u0161anas periodam"},"content":{"rendered":"<div data-elementor-type=\"wp-post\" data-elementor-id=\"10793\" class=\"elementor elementor-10793\">\n\t\t\t\t\t\t<section class=\"elementor-section elementor-top-section elementor-element elementor-element-0c36f13 elementor-section-boxed elementor-section-height-default elementor-section-height-default\" data-id=\"0c36f13\" data-element_type=\"section\" data-e-type=\"section\">\n\t\t\t\t\t\t<div class=\"elementor-container elementor-column-gap-default\">\n\t\t\t\t\t<div class=\"elementor-column elementor-col-50 elementor-top-column elementor-element elementor-element-086b087\" data-id=\"086b087\" data-element_type=\"column\" data-e-type=\"column\">\n\t\t\t<div class=\"elementor-widget-wrap elementor-element-populated\">\n\t\t\t\t\t\t<div class=\"elementor-element elementor-element-9bec63c elementor-widget elementor-widget-heading\" data-id=\"9bec63c\" data-element_type=\"widget\" data-e-type=\"widget\" data-widget_type=\"heading.default\">\n\t\t\t\t<div class=\"elementor-widget-container\">\n\t\t\t\t\t<h2 class=\"elementor-heading-title elementor-size-default\">Cadenshae bl\u016bze gr\u016btniec\u012bbai un z\u012bd\u012b\u0161anas periodam<\/h2>\t\t\t\t<\/div>\n\t\t\t\t<\/div>\n\t\t\t\t<div class=\"elementor-element elementor-element-29243a2 elementor-widget elementor-widget-text-editor\" data-id=\"29243a2\" data-element_type=\"widget\" data-e-type=\"widget\" data-widget_type=\"text-editor.default\">\n\t\t\t\t<div class=\"elementor-widget-container\">\n\t\t\t\t\t\t\t\t\t<p>Cadenshae Nursing Top pied\u0101v\u0101 funkcionalit\u0101ti gan gr\u016btniec\u012bbas, gan z\u012bd\u012b\u0161anas laik\u0101. Bl\u016bzes gar\u0101k\u0101 \u0137erme\u0146a da\u013ca \u013cauj ap\u0123\u0113rbu valk\u0101t pat ar augo\u0161u v\u0113deru. Vieglais un elast\u012bgais materi\u0101ls viegli piel\u0101gojas main\u012bgaj\u0101m \u0137erme\u0146a form\u0101m. Skaists un efekt\u012bgs V veida kakla izgriezums. Bl\u016bze nav pievilkta, tai nav rievu vai \u0161\u0137ipsnu.\u00a0<\/p><p>Cadenshae z\u012bd\u012b\u0161anas topam ir diagon\u0101li dubulti r\u0101v\u0113jsl\u0113dz\u0113ji ab\u0101s pus\u0113s \u0113rtai baro\u0161anai ar kr\u016bti. Sl\u0113dzenes ir pl\u0101nas un diskr\u0113tas. Tie ir viegli atverami, kas padara z\u012bd\u012b\u0161anu \u0113rtu visur.<\/p>\t\t\t\t\t\t\t\t<\/div>\n\t\t\t\t<\/div>\n\t\t\t\t\t<\/div>\n\t\t<\/div>\n\t\t\t\t<div class=\"elementor-column elementor-col-50 elementor-top-column elementor-element elementor-element-33abe08\" data-id=\"33abe08\" data-element_type=\"column\" data-e-type=\"column\">\n\t\t\t<div class=\"elementor-widget-wrap elementor-element-populated\">\n\t\t\t\t\t\t<div class=\"elementor-element elementor-element-f1f4e7d elementor-widget elementor-widget-image\" data-id=\"f1f4e7d\" data-element_type=\"widget\" data-e-type=\"widget\" data-widget_type=\"image.default\">\n\t\t\t\t<div class=\"elementor-widget-container\">\n\t\t\t\t\t\t\t\t\t\t\t\t\t\t\t<img fetchpriority=\"high\" decoding=\"async\" width=\"807\" height=\"1024\" src=\"https:\/\/beebipai.ee\/wp-content\/uploads\/2024\/05\/Scoop-Tee-2-807x1024.webp\" class=\"attachment-large size-large wp-image-10798\" alt=\"\" srcset=\"https:\/\/beebipai.ee\/wp-content\/uploads\/2024\/05\/Scoop-Tee-2-807x1024.webp 807w, https:\/\/beebipai.ee\/wp-content\/uploads\/2024\/05\/Scoop-Tee-2-237x300.webp 237w, https:\/\/beebipai.ee\/wp-content\/uploads\/2024\/05\/Scoop-Tee-2-768x974.webp 768w, https:\/\/beebipai.ee\/wp-content\/uploads\/2024\/05\/Scoop-Tee-2-1211x1536.webp 1211w, https:\/\/beebipai.ee\/wp-content\/uploads\/2024\/05\/Scoop-Tee-2-9x12.webp 9w, https:\/\/beebipai.ee\/wp-content\/uploads\/2024\/05\/Scoop-Tee-2-600x761.webp 600w, https:\/\/beebipai.ee\/wp-content\/uploads\/2024\/05\/Scoop-Tee-2-e1715984006606.webp 500w\" sizes=\"(max-width: 807px) 100vw, 807px\" \/>\t\t\t\t\t\t\t\t\t\t\t\t\t\t\t<\/div>\n\t\t\t\t<\/div>\n\t\t\t\t\t<\/div>\n\t\t<\/div>\n\t\t\t\t\t<\/div>\n\t\t<\/section>\n\t\t\t\t<\/div>","protected":false},"excerpt":{"rendered":"<p>Cadenshae m\u0101su bl\u016bze ir stil\u012bga un diskr\u0113ta. Piem\u0113rots gan gr\u016btniec\u012bbas periodam, gan p\u0113cdzemd\u012bbu periodam. \u013bauj barot b\u0113rnu jebkur\u0101 laik\u0101 un viet\u0101. Viegls un \u0113rts valk\u0101\u0161anai ikdienas darb\u012bb\u0101s.<\/p>","protected":false},"featured_media":10801,"template":"","meta":{"_monsterinsights_skip_tracking":false,"_monsterinsights_sitenote_active":false,"_monsterinsights_sitenote_note":"","_monsterinsights_sitenote_category":0,"site-sidebar-layout":"no-sidebar","site-content-layout":"page-builder","ast-site-content-layout":"full-width-container","site-content-style":"default","site-sidebar-style":"default","ast-global-header-display":"","ast-banner-title-visibility":"","ast-main-header-display":"","ast-hfb-above-header-display":"","ast-hfb-below-header-display":"","ast-hfb-mobile-header-display":"","site-post-title":"disabled","ast-breadcrumbs-content":"","ast-featured-img":"disabled","footer-sml-layout":"","ast-disable-related-posts":"","theme-transparent-header-meta":"default","adv-header-id-meta":"","stick-header-meta":"","header-above-stick-meta":"","header-main-stick-meta":"","header-below-stick-meta":"","astra-migrate-meta-layouts":"set","ast-page-background-enabled":"default","ast-page-background-meta":{"desktop":{"background-color":"","background-image":"","background-repeat":"repeat","background-position":"center center","background-size":"auto","background-attachment":"scroll","background-type":"","background-media":"","overlay-type":"","overlay-color":"","overlay-opacity":"","overlay-gradient":""},"tablet":{"background-color":"","background-image":"","background-repeat":"repeat","background-position":"center center","background-size":"auto","background-attachment":"scroll","background-type":"","background-media":"","overlay-type":"","overlay-color":"","overlay-opacity":"","overlay-gradient":""},"mobile":{"background-color":"","background-image":"","background-repeat":"repeat","background-position":"center center","background-size":"auto","background-attachment":"scroll","background-type":"","background-media":"","overlay-type":"","overlay-color":"","overlay-opacity":"","overlay-gradient":""}},"ast-content-background-meta":{"desktop":{"background-color":"var(--ast-global-color-5)","background-image":"","background-repeat":"repeat","background-position":"center center","background-size":"auto","background-attachment":"scroll","background-type":"","background-media":"","overlay-type":"","overlay-color":"","overlay-opacity":"","overlay-gradient":""},"tablet":{"background-color":"var(--ast-global-color-5)","background-image":"","background-repeat":"repeat","background-position":"center center","background-size":"auto","background-attachment":"scroll","background-type":"","background-media":"","overlay-type":"","overlay-color":"","overlay-opacity":"","overlay-gradient":""},"mobile":{"background-color":"var(--ast-global-color-5)","background-image":"","background-repeat":"repeat","background-position":"center center","background-size":"auto","background-attachment":"scroll","background-type":"","background-media":"","overlay-type":"","overlay-color":"","overlay-opacity":"","overlay-gradient":""}}},"product_brand":[],"product_cat":[22,133],"product_tag":[],"class_list":{"0":"post-10793","1":"product","2":"type-product","3":"status-publish","4":"has-post-thumbnail","6":"product_cat-emale","7":"product_cat-riided-rasedatele-ja-rinnaga-toitvatele-emadele","8":"desktop-align-left","9":"tablet-align-left","10":"mobile-align-left","12":"first","13":"instock","14":"sale","15":"taxable","16":"shipping-taxable","17":"purchasable","18":"product-type-variable"},"yoast_head":"<!-- This site is optimized with the Yoast SEO plugin v27.3 - https:\/\/yoast.com\/product\/yoast-seo-wordpress\/ -->\n<title>Cadenshae pluus raseduse ja imetamise ajaks - Beebipai<\/title>\n<meta name=\"description\" content=\"Cadenshae pluus raseduse ja imetamise ajaks on m\u00f5nus terveks raseduseks kui ka imetamise ajaks. Vaata toodet Cadenshae pluus raseduse ja imetamise ajaks!\" \/>\n<meta name=\"robots\" content=\"index, follow, max-snippet:-1, max-image-preview:large, max-video-preview:-1\" \/>\n<link rel=\"canonical\" href=\"https:\/\/beebipai.ee\/lv\/product\/cadenshae-pluus-raseduse-ja-imetamise-ajaks-2\/\" \/>\n<meta property=\"og:locale\" content=\"lv_LV\" \/>\n<meta property=\"og:type\" content=\"article\" \/>\n<meta property=\"og:title\" content=\"Cadenshae pluus raseduse ja imetamise ajaks - Beebipai\" \/>\n<meta property=\"og:description\" content=\"Cadenshae pluus raseduse ja imetamise ajaks on m\u00f5nus terveks raseduseks kui ka imetamise ajaks. Vaata toodet Cadenshae pluus raseduse ja imetamise ajaks!\" \/>\n<meta property=\"og:url\" content=\"https:\/\/beebipai.ee\/lv\/product\/cadenshae-pluus-raseduse-ja-imetamise-ajaks-2\/\" \/>\n<meta property=\"og:site_name\" content=\"Beebipai\" \/>\n<meta property=\"article:modified_time\" content=\"2025-10-08T09:51:26+00:00\" \/>\n<meta property=\"og:image\" content=\"https:\/\/beebipai.ee\/wp-content\/uploads\/2024\/05\/Scoop-Tee-e1715983969137.webp\" \/>\n\t<meta property=\"og:image:width\" content=\"500\" \/>\n\t<meta property=\"og:image:height\" content=\"634\" \/>\n\t<meta property=\"og:image:type\" content=\"image\/webp\" \/>\n<meta name=\"twitter:card\" content=\"summary_large_image\" \/>\n<script type=\"application\/ld+json\" class=\"yoast-schema-graph\">{\"@context\":\"https:\\\/\\\/schema.org\",\"@graph\":[{\"@type\":\"WebPage\",\"@id\":\"https:\\\/\\\/beebipai.ee\\\/product\\\/cadenshae-pluus-raseduse-ja-imetamise-ajaks-2\\\/\",\"url\":\"https:\\\/\\\/beebipai.ee\\\/product\\\/cadenshae-pluus-raseduse-ja-imetamise-ajaks-2\\\/\",\"name\":\"Cadenshae pluus raseduse ja imetamise ajaks - Beebipai\",\"isPartOf\":{\"@id\":\"https:\\\/\\\/beebipai.ee\\\/en\\\/#website\"},\"primaryImageOfPage\":{\"@id\":\"https:\\\/\\\/beebipai.ee\\\/product\\\/cadenshae-pluus-raseduse-ja-imetamise-ajaks-2\\\/#primaryimage\"},\"image\":{\"@id\":\"https:\\\/\\\/beebipai.ee\\\/product\\\/cadenshae-pluus-raseduse-ja-imetamise-ajaks-2\\\/#primaryimage\"},\"thumbnailUrl\":\"https:\\\/\\\/beebipai.ee\\\/wp-content\\\/uploads\\\/2024\\\/05\\\/Scoop-Tee-e1715983969137.webp\",\"datePublished\":\"2024-05-17T22:14:15+00:00\",\"dateModified\":\"2025-10-08T09:51:26+00:00\",\"description\":\"Cadenshae pluus raseduse ja imetamise ajaks on m\u00f5nus terveks raseduseks kui ka imetamise ajaks. Vaata toodet Cadenshae pluus raseduse ja imetamise ajaks!\",\"breadcrumb\":{\"@id\":\"https:\\\/\\\/beebipai.ee\\\/product\\\/cadenshae-pluus-raseduse-ja-imetamise-ajaks-2\\\/#breadcrumb\"},\"inLanguage\":\"lv-LV\",\"potentialAction\":[{\"@type\":\"ReadAction\",\"target\":[\"https:\\\/\\\/beebipai.ee\\\/product\\\/cadenshae-pluus-raseduse-ja-imetamise-ajaks-2\\\/\"]}]},{\"@type\":\"ImageObject\",\"inLanguage\":\"lv-LV\",\"@id\":\"https:\\\/\\\/beebipai.ee\\\/product\\\/cadenshae-pluus-raseduse-ja-imetamise-ajaks-2\\\/#primaryimage\",\"url\":\"https:\\\/\\\/beebipai.ee\\\/wp-content\\\/uploads\\\/2024\\\/05\\\/Scoop-Tee-e1715983969137.webp\",\"contentUrl\":\"https:\\\/\\\/beebipai.ee\\\/wp-content\\\/uploads\\\/2024\\\/05\\\/Scoop-Tee-e1715983969137.webp\",\"width\":500,\"height\":634},{\"@type\":\"BreadcrumbList\",\"@id\":\"https:\\\/\\\/beebipai.ee\\\/product\\\/cadenshae-pluus-raseduse-ja-imetamise-ajaks-2\\\/#breadcrumb\",\"itemListElement\":[{\"@type\":\"ListItem\",\"position\":1,\"name\":\"Home\",\"item\":\"https:\\\/\\\/beebipai.ee\\\/\"},{\"@type\":\"ListItem\",\"position\":2,\"name\":\"Pood\",\"item\":\"https:\\\/\\\/beebipai.ee\\\/store\\\/\"},{\"@type\":\"ListItem\",\"position\":3,\"name\":\"Cadenshae pluus raseduse ja imetamise ajaks\"}]},{\"@type\":\"WebSite\",\"@id\":\"https:\\\/\\\/beebipai.ee\\\/en\\\/#website\",\"url\":\"https:\\\/\\\/beebipai.ee\\\/en\\\/\",\"name\":\"Beebipai\",\"description\":\"Rasedate ja beebide veebipood\",\"potentialAction\":[{\"@type\":\"SearchAction\",\"target\":{\"@type\":\"EntryPoint\",\"urlTemplate\":\"https:\\\/\\\/beebipai.ee\\\/en\\\/?s={search_term_string}\"},\"query-input\":{\"@type\":\"PropertyValueSpecification\",\"valueRequired\":true,\"valueName\":\"search_term_string\"}}],\"inLanguage\":\"lv-LV\"}]}<\/script>\n<!-- \/ Yoast SEO plugin. -->","yoast_head_json":{"title":"Cadenshae pluus raseduse ja imetamise ajaks - Beebipai","description":"Cadenshae pluus raseduse ja imetamise ajaks on m\u00f5nus terveks raseduseks kui ka imetamise ajaks. Vaata toodet Cadenshae pluus raseduse ja imetamise ajaks!","robots":{"index":"index","follow":"follow","max-snippet":"max-snippet:-1","max-image-preview":"max-image-preview:large","max-video-preview":"max-video-preview:-1"},"canonical":"https:\/\/beebipai.ee\/lv\/product\/cadenshae-pluus-raseduse-ja-imetamise-ajaks-2\/","og_locale":"lv_LV","og_type":"article","og_title":"Cadenshae pluus raseduse ja imetamise ajaks - Beebipai","og_description":"Cadenshae pluus raseduse ja imetamise ajaks on m\u00f5nus terveks raseduseks kui ka imetamise ajaks. Vaata toodet Cadenshae pluus raseduse ja imetamise ajaks!","og_url":"https:\/\/beebipai.ee\/lv\/product\/cadenshae-pluus-raseduse-ja-imetamise-ajaks-2\/","og_site_name":"Beebipai","article_modified_time":"2025-10-08T09:51:26+00:00","og_image":[{"width":500,"height":634,"url":"https:\/\/beebipai.ee\/wp-content\/uploads\/2024\/05\/Scoop-Tee-e1715983969137.webp","type":"image\/webp"}],"twitter_card":"summary_large_image","schema":{"@context":"https:\/\/schema.org","@graph":[{"@type":"WebPage","@id":"https:\/\/beebipai.ee\/product\/cadenshae-pluus-raseduse-ja-imetamise-ajaks-2\/","url":"https:\/\/beebipai.ee\/product\/cadenshae-pluus-raseduse-ja-imetamise-ajaks-2\/","name":"Cadenshae pluus raseduse ja imetamise ajaks - Beebipai","isPartOf":{"@id":"https:\/\/beebipai.ee\/en\/#website"},"primaryImageOfPage":{"@id":"https:\/\/beebipai.ee\/product\/cadenshae-pluus-raseduse-ja-imetamise-ajaks-2\/#primaryimage"},"image":{"@id":"https:\/\/beebipai.ee\/product\/cadenshae-pluus-raseduse-ja-imetamise-ajaks-2\/#primaryimage"},"thumbnailUrl":"https:\/\/beebipai.ee\/wp-content\/uploads\/2024\/05\/Scoop-Tee-e1715983969137.webp","datePublished":"2024-05-17T22:14:15+00:00","dateModified":"2025-10-08T09:51:26+00:00","description":"Cadenshae pluus raseduse ja imetamise ajaks on m\u00f5nus terveks raseduseks kui ka imetamise ajaks. Vaata toodet Cadenshae pluus raseduse ja imetamise ajaks!","breadcrumb":{"@id":"https:\/\/beebipai.ee\/product\/cadenshae-pluus-raseduse-ja-imetamise-ajaks-2\/#breadcrumb"},"inLanguage":"lv-LV","potentialAction":[{"@type":"ReadAction","target":["https:\/\/beebipai.ee\/product\/cadenshae-pluus-raseduse-ja-imetamise-ajaks-2\/"]}]},{"@type":"ImageObject","inLanguage":"lv-LV","@id":"https:\/\/beebipai.ee\/product\/cadenshae-pluus-raseduse-ja-imetamise-ajaks-2\/#primaryimage","url":"https:\/\/beebipai.ee\/wp-content\/uploads\/2024\/05\/Scoop-Tee-e1715983969137.webp","contentUrl":"https:\/\/beebipai.ee\/wp-content\/uploads\/2024\/05\/Scoop-Tee-e1715983969137.webp","width":500,"height":634},{"@type":"BreadcrumbList","@id":"https:\/\/beebipai.ee\/product\/cadenshae-pluus-raseduse-ja-imetamise-ajaks-2\/#breadcrumb","itemListElement":[{"@type":"ListItem","position":1,"name":"Home","item":"https:\/\/beebipai.ee\/"},{"@type":"ListItem","position":2,"name":"Pood","item":"https:\/\/beebipai.ee\/store\/"},{"@type":"ListItem","position":3,"name":"Cadenshae pluus raseduse ja imetamise ajaks"}]},{"@type":"WebSite","@id":"https:\/\/beebipai.ee\/en\/#website","url":"https:\/\/beebipai.ee\/en\/","name":"Beebipai","description":"Rasedate ja beebide veebipood","potentialAction":[{"@type":"SearchAction","target":{"@type":"EntryPoint","urlTemplate":"https:\/\/beebipai.ee\/en\/?s={search_term_string}"},"query-input":{"@type":"PropertyValueSpecification","valueRequired":true,"valueName":"search_term_string"}}],"inLanguage":"lv-LV"}]}},"_links":{"self":[{"href":"https:\/\/beebipai.ee\/lv\/wp-json\/wp\/v2\/product\/10793","targetHints":{"allow":["GET"]}}],"collection":[{"href":"https:\/\/beebipai.ee\/lv\/wp-json\/wp\/v2\/product"}],"about":[{"href":"https:\/\/beebipai.ee\/lv\/wp-json\/wp\/v2\/types\/product"}],"version-history":[{"count":5,"href":"https:\/\/beebipai.ee\/lv\/wp-json\/wp\/v2\/product\/10793\/revisions"}],"predecessor-version":[{"id":12990,"href":"https:\/\/beebipai.ee\/lv\/wp-json\/wp\/v2\/product\/10793\/revisions\/12990"}],"wp:featuredmedia":[{"embeddable":true,"href":"https:\/\/beebipai.ee\/lv\/wp-json\/wp\/v2\/media\/10801"}],"wp:attachment":[{"href":"https:\/\/beebipai.ee\/lv\/wp-json\/wp\/v2\/media?parent=10793"}],"wp:term":[{"taxonomy":"product_brand","embeddable":true,"href":"https:\/\/beebipai.ee\/lv\/wp-json\/wp\/v2\/product_brand?post=10793"},{"taxonomy":"product_cat","embeddable":true,"href":"https:\/\/beebipai.ee\/lv\/wp-json\/wp\/v2\/product_cat?post=10793"},{"taxonomy":"product_tag","embeddable":true,"href":"https:\/\/beebipai.ee\/lv\/wp-json\/wp\/v2\/product_tag?post=10793"}],"curies":[{"name":"wp","href":"https:\/\/api.w.org\/{rel}","templated":true}]}}