{"id":10163,"date":"2024-02-23T10:53:20","date_gmt":"2024-02-23T08:53:20","guid":{"rendered":"https:\/\/beebipai.ee\/?post_type=product&#038;p=10163"},"modified":"2025-02-25T08:49:06","modified_gmt":"2025-02-25T06:49:06","slug":"kikkaboo-lutipudel-koolikutevastase-lutiga-240-ml","status":"publish","type":"product","link":"https:\/\/beebipai.ee\/lv\/product\/kikkaboo-lutipudel-koolikutevastase-lutiga-240-ml\/","title":{"rendered":"Kikkaboo b\u0113rnu pudel\u012bte ar pretkoliku knup\u012bti, 240 ml"},"content":{"rendered":"<div data-elementor-type=\"wp-post\" data-elementor-id=\"10163\" class=\"elementor elementor-10163\">\n\t\t\t\t\t\t<section class=\"elementor-section elementor-top-section elementor-element elementor-element-aeb7d28 elementor-section-boxed elementor-section-height-default elementor-section-height-default\" data-id=\"aeb7d28\" data-element_type=\"section\" data-e-type=\"section\">\n\t\t\t\t\t\t<div class=\"elementor-container elementor-column-gap-default\">\n\t\t\t\t\t<div class=\"elementor-column elementor-col-50 elementor-top-column elementor-element elementor-element-de9d6ee\" data-id=\"de9d6ee\" data-element_type=\"column\" data-e-type=\"column\">\n\t\t\t<div class=\"elementor-widget-wrap elementor-element-populated\">\n\t\t\t\t\t\t<div class=\"elementor-element elementor-element-9b2f2b7 elementor-widget elementor-widget-heading\" data-id=\"9b2f2b7\" data-element_type=\"widget\" data-e-type=\"widget\" data-widget_type=\"heading.default\">\n\t\t\t\t<div class=\"elementor-widget-container\">\n\t\t\t\t\t<h2 class=\"elementor-heading-title elementor-size-default\">Kikkaboo b\u0113rnu pudel\u012bte ar pretkoliku knup\u012bti<\/h2>\t\t\t\t<\/div>\n\t\t\t\t<\/div>\n\t\t\t\t<div class=\"elementor-element elementor-element-1178f07 elementor-widget elementor-widget-text-editor\" data-id=\"1178f07\" data-element_type=\"widget\" data-e-type=\"widget\" data-widget_type=\"text-editor.default\">\n\t\t\t\t<div class=\"elementor-widget-container\">\n\t\t\t\t\t\t\t\t\t<p>Kikkaboo b\u0113rnu pudel\u012bte ir izgatavota no augstas kvalit\u0101tes materi\u0101liem \u2013 silikona un polipropil\u0113na. Bez BPA. Pudelei ir ergonomiska forma, kas padara baro\u0161anu un tur\u0113\u0161anu \u0113rtu. Knup\u012b\u0161a forma ir identiska m\u0101tes kr\u016bt\u012bm un ir pretkolikas. Pretkoliku knupis ne\u013cauj gaisam iek\u013c\u016bt mazu\u013ca gremo\u0161anas sist\u0113m\u0101 un t\u0101d\u0113j\u0101di samazina g\u0101zes s\u0101pju risku.\u00a0<\/p><p>Pudel\u012btes komplekt\u0101cij\u0101 iek\u013cautais knupis ir M izm\u0113rs.<\/p><p>Pudele piem\u0113rota lieto\u0161anai no 3 m\u0113ne\u0161u vecuma<\/p>\t\t\t\t\t\t\t\t<\/div>\n\t\t\t\t<\/div>\n\t\t\t\t\t<\/div>\n\t\t<\/div>\n\t\t\t\t<div class=\"elementor-column elementor-col-50 elementor-top-column elementor-element elementor-element-b72eccc\" data-id=\"b72eccc\" data-element_type=\"column\" data-e-type=\"column\">\n\t\t\t<div class=\"elementor-widget-wrap elementor-element-populated\">\n\t\t\t\t\t\t<div class=\"elementor-element elementor-element-491cc1d elementor-widget elementor-widget-image\" data-id=\"491cc1d\" data-element_type=\"widget\" data-e-type=\"widget\" data-widget_type=\"image.default\">\n\t\t\t\t<div class=\"elementor-widget-container\">\n\t\t\t\t\t\t\t\t\t\t\t\t\t\t\t<img fetchpriority=\"high\" decoding=\"async\" width=\"522\" height=\"522\" src=\"https:\/\/beebipai.ee\/wp-content\/uploads\/2024\/02\/Kikkaboo-koolikutevastane-lutipudel-1.jpg\" class=\"attachment-large size-large wp-image-10166\" alt=\"\" srcset=\"https:\/\/beebipai.ee\/wp-content\/uploads\/2024\/02\/Kikkaboo-koolikutevastane-lutipudel-1.jpg 522w, https:\/\/beebipai.ee\/wp-content\/uploads\/2024\/02\/Kikkaboo-koolikutevastane-lutipudel-1-300x300.jpg 300w, https:\/\/beebipai.ee\/wp-content\/uploads\/2024\/02\/Kikkaboo-koolikutevastane-lutipudel-1-150x150.jpg 150w, https:\/\/beebipai.ee\/wp-content\/uploads\/2024\/02\/Kikkaboo-koolikutevastane-lutipudel-1-12x12.jpg 12w, https:\/\/beebipai.ee\/wp-content\/uploads\/2024\/02\/Kikkaboo-koolikutevastane-lutipudel-1-100x100.jpg 100w\" sizes=\"(max-width: 522px) 100vw, 522px\" \/>\t\t\t\t\t\t\t\t\t\t\t\t\t\t\t<\/div>\n\t\t\t\t<\/div>\n\t\t\t\t\t<\/div>\n\t\t<\/div>\n\t\t\t\t\t<\/div>\n\t\t<\/section>\n\t\t\t\t<\/div>","protected":false},"excerpt":{"rendered":"<p>Ir \u0113rti un dro\u0161i barot b\u0113rnu no Kikkaboo baro\u0161anas pudel\u012btes. B\u0113rnu pudel\u012btei ir ergonomiska forma un pretkolikas knupis.<\/p>\n<p>Pieejami da\u017e\u0101di izm\u0113ri. Var ieg\u0101d\u0101ties knup\u012b\u0161us ar da\u017e\u0101du caurlaid\u012bbu<\/p>","protected":false},"featured_media":10168,"template":"","meta":{"_monsterinsights_skip_tracking":false,"_monsterinsights_sitenote_active":false,"_monsterinsights_sitenote_note":"","_monsterinsights_sitenote_category":0,"site-sidebar-layout":"no-sidebar","site-content-layout":"page-builder","ast-site-content-layout":"full-width-container","site-content-style":"default","site-sidebar-style":"default","ast-global-header-display":"","ast-banner-title-visibility":"","ast-main-header-display":"","ast-hfb-above-header-display":"","ast-hfb-below-header-display":"","ast-hfb-mobile-header-display":"","site-post-title":"disabled","ast-breadcrumbs-content":"","ast-featured-img":"disabled","footer-sml-layout":"","ast-disable-related-posts":"","theme-transparent-header-meta":"default","adv-header-id-meta":"","stick-header-meta":"","header-above-stick-meta":"","header-main-stick-meta":"","header-below-stick-meta":"","astra-migrate-meta-layouts":"set","ast-page-background-enabled":"default","ast-page-background-meta":{"desktop":{"background-color":"","background-image":"","background-repeat":"repeat","background-position":"center center","background-size":"auto","background-attachment":"scroll","background-type":"","background-media":"","overlay-type":"","overlay-color":"","overlay-opacity":"","overlay-gradient":""},"tablet":{"background-color":"","background-image":"","background-repeat":"repeat","background-position":"center center","background-size":"auto","background-attachment":"scroll","background-type":"","background-media":"","overlay-type":"","overlay-color":"","overlay-opacity":"","overlay-gradient":""},"mobile":{"background-color":"","background-image":"","background-repeat":"repeat","background-position":"center center","background-size":"auto","background-attachment":"scroll","background-type":"","background-media":"","overlay-type":"","overlay-color":"","overlay-opacity":"","overlay-gradient":""}},"ast-content-background-meta":{"desktop":{"background-color":"var(--ast-global-color-5)","background-image":"","background-repeat":"repeat","background-position":"center center","background-size":"auto","background-attachment":"scroll","background-type":"","background-media":"","overlay-type":"","overlay-color":"","overlay-opacity":"","overlay-gradient":""},"tablet":{"background-color":"var(--ast-global-color-5)","background-image":"","background-repeat":"repeat","background-position":"center center","background-size":"auto","background-attachment":"scroll","background-type":"","background-media":"","overlay-type":"","overlay-color":"","overlay-opacity":"","overlay-gradient":""},"mobile":{"background-color":"var(--ast-global-color-5)","background-image":"","background-repeat":"repeat","background-position":"center center","background-size":"auto","background-attachment":"scroll","background-type":"","background-media":"","overlay-type":"","overlay-color":"","overlay-opacity":"","overlay-gradient":""}}},"product_brand":[],"product_cat":[23,143],"product_tag":[],"class_list":{"0":"post-10163","1":"product","2":"type-product","3":"status-publish","4":"has-post-thumbnail","6":"product_cat-beebile","7":"product_cat-sootmiseks-soomiseks","8":"desktop-align-left","9":"tablet-align-left","10":"mobile-align-left","12":"first","13":"instock","14":"taxable","15":"shipping-taxable","16":"purchasable","17":"product-type-variable"},"yoast_head":"<!-- This site is optimized with the Yoast SEO plugin v27.4 - https:\/\/yoast.com\/product\/yoast-seo-wordpress\/ -->\n<title>Kikkaboo lutipudel koolikutevastase lutiga, 240 ml - Beebipai<\/title>\n<meta name=\"description\" content=\"Kikkaboo lutipudelist on beebit mugav ja turvaline toita. Lutipudel on ergonoomilise kujuga ja koolikutevastase lutiga. Vaata toodet Kikkaboo lutipudel!\" \/>\n<meta name=\"robots\" content=\"index, follow, max-snippet:-1, max-image-preview:large, max-video-preview:-1\" \/>\n<link rel=\"canonical\" href=\"https:\/\/beebipai.ee\/lv\/product\/kikkaboo-lutipudel-koolikutevastase-lutiga-240-ml\/\" \/>\n<meta property=\"og:locale\" content=\"lv_LV\" \/>\n<meta property=\"og:type\" content=\"article\" \/>\n<meta property=\"og:title\" content=\"Kikkaboo lutipudel koolikutevastase lutiga, 240 ml - Beebipai\" \/>\n<meta property=\"og:description\" content=\"Kikkaboo lutipudelist on beebit mugav ja turvaline toita. Lutipudel on ergonoomilise kujuga ja koolikutevastase lutiga. Vaata toodet Kikkaboo lutipudel!\" \/>\n<meta property=\"og:url\" content=\"https:\/\/beebipai.ee\/lv\/product\/kikkaboo-lutipudel-koolikutevastase-lutiga-240-ml\/\" \/>\n<meta property=\"og:site_name\" content=\"Beebipai\" \/>\n<meta property=\"article:modified_time\" content=\"2025-02-25T06:49:06+00:00\" \/>\n<meta property=\"og:image\" content=\"https:\/\/beebipai.ee\/wp-content\/uploads\/2024\/02\/Kikkaboo-koolikutevastane-lutipudel-3.jpg\" \/>\n\t<meta property=\"og:image:width\" content=\"522\" \/>\n\t<meta property=\"og:image:height\" content=\"522\" \/>\n\t<meta property=\"og:image:type\" content=\"image\/jpeg\" \/>\n<meta name=\"twitter:card\" content=\"summary_large_image\" \/>\n<script type=\"application\/ld+json\" class=\"yoast-schema-graph\">{\"@context\":\"https:\\\/\\\/schema.org\",\"@graph\":[{\"@type\":\"WebPage\",\"@id\":\"https:\\\/\\\/beebipai.ee\\\/product\\\/kikkaboo-lutipudel-koolikutevastase-lutiga-240-ml\\\/\",\"url\":\"https:\\\/\\\/beebipai.ee\\\/product\\\/kikkaboo-lutipudel-koolikutevastase-lutiga-240-ml\\\/\",\"name\":\"Kikkaboo lutipudel koolikutevastase lutiga, 240 ml - Beebipai\",\"isPartOf\":{\"@id\":\"https:\\\/\\\/beebipai.ee\\\/en\\\/#website\"},\"primaryImageOfPage\":{\"@id\":\"https:\\\/\\\/beebipai.ee\\\/product\\\/kikkaboo-lutipudel-koolikutevastase-lutiga-240-ml\\\/#primaryimage\"},\"image\":{\"@id\":\"https:\\\/\\\/beebipai.ee\\\/product\\\/kikkaboo-lutipudel-koolikutevastase-lutiga-240-ml\\\/#primaryimage\"},\"thumbnailUrl\":\"https:\\\/\\\/beebipai.ee\\\/wp-content\\\/uploads\\\/2024\\\/02\\\/Kikkaboo-koolikutevastane-lutipudel-3.jpg\",\"datePublished\":\"2024-02-23T08:53:20+00:00\",\"dateModified\":\"2025-02-25T06:49:06+00:00\",\"description\":\"Kikkaboo lutipudelist on beebit mugav ja turvaline toita. Lutipudel on ergonoomilise kujuga ja koolikutevastase lutiga. Vaata toodet Kikkaboo lutipudel!\",\"breadcrumb\":{\"@id\":\"https:\\\/\\\/beebipai.ee\\\/product\\\/kikkaboo-lutipudel-koolikutevastase-lutiga-240-ml\\\/#breadcrumb\"},\"inLanguage\":\"lv-LV\",\"potentialAction\":[{\"@type\":\"ReadAction\",\"target\":[\"https:\\\/\\\/beebipai.ee\\\/product\\\/kikkaboo-lutipudel-koolikutevastase-lutiga-240-ml\\\/\"]}]},{\"@type\":\"ImageObject\",\"inLanguage\":\"lv-LV\",\"@id\":\"https:\\\/\\\/beebipai.ee\\\/product\\\/kikkaboo-lutipudel-koolikutevastase-lutiga-240-ml\\\/#primaryimage\",\"url\":\"https:\\\/\\\/beebipai.ee\\\/wp-content\\\/uploads\\\/2024\\\/02\\\/Kikkaboo-koolikutevastane-lutipudel-3.jpg\",\"contentUrl\":\"https:\\\/\\\/beebipai.ee\\\/wp-content\\\/uploads\\\/2024\\\/02\\\/Kikkaboo-koolikutevastane-lutipudel-3.jpg\",\"width\":522,\"height\":522},{\"@type\":\"BreadcrumbList\",\"@id\":\"https:\\\/\\\/beebipai.ee\\\/product\\\/kikkaboo-lutipudel-koolikutevastase-lutiga-240-ml\\\/#breadcrumb\",\"itemListElement\":[{\"@type\":\"ListItem\",\"position\":1,\"name\":\"Home\",\"item\":\"https:\\\/\\\/beebipai.ee\\\/\"},{\"@type\":\"ListItem\",\"position\":2,\"name\":\"Pood\",\"item\":\"https:\\\/\\\/beebipai.ee\\\/store\\\/\"},{\"@type\":\"ListItem\",\"position\":3,\"name\":\"Kikkaboo lutipudel koolikutevastase lutiga, 240 ml\"}]},{\"@type\":\"WebSite\",\"@id\":\"https:\\\/\\\/beebipai.ee\\\/en\\\/#website\",\"url\":\"https:\\\/\\\/beebipai.ee\\\/en\\\/\",\"name\":\"Beebipai\",\"description\":\"Rasedate ja beebide veebipood\",\"potentialAction\":[{\"@type\":\"SearchAction\",\"target\":{\"@type\":\"EntryPoint\",\"urlTemplate\":\"https:\\\/\\\/beebipai.ee\\\/en\\\/?s={search_term_string}\"},\"query-input\":{\"@type\":\"PropertyValueSpecification\",\"valueRequired\":true,\"valueName\":\"search_term_string\"}}],\"inLanguage\":\"lv-LV\"}]}<\/script>\n<!-- \/ Yoast SEO plugin. -->","yoast_head_json":{"title":"Kikkaboo lutipudel koolikutevastase lutiga, 240 ml - Beebipai","description":"Kikkaboo lutipudelist on beebit mugav ja turvaline toita. Lutipudel on ergonoomilise kujuga ja koolikutevastase lutiga. Vaata toodet Kikkaboo lutipudel!","robots":{"index":"index","follow":"follow","max-snippet":"max-snippet:-1","max-image-preview":"max-image-preview:large","max-video-preview":"max-video-preview:-1"},"canonical":"https:\/\/beebipai.ee\/lv\/product\/kikkaboo-lutipudel-koolikutevastase-lutiga-240-ml\/","og_locale":"lv_LV","og_type":"article","og_title":"Kikkaboo lutipudel koolikutevastase lutiga, 240 ml - Beebipai","og_description":"Kikkaboo lutipudelist on beebit mugav ja turvaline toita. Lutipudel on ergonoomilise kujuga ja koolikutevastase lutiga. Vaata toodet Kikkaboo lutipudel!","og_url":"https:\/\/beebipai.ee\/lv\/product\/kikkaboo-lutipudel-koolikutevastase-lutiga-240-ml\/","og_site_name":"Beebipai","article_modified_time":"2025-02-25T06:49:06+00:00","og_image":[{"width":522,"height":522,"url":"https:\/\/beebipai.ee\/wp-content\/uploads\/2024\/02\/Kikkaboo-koolikutevastane-lutipudel-3.jpg","type":"image\/jpeg"}],"twitter_card":"summary_large_image","schema":{"@context":"https:\/\/schema.org","@graph":[{"@type":"WebPage","@id":"https:\/\/beebipai.ee\/product\/kikkaboo-lutipudel-koolikutevastase-lutiga-240-ml\/","url":"https:\/\/beebipai.ee\/product\/kikkaboo-lutipudel-koolikutevastase-lutiga-240-ml\/","name":"Kikkaboo lutipudel koolikutevastase lutiga, 240 ml - Beebipai","isPartOf":{"@id":"https:\/\/beebipai.ee\/en\/#website"},"primaryImageOfPage":{"@id":"https:\/\/beebipai.ee\/product\/kikkaboo-lutipudel-koolikutevastase-lutiga-240-ml\/#primaryimage"},"image":{"@id":"https:\/\/beebipai.ee\/product\/kikkaboo-lutipudel-koolikutevastase-lutiga-240-ml\/#primaryimage"},"thumbnailUrl":"https:\/\/beebipai.ee\/wp-content\/uploads\/2024\/02\/Kikkaboo-koolikutevastane-lutipudel-3.jpg","datePublished":"2024-02-23T08:53:20+00:00","dateModified":"2025-02-25T06:49:06+00:00","description":"Kikkaboo lutipudelist on beebit mugav ja turvaline toita. Lutipudel on ergonoomilise kujuga ja koolikutevastase lutiga. Vaata toodet Kikkaboo lutipudel!","breadcrumb":{"@id":"https:\/\/beebipai.ee\/product\/kikkaboo-lutipudel-koolikutevastase-lutiga-240-ml\/#breadcrumb"},"inLanguage":"lv-LV","potentialAction":[{"@type":"ReadAction","target":["https:\/\/beebipai.ee\/product\/kikkaboo-lutipudel-koolikutevastase-lutiga-240-ml\/"]}]},{"@type":"ImageObject","inLanguage":"lv-LV","@id":"https:\/\/beebipai.ee\/product\/kikkaboo-lutipudel-koolikutevastase-lutiga-240-ml\/#primaryimage","url":"https:\/\/beebipai.ee\/wp-content\/uploads\/2024\/02\/Kikkaboo-koolikutevastane-lutipudel-3.jpg","contentUrl":"https:\/\/beebipai.ee\/wp-content\/uploads\/2024\/02\/Kikkaboo-koolikutevastane-lutipudel-3.jpg","width":522,"height":522},{"@type":"BreadcrumbList","@id":"https:\/\/beebipai.ee\/product\/kikkaboo-lutipudel-koolikutevastase-lutiga-240-ml\/#breadcrumb","itemListElement":[{"@type":"ListItem","position":1,"name":"Home","item":"https:\/\/beebipai.ee\/"},{"@type":"ListItem","position":2,"name":"Pood","item":"https:\/\/beebipai.ee\/store\/"},{"@type":"ListItem","position":3,"name":"Kikkaboo lutipudel koolikutevastase lutiga, 240 ml"}]},{"@type":"WebSite","@id":"https:\/\/beebipai.ee\/en\/#website","url":"https:\/\/beebipai.ee\/en\/","name":"Beebipai","description":"Rasedate ja beebide veebipood","potentialAction":[{"@type":"SearchAction","target":{"@type":"EntryPoint","urlTemplate":"https:\/\/beebipai.ee\/en\/?s={search_term_string}"},"query-input":{"@type":"PropertyValueSpecification","valueRequired":true,"valueName":"search_term_string"}}],"inLanguage":"lv-LV"}]}},"_links":{"self":[{"href":"https:\/\/beebipai.ee\/lv\/wp-json\/wp\/v2\/product\/10163","targetHints":{"allow":["GET"]}}],"collection":[{"href":"https:\/\/beebipai.ee\/lv\/wp-json\/wp\/v2\/product"}],"about":[{"href":"https:\/\/beebipai.ee\/lv\/wp-json\/wp\/v2\/types\/product"}],"version-history":[{"count":5,"href":"https:\/\/beebipai.ee\/lv\/wp-json\/wp\/v2\/product\/10163\/revisions"}],"predecessor-version":[{"id":12285,"href":"https:\/\/beebipai.ee\/lv\/wp-json\/wp\/v2\/product\/10163\/revisions\/12285"}],"wp:featuredmedia":[{"embeddable":true,"href":"https:\/\/beebipai.ee\/lv\/wp-json\/wp\/v2\/media\/10168"}],"wp:attachment":[{"href":"https:\/\/beebipai.ee\/lv\/wp-json\/wp\/v2\/media?parent=10163"}],"wp:term":[{"taxonomy":"product_brand","embeddable":true,"href":"https:\/\/beebipai.ee\/lv\/wp-json\/wp\/v2\/product_brand?post=10163"},{"taxonomy":"product_cat","embeddable":true,"href":"https:\/\/beebipai.ee\/lv\/wp-json\/wp\/v2\/product_cat?post=10163"},{"taxonomy":"product_tag","embeddable":true,"href":"https:\/\/beebipai.ee\/lv\/wp-json\/wp\/v2\/product_tag?post=10163"}],"curies":[{"name":"wp","href":"https:\/\/api.w.org\/{rel}","templated":true}]}}