{"id":10079,"date":"2024-02-06T10:21:36","date_gmt":"2024-02-06T08:21:36","guid":{"rendered":"https:\/\/www.beebipai.ee\/?post_type=product&#038;p=10079"},"modified":"2025-09-06T12:53:39","modified_gmt":"2025-09-06T09:53:39","slug":"kikkaboo-handy-4in1-pudelisoojendaja-sterilisaator","status":"publish","type":"product","link":"https:\/\/beebipai.ee\/lv\/product\/kikkaboo-handy-4in1-pudelisoojendaja-sterilisaator\/","title":{"rendered":"Kikkaboo Handy 4in1 pude\u013cu sild\u012bt\u0101js\/sterilizators"},"content":{"rendered":"<div data-elementor-type=\"wp-post\" data-elementor-id=\"10079\" class=\"elementor elementor-10079\">\n\t\t\t\t\t\t<section class=\"elementor-section elementor-top-section elementor-element elementor-element-e7d74fc elementor-section-boxed elementor-section-height-default elementor-section-height-default\" data-id=\"e7d74fc\" data-element_type=\"section\" data-e-type=\"section\">\n\t\t\t\t\t\t<div class=\"elementor-container elementor-column-gap-default\">\n\t\t\t\t\t<div class=\"elementor-column elementor-col-50 elementor-top-column elementor-element elementor-element-971bafe\" data-id=\"971bafe\" data-element_type=\"column\" data-e-type=\"column\">\n\t\t\t<div class=\"elementor-widget-wrap elementor-element-populated\">\n\t\t\t\t\t\t<div class=\"elementor-element elementor-element-ba900f7 elementor-widget elementor-widget-heading\" data-id=\"ba900f7\" data-element_type=\"widget\" data-e-type=\"widget\" data-widget_type=\"heading.default\">\n\t\t\t\t<div class=\"elementor-widget-container\">\n\t\t\t\t\t<h2 class=\"elementor-heading-title elementor-size-default\">Kikkaboo Handy  pude\u013cu sild\u012bt\u0101js\/sterilizators<\/h2>\t\t\t\t<\/div>\n\t\t\t\t<\/div>\n\t\t\t\t<div class=\"elementor-element elementor-element-214d792 elementor-widget elementor-widget-text-editor\" data-id=\"214d792\" data-element_type=\"widget\" data-e-type=\"widget\" data-widget_type=\"text-editor.default\">\n\t\t\t\t<div class=\"elementor-widget-container\">\n\t\t\t\t\t\t\t\t\t<p>Pude\u013cu sild\u012bt\u0101ja Kikkaboo Handy 4in1 funkcijas aptver visas m\u0101tes un mazu\u013ca vajadz\u012bbas. Ietilp\u012bgaj\u0101 pude\u013cu sild\u012bt\u0101j\u0101 ir vieta div\u0101m pudel\u0113m. Tur var ar\u012b uzsild\u012bt burci\u0146as un kr\u016bz\u012btes mazu\u013cu bieze\u0146a.\u00a0<\/p><p>Iesp\u0113ja izmantot taimeri, lai iestat\u012btu noteiktu laiku, kad v\u0113laties uzsild\u012bt vai atkaus\u0113t p\u0101rtiku<\/p><p>Sk\u0101rienj\u016bt\u012bgs \u0113rt\u0101kai lieto\u0161anai un iestat\u012b\u0161anai. Nakts gaisma nakts lieto\u0161anai.<\/p><p>Sp\u0113ja uztur\u0113t p\u0101rtiku\/pienu siltu. Saglab\u0101 izv\u0113l\u0113to temperat\u016bru l\u012bdz 12 stund\u0101m.<\/p><p>Pateicoties lielajai ietilp\u012bbai (21 x 16 cm), pudeles, kr\u016bts s\u016bk\u0146a piederumus un b\u0113rnu p\u0101rtikas piederumus var steriliz\u0113t.<\/p><p>4 funkcijas: piena sild\u012b\u0161ana (35 l\u012bdz 50\u00b0C), atkaus\u0113\u0161ana\/\u0101tr\u0101 sild\u012b\u0161ana (32 l\u012bdz 42\u00b0C), \u0113diena sild\u012b\u0161ana (60 l\u012bdz 80\u00b0C), steriliz\u0101cija (100\u00b0C)<\/p><p>\u00a0<\/p><p>\u00a0<\/p><p>\u00a0<\/p><p>\u00a0<\/p>\t\t\t\t\t\t\t\t<\/div>\n\t\t\t\t<\/div>\n\t\t\t\t\t<\/div>\n\t\t<\/div>\n\t\t\t\t<div class=\"elementor-column elementor-col-50 elementor-top-column elementor-element elementor-element-5ae475e\" data-id=\"5ae475e\" data-element_type=\"column\" data-e-type=\"column\">\n\t\t\t<div class=\"elementor-widget-wrap elementor-element-populated\">\n\t\t\t\t\t\t<div class=\"elementor-element elementor-element-cabdbd7 elementor-widget elementor-widget-image\" data-id=\"cabdbd7\" data-element_type=\"widget\" data-e-type=\"widget\" data-widget_type=\"image.default\">\n\t\t\t\t<div class=\"elementor-widget-container\">\n\t\t\t\t\t\t\t\t\t\t\t\t\t\t\t<img fetchpriority=\"high\" decoding=\"async\" width=\"768\" height=\"513\" src=\"https:\/\/beebipai.ee\/wp-content\/uploads\/2024\/02\/Kikkaboo-pudelisoojendaja-Handy-6-768x513.jpg\" class=\"attachment-medium_large size-medium_large wp-image-10085\" alt=\"\" srcset=\"https:\/\/beebipai.ee\/wp-content\/uploads\/2024\/02\/Kikkaboo-pudelisoojendaja-Handy-6-768x513.jpg 768w, https:\/\/beebipai.ee\/wp-content\/uploads\/2024\/02\/Kikkaboo-pudelisoojendaja-Handy-6-300x200.jpg 300w, https:\/\/beebipai.ee\/wp-content\/uploads\/2024\/02\/Kikkaboo-pudelisoojendaja-Handy-6-1024x684.jpg 1024w, https:\/\/beebipai.ee\/wp-content\/uploads\/2024\/02\/Kikkaboo-pudelisoojendaja-Handy-6-1536x1025.jpg 1536w, https:\/\/beebipai.ee\/wp-content\/uploads\/2024\/02\/Kikkaboo-pudelisoojendaja-Handy-6-18x12.jpg 18w, https:\/\/beebipai.ee\/wp-content\/uploads\/2024\/02\/Kikkaboo-pudelisoojendaja-Handy-6-600x400.jpg 600w, https:\/\/beebipai.ee\/wp-content\/uploads\/2024\/02\/Kikkaboo-pudelisoojendaja-Handy-6-e1707207995220.jpg 500w\" sizes=\"(max-width: 768px) 100vw, 768px\" \/>\t\t\t\t\t\t\t\t\t\t\t\t\t\t\t<\/div>\n\t\t\t\t<\/div>\n\t\t\t\t\t<\/div>\n\t\t<\/div>\n\t\t\t\t\t<\/div>\n\t\t<\/section>\n\t\t\t\t<\/div>","protected":false},"excerpt":{"rendered":"<p>Kikkaboo Handy ir jaunas paaudzes daudzfunkcion\u0101ls pude\u013cu sild\u012bt\u0101js. Kompaktais, p\u0101rn\u0113s\u0101jamais un praktiskais produkts ietver visas m\u0101tes un mazu\u013ca vajadz\u012bbas, piem\u0113ram, piena sild\u012b\u0161anu, atkaus\u0113\u0161anu\/\u0101tru uzsild\u012b\u0161anu, \u0113diena sild\u012b\u0161anu un steriliz\u0101ciju.<\/p>","protected":false},"featured_media":10088,"template":"","meta":{"_monsterinsights_skip_tracking":false,"_monsterinsights_sitenote_active":false,"_monsterinsights_sitenote_note":"","_monsterinsights_sitenote_category":0,"site-sidebar-layout":"no-sidebar","site-content-layout":"page-builder","ast-site-content-layout":"full-width-container","site-content-style":"default","site-sidebar-style":"default","ast-global-header-display":"","ast-banner-title-visibility":"","ast-main-header-display":"","ast-hfb-above-header-display":"","ast-hfb-below-header-display":"","ast-hfb-mobile-header-display":"","site-post-title":"disabled","ast-breadcrumbs-content":"","ast-featured-img":"disabled","footer-sml-layout":"","ast-disable-related-posts":"","theme-transparent-header-meta":"default","adv-header-id-meta":"","stick-header-meta":"","header-above-stick-meta":"","header-main-stick-meta":"","header-below-stick-meta":"","astra-migrate-meta-layouts":"set","ast-page-background-enabled":"default","ast-page-background-meta":{"desktop":{"background-color":"","background-image":"","background-repeat":"repeat","background-position":"center center","background-size":"auto","background-attachment":"scroll","background-type":"","background-media":"","overlay-type":"","overlay-color":"","overlay-opacity":"","overlay-gradient":""},"tablet":{"background-color":"","background-image":"","background-repeat":"repeat","background-position":"center center","background-size":"auto","background-attachment":"scroll","background-type":"","background-media":"","overlay-type":"","overlay-color":"","overlay-opacity":"","overlay-gradient":""},"mobile":{"background-color":"","background-image":"","background-repeat":"repeat","background-position":"center center","background-size":"auto","background-attachment":"scroll","background-type":"","background-media":"","overlay-type":"","overlay-color":"","overlay-opacity":"","overlay-gradient":""}},"ast-content-background-meta":{"desktop":{"background-color":"var(--ast-global-color-5)","background-image":"","background-repeat":"repeat","background-position":"center center","background-size":"auto","background-attachment":"scroll","background-type":"","background-media":"","overlay-type":"","overlay-color":"","overlay-opacity":"","overlay-gradient":""},"tablet":{"background-color":"var(--ast-global-color-5)","background-image":"","background-repeat":"repeat","background-position":"center center","background-size":"auto","background-attachment":"scroll","background-type":"","background-media":"","overlay-type":"","overlay-color":"","overlay-opacity":"","overlay-gradient":""},"mobile":{"background-color":"var(--ast-global-color-5)","background-image":"","background-repeat":"repeat","background-position":"center center","background-size":"auto","background-attachment":"scroll","background-type":"","background-media":"","overlay-type":"","overlay-color":"","overlay-opacity":"","overlay-gradient":""}}},"product_brand":[],"product_cat":[23,22,103,143],"product_tag":[],"class_list":{"0":"post-10079","1":"product","2":"type-product","3":"status-publish","4":"has-post-thumbnail","6":"product_cat-beebile","7":"product_cat-emale","8":"product_cat-imetamine","9":"product_cat-sootmiseks-soomiseks","10":"desktop-align-left","11":"tablet-align-left","12":"mobile-align-left","14":"first","15":"instock","16":"taxable","17":"shipping-taxable","18":"purchasable","19":"product-type-simple"},"yoast_head":"<!-- This site is optimized with the Yoast SEO plugin v27.4 - https:\/\/yoast.com\/product\/yoast-seo-wordpress\/ -->\n<title>Kikkaboo Handy 4in1 pudelisoojendaja\/sterilisaator - Beebipai<\/title>\n<meta name=\"description\" content=\"Kikkaboo 4in1 pudelisoojendaja\/sterilisaator soojendab kiirelt beebi toidu ning puhastab tarvikud. Vaaata toodet Kikkaboo pudelisoojendaja\/sterilisaator!\" \/>\n<meta name=\"robots\" content=\"index, follow, max-snippet:-1, max-image-preview:large, max-video-preview:-1\" \/>\n<link rel=\"canonical\" href=\"https:\/\/beebipai.ee\/lv\/product\/kikkaboo-handy-4in1-pudelisoojendaja-sterilisaator\/\" \/>\n<meta property=\"og:locale\" content=\"lv_LV\" \/>\n<meta property=\"og:type\" content=\"article\" \/>\n<meta property=\"og:title\" content=\"Kikkaboo Handy 4in1 pudelisoojendaja\/sterilisaator - Beebipai\" \/>\n<meta property=\"og:description\" content=\"Kikkaboo 4in1 pudelisoojendaja\/sterilisaator soojendab kiirelt beebi toidu ning puhastab tarvikud. Vaaata toodet Kikkaboo pudelisoojendaja\/sterilisaator!\" \/>\n<meta property=\"og:url\" content=\"https:\/\/beebipai.ee\/lv\/product\/kikkaboo-handy-4in1-pudelisoojendaja-sterilisaator\/\" \/>\n<meta property=\"og:site_name\" content=\"Beebipai\" \/>\n<meta property=\"article:modified_time\" content=\"2025-09-06T09:53:39+00:00\" \/>\n<meta property=\"og:image\" content=\"https:\/\/beebipai.ee\/wp-content\/uploads\/2024\/02\/Kikkaboo-pudelisoojendaja-Handy.jpg\" \/>\n\t<meta property=\"og:image:width\" content=\"522\" \/>\n\t<meta property=\"og:image:height\" content=\"522\" \/>\n\t<meta property=\"og:image:type\" content=\"image\/jpeg\" \/>\n<meta name=\"twitter:card\" content=\"summary_large_image\" \/>\n<script type=\"application\/ld+json\" class=\"yoast-schema-graph\">{\"@context\":\"https:\\\/\\\/schema.org\",\"@graph\":[{\"@type\":\"WebPage\",\"@id\":\"https:\\\/\\\/beebipai.ee\\\/product\\\/kikkaboo-handy-4in1-pudelisoojendaja-sterilisaator\\\/\",\"url\":\"https:\\\/\\\/beebipai.ee\\\/product\\\/kikkaboo-handy-4in1-pudelisoojendaja-sterilisaator\\\/\",\"name\":\"Kikkaboo Handy 4in1 pudelisoojendaja\\\/sterilisaator - Beebipai\",\"isPartOf\":{\"@id\":\"https:\\\/\\\/beebipai.ee\\\/en\\\/#website\"},\"primaryImageOfPage\":{\"@id\":\"https:\\\/\\\/beebipai.ee\\\/product\\\/kikkaboo-handy-4in1-pudelisoojendaja-sterilisaator\\\/#primaryimage\"},\"image\":{\"@id\":\"https:\\\/\\\/beebipai.ee\\\/product\\\/kikkaboo-handy-4in1-pudelisoojendaja-sterilisaator\\\/#primaryimage\"},\"thumbnailUrl\":\"https:\\\/\\\/beebipai.ee\\\/wp-content\\\/uploads\\\/2024\\\/02\\\/Kikkaboo-pudelisoojendaja-Handy.jpg\",\"datePublished\":\"2024-02-06T08:21:36+00:00\",\"dateModified\":\"2025-09-06T09:53:39+00:00\",\"description\":\"Kikkaboo 4in1 pudelisoojendaja\\\/sterilisaator soojendab kiirelt beebi toidu ning puhastab tarvikud. Vaaata toodet Kikkaboo pudelisoojendaja\\\/sterilisaator!\",\"breadcrumb\":{\"@id\":\"https:\\\/\\\/beebipai.ee\\\/product\\\/kikkaboo-handy-4in1-pudelisoojendaja-sterilisaator\\\/#breadcrumb\"},\"inLanguage\":\"lv-LV\",\"potentialAction\":[{\"@type\":\"ReadAction\",\"target\":[\"https:\\\/\\\/beebipai.ee\\\/product\\\/kikkaboo-handy-4in1-pudelisoojendaja-sterilisaator\\\/\"]}]},{\"@type\":\"ImageObject\",\"inLanguage\":\"lv-LV\",\"@id\":\"https:\\\/\\\/beebipai.ee\\\/product\\\/kikkaboo-handy-4in1-pudelisoojendaja-sterilisaator\\\/#primaryimage\",\"url\":\"https:\\\/\\\/beebipai.ee\\\/wp-content\\\/uploads\\\/2024\\\/02\\\/Kikkaboo-pudelisoojendaja-Handy.jpg\",\"contentUrl\":\"https:\\\/\\\/beebipai.ee\\\/wp-content\\\/uploads\\\/2024\\\/02\\\/Kikkaboo-pudelisoojendaja-Handy.jpg\",\"width\":522,\"height\":522},{\"@type\":\"BreadcrumbList\",\"@id\":\"https:\\\/\\\/beebipai.ee\\\/product\\\/kikkaboo-handy-4in1-pudelisoojendaja-sterilisaator\\\/#breadcrumb\",\"itemListElement\":[{\"@type\":\"ListItem\",\"position\":1,\"name\":\"Home\",\"item\":\"https:\\\/\\\/beebipai.ee\\\/\"},{\"@type\":\"ListItem\",\"position\":2,\"name\":\"Pood\",\"item\":\"https:\\\/\\\/beebipai.ee\\\/store\\\/\"},{\"@type\":\"ListItem\",\"position\":3,\"name\":\"Kikkaboo Handy 4in1 pudelisoojendaja\\\/sterilisaator\"}]},{\"@type\":\"WebSite\",\"@id\":\"https:\\\/\\\/beebipai.ee\\\/en\\\/#website\",\"url\":\"https:\\\/\\\/beebipai.ee\\\/en\\\/\",\"name\":\"Beebipai\",\"description\":\"Rasedate ja beebide veebipood\",\"potentialAction\":[{\"@type\":\"SearchAction\",\"target\":{\"@type\":\"EntryPoint\",\"urlTemplate\":\"https:\\\/\\\/beebipai.ee\\\/en\\\/?s={search_term_string}\"},\"query-input\":{\"@type\":\"PropertyValueSpecification\",\"valueRequired\":true,\"valueName\":\"search_term_string\"}}],\"inLanguage\":\"lv-LV\"}]}<\/script>\n<!-- \/ Yoast SEO plugin. -->","yoast_head_json":{"title":"Kikkaboo Handy 4in1 pudelisoojendaja\/sterilisaator - Beebipai","description":"Kikkaboo 4in1 pudelisoojendaja\/sterilisaator soojendab kiirelt beebi toidu ning puhastab tarvikud. Vaaata toodet Kikkaboo pudelisoojendaja\/sterilisaator!","robots":{"index":"index","follow":"follow","max-snippet":"max-snippet:-1","max-image-preview":"max-image-preview:large","max-video-preview":"max-video-preview:-1"},"canonical":"https:\/\/beebipai.ee\/lv\/product\/kikkaboo-handy-4in1-pudelisoojendaja-sterilisaator\/","og_locale":"lv_LV","og_type":"article","og_title":"Kikkaboo Handy 4in1 pudelisoojendaja\/sterilisaator - Beebipai","og_description":"Kikkaboo 4in1 pudelisoojendaja\/sterilisaator soojendab kiirelt beebi toidu ning puhastab tarvikud. Vaaata toodet Kikkaboo pudelisoojendaja\/sterilisaator!","og_url":"https:\/\/beebipai.ee\/lv\/product\/kikkaboo-handy-4in1-pudelisoojendaja-sterilisaator\/","og_site_name":"Beebipai","article_modified_time":"2025-09-06T09:53:39+00:00","og_image":[{"width":522,"height":522,"url":"https:\/\/beebipai.ee\/wp-content\/uploads\/2024\/02\/Kikkaboo-pudelisoojendaja-Handy.jpg","type":"image\/jpeg"}],"twitter_card":"summary_large_image","schema":{"@context":"https:\/\/schema.org","@graph":[{"@type":"WebPage","@id":"https:\/\/beebipai.ee\/product\/kikkaboo-handy-4in1-pudelisoojendaja-sterilisaator\/","url":"https:\/\/beebipai.ee\/product\/kikkaboo-handy-4in1-pudelisoojendaja-sterilisaator\/","name":"Kikkaboo Handy 4in1 pudelisoojendaja\/sterilisaator - Beebipai","isPartOf":{"@id":"https:\/\/beebipai.ee\/en\/#website"},"primaryImageOfPage":{"@id":"https:\/\/beebipai.ee\/product\/kikkaboo-handy-4in1-pudelisoojendaja-sterilisaator\/#primaryimage"},"image":{"@id":"https:\/\/beebipai.ee\/product\/kikkaboo-handy-4in1-pudelisoojendaja-sterilisaator\/#primaryimage"},"thumbnailUrl":"https:\/\/beebipai.ee\/wp-content\/uploads\/2024\/02\/Kikkaboo-pudelisoojendaja-Handy.jpg","datePublished":"2024-02-06T08:21:36+00:00","dateModified":"2025-09-06T09:53:39+00:00","description":"Kikkaboo 4in1 pudelisoojendaja\/sterilisaator soojendab kiirelt beebi toidu ning puhastab tarvikud. Vaaata toodet Kikkaboo pudelisoojendaja\/sterilisaator!","breadcrumb":{"@id":"https:\/\/beebipai.ee\/product\/kikkaboo-handy-4in1-pudelisoojendaja-sterilisaator\/#breadcrumb"},"inLanguage":"lv-LV","potentialAction":[{"@type":"ReadAction","target":["https:\/\/beebipai.ee\/product\/kikkaboo-handy-4in1-pudelisoojendaja-sterilisaator\/"]}]},{"@type":"ImageObject","inLanguage":"lv-LV","@id":"https:\/\/beebipai.ee\/product\/kikkaboo-handy-4in1-pudelisoojendaja-sterilisaator\/#primaryimage","url":"https:\/\/beebipai.ee\/wp-content\/uploads\/2024\/02\/Kikkaboo-pudelisoojendaja-Handy.jpg","contentUrl":"https:\/\/beebipai.ee\/wp-content\/uploads\/2024\/02\/Kikkaboo-pudelisoojendaja-Handy.jpg","width":522,"height":522},{"@type":"BreadcrumbList","@id":"https:\/\/beebipai.ee\/product\/kikkaboo-handy-4in1-pudelisoojendaja-sterilisaator\/#breadcrumb","itemListElement":[{"@type":"ListItem","position":1,"name":"Home","item":"https:\/\/beebipai.ee\/"},{"@type":"ListItem","position":2,"name":"Pood","item":"https:\/\/beebipai.ee\/store\/"},{"@type":"ListItem","position":3,"name":"Kikkaboo Handy 4in1 pudelisoojendaja\/sterilisaator"}]},{"@type":"WebSite","@id":"https:\/\/beebipai.ee\/en\/#website","url":"https:\/\/beebipai.ee\/en\/","name":"Beebipai","description":"Rasedate ja beebide veebipood","potentialAction":[{"@type":"SearchAction","target":{"@type":"EntryPoint","urlTemplate":"https:\/\/beebipai.ee\/en\/?s={search_term_string}"},"query-input":{"@type":"PropertyValueSpecification","valueRequired":true,"valueName":"search_term_string"}}],"inLanguage":"lv-LV"}]}},"_links":{"self":[{"href":"https:\/\/beebipai.ee\/lv\/wp-json\/wp\/v2\/product\/10079","targetHints":{"allow":["GET"]}}],"collection":[{"href":"https:\/\/beebipai.ee\/lv\/wp-json\/wp\/v2\/product"}],"about":[{"href":"https:\/\/beebipai.ee\/lv\/wp-json\/wp\/v2\/types\/product"}],"version-history":[{"count":5,"href":"https:\/\/beebipai.ee\/lv\/wp-json\/wp\/v2\/product\/10079\/revisions"}],"predecessor-version":[{"id":10517,"href":"https:\/\/beebipai.ee\/lv\/wp-json\/wp\/v2\/product\/10079\/revisions\/10517"}],"wp:featuredmedia":[{"embeddable":true,"href":"https:\/\/beebipai.ee\/lv\/wp-json\/wp\/v2\/media\/10088"}],"wp:attachment":[{"href":"https:\/\/beebipai.ee\/lv\/wp-json\/wp\/v2\/media?parent=10079"}],"wp:term":[{"taxonomy":"product_brand","embeddable":true,"href":"https:\/\/beebipai.ee\/lv\/wp-json\/wp\/v2\/product_brand?post=10079"},{"taxonomy":"product_cat","embeddable":true,"href":"https:\/\/beebipai.ee\/lv\/wp-json\/wp\/v2\/product_cat?post=10079"},{"taxonomy":"product_tag","embeddable":true,"href":"https:\/\/beebipai.ee\/lv\/wp-json\/wp\/v2\/product_tag?post=10079"}],"curies":[{"name":"wp","href":"https:\/\/api.w.org\/{rel}","templated":true}]}}