{"id":3243,"date":"2022-04-06T11:08:54","date_gmt":"2022-04-06T11:08:54","guid":{"rendered":"https:\/\/beebipai.ee\/?page_id=3243"},"modified":"2024-08-04T15:25:38","modified_gmt":"2024-08-04T12:25:38","slug":"e-poe-muugitingimused","status":"publish","type":"page","link":"https:\/\/beebipai.ee\/lv\/e-poe-muugitingimused\/","title":{"rendered":"E-poe m\u00fc\u00fcgitingimused"},"content":{"rendered":"<p>E-poe tingimused<\/p>\n<p>Veebipoe Beebipai (edaspidi Veebipood) omanik on Markmer O\u00dc (registrikood<\/p>\n<p>16287073 ), asukohaga Kadaka tee 35<\/p>\n<p><strong>M\u00fc\u00fcgilepingu kehtivus, kauba- ja hinnainfo<\/strong><\/p>\n<ul>\n<li>M\u00fc\u00fcgitingimused kehtivad Veebipoest kaupade ostmisel.<\/li>\n<li>Veebipoes m\u00fc\u00fcdavate toodete hinnad on m\u00e4rgitud toodete juurde. Hinnale lisandub tasu kauba k\u00e4ttetoimetamise eest.<\/li>\n<li>Kauba k\u00e4ttetoimetamise tasu s\u00f5ltub ostja asukohast ning k\u00e4ttetoimetamise viisist.<\/li>\n<li>K\u00e4ttetoimetamise tasu kuvatakse ostjale tellimuse vormistamisel.<\/li>\n<li>Teave kauba kohta on esitatud Veebipoes vahetult kauba juures.<\/li>\n<li>K\u00f5ik E-poes kuvatavad hinnad on esitatud eurodes.<\/li>\n<\/ul>\n<p><strong>Tellimuse vormistamine<\/strong><\/p>\n<ul>\n<li>Kauba tellimiseks tuleb lisada soovitud tooted ostukorvi. Tellimuse vormistamiseks tuleb t\u00e4ita n\u00f5utud andmev\u00e4ljad ning valida sobiv toodete kohaletoimetamise viis. Seej\u00e4rel kuvatakse ekraanile tasu suurus, mille saab tasuda pangalingi kaudu v\u00f5i muu makselahenduse abil.<\/li>\n<li>Leping j\u00f5ustub alates tasumisele kuuluva summa laekumisest Veebipoe arvelduskontole. Kui tellitud kaupa ei ole v\u00f5imalik tarnida seoses kauba l\u00f5ppemisega v\u00f5i muul p\u00f5hjusel, teavitatakse sellest ostjat esimesel v\u00f5imalusel ning tagastatakse tasutud raha (sh kauba k\u00e4ttetoimetamise kulud) viivitamata, kuid mitte hiljem kui 14 p\u00e4eva jooksul teate saatmisest.<\/li>\n<\/ul>\n<p><strong>Kohaletoimetamine<\/strong><\/p>\n<ul>\n<li>Kaupu saadetakse j\u00e4rgmistesse riikidesse: Euroopa Liidu riigid<\/li>\n<li>Kauba saatmiskulud kannab ostja ning vastav hinnainfo on kuvatud saatmisviisi juures.<\/li>\n<li>Eestisisesed saadetised j\u00f5uavad \u00fcldjuhul ostja m\u00e4\u00e4ratud sihtpunkti 1-2 t\u00f6\u00f6p\u00e4eva jooksul alates m\u00fc\u00fcgilepingu j\u00f5ustumist. V\u00e4ljaspool Eestit toimub kohaletoimetamine 14 kalendrip\u00e4eva jooksul. <strong>Tarneaja t\u00e4psustamiseks v\u00f5ib \u00fchendust v\u00f5tta m\u00fc\u00fcjaga l\u00e4bi FB messengeri, Instagrami v\u00f5i meili. Kontaktid on toodud kodulehe &#8220;kontakt&#8221; all.<\/strong><\/li>\n<li>Erandlikel juhtumitel on \u00f5igus kaup kohale toimetada kuni 45 kalendrip\u00e4eva jooksul, m\u00fc\u00fcja sellest ostjat teavitab.<\/li>\n<li>Tellimuste eest saab turvaliselt tasuda Eesti pangalinkide abil (Swedbank, SEB, Nordea, Danske, LHV, Krediidipank, Coop).<\/li>\n<\/ul>\n<p><strong>Taganemis\u00f5igus<\/strong><\/p>\n<ul>\n<li>P\u00e4rast tellimuse k\u00e4ttesaamist on \u00f5igus e-poes s\u00f5lmitud lepingust taganeda 14 p\u00e4eva jooksul.<\/li>\n<li>Kauba tagastamiseks tuleb soovist kirjutada e-posti aadressile\u00a0info@beebipai.ee\u00a0hiljemalt 14 p\u00e4eva jooksul kauba k\u00e4ttesaamisest.<\/li>\n<li>Tagastatav toode peab olema puudusteta, t\u00e4iskomplektne, originaalpakendis, siltidega ja kasutamata.<\/li>\n<li>Kauba tagastamise kulud kannab ostja, v\u00e4lja arvatud juhul, kui tagastamise p\u00f5hjus seisneb asjaolus, et tagastamisele kuuluv asi ei vasta tellitule (nt vale toode, vale suurus v\u00f5i defektiga asi).<\/li>\n<li>Tagastus\u00f5igus puudub tootele, mis ei ole k\u00f5lblik tagasi saatmiseks tervisekaitse v\u00f5i h\u00fcgieenilistel p\u00f5hjustel, kuna sellise too n\u00f5uetekohane desinfitseerimine kaupleja poolt on keeruline ja\/v\u00f5i v\u00f5imatu\u00a0 ja\/v\u00f5i mille kasutamine mitme inimese poolt v\u00f5ib kujutada endast terviseriski:<\/li>\n<li>* kehahooldusvahendid (kreemid, \u00f5lid, \u0161ampoonid, vannivahud)<\/li>\n<li>* tooted, mis puutuvad kokku inimese limaskestade ja kehavedelikega (aspiraatorid, rinnapumbad, s\u00f6\u00f6giriistad, lutipudelid)<\/li>\n<li>* sukad, sokid ja alusp\u00fcksid.<\/li>\n<li>Taganemis\u00f5igus ei kohaldu, kui ostjaks on juriidiline isik.<\/li>\n<li>14-p\u00e4evase tagastamis\u00f5iguse kasutamiseks ei tohi tellitud kaupa kasutada muul viisil kui on vajalik kauba olemuses, omadustes ja toimimises veendumiseks viisil nagu see on lubatud kauba testimiseks f\u00fc\u00fcsilises poes.<\/li>\n<li>Kui kaupa on kasutatud muuks otstarbeks kui on vajalik kauba olemuses, omadustes ja toimimises veendumiseks v\u00f5i sellel on kasutamise v\u00f5i kulumise m\u00e4rke, on Veebipoel \u00f5igus alandada tagastatavat tasu vastavalt kauba v\u00e4\u00e4rtuse v\u00e4henemisele.<\/li>\n<li>Veebipood tagastab tagastatava kauba k\u00e4ttesaamisel ostjale viivitamata, kuid mitte hiljem kui 14 p\u00e4eva m\u00f6\u00f6dumisel arvates taganemisavalduse saamisest, k\u00f5ik ostjalt lepingu alusel saadud tasud.<\/li>\n<li>Veebipood v\u00f5ib keelduda tagasimaksete tegemisest seni, kuni on lepingu esemeks oleva asja tagasi saanud v\u00f5i kuni ostja on esitanud t\u00f5endid, et on asja tagasi saatnud, s\u00f5ltuvalt sellest, kumb toimub varem.<\/li>\n<li>Kui ostja on s\u00f5naselgelt valinud Veebipoe pakutud k\u00f5ige odavamast tavap\u00e4rasest asja k\u00e4ttetoimetamise viisist erineva k\u00e4ttetoimetamise viisi, ei pea Veebipood tarbijale tagastama kulu, mis \u00fcletab tavap\u00e4rase k\u00e4ttetoimetamise viisiga seotud kulu.<\/li>\n<li>Veebipoel on \u00f5igus taganeda m\u00fc\u00fcgitehingust ning n\u00f5uda ostjalt tagasi kaup, kui kauba hind veebipoes on eksituse t\u00f5ttu m\u00e4rgitud oluliselt alla kauba turuhinna.<\/li>\n<\/ul>\n<p><strong>Pretensiooni esitamise \u00f5igus<\/strong><\/p>\n<ul>\n<li>Veebipood vastutab ostjale m\u00fc\u00fcdud kauba lepingutingimustele mittevastavuse v\u00f5i puuduse eest, mis oli olemas juba asja \u00fcleandmise hetkel ning mis ilmneb kuni kahe aasta jooksul, alates kauba \u00fcleandmisest ostjale. Sellest esimese kuue kuu jooksul asja \u00fcleandmisest ostjale eeldatakse, et puudus oli olemas juba asja \u00fcleandmise ajal. Vastava eelduse \u00fcmberl\u00fckkamine on Veebipoe kohustus.<\/li>\n<li>Ostjal on \u00f5igus puuduse ilmnemisel p\u00f6\u00f6rduda hiljemalt kahe kuu jooksul veebipoe poole, saates e-kirja aadressile\u00a0info@beebipai.ee<\/li>\n<li>Veebipood ei vastuta puuduste eest, mis on tekkinud p\u00e4rast kauba \u00fcleandmist ostjale.<\/li>\n<li>Kui Veebipoest ostetud kaubal on puudused, mille eest Veebipood vastutab, parandab v\u00f5i asendab Veebipood puudusega kauba. Kui kaupa ei ole v\u00f5imalik parandada ega asendada, tagastab Veebipood ostjale k\u00f5ik m\u00fc\u00fcgilepinguga kaasnenud tasud.<\/li>\n<li>Veebipood vastab tarbija esitatud kaebusele kirjalikult v\u00f5i kirjalikku taasesitamist v\u00f5imaldavas vormis 15 p\u00e4eva jooksul.<\/li>\n<\/ul>\n<p><strong>Vaidluste lahendamine<\/strong><\/p>\n<ul>\n<li>Kui ostjal on Veebipoe osas pretensioone, tuleb need saata e-kirja aadressile\u00a0info@beebipai.ee<\/li>\n<li>Kui ostja ja Veebipood ei suuda lahenda vaidlust kokkuleppe teel, siis on ostjal v\u00f5imalik<br \/>\np\u00f6\u00f6rduda Tarbijavaidluste komisjoni poole. Tarbijavaidluste komisjoni p\u00e4devuses on lahendada ostja ja Veebipoe vahel s\u00f5lmitud lepingust tulenevaid vaidlusi. Ostja kaebuse l\u00e4bivaatamine komisjonis on tasuta.<\/li>\n<li>Ostja v\u00f5ib p\u00f6\u00f6rduda Euroopa Liidu tarbijavaidlusi lahendava platvormi poole.<\/li>\n<\/ul>\n<p><strong>Privaatsuspoliitika<\/strong><\/p>\n<ul>\n<li>Klient annab M\u00fc\u00fcjale selge ja teadliku n\u00f5usoleku oma isikuandmete t\u00f6\u00f6tlemiseks.<\/li>\n<li>M\u00fc\u00fcjale teatavaks saanud isikuandmed kantakse kliendiregistrisse ja neid kasutatakse m\u00fc\u00fcgiteenuse osutamiseks ja Kliendile kauba pakkumiseks.<\/li>\n<li>M\u00fc\u00fcja s\u00e4ilitab Kliendi kohta ostude sooritamise k\u00e4igus Kliendi poolt sisestatud kontaktandmed ja info sooritatud ostude kohta. Seda infot k\u00e4sitletakse konfidentsiaalsena ja t\u00f6\u00f6deldakse koosk\u00f5las isikuandmete kaitse seadusega. Isikuandmed, mis on vajalikud toodete Kliendile saatmiseks, edastakse kulleriteenust osutavale ettev\u00f5ttele.<\/li>\n<li>Makse teostamine toimub v\u00e4ljaspool E-poe keskkonda, vastava panga v\u00f5i teenusepakkuja turvalises maksekeskkonnas. E-poel puudub ligip\u00e4\u00e4s Kliendi pangaandmetele ja krediitkaardi andmetele.<\/li>\n<li>M\u00fc\u00fcja v\u00f5ib kasutada Kliendi isikuandmeid Kliendile eripakkumiste ja kampaaniate kohta info saatmiseks e-posti teel \u00fcksnes juhul, kui Klient on andnud selleks oma n\u00f5usoleku.<\/li>\n<li>Andmeside Kliendi ja pankade ning kaardimaksekeskuse vahel on kr\u00fcpteeritud, mis tagab Kliendi isikuandmete ja pangaandmete turvalisuse.<\/li>\n<li>Veebipood kasutab ostja poolt sisestatud isikuandmeid (sh nimi, telefoninumber, aadress, e-maili<br \/>\naadress, pangarekvisiidid) ainult tellimuse t\u00f6\u00f6tlemiseks ning kauba ostjale saatmiseks.<\/li>\n<li>Veebipood edastab isikuandmeid veoteenust pakkuvale ettev\u00f5tetele selleks, et kohale toimetada kaupa.<\/li>\n<li>Veebipood saadab ostjale uudiskirju ning pakkumisi ostja e-maili aadressile ainult juhul, kui ostja on selleks avaldanud soovi sisestades veebilehel e-kirja aadressi ning andnud teada oma soovist otsepostituse teadete saamiseks.<\/li>\n<li>Ostjal on igal ajal v\u00f5imalik loobuda e-postile saadetavatest pakkumistest ja uudiskirjadest andes sellest meile teada e-kirja teel\u00a0info@beebipai.ee\u00a0v\u00f5i j\u00e4rgides pakkumisi sisaldava e-kirjas toodud juhiseid.<\/li>\n<\/ul>","protected":false},"excerpt":{"rendered":"<p>E-poe tingimused Veebipoe Beebipai (edaspidi Veebipood) omanik on Markmer O\u00dc (registrikood 16287073 ), asukohaga Kadaka tee 35 M\u00fc\u00fcgilepingu kehtivus, kauba- ja hinnainfo M\u00fc\u00fcgitingimused kehtivad Veebipoest kaupade ostmisel. Veebipoes m\u00fc\u00fcdavate toodete hinnad on m\u00e4rgitud toodete juurde. Hinnale lisandub tasu kauba k\u00e4ttetoimetamise eest. Kauba k\u00e4ttetoimetamise tasu s\u00f5ltub ostja asukohast ning k\u00e4ttetoimetamise viisist. K\u00e4ttetoimetamise tasu kuvatakse ostjale tellimuse [&hellip;]<\/p>\n","protected":false},"author":1,"featured_media":0,"parent":0,"menu_order":0,"comment_status":"closed","ping_status":"closed","template":"","meta":{"_monsterinsights_skip_tracking":false,"_monsterinsights_sitenote_active":false,"_monsterinsights_sitenote_note":"","_monsterinsights_sitenote_category":0,"site-sidebar-layout":"default","site-content-layout":"default","ast-site-content-layout":"default","site-content-style":"default","site-sidebar-style":"default","ast-global-header-display":"","ast-banner-title-visibility":"","ast-main-header-display":"","ast-hfb-above-header-display":"","ast-hfb-below-header-display":"","ast-hfb-mobile-header-display":"","site-post-title":"","ast-breadcrumbs-content":"","ast-featured-img":"","footer-sml-layout":"","ast-disable-related-posts":"","theme-transparent-header-meta":"default","adv-header-id-meta":"","stick-header-meta":"","header-above-stick-meta":"","header-main-stick-meta":"","header-below-stick-meta":"","astra-migrate-meta-layouts":"set","ast-page-background-enabled":"default","ast-page-background-meta":{"desktop":{"background-color":"","background-image":"","background-repeat":"repeat","background-position":"center center","background-size":"auto","background-attachment":"scroll","background-type":"","background-media":"","overlay-type":"","overlay-color":"","overlay-opacity":"","overlay-gradient":""},"tablet":{"background-color":"","background-image":"","background-repeat":"repeat","background-position":"center center","background-size":"auto","background-attachment":"scroll","background-type":"","background-media":"","overlay-type":"","overlay-color":"","overlay-opacity":"","overlay-gradient":""},"mobile":{"background-color":"","background-image":"","background-repeat":"repeat","background-position":"center center","background-size":"auto","background-attachment":"scroll","background-type":"","background-media":"","overlay-type":"","overlay-color":"","overlay-opacity":"","overlay-gradient":""}},"ast-content-background-meta":{"desktop":{"background-color":"var(--ast-global-color-5)","background-image":"","background-repeat":"repeat","background-position":"center center","background-size":"auto","background-attachment":"scroll","background-type":"","background-media":"","overlay-type":"","overlay-color":"","overlay-opacity":"","overlay-gradient":""},"tablet":{"background-color":"var(--ast-global-color-5)","background-image":"","background-repeat":"repeat","background-position":"center center","background-size":"auto","background-attachment":"scroll","background-type":"","background-media":"","overlay-type":"","overlay-color":"","overlay-opacity":"","overlay-gradient":""},"mobile":{"background-color":"var(--ast-global-color-5)","background-image":"","background-repeat":"repeat","background-position":"center center","background-size":"auto","background-attachment":"scroll","background-type":"","background-media":"","overlay-type":"","overlay-color":"","overlay-opacity":"","overlay-gradient":""}},"footnotes":""},"class_list":["post-3243","page","type-page","status-publish","hentry"],"yoast_head":"<!-- This site is optimized with the Yoast SEO plugin v27.4 - https:\/\/yoast.com\/product\/yoast-seo-wordpress\/ -->\n<title>E-poe m\u00fc\u00fcgitingimused - Beebipai<\/title>\n<meta name=\"robots\" content=\"index, follow, max-snippet:-1, max-image-preview:large, max-video-preview:-1\" \/>\n<link rel=\"canonical\" href=\"https:\/\/beebipai.ee\/lv\/e-poe-muugitingimused\/\" \/>\n<meta property=\"og:locale\" content=\"lv_LV\" \/>\n<meta property=\"og:type\" content=\"article\" \/>\n<meta property=\"og:title\" content=\"E-poe m\u00fc\u00fcgitingimused - Beebipai\" \/>\n<meta property=\"og:description\" content=\"E-poe tingimused Veebipoe Beebipai (edaspidi Veebipood) omanik on Markmer O\u00dc (registrikood 16287073 ), asukohaga Kadaka tee 35 M\u00fc\u00fcgilepingu kehtivus, kauba- ja hinnainfo M\u00fc\u00fcgitingimused kehtivad Veebipoest kaupade ostmisel. Veebipoes m\u00fc\u00fcdavate toodete hinnad on m\u00e4rgitud toodete juurde. Hinnale lisandub tasu kauba k\u00e4ttetoimetamise eest. Kauba k\u00e4ttetoimetamise tasu s\u00f5ltub ostja asukohast ning k\u00e4ttetoimetamise viisist. K\u00e4ttetoimetamise tasu kuvatakse ostjale tellimuse [&hellip;]\" \/>\n<meta property=\"og:url\" content=\"https:\/\/beebipai.ee\/lv\/e-poe-muugitingimused\/\" \/>\n<meta property=\"og:site_name\" content=\"Beebipai\" \/>\n<meta property=\"article:modified_time\" content=\"2024-08-04T12:25:38+00:00\" \/>\n<meta name=\"twitter:card\" content=\"summary_large_image\" \/>\n<meta name=\"twitter:label1\" content=\"Est. reading time\" \/>\n\t<meta name=\"twitter:data1\" content=\"5 min\u016btes\" \/>\n<script type=\"application\/ld+json\" class=\"yoast-schema-graph\">{\"@context\":\"https:\\\/\\\/schema.org\",\"@graph\":[{\"@type\":\"WebPage\",\"@id\":\"https:\\\/\\\/beebipai.ee\\\/e-poe-muugitingimused\\\/\",\"url\":\"https:\\\/\\\/beebipai.ee\\\/e-poe-muugitingimused\\\/\",\"name\":\"E-poe m\u00fc\u00fcgitingimused - Beebipai\",\"isPartOf\":{\"@id\":\"https:\\\/\\\/beebipai.ee\\\/en\\\/#website\"},\"datePublished\":\"2022-04-06T11:08:54+00:00\",\"dateModified\":\"2024-08-04T12:25:38+00:00\",\"breadcrumb\":{\"@id\":\"https:\\\/\\\/beebipai.ee\\\/e-poe-muugitingimused\\\/#breadcrumb\"},\"inLanguage\":\"lv-LV\",\"potentialAction\":[{\"@type\":\"ReadAction\",\"target\":[\"https:\\\/\\\/beebipai.ee\\\/e-poe-muugitingimused\\\/\"]}]},{\"@type\":\"BreadcrumbList\",\"@id\":\"https:\\\/\\\/beebipai.ee\\\/e-poe-muugitingimused\\\/#breadcrumb\",\"itemListElement\":[{\"@type\":\"ListItem\",\"position\":1,\"name\":\"Home\",\"item\":\"https:\\\/\\\/beebipai.ee\\\/\"},{\"@type\":\"ListItem\",\"position\":2,\"name\":\"E-poe m\u00fc\u00fcgitingimused\"}]},{\"@type\":\"WebSite\",\"@id\":\"https:\\\/\\\/beebipai.ee\\\/en\\\/#website\",\"url\":\"https:\\\/\\\/beebipai.ee\\\/en\\\/\",\"name\":\"Beebipai\",\"description\":\"Rasedate ja beebide veebipood\",\"potentialAction\":[{\"@type\":\"SearchAction\",\"target\":{\"@type\":\"EntryPoint\",\"urlTemplate\":\"https:\\\/\\\/beebipai.ee\\\/en\\\/?s={search_term_string}\"},\"query-input\":{\"@type\":\"PropertyValueSpecification\",\"valueRequired\":true,\"valueName\":\"search_term_string\"}}],\"inLanguage\":\"lv-LV\"}]}<\/script>\n<!-- \/ Yoast SEO plugin. -->","yoast_head_json":{"title":"E-poe m\u00fc\u00fcgitingimused - Beebipai","robots":{"index":"index","follow":"follow","max-snippet":"max-snippet:-1","max-image-preview":"max-image-preview:large","max-video-preview":"max-video-preview:-1"},"canonical":"https:\/\/beebipai.ee\/lv\/e-poe-muugitingimused\/","og_locale":"lv_LV","og_type":"article","og_title":"E-poe m\u00fc\u00fcgitingimused - Beebipai","og_description":"E-poe tingimused Veebipoe Beebipai (edaspidi Veebipood) omanik on Markmer O\u00dc (registrikood 16287073 ), asukohaga Kadaka tee 35 M\u00fc\u00fcgilepingu kehtivus, kauba- ja hinnainfo M\u00fc\u00fcgitingimused kehtivad Veebipoest kaupade ostmisel. Veebipoes m\u00fc\u00fcdavate toodete hinnad on m\u00e4rgitud toodete juurde. Hinnale lisandub tasu kauba k\u00e4ttetoimetamise eest. Kauba k\u00e4ttetoimetamise tasu s\u00f5ltub ostja asukohast ning k\u00e4ttetoimetamise viisist. K\u00e4ttetoimetamise tasu kuvatakse ostjale tellimuse [&hellip;]","og_url":"https:\/\/beebipai.ee\/lv\/e-poe-muugitingimused\/","og_site_name":"Beebipai","article_modified_time":"2024-08-04T12:25:38+00:00","twitter_card":"summary_large_image","twitter_misc":{"Est. reading time":"5 min\u016btes"},"schema":{"@context":"https:\/\/schema.org","@graph":[{"@type":"WebPage","@id":"https:\/\/beebipai.ee\/e-poe-muugitingimused\/","url":"https:\/\/beebipai.ee\/e-poe-muugitingimused\/","name":"E-poe m\u00fc\u00fcgitingimused - Beebipai","isPartOf":{"@id":"https:\/\/beebipai.ee\/en\/#website"},"datePublished":"2022-04-06T11:08:54+00:00","dateModified":"2024-08-04T12:25:38+00:00","breadcrumb":{"@id":"https:\/\/beebipai.ee\/e-poe-muugitingimused\/#breadcrumb"},"inLanguage":"lv-LV","potentialAction":[{"@type":"ReadAction","target":["https:\/\/beebipai.ee\/e-poe-muugitingimused\/"]}]},{"@type":"BreadcrumbList","@id":"https:\/\/beebipai.ee\/e-poe-muugitingimused\/#breadcrumb","itemListElement":[{"@type":"ListItem","position":1,"name":"Home","item":"https:\/\/beebipai.ee\/"},{"@type":"ListItem","position":2,"name":"E-poe m\u00fc\u00fcgitingimused"}]},{"@type":"WebSite","@id":"https:\/\/beebipai.ee\/en\/#website","url":"https:\/\/beebipai.ee\/en\/","name":"Beebipai","description":"Rasedate ja beebide veebipood","potentialAction":[{"@type":"SearchAction","target":{"@type":"EntryPoint","urlTemplate":"https:\/\/beebipai.ee\/en\/?s={search_term_string}"},"query-input":{"@type":"PropertyValueSpecification","valueRequired":true,"valueName":"search_term_string"}}],"inLanguage":"lv-LV"}]}},"_links":{"self":[{"href":"https:\/\/beebipai.ee\/lv\/wp-json\/wp\/v2\/pages\/3243","targetHints":{"allow":["GET"]}}],"collection":[{"href":"https:\/\/beebipai.ee\/lv\/wp-json\/wp\/v2\/pages"}],"about":[{"href":"https:\/\/beebipai.ee\/lv\/wp-json\/wp\/v2\/types\/page"}],"author":[{"embeddable":true,"href":"https:\/\/beebipai.ee\/lv\/wp-json\/wp\/v2\/users\/1"}],"replies":[{"embeddable":true,"href":"https:\/\/beebipai.ee\/lv\/wp-json\/wp\/v2\/comments?post=3243"}],"version-history":[{"count":5,"href":"https:\/\/beebipai.ee\/lv\/wp-json\/wp\/v2\/pages\/3243\/revisions"}],"predecessor-version":[{"id":11183,"href":"https:\/\/beebipai.ee\/lv\/wp-json\/wp\/v2\/pages\/3243\/revisions\/11183"}],"wp:attachment":[{"href":"https:\/\/beebipai.ee\/lv\/wp-json\/wp\/v2\/media?parent=3243"}],"curies":[{"name":"wp","href":"https:\/\/api.w.org\/{rel}","templated":true}]}}