{"id":2906,"date":"2017-12-17T06:31:19","date_gmt":"2017-12-17T06:31:19","guid":{"rendered":"https:\/\/beebipai.ee\/home\/"},"modified":"2025-03-10T13:50:40","modified_gmt":"2025-03-10T11:50:40","slug":"home","status":"publish","type":"page","link":"https:\/\/beebipai.ee\/lv\/","title":{"rendered":"M\u0101jas lapa"},"content":{"rendered":"<div data-elementor-type=\"wp-page\" data-elementor-id=\"2906\" class=\"elementor elementor-2906\">\n\t\t\t\t\t\t<section class=\"elementor-section elementor-top-section elementor-element elementor-element-5ffd1adc elementor-section-boxed elementor-section-height-default elementor-section-height-default\" data-id=\"5ffd1adc\" data-element_type=\"section\" data-e-type=\"section\" data-settings=\"{&quot;background_background&quot;:&quot;classic&quot;}\">\n\t\t\t\t\t\t\t<div class=\"elementor-background-overlay\"><\/div>\n\t\t\t\t\t\t\t<div class=\"elementor-container elementor-column-gap-default\">\n\t\t\t\t\t<div class=\"elementor-column elementor-col-100 elementor-top-column elementor-element elementor-element-52a255f1\" data-id=\"52a255f1\" data-element_type=\"column\" data-e-type=\"column\">\n\t\t\t<div class=\"elementor-widget-wrap elementor-element-populated\">\n\t\t\t\t\t\t<div class=\"elementor-element elementor-element-110fbd5 elementor-invisible elementor-widget elementor-widget-heading\" data-id=\"110fbd5\" data-element_type=\"widget\" data-e-type=\"widget\" data-settings=\"{&quot;_animation&quot;:&quot;fadeIn&quot;,&quot;_animation_delay&quot;:600}\" data-widget_type=\"heading.default\">\n\t\t\t\t<div class=\"elementor-widget-container\">\n\t\t\t\t\t<h1 class=\"elementor-heading-title elementor-size-default\">Beebipai<\/h1>\t\t\t\t<\/div>\n\t\t\t\t<\/div>\n\t\t\t\t<div class=\"elementor-element elementor-element-03c864f elementor-invisible elementor-widget elementor-widget-heading\" data-id=\"03c864f\" data-element_type=\"widget\" data-e-type=\"widget\" data-settings=\"{&quot;_animation&quot;:&quot;fadeIn&quot;,&quot;_animation_delay&quot;:700}\" data-widget_type=\"heading.default\">\n\t\t\t\t<div class=\"elementor-widget-container\">\n\t\t\t\t\t<h3 class=\"elementor-heading-title elementor-size-default\">R\u016bp\u0113joties par tevi un tavu mazuli<\/h3>\t\t\t\t<\/div>\n\t\t\t\t<\/div>\n\t\t\t\t<div class=\"elementor-element elementor-element-78ab79a elementor-align-left elementor-mobile-align-justify elementor-tablet-align-left elementor-widget__width-auto elementor-widget-mobile__width-inherit elementor-button-success elementor-widget elementor-widget-button\" data-id=\"78ab79a\" data-element_type=\"widget\" data-e-type=\"widget\" data-widget_type=\"button.default\">\n\t\t\t\t<div class=\"elementor-widget-container\">\n\t\t\t\t\t\t\t\t\t<div class=\"elementor-button-wrapper\">\n\t\t\t\t\t<a class=\"elementor-button elementor-button-link elementor-size-md\" href=\"https:\/\/beebipai.ee\/lv\/store\/\">\n\t\t\t\t\t\t<span class=\"elementor-button-content-wrapper\">\n\t\t\t\t\t\t<span class=\"elementor-button-icon\">\n\t\t\t\t<i aria-hidden=\"true\" class=\"fas fa-shopping-cart\"><\/i>\t\t\t<\/span>\n\t\t\t\t\t\t\t\t\t<span class=\"elementor-button-text\">Paskaties uz veikalu<\/span>\n\t\t\t\t\t<\/span>\n\t\t\t\t\t<\/a>\n\t\t\t\t<\/div>\n\t\t\t\t\t\t\t\t<\/div>\n\t\t\t\t<\/div>\n\t\t\t\t\t<\/div>\n\t\t<\/div>\n\t\t\t\t\t<\/div>\n\t\t<\/section>\n\t\t\t\t<section class=\"elementor-section elementor-top-section elementor-element elementor-element-68dd4f8 elementor-section-boxed elementor-section-height-default elementor-section-height-default\" data-id=\"68dd4f8\" data-element_type=\"section\" data-e-type=\"section\">\n\t\t\t\t\t\t<div class=\"elementor-container elementor-column-gap-default\">\n\t\t\t\t\t<div class=\"elementor-column elementor-col-50 elementor-top-column elementor-element elementor-element-450d140\" data-id=\"450d140\" data-element_type=\"column\" data-e-type=\"column\">\n\t\t\t<div class=\"elementor-widget-wrap elementor-element-populated\">\n\t\t\t\t\t\t<div class=\"elementor-element elementor-element-a3e2de4 elementor-widget elementor-widget-image\" data-id=\"a3e2de4\" data-element_type=\"widget\" data-e-type=\"widget\" data-widget_type=\"image.default\">\n\t\t\t\t<div class=\"elementor-widget-container\">\n\t\t\t\t\t\t\t\t\t\t\t\t\t\t\t<img fetchpriority=\"high\" decoding=\"async\" width=\"1024\" height=\"683\" src=\"https:\/\/beebipai.ee\/wp-content\/uploads\/2022\/03\/rase-1024x683.jpg\" class=\"attachment-large size-large wp-image-2940\" alt=\"\" srcset=\"https:\/\/beebipai.ee\/wp-content\/uploads\/2022\/03\/rase-1024x683.jpg 1024w, https:\/\/beebipai.ee\/wp-content\/uploads\/2022\/03\/rase-300x200.jpg 300w, https:\/\/beebipai.ee\/wp-content\/uploads\/2022\/03\/rase-768x512.jpg 768w, https:\/\/beebipai.ee\/wp-content\/uploads\/2022\/03\/rase-1536x1024.jpg 1536w, https:\/\/beebipai.ee\/wp-content\/uploads\/2022\/03\/rase-2048x1365.jpg 2048w, https:\/\/beebipai.ee\/wp-content\/uploads\/2022\/03\/rase-600x400.jpg 600w\" sizes=\"(max-width: 1024px) 100vw, 1024px\" \/>\t\t\t\t\t\t\t\t\t\t\t\t\t\t\t<\/div>\n\t\t\t\t<\/div>\n\t\t\t\t<div class=\"elementor-element elementor-element-3a92a88 elementor-widget elementor-widget-text-editor\" data-id=\"3a92a88\" data-element_type=\"widget\" data-e-type=\"widget\" data-widget_type=\"text-editor.default\">\n\t\t\t\t<div class=\"elementor-widget-container\">\n\t\t\t\t\t\t\t\t\t<p>K\u00f5ik vajalik beebit ootavale ja imetavale emale<\/p>\t\t\t\t\t\t\t\t<\/div>\n\t\t\t\t<\/div>\n\t\t\t\t<div class=\"elementor-element elementor-element-09c8f06 elementor-widget elementor-widget-button\" data-id=\"09c8f06\" data-element_type=\"widget\" data-e-type=\"widget\" data-widget_type=\"button.default\">\n\t\t\t\t<div class=\"elementor-widget-container\">\n\t\t\t\t\t\t\t\t\t<div class=\"elementor-button-wrapper\">\n\t\t\t\t\t<a class=\"elementor-button elementor-button-link elementor-size-lg\" href=\"https:\/\/beebipai.ee\/lv\/product-category\/emale\/\">\n\t\t\t\t\t\t<span class=\"elementor-button-content-wrapper\">\n\t\t\t\t\t\t\t\t\t<span class=\"elementor-button-text\">Paskaties uz veikalu<\/span>\n\t\t\t\t\t<\/span>\n\t\t\t\t\t<\/a>\n\t\t\t\t<\/div>\n\t\t\t\t\t\t\t\t<\/div>\n\t\t\t\t<\/div>\n\t\t\t\t\t<\/div>\n\t\t<\/div>\n\t\t\t\t<div class=\"elementor-column elementor-col-50 elementor-top-column elementor-element elementor-element-4dfe142\" data-id=\"4dfe142\" data-element_type=\"column\" data-e-type=\"column\">\n\t\t\t<div class=\"elementor-widget-wrap elementor-element-populated\">\n\t\t\t\t\t\t<div class=\"elementor-element elementor-element-7619ea3 elementor-widget elementor-widget-image\" data-id=\"7619ea3\" data-element_type=\"widget\" data-e-type=\"widget\" data-widget_type=\"image.default\">\n\t\t\t\t<div class=\"elementor-widget-container\">\n\t\t\t\t\t\t\t\t\t\t\t\t\t\t\t<img decoding=\"async\" width=\"1024\" height=\"683\" src=\"https:\/\/beebipai.ee\/wp-content\/uploads\/2022\/03\/046-1-1024x683.jpg\" class=\"attachment-large size-large wp-image-2929\" alt=\"\" srcset=\"https:\/\/beebipai.ee\/wp-content\/uploads\/2022\/03\/046-1-1024x683.jpg 1024w, https:\/\/beebipai.ee\/wp-content\/uploads\/2022\/03\/046-1-300x200.jpg 300w, https:\/\/beebipai.ee\/wp-content\/uploads\/2022\/03\/046-1-768x512.jpg 768w, https:\/\/beebipai.ee\/wp-content\/uploads\/2022\/03\/046-1-1536x1024.jpg 1536w, https:\/\/beebipai.ee\/wp-content\/uploads\/2022\/03\/046-1-e1698222386592.jpg 600w\" sizes=\"(max-width: 1024px) 100vw, 1024px\" \/>\t\t\t\t\t\t\t\t\t\t\t\t\t\t\t<\/div>\n\t\t\t\t<\/div>\n\t\t\t\t<div class=\"elementor-element elementor-element-6b1c5a9 elementor-widget elementor-widget-text-editor\" data-id=\"6b1c5a9\" data-element_type=\"widget\" data-e-type=\"widget\" data-widget_type=\"text-editor.default\">\n\t\t\t\t<div class=\"elementor-widget-container\">\n\t\t\t\t\t\t\t\t\t<p>K\u00f5ik vajalik beebile m\u00f5nusaks ja turvaliseks kasvamiseks<\/p>\t\t\t\t\t\t\t\t<\/div>\n\t\t\t\t<\/div>\n\t\t\t\t<div class=\"elementor-element elementor-element-d3144a1 elementor-widget elementor-widget-button\" data-id=\"d3144a1\" data-element_type=\"widget\" data-e-type=\"widget\" data-widget_type=\"button.default\">\n\t\t\t\t<div class=\"elementor-widget-container\">\n\t\t\t\t\t\t\t\t\t<div class=\"elementor-button-wrapper\">\n\t\t\t\t\t<a class=\"elementor-button elementor-button-link elementor-size-lg\" href=\"https:\/\/beebipai.ee\/lv\/product-category\/beebile\/\">\n\t\t\t\t\t\t<span class=\"elementor-button-content-wrapper\">\n\t\t\t\t\t\t\t\t\t<span class=\"elementor-button-text\">Paskaties uz veikalu<\/span>\n\t\t\t\t\t<\/span>\n\t\t\t\t\t<\/a>\n\t\t\t\t<\/div>\n\t\t\t\t\t\t\t\t<\/div>\n\t\t\t\t<\/div>\n\t\t\t\t\t<\/div>\n\t\t<\/div>\n\t\t\t\t\t<\/div>\n\t\t<\/section>\n\t\t\t\t<\/div>","protected":false},"excerpt":{"rendered":"<p>Beebipai Hoolides Sinust ja Sinu beebist Vaata poodi K\u00f5ik vajalik beebit ootavale ja imetavale emale Vaata poodi K\u00f5ik vajalik beebile m\u00f5nusaks ja turvaliseks kasvamiseks Vaata poodi<\/p>","protected":false},"author":1,"featured_media":0,"parent":0,"menu_order":0,"comment_status":"closed","ping_status":"closed","template":"","meta":{"_monsterinsights_skip_tracking":false,"_monsterinsights_sitenote_active":false,"_monsterinsights_sitenote_note":"","_monsterinsights_sitenote_category":0,"site-sidebar-layout":"no-sidebar","site-content-layout":"page-builder","ast-site-content-layout":"full-width-container","site-content-style":"unboxed","site-sidebar-style":"unboxed","ast-global-header-display":"","ast-banner-title-visibility":"","ast-main-header-display":"","ast-hfb-above-header-display":"","ast-hfb-below-header-display":"","ast-hfb-mobile-header-display":"","site-post-title":"disabled","ast-breadcrumbs-content":"","ast-featured-img":"disabled","footer-sml-layout":"","ast-disable-related-posts":"","theme-transparent-header-meta":"enabled","adv-header-id-meta":"","stick-header-meta":"","header-above-stick-meta":"","header-main-stick-meta":"","header-below-stick-meta":"","astra-migrate-meta-layouts":"set","ast-page-background-enabled":"default","ast-page-background-meta":{"desktop":{"background-color":"","background-image":"","background-repeat":"repeat","background-position":"center center","background-size":"auto","background-attachment":"scroll","background-type":"","background-media":"","overlay-type":"","overlay-color":"","overlay-opacity":"","overlay-gradient":""},"tablet":{"background-color":"","background-image":"","background-repeat":"repeat","background-position":"center center","background-size":"auto","background-attachment":"scroll","background-type":"","background-media":"","overlay-type":"","overlay-color":"","overlay-opacity":"","overlay-gradient":""},"mobile":{"background-color":"","background-image":"","background-repeat":"repeat","background-position":"center center","background-size":"auto","background-attachment":"scroll","background-type":"","background-media":"","overlay-type":"","overlay-color":"","overlay-opacity":"","overlay-gradient":""}},"ast-content-background-meta":{"desktop":{"background-color":"var(--ast-global-color-5)","background-image":"","background-repeat":"repeat","background-position":"center center","background-size":"auto","background-attachment":"scroll","background-type":"","background-media":"","overlay-type":"","overlay-color":"","overlay-opacity":"","overlay-gradient":""},"tablet":{"background-color":"var(--ast-global-color-5)","background-image":"","background-repeat":"repeat","background-position":"center center","background-size":"auto","background-attachment":"scroll","background-type":"","background-media":"","overlay-type":"","overlay-color":"","overlay-opacity":"","overlay-gradient":""},"mobile":{"background-color":"var(--ast-global-color-5)","background-image":"","background-repeat":"repeat","background-position":"center center","background-size":"auto","background-attachment":"scroll","background-type":"","background-media":"","overlay-type":"","overlay-color":"","overlay-opacity":"","overlay-gradient":""}},"footnotes":""},"class_list":["post-2906","page","type-page","status-publish","hentry"],"yoast_head":"<!-- This site is optimized with the Yoast SEO plugin v27.4 - https:\/\/yoast.com\/product\/yoast-seo-wordpress\/ -->\n<title>Avaleht - Beebipai<\/title>\n<meta name=\"description\" content=\"Beebipai pakub k\u00f5ike vajalikku raseduse ajaks. Beebipaist leiad vajalikud asjad ka beebile. Vaata Beebipai veebipoodi\" \/>\n<meta name=\"robots\" content=\"index, follow, max-snippet:-1, max-image-preview:large, max-video-preview:-1\" \/>\n<link rel=\"canonical\" href=\"https:\/\/beebipai.ee\/lv\/\" \/>\n<meta property=\"og:locale\" content=\"lv_LV\" \/>\n<meta property=\"og:type\" content=\"article\" \/>\n<meta property=\"og:title\" content=\"Avaleht - Beebipai\" \/>\n<meta property=\"og:description\" content=\"Beebipai pakub k\u00f5ike vajalikku raseduse ajaks. Beebipaist leiad vajalikud asjad ka beebile. Vaata Beebipai veebipoodi\" \/>\n<meta property=\"og:url\" content=\"https:\/\/beebipai.ee\/lv\/\" \/>\n<meta property=\"og:site_name\" content=\"Beebipai\" \/>\n<meta property=\"article:modified_time\" content=\"2025-03-10T11:50:40+00:00\" \/>\n<meta property=\"og:image\" content=\"https:\/\/beebipai.ee\/wp-content\/uploads\/2022\/03\/rase.jpg\" \/>\n\t<meta property=\"og:image:width\" content=\"2508\" \/>\n\t<meta property=\"og:image:height\" content=\"1672\" \/>\n\t<meta property=\"og:image:type\" content=\"image\/jpeg\" \/>\n<meta name=\"twitter:card\" content=\"summary_large_image\" \/>\n<meta name=\"twitter:label1\" content=\"Est. reading time\" \/>\n\t<meta name=\"twitter:data1\" content=\"1 min\u016bte\" \/>\n<script type=\"application\/ld+json\" class=\"yoast-schema-graph\">{\"@context\":\"https:\\\/\\\/schema.org\",\"@graph\":[{\"@type\":\"WebPage\",\"@id\":\"https:\\\/\\\/beebipai.ee\\\/\",\"url\":\"https:\\\/\\\/beebipai.ee\\\/\",\"name\":\"Avaleht - Beebipai\",\"isPartOf\":{\"@id\":\"https:\\\/\\\/beebipai.ee\\\/en\\\/#website\"},\"primaryImageOfPage\":{\"@id\":\"https:\\\/\\\/beebipai.ee\\\/#primaryimage\"},\"image\":{\"@id\":\"https:\\\/\\\/beebipai.ee\\\/#primaryimage\"},\"thumbnailUrl\":\"https:\\\/\\\/beebipai.ee\\\/wp-content\\\/uploads\\\/2022\\\/03\\\/rase-1024x683.jpg\",\"datePublished\":\"2017-12-17T06:31:19+00:00\",\"dateModified\":\"2025-03-10T11:50:40+00:00\",\"description\":\"Beebipai pakub k\u00f5ike vajalikku raseduse ajaks. Beebipaist leiad vajalikud asjad ka beebile. Vaata Beebipai veebipoodi\",\"breadcrumb\":{\"@id\":\"https:\\\/\\\/beebipai.ee\\\/#breadcrumb\"},\"inLanguage\":\"lv-LV\",\"potentialAction\":[{\"@type\":\"ReadAction\",\"target\":[\"https:\\\/\\\/beebipai.ee\\\/\"]}]},{\"@type\":\"ImageObject\",\"inLanguage\":\"lv-LV\",\"@id\":\"https:\\\/\\\/beebipai.ee\\\/#primaryimage\",\"url\":\"https:\\\/\\\/beebipai.ee\\\/wp-content\\\/uploads\\\/2022\\\/03\\\/rase-1024x683.jpg\",\"contentUrl\":\"https:\\\/\\\/beebipai.ee\\\/wp-content\\\/uploads\\\/2022\\\/03\\\/rase-1024x683.jpg\"},{\"@type\":\"BreadcrumbList\",\"@id\":\"https:\\\/\\\/beebipai.ee\\\/#breadcrumb\",\"itemListElement\":[{\"@type\":\"ListItem\",\"position\":1,\"name\":\"Home\",\"item\":\"https:\\\/\\\/beebipai.ee\\\/\"},{\"@type\":\"ListItem\",\"position\":2,\"name\":\"Avaleht\"}]},{\"@type\":\"WebSite\",\"@id\":\"https:\\\/\\\/beebipai.ee\\\/en\\\/#website\",\"url\":\"https:\\\/\\\/beebipai.ee\\\/en\\\/\",\"name\":\"Beebipai\",\"description\":\"Rasedate ja beebide veebipood\",\"potentialAction\":[{\"@type\":\"SearchAction\",\"target\":{\"@type\":\"EntryPoint\",\"urlTemplate\":\"https:\\\/\\\/beebipai.ee\\\/en\\\/?s={search_term_string}\"},\"query-input\":{\"@type\":\"PropertyValueSpecification\",\"valueRequired\":true,\"valueName\":\"search_term_string\"}}],\"inLanguage\":\"lv-LV\"}]}<\/script>\n<!-- \/ Yoast SEO plugin. -->","yoast_head_json":{"title":"Avaleht - Beebipai","description":"Beebipai pakub k\u00f5ike vajalikku raseduse ajaks. Beebipaist leiad vajalikud asjad ka beebile. Vaata Beebipai veebipoodi","robots":{"index":"index","follow":"follow","max-snippet":"max-snippet:-1","max-image-preview":"max-image-preview:large","max-video-preview":"max-video-preview:-1"},"canonical":"https:\/\/beebipai.ee\/lv\/","og_locale":"lv_LV","og_type":"article","og_title":"Avaleht - Beebipai","og_description":"Beebipai pakub k\u00f5ike vajalikku raseduse ajaks. Beebipaist leiad vajalikud asjad ka beebile. Vaata Beebipai veebipoodi","og_url":"https:\/\/beebipai.ee\/lv\/","og_site_name":"Beebipai","article_modified_time":"2025-03-10T11:50:40+00:00","og_image":[{"width":2508,"height":1672,"url":"https:\/\/beebipai.ee\/wp-content\/uploads\/2022\/03\/rase.jpg","type":"image\/jpeg"}],"twitter_card":"summary_large_image","twitter_misc":{"Est. reading time":"1 min\u016bte"},"schema":{"@context":"https:\/\/schema.org","@graph":[{"@type":"WebPage","@id":"https:\/\/beebipai.ee\/","url":"https:\/\/beebipai.ee\/","name":"Avaleht - Beebipai","isPartOf":{"@id":"https:\/\/beebipai.ee\/en\/#website"},"primaryImageOfPage":{"@id":"https:\/\/beebipai.ee\/#primaryimage"},"image":{"@id":"https:\/\/beebipai.ee\/#primaryimage"},"thumbnailUrl":"https:\/\/beebipai.ee\/wp-content\/uploads\/2022\/03\/rase-1024x683.jpg","datePublished":"2017-12-17T06:31:19+00:00","dateModified":"2025-03-10T11:50:40+00:00","description":"Beebipai pakub k\u00f5ike vajalikku raseduse ajaks. Beebipaist leiad vajalikud asjad ka beebile. Vaata Beebipai veebipoodi","breadcrumb":{"@id":"https:\/\/beebipai.ee\/#breadcrumb"},"inLanguage":"lv-LV","potentialAction":[{"@type":"ReadAction","target":["https:\/\/beebipai.ee\/"]}]},{"@type":"ImageObject","inLanguage":"lv-LV","@id":"https:\/\/beebipai.ee\/#primaryimage","url":"https:\/\/beebipai.ee\/wp-content\/uploads\/2022\/03\/rase-1024x683.jpg","contentUrl":"https:\/\/beebipai.ee\/wp-content\/uploads\/2022\/03\/rase-1024x683.jpg"},{"@type":"BreadcrumbList","@id":"https:\/\/beebipai.ee\/#breadcrumb","itemListElement":[{"@type":"ListItem","position":1,"name":"Home","item":"https:\/\/beebipai.ee\/"},{"@type":"ListItem","position":2,"name":"Avaleht"}]},{"@type":"WebSite","@id":"https:\/\/beebipai.ee\/en\/#website","url":"https:\/\/beebipai.ee\/en\/","name":"Beebipai","description":"Rasedate ja beebide veebipood","potentialAction":[{"@type":"SearchAction","target":{"@type":"EntryPoint","urlTemplate":"https:\/\/beebipai.ee\/en\/?s={search_term_string}"},"query-input":{"@type":"PropertyValueSpecification","valueRequired":true,"valueName":"search_term_string"}}],"inLanguage":"lv-LV"}]}},"_links":{"self":[{"href":"https:\/\/beebipai.ee\/lv\/wp-json\/wp\/v2\/pages\/2906","targetHints":{"allow":["GET"]}}],"collection":[{"href":"https:\/\/beebipai.ee\/lv\/wp-json\/wp\/v2\/pages"}],"about":[{"href":"https:\/\/beebipai.ee\/lv\/wp-json\/wp\/v2\/types\/page"}],"author":[{"embeddable":true,"href":"https:\/\/beebipai.ee\/lv\/wp-json\/wp\/v2\/users\/1"}],"replies":[{"embeddable":true,"href":"https:\/\/beebipai.ee\/lv\/wp-json\/wp\/v2\/comments?post=2906"}],"version-history":[{"count":5,"href":"https:\/\/beebipai.ee\/lv\/wp-json\/wp\/v2\/pages\/2906\/revisions"}],"predecessor-version":[{"id":12333,"href":"https:\/\/beebipai.ee\/lv\/wp-json\/wp\/v2\/pages\/2906\/revisions\/12333"}],"wp:attachment":[{"href":"https:\/\/beebipai.ee\/lv\/wp-json\/wp\/v2\/media?parent=2906"}],"curies":[{"name":"wp","href":"https:\/\/api.w.org\/{rel}","templated":true}]}}