{"id":9844,"date":"2023-12-11T15:21:36","date_gmt":"2023-12-11T13:21:36","guid":{"rendered":"https:\/\/beebipai.ee\/?post_type=product&#038;p=9844"},"modified":"2025-10-08T11:00:47","modified_gmt":"2025-10-08T08:00:47","slug":"seraphine-3in1-lapsekandmise-talvemantel","status":"publish","type":"product","link":"https:\/\/beebipai.ee\/lt\/product\/seraphine-3in1-lapsekandmise-talvemantel\/","title":{"rendered":"Seraphine 3in1 lapsekandmise talvemantel"},"content":{"rendered":"<div data-elementor-type=\"wp-post\" data-elementor-id=\"9844\" class=\"elementor elementor-9844\">\n\t\t\t\t\t\t<section class=\"elementor-section elementor-top-section elementor-element elementor-element-eeb1c80 elementor-section-boxed elementor-section-height-default elementor-section-height-default\" data-id=\"eeb1c80\" data-element_type=\"section\" data-e-type=\"section\">\n\t\t\t\t\t\t<div class=\"elementor-container elementor-column-gap-default\">\n\t\t\t\t\t<div class=\"elementor-column elementor-col-50 elementor-top-column elementor-element elementor-element-343c942\" data-id=\"343c942\" data-element_type=\"column\" data-e-type=\"column\">\n\t\t\t<div class=\"elementor-widget-wrap elementor-element-populated\">\n\t\t\t\t\t\t<div class=\"elementor-element elementor-element-1740859 elementor-widget elementor-widget-heading\" data-id=\"1740859\" data-element_type=\"widget\" data-e-type=\"widget\" data-widget_type=\"heading.default\">\n\t\t\t\t<div class=\"elementor-widget-container\">\n\t\t\t\t\t<h2 class=\"elementor-heading-title elementor-size-default\">Seraphine udusulgedega lapsekandmise talvemantel<\/h2>\t\t\t\t<\/div>\n\t\t\t\t<\/div>\n\t\t\t\t<div class=\"elementor-element elementor-element-4319c97 elementor-widget elementor-widget-text-editor\" data-id=\"4319c97\" data-element_type=\"widget\" data-e-type=\"widget\" data-widget_type=\"text-editor.default\">\n\t\t\t\t<div class=\"elementor-widget-container\">\n\t\t\t\t\t\t\t\t\t<p>Seraphine udusulgedega lapsekandmise talvemantel hoiab Teid ja Teie lapse soojas ja kuivas ka k\u00f5ige kr\u00f5bedamatel talveilmadel. Eetiliselt toodetud udusulgedega t\u00e4idis on RDS sertifikaadiga. \u00c4\u00e4rmiselt sooja, tuule ja veekindel.\u00a0<\/p><p>Esmaklassiline veluurvooder t\u00e4ies ulatuses. Tuule- ja k\u00fclma kaitseks soonilised vastu nahka hoidvad varukad. Kapuuts ja kapuutsi karv eemaldatav. Nutikad t\u00f5mblukuga paneelid k\u00fclgedel, mis aitavad talvemantlit kohandada kasvava rasedusega. Taskud asjade hoiustamiseks.<\/p><p>Beebi kandmiseks kandelina v\u00f5i kandekotiga on lukkudega kinnitatav k\u00e4nguru paneel, mis on samuti vooderdatud pehme veluuriga. K\u00e4nguru paneel on venivate servadega, mis v\u00f5imaldab paneelil kohaneda lapse kasvades. K\u00e4ngurupaneeli all tuule-ja k\u00fclma t\u00f5kestuseks pingutusn\u00f6\u00f6r.<\/p><p>Talvemantel on v\u00e4ga universaalne, mist\u00f5ttu jagub teda aastateks. Ka siis kui k\u00f5hul kantav beebi ise juba ringi jookseb.\u00a0<\/p>\t\t\t\t\t\t\t\t<\/div>\n\t\t\t\t<\/div>\n\t\t\t\t\t<\/div>\n\t\t<\/div>\n\t\t\t\t<div class=\"elementor-column elementor-col-50 elementor-top-column elementor-element elementor-element-ea725ec\" data-id=\"ea725ec\" data-element_type=\"column\" data-e-type=\"column\">\n\t\t\t<div class=\"elementor-widget-wrap elementor-element-populated\">\n\t\t\t\t\t\t<div class=\"elementor-element elementor-element-919b20c elementor-widget elementor-widget-image\" data-id=\"919b20c\" data-element_type=\"widget\" data-e-type=\"widget\" data-widget_type=\"image.default\">\n\t\t\t\t<div class=\"elementor-widget-container\">\n\t\t\t\t\t\t\t\t\t\t\t\t\t\t\t<img fetchpriority=\"high\" decoding=\"async\" width=\"586\" height=\"750\" src=\"https:\/\/beebipai.ee\/wp-content\/uploads\/2023\/12\/Seraphine-talvemantel-1.jpg\" class=\"attachment-large size-large wp-image-9851\" alt=\"\" srcset=\"https:\/\/beebipai.ee\/wp-content\/uploads\/2023\/12\/Seraphine-talvemantel-1.jpg 586w, https:\/\/beebipai.ee\/wp-content\/uploads\/2023\/12\/Seraphine-talvemantel-1-234x300.jpg 234w, https:\/\/beebipai.ee\/wp-content\/uploads\/2023\/12\/Seraphine-talvemantel-1-9x12.jpg 9w\" sizes=\"(max-width: 586px) 100vw, 586px\" \/>\t\t\t\t\t\t\t\t\t\t\t\t\t\t\t<\/div>\n\t\t\t\t<\/div>\n\t\t\t\t\t<\/div>\n\t\t<\/div>\n\t\t\t\t\t<\/div>\n\t\t<\/section>\n\t\t\t\t<\/div>","protected":false},"excerpt":{"rendered":"<p>Seraphine 3in1 udusulgedega lapsekandmise talvemantel on ideaalne k\u00fclma trotsimiseks nii raseduse ajal, beebit kandelinas v\u00f5i k\u00f5hukotis kandes kui ka hiljem v\u00e4ikelast \u00f5ues taga ajades.<\/p>","protected":false},"featured_media":9850,"template":"","meta":{"_monsterinsights_skip_tracking":false,"_monsterinsights_sitenote_active":false,"_monsterinsights_sitenote_note":"","_monsterinsights_sitenote_category":0,"site-sidebar-layout":"no-sidebar","site-content-layout":"page-builder","ast-site-content-layout":"full-width-container","site-content-style":"default","site-sidebar-style":"default","ast-global-header-display":"","ast-banner-title-visibility":"","ast-main-header-display":"","ast-hfb-above-header-display":"","ast-hfb-below-header-display":"","ast-hfb-mobile-header-display":"","site-post-title":"disabled","ast-breadcrumbs-content":"","ast-featured-img":"disabled","footer-sml-layout":"","ast-disable-related-posts":"","theme-transparent-header-meta":"default","adv-header-id-meta":"","stick-header-meta":"","header-above-stick-meta":"","header-main-stick-meta":"","header-below-stick-meta":"","astra-migrate-meta-layouts":"set","ast-page-background-enabled":"default","ast-page-background-meta":{"desktop":{"background-color":"","background-image":"","background-repeat":"repeat","background-position":"center center","background-size":"auto","background-attachment":"scroll","background-type":"","background-media":"","overlay-type":"","overlay-color":"","overlay-opacity":"","overlay-gradient":""},"tablet":{"background-color":"","background-image":"","background-repeat":"repeat","background-position":"center center","background-size":"auto","background-attachment":"scroll","background-type":"","background-media":"","overlay-type":"","overlay-color":"","overlay-opacity":"","overlay-gradient":""},"mobile":{"background-color":"","background-image":"","background-repeat":"repeat","background-position":"center center","background-size":"auto","background-attachment":"scroll","background-type":"","background-media":"","overlay-type":"","overlay-color":"","overlay-opacity":"","overlay-gradient":""}},"ast-content-background-meta":{"desktop":{"background-color":"var(--ast-global-color-5)","background-image":"","background-repeat":"repeat","background-position":"center center","background-size":"auto","background-attachment":"scroll","background-type":"","background-media":"","overlay-type":"","overlay-color":"","overlay-opacity":"","overlay-gradient":""},"tablet":{"background-color":"var(--ast-global-color-5)","background-image":"","background-repeat":"repeat","background-position":"center center","background-size":"auto","background-attachment":"scroll","background-type":"","background-media":"","overlay-type":"","overlay-color":"","overlay-opacity":"","overlay-gradient":""},"mobile":{"background-color":"var(--ast-global-color-5)","background-image":"","background-repeat":"repeat","background-position":"center center","background-size":"auto","background-attachment":"scroll","background-type":"","background-media":"","overlay-type":"","overlay-color":"","overlay-opacity":"","overlay-gradient":""}}},"product_brand":[],"product_cat":[22,133],"product_tag":[],"class_list":{"0":"post-9844","1":"product","2":"type-product","3":"status-publish","4":"has-post-thumbnail","6":"product_cat-emale","7":"product_cat-riided-rasedatele-ja-rinnaga-toitvatele-emadele","8":"desktop-align-left","9":"tablet-align-left","10":"mobile-align-left","12":"first","13":"instock","14":"taxable","15":"shipping-taxable","16":"purchasable","17":"product-type-variable"},"yoast_head":"<!-- This site is optimized with the Yoast SEO plugin v27.3 - https:\/\/yoast.com\/product\/yoast-seo-wordpress\/ -->\n<title>Seraphine 3in1 lapsekandmise talvemantel - Beebipai<\/title>\n<meta name=\"description\" content=\"Seraphine 3in1 lapsekandmise talvemantel on ideaalne k\u00fclma trotsimiseks ja beebi soojas hoidmiseks .\u00a0Vaata toodet Seraphine 3in1 lapsekandmise talvemantel!\" \/>\n<meta name=\"robots\" content=\"index, follow, max-snippet:-1, max-image-preview:large, max-video-preview:-1\" \/>\n<link rel=\"canonical\" href=\"https:\/\/beebipai.ee\/lt\/product\/seraphine-3in1-lapsekandmise-talvemantel\/\" \/>\n<meta property=\"og:locale\" content=\"lt_LT\" \/>\n<meta property=\"og:type\" content=\"article\" \/>\n<meta property=\"og:title\" content=\"Seraphine 3in1 lapsekandmise talvemantel - Beebipai\" \/>\n<meta property=\"og:description\" content=\"Seraphine 3in1 lapsekandmise talvemantel on ideaalne k\u00fclma trotsimiseks ja beebi soojas hoidmiseks .\u00a0Vaata toodet Seraphine 3in1 lapsekandmise talvemantel!\" \/>\n<meta property=\"og:url\" content=\"https:\/\/beebipai.ee\/lt\/product\/seraphine-3in1-lapsekandmise-talvemantel\/\" \/>\n<meta property=\"og:site_name\" content=\"Beebipai\" \/>\n<meta property=\"article:modified_time\" content=\"2025-10-08T08:00:47+00:00\" \/>\n<meta property=\"og:image\" content=\"https:\/\/beebipai.ee\/wp-content\/uploads\/2023\/12\/Seraphine-talvemantel.jpg\" \/>\n\t<meta property=\"og:image:width\" content=\"586\" \/>\n\t<meta property=\"og:image:height\" content=\"750\" \/>\n\t<meta property=\"og:image:type\" content=\"image\/jpeg\" \/>\n<meta name=\"twitter:card\" content=\"summary_large_image\" \/>\n<meta name=\"twitter:label1\" content=\"Est. reading time\" \/>\n\t<meta name=\"twitter:data1\" content=\"1 minut\u0117\" \/>\n<script type=\"application\/ld+json\" class=\"yoast-schema-graph\">{\"@context\":\"https:\\\/\\\/schema.org\",\"@graph\":[{\"@type\":\"WebPage\",\"@id\":\"https:\\\/\\\/beebipai.ee\\\/product\\\/seraphine-3in1-lapsekandmise-talvemantel\\\/\",\"url\":\"https:\\\/\\\/beebipai.ee\\\/product\\\/seraphine-3in1-lapsekandmise-talvemantel\\\/\",\"name\":\"Seraphine 3in1 lapsekandmise talvemantel - Beebipai\",\"isPartOf\":{\"@id\":\"https:\\\/\\\/beebipai.ee\\\/en\\\/#website\"},\"primaryImageOfPage\":{\"@id\":\"https:\\\/\\\/beebipai.ee\\\/product\\\/seraphine-3in1-lapsekandmise-talvemantel\\\/#primaryimage\"},\"image\":{\"@id\":\"https:\\\/\\\/beebipai.ee\\\/product\\\/seraphine-3in1-lapsekandmise-talvemantel\\\/#primaryimage\"},\"thumbnailUrl\":\"https:\\\/\\\/beebipai.ee\\\/wp-content\\\/uploads\\\/2023\\\/12\\\/Seraphine-talvemantel.jpg\",\"datePublished\":\"2023-12-11T13:21:36+00:00\",\"dateModified\":\"2025-10-08T08:00:47+00:00\",\"description\":\"Seraphine 3in1 lapsekandmise talvemantel on ideaalne k\u00fclma trotsimiseks ja beebi soojas hoidmiseks .\u00a0Vaata toodet Seraphine 3in1 lapsekandmise talvemantel!\",\"breadcrumb\":{\"@id\":\"https:\\\/\\\/beebipai.ee\\\/product\\\/seraphine-3in1-lapsekandmise-talvemantel\\\/#breadcrumb\"},\"inLanguage\":\"lt-LT\",\"potentialAction\":[{\"@type\":\"ReadAction\",\"target\":[\"https:\\\/\\\/beebipai.ee\\\/product\\\/seraphine-3in1-lapsekandmise-talvemantel\\\/\"]}]},{\"@type\":\"ImageObject\",\"inLanguage\":\"lt-LT\",\"@id\":\"https:\\\/\\\/beebipai.ee\\\/product\\\/seraphine-3in1-lapsekandmise-talvemantel\\\/#primaryimage\",\"url\":\"https:\\\/\\\/beebipai.ee\\\/wp-content\\\/uploads\\\/2023\\\/12\\\/Seraphine-talvemantel.jpg\",\"contentUrl\":\"https:\\\/\\\/beebipai.ee\\\/wp-content\\\/uploads\\\/2023\\\/12\\\/Seraphine-talvemantel.jpg\",\"width\":586,\"height\":750},{\"@type\":\"BreadcrumbList\",\"@id\":\"https:\\\/\\\/beebipai.ee\\\/product\\\/seraphine-3in1-lapsekandmise-talvemantel\\\/#breadcrumb\",\"itemListElement\":[{\"@type\":\"ListItem\",\"position\":1,\"name\":\"Home\",\"item\":\"https:\\\/\\\/beebipai.ee\\\/\"},{\"@type\":\"ListItem\",\"position\":2,\"name\":\"Pood\",\"item\":\"https:\\\/\\\/beebipai.ee\\\/store\\\/\"},{\"@type\":\"ListItem\",\"position\":3,\"name\":\"Seraphine 3in1 lapsekandmise talvemantel\"}]},{\"@type\":\"WebSite\",\"@id\":\"https:\\\/\\\/beebipai.ee\\\/en\\\/#website\",\"url\":\"https:\\\/\\\/beebipai.ee\\\/en\\\/\",\"name\":\"Beebipai\",\"description\":\"Rasedate ja beebide veebipood\",\"potentialAction\":[{\"@type\":\"SearchAction\",\"target\":{\"@type\":\"EntryPoint\",\"urlTemplate\":\"https:\\\/\\\/beebipai.ee\\\/en\\\/?s={search_term_string}\"},\"query-input\":{\"@type\":\"PropertyValueSpecification\",\"valueRequired\":true,\"valueName\":\"search_term_string\"}}],\"inLanguage\":\"lt-LT\"}]}<\/script>\n<!-- \/ Yoast SEO plugin. -->","yoast_head_json":{"title":"Seraphine 3in1 lapsekandmise talvemantel - Beebipai","description":"Seraphine 3in1 lapsekandmise talvemantel on ideaalne k\u00fclma trotsimiseks ja beebi soojas hoidmiseks .\u00a0Vaata toodet Seraphine 3in1 lapsekandmise talvemantel!","robots":{"index":"index","follow":"follow","max-snippet":"max-snippet:-1","max-image-preview":"max-image-preview:large","max-video-preview":"max-video-preview:-1"},"canonical":"https:\/\/beebipai.ee\/lt\/product\/seraphine-3in1-lapsekandmise-talvemantel\/","og_locale":"lt_LT","og_type":"article","og_title":"Seraphine 3in1 lapsekandmise talvemantel - Beebipai","og_description":"Seraphine 3in1 lapsekandmise talvemantel on ideaalne k\u00fclma trotsimiseks ja beebi soojas hoidmiseks .\u00a0Vaata toodet Seraphine 3in1 lapsekandmise talvemantel!","og_url":"https:\/\/beebipai.ee\/lt\/product\/seraphine-3in1-lapsekandmise-talvemantel\/","og_site_name":"Beebipai","article_modified_time":"2025-10-08T08:00:47+00:00","og_image":[{"width":586,"height":750,"url":"https:\/\/beebipai.ee\/wp-content\/uploads\/2023\/12\/Seraphine-talvemantel.jpg","type":"image\/jpeg"}],"twitter_card":"summary_large_image","twitter_misc":{"Est. reading time":"1 minut\u0117"},"schema":{"@context":"https:\/\/schema.org","@graph":[{"@type":"WebPage","@id":"https:\/\/beebipai.ee\/product\/seraphine-3in1-lapsekandmise-talvemantel\/","url":"https:\/\/beebipai.ee\/product\/seraphine-3in1-lapsekandmise-talvemantel\/","name":"Seraphine 3in1 lapsekandmise talvemantel - Beebipai","isPartOf":{"@id":"https:\/\/beebipai.ee\/en\/#website"},"primaryImageOfPage":{"@id":"https:\/\/beebipai.ee\/product\/seraphine-3in1-lapsekandmise-talvemantel\/#primaryimage"},"image":{"@id":"https:\/\/beebipai.ee\/product\/seraphine-3in1-lapsekandmise-talvemantel\/#primaryimage"},"thumbnailUrl":"https:\/\/beebipai.ee\/wp-content\/uploads\/2023\/12\/Seraphine-talvemantel.jpg","datePublished":"2023-12-11T13:21:36+00:00","dateModified":"2025-10-08T08:00:47+00:00","description":"Seraphine 3in1 lapsekandmise talvemantel on ideaalne k\u00fclma trotsimiseks ja beebi soojas hoidmiseks .\u00a0Vaata toodet Seraphine 3in1 lapsekandmise talvemantel!","breadcrumb":{"@id":"https:\/\/beebipai.ee\/product\/seraphine-3in1-lapsekandmise-talvemantel\/#breadcrumb"},"inLanguage":"lt-LT","potentialAction":[{"@type":"ReadAction","target":["https:\/\/beebipai.ee\/product\/seraphine-3in1-lapsekandmise-talvemantel\/"]}]},{"@type":"ImageObject","inLanguage":"lt-LT","@id":"https:\/\/beebipai.ee\/product\/seraphine-3in1-lapsekandmise-talvemantel\/#primaryimage","url":"https:\/\/beebipai.ee\/wp-content\/uploads\/2023\/12\/Seraphine-talvemantel.jpg","contentUrl":"https:\/\/beebipai.ee\/wp-content\/uploads\/2023\/12\/Seraphine-talvemantel.jpg","width":586,"height":750},{"@type":"BreadcrumbList","@id":"https:\/\/beebipai.ee\/product\/seraphine-3in1-lapsekandmise-talvemantel\/#breadcrumb","itemListElement":[{"@type":"ListItem","position":1,"name":"Home","item":"https:\/\/beebipai.ee\/"},{"@type":"ListItem","position":2,"name":"Pood","item":"https:\/\/beebipai.ee\/store\/"},{"@type":"ListItem","position":3,"name":"Seraphine 3in1 lapsekandmise talvemantel"}]},{"@type":"WebSite","@id":"https:\/\/beebipai.ee\/en\/#website","url":"https:\/\/beebipai.ee\/en\/","name":"Beebipai","description":"Rasedate ja beebide veebipood","potentialAction":[{"@type":"SearchAction","target":{"@type":"EntryPoint","urlTemplate":"https:\/\/beebipai.ee\/en\/?s={search_term_string}"},"query-input":{"@type":"PropertyValueSpecification","valueRequired":true,"valueName":"search_term_string"}}],"inLanguage":"lt-LT"}]}},"_links":{"self":[{"href":"https:\/\/beebipai.ee\/lt\/wp-json\/wp\/v2\/product\/9844","targetHints":{"allow":["GET"]}}],"collection":[{"href":"https:\/\/beebipai.ee\/lt\/wp-json\/wp\/v2\/product"}],"about":[{"href":"https:\/\/beebipai.ee\/lt\/wp-json\/wp\/v2\/types\/product"}],"version-history":[{"count":5,"href":"https:\/\/beebipai.ee\/lt\/wp-json\/wp\/v2\/product\/9844\/revisions"}],"predecessor-version":[{"id":9872,"href":"https:\/\/beebipai.ee\/lt\/wp-json\/wp\/v2\/product\/9844\/revisions\/9872"}],"wp:featuredmedia":[{"embeddable":true,"href":"https:\/\/beebipai.ee\/lt\/wp-json\/wp\/v2\/media\/9850"}],"wp:attachment":[{"href":"https:\/\/beebipai.ee\/lt\/wp-json\/wp\/v2\/media?parent=9844"}],"wp:term":[{"taxonomy":"product_brand","embeddable":true,"href":"https:\/\/beebipai.ee\/lt\/wp-json\/wp\/v2\/product_brand?post=9844"},{"taxonomy":"product_cat","embeddable":true,"href":"https:\/\/beebipai.ee\/lt\/wp-json\/wp\/v2\/product_cat?post=9844"},{"taxonomy":"product_tag","embeddable":true,"href":"https:\/\/beebipai.ee\/lt\/wp-json\/wp\/v2\/product_tag?post=9844"}],"curies":[{"name":"wp","href":"https:\/\/api.w.org\/{rel}","templated":true}]}}