{"id":9453,"date":"2023-10-21T23:47:36","date_gmt":"2023-10-21T20:47:36","guid":{"rendered":"https:\/\/beebipai.ee\/?post_type=product&#038;p=9453"},"modified":"2025-10-08T11:08:26","modified_gmt":"2025-10-08T08:08:26","slug":"seraphine-3in1-kevad-sugisene-lapsekandmisjope","status":"publish","type":"product","link":"https:\/\/beebipai.ee\/lt\/product\/seraphine-3in1-kevad-sugisene-lapsekandmisjope\/","title":{"rendered":"Seraphine 3in1 kevad\/s\u00fcgisene lapsekandmisparka"},"content":{"rendered":"<div data-elementor-type=\"wp-post\" data-elementor-id=\"9453\" class=\"elementor elementor-9453\">\n\t\t\t\t\t\t<section class=\"elementor-section elementor-top-section elementor-element elementor-element-e9a5755 elementor-section-boxed elementor-section-height-default elementor-section-height-default\" data-id=\"e9a5755\" data-element_type=\"section\" data-e-type=\"section\">\n\t\t\t\t\t\t<div class=\"elementor-container elementor-column-gap-default\">\n\t\t\t\t\t<div class=\"elementor-column elementor-col-50 elementor-top-column elementor-element elementor-element-52be8a7\" data-id=\"52be8a7\" data-element_type=\"column\" data-e-type=\"column\">\n\t\t\t<div class=\"elementor-widget-wrap elementor-element-populated\">\n\t\t\t\t\t\t<div class=\"elementor-element elementor-element-0c0f1af elementor-widget elementor-widget-heading\" data-id=\"0c0f1af\" data-element_type=\"widget\" data-e-type=\"widget\" data-widget_type=\"heading.default\">\n\t\t\t\t<div class=\"elementor-widget-container\">\n\t\t\t\t\t<h2 class=\"elementor-heading-title elementor-size-default\">Seraphine kevad\/s\u00fcgisene lapsekandmisparka<\/h2>\t\t\t\t<\/div>\n\t\t\t\t<\/div>\n\t\t\t\t<div class=\"elementor-element elementor-element-8cf89c2 elementor-widget elementor-widget-text-editor\" data-id=\"8cf89c2\" data-element_type=\"widget\" data-e-type=\"widget\" data-widget_type=\"text-editor.default\">\n\t\t\t\t<div class=\"elementor-widget-container\">\n\t\t\t\t\t\t\t\t\t<p>Seraphine lapsekandmisparka\u00a0 hoiab Teid ja Teie lapse soojas ja kuivas kevad\/s\u00fcgisestel \u00fcleminekuilmadel v\u00f5i soojematel talveilmadel.\u00a0<\/p><p>Sintetine oda per vis\u0105 k\u016bn\u0105 i\u0161klotas parkas yra atsparus vandeniui ir v\u0117jui. Labai gerai i\u0161laiko \u0161ilum\u0105. Dir\u017eo ir parko apa\u010dioje yra reguliuojamos virvel\u0117s. Nuimamas gobtuvas su kailio apdaila. \u0160onin\u0117s ki\u0161en\u0117s su u\u017etrauktuku saugojimui.<\/p><p>Yra u\u017etrauktuku u\u017esegama keng\u016bros plok\u0161t\u0117, kuri taip pat yra i\u0161klota mink\u0161tu dirbtiniu kailiu, kad k\u016bdik\u012f b\u016bt\u0173 galima ne\u0161ioti dir\u017eelyje ar ne\u0161iklyje. Keng\u016bros skydelyje yra atskira dalis vaiko kojyt\u0117ms, kuri\u0105 galima ne\u0161ioti tiek atidarytas, tiek u\u017edarytas, kad apsaugot\u0173 vaik\u0105 nuo stichijos.<\/p><p>Kevad\/s\u00fcgisene lapsekandmisparka on v\u00e4ga universaalne, mist\u00f5ttu jagub teda aastateks. Ka siis kui k\u00f5hul kantav beebi ise juba ringi jookseb.\u00a0<\/p>\t\t\t\t\t\t\t\t<\/div>\n\t\t\t\t<\/div>\n\t\t\t\t\t<\/div>\n\t\t<\/div>\n\t\t\t\t<div class=\"elementor-column elementor-col-50 elementor-top-column elementor-element elementor-element-d37aeab\" data-id=\"d37aeab\" data-element_type=\"column\" data-e-type=\"column\">\n\t\t\t<div class=\"elementor-widget-wrap elementor-element-populated\">\n\t\t\t\t\t\t<div class=\"elementor-element elementor-element-44ded73 elementor-widget elementor-widget-image\" data-id=\"44ded73\" data-element_type=\"widget\" data-e-type=\"widget\" data-widget_type=\"image.default\">\n\t\t\t\t<div class=\"elementor-widget-container\">\n\t\t\t\t\t\t\t\t\t\t\t\t\t\t\t<img fetchpriority=\"high\" decoding=\"async\" width=\"500\" height=\"640\" src=\"https:\/\/beebipai.ee\/wp-content\/uploads\/2023\/10\/Seraphine-lapsekandmisjope-1-e1697921175483.jpg\" class=\"attachment-large size-large wp-image-9460\" alt=\"\" \/>\t\t\t\t\t\t\t\t\t\t\t\t\t\t\t<\/div>\n\t\t\t\t<\/div>\n\t\t\t\t\t<\/div>\n\t\t<\/div>\n\t\t\t\t\t<\/div>\n\t\t<\/section>\n\t\t\t\t<\/div>","protected":false},"excerpt":{"rendered":"<p>Seraphine 3in1 lapsekandmisparka on ideaalne kevad\/s\u00fcgisesteks \u00fcleminekuilmadeks ning soojemateks talveilmadeks nii raseduse ajal, beebit kandelinas v\u00f5i k\u00f5hukotis kandes kui ka hiljem v\u00e4ikelast \u00f5ues taga ajades.<\/p>","protected":false},"featured_media":9461,"template":"","meta":{"_monsterinsights_skip_tracking":false,"_monsterinsights_sitenote_active":false,"_monsterinsights_sitenote_note":"","_monsterinsights_sitenote_category":0,"site-sidebar-layout":"no-sidebar","site-content-layout":"page-builder","ast-site-content-layout":"full-width-container","site-content-style":"default","site-sidebar-style":"default","ast-global-header-display":"","ast-banner-title-visibility":"","ast-main-header-display":"","ast-hfb-above-header-display":"","ast-hfb-below-header-display":"","ast-hfb-mobile-header-display":"","site-post-title":"disabled","ast-breadcrumbs-content":"","ast-featured-img":"disabled","footer-sml-layout":"","ast-disable-related-posts":"","theme-transparent-header-meta":"default","adv-header-id-meta":"","stick-header-meta":"","header-above-stick-meta":"","header-main-stick-meta":"","header-below-stick-meta":"","astra-migrate-meta-layouts":"set","ast-page-background-enabled":"default","ast-page-background-meta":{"desktop":{"background-color":"","background-image":"","background-repeat":"repeat","background-position":"center center","background-size":"auto","background-attachment":"scroll","background-type":"","background-media":"","overlay-type":"","overlay-color":"","overlay-opacity":"","overlay-gradient":""},"tablet":{"background-color":"","background-image":"","background-repeat":"repeat","background-position":"center center","background-size":"auto","background-attachment":"scroll","background-type":"","background-media":"","overlay-type":"","overlay-color":"","overlay-opacity":"","overlay-gradient":""},"mobile":{"background-color":"","background-image":"","background-repeat":"repeat","background-position":"center center","background-size":"auto","background-attachment":"scroll","background-type":"","background-media":"","overlay-type":"","overlay-color":"","overlay-opacity":"","overlay-gradient":""}},"ast-content-background-meta":{"desktop":{"background-color":"var(--ast-global-color-5)","background-image":"","background-repeat":"repeat","background-position":"center center","background-size":"auto","background-attachment":"scroll","background-type":"","background-media":"","overlay-type":"","overlay-color":"","overlay-opacity":"","overlay-gradient":""},"tablet":{"background-color":"var(--ast-global-color-5)","background-image":"","background-repeat":"repeat","background-position":"center center","background-size":"auto","background-attachment":"scroll","background-type":"","background-media":"","overlay-type":"","overlay-color":"","overlay-opacity":"","overlay-gradient":""},"mobile":{"background-color":"var(--ast-global-color-5)","background-image":"","background-repeat":"repeat","background-position":"center center","background-size":"auto","background-attachment":"scroll","background-type":"","background-media":"","overlay-type":"","overlay-color":"","overlay-opacity":"","overlay-gradient":""}}},"product_brand":[],"product_cat":[22,133],"product_tag":[],"class_list":{"0":"post-9453","1":"product","2":"type-product","3":"status-publish","4":"has-post-thumbnail","6":"product_cat-emale","7":"product_cat-riided-rasedatele-ja-rinnaga-toitvatele-emadele","8":"desktop-align-left","9":"tablet-align-left","10":"mobile-align-left","12":"first","13":"instock","14":"sale","15":"taxable","16":"shipping-taxable","17":"purchasable","18":"product-type-variable"},"yoast_head":"<!-- This site is optimized with the Yoast SEO plugin v27.3 - https:\/\/yoast.com\/product\/yoast-seo-wordpress\/ -->\n<title>Seraphine 3in1 kevad\/s\u00fcgisene lapsekandmisparka - Beebipai<\/title>\n<meta name=\"description\" content=\"Seraphine 3in1 lapsekandmisparka on ideaalne kevad\/s\u00fcgisesel perioodil beebi soojas hoidmiseks .\u00a0Vaata toodet Seraphine 3in1 kevad\/s\u00fcgis lapsekandmisparka!\" \/>\n<meta name=\"robots\" content=\"index, follow, max-snippet:-1, max-image-preview:large, max-video-preview:-1\" \/>\n<link rel=\"canonical\" href=\"https:\/\/beebipai.ee\/lt\/product\/seraphine-3in1-kevad-sugisene-lapsekandmisjope\/\" \/>\n<meta property=\"og:locale\" content=\"lt_LT\" \/>\n<meta property=\"og:type\" content=\"article\" \/>\n<meta property=\"og:title\" content=\"Seraphine 3in1 kevad\/s\u00fcgisene lapsekandmisparka - Beebipai\" \/>\n<meta property=\"og:description\" content=\"Seraphine 3in1 lapsekandmisparka on ideaalne kevad\/s\u00fcgisesel perioodil beebi soojas hoidmiseks .\u00a0Vaata toodet Seraphine 3in1 kevad\/s\u00fcgis lapsekandmisparka!\" \/>\n<meta property=\"og:url\" content=\"https:\/\/beebipai.ee\/lt\/product\/seraphine-3in1-kevad-sugisene-lapsekandmisjope\/\" \/>\n<meta property=\"og:site_name\" content=\"Beebipai\" \/>\n<meta property=\"article:modified_time\" content=\"2025-10-08T08:08:26+00:00\" \/>\n<meta property=\"og:image\" content=\"https:\/\/beebipai.ee\/wp-content\/uploads\/2023\/10\/Seraphine-lapsekandmisjope-2-e1697921004878.jpg\" \/>\n\t<meta property=\"og:image:width\" content=\"500\" \/>\n\t<meta property=\"og:image:height\" content=\"640\" \/>\n\t<meta property=\"og:image:type\" content=\"image\/jpeg\" \/>\n<meta name=\"twitter:card\" content=\"summary_large_image\" \/>\n<meta name=\"twitter:label1\" content=\"Est. reading time\" \/>\n\t<meta name=\"twitter:data1\" content=\"1 minut\u0117\" \/>\n<script type=\"application\/ld+json\" class=\"yoast-schema-graph\">{\"@context\":\"https:\\\/\\\/schema.org\",\"@graph\":[{\"@type\":\"WebPage\",\"@id\":\"https:\\\/\\\/beebipai.ee\\\/product\\\/seraphine-3in1-kevad-sugisene-lapsekandmisjope\\\/\",\"url\":\"https:\\\/\\\/beebipai.ee\\\/product\\\/seraphine-3in1-kevad-sugisene-lapsekandmisjope\\\/\",\"name\":\"Seraphine 3in1 kevad\\\/s\u00fcgisene lapsekandmisparka - Beebipai\",\"isPartOf\":{\"@id\":\"https:\\\/\\\/beebipai.ee\\\/en\\\/#website\"},\"primaryImageOfPage\":{\"@id\":\"https:\\\/\\\/beebipai.ee\\\/product\\\/seraphine-3in1-kevad-sugisene-lapsekandmisjope\\\/#primaryimage\"},\"image\":{\"@id\":\"https:\\\/\\\/beebipai.ee\\\/product\\\/seraphine-3in1-kevad-sugisene-lapsekandmisjope\\\/#primaryimage\"},\"thumbnailUrl\":\"https:\\\/\\\/beebipai.ee\\\/wp-content\\\/uploads\\\/2023\\\/10\\\/Seraphine-lapsekandmisjope-2-e1697921004878.jpg\",\"datePublished\":\"2023-10-21T20:47:36+00:00\",\"dateModified\":\"2025-10-08T08:08:26+00:00\",\"description\":\"Seraphine 3in1 lapsekandmisparka on ideaalne kevad\\\/s\u00fcgisesel perioodil beebi soojas hoidmiseks .\u00a0Vaata toodet Seraphine 3in1 kevad\\\/s\u00fcgis lapsekandmisparka!\",\"breadcrumb\":{\"@id\":\"https:\\\/\\\/beebipai.ee\\\/product\\\/seraphine-3in1-kevad-sugisene-lapsekandmisjope\\\/#breadcrumb\"},\"inLanguage\":\"lt-LT\",\"potentialAction\":[{\"@type\":\"ReadAction\",\"target\":[\"https:\\\/\\\/beebipai.ee\\\/product\\\/seraphine-3in1-kevad-sugisene-lapsekandmisjope\\\/\"]}]},{\"@type\":\"ImageObject\",\"inLanguage\":\"lt-LT\",\"@id\":\"https:\\\/\\\/beebipai.ee\\\/product\\\/seraphine-3in1-kevad-sugisene-lapsekandmisjope\\\/#primaryimage\",\"url\":\"https:\\\/\\\/beebipai.ee\\\/wp-content\\\/uploads\\\/2023\\\/10\\\/Seraphine-lapsekandmisjope-2-e1697921004878.jpg\",\"contentUrl\":\"https:\\\/\\\/beebipai.ee\\\/wp-content\\\/uploads\\\/2023\\\/10\\\/Seraphine-lapsekandmisjope-2-e1697921004878.jpg\",\"width\":500,\"height\":640},{\"@type\":\"BreadcrumbList\",\"@id\":\"https:\\\/\\\/beebipai.ee\\\/product\\\/seraphine-3in1-kevad-sugisene-lapsekandmisjope\\\/#breadcrumb\",\"itemListElement\":[{\"@type\":\"ListItem\",\"position\":1,\"name\":\"Home\",\"item\":\"https:\\\/\\\/beebipai.ee\\\/\"},{\"@type\":\"ListItem\",\"position\":2,\"name\":\"Pood\",\"item\":\"https:\\\/\\\/beebipai.ee\\\/store\\\/\"},{\"@type\":\"ListItem\",\"position\":3,\"name\":\"Seraphine 3in1 kevad\\\/s\u00fcgisene lapsekandmisparka\"}]},{\"@type\":\"WebSite\",\"@id\":\"https:\\\/\\\/beebipai.ee\\\/en\\\/#website\",\"url\":\"https:\\\/\\\/beebipai.ee\\\/en\\\/\",\"name\":\"Beebipai\",\"description\":\"Rasedate ja beebide veebipood\",\"potentialAction\":[{\"@type\":\"SearchAction\",\"target\":{\"@type\":\"EntryPoint\",\"urlTemplate\":\"https:\\\/\\\/beebipai.ee\\\/en\\\/?s={search_term_string}\"},\"query-input\":{\"@type\":\"PropertyValueSpecification\",\"valueRequired\":true,\"valueName\":\"search_term_string\"}}],\"inLanguage\":\"lt-LT\"}]}<\/script>\n<!-- \/ Yoast SEO plugin. -->","yoast_head_json":{"title":"Seraphine 3in1 kevad\/s\u00fcgisene lapsekandmisparka - Beebipai","description":"Seraphine 3in1 lapsekandmisparka on ideaalne kevad\/s\u00fcgisesel perioodil beebi soojas hoidmiseks .\u00a0Vaata toodet Seraphine 3in1 kevad\/s\u00fcgis lapsekandmisparka!","robots":{"index":"index","follow":"follow","max-snippet":"max-snippet:-1","max-image-preview":"max-image-preview:large","max-video-preview":"max-video-preview:-1"},"canonical":"https:\/\/beebipai.ee\/lt\/product\/seraphine-3in1-kevad-sugisene-lapsekandmisjope\/","og_locale":"lt_LT","og_type":"article","og_title":"Seraphine 3in1 kevad\/s\u00fcgisene lapsekandmisparka - Beebipai","og_description":"Seraphine 3in1 lapsekandmisparka on ideaalne kevad\/s\u00fcgisesel perioodil beebi soojas hoidmiseks .\u00a0Vaata toodet Seraphine 3in1 kevad\/s\u00fcgis lapsekandmisparka!","og_url":"https:\/\/beebipai.ee\/lt\/product\/seraphine-3in1-kevad-sugisene-lapsekandmisjope\/","og_site_name":"Beebipai","article_modified_time":"2025-10-08T08:08:26+00:00","og_image":[{"width":500,"height":640,"url":"https:\/\/beebipai.ee\/wp-content\/uploads\/2023\/10\/Seraphine-lapsekandmisjope-2-e1697921004878.jpg","type":"image\/jpeg"}],"twitter_card":"summary_large_image","twitter_misc":{"Est. reading time":"1 minut\u0117"},"schema":{"@context":"https:\/\/schema.org","@graph":[{"@type":"WebPage","@id":"https:\/\/beebipai.ee\/product\/seraphine-3in1-kevad-sugisene-lapsekandmisjope\/","url":"https:\/\/beebipai.ee\/product\/seraphine-3in1-kevad-sugisene-lapsekandmisjope\/","name":"Seraphine 3in1 kevad\/s\u00fcgisene lapsekandmisparka - Beebipai","isPartOf":{"@id":"https:\/\/beebipai.ee\/en\/#website"},"primaryImageOfPage":{"@id":"https:\/\/beebipai.ee\/product\/seraphine-3in1-kevad-sugisene-lapsekandmisjope\/#primaryimage"},"image":{"@id":"https:\/\/beebipai.ee\/product\/seraphine-3in1-kevad-sugisene-lapsekandmisjope\/#primaryimage"},"thumbnailUrl":"https:\/\/beebipai.ee\/wp-content\/uploads\/2023\/10\/Seraphine-lapsekandmisjope-2-e1697921004878.jpg","datePublished":"2023-10-21T20:47:36+00:00","dateModified":"2025-10-08T08:08:26+00:00","description":"Seraphine 3in1 lapsekandmisparka on ideaalne kevad\/s\u00fcgisesel perioodil beebi soojas hoidmiseks .\u00a0Vaata toodet Seraphine 3in1 kevad\/s\u00fcgis lapsekandmisparka!","breadcrumb":{"@id":"https:\/\/beebipai.ee\/product\/seraphine-3in1-kevad-sugisene-lapsekandmisjope\/#breadcrumb"},"inLanguage":"lt-LT","potentialAction":[{"@type":"ReadAction","target":["https:\/\/beebipai.ee\/product\/seraphine-3in1-kevad-sugisene-lapsekandmisjope\/"]}]},{"@type":"ImageObject","inLanguage":"lt-LT","@id":"https:\/\/beebipai.ee\/product\/seraphine-3in1-kevad-sugisene-lapsekandmisjope\/#primaryimage","url":"https:\/\/beebipai.ee\/wp-content\/uploads\/2023\/10\/Seraphine-lapsekandmisjope-2-e1697921004878.jpg","contentUrl":"https:\/\/beebipai.ee\/wp-content\/uploads\/2023\/10\/Seraphine-lapsekandmisjope-2-e1697921004878.jpg","width":500,"height":640},{"@type":"BreadcrumbList","@id":"https:\/\/beebipai.ee\/product\/seraphine-3in1-kevad-sugisene-lapsekandmisjope\/#breadcrumb","itemListElement":[{"@type":"ListItem","position":1,"name":"Home","item":"https:\/\/beebipai.ee\/"},{"@type":"ListItem","position":2,"name":"Pood","item":"https:\/\/beebipai.ee\/store\/"},{"@type":"ListItem","position":3,"name":"Seraphine 3in1 kevad\/s\u00fcgisene lapsekandmisparka"}]},{"@type":"WebSite","@id":"https:\/\/beebipai.ee\/en\/#website","url":"https:\/\/beebipai.ee\/en\/","name":"Beebipai","description":"Rasedate ja beebide veebipood","potentialAction":[{"@type":"SearchAction","target":{"@type":"EntryPoint","urlTemplate":"https:\/\/beebipai.ee\/en\/?s={search_term_string}"},"query-input":{"@type":"PropertyValueSpecification","valueRequired":true,"valueName":"search_term_string"}}],"inLanguage":"lt-LT"}]}},"_links":{"self":[{"href":"https:\/\/beebipai.ee\/lt\/wp-json\/wp\/v2\/product\/9453","targetHints":{"allow":["GET"]}}],"collection":[{"href":"https:\/\/beebipai.ee\/lt\/wp-json\/wp\/v2\/product"}],"about":[{"href":"https:\/\/beebipai.ee\/lt\/wp-json\/wp\/v2\/types\/product"}],"version-history":[{"count":5,"href":"https:\/\/beebipai.ee\/lt\/wp-json\/wp\/v2\/product\/9453\/revisions"}],"predecessor-version":[{"id":12992,"href":"https:\/\/beebipai.ee\/lt\/wp-json\/wp\/v2\/product\/9453\/revisions\/12992"}],"wp:featuredmedia":[{"embeddable":true,"href":"https:\/\/beebipai.ee\/lt\/wp-json\/wp\/v2\/media\/9461"}],"wp:attachment":[{"href":"https:\/\/beebipai.ee\/lt\/wp-json\/wp\/v2\/media?parent=9453"}],"wp:term":[{"taxonomy":"product_brand","embeddable":true,"href":"https:\/\/beebipai.ee\/lt\/wp-json\/wp\/v2\/product_brand?post=9453"},{"taxonomy":"product_cat","embeddable":true,"href":"https:\/\/beebipai.ee\/lt\/wp-json\/wp\/v2\/product_cat?post=9453"},{"taxonomy":"product_tag","embeddable":true,"href":"https:\/\/beebipai.ee\/lt\/wp-json\/wp\/v2\/product_tag?post=9453"}],"curies":[{"name":"wp","href":"https:\/\/api.w.org\/{rel}","templated":true}]}}