{"id":9399,"date":"2023-10-14T12:35:48","date_gmt":"2023-10-14T09:35:48","guid":{"rendered":"https:\/\/www.beebipai.ee\/?post_type=product&#038;p=9399"},"modified":"2026-02-11T14:14:35","modified_gmt":"2026-02-11T12:14:35","slug":"faith-in-nature-looduslik-palsam-lavendli-ja-pelargoonioliga-400ml","status":"publish","type":"product","link":"https:\/\/beebipai.ee\/lt\/product\/faith-in-nature-looduslik-palsam-lavendli-ja-pelargoonioliga-400ml\/","title":{"rendered":"Faith in Nature looduslik palsam lavendli ja pelargooni\u00f5liga, 400ml"},"content":{"rendered":"<div data-elementor-type=\"wp-post\" data-elementor-id=\"9399\" class=\"elementor elementor-9399\">\n\t\t\t\t\t\t<section class=\"elementor-section elementor-top-section elementor-element elementor-element-c5be2d9 elementor-section-boxed elementor-section-height-default elementor-section-height-default\" data-id=\"c5be2d9\" data-element_type=\"section\" data-e-type=\"section\">\n\t\t\t\t\t\t<div class=\"elementor-container elementor-column-gap-default\">\n\t\t\t\t\t<div class=\"elementor-column elementor-col-50 elementor-top-column elementor-element elementor-element-07e7065\" data-id=\"07e7065\" data-element_type=\"column\" data-e-type=\"column\">\n\t\t\t<div class=\"elementor-widget-wrap elementor-element-populated\">\n\t\t\t\t\t\t<div class=\"elementor-element elementor-element-a42f422 elementor-widget elementor-widget-text-editor\" data-id=\"a42f422\" data-element_type=\"widget\" data-e-type=\"widget\" data-widget_type=\"text-editor.default\">\n\t\t\t\t<div class=\"elementor-widget-container\">\n\t\t\t\t\t\t\t\t\t<p>N\u0117\u0161tumo metu vykstantys poky\u010diai turi \u012ftakos ir plauk\u0173 sveikatai bei i\u0161vaizdai.Da\u017eniausiai n\u0117\u0161tumo metu plaukai \u017evilga, atrodo puresni, storesni. Moterys pastebi ma\u017eiau plauk\u0173 slinkimo. Prie\u0161ingai \u0161iai gra\u017euolei, kitame gale yra moter\u0173, kuri\u0173 plaukai n\u0117\u0161tumo metu tampa trap\u016bs, greitai l\u016b\u017ein\u0117ja, i\u0161saus\u0117ja ir veliasi. Estrogeno kiekio padid\u0117jimas moters organizme sukelia \u0161iuos skirtingus potyrius.<\/p><p>Esant sausiems, slenkantiems, l\u016b\u017ein\u0117jantiems, greitai riebaluojantiems plaukams, n\u0117\u0161tumo metu reik\u0117t\u0173 daugiau d\u0117mesio skirti plauk\u0173 prie\u017ei\u016brai ir naudoti plaukams palankiausias priemones. Be \u0161amp\u016bno, b\u016btinai tur\u0117tum\u0117te naudoti plauk\u0173 kondicionieri\u0173. Ypa\u010d sausiems ir l\u016b\u017ein\u0117jantiems plaukams, nes \u0161ukuojant plaukai gali lengviau l\u016b\u017ein\u0117ti, tod\u0117l plaukai atrodo l\u016b\u017ein\u0117jantys ir nuobod\u016bs.<\/p><p>N\u0117\u0161tumo produktai turi b\u016bti nat\u016bral\u016bs, juose neturi b\u016bti paraben\u0173, SLS (natrio laurilo sulfato), benzoilo peroksido, hidrochinono, salicilo r\u016bg\u0161ties, tetraciklino ir retinoid\u0173.\u00a0\u00a0<\/p>\t\t\t\t\t\t\t\t<\/div>\n\t\t\t\t<\/div>\n\t\t\t\t\t<\/div>\n\t\t<\/div>\n\t\t\t\t<div class=\"elementor-column elementor-col-50 elementor-top-column elementor-element elementor-element-d5a5f04\" data-id=\"d5a5f04\" data-element_type=\"column\" data-e-type=\"column\">\n\t\t\t<div class=\"elementor-widget-wrap elementor-element-populated\">\n\t\t\t\t\t\t<div class=\"elementor-element elementor-element-64f7004 elementor-widget elementor-widget-image\" data-id=\"64f7004\" data-element_type=\"widget\" data-e-type=\"widget\" data-widget_type=\"image.default\">\n\t\t\t\t<div class=\"elementor-widget-container\">\n\t\t\t\t\t\t\t\t\t\t\t\t\t\t\t<img fetchpriority=\"high\" decoding=\"async\" width=\"480\" height=\"320\" src=\"https:\/\/beebipai.ee\/wp-content\/uploads\/2023\/10\/Faith-in-Nature-sampoon-lavendliga-1.webp\" class=\"attachment-large size-large wp-image-9407\" alt=\"\" srcset=\"https:\/\/beebipai.ee\/wp-content\/uploads\/2023\/10\/Faith-in-Nature-sampoon-lavendliga-1.webp 480w, https:\/\/beebipai.ee\/wp-content\/uploads\/2023\/10\/Faith-in-Nature-sampoon-lavendliga-1-300x200.webp 300w, https:\/\/beebipai.ee\/wp-content\/uploads\/2023\/10\/Faith-in-Nature-sampoon-lavendliga-1-18x12.webp 18w\" sizes=\"(max-width: 480px) 100vw, 480px\" \/>\t\t\t\t\t\t\t\t\t\t\t\t\t\t\t<\/div>\n\t\t\t\t<\/div>\n\t\t\t\t\t<\/div>\n\t\t<\/div>\n\t\t\t\t\t<\/div>\n\t\t<\/section>\n\t\t\t\t<section class=\"elementor-section elementor-top-section elementor-element elementor-element-e7bbbf4 elementor-section-boxed elementor-section-height-default elementor-section-height-default\" data-id=\"e7bbbf4\" data-element_type=\"section\" data-e-type=\"section\">\n\t\t\t\t\t\t<div class=\"elementor-container elementor-column-gap-default\">\n\t\t\t\t\t<div class=\"elementor-column elementor-col-50 elementor-top-column elementor-element elementor-element-f93cc57\" data-id=\"f93cc57\" data-element_type=\"column\" data-e-type=\"column\">\n\t\t\t<div class=\"elementor-widget-wrap elementor-element-populated\">\n\t\t\t\t\t\t<div class=\"elementor-element elementor-element-3f8b896 elementor-widget elementor-widget-text-editor\" data-id=\"3f8b896\" data-element_type=\"widget\" data-e-type=\"widget\" data-widget_type=\"text-editor.default\">\n\t\t\t\t<div class=\"elementor-widget-container\">\n\t\t\t\t\t\t\t\t\t<p>Faith in Nature looduslik juuksepalsam toidab juukseid \u00f5rnalt ja loomulikult. Lavendel ja pelargooni\u00f5li on v\u00e4ga toitvate ja rahustavate omadustega. Juuksed saavad intensiivselt toidetud ja niisutatud. See hoiab neid pikemalt tervete ja tugevatena. Parandab juba katkisi juuksed ja annab juustele uue hingamise. palsam j\u00e4tab juuksed m\u00f5nusalt pehmeks, kohevaks ja kergelt kammitavaks.\u00a0<\/p><p>P\u00e4rast \u0161ampooniga juuste pesemist kandke palsam r\u00e4tikuivadesse juustesse. Jaota \u00fchtlaselt, p\u00f6\u00f6ra eriti t\u00e4helepanu juuste otstele ning lase toimida 5 minutit. Loputa palsam korralikult juustest v\u00e4lja.\u00a0 Parima tulemuse saavutamiseks kasuta koos Faith in Nature loodusliku lavendli ja pelargooni\u00f5li sisaldava \u0161ampooniga. Silma sattumisel loputa koheselt puhta veega.\u00a0<\/p><p>Produkto sud\u0117tyje n\u0117ra paraben\u0173 ar SLS jungini\u0173. Plauk\u0173 kondicionieriaus kvapas kil\u0119s i\u0161 100% nat\u016brali\u0173 kvap\u0173. Produktas tinka veganams.\u00a0<\/p><p>Produkto pakuot\u0117 pagaminta i\u0161 perdirbt\u0173 med\u017eiag\u0173, prisidedan\u010di\u0173 prie ekologinio p\u0117dsako.<\/p>\t\t\t\t\t\t\t\t<\/div>\n\t\t\t\t<\/div>\n\t\t\t\t\t<\/div>\n\t\t<\/div>\n\t\t\t\t<div class=\"elementor-column elementor-col-50 elementor-top-column elementor-element elementor-element-2de8207\" data-id=\"2de8207\" data-element_type=\"column\" data-e-type=\"column\">\n\t\t\t<div class=\"elementor-widget-wrap elementor-element-populated\">\n\t\t\t\t\t\t<div class=\"elementor-element elementor-element-f845967 elementor-widget elementor-widget-image\" data-id=\"f845967\" data-element_type=\"widget\" data-e-type=\"widget\" data-widget_type=\"image.default\">\n\t\t\t\t<div class=\"elementor-widget-container\">\n\t\t\t\t\t\t\t\t\t\t\t\t\t\t\t<img decoding=\"async\" width=\"400\" height=\"400\" src=\"https:\/\/beebipai.ee\/wp-content\/uploads\/2023\/10\/Faith-in-Natuire-palsam-lavendliga-2-e1697289552620.webp\" class=\"attachment-large size-large wp-image-9400\" alt=\"\" \/>\t\t\t\t\t\t\t\t\t\t\t\t\t\t\t<\/div>\n\t\t\t\t<\/div>\n\t\t\t\t\t<\/div>\n\t\t<\/div>\n\t\t\t\t\t<\/div>\n\t\t<\/section>\n\t\t\t\t<\/div>","protected":false},"excerpt":{"rendered":"<p>Faith in Nature looduslik palsam lavendli ja pelargooni\u00f5liga pakub juustele rikkalikult toitaineid. Lavendel ja pelargooni\u00f5li mitmek\u00fclgsete ja rikkalike omaduste poolest sobivad normaalsetele\/kuivadele\u00a0 juukset\u00fc\u00fcpidele.<\/p>\n<p>Tinka kasdieniam naudojimui nuo 3 met\u0173, taip pat n\u0117\u0161tumo ir \u017eindymo laikotarpiu.<\/p>\n<p>99% ingredient\u0173 yra nat\u016bral\u016bs, 100% biologi\u0161kai skaid\u016bs<\/p>\n<p>Pagaminta Anglijoje<\/p>","protected":false},"featured_media":9401,"template":"","meta":{"_monsterinsights_skip_tracking":false,"_monsterinsights_sitenote_active":false,"_monsterinsights_sitenote_note":"","_monsterinsights_sitenote_category":0,"site-sidebar-layout":"no-sidebar","site-content-layout":"page-builder","ast-site-content-layout":"full-width-container","site-content-style":"default","site-sidebar-style":"default","ast-global-header-display":"","ast-banner-title-visibility":"","ast-main-header-display":"","ast-hfb-above-header-display":"","ast-hfb-below-header-display":"","ast-hfb-mobile-header-display":"","site-post-title":"disabled","ast-breadcrumbs-content":"","ast-featured-img":"disabled","footer-sml-layout":"","ast-disable-related-posts":"","theme-transparent-header-meta":"default","adv-header-id-meta":"","stick-header-meta":"","header-above-stick-meta":"","header-main-stick-meta":"","header-below-stick-meta":"","astra-migrate-meta-layouts":"set","ast-page-background-enabled":"default","ast-page-background-meta":{"desktop":{"background-color":"","background-image":"","background-repeat":"repeat","background-position":"center center","background-size":"auto","background-attachment":"scroll","background-type":"","background-media":"","overlay-type":"","overlay-color":"","overlay-opacity":"","overlay-gradient":""},"tablet":{"background-color":"","background-image":"","background-repeat":"repeat","background-position":"center center","background-size":"auto","background-attachment":"scroll","background-type":"","background-media":"","overlay-type":"","overlay-color":"","overlay-opacity":"","overlay-gradient":""},"mobile":{"background-color":"","background-image":"","background-repeat":"repeat","background-position":"center center","background-size":"auto","background-attachment":"scroll","background-type":"","background-media":"","overlay-type":"","overlay-color":"","overlay-opacity":"","overlay-gradient":""}},"ast-content-background-meta":{"desktop":{"background-color":"var(--ast-global-color-5)","background-image":"","background-repeat":"repeat","background-position":"center center","background-size":"auto","background-attachment":"scroll","background-type":"","background-media":"","overlay-type":"","overlay-color":"","overlay-opacity":"","overlay-gradient":""},"tablet":{"background-color":"var(--ast-global-color-5)","background-image":"","background-repeat":"repeat","background-position":"center center","background-size":"auto","background-attachment":"scroll","background-type":"","background-media":"","overlay-type":"","overlay-color":"","overlay-opacity":"","overlay-gradient":""},"mobile":{"background-color":"var(--ast-global-color-5)","background-image":"","background-repeat":"repeat","background-position":"center center","background-size":"auto","background-attachment":"scroll","background-type":"","background-media":"","overlay-type":"","overlay-color":"","overlay-opacity":"","overlay-gradient":""}}},"product_brand":[],"product_cat":[112,22,100],"product_tag":[],"class_list":{"0":"post-9399","1":"product","2":"type-product","3":"status-publish","4":"has-post-thumbnail","6":"product_cat-dusigeelid-sampoonid-palsamid","7":"product_cat-emale","8":"product_cat-hooldus-emale","9":"desktop-align-left","10":"tablet-align-left","11":"mobile-align-left","13":"first","14":"instock","15":"sale","16":"taxable","17":"shipping-taxable","18":"purchasable","19":"product-type-simple"},"yoast_head":"<!-- This site is optimized with the Yoast SEO plugin v27.3 - https:\/\/yoast.com\/product\/yoast-seo-wordpress\/ -->\n<title>Faith in Nature looduslik palsam lavendli ja pelargooni\u00f5liga, 400ml - Beebipai<\/title>\n<meta name=\"description\" content=\"Faith in Nature looduslik palsam lavendli ja pelargooni\u00f5liga toidab juukseid rikkalikult. Vaata toodet Faith in Nature looduslik palsam lavendli ja pelargooni\u00f5liga!\" \/>\n<meta name=\"robots\" content=\"index, follow, max-snippet:-1, max-image-preview:large, max-video-preview:-1\" \/>\n<link rel=\"canonical\" href=\"https:\/\/beebipai.ee\/lt\/product\/faith-in-nature-looduslik-palsam-lavendli-ja-pelargoonioliga-400ml\/\" \/>\n<meta property=\"og:locale\" content=\"lt_LT\" \/>\n<meta property=\"og:type\" content=\"article\" \/>\n<meta property=\"og:title\" content=\"Faith in Nature looduslik palsam lavendli ja pelargooni\u00f5liga, 400ml - Beebipai\" \/>\n<meta property=\"og:description\" content=\"Faith in Nature looduslik palsam lavendli ja pelargooni\u00f5liga toidab juukseid rikkalikult. Vaata toodet Faith in Nature looduslik palsam lavendli ja pelargooni\u00f5liga!\" \/>\n<meta property=\"og:url\" content=\"https:\/\/beebipai.ee\/lt\/product\/faith-in-nature-looduslik-palsam-lavendli-ja-pelargoonioliga-400ml\/\" \/>\n<meta property=\"og:site_name\" content=\"Beebipai\" \/>\n<meta property=\"article:modified_time\" content=\"2026-02-11T12:14:35+00:00\" \/>\n<meta property=\"og:image\" content=\"https:\/\/beebipai.ee\/wp-content\/uploads\/2023\/10\/Faith-in-Nature-palsam-lavendliga-1-e1697276082712.jpg\" \/>\n\t<meta property=\"og:image:width\" content=\"500\" \/>\n\t<meta property=\"og:image:height\" content=\"500\" \/>\n\t<meta property=\"og:image:type\" content=\"image\/jpeg\" \/>\n<meta name=\"twitter:card\" content=\"summary_large_image\" \/>\n<meta name=\"twitter:label1\" content=\"Est. reading time\" \/>\n\t<meta name=\"twitter:data1\" content=\"1 minut\u0117\" \/>\n<script type=\"application\/ld+json\" class=\"yoast-schema-graph\">{\"@context\":\"https:\\\/\\\/schema.org\",\"@graph\":[{\"@type\":\"WebPage\",\"@id\":\"https:\\\/\\\/beebipai.ee\\\/product\\\/faith-in-nature-looduslik-palsam-lavendli-ja-pelargoonioliga-400ml\\\/\",\"url\":\"https:\\\/\\\/beebipai.ee\\\/product\\\/faith-in-nature-looduslik-palsam-lavendli-ja-pelargoonioliga-400ml\\\/\",\"name\":\"Faith in Nature looduslik palsam lavendli ja pelargooni\u00f5liga, 400ml - Beebipai\",\"isPartOf\":{\"@id\":\"https:\\\/\\\/beebipai.ee\\\/en\\\/#website\"},\"primaryImageOfPage\":{\"@id\":\"https:\\\/\\\/beebipai.ee\\\/product\\\/faith-in-nature-looduslik-palsam-lavendli-ja-pelargoonioliga-400ml\\\/#primaryimage\"},\"image\":{\"@id\":\"https:\\\/\\\/beebipai.ee\\\/product\\\/faith-in-nature-looduslik-palsam-lavendli-ja-pelargoonioliga-400ml\\\/#primaryimage\"},\"thumbnailUrl\":\"https:\\\/\\\/beebipai.ee\\\/wp-content\\\/uploads\\\/2023\\\/10\\\/Faith-in-Nature-palsam-lavendliga-1-e1697276082712.jpg\",\"datePublished\":\"2023-10-14T09:35:48+00:00\",\"dateModified\":\"2026-02-11T12:14:35+00:00\",\"description\":\"Faith in Nature looduslik palsam lavendli ja pelargooni\u00f5liga toidab juukseid rikkalikult. Vaata toodet Faith in Nature looduslik palsam lavendli ja pelargooni\u00f5liga!\",\"breadcrumb\":{\"@id\":\"https:\\\/\\\/beebipai.ee\\\/product\\\/faith-in-nature-looduslik-palsam-lavendli-ja-pelargoonioliga-400ml\\\/#breadcrumb\"},\"inLanguage\":\"lt-LT\",\"potentialAction\":[{\"@type\":\"ReadAction\",\"target\":[\"https:\\\/\\\/beebipai.ee\\\/product\\\/faith-in-nature-looduslik-palsam-lavendli-ja-pelargoonioliga-400ml\\\/\"]}]},{\"@type\":\"ImageObject\",\"inLanguage\":\"lt-LT\",\"@id\":\"https:\\\/\\\/beebipai.ee\\\/product\\\/faith-in-nature-looduslik-palsam-lavendli-ja-pelargoonioliga-400ml\\\/#primaryimage\",\"url\":\"https:\\\/\\\/beebipai.ee\\\/wp-content\\\/uploads\\\/2023\\\/10\\\/Faith-in-Nature-palsam-lavendliga-1-e1697276082712.jpg\",\"contentUrl\":\"https:\\\/\\\/beebipai.ee\\\/wp-content\\\/uploads\\\/2023\\\/10\\\/Faith-in-Nature-palsam-lavendliga-1-e1697276082712.jpg\",\"width\":500,\"height\":500},{\"@type\":\"BreadcrumbList\",\"@id\":\"https:\\\/\\\/beebipai.ee\\\/product\\\/faith-in-nature-looduslik-palsam-lavendli-ja-pelargoonioliga-400ml\\\/#breadcrumb\",\"itemListElement\":[{\"@type\":\"ListItem\",\"position\":1,\"name\":\"Home\",\"item\":\"https:\\\/\\\/beebipai.ee\\\/\"},{\"@type\":\"ListItem\",\"position\":2,\"name\":\"Pood\",\"item\":\"https:\\\/\\\/beebipai.ee\\\/store\\\/\"},{\"@type\":\"ListItem\",\"position\":3,\"name\":\"Faith in Nature looduslik palsam lavendli ja pelargooni\u00f5liga, 400ml\"}]},{\"@type\":\"WebSite\",\"@id\":\"https:\\\/\\\/beebipai.ee\\\/en\\\/#website\",\"url\":\"https:\\\/\\\/beebipai.ee\\\/en\\\/\",\"name\":\"Beebipai\",\"description\":\"Rasedate ja beebide veebipood\",\"potentialAction\":[{\"@type\":\"SearchAction\",\"target\":{\"@type\":\"EntryPoint\",\"urlTemplate\":\"https:\\\/\\\/beebipai.ee\\\/en\\\/?s={search_term_string}\"},\"query-input\":{\"@type\":\"PropertyValueSpecification\",\"valueRequired\":true,\"valueName\":\"search_term_string\"}}],\"inLanguage\":\"lt-LT\"}]}<\/script>\n<!-- \/ Yoast SEO plugin. -->","yoast_head_json":{"title":"Faith in Nature looduslik palsam lavendli ja pelargooni\u00f5liga, 400ml - Beebipai","description":"Faith in Nature looduslik palsam lavendli ja pelargooni\u00f5liga toidab juukseid rikkalikult. Vaata toodet Faith in Nature looduslik palsam lavendli ja pelargooni\u00f5liga!","robots":{"index":"index","follow":"follow","max-snippet":"max-snippet:-1","max-image-preview":"max-image-preview:large","max-video-preview":"max-video-preview:-1"},"canonical":"https:\/\/beebipai.ee\/lt\/product\/faith-in-nature-looduslik-palsam-lavendli-ja-pelargoonioliga-400ml\/","og_locale":"lt_LT","og_type":"article","og_title":"Faith in Nature looduslik palsam lavendli ja pelargooni\u00f5liga, 400ml - Beebipai","og_description":"Faith in Nature looduslik palsam lavendli ja pelargooni\u00f5liga toidab juukseid rikkalikult. Vaata toodet Faith in Nature looduslik palsam lavendli ja pelargooni\u00f5liga!","og_url":"https:\/\/beebipai.ee\/lt\/product\/faith-in-nature-looduslik-palsam-lavendli-ja-pelargoonioliga-400ml\/","og_site_name":"Beebipai","article_modified_time":"2026-02-11T12:14:35+00:00","og_image":[{"width":500,"height":500,"url":"https:\/\/beebipai.ee\/wp-content\/uploads\/2023\/10\/Faith-in-Nature-palsam-lavendliga-1-e1697276082712.jpg","type":"image\/jpeg"}],"twitter_card":"summary_large_image","twitter_misc":{"Est. reading time":"1 minut\u0117"},"schema":{"@context":"https:\/\/schema.org","@graph":[{"@type":"WebPage","@id":"https:\/\/beebipai.ee\/product\/faith-in-nature-looduslik-palsam-lavendli-ja-pelargoonioliga-400ml\/","url":"https:\/\/beebipai.ee\/product\/faith-in-nature-looduslik-palsam-lavendli-ja-pelargoonioliga-400ml\/","name":"Faith in Nature looduslik palsam lavendli ja pelargooni\u00f5liga, 400ml - Beebipai","isPartOf":{"@id":"https:\/\/beebipai.ee\/en\/#website"},"primaryImageOfPage":{"@id":"https:\/\/beebipai.ee\/product\/faith-in-nature-looduslik-palsam-lavendli-ja-pelargoonioliga-400ml\/#primaryimage"},"image":{"@id":"https:\/\/beebipai.ee\/product\/faith-in-nature-looduslik-palsam-lavendli-ja-pelargoonioliga-400ml\/#primaryimage"},"thumbnailUrl":"https:\/\/beebipai.ee\/wp-content\/uploads\/2023\/10\/Faith-in-Nature-palsam-lavendliga-1-e1697276082712.jpg","datePublished":"2023-10-14T09:35:48+00:00","dateModified":"2026-02-11T12:14:35+00:00","description":"Faith in Nature looduslik palsam lavendli ja pelargooni\u00f5liga toidab juukseid rikkalikult. Vaata toodet Faith in Nature looduslik palsam lavendli ja pelargooni\u00f5liga!","breadcrumb":{"@id":"https:\/\/beebipai.ee\/product\/faith-in-nature-looduslik-palsam-lavendli-ja-pelargoonioliga-400ml\/#breadcrumb"},"inLanguage":"lt-LT","potentialAction":[{"@type":"ReadAction","target":["https:\/\/beebipai.ee\/product\/faith-in-nature-looduslik-palsam-lavendli-ja-pelargoonioliga-400ml\/"]}]},{"@type":"ImageObject","inLanguage":"lt-LT","@id":"https:\/\/beebipai.ee\/product\/faith-in-nature-looduslik-palsam-lavendli-ja-pelargoonioliga-400ml\/#primaryimage","url":"https:\/\/beebipai.ee\/wp-content\/uploads\/2023\/10\/Faith-in-Nature-palsam-lavendliga-1-e1697276082712.jpg","contentUrl":"https:\/\/beebipai.ee\/wp-content\/uploads\/2023\/10\/Faith-in-Nature-palsam-lavendliga-1-e1697276082712.jpg","width":500,"height":500},{"@type":"BreadcrumbList","@id":"https:\/\/beebipai.ee\/product\/faith-in-nature-looduslik-palsam-lavendli-ja-pelargoonioliga-400ml\/#breadcrumb","itemListElement":[{"@type":"ListItem","position":1,"name":"Home","item":"https:\/\/beebipai.ee\/"},{"@type":"ListItem","position":2,"name":"Pood","item":"https:\/\/beebipai.ee\/store\/"},{"@type":"ListItem","position":3,"name":"Faith in Nature looduslik palsam lavendli ja pelargooni\u00f5liga, 400ml"}]},{"@type":"WebSite","@id":"https:\/\/beebipai.ee\/en\/#website","url":"https:\/\/beebipai.ee\/en\/","name":"Beebipai","description":"Rasedate ja beebide veebipood","potentialAction":[{"@type":"SearchAction","target":{"@type":"EntryPoint","urlTemplate":"https:\/\/beebipai.ee\/en\/?s={search_term_string}"},"query-input":{"@type":"PropertyValueSpecification","valueRequired":true,"valueName":"search_term_string"}}],"inLanguage":"lt-LT"}]}},"_links":{"self":[{"href":"https:\/\/beebipai.ee\/lt\/wp-json\/wp\/v2\/product\/9399","targetHints":{"allow":["GET"]}}],"collection":[{"href":"https:\/\/beebipai.ee\/lt\/wp-json\/wp\/v2\/product"}],"about":[{"href":"https:\/\/beebipai.ee\/lt\/wp-json\/wp\/v2\/types\/product"}],"version-history":[{"count":5,"href":"https:\/\/beebipai.ee\/lt\/wp-json\/wp\/v2\/product\/9399\/revisions"}],"predecessor-version":[{"id":9412,"href":"https:\/\/beebipai.ee\/lt\/wp-json\/wp\/v2\/product\/9399\/revisions\/9412"}],"wp:featuredmedia":[{"embeddable":true,"href":"https:\/\/beebipai.ee\/lt\/wp-json\/wp\/v2\/media\/9401"}],"wp:attachment":[{"href":"https:\/\/beebipai.ee\/lt\/wp-json\/wp\/v2\/media?parent=9399"}],"wp:term":[{"taxonomy":"product_brand","embeddable":true,"href":"https:\/\/beebipai.ee\/lt\/wp-json\/wp\/v2\/product_brand?post=9399"},{"taxonomy":"product_cat","embeddable":true,"href":"https:\/\/beebipai.ee\/lt\/wp-json\/wp\/v2\/product_cat?post=9399"},{"taxonomy":"product_tag","embeddable":true,"href":"https:\/\/beebipai.ee\/lt\/wp-json\/wp\/v2\/product_tag?post=9399"}],"curies":[{"name":"wp","href":"https:\/\/api.w.org\/{rel}","templated":true}]}}