{"id":8748,"date":"2023-07-04T15:32:37","date_gmt":"2023-07-04T12:32:37","guid":{"rendered":"https:\/\/beebipai.ee\/?post_type=product&#038;p=8748"},"modified":"2023-07-04T15:39:38","modified_gmt":"2023-07-04T12:39:38","slug":"kikkaboo-soogikauss-kaanega","status":"publish","type":"product","link":"https:\/\/beebipai.ee\/lt\/product\/kikkaboo-soogikauss-kaanega\/","title":{"rendered":"Kikkaboo maisto dubuo su dangteliu"},"content":{"rendered":"<div data-elementor-type=\"wp-post\" data-elementor-id=\"8748\" class=\"elementor elementor-8748\">\n\t\t\t\t\t\t<section class=\"elementor-section elementor-top-section elementor-element elementor-element-fb64990 elementor-section-boxed elementor-section-height-default elementor-section-height-default\" data-id=\"fb64990\" data-element_type=\"section\" data-e-type=\"section\">\n\t\t\t\t\t\t<div class=\"elementor-container elementor-column-gap-default\">\n\t\t\t\t\t<div class=\"elementor-column elementor-col-50 elementor-top-column elementor-element elementor-element-6e2e296\" data-id=\"6e2e296\" data-element_type=\"column\" data-e-type=\"column\">\n\t\t\t<div class=\"elementor-widget-wrap elementor-element-populated\">\n\t\t\t\t\t\t<div class=\"elementor-element elementor-element-f79b9fd elementor-widget elementor-widget-heading\" data-id=\"f79b9fd\" data-element_type=\"widget\" data-e-type=\"widget\" data-widget_type=\"heading.default\">\n\t\t\t\t<div class=\"elementor-widget-container\">\n\t\t\t\t\t<h2 class=\"elementor-heading-title elementor-size-default\">Kikkaboo maisto dubuo su dangteliu<\/h2>\t\t\t\t<\/div>\n\t\t\t\t<\/div>\n\t\t\t\t<div class=\"elementor-element elementor-element-829d6bb elementor-widget elementor-widget-text-editor\" data-id=\"829d6bb\" data-element_type=\"widget\" data-e-type=\"widget\" data-widget_type=\"text-editor.default\">\n\t\t\t\t<div class=\"elementor-widget-container\">\n\t\t\t\t\t\t\t\t\t<p>Prakti\u0161k\u0105 ir patog\u0173 maisto duben\u012f galite naudoti maistui laikyti, pasiimti su savimi ir valgyti. Rinkinyje yra ir \u0161auk\u0161tas, ir \u0161akut\u0117, kurie kaip tik tiks ma\u017eam \u017emogui. Laikykite \u0161auk\u0161t\u0105 ir \u0161akut\u0119 ant itin lengvo duben\u0117lio dang\u010dio. Duben\u012f galima paimti \u012f \u012fvairias dalis \u2013 gali b\u016bti naudojamas ir kaip duben\u0117lis, ir kaip l\u0117k\u0161t\u0117. Duben\u0117lio apa\u010dioje esantis siurbtukas u\u017etikrina, kad dubuo naudojimo metu nejud\u0117t\u0173 ir vaikas negal\u0117t\u0173 jo numu\u0161ti. Talpa 700ml. Visos med\u017eiagos saugios, be BPA.<\/p>\t\t\t\t\t\t\t\t<\/div>\n\t\t\t\t<\/div>\n\t\t\t\t\t<\/div>\n\t\t<\/div>\n\t\t\t\t<div class=\"elementor-column elementor-col-50 elementor-top-column elementor-element elementor-element-b7fc015\" data-id=\"b7fc015\" data-element_type=\"column\" data-e-type=\"column\">\n\t\t\t<div class=\"elementor-widget-wrap elementor-element-populated\">\n\t\t\t\t\t\t<div class=\"elementor-element elementor-element-9e264b2 elementor-widget elementor-widget-image\" data-id=\"9e264b2\" data-element_type=\"widget\" data-e-type=\"widget\" data-widget_type=\"image.default\">\n\t\t\t\t<div class=\"elementor-widget-container\">\n\t\t\t\t\t\t\t\t\t\t\t\t\t\t\t<img fetchpriority=\"high\" decoding=\"async\" width=\"1024\" height=\"683\" src=\"https:\/\/beebipai.ee\/wp-content\/uploads\/2023\/07\/Soogikauss-kaanega-19-1024x683.jpg\" class=\"attachment-large size-large wp-image-8770\" alt=\"\" srcset=\"https:\/\/beebipai.ee\/wp-content\/uploads\/2023\/07\/Soogikauss-kaanega-19-1024x683.jpg 1024w, https:\/\/beebipai.ee\/wp-content\/uploads\/2023\/07\/Soogikauss-kaanega-19-e1688474020611-300x200.jpg 300w, https:\/\/beebipai.ee\/wp-content\/uploads\/2023\/07\/Soogikauss-kaanega-19-768x513.jpg 768w, https:\/\/beebipai.ee\/wp-content\/uploads\/2023\/07\/Soogikauss-kaanega-19-e1688474020611-18x12.jpg 18w, https:\/\/beebipai.ee\/wp-content\/uploads\/2023\/07\/Soogikauss-kaanega-19-e1688474020611.jpg 600w\" sizes=\"(max-width: 1024px) 100vw, 1024px\" \/>\t\t\t\t\t\t\t\t\t\t\t\t\t\t\t<\/div>\n\t\t\t\t<\/div>\n\t\t\t\t\t<\/div>\n\t\t<\/div>\n\t\t\t\t\t<\/div>\n\t\t<\/section>\n\t\t\t\t<\/div>","protected":false},"excerpt":{"rendered":"<p>Kikkaboo maitinimo dubuo su dangteliu yra patogus ir prakti\u0161kas tiek vaikui, tiek t\u0117vams. Patogus naudoti maistui pasiimti, laikyti ir valgyti.<\/p>","protected":false},"featured_media":8773,"template":"","meta":{"_monsterinsights_skip_tracking":false,"_monsterinsights_sitenote_active":false,"_monsterinsights_sitenote_note":"","_monsterinsights_sitenote_category":0,"site-sidebar-layout":"no-sidebar","site-content-layout":"page-builder","ast-site-content-layout":"default","site-content-style":"default","site-sidebar-style":"default","ast-global-header-display":"","ast-banner-title-visibility":"","ast-main-header-display":"","ast-hfb-above-header-display":"","ast-hfb-below-header-display":"","ast-hfb-mobile-header-display":"","site-post-title":"disabled","ast-breadcrumbs-content":"","ast-featured-img":"disabled","footer-sml-layout":"","ast-disable-related-posts":"","theme-transparent-header-meta":"default","adv-header-id-meta":"","stick-header-meta":"","header-above-stick-meta":"","header-main-stick-meta":"","header-below-stick-meta":"","astra-migrate-meta-layouts":"default","ast-page-background-enabled":"default","ast-page-background-meta":{"desktop":{"background-color":"","background-image":"","background-repeat":"repeat","background-position":"center center","background-size":"auto","background-attachment":"scroll","background-type":"","background-media":"","overlay-type":"","overlay-color":"","overlay-opacity":"","overlay-gradient":""},"tablet":{"background-color":"","background-image":"","background-repeat":"repeat","background-position":"center center","background-size":"auto","background-attachment":"scroll","background-type":"","background-media":"","overlay-type":"","overlay-color":"","overlay-opacity":"","overlay-gradient":""},"mobile":{"background-color":"","background-image":"","background-repeat":"repeat","background-position":"center center","background-size":"auto","background-attachment":"scroll","background-type":"","background-media":"","overlay-type":"","overlay-color":"","overlay-opacity":"","overlay-gradient":""}},"ast-content-background-meta":{"desktop":{"background-color":"var(--ast-global-color-5)","background-image":"","background-repeat":"repeat","background-position":"center center","background-size":"auto","background-attachment":"scroll","background-type":"","background-media":"","overlay-type":"","overlay-color":"","overlay-opacity":"","overlay-gradient":""},"tablet":{"background-color":"var(--ast-global-color-5)","background-image":"","background-repeat":"repeat","background-position":"center center","background-size":"auto","background-attachment":"scroll","background-type":"","background-media":"","overlay-type":"","overlay-color":"","overlay-opacity":"","overlay-gradient":""},"mobile":{"background-color":"var(--ast-global-color-5)","background-image":"","background-repeat":"repeat","background-position":"center center","background-size":"auto","background-attachment":"scroll","background-type":"","background-media":"","overlay-type":"","overlay-color":"","overlay-opacity":"","overlay-gradient":""}}},"product_brand":[],"product_cat":[23,144,143],"product_tag":[],"class_list":{"0":"post-8748","1":"product","2":"type-product","3":"status-publish","4":"has-post-thumbnail","6":"product_cat-beebile","7":"product_cat-soomistarbed","8":"product_cat-sootmiseks-soomiseks","9":"desktop-align-left","10":"tablet-align-left","11":"mobile-align-left","13":"first","14":"instock","15":"taxable","16":"shipping-taxable","17":"purchasable","18":"product-type-variable"},"yoast_head":"<!-- This site is optimized with the Yoast SEO plugin v27.4 - https:\/\/yoast.com\/product\/yoast-seo-wordpress\/ -->\n<title>Kikkaboo s\u00f6\u00f6gikauss kaanega - Beebipai<\/title>\n<meta name=\"description\" content=\"Kikkaboo s\u00f6\u00f6gikauss kaanega on ideaalne toidu kaasa v\u00f5tmiseks, hoiustamiseks ja s\u00f6\u00f6miseks. Vaata toodet Kikkaboo s\u00f6\u00f6gikauss kaanega!\" \/>\n<meta name=\"robots\" content=\"index, follow, max-snippet:-1, max-image-preview:large, max-video-preview:-1\" \/>\n<link rel=\"canonical\" href=\"https:\/\/beebipai.ee\/lt\/product\/kikkaboo-soogikauss-kaanega\/\" \/>\n<meta property=\"og:locale\" content=\"lt_LT\" \/>\n<meta property=\"og:type\" content=\"article\" \/>\n<meta property=\"og:title\" content=\"Kikkaboo s\u00f6\u00f6gikauss kaanega - Beebipai\" \/>\n<meta property=\"og:description\" content=\"Kikkaboo s\u00f6\u00f6gikauss kaanega on ideaalne toidu kaasa v\u00f5tmiseks, hoiustamiseks ja s\u00f6\u00f6miseks. Vaata toodet Kikkaboo s\u00f6\u00f6gikauss kaanega!\" \/>\n<meta property=\"og:url\" content=\"https:\/\/beebipai.ee\/lt\/product\/kikkaboo-soogikauss-kaanega\/\" \/>\n<meta property=\"og:site_name\" content=\"Beebipai\" \/>\n<meta property=\"article:modified_time\" content=\"2023-07-04T12:39:38+00:00\" \/>\n<meta property=\"og:image\" content=\"https:\/\/beebipai.ee\/wp-content\/uploads\/2023\/07\/Soogikauss-kaanega.jpg\" \/>\n\t<meta property=\"og:image:width\" content=\"522\" \/>\n\t<meta property=\"og:image:height\" content=\"522\" \/>\n\t<meta property=\"og:image:type\" content=\"image\/jpeg\" \/>\n<meta name=\"twitter:card\" content=\"summary_large_image\" \/>\n<script type=\"application\/ld+json\" class=\"yoast-schema-graph\">{\"@context\":\"https:\\\/\\\/schema.org\",\"@graph\":[{\"@type\":\"WebPage\",\"@id\":\"https:\\\/\\\/beebipai.ee\\\/lv\\\/product\\\/kikkaboo-soogikauss-kaanega\\\/\",\"url\":\"https:\\\/\\\/beebipai.ee\\\/lv\\\/product\\\/kikkaboo-soogikauss-kaanega\\\/\",\"name\":\"Kikkaboo s\u00f6\u00f6gikauss kaanega - Beebipai\",\"isPartOf\":{\"@id\":\"https:\\\/\\\/beebipai.ee\\\/en\\\/#website\"},\"primaryImageOfPage\":{\"@id\":\"https:\\\/\\\/beebipai.ee\\\/lv\\\/product\\\/kikkaboo-soogikauss-kaanega\\\/#primaryimage\"},\"image\":{\"@id\":\"https:\\\/\\\/beebipai.ee\\\/lv\\\/product\\\/kikkaboo-soogikauss-kaanega\\\/#primaryimage\"},\"thumbnailUrl\":\"https:\\\/\\\/beebipai.ee\\\/wp-content\\\/uploads\\\/2023\\\/07\\\/Soogikauss-kaanega.jpg\",\"datePublished\":\"2023-07-04T12:32:37+00:00\",\"dateModified\":\"2023-07-04T12:39:38+00:00\",\"description\":\"Kikkaboo s\u00f6\u00f6gikauss kaanega on ideaalne toidu kaasa v\u00f5tmiseks, hoiustamiseks ja s\u00f6\u00f6miseks. Vaata toodet Kikkaboo s\u00f6\u00f6gikauss kaanega!\",\"breadcrumb\":{\"@id\":\"https:\\\/\\\/beebipai.ee\\\/lv\\\/product\\\/kikkaboo-soogikauss-kaanega\\\/#breadcrumb\"},\"inLanguage\":\"lt-LT\",\"potentialAction\":[{\"@type\":\"ReadAction\",\"target\":[\"https:\\\/\\\/beebipai.ee\\\/lv\\\/product\\\/kikkaboo-soogikauss-kaanega\\\/\"]}]},{\"@type\":\"ImageObject\",\"inLanguage\":\"lt-LT\",\"@id\":\"https:\\\/\\\/beebipai.ee\\\/lv\\\/product\\\/kikkaboo-soogikauss-kaanega\\\/#primaryimage\",\"url\":\"https:\\\/\\\/beebipai.ee\\\/wp-content\\\/uploads\\\/2023\\\/07\\\/Soogikauss-kaanega.jpg\",\"contentUrl\":\"https:\\\/\\\/beebipai.ee\\\/wp-content\\\/uploads\\\/2023\\\/07\\\/Soogikauss-kaanega.jpg\",\"width\":522,\"height\":522},{\"@type\":\"BreadcrumbList\",\"@id\":\"https:\\\/\\\/beebipai.ee\\\/lv\\\/product\\\/kikkaboo-soogikauss-kaanega\\\/#breadcrumb\",\"itemListElement\":[{\"@type\":\"ListItem\",\"position\":1,\"name\":\"Home\",\"item\":\"https:\\\/\\\/beebipai.ee\\\/\"},{\"@type\":\"ListItem\",\"position\":2,\"name\":\"Pood\",\"item\":\"https:\\\/\\\/beebipai.ee\\\/store\\\/\"},{\"@type\":\"ListItem\",\"position\":3,\"name\":\"Kikkaboo s\u00f6\u00f6gikauss kaanega\"}]},{\"@type\":\"WebSite\",\"@id\":\"https:\\\/\\\/beebipai.ee\\\/en\\\/#website\",\"url\":\"https:\\\/\\\/beebipai.ee\\\/en\\\/\",\"name\":\"Beebipai\",\"description\":\"Rasedate ja beebide veebipood\",\"potentialAction\":[{\"@type\":\"SearchAction\",\"target\":{\"@type\":\"EntryPoint\",\"urlTemplate\":\"https:\\\/\\\/beebipai.ee\\\/en\\\/?s={search_term_string}\"},\"query-input\":{\"@type\":\"PropertyValueSpecification\",\"valueRequired\":true,\"valueName\":\"search_term_string\"}}],\"inLanguage\":\"lt-LT\"}]}<\/script>\n<!-- \/ Yoast SEO plugin. -->","yoast_head_json":{"title":"Kikkaboo s\u00f6\u00f6gikauss kaanega - Beebipai","description":"Kikkaboo s\u00f6\u00f6gikauss kaanega on ideaalne toidu kaasa v\u00f5tmiseks, hoiustamiseks ja s\u00f6\u00f6miseks. Vaata toodet Kikkaboo s\u00f6\u00f6gikauss kaanega!","robots":{"index":"index","follow":"follow","max-snippet":"max-snippet:-1","max-image-preview":"max-image-preview:large","max-video-preview":"max-video-preview:-1"},"canonical":"https:\/\/beebipai.ee\/lt\/product\/kikkaboo-soogikauss-kaanega\/","og_locale":"lt_LT","og_type":"article","og_title":"Kikkaboo s\u00f6\u00f6gikauss kaanega - Beebipai","og_description":"Kikkaboo s\u00f6\u00f6gikauss kaanega on ideaalne toidu kaasa v\u00f5tmiseks, hoiustamiseks ja s\u00f6\u00f6miseks. Vaata toodet Kikkaboo s\u00f6\u00f6gikauss kaanega!","og_url":"https:\/\/beebipai.ee\/lt\/product\/kikkaboo-soogikauss-kaanega\/","og_site_name":"Beebipai","article_modified_time":"2023-07-04T12:39:38+00:00","og_image":[{"width":522,"height":522,"url":"https:\/\/beebipai.ee\/wp-content\/uploads\/2023\/07\/Soogikauss-kaanega.jpg","type":"image\/jpeg"}],"twitter_card":"summary_large_image","schema":{"@context":"https:\/\/schema.org","@graph":[{"@type":"WebPage","@id":"https:\/\/beebipai.ee\/lv\/product\/kikkaboo-soogikauss-kaanega\/","url":"https:\/\/beebipai.ee\/lv\/product\/kikkaboo-soogikauss-kaanega\/","name":"Kikkaboo s\u00f6\u00f6gikauss kaanega - Beebipai","isPartOf":{"@id":"https:\/\/beebipai.ee\/en\/#website"},"primaryImageOfPage":{"@id":"https:\/\/beebipai.ee\/lv\/product\/kikkaboo-soogikauss-kaanega\/#primaryimage"},"image":{"@id":"https:\/\/beebipai.ee\/lv\/product\/kikkaboo-soogikauss-kaanega\/#primaryimage"},"thumbnailUrl":"https:\/\/beebipai.ee\/wp-content\/uploads\/2023\/07\/Soogikauss-kaanega.jpg","datePublished":"2023-07-04T12:32:37+00:00","dateModified":"2023-07-04T12:39:38+00:00","description":"Kikkaboo s\u00f6\u00f6gikauss kaanega on ideaalne toidu kaasa v\u00f5tmiseks, hoiustamiseks ja s\u00f6\u00f6miseks. Vaata toodet Kikkaboo s\u00f6\u00f6gikauss kaanega!","breadcrumb":{"@id":"https:\/\/beebipai.ee\/lv\/product\/kikkaboo-soogikauss-kaanega\/#breadcrumb"},"inLanguage":"lt-LT","potentialAction":[{"@type":"ReadAction","target":["https:\/\/beebipai.ee\/lv\/product\/kikkaboo-soogikauss-kaanega\/"]}]},{"@type":"ImageObject","inLanguage":"lt-LT","@id":"https:\/\/beebipai.ee\/lv\/product\/kikkaboo-soogikauss-kaanega\/#primaryimage","url":"https:\/\/beebipai.ee\/wp-content\/uploads\/2023\/07\/Soogikauss-kaanega.jpg","contentUrl":"https:\/\/beebipai.ee\/wp-content\/uploads\/2023\/07\/Soogikauss-kaanega.jpg","width":522,"height":522},{"@type":"BreadcrumbList","@id":"https:\/\/beebipai.ee\/lv\/product\/kikkaboo-soogikauss-kaanega\/#breadcrumb","itemListElement":[{"@type":"ListItem","position":1,"name":"Home","item":"https:\/\/beebipai.ee\/"},{"@type":"ListItem","position":2,"name":"Pood","item":"https:\/\/beebipai.ee\/store\/"},{"@type":"ListItem","position":3,"name":"Kikkaboo s\u00f6\u00f6gikauss kaanega"}]},{"@type":"WebSite","@id":"https:\/\/beebipai.ee\/en\/#website","url":"https:\/\/beebipai.ee\/en\/","name":"Beebipai","description":"Rasedate ja beebide veebipood","potentialAction":[{"@type":"SearchAction","target":{"@type":"EntryPoint","urlTemplate":"https:\/\/beebipai.ee\/en\/?s={search_term_string}"},"query-input":{"@type":"PropertyValueSpecification","valueRequired":true,"valueName":"search_term_string"}}],"inLanguage":"lt-LT"}]}},"_links":{"self":[{"href":"https:\/\/beebipai.ee\/lt\/wp-json\/wp\/v2\/product\/8748","targetHints":{"allow":["GET"]}}],"collection":[{"href":"https:\/\/beebipai.ee\/lt\/wp-json\/wp\/v2\/product"}],"about":[{"href":"https:\/\/beebipai.ee\/lt\/wp-json\/wp\/v2\/types\/product"}],"version-history":[{"count":4,"href":"https:\/\/beebipai.ee\/lt\/wp-json\/wp\/v2\/product\/8748\/revisions"}],"predecessor-version":[{"id":8777,"href":"https:\/\/beebipai.ee\/lt\/wp-json\/wp\/v2\/product\/8748\/revisions\/8777"}],"wp:featuredmedia":[{"embeddable":true,"href":"https:\/\/beebipai.ee\/lt\/wp-json\/wp\/v2\/media\/8773"}],"wp:attachment":[{"href":"https:\/\/beebipai.ee\/lt\/wp-json\/wp\/v2\/media?parent=8748"}],"wp:term":[{"taxonomy":"product_brand","embeddable":true,"href":"https:\/\/beebipai.ee\/lt\/wp-json\/wp\/v2\/product_brand?post=8748"},{"taxonomy":"product_cat","embeddable":true,"href":"https:\/\/beebipai.ee\/lt\/wp-json\/wp\/v2\/product_cat?post=8748"},{"taxonomy":"product_tag","embeddable":true,"href":"https:\/\/beebipai.ee\/lt\/wp-json\/wp\/v2\/product_tag?post=8748"}],"curies":[{"name":"wp","href":"https:\/\/api.w.org\/{rel}","templated":true}]}}