{"id":8502,"date":"2023-05-10T19:36:56","date_gmt":"2023-05-10T16:36:56","guid":{"rendered":"https:\/\/beebipai.ee\/?post_type=product&#038;p=8502"},"modified":"2025-10-08T12:46:48","modified_gmt":"2025-10-08T09:46:48","slug":"cadenshae-bambusest-top-raseduse-ja-imetamise-ajaks","status":"publish","type":"product","link":"https:\/\/beebipai.ee\/lt\/product\/cadenshae-bambusest-top-raseduse-ja-imetamise-ajaks\/","title":{"rendered":"Cadenshae bambuko vir\u0161utin\u0117 dalis, skirta n\u0117\u0161tumui ir \u017eindymui"},"content":{"rendered":"<div data-elementor-type=\"wp-post\" data-elementor-id=\"8502\" class=\"elementor elementor-8502\">\n\t\t\t\t\t\t<section class=\"elementor-section elementor-top-section elementor-element elementor-element-70e29f4 elementor-section-boxed elementor-section-height-default elementor-section-height-default\" data-id=\"70e29f4\" data-element_type=\"section\" data-e-type=\"section\">\n\t\t\t\t\t\t<div class=\"elementor-container elementor-column-gap-default\">\n\t\t\t\t\t<div class=\"elementor-column elementor-col-50 elementor-top-column elementor-element elementor-element-8711ee5\" data-id=\"8711ee5\" data-element_type=\"column\" data-e-type=\"column\">\n\t\t\t<div class=\"elementor-widget-wrap elementor-element-populated\">\n\t\t\t\t\t\t<div class=\"elementor-element elementor-element-f0bb7c3 elementor-widget elementor-widget-heading\" data-id=\"f0bb7c3\" data-element_type=\"widget\" data-e-type=\"widget\" data-widget_type=\"heading.default\">\n\t\t\t\t<div class=\"elementor-widget-container\">\n\t\t\t\t\t<h2 class=\"elementor-heading-title elementor-size-default\">Bambuko vir\u0161utin\u0117 dalis, skirta n\u0117\u0161tumui ir \u017eindymui<\/h2>\t\t\t\t<\/div>\n\t\t\t\t<\/div>\n\t\t\t\t<div class=\"elementor-element elementor-element-a50f2cd elementor-widget elementor-widget-text-editor\" data-id=\"a50f2cd\" data-element_type=\"widget\" data-e-type=\"widget\" data-widget_type=\"text-editor.default\">\n\t\t\t\t<div class=\"elementor-widget-container\">\n\t\t\t\t\t\t\t\t\t<p>Lengvi, mink\u0161ti ir erdv\u016bs bei prakti\u0161ki ir ilgaam\u017eiai drabu\u017eiai visam n\u0117\u0161tumo ir \u017eindymo laikotarpiui. O kod\u0117l gi ne be n\u0117\u0161tumo ir maitinimo kr\u016btimi. \u0160is stilingas d\u017eemperis niekur nei\u0161duoda, kad tai n\u0117\u0161\u010di\u0173j\u0173 ir maitinan\u010di\u0173 mamy\u010di\u0173 apranga \ud83d\ude42<\/p><p>Itin mink\u0161ta ir lengva bambuko viskoz\u0117 prisitaiko prie bet kokio dyd\u017eio n\u0117\u0161tumo ir yra gra\u017ei ant nugaros net be n\u0117\u0161tumo. Pla\u010dios rank\u0173 angos leid\u017eia lengvai ir diskreti\u0161kai maitinti kr\u016btimi. Kaip audinys, bambuko viskoz\u0117 yra lengva, sugerianti dr\u0117gm\u0119, termoreguliuojanti, hipoalergi\u0161ka ir su apsauga nuo UV spinduli\u0173. Puikiai tinka nuo vasaros iki \u017eiemos.\u00a0<\/p>\t\t\t\t\t\t\t\t<\/div>\n\t\t\t\t<\/div>\n\t\t\t\t\t<\/div>\n\t\t<\/div>\n\t\t\t\t<div class=\"elementor-column elementor-col-50 elementor-top-column elementor-element elementor-element-7e71734\" data-id=\"7e71734\" data-element_type=\"column\" data-e-type=\"column\">\n\t\t\t<div class=\"elementor-widget-wrap elementor-element-populated\">\n\t\t\t\t\t\t<div class=\"elementor-element elementor-element-5614888 elementor-widget elementor-widget-image\" data-id=\"5614888\" data-element_type=\"widget\" data-e-type=\"widget\" data-widget_type=\"image.default\">\n\t\t\t\t<div class=\"elementor-widget-container\">\n\t\t\t\t\t\t\t\t\t\t\t\t\t\t\t<img fetchpriority=\"high\" decoding=\"async\" width=\"807\" height=\"1024\" src=\"https:\/\/beebipai.ee\/wp-content\/uploads\/2023\/05\/Bambusest-top-raseduse-ja-imetamise-ajaks-4-807x1024.webp\" class=\"attachment-large size-large wp-image-8511\" alt=\"\" srcset=\"https:\/\/beebipai.ee\/wp-content\/uploads\/2023\/05\/Bambusest-top-raseduse-ja-imetamise-ajaks-4-807x1024.webp 807w, https:\/\/beebipai.ee\/wp-content\/uploads\/2023\/05\/Bambusest-top-raseduse-ja-imetamise-ajaks-4-e1683736365848-237x300.webp 237w, https:\/\/beebipai.ee\/wp-content\/uploads\/2023\/05\/Bambusest-top-raseduse-ja-imetamise-ajaks-4-768x974.webp 768w, https:\/\/beebipai.ee\/wp-content\/uploads\/2023\/05\/Bambusest-top-raseduse-ja-imetamise-ajaks-4-1211x1536.webp 1211w, https:\/\/beebipai.ee\/wp-content\/uploads\/2023\/05\/Bambusest-top-raseduse-ja-imetamise-ajaks-4-e1683736365848-9x12.webp 9w, https:\/\/beebipai.ee\/wp-content\/uploads\/2023\/05\/Bambusest-top-raseduse-ja-imetamise-ajaks-4-600x761.webp 600w, https:\/\/beebipai.ee\/wp-content\/uploads\/2023\/05\/Bambusest-top-raseduse-ja-imetamise-ajaks-4-e1683736365848.webp 500w\" sizes=\"(max-width: 807px) 100vw, 807px\" \/>\t\t\t\t\t\t\t\t\t\t\t\t\t\t\t<\/div>\n\t\t\t\t<\/div>\n\t\t\t\t\t<\/div>\n\t\t<\/div>\n\t\t\t\t\t<\/div>\n\t\t<\/section>\n\t\t\t\t<\/div>","protected":false},"excerpt":{"rendered":"<p>Stilingas, ta\u010diau diskreti\u0161kas bambuko vir\u0161us yra nepakei\u010diamas aprangos elementas n\u0117\u0161tumo ir \u017eindymo laikotarpiu. Puikiai prisitaiko prie augan\u010dio n\u0117\u0161tumo ir gali b\u016bti lengvai naudojamas maitinant kr\u016btimi.<\/p>","protected":false},"featured_media":8509,"template":"","meta":{"_monsterinsights_skip_tracking":false,"_monsterinsights_sitenote_active":false,"_monsterinsights_sitenote_note":"","_monsterinsights_sitenote_category":0,"site-sidebar-layout":"no-sidebar","site-content-layout":"page-builder","ast-site-content-layout":"full-width-container","site-content-style":"unboxed","site-sidebar-style":"unboxed","ast-global-header-display":"","ast-banner-title-visibility":"","ast-main-header-display":"","ast-hfb-above-header-display":"","ast-hfb-below-header-display":"","ast-hfb-mobile-header-display":"","site-post-title":"disabled","ast-breadcrumbs-content":"","ast-featured-img":"disabled","footer-sml-layout":"","ast-disable-related-posts":"","theme-transparent-header-meta":"default","adv-header-id-meta":"","stick-header-meta":"","header-above-stick-meta":"","header-main-stick-meta":"","header-below-stick-meta":"","astra-migrate-meta-layouts":"set","ast-page-background-enabled":"default","ast-page-background-meta":{"desktop":{"background-color":"","background-image":"","background-repeat":"repeat","background-position":"center center","background-size":"auto","background-attachment":"scroll","background-type":"","background-media":"","overlay-type":"","overlay-color":"","overlay-opacity":"","overlay-gradient":""},"tablet":{"background-color":"","background-image":"","background-repeat":"repeat","background-position":"center center","background-size":"auto","background-attachment":"scroll","background-type":"","background-media":"","overlay-type":"","overlay-color":"","overlay-opacity":"","overlay-gradient":""},"mobile":{"background-color":"","background-image":"","background-repeat":"repeat","background-position":"center center","background-size":"auto","background-attachment":"scroll","background-type":"","background-media":"","overlay-type":"","overlay-color":"","overlay-opacity":"","overlay-gradient":""}},"ast-content-background-meta":{"desktop":{"background-color":"var(--ast-global-color-5)","background-image":"","background-repeat":"repeat","background-position":"center center","background-size":"auto","background-attachment":"scroll","background-type":"","background-media":"","overlay-type":"","overlay-color":"","overlay-opacity":"","overlay-gradient":""},"tablet":{"background-color":"var(--ast-global-color-5)","background-image":"","background-repeat":"repeat","background-position":"center center","background-size":"auto","background-attachment":"scroll","background-type":"","background-media":"","overlay-type":"","overlay-color":"","overlay-opacity":"","overlay-gradient":""},"mobile":{"background-color":"var(--ast-global-color-5)","background-image":"","background-repeat":"repeat","background-position":"center center","background-size":"auto","background-attachment":"scroll","background-type":"","background-media":"","overlay-type":"","overlay-color":"","overlay-opacity":"","overlay-gradient":""}}},"product_brand":[],"product_cat":[22,133],"product_tag":[],"class_list":{"0":"post-8502","1":"product","2":"type-product","3":"status-publish","4":"has-post-thumbnail","6":"product_cat-emale","7":"product_cat-riided-rasedatele-ja-rinnaga-toitvatele-emadele","8":"desktop-align-left","9":"tablet-align-left","10":"mobile-align-left","12":"first","13":"instock","14":"sale","15":"taxable","16":"shipping-taxable","17":"purchasable","18":"product-type-variable"},"yoast_head":"<!-- This site is optimized with the Yoast SEO plugin v27.4 - https:\/\/yoast.com\/product\/yoast-seo-wordpress\/ -->\n<title>Cadenshae bambusest top raseduse ja imetamise ajaks - Beebipai<\/title>\n<meta name=\"description\" content=\"Bambusest top raseduse ja imetamise ajaks on kerge ja praktiline terveks raseduse ajaks ja imetamise perioodiks. Vaata toodet bambusest top raseduse ajaks!\" \/>\n<meta name=\"robots\" content=\"index, follow, max-snippet:-1, max-image-preview:large, max-video-preview:-1\" \/>\n<link rel=\"canonical\" href=\"https:\/\/beebipai.ee\/lt\/product\/cadenshae-bambusest-top-raseduse-ja-imetamise-ajaks\/\" \/>\n<meta property=\"og:locale\" content=\"lt_LT\" \/>\n<meta property=\"og:type\" content=\"article\" \/>\n<meta property=\"og:title\" content=\"Cadenshae bambusest top raseduse ja imetamise ajaks - Beebipai\" \/>\n<meta property=\"og:description\" content=\"Bambusest top raseduse ja imetamise ajaks on kerge ja praktiline terveks raseduse ajaks ja imetamise perioodiks. Vaata toodet bambusest top raseduse ajaks!\" \/>\n<meta property=\"og:url\" content=\"https:\/\/beebipai.ee\/lt\/product\/cadenshae-bambusest-top-raseduse-ja-imetamise-ajaks\/\" \/>\n<meta property=\"og:site_name\" content=\"Beebipai\" \/>\n<meta property=\"article:modified_time\" content=\"2025-10-08T09:46:48+00:00\" \/>\n<meta property=\"og:image\" content=\"https:\/\/beebipai.ee\/wp-content\/uploads\/2023\/05\/Bambusest-top-raseduse-ja-imetamise-ajaks-2-e1683736315634.webp\" \/>\n\t<meta property=\"og:image:width\" content=\"500\" \/>\n\t<meta property=\"og:image:height\" content=\"634\" \/>\n\t<meta property=\"og:image:type\" content=\"image\/webp\" \/>\n<meta name=\"twitter:card\" content=\"summary_large_image\" \/>\n<script type=\"application\/ld+json\" class=\"yoast-schema-graph\">{\"@context\":\"https:\\\/\\\/schema.org\",\"@graph\":[{\"@type\":\"WebPage\",\"@id\":\"https:\\\/\\\/beebipai.ee\\\/product\\\/cadenshae-bambusest-top-raseduse-ja-imetamise-ajaks\\\/\",\"url\":\"https:\\\/\\\/beebipai.ee\\\/product\\\/cadenshae-bambusest-top-raseduse-ja-imetamise-ajaks\\\/\",\"name\":\"Cadenshae bambusest top raseduse ja imetamise ajaks - Beebipai\",\"isPartOf\":{\"@id\":\"https:\\\/\\\/beebipai.ee\\\/en\\\/#website\"},\"primaryImageOfPage\":{\"@id\":\"https:\\\/\\\/beebipai.ee\\\/product\\\/cadenshae-bambusest-top-raseduse-ja-imetamise-ajaks\\\/#primaryimage\"},\"image\":{\"@id\":\"https:\\\/\\\/beebipai.ee\\\/product\\\/cadenshae-bambusest-top-raseduse-ja-imetamise-ajaks\\\/#primaryimage\"},\"thumbnailUrl\":\"https:\\\/\\\/beebipai.ee\\\/wp-content\\\/uploads\\\/2023\\\/05\\\/Bambusest-top-raseduse-ja-imetamise-ajaks-2-e1683736315634.webp\",\"datePublished\":\"2023-05-10T16:36:56+00:00\",\"dateModified\":\"2025-10-08T09:46:48+00:00\",\"description\":\"Bambusest top raseduse ja imetamise ajaks on kerge ja praktiline terveks raseduse ajaks ja imetamise perioodiks. Vaata toodet bambusest top raseduse ajaks!\",\"breadcrumb\":{\"@id\":\"https:\\\/\\\/beebipai.ee\\\/product\\\/cadenshae-bambusest-top-raseduse-ja-imetamise-ajaks\\\/#breadcrumb\"},\"inLanguage\":\"lt-LT\",\"potentialAction\":[{\"@type\":\"ReadAction\",\"target\":[\"https:\\\/\\\/beebipai.ee\\\/product\\\/cadenshae-bambusest-top-raseduse-ja-imetamise-ajaks\\\/\"]}]},{\"@type\":\"ImageObject\",\"inLanguage\":\"lt-LT\",\"@id\":\"https:\\\/\\\/beebipai.ee\\\/product\\\/cadenshae-bambusest-top-raseduse-ja-imetamise-ajaks\\\/#primaryimage\",\"url\":\"https:\\\/\\\/beebipai.ee\\\/wp-content\\\/uploads\\\/2023\\\/05\\\/Bambusest-top-raseduse-ja-imetamise-ajaks-2-e1683736315634.webp\",\"contentUrl\":\"https:\\\/\\\/beebipai.ee\\\/wp-content\\\/uploads\\\/2023\\\/05\\\/Bambusest-top-raseduse-ja-imetamise-ajaks-2-e1683736315634.webp\",\"width\":500,\"height\":634},{\"@type\":\"BreadcrumbList\",\"@id\":\"https:\\\/\\\/beebipai.ee\\\/product\\\/cadenshae-bambusest-top-raseduse-ja-imetamise-ajaks\\\/#breadcrumb\",\"itemListElement\":[{\"@type\":\"ListItem\",\"position\":1,\"name\":\"Home\",\"item\":\"https:\\\/\\\/beebipai.ee\\\/\"},{\"@type\":\"ListItem\",\"position\":2,\"name\":\"Pood\",\"item\":\"https:\\\/\\\/beebipai.ee\\\/store\\\/\"},{\"@type\":\"ListItem\",\"position\":3,\"name\":\"Cadenshae bambusest top raseduse ja imetamise ajaks\"}]},{\"@type\":\"WebSite\",\"@id\":\"https:\\\/\\\/beebipai.ee\\\/en\\\/#website\",\"url\":\"https:\\\/\\\/beebipai.ee\\\/en\\\/\",\"name\":\"Beebipai\",\"description\":\"Rasedate ja beebide veebipood\",\"potentialAction\":[{\"@type\":\"SearchAction\",\"target\":{\"@type\":\"EntryPoint\",\"urlTemplate\":\"https:\\\/\\\/beebipai.ee\\\/en\\\/?s={search_term_string}\"},\"query-input\":{\"@type\":\"PropertyValueSpecification\",\"valueRequired\":true,\"valueName\":\"search_term_string\"}}],\"inLanguage\":\"lt-LT\"}]}<\/script>\n<!-- \/ Yoast SEO plugin. -->","yoast_head_json":{"title":"Cadenshae bambusest top raseduse ja imetamise ajaks - Beebipai","description":"Bambusest top raseduse ja imetamise ajaks on kerge ja praktiline terveks raseduse ajaks ja imetamise perioodiks. Vaata toodet bambusest top raseduse ajaks!","robots":{"index":"index","follow":"follow","max-snippet":"max-snippet:-1","max-image-preview":"max-image-preview:large","max-video-preview":"max-video-preview:-1"},"canonical":"https:\/\/beebipai.ee\/lt\/product\/cadenshae-bambusest-top-raseduse-ja-imetamise-ajaks\/","og_locale":"lt_LT","og_type":"article","og_title":"Cadenshae bambusest top raseduse ja imetamise ajaks - Beebipai","og_description":"Bambusest top raseduse ja imetamise ajaks on kerge ja praktiline terveks raseduse ajaks ja imetamise perioodiks. Vaata toodet bambusest top raseduse ajaks!","og_url":"https:\/\/beebipai.ee\/lt\/product\/cadenshae-bambusest-top-raseduse-ja-imetamise-ajaks\/","og_site_name":"Beebipai","article_modified_time":"2025-10-08T09:46:48+00:00","og_image":[{"width":500,"height":634,"url":"https:\/\/beebipai.ee\/wp-content\/uploads\/2023\/05\/Bambusest-top-raseduse-ja-imetamise-ajaks-2-e1683736315634.webp","type":"image\/webp"}],"twitter_card":"summary_large_image","schema":{"@context":"https:\/\/schema.org","@graph":[{"@type":"WebPage","@id":"https:\/\/beebipai.ee\/product\/cadenshae-bambusest-top-raseduse-ja-imetamise-ajaks\/","url":"https:\/\/beebipai.ee\/product\/cadenshae-bambusest-top-raseduse-ja-imetamise-ajaks\/","name":"Cadenshae bambusest top raseduse ja imetamise ajaks - Beebipai","isPartOf":{"@id":"https:\/\/beebipai.ee\/en\/#website"},"primaryImageOfPage":{"@id":"https:\/\/beebipai.ee\/product\/cadenshae-bambusest-top-raseduse-ja-imetamise-ajaks\/#primaryimage"},"image":{"@id":"https:\/\/beebipai.ee\/product\/cadenshae-bambusest-top-raseduse-ja-imetamise-ajaks\/#primaryimage"},"thumbnailUrl":"https:\/\/beebipai.ee\/wp-content\/uploads\/2023\/05\/Bambusest-top-raseduse-ja-imetamise-ajaks-2-e1683736315634.webp","datePublished":"2023-05-10T16:36:56+00:00","dateModified":"2025-10-08T09:46:48+00:00","description":"Bambusest top raseduse ja imetamise ajaks on kerge ja praktiline terveks raseduse ajaks ja imetamise perioodiks. Vaata toodet bambusest top raseduse ajaks!","breadcrumb":{"@id":"https:\/\/beebipai.ee\/product\/cadenshae-bambusest-top-raseduse-ja-imetamise-ajaks\/#breadcrumb"},"inLanguage":"lt-LT","potentialAction":[{"@type":"ReadAction","target":["https:\/\/beebipai.ee\/product\/cadenshae-bambusest-top-raseduse-ja-imetamise-ajaks\/"]}]},{"@type":"ImageObject","inLanguage":"lt-LT","@id":"https:\/\/beebipai.ee\/product\/cadenshae-bambusest-top-raseduse-ja-imetamise-ajaks\/#primaryimage","url":"https:\/\/beebipai.ee\/wp-content\/uploads\/2023\/05\/Bambusest-top-raseduse-ja-imetamise-ajaks-2-e1683736315634.webp","contentUrl":"https:\/\/beebipai.ee\/wp-content\/uploads\/2023\/05\/Bambusest-top-raseduse-ja-imetamise-ajaks-2-e1683736315634.webp","width":500,"height":634},{"@type":"BreadcrumbList","@id":"https:\/\/beebipai.ee\/product\/cadenshae-bambusest-top-raseduse-ja-imetamise-ajaks\/#breadcrumb","itemListElement":[{"@type":"ListItem","position":1,"name":"Home","item":"https:\/\/beebipai.ee\/"},{"@type":"ListItem","position":2,"name":"Pood","item":"https:\/\/beebipai.ee\/store\/"},{"@type":"ListItem","position":3,"name":"Cadenshae bambusest top raseduse ja imetamise ajaks"}]},{"@type":"WebSite","@id":"https:\/\/beebipai.ee\/en\/#website","url":"https:\/\/beebipai.ee\/en\/","name":"Beebipai","description":"Rasedate ja beebide veebipood","potentialAction":[{"@type":"SearchAction","target":{"@type":"EntryPoint","urlTemplate":"https:\/\/beebipai.ee\/en\/?s={search_term_string}"},"query-input":{"@type":"PropertyValueSpecification","valueRequired":true,"valueName":"search_term_string"}}],"inLanguage":"lt-LT"}]}},"_links":{"self":[{"href":"https:\/\/beebipai.ee\/lt\/wp-json\/wp\/v2\/product\/8502","targetHints":{"allow":["GET"]}}],"collection":[{"href":"https:\/\/beebipai.ee\/lt\/wp-json\/wp\/v2\/product"}],"about":[{"href":"https:\/\/beebipai.ee\/lt\/wp-json\/wp\/v2\/types\/product"}],"version-history":[{"count":5,"href":"https:\/\/beebipai.ee\/lt\/wp-json\/wp\/v2\/product\/8502\/revisions"}],"predecessor-version":[{"id":8520,"href":"https:\/\/beebipai.ee\/lt\/wp-json\/wp\/v2\/product\/8502\/revisions\/8520"}],"wp:featuredmedia":[{"embeddable":true,"href":"https:\/\/beebipai.ee\/lt\/wp-json\/wp\/v2\/media\/8509"}],"wp:attachment":[{"href":"https:\/\/beebipai.ee\/lt\/wp-json\/wp\/v2\/media?parent=8502"}],"wp:term":[{"taxonomy":"product_brand","embeddable":true,"href":"https:\/\/beebipai.ee\/lt\/wp-json\/wp\/v2\/product_brand?post=8502"},{"taxonomy":"product_cat","embeddable":true,"href":"https:\/\/beebipai.ee\/lt\/wp-json\/wp\/v2\/product_cat?post=8502"},{"taxonomy":"product_tag","embeddable":true,"href":"https:\/\/beebipai.ee\/lt\/wp-json\/wp\/v2\/product_tag?post=8502"}],"curies":[{"name":"wp","href":"https:\/\/api.w.org\/{rel}","templated":true}]}}