{"id":8488,"date":"2023-05-10T12:40:55","date_gmt":"2023-05-10T09:40:55","guid":{"rendered":"https:\/\/beebipai.ee\/?post_type=product&#038;p=8488"},"modified":"2025-10-14T13:14:13","modified_gmt":"2025-10-14T10:14:13","slug":"cadenshae-sportrinnahoidja-raseduse-ja-imetamise-ajaks","status":"publish","type":"product","link":"https:\/\/beebipai.ee\/lt\/product\/cadenshae-sportrinnahoidja-raseduse-ja-imetamise-ajaks\/","title":{"rendered":"Cadenshae sportin\u0117 liemen\u0117l\u0117 n\u0117\u0161tumui ir \u017eindymui"},"content":{"rendered":"<div data-elementor-type=\"wp-post\" data-elementor-id=\"8488\" class=\"elementor elementor-8488\">\n\t\t\t\t\t\t<section class=\"elementor-section elementor-top-section elementor-element elementor-element-ee69532 elementor-section-boxed elementor-section-height-default elementor-section-height-default\" data-id=\"ee69532\" data-element_type=\"section\" data-e-type=\"section\">\n\t\t\t\t\t\t<div class=\"elementor-container elementor-column-gap-default\">\n\t\t\t\t\t<div class=\"elementor-column elementor-col-50 elementor-top-column elementor-element elementor-element-8a18ba1\" data-id=\"8a18ba1\" data-element_type=\"column\" data-e-type=\"column\">\n\t\t\t<div class=\"elementor-widget-wrap elementor-element-populated\">\n\t\t\t\t\t\t<div class=\"elementor-element elementor-element-2992b77 elementor-widget elementor-widget-heading\" data-id=\"2992b77\" data-element_type=\"widget\" data-e-type=\"widget\" data-widget_type=\"heading.default\">\n\t\t\t\t<div class=\"elementor-widget-container\">\n\t\t\t\t\t<h2 class=\"elementor-heading-title elementor-size-default\">Cadenshae sportin\u0117 liemen\u0117l\u0117 n\u0117\u0161tumui ir \u017eindymui<\/h2>\t\t\t\t<\/div>\n\t\t\t\t<\/div>\n\t\t\t\t<div class=\"elementor-element elementor-element-bb46b0a elementor-widget elementor-widget-text-editor\" data-id=\"bb46b0a\" data-element_type=\"widget\" data-e-type=\"widget\" data-widget_type=\"text-editor.default\">\n\t\t\t\t<div class=\"elementor-widget-container\">\n\t\t\t\t\t\t\t\t\t<p>Besilaukiant k\u016bdikio, kr\u016btyse prasideda ir greiti poky\u010diai, paruo\u0161iantys kr\u016btis nei\u0161vengiamam \u017eindymui.\u00a0<\/p><p>Kr\u016bt\u0173 padid\u0117jimas ir jautrumas paprastai yra vienas i\u0161 pirm\u0173j\u0173 n\u0117\u0161tumo po\u017eymi\u0173. N\u0117\u0161tumui progresuojant kr\u016btys dar labiau padid\u0117ja, o pienui patenkant dar labiau. Kr\u016bt\u0173 oda plon\u0117ja, gali atsirasti strij\u0173, matyti kraujagysli\u0173 tinklas. Odos tempimas gali sukelti kr\u016bt\u0173 nie\u017e\u0117jim\u0105.<\/p><p>Kr\u016btys pradeda gaminti prie\u0161pien\u012f nuo 16 savait\u0117s, tod\u0117l kr\u016btys yra sunkesn\u0117s ir jai reikia geros palaikymo. Tai ypa\u010d svarbu treniruo\u010di\u0173 metu, kai kr\u016bvis yra \u017eymiai didesnis. Sportin\u0117s liemen\u0117l\u0117s skirtos geriau palaikyti ir fiksuoti kr\u016btin\u0119, o tai apsaugo nuo staigi\u0173 judesi\u0173, dreb\u0117jimo ir sm\u016bgio \u012f kr\u016btin\u0119<\/p><p>Cadenshae sportin\u0117 liemen\u0117l\u0117 palaiko vis\u0173 r\u016b\u0161i\u0173 pratimus n\u0117\u0161tumo ir \u017eindymo metu. Apsaugo nuo per didelio kr\u016bties dreb\u0117jimo, \u0161oko ir apsaugo kr\u016bt\u012f staigi\u0173 judesi\u0173 ir pad\u0117ties keitimo metu. Lengvai atidaromi u\u017esegimai leid\u017eia pamaitinti k\u016bdik\u012f bet kuriuo reikiamu momentu. Jie suteikia jums b\u016btin\u0105 privatum\u0105 \u017eindymo metu. Labai mink\u0161ta ir patogi med\u017eiaga nesibrai\u017eo ir nesiglam\u017eo, o tai ypa\u010d svarbu \u017eindant. Sportin\u0117s liemen\u0117l\u0117s nugaros u\u017esegimas reguliuojamas. Pridedami papildomi priedai. Taip pat yra reguliuojami pe\u010di\u0173 dir\u017eeliai. Liemen\u0117l\u0117s \u012fklotai yra nuimami.\u00a0<\/p><p>R\u016bpinkit\u0117s savo sportine liemen\u0117le kaip ir bet kokiais kitais treniruo\u010di\u0173 drabu\u017eiais. Pirmenyb\u0119 teikite skalbimui rankomis arba ma\u0161ina v\u0117siame vandenyje su tos pa\u010dios spalvos drabu\u017eiais. Nebalinkite ir nelyginkite sportin\u0117s liemen\u0117l\u0117s. Nerekomenduojama naudoti audini\u0173 mink\u0161tikli\u0173.<\/p><p>\u00a0<\/p>\t\t\t\t\t\t\t\t<\/div>\n\t\t\t\t<\/div>\n\t\t\t\t\t<\/div>\n\t\t<\/div>\n\t\t\t\t<div class=\"elementor-column elementor-col-50 elementor-top-column elementor-element elementor-element-a5e620b\" data-id=\"a5e620b\" data-element_type=\"column\" data-e-type=\"column\">\n\t\t\t<div class=\"elementor-widget-wrap elementor-element-populated\">\n\t\t\t\t\t\t<div class=\"elementor-element elementor-element-489e9cb elementor-widget elementor-widget-image\" data-id=\"489e9cb\" data-element_type=\"widget\" data-e-type=\"widget\" data-widget_type=\"image.default\">\n\t\t\t\t<div class=\"elementor-widget-container\">\n\t\t\t\t\t\t\t\t\t\t\t\t\t\t\t<img fetchpriority=\"high\" decoding=\"async\" width=\"808\" height=\"1024\" src=\"https:\/\/beebipai.ee\/wp-content\/uploads\/2023\/05\/Cadenshae-sportrinnahoidja-must-808x1024.webp\" class=\"attachment-large size-large wp-image-8494\" alt=\"\" srcset=\"https:\/\/beebipai.ee\/wp-content\/uploads\/2023\/05\/Cadenshae-sportrinnahoidja-must-808x1024.webp 808w, https:\/\/beebipai.ee\/wp-content\/uploads\/2023\/05\/Cadenshae-sportrinnahoidja-must-e1683711768815-237x300.webp 237w, https:\/\/beebipai.ee\/wp-content\/uploads\/2023\/05\/Cadenshae-sportrinnahoidja-must-768x974.webp 768w, https:\/\/beebipai.ee\/wp-content\/uploads\/2023\/05\/Cadenshae-sportrinnahoidja-must-e1683711768815-9x12.webp 9w, https:\/\/beebipai.ee\/wp-content\/uploads\/2023\/05\/Cadenshae-sportrinnahoidja-must-600x761.webp 600w, https:\/\/beebipai.ee\/wp-content\/uploads\/2023\/05\/Cadenshae-sportrinnahoidja-must-e1683711768815.webp 500w\" sizes=\"(max-width: 808px) 100vw, 808px\" \/>\t\t\t\t\t\t\t\t\t\t\t\t\t\t\t<\/div>\n\t\t\t\t<\/div>\n\t\t\t\t\t<\/div>\n\t\t<\/div>\n\t\t\t\t\t<\/div>\n\t\t<\/section>\n\t\t\t\t<\/div>","protected":false},"excerpt":{"rendered":"<p>Cadenshae treniruo\u010di\u0173 liemen\u0117l\u0117 palaiko kr\u016bt\u012f tiek atliekant n\u0117\u0161tumo pratimus, tiek maitinant kr\u016btimi. Atidaroma krep\u0161elio dalis su patogiais u\u017esegimais leid\u017eia \u017eindyti bet kuriuo metu ir bet kur.<\/p>","protected":false},"featured_media":13163,"template":"","meta":{"_monsterinsights_skip_tracking":false,"_monsterinsights_sitenote_active":false,"_monsterinsights_sitenote_note":"","_monsterinsights_sitenote_category":0,"site-sidebar-layout":"no-sidebar","site-content-layout":"page-builder","ast-site-content-layout":"full-width-container","site-content-style":"unboxed","site-sidebar-style":"unboxed","ast-global-header-display":"","ast-banner-title-visibility":"","ast-main-header-display":"","ast-hfb-above-header-display":"","ast-hfb-below-header-display":"","ast-hfb-mobile-header-display":"","site-post-title":"disabled","ast-breadcrumbs-content":"","ast-featured-img":"disabled","footer-sml-layout":"","ast-disable-related-posts":"","theme-transparent-header-meta":"default","adv-header-id-meta":"","stick-header-meta":"","header-above-stick-meta":"","header-main-stick-meta":"","header-below-stick-meta":"","astra-migrate-meta-layouts":"set","ast-page-background-enabled":"default","ast-page-background-meta":{"desktop":{"background-color":"","background-image":"","background-repeat":"repeat","background-position":"center center","background-size":"auto","background-attachment":"scroll","background-type":"","background-media":"","overlay-type":"","overlay-color":"","overlay-opacity":"","overlay-gradient":""},"tablet":{"background-color":"","background-image":"","background-repeat":"repeat","background-position":"center center","background-size":"auto","background-attachment":"scroll","background-type":"","background-media":"","overlay-type":"","overlay-color":"","overlay-opacity":"","overlay-gradient":""},"mobile":{"background-color":"","background-image":"","background-repeat":"repeat","background-position":"center center","background-size":"auto","background-attachment":"scroll","background-type":"","background-media":"","overlay-type":"","overlay-color":"","overlay-opacity":"","overlay-gradient":""}},"ast-content-background-meta":{"desktop":{"background-color":"var(--ast-global-color-5)","background-image":"","background-repeat":"repeat","background-position":"center center","background-size":"auto","background-attachment":"scroll","background-type":"","background-media":"","overlay-type":"","overlay-color":"","overlay-opacity":"","overlay-gradient":""},"tablet":{"background-color":"var(--ast-global-color-5)","background-image":"","background-repeat":"repeat","background-position":"center center","background-size":"auto","background-attachment":"scroll","background-type":"","background-media":"","overlay-type":"","overlay-color":"","overlay-opacity":"","overlay-gradient":""},"mobile":{"background-color":"var(--ast-global-color-5)","background-image":"","background-repeat":"repeat","background-position":"center center","background-size":"auto","background-attachment":"scroll","background-type":"","background-media":"","overlay-type":"","overlay-color":"","overlay-opacity":"","overlay-gradient":""}}},"product_brand":[],"product_cat":[22,105,133,103],"product_tag":[],"class_list":{"0":"post-8488","1":"product","2":"type-product","3":"status-publish","4":"has-post-thumbnail","6":"product_cat-emale","7":"product_cat-treening","8":"product_cat-riided-rasedatele-ja-rinnaga-toitvatele-emadele","9":"product_cat-imetamine","10":"desktop-align-left","11":"tablet-align-left","12":"mobile-align-left","14":"first","15":"instock","16":"sale","17":"taxable","18":"shipping-taxable","19":"purchasable","20":"product-type-variable"},"yoast_head":"<!-- This site is optimized with the Yoast SEO plugin v27.4 - https:\/\/yoast.com\/product\/yoast-seo-wordpress\/ -->\n<title>Cadenshae sportrinnahoidja raseduse ja imetamise ajaks - Beebipai<\/title>\n<meta name=\"description\" content=\"Cadenshae sportrinnahoidja raseduse ja imetamise ajaks toetab rinda ja teeb lapse toitmise mugavaks. Vaata toodet Cadenshae sportrinnahoidja!\" \/>\n<meta name=\"robots\" content=\"index, follow, max-snippet:-1, max-image-preview:large, max-video-preview:-1\" \/>\n<link rel=\"canonical\" href=\"https:\/\/beebipai.ee\/lt\/product\/cadenshae-sportrinnahoidja-raseduse-ja-imetamise-ajaks\/\" \/>\n<meta property=\"og:locale\" content=\"lt_LT\" \/>\n<meta property=\"og:type\" content=\"article\" \/>\n<meta property=\"og:title\" content=\"Cadenshae sportrinnahoidja raseduse ja imetamise ajaks - Beebipai\" \/>\n<meta property=\"og:description\" content=\"Cadenshae sportrinnahoidja raseduse ja imetamise ajaks toetab rinda ja teeb lapse toitmise mugavaks. Vaata toodet Cadenshae sportrinnahoidja!\" \/>\n<meta property=\"og:url\" content=\"https:\/\/beebipai.ee\/lt\/product\/cadenshae-sportrinnahoidja-raseduse-ja-imetamise-ajaks\/\" \/>\n<meta property=\"og:site_name\" content=\"Beebipai\" \/>\n<meta property=\"article:modified_time\" content=\"2025-10-14T10:14:13+00:00\" \/>\n<meta property=\"og:image\" content=\"https:\/\/beebipai.ee\/wp-content\/uploads\/2023\/05\/Cadenshae-imetamisrinnahoidja-Freedom-e1760436008280.webp\" \/>\n\t<meta property=\"og:image:width\" content=\"500\" \/>\n\t<meta property=\"og:image:height\" content=\"555\" \/>\n\t<meta property=\"og:image:type\" content=\"image\/webp\" \/>\n<meta name=\"twitter:card\" content=\"summary_large_image\" \/>\n<meta name=\"twitter:label1\" content=\"Est. reading time\" \/>\n\t<meta name=\"twitter:data1\" content=\"1 minut\u0117\" \/>\n<script type=\"application\/ld+json\" class=\"yoast-schema-graph\">{\"@context\":\"https:\\\/\\\/schema.org\",\"@graph\":[{\"@type\":\"WebPage\",\"@id\":\"https:\\\/\\\/beebipai.ee\\\/product\\\/cadenshae-sportrinnahoidja-raseduse-ja-imetamise-ajaks\\\/\",\"url\":\"https:\\\/\\\/beebipai.ee\\\/product\\\/cadenshae-sportrinnahoidja-raseduse-ja-imetamise-ajaks\\\/\",\"name\":\"Cadenshae sportrinnahoidja raseduse ja imetamise ajaks - Beebipai\",\"isPartOf\":{\"@id\":\"https:\\\/\\\/beebipai.ee\\\/en\\\/#website\"},\"primaryImageOfPage\":{\"@id\":\"https:\\\/\\\/beebipai.ee\\\/product\\\/cadenshae-sportrinnahoidja-raseduse-ja-imetamise-ajaks\\\/#primaryimage\"},\"image\":{\"@id\":\"https:\\\/\\\/beebipai.ee\\\/product\\\/cadenshae-sportrinnahoidja-raseduse-ja-imetamise-ajaks\\\/#primaryimage\"},\"thumbnailUrl\":\"https:\\\/\\\/beebipai.ee\\\/wp-content\\\/uploads\\\/2023\\\/05\\\/Cadenshae-imetamisrinnahoidja-Freedom-e1760436008280.webp\",\"datePublished\":\"2023-05-10T09:40:55+00:00\",\"dateModified\":\"2025-10-14T10:14:13+00:00\",\"description\":\"Cadenshae sportrinnahoidja raseduse ja imetamise ajaks toetab rinda ja teeb lapse toitmise mugavaks. Vaata toodet Cadenshae sportrinnahoidja!\",\"breadcrumb\":{\"@id\":\"https:\\\/\\\/beebipai.ee\\\/product\\\/cadenshae-sportrinnahoidja-raseduse-ja-imetamise-ajaks\\\/#breadcrumb\"},\"inLanguage\":\"lt-LT\",\"potentialAction\":[{\"@type\":\"ReadAction\",\"target\":[\"https:\\\/\\\/beebipai.ee\\\/product\\\/cadenshae-sportrinnahoidja-raseduse-ja-imetamise-ajaks\\\/\"]}]},{\"@type\":\"ImageObject\",\"inLanguage\":\"lt-LT\",\"@id\":\"https:\\\/\\\/beebipai.ee\\\/product\\\/cadenshae-sportrinnahoidja-raseduse-ja-imetamise-ajaks\\\/#primaryimage\",\"url\":\"https:\\\/\\\/beebipai.ee\\\/wp-content\\\/uploads\\\/2023\\\/05\\\/Cadenshae-imetamisrinnahoidja-Freedom-e1760436008280.webp\",\"contentUrl\":\"https:\\\/\\\/beebipai.ee\\\/wp-content\\\/uploads\\\/2023\\\/05\\\/Cadenshae-imetamisrinnahoidja-Freedom-e1760436008280.webp\",\"width\":500,\"height\":555},{\"@type\":\"BreadcrumbList\",\"@id\":\"https:\\\/\\\/beebipai.ee\\\/product\\\/cadenshae-sportrinnahoidja-raseduse-ja-imetamise-ajaks\\\/#breadcrumb\",\"itemListElement\":[{\"@type\":\"ListItem\",\"position\":1,\"name\":\"Home\",\"item\":\"https:\\\/\\\/beebipai.ee\\\/\"},{\"@type\":\"ListItem\",\"position\":2,\"name\":\"Pood\",\"item\":\"https:\\\/\\\/beebipai.ee\\\/store\\\/\"},{\"@type\":\"ListItem\",\"position\":3,\"name\":\"Cadenshae sportrinnahoidja raseduse ja imetamise ajaks\"}]},{\"@type\":\"WebSite\",\"@id\":\"https:\\\/\\\/beebipai.ee\\\/en\\\/#website\",\"url\":\"https:\\\/\\\/beebipai.ee\\\/en\\\/\",\"name\":\"Beebipai\",\"description\":\"Rasedate ja beebide veebipood\",\"potentialAction\":[{\"@type\":\"SearchAction\",\"target\":{\"@type\":\"EntryPoint\",\"urlTemplate\":\"https:\\\/\\\/beebipai.ee\\\/en\\\/?s={search_term_string}\"},\"query-input\":{\"@type\":\"PropertyValueSpecification\",\"valueRequired\":true,\"valueName\":\"search_term_string\"}}],\"inLanguage\":\"lt-LT\"}]}<\/script>\n<!-- \/ Yoast SEO plugin. -->","yoast_head_json":{"title":"Cadenshae sportrinnahoidja raseduse ja imetamise ajaks - Beebipai","description":"Cadenshae sportrinnahoidja raseduse ja imetamise ajaks toetab rinda ja teeb lapse toitmise mugavaks. Vaata toodet Cadenshae sportrinnahoidja!","robots":{"index":"index","follow":"follow","max-snippet":"max-snippet:-1","max-image-preview":"max-image-preview:large","max-video-preview":"max-video-preview:-1"},"canonical":"https:\/\/beebipai.ee\/lt\/product\/cadenshae-sportrinnahoidja-raseduse-ja-imetamise-ajaks\/","og_locale":"lt_LT","og_type":"article","og_title":"Cadenshae sportrinnahoidja raseduse ja imetamise ajaks - Beebipai","og_description":"Cadenshae sportrinnahoidja raseduse ja imetamise ajaks toetab rinda ja teeb lapse toitmise mugavaks. Vaata toodet Cadenshae sportrinnahoidja!","og_url":"https:\/\/beebipai.ee\/lt\/product\/cadenshae-sportrinnahoidja-raseduse-ja-imetamise-ajaks\/","og_site_name":"Beebipai","article_modified_time":"2025-10-14T10:14:13+00:00","og_image":[{"width":500,"height":555,"url":"https:\/\/beebipai.ee\/wp-content\/uploads\/2023\/05\/Cadenshae-imetamisrinnahoidja-Freedom-e1760436008280.webp","type":"image\/webp"}],"twitter_card":"summary_large_image","twitter_misc":{"Est. reading time":"1 minut\u0117"},"schema":{"@context":"https:\/\/schema.org","@graph":[{"@type":"WebPage","@id":"https:\/\/beebipai.ee\/product\/cadenshae-sportrinnahoidja-raseduse-ja-imetamise-ajaks\/","url":"https:\/\/beebipai.ee\/product\/cadenshae-sportrinnahoidja-raseduse-ja-imetamise-ajaks\/","name":"Cadenshae sportrinnahoidja raseduse ja imetamise ajaks - Beebipai","isPartOf":{"@id":"https:\/\/beebipai.ee\/en\/#website"},"primaryImageOfPage":{"@id":"https:\/\/beebipai.ee\/product\/cadenshae-sportrinnahoidja-raseduse-ja-imetamise-ajaks\/#primaryimage"},"image":{"@id":"https:\/\/beebipai.ee\/product\/cadenshae-sportrinnahoidja-raseduse-ja-imetamise-ajaks\/#primaryimage"},"thumbnailUrl":"https:\/\/beebipai.ee\/wp-content\/uploads\/2023\/05\/Cadenshae-imetamisrinnahoidja-Freedom-e1760436008280.webp","datePublished":"2023-05-10T09:40:55+00:00","dateModified":"2025-10-14T10:14:13+00:00","description":"Cadenshae sportrinnahoidja raseduse ja imetamise ajaks toetab rinda ja teeb lapse toitmise mugavaks. Vaata toodet Cadenshae sportrinnahoidja!","breadcrumb":{"@id":"https:\/\/beebipai.ee\/product\/cadenshae-sportrinnahoidja-raseduse-ja-imetamise-ajaks\/#breadcrumb"},"inLanguage":"lt-LT","potentialAction":[{"@type":"ReadAction","target":["https:\/\/beebipai.ee\/product\/cadenshae-sportrinnahoidja-raseduse-ja-imetamise-ajaks\/"]}]},{"@type":"ImageObject","inLanguage":"lt-LT","@id":"https:\/\/beebipai.ee\/product\/cadenshae-sportrinnahoidja-raseduse-ja-imetamise-ajaks\/#primaryimage","url":"https:\/\/beebipai.ee\/wp-content\/uploads\/2023\/05\/Cadenshae-imetamisrinnahoidja-Freedom-e1760436008280.webp","contentUrl":"https:\/\/beebipai.ee\/wp-content\/uploads\/2023\/05\/Cadenshae-imetamisrinnahoidja-Freedom-e1760436008280.webp","width":500,"height":555},{"@type":"BreadcrumbList","@id":"https:\/\/beebipai.ee\/product\/cadenshae-sportrinnahoidja-raseduse-ja-imetamise-ajaks\/#breadcrumb","itemListElement":[{"@type":"ListItem","position":1,"name":"Home","item":"https:\/\/beebipai.ee\/"},{"@type":"ListItem","position":2,"name":"Pood","item":"https:\/\/beebipai.ee\/store\/"},{"@type":"ListItem","position":3,"name":"Cadenshae sportrinnahoidja raseduse ja imetamise ajaks"}]},{"@type":"WebSite","@id":"https:\/\/beebipai.ee\/en\/#website","url":"https:\/\/beebipai.ee\/en\/","name":"Beebipai","description":"Rasedate ja beebide veebipood","potentialAction":[{"@type":"SearchAction","target":{"@type":"EntryPoint","urlTemplate":"https:\/\/beebipai.ee\/en\/?s={search_term_string}"},"query-input":{"@type":"PropertyValueSpecification","valueRequired":true,"valueName":"search_term_string"}}],"inLanguage":"lt-LT"}]}},"_links":{"self":[{"href":"https:\/\/beebipai.ee\/lt\/wp-json\/wp\/v2\/product\/8488","targetHints":{"allow":["GET"]}}],"collection":[{"href":"https:\/\/beebipai.ee\/lt\/wp-json\/wp\/v2\/product"}],"about":[{"href":"https:\/\/beebipai.ee\/lt\/wp-json\/wp\/v2\/types\/product"}],"version-history":[{"count":5,"href":"https:\/\/beebipai.ee\/lt\/wp-json\/wp\/v2\/product\/8488\/revisions"}],"predecessor-version":[{"id":8500,"href":"https:\/\/beebipai.ee\/lt\/wp-json\/wp\/v2\/product\/8488\/revisions\/8500"}],"wp:featuredmedia":[{"embeddable":true,"href":"https:\/\/beebipai.ee\/lt\/wp-json\/wp\/v2\/media\/13163"}],"wp:attachment":[{"href":"https:\/\/beebipai.ee\/lt\/wp-json\/wp\/v2\/media?parent=8488"}],"wp:term":[{"taxonomy":"product_brand","embeddable":true,"href":"https:\/\/beebipai.ee\/lt\/wp-json\/wp\/v2\/product_brand?post=8488"},{"taxonomy":"product_cat","embeddable":true,"href":"https:\/\/beebipai.ee\/lt\/wp-json\/wp\/v2\/product_cat?post=8488"},{"taxonomy":"product_tag","embeddable":true,"href":"https:\/\/beebipai.ee\/lt\/wp-json\/wp\/v2\/product_tag?post=8488"}],"curies":[{"name":"wp","href":"https:\/\/api.w.org\/{rel}","templated":true}]}}