{"id":8424,"date":"2023-05-09T11:37:02","date_gmt":"2023-05-09T08:37:02","guid":{"rendered":"https:\/\/beebipai.ee\/?post_type=product&#038;p=8424"},"modified":"2025-09-26T05:34:04","modified_gmt":"2025-09-26T02:34:04","slug":"joogipudel-korrega-300ml","status":"publish","type":"product","link":"https:\/\/beebipai.ee\/lt\/product\/joogipudel-korrega-300ml\/","title":{"rendered":"Kikkaboo geriamasis butelis su snapeliu ir \u0161iaudeliu, 300ml"},"content":{"rendered":"<div data-elementor-type=\"wp-post\" data-elementor-id=\"8424\" class=\"elementor elementor-8424\">\n\t\t\t\t\t\t<section class=\"elementor-section elementor-top-section elementor-element elementor-element-9013ac9 elementor-section-boxed elementor-section-height-default elementor-section-height-default\" data-id=\"9013ac9\" data-element_type=\"section\" data-e-type=\"section\">\n\t\t\t\t\t\t<div class=\"elementor-container elementor-column-gap-default\">\n\t\t\t\t\t<div class=\"elementor-column elementor-col-50 elementor-top-column elementor-element elementor-element-1d5e52a\" data-id=\"1d5e52a\" data-element_type=\"column\" data-e-type=\"column\">\n\t\t\t<div class=\"elementor-widget-wrap elementor-element-populated\">\n\t\t\t\t\t\t<div class=\"elementor-element elementor-element-ad014f3 elementor-widget elementor-widget-heading\" data-id=\"ad014f3\" data-element_type=\"widget\" data-e-type=\"widget\" data-widget_type=\"heading.default\">\n\t\t\t\t<div class=\"elementor-widget-container\">\n\t\t\t\t\t<h2 class=\"elementor-heading-title elementor-size-default\">Kikkaboo geriamasis butelis su snapeliu ir \u0161iaudeliu, 300ml<\/h2>\t\t\t\t<\/div>\n\t\t\t\t<\/div>\n\t\t\t\t<div class=\"elementor-element elementor-element-ab8df1a elementor-widget elementor-widget-text-editor\" data-id=\"ab8df1a\" data-element_type=\"widget\" data-e-type=\"widget\" data-widget_type=\"text-editor.default\">\n\t\t\t\t<div class=\"elementor-widget-container\">\n\t\t\t\t\t\t\t\t\t<p>Kikkaboo geriamasis buteliukas su \u0161iaudeliu turi patogias ir patogias rankenas, kurias vaikas gali laikyti pa\u010diam. \u0160iaudelio anga gali b\u016bti u\u017edaroma ir atidaroma, o tai u\u017etikrina girdyklos \u0161var\u0105. Ant \u0161iaudelio galo yra nedidelis svarelis, leid\u017eiantis gerti i\u0161 buteliuko bet kokiu kampu. Jei \u0161iaudai l\u016b\u017eta ar susitepa, galima \u0161iaudus pakeisti. Buteliuko t\u016bris 300ml. Tinka naudoti nuo 6 m\u0117nesi\u0173 am\u017eiaus. Pagaminta i\u0161 auk\u0161tos kokyb\u0117s med\u017eiagos be BPA<\/p>\t\t\t\t\t\t\t\t<\/div>\n\t\t\t\t<\/div>\n\t\t\t\t\t<\/div>\n\t\t<\/div>\n\t\t\t\t<div class=\"elementor-column elementor-col-50 elementor-top-column elementor-element elementor-element-c667f5c\" data-id=\"c667f5c\" data-element_type=\"column\" data-e-type=\"column\">\n\t\t\t<div class=\"elementor-widget-wrap elementor-element-populated\">\n\t\t\t\t\t\t<div class=\"elementor-element elementor-element-d9d5bf2 elementor-widget elementor-widget-image\" data-id=\"d9d5bf2\" data-element_type=\"widget\" data-e-type=\"widget\" data-widget_type=\"image.default\">\n\t\t\t\t<div class=\"elementor-widget-container\">\n\t\t\t\t\t\t\t\t\t\t\t\t\t\t\t<img fetchpriority=\"high\" decoding=\"async\" width=\"819\" height=\"1024\" src=\"https:\/\/beebipai.ee\/wp-content\/uploads\/2023\/05\/Joogipudel-korrega-1-819x1024.jpg\" class=\"attachment-large size-large wp-image-8427\" alt=\"\" srcset=\"https:\/\/beebipai.ee\/wp-content\/uploads\/2023\/05\/Joogipudel-korrega-1-819x1024.jpg 819w, https:\/\/beebipai.ee\/wp-content\/uploads\/2023\/05\/Joogipudel-korrega-1-240x300.jpg 240w, https:\/\/beebipai.ee\/wp-content\/uploads\/2023\/05\/Joogipudel-korrega-1-768x960.jpg 768w, https:\/\/beebipai.ee\/wp-content\/uploads\/2023\/05\/Joogipudel-korrega-1-10x12.jpg 10w, https:\/\/beebipai.ee\/wp-content\/uploads\/2023\/05\/Joogipudel-korrega-1-600x750.jpg 600w, https:\/\/beebipai.ee\/wp-content\/uploads\/2023\/05\/Joogipudel-korrega-1.jpg 960w\" sizes=\"(max-width: 819px) 100vw, 819px\" \/>\t\t\t\t\t\t\t\t\t\t\t\t\t\t\t<\/div>\n\t\t\t\t<\/div>\n\t\t\t\t\t<\/div>\n\t\t<\/div>\n\t\t\t\t\t<\/div>\n\t\t<\/section>\n\t\t\t\t<\/div>","protected":false},"excerpt":{"rendered":"<p>Kikkaboo geriamasis butelis su \u0161iaudeliu turi patogias, patogias rankenas, skirtas naudoti vaikui.<\/p>","protected":false},"featured_media":8428,"template":"","meta":{"_monsterinsights_skip_tracking":false,"_monsterinsights_sitenote_active":false,"_monsterinsights_sitenote_note":"","_monsterinsights_sitenote_category":0,"site-sidebar-layout":"no-sidebar","site-content-layout":"page-builder","ast-site-content-layout":"full-width-container","site-content-style":"unboxed","site-sidebar-style":"unboxed","ast-global-header-display":"","ast-banner-title-visibility":"","ast-main-header-display":"","ast-hfb-above-header-display":"","ast-hfb-below-header-display":"","ast-hfb-mobile-header-display":"","site-post-title":"disabled","ast-breadcrumbs-content":"","ast-featured-img":"disabled","footer-sml-layout":"","ast-disable-related-posts":"","theme-transparent-header-meta":"default","adv-header-id-meta":"","stick-header-meta":"","header-above-stick-meta":"","header-main-stick-meta":"","header-below-stick-meta":"","astra-migrate-meta-layouts":"set","ast-page-background-enabled":"default","ast-page-background-meta":{"desktop":{"background-color":"","background-image":"","background-repeat":"repeat","background-position":"center center","background-size":"auto","background-attachment":"scroll","background-type":"","background-media":"","overlay-type":"","overlay-color":"","overlay-opacity":"","overlay-gradient":""},"tablet":{"background-color":"","background-image":"","background-repeat":"repeat","background-position":"center center","background-size":"auto","background-attachment":"scroll","background-type":"","background-media":"","overlay-type":"","overlay-color":"","overlay-opacity":"","overlay-gradient":""},"mobile":{"background-color":"","background-image":"","background-repeat":"repeat","background-position":"center center","background-size":"auto","background-attachment":"scroll","background-type":"","background-media":"","overlay-type":"","overlay-color":"","overlay-opacity":"","overlay-gradient":""}},"ast-content-background-meta":{"desktop":{"background-color":"var(--ast-global-color-5)","background-image":"","background-repeat":"repeat","background-position":"center center","background-size":"auto","background-attachment":"scroll","background-type":"","background-media":"","overlay-type":"","overlay-color":"","overlay-opacity":"","overlay-gradient":""},"tablet":{"background-color":"var(--ast-global-color-5)","background-image":"","background-repeat":"repeat","background-position":"center center","background-size":"auto","background-attachment":"scroll","background-type":"","background-media":"","overlay-type":"","overlay-color":"","overlay-opacity":"","overlay-gradient":""},"mobile":{"background-color":"var(--ast-global-color-5)","background-image":"","background-repeat":"repeat","background-position":"center center","background-size":"auto","background-attachment":"scroll","background-type":"","background-media":"","overlay-type":"","overlay-color":"","overlay-opacity":"","overlay-gradient":""}}},"product_brand":[],"product_cat":[23,144,143],"product_tag":[],"class_list":{"0":"post-8424","1":"product","2":"type-product","3":"status-publish","4":"has-post-thumbnail","6":"product_cat-beebile","7":"product_cat-soomistarbed","8":"product_cat-sootmiseks-soomiseks","9":"desktop-align-left","10":"tablet-align-left","11":"mobile-align-left","13":"first","14":"instock","15":"taxable","16":"shipping-taxable","17":"purchasable","18":"product-type-variable"},"yoast_head":"<!-- This site is optimized with the Yoast SEO plugin v27.4 - https:\/\/yoast.com\/product\/yoast-seo-wordpress\/ -->\n<title>Kikkaboo joogipudel nokaotsa ja k\u00f5rrega, 300ml - Beebipai<\/title>\n<meta name=\"description\" content=\"Kikkaboo joogipudel k\u00f5rrega on mugav ja k\u00e4ep\u00e4rane pudel lapsele joomiseks. Vaata toodet Kikkaboo joogipudel k\u00f5rrega!\" \/>\n<meta name=\"robots\" content=\"index, follow, max-snippet:-1, max-image-preview:large, max-video-preview:-1\" \/>\n<link rel=\"canonical\" href=\"https:\/\/beebipai.ee\/lt\/product\/joogipudel-korrega-300ml\/\" \/>\n<meta property=\"og:locale\" content=\"lt_LT\" \/>\n<meta property=\"og:type\" content=\"article\" \/>\n<meta property=\"og:title\" content=\"Kikkaboo joogipudel nokaotsa ja k\u00f5rrega, 300ml - Beebipai\" \/>\n<meta property=\"og:description\" content=\"Kikkaboo joogipudel k\u00f5rrega on mugav ja k\u00e4ep\u00e4rane pudel lapsele joomiseks. Vaata toodet Kikkaboo joogipudel k\u00f5rrega!\" \/>\n<meta property=\"og:url\" content=\"https:\/\/beebipai.ee\/lt\/product\/joogipudel-korrega-300ml\/\" \/>\n<meta property=\"og:site_name\" content=\"Beebipai\" \/>\n<meta property=\"article:modified_time\" content=\"2025-09-26T02:34:04+00:00\" \/>\n<meta property=\"og:image\" content=\"https:\/\/beebipai.ee\/wp-content\/uploads\/2023\/05\/Joogipudel-korrega.jpg\" \/>\n\t<meta property=\"og:image:width\" content=\"522\" \/>\n\t<meta property=\"og:image:height\" content=\"522\" \/>\n\t<meta property=\"og:image:type\" content=\"image\/jpeg\" \/>\n<meta name=\"twitter:card\" content=\"summary_large_image\" \/>\n<script type=\"application\/ld+json\" class=\"yoast-schema-graph\">{\"@context\":\"https:\\\/\\\/schema.org\",\"@graph\":[{\"@type\":\"WebPage\",\"@id\":\"https:\\\/\\\/beebipai.ee\\\/product\\\/joogipudel-korrega-300ml\\\/\",\"url\":\"https:\\\/\\\/beebipai.ee\\\/product\\\/joogipudel-korrega-300ml\\\/\",\"name\":\"Kikkaboo joogipudel nokaotsa ja k\u00f5rrega, 300ml - Beebipai\",\"isPartOf\":{\"@id\":\"https:\\\/\\\/beebipai.ee\\\/en\\\/#website\"},\"primaryImageOfPage\":{\"@id\":\"https:\\\/\\\/beebipai.ee\\\/product\\\/joogipudel-korrega-300ml\\\/#primaryimage\"},\"image\":{\"@id\":\"https:\\\/\\\/beebipai.ee\\\/product\\\/joogipudel-korrega-300ml\\\/#primaryimage\"},\"thumbnailUrl\":\"https:\\\/\\\/beebipai.ee\\\/wp-content\\\/uploads\\\/2023\\\/05\\\/Joogipudel-korrega.jpg\",\"datePublished\":\"2023-05-09T08:37:02+00:00\",\"dateModified\":\"2025-09-26T02:34:04+00:00\",\"description\":\"Kikkaboo joogipudel k\u00f5rrega on mugav ja k\u00e4ep\u00e4rane pudel lapsele joomiseks. Vaata toodet Kikkaboo joogipudel k\u00f5rrega!\",\"breadcrumb\":{\"@id\":\"https:\\\/\\\/beebipai.ee\\\/product\\\/joogipudel-korrega-300ml\\\/#breadcrumb\"},\"inLanguage\":\"lt-LT\",\"potentialAction\":[{\"@type\":\"ReadAction\",\"target\":[\"https:\\\/\\\/beebipai.ee\\\/product\\\/joogipudel-korrega-300ml\\\/\"]}]},{\"@type\":\"ImageObject\",\"inLanguage\":\"lt-LT\",\"@id\":\"https:\\\/\\\/beebipai.ee\\\/product\\\/joogipudel-korrega-300ml\\\/#primaryimage\",\"url\":\"https:\\\/\\\/beebipai.ee\\\/wp-content\\\/uploads\\\/2023\\\/05\\\/Joogipudel-korrega.jpg\",\"contentUrl\":\"https:\\\/\\\/beebipai.ee\\\/wp-content\\\/uploads\\\/2023\\\/05\\\/Joogipudel-korrega.jpg\",\"width\":522,\"height\":522},{\"@type\":\"BreadcrumbList\",\"@id\":\"https:\\\/\\\/beebipai.ee\\\/product\\\/joogipudel-korrega-300ml\\\/#breadcrumb\",\"itemListElement\":[{\"@type\":\"ListItem\",\"position\":1,\"name\":\"Home\",\"item\":\"https:\\\/\\\/beebipai.ee\\\/\"},{\"@type\":\"ListItem\",\"position\":2,\"name\":\"Pood\",\"item\":\"https:\\\/\\\/beebipai.ee\\\/store\\\/\"},{\"@type\":\"ListItem\",\"position\":3,\"name\":\"Kikkaboo joogipudel nokaotsa ja k\u00f5rrega, 300ml\"}]},{\"@type\":\"WebSite\",\"@id\":\"https:\\\/\\\/beebipai.ee\\\/en\\\/#website\",\"url\":\"https:\\\/\\\/beebipai.ee\\\/en\\\/\",\"name\":\"Beebipai\",\"description\":\"Rasedate ja beebide veebipood\",\"potentialAction\":[{\"@type\":\"SearchAction\",\"target\":{\"@type\":\"EntryPoint\",\"urlTemplate\":\"https:\\\/\\\/beebipai.ee\\\/en\\\/?s={search_term_string}\"},\"query-input\":{\"@type\":\"PropertyValueSpecification\",\"valueRequired\":true,\"valueName\":\"search_term_string\"}}],\"inLanguage\":\"lt-LT\"}]}<\/script>\n<!-- \/ Yoast SEO plugin. -->","yoast_head_json":{"title":"Kikkaboo joogipudel nokaotsa ja k\u00f5rrega, 300ml - Beebipai","description":"Kikkaboo joogipudel k\u00f5rrega on mugav ja k\u00e4ep\u00e4rane pudel lapsele joomiseks. Vaata toodet Kikkaboo joogipudel k\u00f5rrega!","robots":{"index":"index","follow":"follow","max-snippet":"max-snippet:-1","max-image-preview":"max-image-preview:large","max-video-preview":"max-video-preview:-1"},"canonical":"https:\/\/beebipai.ee\/lt\/product\/joogipudel-korrega-300ml\/","og_locale":"lt_LT","og_type":"article","og_title":"Kikkaboo joogipudel nokaotsa ja k\u00f5rrega, 300ml - Beebipai","og_description":"Kikkaboo joogipudel k\u00f5rrega on mugav ja k\u00e4ep\u00e4rane pudel lapsele joomiseks. Vaata toodet Kikkaboo joogipudel k\u00f5rrega!","og_url":"https:\/\/beebipai.ee\/lt\/product\/joogipudel-korrega-300ml\/","og_site_name":"Beebipai","article_modified_time":"2025-09-26T02:34:04+00:00","og_image":[{"width":522,"height":522,"url":"https:\/\/beebipai.ee\/wp-content\/uploads\/2023\/05\/Joogipudel-korrega.jpg","type":"image\/jpeg"}],"twitter_card":"summary_large_image","schema":{"@context":"https:\/\/schema.org","@graph":[{"@type":"WebPage","@id":"https:\/\/beebipai.ee\/product\/joogipudel-korrega-300ml\/","url":"https:\/\/beebipai.ee\/product\/joogipudel-korrega-300ml\/","name":"Kikkaboo joogipudel nokaotsa ja k\u00f5rrega, 300ml - Beebipai","isPartOf":{"@id":"https:\/\/beebipai.ee\/en\/#website"},"primaryImageOfPage":{"@id":"https:\/\/beebipai.ee\/product\/joogipudel-korrega-300ml\/#primaryimage"},"image":{"@id":"https:\/\/beebipai.ee\/product\/joogipudel-korrega-300ml\/#primaryimage"},"thumbnailUrl":"https:\/\/beebipai.ee\/wp-content\/uploads\/2023\/05\/Joogipudel-korrega.jpg","datePublished":"2023-05-09T08:37:02+00:00","dateModified":"2025-09-26T02:34:04+00:00","description":"Kikkaboo joogipudel k\u00f5rrega on mugav ja k\u00e4ep\u00e4rane pudel lapsele joomiseks. Vaata toodet Kikkaboo joogipudel k\u00f5rrega!","breadcrumb":{"@id":"https:\/\/beebipai.ee\/product\/joogipudel-korrega-300ml\/#breadcrumb"},"inLanguage":"lt-LT","potentialAction":[{"@type":"ReadAction","target":["https:\/\/beebipai.ee\/product\/joogipudel-korrega-300ml\/"]}]},{"@type":"ImageObject","inLanguage":"lt-LT","@id":"https:\/\/beebipai.ee\/product\/joogipudel-korrega-300ml\/#primaryimage","url":"https:\/\/beebipai.ee\/wp-content\/uploads\/2023\/05\/Joogipudel-korrega.jpg","contentUrl":"https:\/\/beebipai.ee\/wp-content\/uploads\/2023\/05\/Joogipudel-korrega.jpg","width":522,"height":522},{"@type":"BreadcrumbList","@id":"https:\/\/beebipai.ee\/product\/joogipudel-korrega-300ml\/#breadcrumb","itemListElement":[{"@type":"ListItem","position":1,"name":"Home","item":"https:\/\/beebipai.ee\/"},{"@type":"ListItem","position":2,"name":"Pood","item":"https:\/\/beebipai.ee\/store\/"},{"@type":"ListItem","position":3,"name":"Kikkaboo joogipudel nokaotsa ja k\u00f5rrega, 300ml"}]},{"@type":"WebSite","@id":"https:\/\/beebipai.ee\/en\/#website","url":"https:\/\/beebipai.ee\/en\/","name":"Beebipai","description":"Rasedate ja beebide veebipood","potentialAction":[{"@type":"SearchAction","target":{"@type":"EntryPoint","urlTemplate":"https:\/\/beebipai.ee\/en\/?s={search_term_string}"},"query-input":{"@type":"PropertyValueSpecification","valueRequired":true,"valueName":"search_term_string"}}],"inLanguage":"lt-LT"}]}},"_links":{"self":[{"href":"https:\/\/beebipai.ee\/lt\/wp-json\/wp\/v2\/product\/8424","targetHints":{"allow":["GET"]}}],"collection":[{"href":"https:\/\/beebipai.ee\/lt\/wp-json\/wp\/v2\/product"}],"about":[{"href":"https:\/\/beebipai.ee\/lt\/wp-json\/wp\/v2\/types\/product"}],"version-history":[{"count":5,"href":"https:\/\/beebipai.ee\/lt\/wp-json\/wp\/v2\/product\/8424\/revisions"}],"predecessor-version":[{"id":13050,"href":"https:\/\/beebipai.ee\/lt\/wp-json\/wp\/v2\/product\/8424\/revisions\/13050"}],"wp:featuredmedia":[{"embeddable":true,"href":"https:\/\/beebipai.ee\/lt\/wp-json\/wp\/v2\/media\/8428"}],"wp:attachment":[{"href":"https:\/\/beebipai.ee\/lt\/wp-json\/wp\/v2\/media?parent=8424"}],"wp:term":[{"taxonomy":"product_brand","embeddable":true,"href":"https:\/\/beebipai.ee\/lt\/wp-json\/wp\/v2\/product_brand?post=8424"},{"taxonomy":"product_cat","embeddable":true,"href":"https:\/\/beebipai.ee\/lt\/wp-json\/wp\/v2\/product_cat?post=8424"},{"taxonomy":"product_tag","embeddable":true,"href":"https:\/\/beebipai.ee\/lt\/wp-json\/wp\/v2\/product_tag?post=8424"}],"curies":[{"name":"wp","href":"https:\/\/api.w.org\/{rel}","templated":true}]}}