{"id":7806,"date":"2023-02-15T22:32:29","date_gmt":"2023-02-15T20:32:29","guid":{"rendered":"https:\/\/beebipai.ee\/?post_type=product&#038;p=7806"},"modified":"2024-09-13T11:20:46","modified_gmt":"2024-09-13T08:20:46","slug":"kikkaboo-musliinlapid-6tk-pakis","status":"publish","type":"product","link":"https:\/\/beebipai.ee\/lt\/product\/kikkaboo-musliinlapid-6tk-pakis\/","title":{"rendered":"Kikkaboo musliinlapid Hedge Hugs, 6tk pakis"},"content":{"rendered":"<div data-elementor-type=\"wp-post\" data-elementor-id=\"7806\" class=\"elementor elementor-7806\">\n\t\t\t\t\t\t<section class=\"elementor-section elementor-top-section elementor-element elementor-element-b84b37d elementor-section-boxed elementor-section-height-default elementor-section-height-default\" data-id=\"b84b37d\" data-element_type=\"section\" data-e-type=\"section\">\n\t\t\t\t\t\t<div class=\"elementor-container elementor-column-gap-default\">\n\t\t\t\t\t<div class=\"elementor-column elementor-col-50 elementor-top-column elementor-element elementor-element-385c578\" data-id=\"385c578\" data-element_type=\"column\" data-e-type=\"column\">\n\t\t\t<div class=\"elementor-widget-wrap elementor-element-populated\">\n\t\t\t\t\t\t<div class=\"elementor-element elementor-element-1dd40f0 elementor-widget elementor-widget-heading\" data-id=\"1dd40f0\" data-element_type=\"widget\" data-e-type=\"widget\" data-widget_type=\"heading.default\">\n\t\t\t\t<div class=\"elementor-widget-container\">\n\t\t\t\t\t<h2 class=\"elementor-heading-title elementor-size-default\">Kikkaboo musliinlapid<\/h2>\t\t\t\t<\/div>\n\t\t\t\t<\/div>\n\t\t\t\t<div class=\"elementor-element elementor-element-944e440 elementor-widget elementor-widget-text-editor\" data-id=\"944e440\" data-element_type=\"widget\" data-e-type=\"widget\" data-widget_type=\"text-editor.default\">\n\t\t\t\t<div class=\"elementor-widget-container\">\n\t\t\t\t\t\t\t\t\t<p>Musliinist lapid on pehmed ja \u00f5hku h\u00e4sti l\u00e4bilaskvad. 100% kergest ja m\u00f5nusast puuvillakrepist ehk musliinist. Head kasutamiseks imetamisel, lapse suu kuivatamiseks ja piima p\u00fchkimiseks, samuti rinna kuivatamiseks.\u00a0 H\u00e4sti imavad ja nahas\u00f5bralikud. Kergesti pestavad ja hooldatavad.<\/p><p>Musliinlapi suurus 30 x 30 cm, pakis 6 musliinlappi.\u00a0<\/p>\t\t\t\t\t\t\t\t<\/div>\n\t\t\t\t<\/div>\n\t\t\t\t\t<\/div>\n\t\t<\/div>\n\t\t\t\t<div class=\"elementor-column elementor-col-50 elementor-top-column elementor-element elementor-element-5f00375\" data-id=\"5f00375\" data-element_type=\"column\" data-e-type=\"column\">\n\t\t\t<div class=\"elementor-widget-wrap elementor-element-populated\">\n\t\t\t\t\t\t<div class=\"elementor-element elementor-element-b1993fe elementor-widget elementor-widget-image\" data-id=\"b1993fe\" data-element_type=\"widget\" data-e-type=\"widget\" data-widget_type=\"image.default\">\n\t\t\t\t<div class=\"elementor-widget-container\">\n\t\t\t\t\t\t\t\t\t\t\t\t\t\t\t<img fetchpriority=\"high\" decoding=\"async\" width=\"520\" height=\"520\" src=\"https:\/\/beebipai.ee\/wp-content\/uploads\/2023\/02\/Kikkaboo-musliinlapid-Hedge-Hugs.webp\" class=\"attachment-large size-large wp-image-11344\" alt=\"\" srcset=\"https:\/\/beebipai.ee\/wp-content\/uploads\/2023\/02\/Kikkaboo-musliinlapid-Hedge-Hugs.webp 520w, https:\/\/beebipai.ee\/wp-content\/uploads\/2023\/02\/Kikkaboo-musliinlapid-Hedge-Hugs-300x300.webp 300w, https:\/\/beebipai.ee\/wp-content\/uploads\/2023\/02\/Kikkaboo-musliinlapid-Hedge-Hugs-150x150.webp 150w, https:\/\/beebipai.ee\/wp-content\/uploads\/2023\/02\/Kikkaboo-musliinlapid-Hedge-Hugs-12x12.webp 12w, https:\/\/beebipai.ee\/wp-content\/uploads\/2023\/02\/Kikkaboo-musliinlapid-Hedge-Hugs-100x100.webp 100w\" sizes=\"(max-width: 520px) 100vw, 520px\" \/>\t\t\t\t\t\t\t\t\t\t\t\t\t\t\t<\/div>\n\t\t\t\t<\/div>\n\t\t\t\t\t<\/div>\n\t\t<\/div>\n\t\t\t\t\t<\/div>\n\t\t<\/section>\n\t\t\t\t<\/div>","protected":false},"excerpt":{"rendered":"<p>Muslino \u0161luost\u0117s yra mink\u0161tos ir prakti\u0161kos \u017eindymui, maitinimui ir d\u017eiovinimui.<\/p>\n<p>Pakuot\u0117je 6 muslininiai pleistrai<\/p>","protected":false},"featured_media":11350,"template":"","meta":{"_monsterinsights_skip_tracking":false,"_monsterinsights_sitenote_active":false,"_monsterinsights_sitenote_note":"","_monsterinsights_sitenote_category":0,"site-sidebar-layout":"no-sidebar","site-content-layout":"page-builder","ast-site-content-layout":"full-width-container","site-content-style":"unboxed","site-sidebar-style":"unboxed","ast-global-header-display":"","ast-banner-title-visibility":"","ast-main-header-display":"","ast-hfb-above-header-display":"","ast-hfb-below-header-display":"","ast-hfb-mobile-header-display":"","site-post-title":"disabled","ast-breadcrumbs-content":"","ast-featured-img":"disabled","footer-sml-layout":"","ast-disable-related-posts":"","theme-transparent-header-meta":"default","adv-header-id-meta":"","stick-header-meta":"","header-above-stick-meta":"","header-main-stick-meta":"","header-below-stick-meta":"","astra-migrate-meta-layouts":"set","ast-page-background-enabled":"default","ast-page-background-meta":{"desktop":{"background-color":"","background-image":"","background-repeat":"repeat","background-position":"center center","background-size":"auto","background-attachment":"scroll","background-type":"","background-media":"","overlay-type":"","overlay-color":"","overlay-opacity":"","overlay-gradient":""},"tablet":{"background-color":"","background-image":"","background-repeat":"repeat","background-position":"center center","background-size":"auto","background-attachment":"scroll","background-type":"","background-media":"","overlay-type":"","overlay-color":"","overlay-opacity":"","overlay-gradient":""},"mobile":{"background-color":"","background-image":"","background-repeat":"repeat","background-position":"center center","background-size":"auto","background-attachment":"scroll","background-type":"","background-media":"","overlay-type":"","overlay-color":"","overlay-opacity":"","overlay-gradient":""}},"ast-content-background-meta":{"desktop":{"background-color":"var(--ast-global-color-5)","background-image":"","background-repeat":"repeat","background-position":"center center","background-size":"auto","background-attachment":"scroll","background-type":"","background-media":"","overlay-type":"","overlay-color":"","overlay-opacity":"","overlay-gradient":""},"tablet":{"background-color":"var(--ast-global-color-5)","background-image":"","background-repeat":"repeat","background-position":"center center","background-size":"auto","background-attachment":"scroll","background-type":"","background-media":"","overlay-type":"","overlay-color":"","overlay-opacity":"","overlay-gradient":""},"mobile":{"background-color":"var(--ast-global-color-5)","background-image":"","background-repeat":"repeat","background-position":"center center","background-size":"auto","background-attachment":"scroll","background-type":"","background-media":"","overlay-type":"","overlay-color":"","overlay-opacity":"","overlay-gradient":""}}},"product_brand":[],"product_cat":[23,103,143],"product_tag":[],"class_list":{"0":"post-7806","1":"product","2":"type-product","3":"status-publish","4":"has-post-thumbnail","6":"product_cat-beebile","7":"product_cat-imetamine","8":"product_cat-sootmiseks-soomiseks","9":"desktop-align-left","10":"tablet-align-left","11":"mobile-align-left","13":"first","14":"instock","15":"taxable","16":"shipping-taxable","17":"purchasable","18":"product-type-simple"},"yoast_head":"<!-- This site is optimized with the Yoast SEO plugin v27.4 - https:\/\/yoast.com\/product\/yoast-seo-wordpress\/ -->\n<title>Kikkaboo musliinlapid Hedge Hugs, 6tk pakis - Beebipai<\/title>\n<meta name=\"description\" content=\"Kikkaboo musliinlapid on pehmed ja h\u00e4sti imavad. Head kasutamiseks imetamisel, s\u00f6\u00f6tmisel ja kuivatamiseks. Vaata toodet Kikkaboo musliinlapid!\" \/>\n<meta name=\"robots\" content=\"index, follow, max-snippet:-1, max-image-preview:large, max-video-preview:-1\" \/>\n<link rel=\"canonical\" href=\"https:\/\/beebipai.ee\/lt\/product\/kikkaboo-musliinlapid-6tk-pakis\/\" \/>\n<meta property=\"og:locale\" content=\"lt_LT\" \/>\n<meta property=\"og:type\" content=\"article\" \/>\n<meta property=\"og:title\" content=\"Kikkaboo musliinlapid Hedge Hugs, 6tk pakis - Beebipai\" \/>\n<meta property=\"og:description\" content=\"Kikkaboo musliinlapid on pehmed ja h\u00e4sti imavad. Head kasutamiseks imetamisel, s\u00f6\u00f6tmisel ja kuivatamiseks. Vaata toodet Kikkaboo musliinlapid!\" \/>\n<meta property=\"og:url\" content=\"https:\/\/beebipai.ee\/lt\/product\/kikkaboo-musliinlapid-6tk-pakis\/\" \/>\n<meta property=\"og:site_name\" content=\"Beebipai\" \/>\n<meta property=\"article:modified_time\" content=\"2024-09-13T08:20:46+00:00\" \/>\n<meta property=\"og:image\" content=\"https:\/\/beebipai.ee\/wp-content\/uploads\/2023\/02\/Musliinlapid-Hedge-Hugs.webp\" \/>\n\t<meta property=\"og:image:width\" content=\"520\" \/>\n\t<meta property=\"og:image:height\" content=\"520\" \/>\n\t<meta property=\"og:image:type\" content=\"image\/webp\" \/>\n<meta name=\"twitter:card\" content=\"summary_large_image\" \/>\n<script type=\"application\/ld+json\" class=\"yoast-schema-graph\">{\"@context\":\"https:\\\/\\\/schema.org\",\"@graph\":[{\"@type\":\"WebPage\",\"@id\":\"https:\\\/\\\/beebipai.ee\\\/lt\\\/product\\\/kikkaboo-musliinlapid-6tk-pakis\\\/\",\"url\":\"https:\\\/\\\/beebipai.ee\\\/lt\\\/product\\\/kikkaboo-musliinlapid-6tk-pakis\\\/\",\"name\":\"Kikkaboo musliinlapid Hedge Hugs, 6tk pakis - Beebipai\",\"isPartOf\":{\"@id\":\"https:\\\/\\\/beebipai.ee\\\/en\\\/#website\"},\"primaryImageOfPage\":{\"@id\":\"https:\\\/\\\/beebipai.ee\\\/lt\\\/product\\\/kikkaboo-musliinlapid-6tk-pakis\\\/#primaryimage\"},\"image\":{\"@id\":\"https:\\\/\\\/beebipai.ee\\\/lt\\\/product\\\/kikkaboo-musliinlapid-6tk-pakis\\\/#primaryimage\"},\"thumbnailUrl\":\"https:\\\/\\\/beebipai.ee\\\/wp-content\\\/uploads\\\/2023\\\/02\\\/Musliinlapid-Hedge-Hugs.webp\",\"datePublished\":\"2023-02-15T20:32:29+00:00\",\"dateModified\":\"2024-09-13T08:20:46+00:00\",\"description\":\"Kikkaboo musliinlapid on pehmed ja h\u00e4sti imavad. Head kasutamiseks imetamisel, s\u00f6\u00f6tmisel ja kuivatamiseks. Vaata toodet Kikkaboo musliinlapid!\",\"breadcrumb\":{\"@id\":\"https:\\\/\\\/beebipai.ee\\\/lt\\\/product\\\/kikkaboo-musliinlapid-6tk-pakis\\\/#breadcrumb\"},\"inLanguage\":\"lt-LT\",\"potentialAction\":[{\"@type\":\"ReadAction\",\"target\":[\"https:\\\/\\\/beebipai.ee\\\/lt\\\/product\\\/kikkaboo-musliinlapid-6tk-pakis\\\/\"]}]},{\"@type\":\"ImageObject\",\"inLanguage\":\"lt-LT\",\"@id\":\"https:\\\/\\\/beebipai.ee\\\/lt\\\/product\\\/kikkaboo-musliinlapid-6tk-pakis\\\/#primaryimage\",\"url\":\"https:\\\/\\\/beebipai.ee\\\/wp-content\\\/uploads\\\/2023\\\/02\\\/Musliinlapid-Hedge-Hugs.webp\",\"contentUrl\":\"https:\\\/\\\/beebipai.ee\\\/wp-content\\\/uploads\\\/2023\\\/02\\\/Musliinlapid-Hedge-Hugs.webp\",\"width\":520,\"height\":520},{\"@type\":\"BreadcrumbList\",\"@id\":\"https:\\\/\\\/beebipai.ee\\\/lt\\\/product\\\/kikkaboo-musliinlapid-6tk-pakis\\\/#breadcrumb\",\"itemListElement\":[{\"@type\":\"ListItem\",\"position\":1,\"name\":\"Home\",\"item\":\"https:\\\/\\\/beebipai.ee\\\/\"},{\"@type\":\"ListItem\",\"position\":2,\"name\":\"Pood\",\"item\":\"https:\\\/\\\/beebipai.ee\\\/store\\\/\"},{\"@type\":\"ListItem\",\"position\":3,\"name\":\"Kikkaboo musliinlapid Hedge Hugs, 6tk pakis\"}]},{\"@type\":\"WebSite\",\"@id\":\"https:\\\/\\\/beebipai.ee\\\/en\\\/#website\",\"url\":\"https:\\\/\\\/beebipai.ee\\\/en\\\/\",\"name\":\"Beebipai\",\"description\":\"Rasedate ja beebide veebipood\",\"potentialAction\":[{\"@type\":\"SearchAction\",\"target\":{\"@type\":\"EntryPoint\",\"urlTemplate\":\"https:\\\/\\\/beebipai.ee\\\/en\\\/?s={search_term_string}\"},\"query-input\":{\"@type\":\"PropertyValueSpecification\",\"valueRequired\":true,\"valueName\":\"search_term_string\"}}],\"inLanguage\":\"lt-LT\"}]}<\/script>\n<!-- \/ Yoast SEO plugin. -->","yoast_head_json":{"title":"Kikkaboo musliinlapid Hedge Hugs, 6tk pakis - Beebipai","description":"Kikkaboo musliinlapid on pehmed ja h\u00e4sti imavad. Head kasutamiseks imetamisel, s\u00f6\u00f6tmisel ja kuivatamiseks. Vaata toodet Kikkaboo musliinlapid!","robots":{"index":"index","follow":"follow","max-snippet":"max-snippet:-1","max-image-preview":"max-image-preview:large","max-video-preview":"max-video-preview:-1"},"canonical":"https:\/\/beebipai.ee\/lt\/product\/kikkaboo-musliinlapid-6tk-pakis\/","og_locale":"lt_LT","og_type":"article","og_title":"Kikkaboo musliinlapid Hedge Hugs, 6tk pakis - Beebipai","og_description":"Kikkaboo musliinlapid on pehmed ja h\u00e4sti imavad. Head kasutamiseks imetamisel, s\u00f6\u00f6tmisel ja kuivatamiseks. Vaata toodet Kikkaboo musliinlapid!","og_url":"https:\/\/beebipai.ee\/lt\/product\/kikkaboo-musliinlapid-6tk-pakis\/","og_site_name":"Beebipai","article_modified_time":"2024-09-13T08:20:46+00:00","og_image":[{"width":520,"height":520,"url":"https:\/\/beebipai.ee\/wp-content\/uploads\/2023\/02\/Musliinlapid-Hedge-Hugs.webp","type":"image\/webp"}],"twitter_card":"summary_large_image","schema":{"@context":"https:\/\/schema.org","@graph":[{"@type":"WebPage","@id":"https:\/\/beebipai.ee\/lt\/product\/kikkaboo-musliinlapid-6tk-pakis\/","url":"https:\/\/beebipai.ee\/lt\/product\/kikkaboo-musliinlapid-6tk-pakis\/","name":"Kikkaboo musliinlapid Hedge Hugs, 6tk pakis - Beebipai","isPartOf":{"@id":"https:\/\/beebipai.ee\/en\/#website"},"primaryImageOfPage":{"@id":"https:\/\/beebipai.ee\/lt\/product\/kikkaboo-musliinlapid-6tk-pakis\/#primaryimage"},"image":{"@id":"https:\/\/beebipai.ee\/lt\/product\/kikkaboo-musliinlapid-6tk-pakis\/#primaryimage"},"thumbnailUrl":"https:\/\/beebipai.ee\/wp-content\/uploads\/2023\/02\/Musliinlapid-Hedge-Hugs.webp","datePublished":"2023-02-15T20:32:29+00:00","dateModified":"2024-09-13T08:20:46+00:00","description":"Kikkaboo musliinlapid on pehmed ja h\u00e4sti imavad. Head kasutamiseks imetamisel, s\u00f6\u00f6tmisel ja kuivatamiseks. Vaata toodet Kikkaboo musliinlapid!","breadcrumb":{"@id":"https:\/\/beebipai.ee\/lt\/product\/kikkaboo-musliinlapid-6tk-pakis\/#breadcrumb"},"inLanguage":"lt-LT","potentialAction":[{"@type":"ReadAction","target":["https:\/\/beebipai.ee\/lt\/product\/kikkaboo-musliinlapid-6tk-pakis\/"]}]},{"@type":"ImageObject","inLanguage":"lt-LT","@id":"https:\/\/beebipai.ee\/lt\/product\/kikkaboo-musliinlapid-6tk-pakis\/#primaryimage","url":"https:\/\/beebipai.ee\/wp-content\/uploads\/2023\/02\/Musliinlapid-Hedge-Hugs.webp","contentUrl":"https:\/\/beebipai.ee\/wp-content\/uploads\/2023\/02\/Musliinlapid-Hedge-Hugs.webp","width":520,"height":520},{"@type":"BreadcrumbList","@id":"https:\/\/beebipai.ee\/lt\/product\/kikkaboo-musliinlapid-6tk-pakis\/#breadcrumb","itemListElement":[{"@type":"ListItem","position":1,"name":"Home","item":"https:\/\/beebipai.ee\/"},{"@type":"ListItem","position":2,"name":"Pood","item":"https:\/\/beebipai.ee\/store\/"},{"@type":"ListItem","position":3,"name":"Kikkaboo musliinlapid Hedge Hugs, 6tk pakis"}]},{"@type":"WebSite","@id":"https:\/\/beebipai.ee\/en\/#website","url":"https:\/\/beebipai.ee\/en\/","name":"Beebipai","description":"Rasedate ja beebide veebipood","potentialAction":[{"@type":"SearchAction","target":{"@type":"EntryPoint","urlTemplate":"https:\/\/beebipai.ee\/en\/?s={search_term_string}"},"query-input":{"@type":"PropertyValueSpecification","valueRequired":true,"valueName":"search_term_string"}}],"inLanguage":"lt-LT"}]}},"_links":{"self":[{"href":"https:\/\/beebipai.ee\/lt\/wp-json\/wp\/v2\/product\/7806","targetHints":{"allow":["GET"]}}],"collection":[{"href":"https:\/\/beebipai.ee\/lt\/wp-json\/wp\/v2\/product"}],"about":[{"href":"https:\/\/beebipai.ee\/lt\/wp-json\/wp\/v2\/types\/product"}],"version-history":[{"count":5,"href":"https:\/\/beebipai.ee\/lt\/wp-json\/wp\/v2\/product\/7806\/revisions"}],"predecessor-version":[{"id":11369,"href":"https:\/\/beebipai.ee\/lt\/wp-json\/wp\/v2\/product\/7806\/revisions\/11369"}],"wp:featuredmedia":[{"embeddable":true,"href":"https:\/\/beebipai.ee\/lt\/wp-json\/wp\/v2\/media\/11350"}],"wp:attachment":[{"href":"https:\/\/beebipai.ee\/lt\/wp-json\/wp\/v2\/media?parent=7806"}],"wp:term":[{"taxonomy":"product_brand","embeddable":true,"href":"https:\/\/beebipai.ee\/lt\/wp-json\/wp\/v2\/product_brand?post=7806"},{"taxonomy":"product_cat","embeddable":true,"href":"https:\/\/beebipai.ee\/lt\/wp-json\/wp\/v2\/product_cat?post=7806"},{"taxonomy":"product_tag","embeddable":true,"href":"https:\/\/beebipai.ee\/lt\/wp-json\/wp\/v2\/product_tag?post=7806"}],"curies":[{"name":"wp","href":"https:\/\/api.w.org\/{rel}","templated":true}]}}