{"id":7613,"date":"2023-01-14T11:40:21","date_gmt":"2023-01-14T09:40:21","guid":{"rendered":"https:\/\/beebipai.ee\/?post_type=product&#038;p=7613"},"modified":"2024-12-06T19:53:39","modified_gmt":"2024-12-06T17:53:39","slug":"seraphine-bambusest-aluspuksid-3tk-pakis","status":"publish","type":"product","link":"https:\/\/beebipai.ee\/lt\/product\/seraphine-bambusest-aluspuksid-3tk-pakis\/","title":{"rendered":"Seraphine bambukin\u0117s kelnait\u0117s, 3 vnt pakuot\u0117je"},"content":{"rendered":"<div data-elementor-type=\"wp-post\" data-elementor-id=\"7613\" class=\"elementor elementor-7613\">\n\t\t\t\t\t\t<section class=\"elementor-section elementor-top-section elementor-element elementor-element-98f7257 elementor-section-boxed elementor-section-height-default elementor-section-height-default\" data-id=\"98f7257\" data-element_type=\"section\" data-e-type=\"section\">\n\t\t\t\t\t\t<div class=\"elementor-container elementor-column-gap-default\">\n\t\t\t\t\t<div class=\"elementor-column elementor-col-50 elementor-top-column elementor-element elementor-element-5710101\" data-id=\"5710101\" data-element_type=\"column\" data-e-type=\"column\">\n\t\t\t<div class=\"elementor-widget-wrap elementor-element-populated\">\n\t\t\t\t\t\t<div class=\"elementor-element elementor-element-d716c5d elementor-widget elementor-widget-heading\" data-id=\"d716c5d\" data-element_type=\"widget\" data-e-type=\"widget\" data-widget_type=\"heading.default\">\n\t\t\t\t<div class=\"elementor-widget-container\">\n\t\t\t\t\t<h2 class=\"elementor-heading-title elementor-size-default\">Bambukin\u0117s kelnait\u0117s<\/h2>\t\t\t\t<\/div>\n\t\t\t\t<\/div>\n\t\t\t\t<div class=\"elementor-element elementor-element-01a18c9 elementor-widget elementor-widget-text-editor\" data-id=\"01a18c9\" data-element_type=\"widget\" data-e-type=\"widget\" data-widget_type=\"text-editor.default\">\n\t\t\t\t<div class=\"elementor-widget-container\">\n\t\t\t\t\t\t\t\t\t<p>Bambuko viskoz\u0117s kelnait\u0117s yra patogios kasdien\u0117s kelnait\u0117s. Mink\u0161tas ir lygus. Besi\u016bl\u0117s kelnait\u0117s nesirai\u017eo ir nesispaud\u017eia ir yra nematomos po drabu\u017eiais.<\/p><p>Bambukas kaip med\u017eiaga pasi\u017eymi labai geromis temperat\u016bros reguliavimo savyb\u0117mis. Gerai i\u0161laiko \u0161ilum\u0105, bet taip pat leid\u017eia orui gerai jud\u0117ti, neleid\u017eia susidaryti dr\u0117gmei. I\u0161manusis kry\u017eminis priekis puikiai dera su augan\u010diu pilvuku, tod\u0117l kelnaites galima d\u0117v\u0117ti bet kokio dyd\u017eio n\u0117\u0161tumo metu ir po gimdymo. Bambukas kaip med\u017eiaga palaiko ir palaiko nat\u016brali\u0105 moters intymios zonos mikroflor\u0105, o tai ypa\u010d svarbu n\u0117\u0161tumo metu.<\/p><p>Kelnaites lengva pri\u017ei\u016br\u0117ti:<\/p><ul><li>apverskite kelnes \u012f i\u0161or\u0119, kad skalbtum\u0117te<\/li><li>\u0161velniai skalbti 30 laipsni\u0173 temperat\u016broje<\/li><li>lyginimas ant vidutin\u0117s ugnies<\/li><li>ned\u017eiovinti d\u017eiovykl\u0117je<\/li><\/ul>\t\t\t\t\t\t\t\t<\/div>\n\t\t\t\t<\/div>\n\t\t\t\t\t<\/div>\n\t\t<\/div>\n\t\t\t\t<div class=\"elementor-column elementor-col-50 elementor-top-column elementor-element elementor-element-b168ea0\" data-id=\"b168ea0\" data-element_type=\"column\" data-e-type=\"column\">\n\t\t\t<div class=\"elementor-widget-wrap elementor-element-populated\">\n\t\t\t\t\t\t<div class=\"elementor-element elementor-element-90c4c43 elementor-widget elementor-widget-image\" data-id=\"90c4c43\" data-element_type=\"widget\" data-e-type=\"widget\" data-widget_type=\"image.default\">\n\t\t\t\t<div class=\"elementor-widget-container\">\n\t\t\t\t\t\t\t\t\t\t\t\t\t\t\t<img fetchpriority=\"high\" decoding=\"async\" width=\"586\" height=\"750\" src=\"https:\/\/beebipai.ee\/wp-content\/uploads\/2023\/01\/Seraphine-bambusest-aluspuksid.jpg\" class=\"attachment-large size-large wp-image-7621\" alt=\"\" srcset=\"https:\/\/beebipai.ee\/wp-content\/uploads\/2023\/01\/Seraphine-bambusest-aluspuksid.jpg 586w, https:\/\/beebipai.ee\/wp-content\/uploads\/2023\/01\/Seraphine-bambusest-aluspuksid-234x300.jpg 234w, https:\/\/beebipai.ee\/wp-content\/uploads\/2023\/01\/Seraphine-bambusest-aluspuksid-9x12.jpg 9w\" sizes=\"(max-width: 586px) 100vw, 586px\" \/>\t\t\t\t\t\t\t\t\t\t\t\t\t\t\t<\/div>\n\t\t\t\t<\/div>\n\t\t\t\t\t<\/div>\n\t\t<\/div>\n\t\t\t\t\t<\/div>\n\t\t<\/section>\n\t\t\t\t<\/div>","protected":false},"excerpt":{"rendered":"<p>Seraphine bambukin\u0117s kelnait\u0117s yra patogios ir mink\u0161tos. Keln\u0117s su apatiniu dizainu tinka bet kokio dyd\u017eio n\u0117\u0161tumui.<\/p>\n<p>Pakuot\u0117je 3 poros kelnai\u010di\u0173<\/p>\n<p>&nbsp;<\/p>","protected":false},"featured_media":7620,"template":"","meta":{"_monsterinsights_skip_tracking":false,"_monsterinsights_sitenote_active":false,"_monsterinsights_sitenote_note":"","_monsterinsights_sitenote_category":0,"site-sidebar-layout":"no-sidebar","site-content-layout":"page-builder","ast-site-content-layout":"full-width-container","site-content-style":"unboxed","site-sidebar-style":"unboxed","ast-global-header-display":"","ast-banner-title-visibility":"","ast-main-header-display":"","ast-hfb-above-header-display":"","ast-hfb-below-header-display":"","ast-hfb-mobile-header-display":"","site-post-title":"disabled","ast-breadcrumbs-content":"","ast-featured-img":"disabled","footer-sml-layout":"","ast-disable-related-posts":"","theme-transparent-header-meta":"default","adv-header-id-meta":"","stick-header-meta":"","header-above-stick-meta":"","header-main-stick-meta":"","header-below-stick-meta":"","astra-migrate-meta-layouts":"set","ast-page-background-enabled":"default","ast-page-background-meta":{"desktop":{"background-color":"","background-image":"","background-repeat":"repeat","background-position":"center center","background-size":"auto","background-attachment":"scroll","background-type":"","background-media":"","overlay-type":"","overlay-color":"","overlay-opacity":"","overlay-gradient":""},"tablet":{"background-color":"","background-image":"","background-repeat":"repeat","background-position":"center center","background-size":"auto","background-attachment":"scroll","background-type":"","background-media":"","overlay-type":"","overlay-color":"","overlay-opacity":"","overlay-gradient":""},"mobile":{"background-color":"","background-image":"","background-repeat":"repeat","background-position":"center center","background-size":"auto","background-attachment":"scroll","background-type":"","background-media":"","overlay-type":"","overlay-color":"","overlay-opacity":"","overlay-gradient":""}},"ast-content-background-meta":{"desktop":{"background-color":"var(--ast-global-color-5)","background-image":"","background-repeat":"repeat","background-position":"center center","background-size":"auto","background-attachment":"scroll","background-type":"","background-media":"","overlay-type":"","overlay-color":"","overlay-opacity":"","overlay-gradient":""},"tablet":{"background-color":"var(--ast-global-color-5)","background-image":"","background-repeat":"repeat","background-position":"center center","background-size":"auto","background-attachment":"scroll","background-type":"","background-media":"","overlay-type":"","overlay-color":"","overlay-opacity":"","overlay-gradient":""},"mobile":{"background-color":"var(--ast-global-color-5)","background-image":"","background-repeat":"repeat","background-position":"center center","background-size":"auto","background-attachment":"scroll","background-type":"","background-media":"","overlay-type":"","overlay-color":"","overlay-opacity":"","overlay-gradient":""}}},"product_brand":[],"product_cat":[22,133],"product_tag":[],"class_list":{"0":"post-7613","1":"product","2":"type-product","3":"status-publish","4":"has-post-thumbnail","6":"product_cat-emale","7":"product_cat-riided-rasedatele-ja-rinnaga-toitvatele-emadele","8":"desktop-align-left","9":"tablet-align-left","10":"mobile-align-left","12":"first","13":"instock","14":"sale","15":"taxable","16":"shipping-taxable","17":"purchasable","18":"product-type-variable"},"yoast_head":"<!-- This site is optimized with the Yoast SEO plugin v27.3 - https:\/\/yoast.com\/product\/yoast-seo-wordpress\/ -->\n<title>Seraphine bambusest alusp\u00fcksid, 3tk pakis - Beebipai<\/title>\n<meta name=\"description\" content=\"Seraphine bambusest alusp\u00fcksid on mugavad igas raseduse suuruses. Vaata toodet Seraphine bambusest alusp\u00fcksid!\" \/>\n<meta name=\"robots\" content=\"index, follow, max-snippet:-1, max-image-preview:large, max-video-preview:-1\" \/>\n<link rel=\"canonical\" href=\"https:\/\/beebipai.ee\/lt\/product\/seraphine-bambusest-aluspuksid-3tk-pakis\/\" \/>\n<meta property=\"og:locale\" content=\"lt_LT\" \/>\n<meta property=\"og:type\" content=\"article\" \/>\n<meta property=\"og:title\" content=\"Seraphine bambusest alusp\u00fcksid, 3tk pakis - Beebipai\" \/>\n<meta property=\"og:description\" content=\"Seraphine bambusest alusp\u00fcksid on mugavad igas raseduse suuruses. Vaata toodet Seraphine bambusest alusp\u00fcksid!\" \/>\n<meta property=\"og:url\" content=\"https:\/\/beebipai.ee\/lt\/product\/seraphine-bambusest-aluspuksid-3tk-pakis\/\" \/>\n<meta property=\"og:site_name\" content=\"Beebipai\" \/>\n<meta property=\"article:modified_time\" content=\"2024-12-06T17:53:39+00:00\" \/>\n<meta property=\"og:image\" content=\"https:\/\/beebipai.ee\/wp-content\/uploads\/2023\/01\/Seraphine-bambusest-aluspuksid-3.jpg\" \/>\n\t<meta property=\"og:image:width\" content=\"586\" \/>\n\t<meta property=\"og:image:height\" content=\"750\" \/>\n\t<meta property=\"og:image:type\" content=\"image\/jpeg\" \/>\n<meta name=\"twitter:card\" content=\"summary_large_image\" \/>\n<meta name=\"twitter:label1\" content=\"Est. reading time\" \/>\n\t<meta name=\"twitter:data1\" content=\"1 minut\u0117\" \/>\n<script type=\"application\/ld+json\" class=\"yoast-schema-graph\">{\"@context\":\"https:\\\/\\\/schema.org\",\"@graph\":[{\"@type\":\"WebPage\",\"@id\":\"https:\\\/\\\/beebipai.ee\\\/product\\\/seraphine-bambusest-aluspuksid-3tk-pakis\\\/\",\"url\":\"https:\\\/\\\/beebipai.ee\\\/product\\\/seraphine-bambusest-aluspuksid-3tk-pakis\\\/\",\"name\":\"Seraphine bambusest alusp\u00fcksid, 3tk pakis - Beebipai\",\"isPartOf\":{\"@id\":\"https:\\\/\\\/beebipai.ee\\\/en\\\/#website\"},\"primaryImageOfPage\":{\"@id\":\"https:\\\/\\\/beebipai.ee\\\/product\\\/seraphine-bambusest-aluspuksid-3tk-pakis\\\/#primaryimage\"},\"image\":{\"@id\":\"https:\\\/\\\/beebipai.ee\\\/product\\\/seraphine-bambusest-aluspuksid-3tk-pakis\\\/#primaryimage\"},\"thumbnailUrl\":\"https:\\\/\\\/beebipai.ee\\\/wp-content\\\/uploads\\\/2023\\\/01\\\/Seraphine-bambusest-aluspuksid-3.jpg\",\"datePublished\":\"2023-01-14T09:40:21+00:00\",\"dateModified\":\"2024-12-06T17:53:39+00:00\",\"description\":\"Seraphine bambusest alusp\u00fcksid on mugavad igas raseduse suuruses. Vaata toodet Seraphine bambusest alusp\u00fcksid!\",\"breadcrumb\":{\"@id\":\"https:\\\/\\\/beebipai.ee\\\/product\\\/seraphine-bambusest-aluspuksid-3tk-pakis\\\/#breadcrumb\"},\"inLanguage\":\"lt-LT\",\"potentialAction\":[{\"@type\":\"ReadAction\",\"target\":[\"https:\\\/\\\/beebipai.ee\\\/product\\\/seraphine-bambusest-aluspuksid-3tk-pakis\\\/\"]}]},{\"@type\":\"ImageObject\",\"inLanguage\":\"lt-LT\",\"@id\":\"https:\\\/\\\/beebipai.ee\\\/product\\\/seraphine-bambusest-aluspuksid-3tk-pakis\\\/#primaryimage\",\"url\":\"https:\\\/\\\/beebipai.ee\\\/wp-content\\\/uploads\\\/2023\\\/01\\\/Seraphine-bambusest-aluspuksid-3.jpg\",\"contentUrl\":\"https:\\\/\\\/beebipai.ee\\\/wp-content\\\/uploads\\\/2023\\\/01\\\/Seraphine-bambusest-aluspuksid-3.jpg\",\"width\":586,\"height\":750},{\"@type\":\"BreadcrumbList\",\"@id\":\"https:\\\/\\\/beebipai.ee\\\/product\\\/seraphine-bambusest-aluspuksid-3tk-pakis\\\/#breadcrumb\",\"itemListElement\":[{\"@type\":\"ListItem\",\"position\":1,\"name\":\"Home\",\"item\":\"https:\\\/\\\/beebipai.ee\\\/\"},{\"@type\":\"ListItem\",\"position\":2,\"name\":\"Pood\",\"item\":\"https:\\\/\\\/beebipai.ee\\\/store\\\/\"},{\"@type\":\"ListItem\",\"position\":3,\"name\":\"Seraphine bambusest alusp\u00fcksid, 3tk pakis\"}]},{\"@type\":\"WebSite\",\"@id\":\"https:\\\/\\\/beebipai.ee\\\/en\\\/#website\",\"url\":\"https:\\\/\\\/beebipai.ee\\\/en\\\/\",\"name\":\"Beebipai\",\"description\":\"Rasedate ja beebide veebipood\",\"potentialAction\":[{\"@type\":\"SearchAction\",\"target\":{\"@type\":\"EntryPoint\",\"urlTemplate\":\"https:\\\/\\\/beebipai.ee\\\/en\\\/?s={search_term_string}\"},\"query-input\":{\"@type\":\"PropertyValueSpecification\",\"valueRequired\":true,\"valueName\":\"search_term_string\"}}],\"inLanguage\":\"lt-LT\"}]}<\/script>\n<!-- \/ Yoast SEO plugin. -->","yoast_head_json":{"title":"Seraphine bambusest alusp\u00fcksid, 3tk pakis - Beebipai","description":"Seraphine bambusest alusp\u00fcksid on mugavad igas raseduse suuruses. Vaata toodet Seraphine bambusest alusp\u00fcksid!","robots":{"index":"index","follow":"follow","max-snippet":"max-snippet:-1","max-image-preview":"max-image-preview:large","max-video-preview":"max-video-preview:-1"},"canonical":"https:\/\/beebipai.ee\/lt\/product\/seraphine-bambusest-aluspuksid-3tk-pakis\/","og_locale":"lt_LT","og_type":"article","og_title":"Seraphine bambusest alusp\u00fcksid, 3tk pakis - Beebipai","og_description":"Seraphine bambusest alusp\u00fcksid on mugavad igas raseduse suuruses. Vaata toodet Seraphine bambusest alusp\u00fcksid!","og_url":"https:\/\/beebipai.ee\/lt\/product\/seraphine-bambusest-aluspuksid-3tk-pakis\/","og_site_name":"Beebipai","article_modified_time":"2024-12-06T17:53:39+00:00","og_image":[{"width":586,"height":750,"url":"https:\/\/beebipai.ee\/wp-content\/uploads\/2023\/01\/Seraphine-bambusest-aluspuksid-3.jpg","type":"image\/jpeg"}],"twitter_card":"summary_large_image","twitter_misc":{"Est. reading time":"1 minut\u0117"},"schema":{"@context":"https:\/\/schema.org","@graph":[{"@type":"WebPage","@id":"https:\/\/beebipai.ee\/product\/seraphine-bambusest-aluspuksid-3tk-pakis\/","url":"https:\/\/beebipai.ee\/product\/seraphine-bambusest-aluspuksid-3tk-pakis\/","name":"Seraphine bambusest alusp\u00fcksid, 3tk pakis - Beebipai","isPartOf":{"@id":"https:\/\/beebipai.ee\/en\/#website"},"primaryImageOfPage":{"@id":"https:\/\/beebipai.ee\/product\/seraphine-bambusest-aluspuksid-3tk-pakis\/#primaryimage"},"image":{"@id":"https:\/\/beebipai.ee\/product\/seraphine-bambusest-aluspuksid-3tk-pakis\/#primaryimage"},"thumbnailUrl":"https:\/\/beebipai.ee\/wp-content\/uploads\/2023\/01\/Seraphine-bambusest-aluspuksid-3.jpg","datePublished":"2023-01-14T09:40:21+00:00","dateModified":"2024-12-06T17:53:39+00:00","description":"Seraphine bambusest alusp\u00fcksid on mugavad igas raseduse suuruses. Vaata toodet Seraphine bambusest alusp\u00fcksid!","breadcrumb":{"@id":"https:\/\/beebipai.ee\/product\/seraphine-bambusest-aluspuksid-3tk-pakis\/#breadcrumb"},"inLanguage":"lt-LT","potentialAction":[{"@type":"ReadAction","target":["https:\/\/beebipai.ee\/product\/seraphine-bambusest-aluspuksid-3tk-pakis\/"]}]},{"@type":"ImageObject","inLanguage":"lt-LT","@id":"https:\/\/beebipai.ee\/product\/seraphine-bambusest-aluspuksid-3tk-pakis\/#primaryimage","url":"https:\/\/beebipai.ee\/wp-content\/uploads\/2023\/01\/Seraphine-bambusest-aluspuksid-3.jpg","contentUrl":"https:\/\/beebipai.ee\/wp-content\/uploads\/2023\/01\/Seraphine-bambusest-aluspuksid-3.jpg","width":586,"height":750},{"@type":"BreadcrumbList","@id":"https:\/\/beebipai.ee\/product\/seraphine-bambusest-aluspuksid-3tk-pakis\/#breadcrumb","itemListElement":[{"@type":"ListItem","position":1,"name":"Home","item":"https:\/\/beebipai.ee\/"},{"@type":"ListItem","position":2,"name":"Pood","item":"https:\/\/beebipai.ee\/store\/"},{"@type":"ListItem","position":3,"name":"Seraphine bambusest alusp\u00fcksid, 3tk pakis"}]},{"@type":"WebSite","@id":"https:\/\/beebipai.ee\/en\/#website","url":"https:\/\/beebipai.ee\/en\/","name":"Beebipai","description":"Rasedate ja beebide veebipood","potentialAction":[{"@type":"SearchAction","target":{"@type":"EntryPoint","urlTemplate":"https:\/\/beebipai.ee\/en\/?s={search_term_string}"},"query-input":{"@type":"PropertyValueSpecification","valueRequired":true,"valueName":"search_term_string"}}],"inLanguage":"lt-LT"}]}},"_links":{"self":[{"href":"https:\/\/beebipai.ee\/lt\/wp-json\/wp\/v2\/product\/7613","targetHints":{"allow":["GET"]}}],"collection":[{"href":"https:\/\/beebipai.ee\/lt\/wp-json\/wp\/v2\/product"}],"about":[{"href":"https:\/\/beebipai.ee\/lt\/wp-json\/wp\/v2\/types\/product"}],"version-history":[{"count":5,"href":"https:\/\/beebipai.ee\/lt\/wp-json\/wp\/v2\/product\/7613\/revisions"}],"predecessor-version":[{"id":10720,"href":"https:\/\/beebipai.ee\/lt\/wp-json\/wp\/v2\/product\/7613\/revisions\/10720"}],"wp:featuredmedia":[{"embeddable":true,"href":"https:\/\/beebipai.ee\/lt\/wp-json\/wp\/v2\/media\/7620"}],"wp:attachment":[{"href":"https:\/\/beebipai.ee\/lt\/wp-json\/wp\/v2\/media?parent=7613"}],"wp:term":[{"taxonomy":"product_brand","embeddable":true,"href":"https:\/\/beebipai.ee\/lt\/wp-json\/wp\/v2\/product_brand?post=7613"},{"taxonomy":"product_cat","embeddable":true,"href":"https:\/\/beebipai.ee\/lt\/wp-json\/wp\/v2\/product_cat?post=7613"},{"taxonomy":"product_tag","embeddable":true,"href":"https:\/\/beebipai.ee\/lt\/wp-json\/wp\/v2\/product_tag?post=7613"}],"curies":[{"name":"wp","href":"https:\/\/api.w.org\/{rel}","templated":true}]}}