{"id":7585,"date":"2023-01-10T11:46:51","date_gmt":"2023-01-10T09:46:51","guid":{"rendered":"https:\/\/beebipai.ee\/?post_type=product&#038;p=7585"},"modified":"2026-01-24T16:32:40","modified_gmt":"2026-01-24T14:32:40","slug":"cadenshae-bambusest-aluspuksid","status":"publish","type":"product","link":"https:\/\/beebipai.ee\/lt\/product\/cadenshae-bambusest-aluspuksid\/","title":{"rendered":"Cadenshae bambukin\u0117s kelnait\u0117s"},"content":{"rendered":"<div data-elementor-type=\"wp-post\" data-elementor-id=\"7585\" class=\"elementor elementor-7585\">\n\t\t\t\t\t\t<section class=\"elementor-section elementor-top-section elementor-element elementor-element-f458b73 elementor-section-boxed elementor-section-height-default elementor-section-height-default\" data-id=\"f458b73\" data-element_type=\"section\" data-e-type=\"section\">\n\t\t\t\t\t\t<div class=\"elementor-container elementor-column-gap-default\">\n\t\t\t\t\t<div class=\"elementor-column elementor-col-33 elementor-top-column elementor-element elementor-element-b0c4a39\" data-id=\"b0c4a39\" data-element_type=\"column\" data-e-type=\"column\">\n\t\t\t<div class=\"elementor-widget-wrap elementor-element-populated\">\n\t\t\t\t\t\t<div class=\"elementor-element elementor-element-778c9f2 elementor-widget elementor-widget-heading\" data-id=\"778c9f2\" data-element_type=\"widget\" data-e-type=\"widget\" data-widget_type=\"heading.default\">\n\t\t\t\t<div class=\"elementor-widget-container\">\n\t\t\t\t\t<h2 class=\"elementor-heading-title elementor-size-default\">Bambukin\u0117s kelnait\u0117s ir n\u0117\u0161tumas<\/h2>\t\t\t\t<\/div>\n\t\t\t\t<\/div>\n\t\t\t\t<div class=\"elementor-element elementor-element-ac7663f elementor-widget elementor-widget-text-editor\" data-id=\"ac7663f\" data-element_type=\"widget\" data-e-type=\"widget\" data-widget_type=\"text-editor.default\">\n\t\t\t\t<div class=\"elementor-widget-container\">\n\t\t\t\t\t\t\t\t\t<p>Bambuko viskoz\u0117s \u201e\u0161ort\u0173\u201c stiliaus kelnait\u0117s patogios ir stilingos. Mink\u0161ta med\u017eiaga yra patogi ne\u0161ioti bet kokio n\u0117\u0161tumo dyd\u017eio. Auk\u0161tesn\u0117 juosmens dalis prisitaiko prie augan\u010dio pilvo ir nesirai\u017eo bei nespaud\u017eia. Bambukas pasi\u017eymi geromis termoreguliacin\u0117mis savyb\u0117mis, kurios u\u017etikrina \u0161ilumos sulaikym\u0105 \u0161altu oru ir ger\u0105 v\u0117dinim\u0105 \u0161iltu oru. \u0160ort\u0173 stiliaus kelnait\u0117s taip pat yra labai geros mak\u0161ties mikrofloros laikytojos, o tai ypa\u010d svarbu n\u0117\u0161tumo metu ir po gimdymo.\u00a0<\/p>\t\t\t\t\t\t\t\t<\/div>\n\t\t\t\t<\/div>\n\t\t\t\t\t<\/div>\n\t\t<\/div>\n\t\t\t\t<div class=\"elementor-column elementor-col-33 elementor-top-column elementor-element elementor-element-79320da\" data-id=\"79320da\" data-element_type=\"column\" data-e-type=\"column\">\n\t\t\t<div class=\"elementor-widget-wrap elementor-element-populated\">\n\t\t\t\t\t\t<div class=\"elementor-element elementor-element-c15243d elementor-widget elementor-widget-image\" data-id=\"c15243d\" data-element_type=\"widget\" data-e-type=\"widget\" data-widget_type=\"image.default\">\n\t\t\t\t<div class=\"elementor-widget-container\">\n\t\t\t\t\t\t\t\t\t\t\t\t\t\t\t<img fetchpriority=\"high\" decoding=\"async\" width=\"807\" height=\"1024\" src=\"https:\/\/beebipai.ee\/wp-content\/uploads\/2023\/01\/Cadenshae-bambusest-aluspuksid-3-807x1024.webp\" class=\"attachment-large size-large wp-image-7588\" alt=\"\" srcset=\"https:\/\/beebipai.ee\/wp-content\/uploads\/2023\/01\/Cadenshae-bambusest-aluspuksid-3-807x1024.webp 807w, https:\/\/beebipai.ee\/wp-content\/uploads\/2023\/01\/Cadenshae-bambusest-aluspuksid-3-e1673343776485-236x300.webp 236w, https:\/\/beebipai.ee\/wp-content\/uploads\/2023\/01\/Cadenshae-bambusest-aluspuksid-3-768x975.webp 768w, https:\/\/beebipai.ee\/wp-content\/uploads\/2023\/01\/Cadenshae-bambusest-aluspuksid-3-e1673343776485-9x12.webp 9w, https:\/\/beebipai.ee\/wp-content\/uploads\/2023\/01\/Cadenshae-bambusest-aluspuksid-3-600x761.webp 600w, https:\/\/beebipai.ee\/wp-content\/uploads\/2023\/01\/Cadenshae-bambusest-aluspuksid-3-e1673343776485.webp 500w\" sizes=\"(max-width: 807px) 100vw, 807px\" \/>\t\t\t\t\t\t\t\t\t\t\t\t\t\t\t<\/div>\n\t\t\t\t<\/div>\n\t\t\t\t\t<\/div>\n\t\t<\/div>\n\t\t\t\t<div class=\"elementor-column elementor-col-33 elementor-top-column elementor-element elementor-element-2d109a6\" data-id=\"2d109a6\" data-element_type=\"column\" data-e-type=\"column\">\n\t\t\t<div class=\"elementor-widget-wrap elementor-element-populated\">\n\t\t\t\t\t\t<div class=\"elementor-element elementor-element-6e8c0dd elementor-widget elementor-widget-heading\" data-id=\"6e8c0dd\" data-element_type=\"widget\" data-e-type=\"widget\" data-widget_type=\"heading.default\">\n\t\t\t\t<div class=\"elementor-widget-container\">\n\t\t\t\t\t<h2 class=\"elementor-heading-title elementor-size-default\">Bambukin\u0117s kelnait\u0117s ir laikotarpis po gimdymo<\/h2>\t\t\t\t<\/div>\n\t\t\t\t<\/div>\n\t\t\t\t<div class=\"elementor-element elementor-element-3a12142 elementor-widget elementor-widget-text-editor\" data-id=\"3a12142\" data-element_type=\"widget\" data-e-type=\"widget\" data-widget_type=\"text-editor.default\">\n\t\t\t\t<div class=\"elementor-widget-container\">\n\t\t\t\t\t\t\t\t\t<p>\u012e n\u0117\u0161\u010di\u0173j\u0173 krep\u0161\u012f galite supakuoti bambukin\u0117s viskoz\u0117s \u201e\u0161ort\u0173\u201c stiliaus kelnaites. Auk\u0161ta juosmens dalis gra\u017eiai t\u0119siasi per pilv\u0105. Bambukas kaip med\u017eiaga yra mink\u0161ta ir pralaidi orui, tod\u0117l keln\u0117s puikiai tinka ir pilvui po cezario pj\u016bvio. Keln\u0117s su \u0161iek tiek ilgesne \u0161laun\u0173 dalimi tvirtai ir patogiai priglunda prie kojos ir talpina bei laiko didesnius tvars\u010dius po gimdymo. D\u0117l gero oro pralaidumo ir draugi\u0161kumo odai jie taip pat padeda palaikyti tinkam\u0105 aplink\u0105 pogimdymini\u0173 si\u016bli\u0173 gijimui.\u00a0<\/p>\t\t\t\t\t\t\t\t<\/div>\n\t\t\t\t<\/div>\n\t\t\t\t\t<\/div>\n\t\t<\/div>\n\t\t\t\t\t<\/div>\n\t\t<\/section>\n\t\t\t\t<\/div>","protected":false},"excerpt":{"rendered":"<p>Mink\u0161tos bambukin\u0117s viskoz\u0117s kelnait\u0117s yra nepamainomos n\u0117\u0161tumo metu ir po gimdymo. Auk\u0161ta juosmens dalis yra elastinga ir mink\u0161ta, kuri u\u017etikrina prigludim\u0105 tiek prie augan\u010dio pilvuko, tiek prie gimdymo fig\u016bros.<\/p>","protected":false},"featured_media":7591,"template":"","meta":{"_monsterinsights_skip_tracking":false,"_monsterinsights_sitenote_active":false,"_monsterinsights_sitenote_note":"","_monsterinsights_sitenote_category":0,"site-sidebar-layout":"no-sidebar","site-content-layout":"page-builder","ast-site-content-layout":"full-width-container","site-content-style":"unboxed","site-sidebar-style":"unboxed","ast-global-header-display":"","ast-banner-title-visibility":"","ast-main-header-display":"","ast-hfb-above-header-display":"","ast-hfb-below-header-display":"","ast-hfb-mobile-header-display":"","site-post-title":"disabled","ast-breadcrumbs-content":"","ast-featured-img":"disabled","footer-sml-layout":"","ast-disable-related-posts":"","theme-transparent-header-meta":"default","adv-header-id-meta":"","stick-header-meta":"","header-above-stick-meta":"","header-main-stick-meta":"","header-below-stick-meta":"","astra-migrate-meta-layouts":"set","ast-page-background-enabled":"default","ast-page-background-meta":{"desktop":{"background-color":"","background-image":"","background-repeat":"repeat","background-position":"center center","background-size":"auto","background-attachment":"scroll","background-type":"","background-media":"","overlay-type":"","overlay-color":"","overlay-opacity":"","overlay-gradient":""},"tablet":{"background-color":"","background-image":"","background-repeat":"repeat","background-position":"center center","background-size":"auto","background-attachment":"scroll","background-type":"","background-media":"","overlay-type":"","overlay-color":"","overlay-opacity":"","overlay-gradient":""},"mobile":{"background-color":"","background-image":"","background-repeat":"repeat","background-position":"center center","background-size":"auto","background-attachment":"scroll","background-type":"","background-media":"","overlay-type":"","overlay-color":"","overlay-opacity":"","overlay-gradient":""}},"ast-content-background-meta":{"desktop":{"background-color":"var(--ast-global-color-5)","background-image":"","background-repeat":"repeat","background-position":"center center","background-size":"auto","background-attachment":"scroll","background-type":"","background-media":"","overlay-type":"","overlay-color":"","overlay-opacity":"","overlay-gradient":""},"tablet":{"background-color":"var(--ast-global-color-5)","background-image":"","background-repeat":"repeat","background-position":"center center","background-size":"auto","background-attachment":"scroll","background-type":"","background-media":"","overlay-type":"","overlay-color":"","overlay-opacity":"","overlay-gradient":""},"mobile":{"background-color":"var(--ast-global-color-5)","background-image":"","background-repeat":"repeat","background-position":"center center","background-size":"auto","background-attachment":"scroll","background-type":"","background-media":"","overlay-type":"","overlay-color":"","overlay-opacity":"","overlay-gradient":""}}},"product_brand":[],"product_cat":[22,133],"product_tag":[],"class_list":{"0":"post-7585","1":"product","2":"type-product","3":"status-publish","4":"has-post-thumbnail","6":"product_cat-emale","7":"product_cat-riided-rasedatele-ja-rinnaga-toitvatele-emadele","8":"desktop-align-left","9":"tablet-align-left","10":"mobile-align-left","12":"first","13":"instock","14":"taxable","15":"shipping-taxable","16":"purchasable","17":"product-type-variable"},"yoast_head":"<!-- This site is optimized with the Yoast SEO plugin v27.4 - https:\/\/yoast.com\/product\/yoast-seo-wordpress\/ -->\n<title>Cadenshae bambusest alusp\u00fcksid - Beebipai<\/title>\n<meta name=\"description\" content=\"Bambusest alusp\u00fcksid on pehmed ja mugavad. Sobituvad nii rasedusaegse kui ka s\u00fcnnitusj\u00e4rgse figuuriga. Vaata toodet bambusest alusp\u00fcksid!\" \/>\n<meta name=\"robots\" content=\"index, follow, max-snippet:-1, max-image-preview:large, max-video-preview:-1\" \/>\n<link rel=\"canonical\" href=\"https:\/\/beebipai.ee\/lt\/product\/cadenshae-bambusest-aluspuksid\/\" \/>\n<meta property=\"og:locale\" content=\"lt_LT\" \/>\n<meta property=\"og:type\" content=\"article\" \/>\n<meta property=\"og:title\" content=\"Cadenshae bambusest alusp\u00fcksid - Beebipai\" \/>\n<meta property=\"og:description\" content=\"Bambusest alusp\u00fcksid on pehmed ja mugavad. Sobituvad nii rasedusaegse kui ka s\u00fcnnitusj\u00e4rgse figuuriga. Vaata toodet bambusest alusp\u00fcksid!\" \/>\n<meta property=\"og:url\" content=\"https:\/\/beebipai.ee\/lt\/product\/cadenshae-bambusest-aluspuksid\/\" \/>\n<meta property=\"og:site_name\" content=\"Beebipai\" \/>\n<meta property=\"article:modified_time\" content=\"2026-01-24T14:32:40+00:00\" \/>\n<meta property=\"og:image\" content=\"https:\/\/beebipai.ee\/wp-content\/uploads\/2023\/01\/Cadeshae-bambusest-aluspuksid-e1673343707154.webp\" \/>\n\t<meta property=\"og:image:width\" content=\"600\" \/>\n\t<meta property=\"og:image:height\" content=\"761\" \/>\n\t<meta property=\"og:image:type\" content=\"image\/webp\" \/>\n<meta name=\"twitter:card\" content=\"summary_large_image\" \/>\n<meta name=\"twitter:label1\" content=\"Est. reading time\" \/>\n\t<meta name=\"twitter:data1\" content=\"1 minut\u0117\" \/>\n<script type=\"application\/ld+json\" class=\"yoast-schema-graph\">{\"@context\":\"https:\\\/\\\/schema.org\",\"@graph\":[{\"@type\":\"WebPage\",\"@id\":\"https:\\\/\\\/beebipai.ee\\\/product\\\/cadenshae-bambusest-aluspuksid\\\/\",\"url\":\"https:\\\/\\\/beebipai.ee\\\/product\\\/cadenshae-bambusest-aluspuksid\\\/\",\"name\":\"Cadenshae bambusest alusp\u00fcksid - Beebipai\",\"isPartOf\":{\"@id\":\"https:\\\/\\\/beebipai.ee\\\/en\\\/#website\"},\"primaryImageOfPage\":{\"@id\":\"https:\\\/\\\/beebipai.ee\\\/product\\\/cadenshae-bambusest-aluspuksid\\\/#primaryimage\"},\"image\":{\"@id\":\"https:\\\/\\\/beebipai.ee\\\/product\\\/cadenshae-bambusest-aluspuksid\\\/#primaryimage\"},\"thumbnailUrl\":\"https:\\\/\\\/beebipai.ee\\\/wp-content\\\/uploads\\\/2023\\\/01\\\/Cadeshae-bambusest-aluspuksid-e1673343707154.webp\",\"datePublished\":\"2023-01-10T09:46:51+00:00\",\"dateModified\":\"2026-01-24T14:32:40+00:00\",\"description\":\"Bambusest alusp\u00fcksid on pehmed ja mugavad. Sobituvad nii rasedusaegse kui ka s\u00fcnnitusj\u00e4rgse figuuriga. Vaata toodet bambusest alusp\u00fcksid!\",\"breadcrumb\":{\"@id\":\"https:\\\/\\\/beebipai.ee\\\/product\\\/cadenshae-bambusest-aluspuksid\\\/#breadcrumb\"},\"inLanguage\":\"lt-LT\",\"potentialAction\":[{\"@type\":\"ReadAction\",\"target\":[\"https:\\\/\\\/beebipai.ee\\\/product\\\/cadenshae-bambusest-aluspuksid\\\/\"]}]},{\"@type\":\"ImageObject\",\"inLanguage\":\"lt-LT\",\"@id\":\"https:\\\/\\\/beebipai.ee\\\/product\\\/cadenshae-bambusest-aluspuksid\\\/#primaryimage\",\"url\":\"https:\\\/\\\/beebipai.ee\\\/wp-content\\\/uploads\\\/2023\\\/01\\\/Cadeshae-bambusest-aluspuksid-e1673343707154.webp\",\"contentUrl\":\"https:\\\/\\\/beebipai.ee\\\/wp-content\\\/uploads\\\/2023\\\/01\\\/Cadeshae-bambusest-aluspuksid-e1673343707154.webp\",\"width\":600,\"height\":761},{\"@type\":\"BreadcrumbList\",\"@id\":\"https:\\\/\\\/beebipai.ee\\\/product\\\/cadenshae-bambusest-aluspuksid\\\/#breadcrumb\",\"itemListElement\":[{\"@type\":\"ListItem\",\"position\":1,\"name\":\"Home\",\"item\":\"https:\\\/\\\/beebipai.ee\\\/\"},{\"@type\":\"ListItem\",\"position\":2,\"name\":\"Pood\",\"item\":\"https:\\\/\\\/beebipai.ee\\\/store\\\/\"},{\"@type\":\"ListItem\",\"position\":3,\"name\":\"Cadenshae bambusest alusp\u00fcksid\"}]},{\"@type\":\"WebSite\",\"@id\":\"https:\\\/\\\/beebipai.ee\\\/en\\\/#website\",\"url\":\"https:\\\/\\\/beebipai.ee\\\/en\\\/\",\"name\":\"Beebipai\",\"description\":\"Rasedate ja beebide veebipood\",\"potentialAction\":[{\"@type\":\"SearchAction\",\"target\":{\"@type\":\"EntryPoint\",\"urlTemplate\":\"https:\\\/\\\/beebipai.ee\\\/en\\\/?s={search_term_string}\"},\"query-input\":{\"@type\":\"PropertyValueSpecification\",\"valueRequired\":true,\"valueName\":\"search_term_string\"}}],\"inLanguage\":\"lt-LT\"}]}<\/script>\n<!-- \/ Yoast SEO plugin. -->","yoast_head_json":{"title":"Cadenshae bambusest alusp\u00fcksid - Beebipai","description":"Bambusest alusp\u00fcksid on pehmed ja mugavad. Sobituvad nii rasedusaegse kui ka s\u00fcnnitusj\u00e4rgse figuuriga. Vaata toodet bambusest alusp\u00fcksid!","robots":{"index":"index","follow":"follow","max-snippet":"max-snippet:-1","max-image-preview":"max-image-preview:large","max-video-preview":"max-video-preview:-1"},"canonical":"https:\/\/beebipai.ee\/lt\/product\/cadenshae-bambusest-aluspuksid\/","og_locale":"lt_LT","og_type":"article","og_title":"Cadenshae bambusest alusp\u00fcksid - Beebipai","og_description":"Bambusest alusp\u00fcksid on pehmed ja mugavad. Sobituvad nii rasedusaegse kui ka s\u00fcnnitusj\u00e4rgse figuuriga. Vaata toodet bambusest alusp\u00fcksid!","og_url":"https:\/\/beebipai.ee\/lt\/product\/cadenshae-bambusest-aluspuksid\/","og_site_name":"Beebipai","article_modified_time":"2026-01-24T14:32:40+00:00","og_image":[{"width":600,"height":761,"url":"https:\/\/beebipai.ee\/wp-content\/uploads\/2023\/01\/Cadeshae-bambusest-aluspuksid-e1673343707154.webp","type":"image\/webp"}],"twitter_card":"summary_large_image","twitter_misc":{"Est. reading time":"1 minut\u0117"},"schema":{"@context":"https:\/\/schema.org","@graph":[{"@type":"WebPage","@id":"https:\/\/beebipai.ee\/product\/cadenshae-bambusest-aluspuksid\/","url":"https:\/\/beebipai.ee\/product\/cadenshae-bambusest-aluspuksid\/","name":"Cadenshae bambusest alusp\u00fcksid - Beebipai","isPartOf":{"@id":"https:\/\/beebipai.ee\/en\/#website"},"primaryImageOfPage":{"@id":"https:\/\/beebipai.ee\/product\/cadenshae-bambusest-aluspuksid\/#primaryimage"},"image":{"@id":"https:\/\/beebipai.ee\/product\/cadenshae-bambusest-aluspuksid\/#primaryimage"},"thumbnailUrl":"https:\/\/beebipai.ee\/wp-content\/uploads\/2023\/01\/Cadeshae-bambusest-aluspuksid-e1673343707154.webp","datePublished":"2023-01-10T09:46:51+00:00","dateModified":"2026-01-24T14:32:40+00:00","description":"Bambusest alusp\u00fcksid on pehmed ja mugavad. Sobituvad nii rasedusaegse kui ka s\u00fcnnitusj\u00e4rgse figuuriga. Vaata toodet bambusest alusp\u00fcksid!","breadcrumb":{"@id":"https:\/\/beebipai.ee\/product\/cadenshae-bambusest-aluspuksid\/#breadcrumb"},"inLanguage":"lt-LT","potentialAction":[{"@type":"ReadAction","target":["https:\/\/beebipai.ee\/product\/cadenshae-bambusest-aluspuksid\/"]}]},{"@type":"ImageObject","inLanguage":"lt-LT","@id":"https:\/\/beebipai.ee\/product\/cadenshae-bambusest-aluspuksid\/#primaryimage","url":"https:\/\/beebipai.ee\/wp-content\/uploads\/2023\/01\/Cadeshae-bambusest-aluspuksid-e1673343707154.webp","contentUrl":"https:\/\/beebipai.ee\/wp-content\/uploads\/2023\/01\/Cadeshae-bambusest-aluspuksid-e1673343707154.webp","width":600,"height":761},{"@type":"BreadcrumbList","@id":"https:\/\/beebipai.ee\/product\/cadenshae-bambusest-aluspuksid\/#breadcrumb","itemListElement":[{"@type":"ListItem","position":1,"name":"Home","item":"https:\/\/beebipai.ee\/"},{"@type":"ListItem","position":2,"name":"Pood","item":"https:\/\/beebipai.ee\/store\/"},{"@type":"ListItem","position":3,"name":"Cadenshae bambusest alusp\u00fcksid"}]},{"@type":"WebSite","@id":"https:\/\/beebipai.ee\/en\/#website","url":"https:\/\/beebipai.ee\/en\/","name":"Beebipai","description":"Rasedate ja beebide veebipood","potentialAction":[{"@type":"SearchAction","target":{"@type":"EntryPoint","urlTemplate":"https:\/\/beebipai.ee\/en\/?s={search_term_string}"},"query-input":{"@type":"PropertyValueSpecification","valueRequired":true,"valueName":"search_term_string"}}],"inLanguage":"lt-LT"}]}},"_links":{"self":[{"href":"https:\/\/beebipai.ee\/lt\/wp-json\/wp\/v2\/product\/7585","targetHints":{"allow":["GET"]}}],"collection":[{"href":"https:\/\/beebipai.ee\/lt\/wp-json\/wp\/v2\/product"}],"about":[{"href":"https:\/\/beebipai.ee\/lt\/wp-json\/wp\/v2\/types\/product"}],"version-history":[{"count":5,"href":"https:\/\/beebipai.ee\/lt\/wp-json\/wp\/v2\/product\/7585\/revisions"}],"predecessor-version":[{"id":10712,"href":"https:\/\/beebipai.ee\/lt\/wp-json\/wp\/v2\/product\/7585\/revisions\/10712"}],"wp:featuredmedia":[{"embeddable":true,"href":"https:\/\/beebipai.ee\/lt\/wp-json\/wp\/v2\/media\/7591"}],"wp:attachment":[{"href":"https:\/\/beebipai.ee\/lt\/wp-json\/wp\/v2\/media?parent=7585"}],"wp:term":[{"taxonomy":"product_brand","embeddable":true,"href":"https:\/\/beebipai.ee\/lt\/wp-json\/wp\/v2\/product_brand?post=7585"},{"taxonomy":"product_cat","embeddable":true,"href":"https:\/\/beebipai.ee\/lt\/wp-json\/wp\/v2\/product_cat?post=7585"},{"taxonomy":"product_tag","embeddable":true,"href":"https:\/\/beebipai.ee\/lt\/wp-json\/wp\/v2\/product_tag?post=7585"}],"curies":[{"name":"wp","href":"https:\/\/api.w.org\/{rel}","templated":true}]}}