{"id":7550,"date":"2023-01-06T23:29:52","date_gmt":"2023-01-06T21:29:52","guid":{"rendered":"https:\/\/beebipai.ee\/?post_type=product&#038;p=7550"},"modified":"2023-08-07T12:02:30","modified_gmt":"2023-08-07T09:02:30","slug":"pestavad-rinnapadjad-8tk-kotis","status":"publish","type":"product","link":"https:\/\/beebipai.ee\/lt\/product\/pestavad-rinnapadjad-8tk-kotis\/","title":{"rendered":"Plaunami kr\u016bt\u0173 \u012fklotai, mai\u0161elyje 8 vnt"},"content":{"rendered":"<div data-elementor-type=\"wp-post\" data-elementor-id=\"7550\" class=\"elementor elementor-7550\">\n\t\t\t\t\t\t<section class=\"elementor-section elementor-top-section elementor-element elementor-element-332ab6f elementor-section-boxed elementor-section-height-default elementor-section-height-default\" data-id=\"332ab6f\" data-element_type=\"section\" data-e-type=\"section\">\n\t\t\t\t\t\t<div class=\"elementor-container elementor-column-gap-default\">\n\t\t\t\t\t<div class=\"elementor-column elementor-col-50 elementor-top-column elementor-element elementor-element-de440e8\" data-id=\"de440e8\" data-element_type=\"column\" data-e-type=\"column\">\n\t\t\t<div class=\"elementor-widget-wrap elementor-element-populated\">\n\t\t\t\t\t\t<div class=\"elementor-element elementor-element-adb5670 elementor-widget elementor-widget-heading\" data-id=\"adb5670\" data-element_type=\"widget\" data-e-type=\"widget\" data-widget_type=\"heading.default\">\n\t\t\t\t<div class=\"elementor-widget-container\">\n\t\t\t\t\t<h2 class=\"elementor-heading-title elementor-size-default\">Plaunami kr\u016bt\u0173 \u012fklotai<\/h2>\t\t\t\t<\/div>\n\t\t\t\t<\/div>\n\t\t\t\t<div class=\"elementor-element elementor-element-8d57368 elementor-widget elementor-widget-text-editor\" data-id=\"8d57368\" data-element_type=\"widget\" data-e-type=\"widget\" data-widget_type=\"text-editor.default\">\n\t\t\t\t<div class=\"elementor-widget-container\">\n\t\t\t\t\t\t\t\t\t<p>Plaunami kr\u016bt\u0173 \u012fklotai yra ploni ir patog\u016bs, ta\u010diau labai gerai sugeriantys. Jie suteikia maitinan\u010diai motinai sausum\u0105 ir apsaug\u0105 nuo pieno nutek\u0117jimo. Labai patvar\u016bs kr\u016bt\u0173 \u012fklotai gali b\u016bti naudojami tiek dien\u0105, tiek nakt\u012f.<\/p><p>Kr\u016bt\u0173 pagalv\u0117l\u0117s turi tris sluoksnius, u\u017etikrinan\u010dias mink\u0161tum\u0105, komfort\u0105 ir sausum\u0105:\u00a0<\/p><ul><li>pirmasis sluoksnis yra mink\u0161ta ir labai gerai sugerianti organin\u0117 medviln\u0117. \u0160is sluoksnis lie\u010dia kr\u016btin\u0119<\/li><li>vidurinis sluoksnis susideda i\u0161 vilnos ir organin\u0117s medviln\u0117s, kurios u\u017etikrina atsparum\u0105 vandeniui ir mink\u0161tum\u0105<\/li><li>i\u0161orinis sluoksnis sudarytas i\u0161 poliesterio, kuris yra atsparus vandeniui, sugeria dr\u0117gm\u0119 ir turi stipri\u0105 savyb\u0119 sulaikyti skyst\u012f.\u00a0<\/li><\/ul><p>Rinkin\u012f sudaro 8 kr\u016btin\u0117s pagalv\u0117l\u0117s ir vandeniui atsparus mai\u0161elis. Naudotus kr\u016bt\u0173 \u012fklotus galite laikyti ir transportuoti vandeniui atspariame mai\u0161elyje. Mai\u0161elyje taip pat galima laikyti k\u016bdiki\u0173 bambuko servet\u0117les.\u00a0<\/p><p>Galima skalbti ma\u0161inoje 40\u00b0C. Optimalus sug\u0117rimas pasiekiamas po 2-3 plovim\u0173.\u00a0<\/p><p>Kr\u016btin\u0117s pagalv\u0117s skersmuo 11 cm. Mai\u0161elio dydis 15cm x 15cm<\/p>\t\t\t\t\t\t\t\t<\/div>\n\t\t\t\t<\/div>\n\t\t\t\t\t<\/div>\n\t\t<\/div>\n\t\t\t\t<div class=\"elementor-column elementor-col-50 elementor-top-column elementor-element elementor-element-cabff8d\" data-id=\"cabff8d\" data-element_type=\"column\" data-e-type=\"column\">\n\t\t\t<div class=\"elementor-widget-wrap elementor-element-populated\">\n\t\t\t\t\t\t<div class=\"elementor-element elementor-element-179fa59 elementor-widget elementor-widget-image\" data-id=\"179fa59\" data-element_type=\"widget\" data-e-type=\"widget\" data-widget_type=\"image.default\">\n\t\t\t\t<div class=\"elementor-widget-container\">\n\t\t\t\t\t\t\t\t\t\t\t\t\t\t\t<img fetchpriority=\"high\" decoding=\"async\" width=\"500\" height=\"500\" src=\"https:\/\/beebipai.ee\/wp-content\/uploads\/2023\/01\/Pestavad-rinnapadjad.webp\" class=\"attachment-large size-large wp-image-7552\" alt=\"\" srcset=\"https:\/\/beebipai.ee\/wp-content\/uploads\/2023\/01\/Pestavad-rinnapadjad.webp 500w, https:\/\/beebipai.ee\/wp-content\/uploads\/2023\/01\/Pestavad-rinnapadjad-300x300.webp 300w, https:\/\/beebipai.ee\/wp-content\/uploads\/2023\/01\/Pestavad-rinnapadjad-150x150.webp 150w, https:\/\/beebipai.ee\/wp-content\/uploads\/2023\/01\/Pestavad-rinnapadjad-12x12.webp 12w, https:\/\/beebipai.ee\/wp-content\/uploads\/2023\/01\/Pestavad-rinnapadjad-100x100.webp 100w\" sizes=\"(max-width: 500px) 100vw, 500px\" \/>\t\t\t\t\t\t\t\t\t\t\t\t\t\t\t<\/div>\n\t\t\t\t<\/div>\n\t\t\t\t\t<\/div>\n\t\t<\/div>\n\t\t\t\t\t<\/div>\n\t\t<\/section>\n\t\t\t\t<\/div>","protected":false},"excerpt":{"rendered":"<p>Plaunami kr\u016bt\u0173 \u012fklotai suteikia puiki\u0105 apsaug\u0105 ir komfort\u0105 maitinan\u010diai mamai. Lengvai pri\u017ei\u016brimi ir greitai d\u017ei\u016bstantys kr\u016btin\u0117s \u012fklotai yra labai prakti\u0161ki ir patog\u016bs. Ekologi\u0161kas ir ekonomi\u0161kas pasirinkimas.<\/p>","protected":false},"featured_media":7540,"template":"","meta":{"_monsterinsights_skip_tracking":false,"_monsterinsights_sitenote_active":false,"_monsterinsights_sitenote_note":"","_monsterinsights_sitenote_category":0,"site-sidebar-layout":"no-sidebar","site-content-layout":"page-builder","ast-site-content-layout":"default","site-content-style":"default","site-sidebar-style":"default","ast-global-header-display":"","ast-banner-title-visibility":"","ast-main-header-display":"","ast-hfb-above-header-display":"","ast-hfb-below-header-display":"","ast-hfb-mobile-header-display":"","site-post-title":"disabled","ast-breadcrumbs-content":"","ast-featured-img":"disabled","footer-sml-layout":"","ast-disable-related-posts":"","theme-transparent-header-meta":"default","adv-header-id-meta":"","stick-header-meta":"","header-above-stick-meta":"","header-main-stick-meta":"","header-below-stick-meta":"","astra-migrate-meta-layouts":"default","ast-page-background-enabled":"default","ast-page-background-meta":{"desktop":{"background-color":"","background-image":"","background-repeat":"repeat","background-position":"center center","background-size":"auto","background-attachment":"scroll","background-type":"","background-media":"","overlay-type":"","overlay-color":"","overlay-opacity":"","overlay-gradient":""},"tablet":{"background-color":"","background-image":"","background-repeat":"repeat","background-position":"center center","background-size":"auto","background-attachment":"scroll","background-type":"","background-media":"","overlay-type":"","overlay-color":"","overlay-opacity":"","overlay-gradient":""},"mobile":{"background-color":"","background-image":"","background-repeat":"repeat","background-position":"center center","background-size":"auto","background-attachment":"scroll","background-type":"","background-media":"","overlay-type":"","overlay-color":"","overlay-opacity":"","overlay-gradient":""}},"ast-content-background-meta":{"desktop":{"background-color":"var(--ast-global-color-5)","background-image":"","background-repeat":"repeat","background-position":"center center","background-size":"auto","background-attachment":"scroll","background-type":"","background-media":"","overlay-type":"","overlay-color":"","overlay-opacity":"","overlay-gradient":""},"tablet":{"background-color":"var(--ast-global-color-5)","background-image":"","background-repeat":"repeat","background-position":"center center","background-size":"auto","background-attachment":"scroll","background-type":"","background-media":"","overlay-type":"","overlay-color":"","overlay-opacity":"","overlay-gradient":""},"mobile":{"background-color":"var(--ast-global-color-5)","background-image":"","background-repeat":"repeat","background-position":"center center","background-size":"auto","background-attachment":"scroll","background-type":"","background-media":"","overlay-type":"","overlay-color":"","overlay-opacity":"","overlay-gradient":""}}},"product_brand":[],"product_cat":[22,103],"product_tag":[],"class_list":{"0":"post-7550","1":"product","2":"type-product","3":"status-publish","4":"has-post-thumbnail","6":"product_cat-emale","7":"product_cat-imetamine","8":"desktop-align-left","9":"tablet-align-left","10":"mobile-align-left","12":"first","13":"instock","14":"taxable","15":"shipping-taxable","16":"purchasable","17":"product-type-simple"},"yoast_head":"<!-- This site is optimized with the Yoast SEO plugin v27.3 - https:\/\/yoast.com\/product\/yoast-seo-wordpress\/ -->\n<title>Pestavad rinnapadjad, 8tk kotis - Beebipai<\/title>\n<meta name=\"description\" content=\"Pestavad rinnapadjad on mugavad, pehmed ja lekkekindlad. Vaata toodet pestavad rinnapadjad!\" \/>\n<meta name=\"robots\" content=\"index, follow, max-snippet:-1, max-image-preview:large, max-video-preview:-1\" \/>\n<link rel=\"canonical\" href=\"https:\/\/beebipai.ee\/lt\/product\/pestavad-rinnapadjad-8tk-kotis\/\" \/>\n<meta property=\"og:locale\" content=\"lt_LT\" \/>\n<meta property=\"og:type\" content=\"article\" \/>\n<meta property=\"og:title\" content=\"Pestavad rinnapadjad, 8tk kotis - Beebipai\" \/>\n<meta property=\"og:description\" content=\"Pestavad rinnapadjad on mugavad, pehmed ja lekkekindlad. Vaata toodet pestavad rinnapadjad!\" \/>\n<meta property=\"og:url\" content=\"https:\/\/beebipai.ee\/lt\/product\/pestavad-rinnapadjad-8tk-kotis\/\" \/>\n<meta property=\"og:site_name\" content=\"Beebipai\" \/>\n<meta property=\"article:modified_time\" content=\"2023-08-07T09:02:30+00:00\" \/>\n<meta property=\"og:image\" content=\"https:\/\/beebipai.ee\/wp-content\/uploads\/2023\/01\/Neobulle-pestavad-rinnapadjad.jpg\" \/>\n\t<meta property=\"og:image:width\" content=\"458\" \/>\n\t<meta property=\"og:image:height\" content=\"458\" \/>\n\t<meta property=\"og:image:type\" content=\"image\/jpeg\" \/>\n<meta name=\"twitter:card\" content=\"summary_large_image\" \/>\n<meta name=\"twitter:label1\" content=\"Est. reading time\" \/>\n\t<meta name=\"twitter:data1\" content=\"1 minut\u0117\" \/>\n<script type=\"application\/ld+json\" class=\"yoast-schema-graph\">{\"@context\":\"https:\\\/\\\/schema.org\",\"@graph\":[{\"@type\":\"WebPage\",\"@id\":\"https:\\\/\\\/beebipai.ee\\\/lv\\\/product\\\/pestavad-rinnapadjad-8tk-kotis\\\/\",\"url\":\"https:\\\/\\\/beebipai.ee\\\/lv\\\/product\\\/pestavad-rinnapadjad-8tk-kotis\\\/\",\"name\":\"Pestavad rinnapadjad, 8tk kotis - Beebipai\",\"isPartOf\":{\"@id\":\"https:\\\/\\\/beebipai.ee\\\/en\\\/#website\"},\"primaryImageOfPage\":{\"@id\":\"https:\\\/\\\/beebipai.ee\\\/lv\\\/product\\\/pestavad-rinnapadjad-8tk-kotis\\\/#primaryimage\"},\"image\":{\"@id\":\"https:\\\/\\\/beebipai.ee\\\/lv\\\/product\\\/pestavad-rinnapadjad-8tk-kotis\\\/#primaryimage\"},\"thumbnailUrl\":\"https:\\\/\\\/beebipai.ee\\\/wp-content\\\/uploads\\\/2023\\\/01\\\/Neobulle-pestavad-rinnapadjad.jpg\",\"datePublished\":\"2023-01-06T21:29:52+00:00\",\"dateModified\":\"2023-08-07T09:02:30+00:00\",\"description\":\"Pestavad rinnapadjad on mugavad, pehmed ja lekkekindlad. Vaata toodet pestavad rinnapadjad!\",\"breadcrumb\":{\"@id\":\"https:\\\/\\\/beebipai.ee\\\/lv\\\/product\\\/pestavad-rinnapadjad-8tk-kotis\\\/#breadcrumb\"},\"inLanguage\":\"lt-LT\",\"potentialAction\":[{\"@type\":\"ReadAction\",\"target\":[\"https:\\\/\\\/beebipai.ee\\\/lv\\\/product\\\/pestavad-rinnapadjad-8tk-kotis\\\/\"]}]},{\"@type\":\"ImageObject\",\"inLanguage\":\"lt-LT\",\"@id\":\"https:\\\/\\\/beebipai.ee\\\/lv\\\/product\\\/pestavad-rinnapadjad-8tk-kotis\\\/#primaryimage\",\"url\":\"https:\\\/\\\/beebipai.ee\\\/wp-content\\\/uploads\\\/2023\\\/01\\\/Neobulle-pestavad-rinnapadjad.jpg\",\"contentUrl\":\"https:\\\/\\\/beebipai.ee\\\/wp-content\\\/uploads\\\/2023\\\/01\\\/Neobulle-pestavad-rinnapadjad.jpg\",\"width\":458,\"height\":458},{\"@type\":\"BreadcrumbList\",\"@id\":\"https:\\\/\\\/beebipai.ee\\\/lv\\\/product\\\/pestavad-rinnapadjad-8tk-kotis\\\/#breadcrumb\",\"itemListElement\":[{\"@type\":\"ListItem\",\"position\":1,\"name\":\"Home\",\"item\":\"https:\\\/\\\/beebipai.ee\\\/\"},{\"@type\":\"ListItem\",\"position\":2,\"name\":\"Pood\",\"item\":\"https:\\\/\\\/beebipai.ee\\\/store\\\/\"},{\"@type\":\"ListItem\",\"position\":3,\"name\":\"Pestavad rinnapadjad, 8tk kotis\"}]},{\"@type\":\"WebSite\",\"@id\":\"https:\\\/\\\/beebipai.ee\\\/en\\\/#website\",\"url\":\"https:\\\/\\\/beebipai.ee\\\/en\\\/\",\"name\":\"Beebipai\",\"description\":\"Rasedate ja beebide veebipood\",\"potentialAction\":[{\"@type\":\"SearchAction\",\"target\":{\"@type\":\"EntryPoint\",\"urlTemplate\":\"https:\\\/\\\/beebipai.ee\\\/en\\\/?s={search_term_string}\"},\"query-input\":{\"@type\":\"PropertyValueSpecification\",\"valueRequired\":true,\"valueName\":\"search_term_string\"}}],\"inLanguage\":\"lt-LT\"}]}<\/script>\n<!-- \/ Yoast SEO plugin. -->","yoast_head_json":{"title":"Pestavad rinnapadjad, 8tk kotis - Beebipai","description":"Pestavad rinnapadjad on mugavad, pehmed ja lekkekindlad. Vaata toodet pestavad rinnapadjad!","robots":{"index":"index","follow":"follow","max-snippet":"max-snippet:-1","max-image-preview":"max-image-preview:large","max-video-preview":"max-video-preview:-1"},"canonical":"https:\/\/beebipai.ee\/lt\/product\/pestavad-rinnapadjad-8tk-kotis\/","og_locale":"lt_LT","og_type":"article","og_title":"Pestavad rinnapadjad, 8tk kotis - Beebipai","og_description":"Pestavad rinnapadjad on mugavad, pehmed ja lekkekindlad. Vaata toodet pestavad rinnapadjad!","og_url":"https:\/\/beebipai.ee\/lt\/product\/pestavad-rinnapadjad-8tk-kotis\/","og_site_name":"Beebipai","article_modified_time":"2023-08-07T09:02:30+00:00","og_image":[{"width":458,"height":458,"url":"https:\/\/beebipai.ee\/wp-content\/uploads\/2023\/01\/Neobulle-pestavad-rinnapadjad.jpg","type":"image\/jpeg"}],"twitter_card":"summary_large_image","twitter_misc":{"Est. reading time":"1 minut\u0117"},"schema":{"@context":"https:\/\/schema.org","@graph":[{"@type":"WebPage","@id":"https:\/\/beebipai.ee\/lv\/product\/pestavad-rinnapadjad-8tk-kotis\/","url":"https:\/\/beebipai.ee\/lv\/product\/pestavad-rinnapadjad-8tk-kotis\/","name":"Pestavad rinnapadjad, 8tk kotis - Beebipai","isPartOf":{"@id":"https:\/\/beebipai.ee\/en\/#website"},"primaryImageOfPage":{"@id":"https:\/\/beebipai.ee\/lv\/product\/pestavad-rinnapadjad-8tk-kotis\/#primaryimage"},"image":{"@id":"https:\/\/beebipai.ee\/lv\/product\/pestavad-rinnapadjad-8tk-kotis\/#primaryimage"},"thumbnailUrl":"https:\/\/beebipai.ee\/wp-content\/uploads\/2023\/01\/Neobulle-pestavad-rinnapadjad.jpg","datePublished":"2023-01-06T21:29:52+00:00","dateModified":"2023-08-07T09:02:30+00:00","description":"Pestavad rinnapadjad on mugavad, pehmed ja lekkekindlad. Vaata toodet pestavad rinnapadjad!","breadcrumb":{"@id":"https:\/\/beebipai.ee\/lv\/product\/pestavad-rinnapadjad-8tk-kotis\/#breadcrumb"},"inLanguage":"lt-LT","potentialAction":[{"@type":"ReadAction","target":["https:\/\/beebipai.ee\/lv\/product\/pestavad-rinnapadjad-8tk-kotis\/"]}]},{"@type":"ImageObject","inLanguage":"lt-LT","@id":"https:\/\/beebipai.ee\/lv\/product\/pestavad-rinnapadjad-8tk-kotis\/#primaryimage","url":"https:\/\/beebipai.ee\/wp-content\/uploads\/2023\/01\/Neobulle-pestavad-rinnapadjad.jpg","contentUrl":"https:\/\/beebipai.ee\/wp-content\/uploads\/2023\/01\/Neobulle-pestavad-rinnapadjad.jpg","width":458,"height":458},{"@type":"BreadcrumbList","@id":"https:\/\/beebipai.ee\/lv\/product\/pestavad-rinnapadjad-8tk-kotis\/#breadcrumb","itemListElement":[{"@type":"ListItem","position":1,"name":"Home","item":"https:\/\/beebipai.ee\/"},{"@type":"ListItem","position":2,"name":"Pood","item":"https:\/\/beebipai.ee\/store\/"},{"@type":"ListItem","position":3,"name":"Pestavad rinnapadjad, 8tk kotis"}]},{"@type":"WebSite","@id":"https:\/\/beebipai.ee\/en\/#website","url":"https:\/\/beebipai.ee\/en\/","name":"Beebipai","description":"Rasedate ja beebide veebipood","potentialAction":[{"@type":"SearchAction","target":{"@type":"EntryPoint","urlTemplate":"https:\/\/beebipai.ee\/en\/?s={search_term_string}"},"query-input":{"@type":"PropertyValueSpecification","valueRequired":true,"valueName":"search_term_string"}}],"inLanguage":"lt-LT"}]}},"_links":{"self":[{"href":"https:\/\/beebipai.ee\/lt\/wp-json\/wp\/v2\/product\/7550","targetHints":{"allow":["GET"]}}],"collection":[{"href":"https:\/\/beebipai.ee\/lt\/wp-json\/wp\/v2\/product"}],"about":[{"href":"https:\/\/beebipai.ee\/lt\/wp-json\/wp\/v2\/types\/product"}],"version-history":[{"count":5,"href":"https:\/\/beebipai.ee\/lt\/wp-json\/wp\/v2\/product\/7550\/revisions"}],"predecessor-version":[{"id":8985,"href":"https:\/\/beebipai.ee\/lt\/wp-json\/wp\/v2\/product\/7550\/revisions\/8985"}],"wp:featuredmedia":[{"embeddable":true,"href":"https:\/\/beebipai.ee\/lt\/wp-json\/wp\/v2\/media\/7540"}],"wp:attachment":[{"href":"https:\/\/beebipai.ee\/lt\/wp-json\/wp\/v2\/media?parent=7550"}],"wp:term":[{"taxonomy":"product_brand","embeddable":true,"href":"https:\/\/beebipai.ee\/lt\/wp-json\/wp\/v2\/product_brand?post=7550"},{"taxonomy":"product_cat","embeddable":true,"href":"https:\/\/beebipai.ee\/lt\/wp-json\/wp\/v2\/product_cat?post=7550"},{"taxonomy":"product_tag","embeddable":true,"href":"https:\/\/beebipai.ee\/lt\/wp-json\/wp\/v2\/product_tag?post=7550"}],"curies":[{"name":"wp","href":"https:\/\/api.w.org\/{rel}","templated":true}]}}