{"id":7123,"date":"2022-11-06T22:17:08","date_gmt":"2022-11-06T20:17:08","guid":{"rendered":"https:\/\/beebipai.ee\/?post_type=product&#038;p=7123"},"modified":"2023-10-08T14:32:50","modified_gmt":"2023-10-08T11:32:50","slug":"kikkaboo-beebi-magamiskott-dzungli-kuningas","status":"publish","type":"product","link":"https:\/\/beebipai.ee\/lt\/product\/kikkaboo-beebi-magamiskott-dzungli-kuningas\/","title":{"rendered":"Kikkaboo k\u016bdikio miegmai\u0161is \u201eD\u017eiungli\u0173 karalius\u201c"},"content":{"rendered":"<div data-elementor-type=\"wp-post\" data-elementor-id=\"7123\" class=\"elementor elementor-7123\">\n\t\t\t\t\t\t<section class=\"elementor-section elementor-top-section elementor-element elementor-element-013e0d7 elementor-section-boxed elementor-section-height-default elementor-section-height-default\" data-id=\"013e0d7\" data-element_type=\"section\" data-e-type=\"section\">\n\t\t\t\t\t\t<div class=\"elementor-container elementor-column-gap-default\">\n\t\t\t\t\t<div class=\"elementor-column elementor-col-33 elementor-top-column elementor-element elementor-element-d3ad2f9\" data-id=\"d3ad2f9\" data-element_type=\"column\" data-e-type=\"column\">\n\t\t\t<div class=\"elementor-widget-wrap elementor-element-populated\">\n\t\t\t\t\t\t<div class=\"elementor-element elementor-element-3138572 elementor-widget elementor-widget-image\" data-id=\"3138572\" data-element_type=\"widget\" data-e-type=\"widget\" data-widget_type=\"image.default\">\n\t\t\t\t<div class=\"elementor-widget-container\">\n\t\t\t\t\t\t\t\t\t\t\t\t\t\t\t<img fetchpriority=\"high\" decoding=\"async\" width=\"400\" height=\"320\" src=\"https:\/\/beebipai.ee\/wp-content\/uploads\/2022\/11\/Magamiskott-beebile-3-e1667762430461.jpg\" class=\"attachment-large size-large wp-image-7108\" alt=\"\" srcset=\"https:\/\/beebipai.ee\/wp-content\/uploads\/2022\/11\/Magamiskott-beebile-3-e1667762430461.jpg 400w, https:\/\/beebipai.ee\/wp-content\/uploads\/2022\/11\/Magamiskott-beebile-3-e1667762430461-300x240.jpg 300w, https:\/\/beebipai.ee\/wp-content\/uploads\/2022\/11\/Magamiskott-beebile-3-e1667762430461-15x12.jpg 15w\" sizes=\"(max-width: 400px) 100vw, 400px\" \/>\t\t\t\t\t\t\t\t\t\t\t\t\t\t\t<\/div>\n\t\t\t\t<\/div>\n\t\t\t\t\t<\/div>\n\t\t<\/div>\n\t\t\t\t<div class=\"elementor-column elementor-col-33 elementor-top-column elementor-element elementor-element-d59c324\" data-id=\"d59c324\" data-element_type=\"column\" data-e-type=\"column\">\n\t\t\t<div class=\"elementor-widget-wrap elementor-element-populated\">\n\t\t\t\t\t\t<div class=\"elementor-element elementor-element-4438bbb elementor-widget elementor-widget-heading\" data-id=\"4438bbb\" data-element_type=\"widget\" data-e-type=\"widget\" data-widget_type=\"heading.default\">\n\t\t\t\t<div class=\"elementor-widget-container\">\n\t\t\t\t\t<h2 class=\"elementor-heading-title elementor-size-default\">Kikkaboo miegmai\u0161is k\u016bdikiui<\/h2>\t\t\t\t<\/div>\n\t\t\t\t<\/div>\n\t\t\t\t<div class=\"elementor-element elementor-element-dbe2edb elementor-widget elementor-widget-text-editor\" data-id=\"dbe2edb\" data-element_type=\"widget\" data-e-type=\"widget\" data-widget_type=\"text-editor.default\">\n\t\t\t\t<div class=\"elementor-widget-container\">\n\t\t\t\t\t\t\t\t\t<p>K\u016bdikis gali miegoti \u0161iltai ir saugiai miegmai\u0161yje. Miegmai\u0161is tolygiai palaiko ma\u017eylio k\u016bno \u0161ilum\u0105, o k\u016bdikis negali jo nusiimti miegodamas. Miegmai\u0161is yra itin lengvas ir patogus lizdelis ma\u017eyliui.<\/p><p>Miegmai\u0161is pagamintas i\u0161 auk\u0161tos kokyb\u0117s ranforce medviln\u0117s, kuri yra pralaidi orui, sveika ir draugi\u0161ka aplinkai. Krep\u0161ys su dvipusiu u\u017eraktu ir spynos apsauga atsidaro lengvai ir tyliai tiek, kiek reikia. Tvirtinama ant pe\u010di\u0173 smeig\u0117mis.\u00a0<\/p><p>\u0160ilumos lygis 3,3 TOG<\/p><p>Miegmai\u0161io dydis 0-6 m\u0117n - 45\u00d770 cm<\/p><p>Miegmai\u0161io dydis 6-18 m\u0117n - 55\u00d790 cm<\/p><p>Pagaminta pagal EN 16781 saugos reikalavimus<\/p><pre id=\"tw-target-text\" class=\"tw-data-text tw-text-large tw-ta\" dir=\"ltr\" data-placeholder=\"T\u00f5lge\" data-ved=\"2ahUKEwjw2pnh8uWBAxV0HxAIHaLHBbgQ3ewLegQIBhAQ\">\u00a0<\/pre>\t\t\t\t\t\t\t\t<\/div>\n\t\t\t\t<\/div>\n\t\t\t\t\t<\/div>\n\t\t<\/div>\n\t\t\t\t<div class=\"elementor-column elementor-col-33 elementor-top-column elementor-element elementor-element-4e52eeb\" data-id=\"4e52eeb\" data-element_type=\"column\" data-e-type=\"column\">\n\t\t\t<div class=\"elementor-widget-wrap elementor-element-populated\">\n\t\t\t\t\t\t<div class=\"elementor-element elementor-element-5f9e27a elementor-widget elementor-widget-image\" data-id=\"5f9e27a\" data-element_type=\"widget\" data-e-type=\"widget\" data-widget_type=\"image.default\">\n\t\t\t\t<div class=\"elementor-widget-container\">\n\t\t\t\t\t\t\t\t\t\t\t\t\t\t\t<img decoding=\"async\" width=\"505\" height=\"325\" src=\"https:\/\/beebipai.ee\/wp-content\/uploads\/2022\/11\/Magamiskott-beebile-10.jpg\" class=\"attachment-large size-large wp-image-7128\" alt=\"\" srcset=\"https:\/\/beebipai.ee\/wp-content\/uploads\/2022\/11\/Magamiskott-beebile-10.jpg 505w, https:\/\/beebipai.ee\/wp-content\/uploads\/2022\/11\/Magamiskott-beebile-10-300x193.jpg 300w, https:\/\/beebipai.ee\/wp-content\/uploads\/2022\/11\/Magamiskott-beebile-10-18x12.jpg 18w\" sizes=\"(max-width: 505px) 100vw, 505px\" \/>\t\t\t\t\t\t\t\t\t\t\t\t\t\t\t<\/div>\n\t\t\t\t<\/div>\n\t\t\t\t\t<\/div>\n\t\t<\/div>\n\t\t\t\t\t<\/div>\n\t\t<\/section>\n\t\t\t\t<\/div>","protected":false},"excerpt":{"rendered":"<p>Su Kikkaboo k\u016bdikio miegmai\u0161iu k\u016bdikis visas savo svajones miega \u0161iltai ir saugiai. Miegmai\u0161is lengvas, pralaidus orui ir tolygiai \u0161iltas.<\/p>","protected":false},"featured_media":7114,"template":"","meta":{"_monsterinsights_skip_tracking":false,"_monsterinsights_sitenote_active":false,"_monsterinsights_sitenote_note":"","_monsterinsights_sitenote_category":0,"site-sidebar-layout":"no-sidebar","site-content-layout":"page-builder","ast-site-content-layout":"full-width-container","site-content-style":"unboxed","site-sidebar-style":"unboxed","ast-global-header-display":"","ast-banner-title-visibility":"","ast-main-header-display":"","ast-hfb-above-header-display":"","ast-hfb-below-header-display":"","ast-hfb-mobile-header-display":"","site-post-title":"disabled","ast-breadcrumbs-content":"","ast-featured-img":"disabled","footer-sml-layout":"","ast-disable-related-posts":"","theme-transparent-header-meta":"default","adv-header-id-meta":"","stick-header-meta":"","header-above-stick-meta":"","header-main-stick-meta":"","header-below-stick-meta":"","astra-migrate-meta-layouts":"set","ast-page-background-enabled":"default","ast-page-background-meta":{"desktop":{"background-color":"","background-image":"","background-repeat":"repeat","background-position":"center center","background-size":"auto","background-attachment":"scroll","background-type":"","background-media":"","overlay-type":"","overlay-color":"","overlay-opacity":"","overlay-gradient":""},"tablet":{"background-color":"","background-image":"","background-repeat":"repeat","background-position":"center center","background-size":"auto","background-attachment":"scroll","background-type":"","background-media":"","overlay-type":"","overlay-color":"","overlay-opacity":"","overlay-gradient":""},"mobile":{"background-color":"","background-image":"","background-repeat":"repeat","background-position":"center center","background-size":"auto","background-attachment":"scroll","background-type":"","background-media":"","overlay-type":"","overlay-color":"","overlay-opacity":"","overlay-gradient":""}},"ast-content-background-meta":{"desktop":{"background-color":"var(--ast-global-color-5)","background-image":"","background-repeat":"repeat","background-position":"center center","background-size":"auto","background-attachment":"scroll","background-type":"","background-media":"","overlay-type":"","overlay-color":"","overlay-opacity":"","overlay-gradient":""},"tablet":{"background-color":"var(--ast-global-color-5)","background-image":"","background-repeat":"repeat","background-position":"center center","background-size":"auto","background-attachment":"scroll","background-type":"","background-media":"","overlay-type":"","overlay-color":"","overlay-opacity":"","overlay-gradient":""},"mobile":{"background-color":"var(--ast-global-color-5)","background-image":"","background-repeat":"repeat","background-position":"center center","background-size":"auto","background-attachment":"scroll","background-type":"","background-media":"","overlay-type":"","overlay-color":"","overlay-opacity":"","overlay-gradient":""}}},"product_brand":[],"product_cat":[23,147,146],"product_tag":[],"class_list":{"0":"post-7123","1":"product","2":"type-product","3":"status-publish","4":"has-post-thumbnail","6":"product_cat-beebile","7":"product_cat-kingiideed-beebile","8":"product_cat-magamiseks","9":"desktop-align-left","10":"tablet-align-left","11":"mobile-align-left","13":"first","14":"instock","15":"taxable","16":"shipping-taxable","17":"purchasable","18":"product-type-variable"},"yoast_head":"<!-- This site is optimized with the Yoast SEO plugin v27.4 - https:\/\/yoast.com\/product\/yoast-seo-wordpress\/ -->\n<title>Kikkaboo beebi magamiskott &quot;Dzungli kuningas&quot; - Beebipai<\/title>\n<meta name=\"description\" content=\"Kikkaboo beebi magamiskott Dzungli kuningas on soe ja turvaline beebi unedeks. Vaata toodet Kikkaboo beebi magamiskott Dzungli kuningas!\" \/>\n<meta name=\"robots\" content=\"index, follow, max-snippet:-1, max-image-preview:large, max-video-preview:-1\" \/>\n<link rel=\"canonical\" href=\"https:\/\/beebipai.ee\/lt\/product\/kikkaboo-beebi-magamiskott-dzungli-kuningas\/\" \/>\n<meta property=\"og:locale\" content=\"lt_LT\" \/>\n<meta property=\"og:type\" content=\"article\" \/>\n<meta property=\"og:title\" content=\"Kikkaboo beebi magamiskott &quot;Dzungli kuningas&quot; - Beebipai\" \/>\n<meta property=\"og:description\" content=\"Kikkaboo beebi magamiskott Dzungli kuningas on soe ja turvaline beebi unedeks. Vaata toodet Kikkaboo beebi magamiskott Dzungli kuningas!\" \/>\n<meta property=\"og:url\" content=\"https:\/\/beebipai.ee\/lt\/product\/kikkaboo-beebi-magamiskott-dzungli-kuningas\/\" \/>\n<meta property=\"og:site_name\" content=\"Beebipai\" \/>\n<meta property=\"article:modified_time\" content=\"2023-10-08T11:32:50+00:00\" \/>\n<meta property=\"og:image\" content=\"https:\/\/beebipai.ee\/wp-content\/uploads\/2022\/11\/Magamiskott-beebile4-e1667762346647.jpg\" \/>\n\t<meta property=\"og:image:width\" content=\"400\" \/>\n\t<meta property=\"og:image:height\" content=\"500\" \/>\n\t<meta property=\"og:image:type\" content=\"image\/jpeg\" \/>\n<meta name=\"twitter:card\" content=\"summary_large_image\" \/>\n<script type=\"application\/ld+json\" class=\"yoast-schema-graph\">{\"@context\":\"https:\\\/\\\/schema.org\",\"@graph\":[{\"@type\":\"WebPage\",\"@id\":\"https:\\\/\\\/beebipai.ee\\\/product\\\/kikkaboo-beebi-magamiskott-dzungli-kuningas\\\/\",\"url\":\"https:\\\/\\\/beebipai.ee\\\/product\\\/kikkaboo-beebi-magamiskott-dzungli-kuningas\\\/\",\"name\":\"Kikkaboo beebi magamiskott \\\"Dzungli kuningas\\\" - Beebipai\",\"isPartOf\":{\"@id\":\"https:\\\/\\\/beebipai.ee\\\/en\\\/#website\"},\"primaryImageOfPage\":{\"@id\":\"https:\\\/\\\/beebipai.ee\\\/product\\\/kikkaboo-beebi-magamiskott-dzungli-kuningas\\\/#primaryimage\"},\"image\":{\"@id\":\"https:\\\/\\\/beebipai.ee\\\/product\\\/kikkaboo-beebi-magamiskott-dzungli-kuningas\\\/#primaryimage\"},\"thumbnailUrl\":\"https:\\\/\\\/beebipai.ee\\\/wp-content\\\/uploads\\\/2022\\\/11\\\/Magamiskott-beebile4-e1667762346647.jpg\",\"datePublished\":\"2022-11-06T20:17:08+00:00\",\"dateModified\":\"2023-10-08T11:32:50+00:00\",\"description\":\"Kikkaboo beebi magamiskott Dzungli kuningas on soe ja turvaline beebi unedeks. Vaata toodet Kikkaboo beebi magamiskott Dzungli kuningas!\",\"breadcrumb\":{\"@id\":\"https:\\\/\\\/beebipai.ee\\\/product\\\/kikkaboo-beebi-magamiskott-dzungli-kuningas\\\/#breadcrumb\"},\"inLanguage\":\"lt-LT\",\"potentialAction\":[{\"@type\":\"ReadAction\",\"target\":[\"https:\\\/\\\/beebipai.ee\\\/product\\\/kikkaboo-beebi-magamiskott-dzungli-kuningas\\\/\"]}]},{\"@type\":\"ImageObject\",\"inLanguage\":\"lt-LT\",\"@id\":\"https:\\\/\\\/beebipai.ee\\\/product\\\/kikkaboo-beebi-magamiskott-dzungli-kuningas\\\/#primaryimage\",\"url\":\"https:\\\/\\\/beebipai.ee\\\/wp-content\\\/uploads\\\/2022\\\/11\\\/Magamiskott-beebile4-e1667762346647.jpg\",\"contentUrl\":\"https:\\\/\\\/beebipai.ee\\\/wp-content\\\/uploads\\\/2022\\\/11\\\/Magamiskott-beebile4-e1667762346647.jpg\",\"width\":400,\"height\":500},{\"@type\":\"BreadcrumbList\",\"@id\":\"https:\\\/\\\/beebipai.ee\\\/product\\\/kikkaboo-beebi-magamiskott-dzungli-kuningas\\\/#breadcrumb\",\"itemListElement\":[{\"@type\":\"ListItem\",\"position\":1,\"name\":\"Home\",\"item\":\"https:\\\/\\\/beebipai.ee\\\/\"},{\"@type\":\"ListItem\",\"position\":2,\"name\":\"Pood\",\"item\":\"https:\\\/\\\/beebipai.ee\\\/store\\\/\"},{\"@type\":\"ListItem\",\"position\":3,\"name\":\"Kikkaboo beebi magamiskott &#8220;Dzungli kuningas&#8221;\"}]},{\"@type\":\"WebSite\",\"@id\":\"https:\\\/\\\/beebipai.ee\\\/en\\\/#website\",\"url\":\"https:\\\/\\\/beebipai.ee\\\/en\\\/\",\"name\":\"Beebipai\",\"description\":\"Rasedate ja beebide veebipood\",\"potentialAction\":[{\"@type\":\"SearchAction\",\"target\":{\"@type\":\"EntryPoint\",\"urlTemplate\":\"https:\\\/\\\/beebipai.ee\\\/en\\\/?s={search_term_string}\"},\"query-input\":{\"@type\":\"PropertyValueSpecification\",\"valueRequired\":true,\"valueName\":\"search_term_string\"}}],\"inLanguage\":\"lt-LT\"}]}<\/script>\n<!-- \/ Yoast SEO plugin. -->","yoast_head_json":{"title":"Kikkaboo beebi magamiskott \"Dzungli kuningas\" - Beebipai","description":"Kikkaboo beebi magamiskott Dzungli kuningas on soe ja turvaline beebi unedeks. Vaata toodet Kikkaboo beebi magamiskott Dzungli kuningas!","robots":{"index":"index","follow":"follow","max-snippet":"max-snippet:-1","max-image-preview":"max-image-preview:large","max-video-preview":"max-video-preview:-1"},"canonical":"https:\/\/beebipai.ee\/lt\/product\/kikkaboo-beebi-magamiskott-dzungli-kuningas\/","og_locale":"lt_LT","og_type":"article","og_title":"Kikkaboo beebi magamiskott \"Dzungli kuningas\" - Beebipai","og_description":"Kikkaboo beebi magamiskott Dzungli kuningas on soe ja turvaline beebi unedeks. Vaata toodet Kikkaboo beebi magamiskott Dzungli kuningas!","og_url":"https:\/\/beebipai.ee\/lt\/product\/kikkaboo-beebi-magamiskott-dzungli-kuningas\/","og_site_name":"Beebipai","article_modified_time":"2023-10-08T11:32:50+00:00","og_image":[{"width":400,"height":500,"url":"https:\/\/beebipai.ee\/wp-content\/uploads\/2022\/11\/Magamiskott-beebile4-e1667762346647.jpg","type":"image\/jpeg"}],"twitter_card":"summary_large_image","schema":{"@context":"https:\/\/schema.org","@graph":[{"@type":"WebPage","@id":"https:\/\/beebipai.ee\/product\/kikkaboo-beebi-magamiskott-dzungli-kuningas\/","url":"https:\/\/beebipai.ee\/product\/kikkaboo-beebi-magamiskott-dzungli-kuningas\/","name":"Kikkaboo beebi magamiskott \"Dzungli kuningas\" - Beebipai","isPartOf":{"@id":"https:\/\/beebipai.ee\/en\/#website"},"primaryImageOfPage":{"@id":"https:\/\/beebipai.ee\/product\/kikkaboo-beebi-magamiskott-dzungli-kuningas\/#primaryimage"},"image":{"@id":"https:\/\/beebipai.ee\/product\/kikkaboo-beebi-magamiskott-dzungli-kuningas\/#primaryimage"},"thumbnailUrl":"https:\/\/beebipai.ee\/wp-content\/uploads\/2022\/11\/Magamiskott-beebile4-e1667762346647.jpg","datePublished":"2022-11-06T20:17:08+00:00","dateModified":"2023-10-08T11:32:50+00:00","description":"Kikkaboo beebi magamiskott Dzungli kuningas on soe ja turvaline beebi unedeks. Vaata toodet Kikkaboo beebi magamiskott Dzungli kuningas!","breadcrumb":{"@id":"https:\/\/beebipai.ee\/product\/kikkaboo-beebi-magamiskott-dzungli-kuningas\/#breadcrumb"},"inLanguage":"lt-LT","potentialAction":[{"@type":"ReadAction","target":["https:\/\/beebipai.ee\/product\/kikkaboo-beebi-magamiskott-dzungli-kuningas\/"]}]},{"@type":"ImageObject","inLanguage":"lt-LT","@id":"https:\/\/beebipai.ee\/product\/kikkaboo-beebi-magamiskott-dzungli-kuningas\/#primaryimage","url":"https:\/\/beebipai.ee\/wp-content\/uploads\/2022\/11\/Magamiskott-beebile4-e1667762346647.jpg","contentUrl":"https:\/\/beebipai.ee\/wp-content\/uploads\/2022\/11\/Magamiskott-beebile4-e1667762346647.jpg","width":400,"height":500},{"@type":"BreadcrumbList","@id":"https:\/\/beebipai.ee\/product\/kikkaboo-beebi-magamiskott-dzungli-kuningas\/#breadcrumb","itemListElement":[{"@type":"ListItem","position":1,"name":"Home","item":"https:\/\/beebipai.ee\/"},{"@type":"ListItem","position":2,"name":"Pood","item":"https:\/\/beebipai.ee\/store\/"},{"@type":"ListItem","position":3,"name":"Kikkaboo beebi magamiskott &#8220;Dzungli kuningas&#8221;"}]},{"@type":"WebSite","@id":"https:\/\/beebipai.ee\/en\/#website","url":"https:\/\/beebipai.ee\/en\/","name":"Beebipai","description":"Rasedate ja beebide veebipood","potentialAction":[{"@type":"SearchAction","target":{"@type":"EntryPoint","urlTemplate":"https:\/\/beebipai.ee\/en\/?s={search_term_string}"},"query-input":{"@type":"PropertyValueSpecification","valueRequired":true,"valueName":"search_term_string"}}],"inLanguage":"lt-LT"}]}},"_links":{"self":[{"href":"https:\/\/beebipai.ee\/lt\/wp-json\/wp\/v2\/product\/7123","targetHints":{"allow":["GET"]}}],"collection":[{"href":"https:\/\/beebipai.ee\/lt\/wp-json\/wp\/v2\/product"}],"about":[{"href":"https:\/\/beebipai.ee\/lt\/wp-json\/wp\/v2\/types\/product"}],"version-history":[{"count":5,"href":"https:\/\/beebipai.ee\/lt\/wp-json\/wp\/v2\/product\/7123\/revisions"}],"predecessor-version":[{"id":9356,"href":"https:\/\/beebipai.ee\/lt\/wp-json\/wp\/v2\/product\/7123\/revisions\/9356"}],"wp:featuredmedia":[{"embeddable":true,"href":"https:\/\/beebipai.ee\/lt\/wp-json\/wp\/v2\/media\/7114"}],"wp:attachment":[{"href":"https:\/\/beebipai.ee\/lt\/wp-json\/wp\/v2\/media?parent=7123"}],"wp:term":[{"taxonomy":"product_brand","embeddable":true,"href":"https:\/\/beebipai.ee\/lt\/wp-json\/wp\/v2\/product_brand?post=7123"},{"taxonomy":"product_cat","embeddable":true,"href":"https:\/\/beebipai.ee\/lt\/wp-json\/wp\/v2\/product_cat?post=7123"},{"taxonomy":"product_tag","embeddable":true,"href":"https:\/\/beebipai.ee\/lt\/wp-json\/wp\/v2\/product_tag?post=7123"}],"curies":[{"name":"wp","href":"https:\/\/api.w.org\/{rel}","templated":true}]}}