{"id":6738,"date":"2022-09-25T14:48:49","date_gmt":"2022-09-25T11:48:49","guid":{"rendered":"https:\/\/beebipai.ee\/?post_type=product&#038;p=6738"},"modified":"2025-03-23T16:21:08","modified_gmt":"2025-03-23T14:21:08","slug":"profulaktilised-kompressioonsukad","status":"publish","type":"product","link":"https:\/\/beebipai.ee\/lt\/product\/profulaktilised-kompressioonsukad\/","title":{"rendered":"Profilaktin\u0117s kompresin\u0117s kojin\u0117s, 10-18 mmHg"},"content":{"rendered":"<div data-elementor-type=\"wp-post\" data-elementor-id=\"6738\" class=\"elementor elementor-6738\">\n\t\t\t\t\t\t<section class=\"elementor-section elementor-top-section elementor-element elementor-element-86c5c9d elementor-section-boxed elementor-section-height-default elementor-section-height-default\" data-id=\"86c5c9d\" data-element_type=\"section\" data-e-type=\"section\">\n\t\t\t\t\t\t<div class=\"elementor-container elementor-column-gap-default\">\n\t\t\t\t\t<div class=\"elementor-column elementor-col-50 elementor-top-column elementor-element elementor-element-4bb2ea7\" data-id=\"4bb2ea7\" data-element_type=\"column\" data-e-type=\"column\">\n\t\t\t<div class=\"elementor-widget-wrap elementor-element-populated\">\n\t\t\t\t\t\t<div class=\"elementor-element elementor-element-b8883be elementor-widget elementor-widget-heading\" data-id=\"b8883be\" data-element_type=\"widget\" data-e-type=\"widget\" data-widget_type=\"heading.default\">\n\t\t\t\t<div class=\"elementor-widget-container\">\n\t\t\t\t\t<h2 class=\"elementor-heading-title elementor-size-default\">Profilaktin\u0117s kompresin\u0117s kojin\u0117s<\/h2>\t\t\t\t<\/div>\n\t\t\t\t<\/div>\n\t\t\t\t<div class=\"elementor-element elementor-element-4c746e1 elementor-widget elementor-widget-text-editor\" data-id=\"4c746e1\" data-element_type=\"widget\" data-e-type=\"widget\" data-widget_type=\"text-editor.default\">\n\t\t\t\t<div class=\"elementor-widget-container\">\n\t\t\t\t\t\t\t\t\t<p>Antroje n\u0117\u0161tumo pus\u0117je daugelis b\u016bsim\u0173 motin\u0173 pradeda jausti patinim\u0105. Kojos, daugiausia pir\u0161tai, padai, kulk\u0161nys link\u0119 tinti. Rank\u0173 patinimas yra antras pagal da\u017enum\u0105. Dauguma patinim\u0173 n\u0117\u0161tumo metu yra fiziologiniai, t.y. normal\u016bs. Patinimus n\u0117\u0161tumo metu sukelia ir hormoniniai poky\u010diai, d\u0117l kuri\u0173 organizmo l\u0105stel\u0117s suri\u0161a daugiau skys\u010di\u0173, ir augan\u010dio vaiko spaudimas dubens venoms, d\u0117l kurio sul\u0117t\u0117ja koj\u0173 kraujotaka. Patinimai da\u017eniau b\u016bna vakare, po ilgo s\u0117d\u0117jimo ar stov\u0117jimo, \u0161iltesniu oru.\u00a0<\/p>\t\t\t\t\t\t\t\t<\/div>\n\t\t\t\t<\/div>\n\t\t\t\t\t<\/div>\n\t\t<\/div>\n\t\t\t\t<div class=\"elementor-column elementor-col-50 elementor-top-column elementor-element elementor-element-ca5b749\" data-id=\"ca5b749\" data-element_type=\"column\" data-e-type=\"column\">\n\t\t\t<div class=\"elementor-widget-wrap elementor-element-populated\">\n\t\t\t\t\t\t<div class=\"elementor-element elementor-element-e5ac8b8 elementor-widget elementor-widget-image\" data-id=\"e5ac8b8\" data-element_type=\"widget\" data-e-type=\"widget\" data-widget_type=\"image.default\">\n\t\t\t\t<div class=\"elementor-widget-container\">\n\t\t\t\t\t\t\t\t\t\t\t\t\t\t\t<img fetchpriority=\"high\" decoding=\"async\" width=\"400\" height=\"253\" src=\"https:\/\/beebipai.ee\/wp-content\/uploads\/2022\/09\/Turses-jalad-e1664108044108.jpg\" class=\"attachment-large size-large wp-image-6751\" alt=\"\" srcset=\"https:\/\/beebipai.ee\/wp-content\/uploads\/2022\/09\/Turses-jalad-e1664108044108.jpg 400w, https:\/\/beebipai.ee\/wp-content\/uploads\/2022\/09\/Turses-jalad-e1664108044108-300x190.jpg 300w, https:\/\/beebipai.ee\/wp-content\/uploads\/2022\/09\/Turses-jalad-e1664108044108-18x12.jpg 18w\" sizes=\"(max-width: 400px) 100vw, 400px\" \/>\t\t\t\t\t\t\t\t\t\t\t\t\t\t\t<\/div>\n\t\t\t\t<\/div>\n\t\t\t\t\t<\/div>\n\t\t<\/div>\n\t\t\t\t\t<\/div>\n\t\t<\/section>\n\t\t\t\t<section class=\"elementor-section elementor-top-section elementor-element elementor-element-492c6ca elementor-section-boxed elementor-section-height-default elementor-section-height-default\" data-id=\"492c6ca\" data-element_type=\"section\" data-e-type=\"section\">\n\t\t\t\t\t\t<div class=\"elementor-container elementor-column-gap-default\">\n\t\t\t\t\t<div class=\"elementor-column elementor-col-50 elementor-top-column elementor-element elementor-element-664bcfd\" data-id=\"664bcfd\" data-element_type=\"column\" data-e-type=\"column\">\n\t\t\t<div class=\"elementor-widget-wrap elementor-element-populated\">\n\t\t\t\t\t\t<div class=\"elementor-element elementor-element-ead91b4 elementor-widget elementor-widget-text-editor\" data-id=\"ead91b4\" data-element_type=\"widget\" data-e-type=\"widget\" data-widget_type=\"text-editor.default\">\n\t\t\t\t<div class=\"elementor-widget-container\">\n\t\t\t\t\t\t\t\t\t<p>Nor\u0117dami suma\u017einti patinim\u0105:<\/p><ul><li>apriboti druskos kiek\u012f maiste<\/li><li>gerti pakankamai skys\u010di\u0173<\/li><li>jud\u0117ti kasdien<\/li><li>kojin\u0117s, keln\u0117s ir batai neturi niekur suspausti ir nesirai\u017eyti<\/li><li>pakelk kojas auk\u0161tyn<\/li><li>v\u0117sios p\u0117d\u0173 vonios arba kintamo vandens (\u0161ilto\/\u0161alto) du\u0161o masa\u017eas<\/li><li>suspaudimo produktai<\/li><\/ul><p>Kui tursed s\u00fcvenevad ja kodused leevendusmeetodid kergendust ei too, turse l\u00e4heb n\u00e4gu, esineb peavalu, t\u00e4pid silmade ees, kohin k\u00f5rvades, \u00fclak\u00f5huvalu, siis tuleb kindlasti p\u00f6\u00f6rduda \u00e4mmaemanda\/naistearsti poole t\u00e4iendavateks uuringuteks ja preeklampsia v\u00e4listamiseks.\u00a0<\/p>\t\t\t\t\t\t\t\t<\/div>\n\t\t\t\t<\/div>\n\t\t\t\t\t<\/div>\n\t\t<\/div>\n\t\t\t\t<div class=\"elementor-column elementor-col-50 elementor-top-column elementor-element elementor-element-cbaef44\" data-id=\"cbaef44\" data-element_type=\"column\" data-e-type=\"column\">\n\t\t\t<div class=\"elementor-widget-wrap elementor-element-populated\">\n\t\t\t\t\t\t<div class=\"elementor-element elementor-element-bb4faf6 elementor-widget elementor-widget-image\" data-id=\"bb4faf6\" data-element_type=\"widget\" data-e-type=\"widget\" data-widget_type=\"image.default\">\n\t\t\t\t<div class=\"elementor-widget-container\">\n\t\t\t\t\t\t\t\t\t\t\t\t\t\t\t<img decoding=\"async\" width=\"400\" height=\"320\" src=\"https:\/\/beebipai.ee\/wp-content\/uploads\/2022\/09\/Turses-jalad6.jpg\" class=\"attachment-large size-large wp-image-6753\" alt=\"\" srcset=\"https:\/\/beebipai.ee\/wp-content\/uploads\/2022\/09\/Turses-jalad6.jpg 400w, https:\/\/beebipai.ee\/wp-content\/uploads\/2022\/09\/Turses-jalad6-300x240.jpg 300w, https:\/\/beebipai.ee\/wp-content\/uploads\/2022\/09\/Turses-jalad6-15x12.jpg 15w\" sizes=\"(max-width: 400px) 100vw, 400px\" \/>\t\t\t\t\t\t\t\t\t\t\t\t\t\t\t<\/div>\n\t\t\t\t<\/div>\n\t\t\t\t\t<\/div>\n\t\t<\/div>\n\t\t\t\t\t<\/div>\n\t\t<\/section>\n\t\t\t\t<section class=\"elementor-section elementor-top-section elementor-element elementor-element-bb7bdb1 elementor-section-boxed elementor-section-height-default elementor-section-height-default\" data-id=\"bb7bdb1\" data-element_type=\"section\" data-e-type=\"section\">\n\t\t\t\t\t\t<div class=\"elementor-container elementor-column-gap-default\">\n\t\t\t\t\t<div class=\"elementor-column elementor-col-50 elementor-top-column elementor-element elementor-element-26b0d35\" data-id=\"26b0d35\" data-element_type=\"column\" data-e-type=\"column\">\n\t\t\t<div class=\"elementor-widget-wrap elementor-element-populated\">\n\t\t\t\t\t\t<div class=\"elementor-element elementor-element-2f0a58a elementor-widget elementor-widget-text-editor\" data-id=\"2f0a58a\" data-element_type=\"widget\" data-e-type=\"widget\" data-widget_type=\"text-editor.default\">\n\t\t\t\t<div class=\"elementor-widget-container\">\n\t\t\t\t\t\t\t\t\t<p>Profilaktin\u0117s kompresin\u0117s kojin\u0117s padeda i\u0161vengti ir palengvinti patinim\u0105 n\u0117\u0161tumo metu. Suma\u017einkite koj\u0173 nuovarg\u012f ir sunkum\u0105. Jie taip pat padeda i\u0161vengti ven\u0173 varikoz\u0117s, ypa\u010d rekomenduojami kasdien vartoti \u017emon\u0117ms, kurie yra link\u0119 \u012f ven\u0173 varikoz\u0119.<\/p><p>Kompresini\u0173 kojini\u0173 plok\u0161\u010di\u0173 si\u016bli\u0173 technologija apsaugo nuo trynimo ir suspaudimo naudojimo metu. Hipoalergin\u0117 med\u017eiaga atitinka \u00d6KO TEX 100 standart\u0105. Kompresin\u0117s kojin\u0117s patogiai priglunda prie kojos, turi gra\u017ei\u0105 i\u0161vaizd\u0105 ir suteikia kojai lengvumo bei malonaus jausmo visai dienai. Profilaktin\u0117s kompresin\u0117s kojin\u0117s ypa\u010d rekomenduojamos kasdieniam naudojimui:<\/p><ul><li>n\u0117\u0161tumo metu<\/li><li>\u017emon\u0117ms, dirbantiems s\u0117dim\u0105 ir stovim\u0105 darb\u0105<\/li><li>\u017emon\u0117ms, kurie kilnoja svorius<\/li><li>antsvorio turintiems \u017emon\u0117ms<\/li><li>\u017emon\u0117ms, kuri\u0173 \u0161eimoje yra buv\u0119 kraujagysli\u0173 lig\u0173<\/li><\/ul>\t\t\t\t\t\t\t\t<\/div>\n\t\t\t\t<\/div>\n\t\t\t\t\t<\/div>\n\t\t<\/div>\n\t\t\t\t<div class=\"elementor-column elementor-col-50 elementor-top-column elementor-element elementor-element-df5f858\" data-id=\"df5f858\" data-element_type=\"column\" data-e-type=\"column\">\n\t\t\t<div class=\"elementor-widget-wrap elementor-element-populated\">\n\t\t\t\t\t\t<div class=\"elementor-element elementor-element-367a215 elementor-widget elementor-widget-image\" data-id=\"367a215\" data-element_type=\"widget\" data-e-type=\"widget\" data-widget_type=\"image.default\">\n\t\t\t\t<div class=\"elementor-widget-container\">\n\t\t\t\t\t\t\t\t\t\t\t\t\t\t\t<img decoding=\"async\" width=\"768\" height=\"512\" src=\"https:\/\/beebipai.ee\/wp-content\/uploads\/2022\/09\/Varikoos-rasedusega1-768x512.jpg\" class=\"attachment-medium_large size-medium_large wp-image-6754\" alt=\"\" srcset=\"https:\/\/beebipai.ee\/wp-content\/uploads\/2022\/09\/Varikoos-rasedusega1-768x512.jpg 768w, https:\/\/beebipai.ee\/wp-content\/uploads\/2022\/09\/Varikoos-rasedusega1-e1664108237646-300x200.jpg 300w, https:\/\/beebipai.ee\/wp-content\/uploads\/2022\/09\/Varikoos-rasedusega1-e1664108237646-18x12.jpg 18w, https:\/\/beebipai.ee\/wp-content\/uploads\/2022\/09\/Varikoos-rasedusega1-600x400.jpg 600w, https:\/\/beebipai.ee\/wp-content\/uploads\/2022\/09\/Varikoos-rasedusega1-e1664108237646.jpg 400w\" sizes=\"(max-width: 768px) 100vw, 768px\" \/>\t\t\t\t\t\t\t\t\t\t\t\t\t\t\t<\/div>\n\t\t\t\t<\/div>\n\t\t\t\t\t<\/div>\n\t\t<\/div>\n\t\t\t\t\t<\/div>\n\t\t<\/section>\n\t\t\t\t<\/div>","protected":false},"excerpt":{"rendered":"<p>Profilaktin\u0117s kompresin\u0117s kojin\u0117s puikiai apsaugo nuo patinim\u0173 ir ven\u0173 varikoz\u0117s bei ma\u017eina j\u0173 atsiradim\u0105. Tinka kasdieniam naudojimui.<\/p>\n<p>O suspaudimo klas\u0117, t.y. profilaktin\u0117\/prevencin\u0117. Sl\u0117gis 10-18 mmHg<\/p>","protected":false},"featured_media":6745,"template":"","meta":{"_monsterinsights_skip_tracking":false,"_monsterinsights_sitenote_active":false,"_monsterinsights_sitenote_note":"","_monsterinsights_sitenote_category":0,"site-sidebar-layout":"no-sidebar","site-content-layout":"page-builder","ast-site-content-layout":"full-width-container","site-content-style":"unboxed","site-sidebar-style":"unboxed","ast-global-header-display":"","ast-banner-title-visibility":"","ast-main-header-display":"","ast-hfb-above-header-display":"","ast-hfb-below-header-display":"","ast-hfb-mobile-header-display":"","site-post-title":"disabled","ast-breadcrumbs-content":"","ast-featured-img":"disabled","footer-sml-layout":"","ast-disable-related-posts":"","theme-transparent-header-meta":"default","adv-header-id-meta":"","stick-header-meta":"","header-above-stick-meta":"","header-main-stick-meta":"","header-below-stick-meta":"","astra-migrate-meta-layouts":"set","ast-page-background-enabled":"default","ast-page-background-meta":{"desktop":{"background-color":"","background-image":"","background-repeat":"repeat","background-position":"center center","background-size":"auto","background-attachment":"scroll","background-type":"","background-media":"","overlay-type":"","overlay-color":"","overlay-opacity":"","overlay-gradient":""},"tablet":{"background-color":"","background-image":"","background-repeat":"repeat","background-position":"center center","background-size":"auto","background-attachment":"scroll","background-type":"","background-media":"","overlay-type":"","overlay-color":"","overlay-opacity":"","overlay-gradient":""},"mobile":{"background-color":"","background-image":"","background-repeat":"repeat","background-position":"center center","background-size":"auto","background-attachment":"scroll","background-type":"","background-media":"","overlay-type":"","overlay-color":"","overlay-opacity":"","overlay-gradient":""}},"ast-content-background-meta":{"desktop":{"background-color":"var(--ast-global-color-5)","background-image":"","background-repeat":"repeat","background-position":"center center","background-size":"auto","background-attachment":"scroll","background-type":"","background-media":"","overlay-type":"","overlay-color":"","overlay-opacity":"","overlay-gradient":""},"tablet":{"background-color":"var(--ast-global-color-5)","background-image":"","background-repeat":"repeat","background-position":"center center","background-size":"auto","background-attachment":"scroll","background-type":"","background-media":"","overlay-type":"","overlay-color":"","overlay-opacity":"","overlay-gradient":""},"mobile":{"background-color":"var(--ast-global-color-5)","background-image":"","background-repeat":"repeat","background-position":"center center","background-size":"auto","background-attachment":"scroll","background-type":"","background-media":"","overlay-type":"","overlay-color":"","overlay-opacity":"","overlay-gradient":""}}},"product_brand":[],"product_cat":[22,134,130],"product_tag":[],"class_list":{"0":"post-6738","1":"product","2":"type-product","3":"status-publish","4":"has-post-thumbnail","6":"product_cat-emale","7":"product_cat-kompressioon-tooted","8":"product_cat-sukkpuksid-polvikud-sokid","9":"desktop-align-left","10":"tablet-align-left","11":"mobile-align-left","13":"first","14":"instock","15":"taxable","16":"shipping-taxable","17":"purchasable","18":"product-type-variable"},"yoast_head":"<!-- This site is optimized with the Yoast SEO plugin v27.3 - https:\/\/yoast.com\/product\/yoast-seo-wordpress\/ -->\n<title>Prof\u00fclaktilised kompressioonsukad, 10-18 mmHg - Beebipai<\/title>\n<meta name=\"description\" content=\"Prof\u00fclaktilised kompressioonsukad leevendavad rasedusaegseid turseid ning ennetavad veenilaiendite teket. Vaata toodet prof\u00fclaktilised kompressioonsukad!\" \/>\n<meta name=\"robots\" content=\"index, follow, max-snippet:-1, max-image-preview:large, max-video-preview:-1\" \/>\n<link rel=\"canonical\" href=\"https:\/\/beebipai.ee\/lt\/product\/profulaktilised-kompressioonsukad\/\" \/>\n<meta property=\"og:locale\" content=\"lt_LT\" \/>\n<meta property=\"og:type\" content=\"article\" \/>\n<meta property=\"og:title\" content=\"Prof\u00fclaktilised kompressioonsukad, 10-18 mmHg - Beebipai\" \/>\n<meta property=\"og:description\" content=\"Prof\u00fclaktilised kompressioonsukad leevendavad rasedusaegseid turseid ning ennetavad veenilaiendite teket. Vaata toodet prof\u00fclaktilised kompressioonsukad!\" \/>\n<meta property=\"og:url\" content=\"https:\/\/beebipai.ee\/lt\/product\/profulaktilised-kompressioonsukad\/\" \/>\n<meta property=\"og:site_name\" content=\"Beebipai\" \/>\n<meta property=\"article:modified_time\" content=\"2025-03-23T14:21:08+00:00\" \/>\n<meta property=\"og:image\" content=\"https:\/\/beebipai.ee\/wp-content\/uploads\/2022\/09\/Kompressioonsukad2.webp\" \/>\n\t<meta property=\"og:image:width\" content=\"530\" \/>\n\t<meta property=\"og:image:height\" content=\"530\" \/>\n\t<meta property=\"og:image:type\" content=\"image\/webp\" \/>\n<meta name=\"twitter:card\" content=\"summary_large_image\" \/>\n<meta name=\"twitter:label1\" content=\"Est. reading time\" \/>\n\t<meta name=\"twitter:data1\" content=\"1 minut\u0117\" \/>\n<script type=\"application\/ld+json\" class=\"yoast-schema-graph\">{\"@context\":\"https:\\\/\\\/schema.org\",\"@graph\":[{\"@type\":\"WebPage\",\"@id\":\"https:\\\/\\\/beebipai.ee\\\/product\\\/profulaktilised-kompressioonsukad\\\/\",\"url\":\"https:\\\/\\\/beebipai.ee\\\/product\\\/profulaktilised-kompressioonsukad\\\/\",\"name\":\"Prof\u00fclaktilised kompressioonsukad, 10-18 mmHg - Beebipai\",\"isPartOf\":{\"@id\":\"https:\\\/\\\/beebipai.ee\\\/en\\\/#website\"},\"primaryImageOfPage\":{\"@id\":\"https:\\\/\\\/beebipai.ee\\\/product\\\/profulaktilised-kompressioonsukad\\\/#primaryimage\"},\"image\":{\"@id\":\"https:\\\/\\\/beebipai.ee\\\/product\\\/profulaktilised-kompressioonsukad\\\/#primaryimage\"},\"thumbnailUrl\":\"https:\\\/\\\/beebipai.ee\\\/wp-content\\\/uploads\\\/2022\\\/09\\\/Kompressioonsukad2.webp\",\"datePublished\":\"2022-09-25T11:48:49+00:00\",\"dateModified\":\"2025-03-23T14:21:08+00:00\",\"description\":\"Prof\u00fclaktilised kompressioonsukad leevendavad rasedusaegseid turseid ning ennetavad veenilaiendite teket. Vaata toodet prof\u00fclaktilised kompressioonsukad!\",\"breadcrumb\":{\"@id\":\"https:\\\/\\\/beebipai.ee\\\/product\\\/profulaktilised-kompressioonsukad\\\/#breadcrumb\"},\"inLanguage\":\"lt-LT\",\"potentialAction\":[{\"@type\":\"ReadAction\",\"target\":[\"https:\\\/\\\/beebipai.ee\\\/product\\\/profulaktilised-kompressioonsukad\\\/\"]}]},{\"@type\":\"ImageObject\",\"inLanguage\":\"lt-LT\",\"@id\":\"https:\\\/\\\/beebipai.ee\\\/product\\\/profulaktilised-kompressioonsukad\\\/#primaryimage\",\"url\":\"https:\\\/\\\/beebipai.ee\\\/wp-content\\\/uploads\\\/2022\\\/09\\\/Kompressioonsukad2.webp\",\"contentUrl\":\"https:\\\/\\\/beebipai.ee\\\/wp-content\\\/uploads\\\/2022\\\/09\\\/Kompressioonsukad2.webp\",\"width\":530,\"height\":530},{\"@type\":\"BreadcrumbList\",\"@id\":\"https:\\\/\\\/beebipai.ee\\\/product\\\/profulaktilised-kompressioonsukad\\\/#breadcrumb\",\"itemListElement\":[{\"@type\":\"ListItem\",\"position\":1,\"name\":\"Home\",\"item\":\"https:\\\/\\\/beebipai.ee\\\/\"},{\"@type\":\"ListItem\",\"position\":2,\"name\":\"Pood\",\"item\":\"https:\\\/\\\/beebipai.ee\\\/store\\\/\"},{\"@type\":\"ListItem\",\"position\":3,\"name\":\"Prof\u00fclaktilised kompressioonsukad, 10-18 mmHg\"}]},{\"@type\":\"WebSite\",\"@id\":\"https:\\\/\\\/beebipai.ee\\\/en\\\/#website\",\"url\":\"https:\\\/\\\/beebipai.ee\\\/en\\\/\",\"name\":\"Beebipai\",\"description\":\"Rasedate ja beebide veebipood\",\"potentialAction\":[{\"@type\":\"SearchAction\",\"target\":{\"@type\":\"EntryPoint\",\"urlTemplate\":\"https:\\\/\\\/beebipai.ee\\\/en\\\/?s={search_term_string}\"},\"query-input\":{\"@type\":\"PropertyValueSpecification\",\"valueRequired\":true,\"valueName\":\"search_term_string\"}}],\"inLanguage\":\"lt-LT\"}]}<\/script>\n<!-- \/ Yoast SEO plugin. -->","yoast_head_json":{"title":"Prof\u00fclaktilised kompressioonsukad, 10-18 mmHg - Beebipai","description":"Prof\u00fclaktilised kompressioonsukad leevendavad rasedusaegseid turseid ning ennetavad veenilaiendite teket. Vaata toodet prof\u00fclaktilised kompressioonsukad!","robots":{"index":"index","follow":"follow","max-snippet":"max-snippet:-1","max-image-preview":"max-image-preview:large","max-video-preview":"max-video-preview:-1"},"canonical":"https:\/\/beebipai.ee\/lt\/product\/profulaktilised-kompressioonsukad\/","og_locale":"lt_LT","og_type":"article","og_title":"Prof\u00fclaktilised kompressioonsukad, 10-18 mmHg - Beebipai","og_description":"Prof\u00fclaktilised kompressioonsukad leevendavad rasedusaegseid turseid ning ennetavad veenilaiendite teket. Vaata toodet prof\u00fclaktilised kompressioonsukad!","og_url":"https:\/\/beebipai.ee\/lt\/product\/profulaktilised-kompressioonsukad\/","og_site_name":"Beebipai","article_modified_time":"2025-03-23T14:21:08+00:00","og_image":[{"width":530,"height":530,"url":"https:\/\/beebipai.ee\/wp-content\/uploads\/2022\/09\/Kompressioonsukad2.webp","type":"image\/webp"}],"twitter_card":"summary_large_image","twitter_misc":{"Est. reading time":"1 minut\u0117"},"schema":{"@context":"https:\/\/schema.org","@graph":[{"@type":"WebPage","@id":"https:\/\/beebipai.ee\/product\/profulaktilised-kompressioonsukad\/","url":"https:\/\/beebipai.ee\/product\/profulaktilised-kompressioonsukad\/","name":"Prof\u00fclaktilised kompressioonsukad, 10-18 mmHg - Beebipai","isPartOf":{"@id":"https:\/\/beebipai.ee\/en\/#website"},"primaryImageOfPage":{"@id":"https:\/\/beebipai.ee\/product\/profulaktilised-kompressioonsukad\/#primaryimage"},"image":{"@id":"https:\/\/beebipai.ee\/product\/profulaktilised-kompressioonsukad\/#primaryimage"},"thumbnailUrl":"https:\/\/beebipai.ee\/wp-content\/uploads\/2022\/09\/Kompressioonsukad2.webp","datePublished":"2022-09-25T11:48:49+00:00","dateModified":"2025-03-23T14:21:08+00:00","description":"Prof\u00fclaktilised kompressioonsukad leevendavad rasedusaegseid turseid ning ennetavad veenilaiendite teket. Vaata toodet prof\u00fclaktilised kompressioonsukad!","breadcrumb":{"@id":"https:\/\/beebipai.ee\/product\/profulaktilised-kompressioonsukad\/#breadcrumb"},"inLanguage":"lt-LT","potentialAction":[{"@type":"ReadAction","target":["https:\/\/beebipai.ee\/product\/profulaktilised-kompressioonsukad\/"]}]},{"@type":"ImageObject","inLanguage":"lt-LT","@id":"https:\/\/beebipai.ee\/product\/profulaktilised-kompressioonsukad\/#primaryimage","url":"https:\/\/beebipai.ee\/wp-content\/uploads\/2022\/09\/Kompressioonsukad2.webp","contentUrl":"https:\/\/beebipai.ee\/wp-content\/uploads\/2022\/09\/Kompressioonsukad2.webp","width":530,"height":530},{"@type":"BreadcrumbList","@id":"https:\/\/beebipai.ee\/product\/profulaktilised-kompressioonsukad\/#breadcrumb","itemListElement":[{"@type":"ListItem","position":1,"name":"Home","item":"https:\/\/beebipai.ee\/"},{"@type":"ListItem","position":2,"name":"Pood","item":"https:\/\/beebipai.ee\/store\/"},{"@type":"ListItem","position":3,"name":"Prof\u00fclaktilised kompressioonsukad, 10-18 mmHg"}]},{"@type":"WebSite","@id":"https:\/\/beebipai.ee\/en\/#website","url":"https:\/\/beebipai.ee\/en\/","name":"Beebipai","description":"Rasedate ja beebide veebipood","potentialAction":[{"@type":"SearchAction","target":{"@type":"EntryPoint","urlTemplate":"https:\/\/beebipai.ee\/en\/?s={search_term_string}"},"query-input":{"@type":"PropertyValueSpecification","valueRequired":true,"valueName":"search_term_string"}}],"inLanguage":"lt-LT"}]}},"_links":{"self":[{"href":"https:\/\/beebipai.ee\/lt\/wp-json\/wp\/v2\/product\/6738","targetHints":{"allow":["GET"]}}],"collection":[{"href":"https:\/\/beebipai.ee\/lt\/wp-json\/wp\/v2\/product"}],"about":[{"href":"https:\/\/beebipai.ee\/lt\/wp-json\/wp\/v2\/types\/product"}],"version-history":[{"count":5,"href":"https:\/\/beebipai.ee\/lt\/wp-json\/wp\/v2\/product\/6738\/revisions"}],"predecessor-version":[{"id":6791,"href":"https:\/\/beebipai.ee\/lt\/wp-json\/wp\/v2\/product\/6738\/revisions\/6791"}],"wp:featuredmedia":[{"embeddable":true,"href":"https:\/\/beebipai.ee\/lt\/wp-json\/wp\/v2\/media\/6745"}],"wp:attachment":[{"href":"https:\/\/beebipai.ee\/lt\/wp-json\/wp\/v2\/media?parent=6738"}],"wp:term":[{"taxonomy":"product_brand","embeddable":true,"href":"https:\/\/beebipai.ee\/lt\/wp-json\/wp\/v2\/product_brand?post=6738"},{"taxonomy":"product_cat","embeddable":true,"href":"https:\/\/beebipai.ee\/lt\/wp-json\/wp\/v2\/product_cat?post=6738"},{"taxonomy":"product_tag","embeddable":true,"href":"https:\/\/beebipai.ee\/lt\/wp-json\/wp\/v2\/product_tag?post=6738"}],"curies":[{"name":"wp","href":"https:\/\/api.w.org\/{rel}","templated":true}]}}