{"id":6673,"date":"2022-09-18T09:43:03","date_gmt":"2022-09-18T06:43:03","guid":{"rendered":"https:\/\/beebipai.ee\/?post_type=product&#038;p=6673"},"modified":"2026-01-23T13:49:40","modified_gmt":"2026-01-23T11:49:40","slug":"seraphine-termoretuusid-rasedatele","status":"publish","type":"product","link":"https:\/\/beebipai.ee\/lt\/product\/seraphine-termoretuusid-rasedatele\/","title":{"rendered":"Seraphine termo antblauzd\u017eiai n\u0117\u0161\u010diosioms"},"content":{"rendered":"<div data-elementor-type=\"wp-post\" data-elementor-id=\"6673\" class=\"elementor elementor-6673\">\n\t\t\t\t\t\t<section class=\"elementor-section elementor-top-section elementor-element elementor-element-b0da694 elementor-section-boxed elementor-section-height-default elementor-section-height-default\" data-id=\"b0da694\" data-element_type=\"section\" data-e-type=\"section\">\n\t\t\t\t\t\t<div class=\"elementor-container elementor-column-gap-default\">\n\t\t\t\t\t<div class=\"elementor-column elementor-col-50 elementor-top-column elementor-element elementor-element-0d4d41c\" data-id=\"0d4d41c\" data-element_type=\"column\" data-e-type=\"column\">\n\t\t\t<div class=\"elementor-widget-wrap elementor-element-populated\">\n\t\t\t\t\t\t<div class=\"elementor-element elementor-element-88a882c elementor-widget elementor-widget-heading\" data-id=\"88a882c\" data-element_type=\"widget\" data-e-type=\"widget\" data-widget_type=\"heading.default\">\n\t\t\t\t<div class=\"elementor-widget-container\">\n\t\t\t\t\t<h2 class=\"elementor-heading-title elementor-size-default\">Termo antblauzd\u017eiai n\u0117\u0161\u010diosioms<\/h2>\t\t\t\t<\/div>\n\t\t\t\t<\/div>\n\t\t\t\t<div class=\"elementor-element elementor-element-e29777f elementor-widget elementor-widget-text-editor\" data-id=\"e29777f\" data-element_type=\"widget\" data-e-type=\"widget\" data-widget_type=\"text-editor.default\">\n\t\t\t\t<div class=\"elementor-widget-container\">\n\t\t\t\t\t\t\t\t\t<p>Termo leginsai n\u0117\u0161\u010diosioms idealiai tinka \u0161altesniam periodui. Med\u017eiaga mink\u0161ta ir tampri, prisitaikanti prie bet kokio pilvo dyd\u017eio. Taip pat puikiai tinka ankstyvuoju n\u0117\u0161tumo laikotarpiu ir pogimdyminiu laikotarpiu.<\/p><p>Platus pilvas nesirai\u017eo ir nespaud\u017eia. Pilvas beveik visi\u0161kai dengia augant\u012f pilv\u0105.<\/p><p>Blauzdin\u0117s pasi\u016btos i\u0161 \u0161ilto audinio, prid\u0117tas vienas vilnos sluoksnis. Med\u017eiaga pasi\u017eymi labai geromis temperat\u016bros reguliavimo savyb\u0117mis, kurios u\u017etikrina ir palaiko \u0161ilum\u0105, ir apsaugo nuo prakaitavimo. Vilna puikiai sulaiko \u0161ilum\u0105 ir suteikia antblauzd\u0117ms reikiamo mink\u0161tumo. Tinka kasdieniam naudojimui.\u00a0<\/p><p>Termo leginsai n\u0117\u0161\u010diosioms yra paprasto dizaino, tinkantys prie bet kokios j\u016bs\u0173 pasirinktos vir\u0161utin\u0117s dalies.\u00a0<\/p><p>Antblauzd\u017eius lengva pri\u017ei\u016br\u0117ti, ta\u010diau atkreipkite d\u0117mes\u012f \u012f kai kurias prie\u017ei\u016bros rekomendacijas:<\/p><ul><li>Leid\u017eiama skalbti ma\u0161inoje 30 laipsni\u0173 temperat\u016broje<\/li><li>vengti balinimo<\/li><li>vengti d\u017eiovinimo skalbykl\u0117je<\/li><li>Nenaudokite cheminio valymo<\/li><li>lyginimas ant vidutin\u0117s ugnies<\/li><\/ul>\t\t\t\t\t\t\t\t<\/div>\n\t\t\t\t<\/div>\n\t\t\t\t\t<\/div>\n\t\t<\/div>\n\t\t\t\t<div class=\"elementor-column elementor-col-50 elementor-top-column elementor-element elementor-element-d429eb2\" data-id=\"d429eb2\" data-element_type=\"column\" data-e-type=\"column\">\n\t\t\t<div class=\"elementor-widget-wrap elementor-element-populated\">\n\t\t\t\t\t\t<div class=\"elementor-element elementor-element-151e2a8 elementor-widget elementor-widget-image\" data-id=\"151e2a8\" data-element_type=\"widget\" data-e-type=\"widget\" data-widget_type=\"image.default\">\n\t\t\t\t<div class=\"elementor-widget-container\">\n\t\t\t\t\t\t\t\t\t\t\t\t\t\t\t<img fetchpriority=\"high\" decoding=\"async\" width=\"400\" height=\"512\" src=\"https:\/\/beebipai.ee\/wp-content\/uploads\/2022\/09\/Seraphine-termoretuusid-rasedatele4-e1663483282976.jpg\" class=\"attachment-large size-large wp-image-6678\" alt=\"\" srcset=\"https:\/\/beebipai.ee\/wp-content\/uploads\/2022\/09\/Seraphine-termoretuusid-rasedatele4-e1663483282976.jpg 400w, https:\/\/beebipai.ee\/wp-content\/uploads\/2022\/09\/Seraphine-termoretuusid-rasedatele4-e1663483282976-234x300.jpg 234w, https:\/\/beebipai.ee\/wp-content\/uploads\/2022\/09\/Seraphine-termoretuusid-rasedatele4-e1663483282976-9x12.jpg 9w\" sizes=\"(max-width: 400px) 100vw, 400px\" \/>\t\t\t\t\t\t\t\t\t\t\t\t\t\t\t<\/div>\n\t\t\t\t<\/div>\n\t\t\t\t\t<\/div>\n\t\t<\/div>\n\t\t\t\t\t<\/div>\n\t\t<\/section>\n\t\t\t\t<\/div>","protected":false},"excerpt":{"rendered":"<p>Seraphine termo antblauzd\u017eiai n\u0117\u0161\u010diosioms idealiai tinka d\u0117v\u0117ti \u0161altuoju periodu. \u0160ilti, mink\u0161ti ir patog\u016bs antblauzd\u017eiai tinka bet kokiam n\u0117\u0161tumo dyd\u017eiui.<\/p>","protected":false},"featured_media":6721,"template":"","meta":{"_monsterinsights_skip_tracking":false,"_monsterinsights_sitenote_active":false,"_monsterinsights_sitenote_note":"","_monsterinsights_sitenote_category":0,"site-sidebar-layout":"no-sidebar","site-content-layout":"page-builder","ast-site-content-layout":"full-width-container","site-content-style":"unboxed","site-sidebar-style":"unboxed","ast-global-header-display":"","ast-banner-title-visibility":"","ast-main-header-display":"","ast-hfb-above-header-display":"","ast-hfb-below-header-display":"","ast-hfb-mobile-header-display":"","site-post-title":"disabled","ast-breadcrumbs-content":"","ast-featured-img":"disabled","footer-sml-layout":"","ast-disable-related-posts":"","theme-transparent-header-meta":"default","adv-header-id-meta":"","stick-header-meta":"","header-above-stick-meta":"","header-main-stick-meta":"","header-below-stick-meta":"","astra-migrate-meta-layouts":"set","ast-page-background-enabled":"default","ast-page-background-meta":{"desktop":{"background-color":"","background-image":"","background-repeat":"repeat","background-position":"center center","background-size":"auto","background-attachment":"scroll","background-type":"","background-media":"","overlay-type":"","overlay-color":"","overlay-opacity":"","overlay-gradient":""},"tablet":{"background-color":"","background-image":"","background-repeat":"repeat","background-position":"center center","background-size":"auto","background-attachment":"scroll","background-type":"","background-media":"","overlay-type":"","overlay-color":"","overlay-opacity":"","overlay-gradient":""},"mobile":{"background-color":"","background-image":"","background-repeat":"repeat","background-position":"center center","background-size":"auto","background-attachment":"scroll","background-type":"","background-media":"","overlay-type":"","overlay-color":"","overlay-opacity":"","overlay-gradient":""}},"ast-content-background-meta":{"desktop":{"background-color":"var(--ast-global-color-5)","background-image":"","background-repeat":"repeat","background-position":"center center","background-size":"auto","background-attachment":"scroll","background-type":"","background-media":"","overlay-type":"","overlay-color":"","overlay-opacity":"","overlay-gradient":""},"tablet":{"background-color":"var(--ast-global-color-5)","background-image":"","background-repeat":"repeat","background-position":"center center","background-size":"auto","background-attachment":"scroll","background-type":"","background-media":"","overlay-type":"","overlay-color":"","overlay-opacity":"","overlay-gradient":""},"mobile":{"background-color":"var(--ast-global-color-5)","background-image":"","background-repeat":"repeat","background-position":"center center","background-size":"auto","background-attachment":"scroll","background-type":"","background-media":"","overlay-type":"","overlay-color":"","overlay-opacity":"","overlay-gradient":""}}},"product_brand":[],"product_cat":[22,133],"product_tag":[],"class_list":{"0":"post-6673","1":"product","2":"type-product","3":"status-publish","4":"has-post-thumbnail","6":"product_cat-emale","7":"product_cat-riided-rasedatele-ja-rinnaga-toitvatele-emadele","8":"desktop-align-left","9":"tablet-align-left","10":"mobile-align-left","12":"first","13":"instock","14":"sale","15":"taxable","16":"shipping-taxable","17":"purchasable","18":"product-type-variable"},"yoast_head":"<!-- This site is optimized with the Yoast SEO plugin v27.4 - https:\/\/yoast.com\/product\/yoast-seo-wordpress\/ -->\n<title>Seraphine termoretuusid rasedatele - Beebipai<\/title>\n<meta name=\"description\" content=\"Seraphine termoretuusid rasedatele termokangast ja fliisist on mugavad ja soojad talveks. Vaata toodet Seraphine termoretuusid rasedatele!\" \/>\n<meta name=\"robots\" content=\"index, follow, max-snippet:-1, max-image-preview:large, max-video-preview:-1\" \/>\n<link rel=\"canonical\" href=\"https:\/\/beebipai.ee\/lt\/product\/seraphine-termoretuusid-rasedatele\/\" \/>\n<meta property=\"og:locale\" content=\"lt_LT\" \/>\n<meta property=\"og:type\" content=\"article\" \/>\n<meta property=\"og:title\" content=\"Seraphine termoretuusid rasedatele - Beebipai\" \/>\n<meta property=\"og:description\" content=\"Seraphine termoretuusid rasedatele termokangast ja fliisist on mugavad ja soojad talveks. Vaata toodet Seraphine termoretuusid rasedatele!\" \/>\n<meta property=\"og:url\" content=\"https:\/\/beebipai.ee\/lt\/product\/seraphine-termoretuusid-rasedatele\/\" \/>\n<meta property=\"og:site_name\" content=\"Beebipai\" \/>\n<meta property=\"article:modified_time\" content=\"2026-01-23T11:49:40+00:00\" \/>\n<meta property=\"og:image\" content=\"https:\/\/beebipai.ee\/wp-content\/uploads\/2022\/09\/Seraphine-termoretuusid-rasedatele5.png\" \/>\n\t<meta property=\"og:image:width\" content=\"586\" \/>\n\t<meta property=\"og:image:height\" content=\"750\" \/>\n\t<meta property=\"og:image:type\" content=\"image\/png\" \/>\n<meta name=\"twitter:card\" content=\"summary_large_image\" \/>\n<meta name=\"twitter:label1\" content=\"Est. reading time\" \/>\n\t<meta name=\"twitter:data1\" content=\"1 minut\u0117\" \/>\n<script type=\"application\/ld+json\" class=\"yoast-schema-graph\">{\"@context\":\"https:\\\/\\\/schema.org\",\"@graph\":[{\"@type\":\"WebPage\",\"@id\":\"https:\\\/\\\/beebipai.ee\\\/product\\\/seraphine-termoretuusid-rasedatele\\\/\",\"url\":\"https:\\\/\\\/beebipai.ee\\\/product\\\/seraphine-termoretuusid-rasedatele\\\/\",\"name\":\"Seraphine termoretuusid rasedatele - Beebipai\",\"isPartOf\":{\"@id\":\"https:\\\/\\\/beebipai.ee\\\/en\\\/#website\"},\"primaryImageOfPage\":{\"@id\":\"https:\\\/\\\/beebipai.ee\\\/product\\\/seraphine-termoretuusid-rasedatele\\\/#primaryimage\"},\"image\":{\"@id\":\"https:\\\/\\\/beebipai.ee\\\/product\\\/seraphine-termoretuusid-rasedatele\\\/#primaryimage\"},\"thumbnailUrl\":\"https:\\\/\\\/beebipai.ee\\\/wp-content\\\/uploads\\\/2022\\\/09\\\/Seraphine-termoretuusid-rasedatele5.png\",\"datePublished\":\"2022-09-18T06:43:03+00:00\",\"dateModified\":\"2026-01-23T11:49:40+00:00\",\"description\":\"Seraphine termoretuusid rasedatele termokangast ja fliisist on mugavad ja soojad talveks. Vaata toodet Seraphine termoretuusid rasedatele!\",\"breadcrumb\":{\"@id\":\"https:\\\/\\\/beebipai.ee\\\/product\\\/seraphine-termoretuusid-rasedatele\\\/#breadcrumb\"},\"inLanguage\":\"lt-LT\",\"potentialAction\":[{\"@type\":\"ReadAction\",\"target\":[\"https:\\\/\\\/beebipai.ee\\\/product\\\/seraphine-termoretuusid-rasedatele\\\/\"]}]},{\"@type\":\"ImageObject\",\"inLanguage\":\"lt-LT\",\"@id\":\"https:\\\/\\\/beebipai.ee\\\/product\\\/seraphine-termoretuusid-rasedatele\\\/#primaryimage\",\"url\":\"https:\\\/\\\/beebipai.ee\\\/wp-content\\\/uploads\\\/2022\\\/09\\\/Seraphine-termoretuusid-rasedatele5.png\",\"contentUrl\":\"https:\\\/\\\/beebipai.ee\\\/wp-content\\\/uploads\\\/2022\\\/09\\\/Seraphine-termoretuusid-rasedatele5.png\",\"width\":586,\"height\":750},{\"@type\":\"BreadcrumbList\",\"@id\":\"https:\\\/\\\/beebipai.ee\\\/product\\\/seraphine-termoretuusid-rasedatele\\\/#breadcrumb\",\"itemListElement\":[{\"@type\":\"ListItem\",\"position\":1,\"name\":\"Home\",\"item\":\"https:\\\/\\\/beebipai.ee\\\/\"},{\"@type\":\"ListItem\",\"position\":2,\"name\":\"Pood\",\"item\":\"https:\\\/\\\/beebipai.ee\\\/store\\\/\"},{\"@type\":\"ListItem\",\"position\":3,\"name\":\"Seraphine termoretuusid rasedatele\"}]},{\"@type\":\"WebSite\",\"@id\":\"https:\\\/\\\/beebipai.ee\\\/en\\\/#website\",\"url\":\"https:\\\/\\\/beebipai.ee\\\/en\\\/\",\"name\":\"Beebipai\",\"description\":\"Rasedate ja beebide veebipood\",\"potentialAction\":[{\"@type\":\"SearchAction\",\"target\":{\"@type\":\"EntryPoint\",\"urlTemplate\":\"https:\\\/\\\/beebipai.ee\\\/en\\\/?s={search_term_string}\"},\"query-input\":{\"@type\":\"PropertyValueSpecification\",\"valueRequired\":true,\"valueName\":\"search_term_string\"}}],\"inLanguage\":\"lt-LT\"}]}<\/script>\n<!-- \/ Yoast SEO plugin. -->","yoast_head_json":{"title":"Seraphine termoretuusid rasedatele - Beebipai","description":"Seraphine termoretuusid rasedatele termokangast ja fliisist on mugavad ja soojad talveks. Vaata toodet Seraphine termoretuusid rasedatele!","robots":{"index":"index","follow":"follow","max-snippet":"max-snippet:-1","max-image-preview":"max-image-preview:large","max-video-preview":"max-video-preview:-1"},"canonical":"https:\/\/beebipai.ee\/lt\/product\/seraphine-termoretuusid-rasedatele\/","og_locale":"lt_LT","og_type":"article","og_title":"Seraphine termoretuusid rasedatele - Beebipai","og_description":"Seraphine termoretuusid rasedatele termokangast ja fliisist on mugavad ja soojad talveks. Vaata toodet Seraphine termoretuusid rasedatele!","og_url":"https:\/\/beebipai.ee\/lt\/product\/seraphine-termoretuusid-rasedatele\/","og_site_name":"Beebipai","article_modified_time":"2026-01-23T11:49:40+00:00","og_image":[{"width":586,"height":750,"url":"https:\/\/beebipai.ee\/wp-content\/uploads\/2022\/09\/Seraphine-termoretuusid-rasedatele5.png","type":"image\/png"}],"twitter_card":"summary_large_image","twitter_misc":{"Est. reading time":"1 minut\u0117"},"schema":{"@context":"https:\/\/schema.org","@graph":[{"@type":"WebPage","@id":"https:\/\/beebipai.ee\/product\/seraphine-termoretuusid-rasedatele\/","url":"https:\/\/beebipai.ee\/product\/seraphine-termoretuusid-rasedatele\/","name":"Seraphine termoretuusid rasedatele - Beebipai","isPartOf":{"@id":"https:\/\/beebipai.ee\/en\/#website"},"primaryImageOfPage":{"@id":"https:\/\/beebipai.ee\/product\/seraphine-termoretuusid-rasedatele\/#primaryimage"},"image":{"@id":"https:\/\/beebipai.ee\/product\/seraphine-termoretuusid-rasedatele\/#primaryimage"},"thumbnailUrl":"https:\/\/beebipai.ee\/wp-content\/uploads\/2022\/09\/Seraphine-termoretuusid-rasedatele5.png","datePublished":"2022-09-18T06:43:03+00:00","dateModified":"2026-01-23T11:49:40+00:00","description":"Seraphine termoretuusid rasedatele termokangast ja fliisist on mugavad ja soojad talveks. Vaata toodet Seraphine termoretuusid rasedatele!","breadcrumb":{"@id":"https:\/\/beebipai.ee\/product\/seraphine-termoretuusid-rasedatele\/#breadcrumb"},"inLanguage":"lt-LT","potentialAction":[{"@type":"ReadAction","target":["https:\/\/beebipai.ee\/product\/seraphine-termoretuusid-rasedatele\/"]}]},{"@type":"ImageObject","inLanguage":"lt-LT","@id":"https:\/\/beebipai.ee\/product\/seraphine-termoretuusid-rasedatele\/#primaryimage","url":"https:\/\/beebipai.ee\/wp-content\/uploads\/2022\/09\/Seraphine-termoretuusid-rasedatele5.png","contentUrl":"https:\/\/beebipai.ee\/wp-content\/uploads\/2022\/09\/Seraphine-termoretuusid-rasedatele5.png","width":586,"height":750},{"@type":"BreadcrumbList","@id":"https:\/\/beebipai.ee\/product\/seraphine-termoretuusid-rasedatele\/#breadcrumb","itemListElement":[{"@type":"ListItem","position":1,"name":"Home","item":"https:\/\/beebipai.ee\/"},{"@type":"ListItem","position":2,"name":"Pood","item":"https:\/\/beebipai.ee\/store\/"},{"@type":"ListItem","position":3,"name":"Seraphine termoretuusid rasedatele"}]},{"@type":"WebSite","@id":"https:\/\/beebipai.ee\/en\/#website","url":"https:\/\/beebipai.ee\/en\/","name":"Beebipai","description":"Rasedate ja beebide veebipood","potentialAction":[{"@type":"SearchAction","target":{"@type":"EntryPoint","urlTemplate":"https:\/\/beebipai.ee\/en\/?s={search_term_string}"},"query-input":{"@type":"PropertyValueSpecification","valueRequired":true,"valueName":"search_term_string"}}],"inLanguage":"lt-LT"}]}},"_links":{"self":[{"href":"https:\/\/beebipai.ee\/lt\/wp-json\/wp\/v2\/product\/6673","targetHints":{"allow":["GET"]}}],"collection":[{"href":"https:\/\/beebipai.ee\/lt\/wp-json\/wp\/v2\/product"}],"about":[{"href":"https:\/\/beebipai.ee\/lt\/wp-json\/wp\/v2\/types\/product"}],"version-history":[{"count":5,"href":"https:\/\/beebipai.ee\/lt\/wp-json\/wp\/v2\/product\/6673\/revisions"}],"predecessor-version":[{"id":6967,"href":"https:\/\/beebipai.ee\/lt\/wp-json\/wp\/v2\/product\/6673\/revisions\/6967"}],"wp:featuredmedia":[{"embeddable":true,"href":"https:\/\/beebipai.ee\/lt\/wp-json\/wp\/v2\/media\/6721"}],"wp:attachment":[{"href":"https:\/\/beebipai.ee\/lt\/wp-json\/wp\/v2\/media?parent=6673"}],"wp:term":[{"taxonomy":"product_brand","embeddable":true,"href":"https:\/\/beebipai.ee\/lt\/wp-json\/wp\/v2\/product_brand?post=6673"},{"taxonomy":"product_cat","embeddable":true,"href":"https:\/\/beebipai.ee\/lt\/wp-json\/wp\/v2\/product_cat?post=6673"},{"taxonomy":"product_tag","embeddable":true,"href":"https:\/\/beebipai.ee\/lt\/wp-json\/wp\/v2\/product_tag?post=6673"}],"curies":[{"name":"wp","href":"https:\/\/api.w.org\/{rel}","templated":true}]}}