{"id":6462,"date":"2022-09-05T00:20:49","date_gmt":"2022-09-04T21:20:49","guid":{"rendered":"https:\/\/beebipai.ee\/?post_type=product&#038;p=6462"},"modified":"2024-04-09T11:22:39","modified_gmt":"2024-04-09T08:22:39","slug":"kikkaboo-digitaalne-beebimonitor-linit","status":"publish","type":"product","link":"https:\/\/beebipai.ee\/lt\/product\/kikkaboo-digitaalne-beebimonitor-linit\/","title":{"rendered":"Kikkaboo skaitmeninis k\u016bdikio monitorius Linit"},"content":{"rendered":"<div data-elementor-type=\"wp-post\" data-elementor-id=\"6462\" class=\"elementor elementor-6462\">\n\t\t\t\t\t\t<section class=\"elementor-section elementor-top-section elementor-element elementor-element-51a1442 elementor-section-boxed elementor-section-height-default elementor-section-height-default\" data-id=\"51a1442\" data-element_type=\"section\" data-e-type=\"section\">\n\t\t\t\t\t\t<div class=\"elementor-container elementor-column-gap-default\">\n\t\t\t\t\t<div class=\"elementor-column elementor-col-50 elementor-top-column elementor-element elementor-element-2ce55e2\" data-id=\"2ce55e2\" data-element_type=\"column\" data-e-type=\"column\">\n\t\t\t<div class=\"elementor-widget-wrap elementor-element-populated\">\n\t\t\t\t\t\t<div class=\"elementor-element elementor-element-d0a6405 elementor-widget elementor-widget-heading\" data-id=\"d0a6405\" data-element_type=\"widget\" data-e-type=\"widget\" data-widget_type=\"heading.default\">\n\t\t\t\t<div class=\"elementor-widget-container\">\n\t\t\t\t\t<h2 class=\"elementor-heading-title elementor-size-default\">Kikkaboo skaitmeninis k\u016bdikio monitorius<\/h2>\t\t\t\t<\/div>\n\t\t\t\t<\/div>\n\t\t\t\t<div class=\"elementor-element elementor-element-8c6448d elementor-widget elementor-widget-text-editor\" data-id=\"8c6448d\" data-element_type=\"widget\" data-e-type=\"widget\" data-widget_type=\"text-editor.default\">\n\t\t\t\t<div class=\"elementor-widget-container\">\n\t\t\t\t\t\t\t\t\t<p>Skaitmeninis k\u016bdikio monitorius yra prakti\u0161kas ir kompakti\u0161kas. Daugyb\u0117 galim\u0173 funkcij\u0173 suteikia ramyb\u0119 t\u0117vams ir saugi\u0105 vaikui. Leid\u017eia klausytis vaiko nuotoliniu b\u016bdu i\u0161 bet kurios vietos.<\/p><p>Skaitmeninis k\u016bdikio variklis Linit susideda i\u0161 dviej\u0173 dali\u0173: k\u016bdikio \u012frenginio ir t\u0117v\u0173 \u012frenginio. Integruota vidin\u0117 jungtis leid\u017eia bendrauti su kita monitoriaus puse, t.y vaiku. K\u016bdiki\u0173 monitorius Linit veikia 24 GHz da\u017eniu. Garso perdavimas atviroje vietoje iki 300m ir patalpose iki 50m. I\u0161einant i\u0161 apr\u0117pties zonos prane\u0161a aliarmu.<\/p><p>Dirba labai ai\u0161kiu balsu su reguliuojamu garsumu.\u00a0<\/p><p>Veikia su \u012fkraunamomis baterijomis - 400mAh. Yra naktin\u0117 lemput\u0117, tod\u0117l labai patogu naudotis tamsoje. Veikia energij\u0105 taupan\u010diu ECO re\u017eimu.\u00a0<\/p><p>Taip pat yra itin reikalinga VOX funkcija, kuri u\u017etikrina automatin\u012f monitoriaus \u012fsijungim\u0105 pasigirdus balsui.\u00a0<\/p><p>\u012e komplektacij\u0105 \u012feina: t\u0117v\u0173 \u012frenginys, k\u016bdikio \u012frenginys, 2 USB laidai, 1 USB adapteris, \u012fmontuota baterija tiek t\u0117v\u0173, tiek k\u016bdikio \u012frenginyje<\/p><p>Gaminys turi CE atitikties \u017eenkl\u0105<\/p>\t\t\t\t\t\t\t\t<\/div>\n\t\t\t\t<\/div>\n\t\t\t\t\t<\/div>\n\t\t<\/div>\n\t\t\t\t<div class=\"elementor-column elementor-col-50 elementor-top-column elementor-element elementor-element-3db3004\" data-id=\"3db3004\" data-element_type=\"column\" data-e-type=\"column\">\n\t\t\t<div class=\"elementor-widget-wrap elementor-element-populated\">\n\t\t\t\t\t\t<div class=\"elementor-element elementor-element-a35ddca elementor-widget elementor-widget-image\" data-id=\"a35ddca\" data-element_type=\"widget\" data-e-type=\"widget\" data-widget_type=\"image.default\">\n\t\t\t\t<div class=\"elementor-widget-container\">\n\t\t\t\t\t\t\t\t\t\t\t\t\t\t\t<img fetchpriority=\"high\" decoding=\"async\" width=\"400\" height=\"400\" src=\"https:\/\/beebipai.ee\/wp-content\/uploads\/2022\/09\/Digitaalne-beebi-monitor-Linit-e1662326333776.jpg\" class=\"attachment-large size-large wp-image-6471\" alt=\"\" srcset=\"https:\/\/beebipai.ee\/wp-content\/uploads\/2022\/09\/Digitaalne-beebi-monitor-Linit-e1662326333776.jpg 400w, https:\/\/beebipai.ee\/wp-content\/uploads\/2022\/09\/Digitaalne-beebi-monitor-Linit-e1662326333776-300x300.jpg 300w, https:\/\/beebipai.ee\/wp-content\/uploads\/2022\/09\/Digitaalne-beebi-monitor-Linit-e1662326333776-150x150.jpg 150w, https:\/\/beebipai.ee\/wp-content\/uploads\/2022\/09\/Digitaalne-beebi-monitor-Linit-e1662326333776-12x12.jpg 12w, https:\/\/beebipai.ee\/wp-content\/uploads\/2022\/09\/Digitaalne-beebi-monitor-Linit-e1662326333776-100x100.jpg 100w\" sizes=\"(max-width: 400px) 100vw, 400px\" \/>\t\t\t\t\t\t\t\t\t\t\t\t\t\t\t<\/div>\n\t\t\t\t<\/div>\n\t\t\t\t\t<\/div>\n\t\t<\/div>\n\t\t\t\t\t<\/div>\n\t\t<\/section>\n\t\t\t\t<\/div>","protected":false},"excerpt":{"rendered":"<p>Kikkaboo skaitmeninis k\u016bdikio monitorius Linit yra itin naudingas, prakti\u0161kas ir kompakti\u0161kas prietaisas, su kuriuo gal\u0117site klausytis savo k\u016bdikio bet kuriuo metu. Skaitmeninis k\u016bdikio monitorius u\u017etikrina t\u0117v\u0173 ramyb\u0119 ir k\u016bdikio saugum\u0105.<\/p>","protected":false},"featured_media":6472,"template":"","meta":{"_monsterinsights_skip_tracking":false,"_monsterinsights_sitenote_active":false,"_monsterinsights_sitenote_note":"","_monsterinsights_sitenote_category":0,"site-sidebar-layout":"no-sidebar","site-content-layout":"page-builder","ast-site-content-layout":"full-width-container","site-content-style":"unboxed","site-sidebar-style":"unboxed","ast-global-header-display":"","ast-banner-title-visibility":"","ast-main-header-display":"","ast-hfb-above-header-display":"","ast-hfb-below-header-display":"","ast-hfb-mobile-header-display":"","site-post-title":"disabled","ast-breadcrumbs-content":"","ast-featured-img":"disabled","footer-sml-layout":"","ast-disable-related-posts":"","theme-transparent-header-meta":"default","adv-header-id-meta":"","stick-header-meta":"","header-above-stick-meta":"","header-main-stick-meta":"","header-below-stick-meta":"","astra-migrate-meta-layouts":"set","ast-page-background-enabled":"default","ast-page-background-meta":{"desktop":{"background-color":"","background-image":"","background-repeat":"repeat","background-position":"center center","background-size":"auto","background-attachment":"scroll","background-type":"","background-media":"","overlay-type":"","overlay-color":"","overlay-opacity":"","overlay-gradient":""},"tablet":{"background-color":"","background-image":"","background-repeat":"repeat","background-position":"center center","background-size":"auto","background-attachment":"scroll","background-type":"","background-media":"","overlay-type":"","overlay-color":"","overlay-opacity":"","overlay-gradient":""},"mobile":{"background-color":"","background-image":"","background-repeat":"repeat","background-position":"center center","background-size":"auto","background-attachment":"scroll","background-type":"","background-media":"","overlay-type":"","overlay-color":"","overlay-opacity":"","overlay-gradient":""}},"ast-content-background-meta":{"desktop":{"background-color":"var(--ast-global-color-5)","background-image":"","background-repeat":"repeat","background-position":"center center","background-size":"auto","background-attachment":"scroll","background-type":"","background-media":"","overlay-type":"","overlay-color":"","overlay-opacity":"","overlay-gradient":""},"tablet":{"background-color":"var(--ast-global-color-5)","background-image":"","background-repeat":"repeat","background-position":"center center","background-size":"auto","background-attachment":"scroll","background-type":"","background-media":"","overlay-type":"","overlay-color":"","overlay-opacity":"","overlay-gradient":""},"mobile":{"background-color":"var(--ast-global-color-5)","background-image":"","background-repeat":"repeat","background-position":"center center","background-size":"auto","background-attachment":"scroll","background-type":"","background-media":"","overlay-type":"","overlay-color":"","overlay-opacity":"","overlay-gradient":""}}},"product_brand":[],"product_cat":[23,148,145],"product_tag":[],"class_list":{"0":"post-6462","1":"product","2":"type-product","3":"status-publish","4":"has-post-thumbnail","6":"product_cat-beebile","7":"product_cat-kingiideed-emale","8":"product_cat-turvalisus","9":"desktop-align-left","10":"tablet-align-left","11":"mobile-align-left","13":"first","14":"outofstock","15":"taxable","16":"shipping-taxable","17":"purchasable","18":"product-type-simple"},"yoast_head":"<!-- This site is optimized with the Yoast SEO plugin v27.4 - https:\/\/yoast.com\/product\/yoast-seo-wordpress\/ -->\n<title>Kikkaboo digitaalne beebimonitor Linit - Beebipai<\/title>\n<meta name=\"description\" content=\"Digitaalne beebimonitor on kasulik ja kompaktne. Tagab vanemate meelerahu ja lapse turvalisuse. Vaata toodet digitaalne beebimonitor!\" \/>\n<meta name=\"robots\" content=\"index, follow, max-snippet:-1, max-image-preview:large, max-video-preview:-1\" \/>\n<link rel=\"canonical\" href=\"https:\/\/beebipai.ee\/lt\/product\/kikkaboo-digitaalne-beebimonitor-linit\/\" \/>\n<meta property=\"og:locale\" content=\"lt_LT\" \/>\n<meta property=\"og:type\" content=\"article\" \/>\n<meta property=\"og:title\" content=\"Kikkaboo digitaalne beebimonitor Linit - Beebipai\" \/>\n<meta property=\"og:description\" content=\"Digitaalne beebimonitor on kasulik ja kompaktne. Tagab vanemate meelerahu ja lapse turvalisuse. Vaata toodet digitaalne beebimonitor!\" \/>\n<meta property=\"og:url\" content=\"https:\/\/beebipai.ee\/lt\/product\/kikkaboo-digitaalne-beebimonitor-linit\/\" \/>\n<meta property=\"og:site_name\" content=\"Beebipai\" \/>\n<meta property=\"article:modified_time\" content=\"2024-04-09T08:22:39+00:00\" \/>\n<meta property=\"og:image\" content=\"https:\/\/beebipai.ee\/wp-content\/uploads\/2022\/09\/Digitaalne-beebi-monitor-Linit1.jpg\" \/>\n\t<meta property=\"og:image:width\" content=\"522\" \/>\n\t<meta property=\"og:image:height\" content=\"522\" \/>\n\t<meta property=\"og:image:type\" content=\"image\/jpeg\" \/>\n<meta name=\"twitter:card\" content=\"summary_large_image\" \/>\n<meta name=\"twitter:label1\" content=\"Est. reading time\" \/>\n\t<meta name=\"twitter:data1\" content=\"1 minut\u0117\" \/>\n<script type=\"application\/ld+json\" class=\"yoast-schema-graph\">{\"@context\":\"https:\\\/\\\/schema.org\",\"@graph\":[{\"@type\":\"WebPage\",\"@id\":\"https:\\\/\\\/beebipai.ee\\\/product\\\/kikkaboo-digitaalne-beebimonitor-linit\\\/\",\"url\":\"https:\\\/\\\/beebipai.ee\\\/product\\\/kikkaboo-digitaalne-beebimonitor-linit\\\/\",\"name\":\"Kikkaboo digitaalne beebimonitor Linit - Beebipai\",\"isPartOf\":{\"@id\":\"https:\\\/\\\/beebipai.ee\\\/en\\\/#website\"},\"primaryImageOfPage\":{\"@id\":\"https:\\\/\\\/beebipai.ee\\\/product\\\/kikkaboo-digitaalne-beebimonitor-linit\\\/#primaryimage\"},\"image\":{\"@id\":\"https:\\\/\\\/beebipai.ee\\\/product\\\/kikkaboo-digitaalne-beebimonitor-linit\\\/#primaryimage\"},\"thumbnailUrl\":\"https:\\\/\\\/beebipai.ee\\\/wp-content\\\/uploads\\\/2022\\\/09\\\/Digitaalne-beebi-monitor-Linit1.jpg\",\"datePublished\":\"2022-09-04T21:20:49+00:00\",\"dateModified\":\"2024-04-09T08:22:39+00:00\",\"description\":\"Digitaalne beebimonitor on kasulik ja kompaktne. Tagab vanemate meelerahu ja lapse turvalisuse. Vaata toodet digitaalne beebimonitor!\",\"breadcrumb\":{\"@id\":\"https:\\\/\\\/beebipai.ee\\\/product\\\/kikkaboo-digitaalne-beebimonitor-linit\\\/#breadcrumb\"},\"inLanguage\":\"lt-LT\",\"potentialAction\":[{\"@type\":\"ReadAction\",\"target\":[\"https:\\\/\\\/beebipai.ee\\\/product\\\/kikkaboo-digitaalne-beebimonitor-linit\\\/\"]}]},{\"@type\":\"ImageObject\",\"inLanguage\":\"lt-LT\",\"@id\":\"https:\\\/\\\/beebipai.ee\\\/product\\\/kikkaboo-digitaalne-beebimonitor-linit\\\/#primaryimage\",\"url\":\"https:\\\/\\\/beebipai.ee\\\/wp-content\\\/uploads\\\/2022\\\/09\\\/Digitaalne-beebi-monitor-Linit1.jpg\",\"contentUrl\":\"https:\\\/\\\/beebipai.ee\\\/wp-content\\\/uploads\\\/2022\\\/09\\\/Digitaalne-beebi-monitor-Linit1.jpg\",\"width\":522,\"height\":522},{\"@type\":\"BreadcrumbList\",\"@id\":\"https:\\\/\\\/beebipai.ee\\\/product\\\/kikkaboo-digitaalne-beebimonitor-linit\\\/#breadcrumb\",\"itemListElement\":[{\"@type\":\"ListItem\",\"position\":1,\"name\":\"Home\",\"item\":\"https:\\\/\\\/beebipai.ee\\\/\"},{\"@type\":\"ListItem\",\"position\":2,\"name\":\"Pood\",\"item\":\"https:\\\/\\\/beebipai.ee\\\/store\\\/\"},{\"@type\":\"ListItem\",\"position\":3,\"name\":\"Kikkaboo digitaalne beebimonitor Linit\"}]},{\"@type\":\"WebSite\",\"@id\":\"https:\\\/\\\/beebipai.ee\\\/en\\\/#website\",\"url\":\"https:\\\/\\\/beebipai.ee\\\/en\\\/\",\"name\":\"Beebipai\",\"description\":\"Rasedate ja beebide veebipood\",\"potentialAction\":[{\"@type\":\"SearchAction\",\"target\":{\"@type\":\"EntryPoint\",\"urlTemplate\":\"https:\\\/\\\/beebipai.ee\\\/en\\\/?s={search_term_string}\"},\"query-input\":{\"@type\":\"PropertyValueSpecification\",\"valueRequired\":true,\"valueName\":\"search_term_string\"}}],\"inLanguage\":\"lt-LT\"}]}<\/script>\n<!-- \/ Yoast SEO plugin. -->","yoast_head_json":{"title":"Kikkaboo digitaalne beebimonitor Linit - Beebipai","description":"Digitaalne beebimonitor on kasulik ja kompaktne. Tagab vanemate meelerahu ja lapse turvalisuse. Vaata toodet digitaalne beebimonitor!","robots":{"index":"index","follow":"follow","max-snippet":"max-snippet:-1","max-image-preview":"max-image-preview:large","max-video-preview":"max-video-preview:-1"},"canonical":"https:\/\/beebipai.ee\/lt\/product\/kikkaboo-digitaalne-beebimonitor-linit\/","og_locale":"lt_LT","og_type":"article","og_title":"Kikkaboo digitaalne beebimonitor Linit - Beebipai","og_description":"Digitaalne beebimonitor on kasulik ja kompaktne. Tagab vanemate meelerahu ja lapse turvalisuse. Vaata toodet digitaalne beebimonitor!","og_url":"https:\/\/beebipai.ee\/lt\/product\/kikkaboo-digitaalne-beebimonitor-linit\/","og_site_name":"Beebipai","article_modified_time":"2024-04-09T08:22:39+00:00","og_image":[{"width":522,"height":522,"url":"https:\/\/beebipai.ee\/wp-content\/uploads\/2022\/09\/Digitaalne-beebi-monitor-Linit1.jpg","type":"image\/jpeg"}],"twitter_card":"summary_large_image","twitter_misc":{"Est. reading time":"1 minut\u0117"},"schema":{"@context":"https:\/\/schema.org","@graph":[{"@type":"WebPage","@id":"https:\/\/beebipai.ee\/product\/kikkaboo-digitaalne-beebimonitor-linit\/","url":"https:\/\/beebipai.ee\/product\/kikkaboo-digitaalne-beebimonitor-linit\/","name":"Kikkaboo digitaalne beebimonitor Linit - Beebipai","isPartOf":{"@id":"https:\/\/beebipai.ee\/en\/#website"},"primaryImageOfPage":{"@id":"https:\/\/beebipai.ee\/product\/kikkaboo-digitaalne-beebimonitor-linit\/#primaryimage"},"image":{"@id":"https:\/\/beebipai.ee\/product\/kikkaboo-digitaalne-beebimonitor-linit\/#primaryimage"},"thumbnailUrl":"https:\/\/beebipai.ee\/wp-content\/uploads\/2022\/09\/Digitaalne-beebi-monitor-Linit1.jpg","datePublished":"2022-09-04T21:20:49+00:00","dateModified":"2024-04-09T08:22:39+00:00","description":"Digitaalne beebimonitor on kasulik ja kompaktne. Tagab vanemate meelerahu ja lapse turvalisuse. Vaata toodet digitaalne beebimonitor!","breadcrumb":{"@id":"https:\/\/beebipai.ee\/product\/kikkaboo-digitaalne-beebimonitor-linit\/#breadcrumb"},"inLanguage":"lt-LT","potentialAction":[{"@type":"ReadAction","target":["https:\/\/beebipai.ee\/product\/kikkaboo-digitaalne-beebimonitor-linit\/"]}]},{"@type":"ImageObject","inLanguage":"lt-LT","@id":"https:\/\/beebipai.ee\/product\/kikkaboo-digitaalne-beebimonitor-linit\/#primaryimage","url":"https:\/\/beebipai.ee\/wp-content\/uploads\/2022\/09\/Digitaalne-beebi-monitor-Linit1.jpg","contentUrl":"https:\/\/beebipai.ee\/wp-content\/uploads\/2022\/09\/Digitaalne-beebi-monitor-Linit1.jpg","width":522,"height":522},{"@type":"BreadcrumbList","@id":"https:\/\/beebipai.ee\/product\/kikkaboo-digitaalne-beebimonitor-linit\/#breadcrumb","itemListElement":[{"@type":"ListItem","position":1,"name":"Home","item":"https:\/\/beebipai.ee\/"},{"@type":"ListItem","position":2,"name":"Pood","item":"https:\/\/beebipai.ee\/store\/"},{"@type":"ListItem","position":3,"name":"Kikkaboo digitaalne beebimonitor Linit"}]},{"@type":"WebSite","@id":"https:\/\/beebipai.ee\/en\/#website","url":"https:\/\/beebipai.ee\/en\/","name":"Beebipai","description":"Rasedate ja beebide veebipood","potentialAction":[{"@type":"SearchAction","target":{"@type":"EntryPoint","urlTemplate":"https:\/\/beebipai.ee\/en\/?s={search_term_string}"},"query-input":{"@type":"PropertyValueSpecification","valueRequired":true,"valueName":"search_term_string"}}],"inLanguage":"lt-LT"}]}},"_links":{"self":[{"href":"https:\/\/beebipai.ee\/lt\/wp-json\/wp\/v2\/product\/6462","targetHints":{"allow":["GET"]}}],"collection":[{"href":"https:\/\/beebipai.ee\/lt\/wp-json\/wp\/v2\/product"}],"about":[{"href":"https:\/\/beebipai.ee\/lt\/wp-json\/wp\/v2\/types\/product"}],"version-history":[{"count":5,"href":"https:\/\/beebipai.ee\/lt\/wp-json\/wp\/v2\/product\/6462\/revisions"}],"predecessor-version":[{"id":7356,"href":"https:\/\/beebipai.ee\/lt\/wp-json\/wp\/v2\/product\/6462\/revisions\/7356"}],"wp:featuredmedia":[{"embeddable":true,"href":"https:\/\/beebipai.ee\/lt\/wp-json\/wp\/v2\/media\/6472"}],"wp:attachment":[{"href":"https:\/\/beebipai.ee\/lt\/wp-json\/wp\/v2\/media?parent=6462"}],"wp:term":[{"taxonomy":"product_brand","embeddable":true,"href":"https:\/\/beebipai.ee\/lt\/wp-json\/wp\/v2\/product_brand?post=6462"},{"taxonomy":"product_cat","embeddable":true,"href":"https:\/\/beebipai.ee\/lt\/wp-json\/wp\/v2\/product_cat?post=6462"},{"taxonomy":"product_tag","embeddable":true,"href":"https:\/\/beebipai.ee\/lt\/wp-json\/wp\/v2\/product_tag?post=6462"}],"curies":[{"name":"wp","href":"https:\/\/api.w.org\/{rel}","templated":true}]}}