{"id":6188,"date":"2022-08-31T11:47:14","date_gmt":"2022-08-31T08:47:14","guid":{"rendered":"https:\/\/beebipai.ee\/?post_type=product&#038;p=6188"},"modified":"2022-12-10T10:14:44","modified_gmt":"2022-12-10T08:14:44","slug":"bambusest-sooginoude-komplekt","status":"publish","type":"product","link":"https:\/\/beebipai.ee\/lt\/product\/bambusest-sooginoude-komplekt\/","title":{"rendered":"Bambuko stalo \u012franki\u0173 rinkinys"},"content":{"rendered":"<div data-elementor-type=\"wp-post\" data-elementor-id=\"6188\" class=\"elementor elementor-6188\">\n\t\t\t\t\t\t<section class=\"elementor-section elementor-top-section elementor-element elementor-element-ed09707 elementor-section-boxed elementor-section-height-default elementor-section-height-default\" data-id=\"ed09707\" data-element_type=\"section\" data-e-type=\"section\">\n\t\t\t\t\t\t<div class=\"elementor-container elementor-column-gap-default\">\n\t\t\t\t\t<div class=\"elementor-column elementor-col-50 elementor-top-column elementor-element elementor-element-3be5c96\" data-id=\"3be5c96\" data-element_type=\"column\" data-e-type=\"column\">\n\t\t\t<div class=\"elementor-widget-wrap elementor-element-populated\">\n\t\t\t\t\t\t<div class=\"elementor-element elementor-element-41a2042 elementor-widget elementor-widget-heading\" data-id=\"41a2042\" data-element_type=\"widget\" data-e-type=\"widget\" data-widget_type=\"heading.default\">\n\t\t\t\t<div class=\"elementor-widget-container\">\n\t\t\t\t\t<h2 class=\"elementor-heading-title elementor-size-default\">Bambuko stalo \u012franki\u0173 rinkinys<\/h2>\t\t\t\t<\/div>\n\t\t\t\t<\/div>\n\t\t\t\t<div class=\"elementor-element elementor-element-712f84d elementor-widget elementor-widget-text-editor\" data-id=\"712f84d\" data-element_type=\"widget\" data-e-type=\"widget\" data-widget_type=\"text-editor.default\">\n\t\t\t\t<div class=\"elementor-widget-container\">\n\t\t\t\t\t\t\t\t\t<p>Bambuko ind\u0173 rinkinys pagamintas i\u0161 nat\u016bralaus, atsinaujinan\u010dio ir tvaraus bambuko pluo\u0161to. Labai tvirta ir patvari med\u017eiaga, kuri nel\u016b\u017eta nukritus, tod\u0117l k\u016bdiki\u0173 ir ma\u017eyli\u0173 maitinimas yra saugus. Bambuko indai yra be BPA, biologi\u0161kai skaid\u016bs ir nekenksmingi aplinkai.\u00a0<\/p><p>Bambukiniai indai lengvai valomi, tinka kasdieniam naudojimui. Indai turi pla\u010di\u0105 temperat\u016bros tolerancij\u0105, 0C-100C, tod\u0117l juos galima plauti ir indaplov\u0117je.<\/p>\t\t\t\t\t\t\t\t<\/div>\n\t\t\t\t<\/div>\n\t\t\t\t\t<\/div>\n\t\t<\/div>\n\t\t\t\t<div class=\"elementor-column elementor-col-50 elementor-top-column elementor-element elementor-element-7c7bb22\" data-id=\"7c7bb22\" data-element_type=\"column\" data-e-type=\"column\">\n\t\t\t<div class=\"elementor-widget-wrap elementor-element-populated\">\n\t\t\t\t\t\t<div class=\"elementor-element elementor-element-dfdfb10 elementor-widget elementor-widget-image\" data-id=\"dfdfb10\" data-element_type=\"widget\" data-e-type=\"widget\" data-widget_type=\"image.default\">\n\t\t\t\t<div class=\"elementor-widget-container\">\n\t\t\t\t\t\t\t\t\t\t\t\t\t\t\t<img fetchpriority=\"high\" decoding=\"async\" width=\"768\" height=\"480\" src=\"https:\/\/beebipai.ee\/wp-content\/uploads\/2022\/08\/sooginoude-komlekt4-768x480.jpeg\" class=\"attachment-medium_large size-medium_large wp-image-6200\" alt=\"\" srcset=\"https:\/\/beebipai.ee\/wp-content\/uploads\/2022\/08\/sooginoude-komlekt4-768x480.jpeg 768w, https:\/\/beebipai.ee\/wp-content\/uploads\/2022\/08\/sooginoude-komlekt4-e1661935907659-300x188.jpeg 300w, https:\/\/beebipai.ee\/wp-content\/uploads\/2022\/08\/sooginoude-komlekt4-1024x640.jpeg 1024w, https:\/\/beebipai.ee\/wp-content\/uploads\/2022\/08\/sooginoude-komlekt4-e1661935907659-18x12.jpeg 18w, https:\/\/beebipai.ee\/wp-content\/uploads\/2022\/08\/sooginoude-komlekt4-600x375.jpeg 600w, https:\/\/beebipai.ee\/wp-content\/uploads\/2022\/08\/sooginoude-komlekt4-e1661935907659.jpeg 400w\" sizes=\"(max-width: 768px) 100vw, 768px\" \/>\t\t\t\t\t\t\t\t\t\t\t\t\t\t\t<\/div>\n\t\t\t\t<\/div>\n\t\t\t\t\t<\/div>\n\t\t<\/div>\n\t\t\t\t\t<\/div>\n\t\t<\/section>\n\t\t\t\t<\/div>","protected":false},"excerpt":{"rendered":"<p>Bambuko stalo \u012franki\u0173 rinkinys yra nat\u016bralus, patvarus ir prakti\u0161kas kasdieniniam k\u016bdiki\u0173 ir ma\u017e\u0173 vaik\u0173 naudojimui.<\/p>","protected":false},"featured_media":6196,"template":"","meta":{"_monsterinsights_skip_tracking":false,"_monsterinsights_sitenote_active":false,"_monsterinsights_sitenote_note":"","_monsterinsights_sitenote_category":0,"site-sidebar-layout":"no-sidebar","site-content-layout":"page-builder","ast-site-content-layout":"default","site-content-style":"default","site-sidebar-style":"default","ast-global-header-display":"","ast-banner-title-visibility":"","ast-main-header-display":"","ast-hfb-above-header-display":"","ast-hfb-below-header-display":"","ast-hfb-mobile-header-display":"","site-post-title":"disabled","ast-breadcrumbs-content":"","ast-featured-img":"disabled","footer-sml-layout":"","ast-disable-related-posts":"","theme-transparent-header-meta":"default","adv-header-id-meta":"","stick-header-meta":"","header-above-stick-meta":"","header-main-stick-meta":"","header-below-stick-meta":"","astra-migrate-meta-layouts":"default","ast-page-background-enabled":"default","ast-page-background-meta":{"desktop":{"background-color":"","background-image":"","background-repeat":"repeat","background-position":"center center","background-size":"auto","background-attachment":"scroll","background-type":"","background-media":"","overlay-type":"","overlay-color":"","overlay-opacity":"","overlay-gradient":""},"tablet":{"background-color":"","background-image":"","background-repeat":"repeat","background-position":"center center","background-size":"auto","background-attachment":"scroll","background-type":"","background-media":"","overlay-type":"","overlay-color":"","overlay-opacity":"","overlay-gradient":""},"mobile":{"background-color":"","background-image":"","background-repeat":"repeat","background-position":"center center","background-size":"auto","background-attachment":"scroll","background-type":"","background-media":"","overlay-type":"","overlay-color":"","overlay-opacity":"","overlay-gradient":""}},"ast-content-background-meta":{"desktop":{"background-color":"var(--ast-global-color-5)","background-image":"","background-repeat":"repeat","background-position":"center center","background-size":"auto","background-attachment":"scroll","background-type":"","background-media":"","overlay-type":"","overlay-color":"","overlay-opacity":"","overlay-gradient":""},"tablet":{"background-color":"var(--ast-global-color-5)","background-image":"","background-repeat":"repeat","background-position":"center center","background-size":"auto","background-attachment":"scroll","background-type":"","background-media":"","overlay-type":"","overlay-color":"","overlay-opacity":"","overlay-gradient":""},"mobile":{"background-color":"var(--ast-global-color-5)","background-image":"","background-repeat":"repeat","background-position":"center center","background-size":"auto","background-attachment":"scroll","background-type":"","background-media":"","overlay-type":"","overlay-color":"","overlay-opacity":"","overlay-gradient":""}}},"product_brand":[],"product_cat":[23,147,144,143],"product_tag":[],"class_list":{"0":"post-6188","1":"product","2":"type-product","3":"status-publish","4":"has-post-thumbnail","6":"product_cat-beebile","7":"product_cat-kingiideed-beebile","8":"product_cat-soomistarbed","9":"product_cat-sootmiseks-soomiseks","10":"desktop-align-left","11":"tablet-align-left","12":"mobile-align-left","14":"first","15":"instock","16":"taxable","17":"shipping-taxable","18":"purchasable","19":"product-type-variable"},"yoast_head":"<!-- This site is optimized with the Yoast SEO plugin v27.4 - https:\/\/yoast.com\/product\/yoast-seo-wordpress\/ -->\n<title>Bambusest s\u00f6\u00f6gin\u00f5ude komplekt - Beebipai<\/title>\n<meta name=\"description\" content=\"Bambusest s\u00f6\u00f6gin\u00f5ude komplekt on naturaalne ja praktiline beebidele ja v\u00e4ikelastele. Vaata toodet bambusest s\u00f6\u00f6gin\u00f5ude komplekt!\" \/>\n<meta name=\"robots\" content=\"index, follow, max-snippet:-1, max-image-preview:large, max-video-preview:-1\" \/>\n<link rel=\"canonical\" href=\"https:\/\/beebipai.ee\/lt\/product\/bambusest-sooginoude-komplekt\/\" \/>\n<meta property=\"og:locale\" content=\"lt_LT\" \/>\n<meta property=\"og:type\" content=\"article\" \/>\n<meta property=\"og:title\" content=\"Bambusest s\u00f6\u00f6gin\u00f5ude komplekt - Beebipai\" \/>\n<meta property=\"og:description\" content=\"Bambusest s\u00f6\u00f6gin\u00f5ude komplekt on naturaalne ja praktiline beebidele ja v\u00e4ikelastele. Vaata toodet bambusest s\u00f6\u00f6gin\u00f5ude komplekt!\" \/>\n<meta property=\"og:url\" content=\"https:\/\/beebipai.ee\/lt\/product\/bambusest-sooginoude-komplekt\/\" \/>\n<meta property=\"og:site_name\" content=\"Beebipai\" \/>\n<meta property=\"article:modified_time\" content=\"2022-12-10T08:14:44+00:00\" \/>\n<meta property=\"og:image\" content=\"https:\/\/beebipai.ee\/wp-content\/uploads\/2022\/08\/Sooginoude-komplekt-munt-e1661935569542.jpeg\" \/>\n\t<meta property=\"og:image:width\" content=\"400\" \/>\n\t<meta property=\"og:image:height\" content=\"400\" \/>\n\t<meta property=\"og:image:type\" content=\"image\/jpeg\" \/>\n<meta name=\"twitter:card\" content=\"summary_large_image\" \/>\n<script type=\"application\/ld+json\" class=\"yoast-schema-graph\">{\"@context\":\"https:\\\/\\\/schema.org\",\"@graph\":[{\"@type\":\"WebPage\",\"@id\":\"https:\\\/\\\/beebipai.ee\\\/lt\\\/product\\\/bambusest-sooginoude-komplekt\\\/\",\"url\":\"https:\\\/\\\/beebipai.ee\\\/lt\\\/product\\\/bambusest-sooginoude-komplekt\\\/\",\"name\":\"Bambusest s\u00f6\u00f6gin\u00f5ude komplekt - Beebipai\",\"isPartOf\":{\"@id\":\"https:\\\/\\\/beebipai.ee\\\/en\\\/#website\"},\"primaryImageOfPage\":{\"@id\":\"https:\\\/\\\/beebipai.ee\\\/lt\\\/product\\\/bambusest-sooginoude-komplekt\\\/#primaryimage\"},\"image\":{\"@id\":\"https:\\\/\\\/beebipai.ee\\\/lt\\\/product\\\/bambusest-sooginoude-komplekt\\\/#primaryimage\"},\"thumbnailUrl\":\"https:\\\/\\\/beebipai.ee\\\/wp-content\\\/uploads\\\/2022\\\/08\\\/Sooginoude-komplekt-munt-e1661935569542.jpeg\",\"datePublished\":\"2022-08-31T08:47:14+00:00\",\"dateModified\":\"2022-12-10T08:14:44+00:00\",\"description\":\"Bambusest s\u00f6\u00f6gin\u00f5ude komplekt on naturaalne ja praktiline beebidele ja v\u00e4ikelastele. Vaata toodet bambusest s\u00f6\u00f6gin\u00f5ude komplekt!\",\"breadcrumb\":{\"@id\":\"https:\\\/\\\/beebipai.ee\\\/lt\\\/product\\\/bambusest-sooginoude-komplekt\\\/#breadcrumb\"},\"inLanguage\":\"lt-LT\",\"potentialAction\":[{\"@type\":\"ReadAction\",\"target\":[\"https:\\\/\\\/beebipai.ee\\\/lt\\\/product\\\/bambusest-sooginoude-komplekt\\\/\"]}]},{\"@type\":\"ImageObject\",\"inLanguage\":\"lt-LT\",\"@id\":\"https:\\\/\\\/beebipai.ee\\\/lt\\\/product\\\/bambusest-sooginoude-komplekt\\\/#primaryimage\",\"url\":\"https:\\\/\\\/beebipai.ee\\\/wp-content\\\/uploads\\\/2022\\\/08\\\/Sooginoude-komplekt-munt-e1661935569542.jpeg\",\"contentUrl\":\"https:\\\/\\\/beebipai.ee\\\/wp-content\\\/uploads\\\/2022\\\/08\\\/Sooginoude-komplekt-munt-e1661935569542.jpeg\",\"width\":400,\"height\":400},{\"@type\":\"BreadcrumbList\",\"@id\":\"https:\\\/\\\/beebipai.ee\\\/lt\\\/product\\\/bambusest-sooginoude-komplekt\\\/#breadcrumb\",\"itemListElement\":[{\"@type\":\"ListItem\",\"position\":1,\"name\":\"Home\",\"item\":\"https:\\\/\\\/beebipai.ee\\\/\"},{\"@type\":\"ListItem\",\"position\":2,\"name\":\"Pood\",\"item\":\"https:\\\/\\\/beebipai.ee\\\/store\\\/\"},{\"@type\":\"ListItem\",\"position\":3,\"name\":\"Bambusest s\u00f6\u00f6gin\u00f5ude komplekt\"}]},{\"@type\":\"WebSite\",\"@id\":\"https:\\\/\\\/beebipai.ee\\\/en\\\/#website\",\"url\":\"https:\\\/\\\/beebipai.ee\\\/en\\\/\",\"name\":\"Beebipai\",\"description\":\"Rasedate ja beebide veebipood\",\"potentialAction\":[{\"@type\":\"SearchAction\",\"target\":{\"@type\":\"EntryPoint\",\"urlTemplate\":\"https:\\\/\\\/beebipai.ee\\\/en\\\/?s={search_term_string}\"},\"query-input\":{\"@type\":\"PropertyValueSpecification\",\"valueRequired\":true,\"valueName\":\"search_term_string\"}}],\"inLanguage\":\"lt-LT\"}]}<\/script>\n<!-- \/ Yoast SEO plugin. -->","yoast_head_json":{"title":"Bambusest s\u00f6\u00f6gin\u00f5ude komplekt - Beebipai","description":"Bambusest s\u00f6\u00f6gin\u00f5ude komplekt on naturaalne ja praktiline beebidele ja v\u00e4ikelastele. Vaata toodet bambusest s\u00f6\u00f6gin\u00f5ude komplekt!","robots":{"index":"index","follow":"follow","max-snippet":"max-snippet:-1","max-image-preview":"max-image-preview:large","max-video-preview":"max-video-preview:-1"},"canonical":"https:\/\/beebipai.ee\/lt\/product\/bambusest-sooginoude-komplekt\/","og_locale":"lt_LT","og_type":"article","og_title":"Bambusest s\u00f6\u00f6gin\u00f5ude komplekt - Beebipai","og_description":"Bambusest s\u00f6\u00f6gin\u00f5ude komplekt on naturaalne ja praktiline beebidele ja v\u00e4ikelastele. Vaata toodet bambusest s\u00f6\u00f6gin\u00f5ude komplekt!","og_url":"https:\/\/beebipai.ee\/lt\/product\/bambusest-sooginoude-komplekt\/","og_site_name":"Beebipai","article_modified_time":"2022-12-10T08:14:44+00:00","og_image":[{"width":400,"height":400,"url":"https:\/\/beebipai.ee\/wp-content\/uploads\/2022\/08\/Sooginoude-komplekt-munt-e1661935569542.jpeg","type":"image\/jpeg"}],"twitter_card":"summary_large_image","schema":{"@context":"https:\/\/schema.org","@graph":[{"@type":"WebPage","@id":"https:\/\/beebipai.ee\/lt\/product\/bambusest-sooginoude-komplekt\/","url":"https:\/\/beebipai.ee\/lt\/product\/bambusest-sooginoude-komplekt\/","name":"Bambusest s\u00f6\u00f6gin\u00f5ude komplekt - Beebipai","isPartOf":{"@id":"https:\/\/beebipai.ee\/en\/#website"},"primaryImageOfPage":{"@id":"https:\/\/beebipai.ee\/lt\/product\/bambusest-sooginoude-komplekt\/#primaryimage"},"image":{"@id":"https:\/\/beebipai.ee\/lt\/product\/bambusest-sooginoude-komplekt\/#primaryimage"},"thumbnailUrl":"https:\/\/beebipai.ee\/wp-content\/uploads\/2022\/08\/Sooginoude-komplekt-munt-e1661935569542.jpeg","datePublished":"2022-08-31T08:47:14+00:00","dateModified":"2022-12-10T08:14:44+00:00","description":"Bambusest s\u00f6\u00f6gin\u00f5ude komplekt on naturaalne ja praktiline beebidele ja v\u00e4ikelastele. Vaata toodet bambusest s\u00f6\u00f6gin\u00f5ude komplekt!","breadcrumb":{"@id":"https:\/\/beebipai.ee\/lt\/product\/bambusest-sooginoude-komplekt\/#breadcrumb"},"inLanguage":"lt-LT","potentialAction":[{"@type":"ReadAction","target":["https:\/\/beebipai.ee\/lt\/product\/bambusest-sooginoude-komplekt\/"]}]},{"@type":"ImageObject","inLanguage":"lt-LT","@id":"https:\/\/beebipai.ee\/lt\/product\/bambusest-sooginoude-komplekt\/#primaryimage","url":"https:\/\/beebipai.ee\/wp-content\/uploads\/2022\/08\/Sooginoude-komplekt-munt-e1661935569542.jpeg","contentUrl":"https:\/\/beebipai.ee\/wp-content\/uploads\/2022\/08\/Sooginoude-komplekt-munt-e1661935569542.jpeg","width":400,"height":400},{"@type":"BreadcrumbList","@id":"https:\/\/beebipai.ee\/lt\/product\/bambusest-sooginoude-komplekt\/#breadcrumb","itemListElement":[{"@type":"ListItem","position":1,"name":"Home","item":"https:\/\/beebipai.ee\/"},{"@type":"ListItem","position":2,"name":"Pood","item":"https:\/\/beebipai.ee\/store\/"},{"@type":"ListItem","position":3,"name":"Bambusest s\u00f6\u00f6gin\u00f5ude komplekt"}]},{"@type":"WebSite","@id":"https:\/\/beebipai.ee\/en\/#website","url":"https:\/\/beebipai.ee\/en\/","name":"Beebipai","description":"Rasedate ja beebide veebipood","potentialAction":[{"@type":"SearchAction","target":{"@type":"EntryPoint","urlTemplate":"https:\/\/beebipai.ee\/en\/?s={search_term_string}"},"query-input":{"@type":"PropertyValueSpecification","valueRequired":true,"valueName":"search_term_string"}}],"inLanguage":"lt-LT"}]}},"_links":{"self":[{"href":"https:\/\/beebipai.ee\/lt\/wp-json\/wp\/v2\/product\/6188","targetHints":{"allow":["GET"]}}],"collection":[{"href":"https:\/\/beebipai.ee\/lt\/wp-json\/wp\/v2\/product"}],"about":[{"href":"https:\/\/beebipai.ee\/lt\/wp-json\/wp\/v2\/types\/product"}],"version-history":[{"count":5,"href":"https:\/\/beebipai.ee\/lt\/wp-json\/wp\/v2\/product\/6188\/revisions"}],"predecessor-version":[{"id":7362,"href":"https:\/\/beebipai.ee\/lt\/wp-json\/wp\/v2\/product\/6188\/revisions\/7362"}],"wp:featuredmedia":[{"embeddable":true,"href":"https:\/\/beebipai.ee\/lt\/wp-json\/wp\/v2\/media\/6196"}],"wp:attachment":[{"href":"https:\/\/beebipai.ee\/lt\/wp-json\/wp\/v2\/media?parent=6188"}],"wp:term":[{"taxonomy":"product_brand","embeddable":true,"href":"https:\/\/beebipai.ee\/lt\/wp-json\/wp\/v2\/product_brand?post=6188"},{"taxonomy":"product_cat","embeddable":true,"href":"https:\/\/beebipai.ee\/lt\/wp-json\/wp\/v2\/product_cat?post=6188"},{"taxonomy":"product_tag","embeddable":true,"href":"https:\/\/beebipai.ee\/lt\/wp-json\/wp\/v2\/product_tag?post=6188"}],"curies":[{"name":"wp","href":"https:\/\/api.w.org\/{rel}","templated":true}]}}