{"id":6067,"date":"2022-08-23T15:49:11","date_gmt":"2022-08-23T12:49:11","guid":{"rendered":"https:\/\/beebipai.ee\/?post_type=product&#038;p=6067"},"modified":"2025-10-06T10:48:16","modified_gmt":"2025-10-06T07:48:16","slug":"kikkaboo-elektriline-rinnapump-leia-plus","status":"publish","type":"product","link":"https:\/\/beebipai.ee\/lt\/product\/kikkaboo-elektriline-rinnapump-leia-plus\/","title":{"rendered":"Kikkaboo belaidis elektrinis pientraukis Leia Plus"},"content":{"rendered":"<div data-elementor-type=\"wp-post\" data-elementor-id=\"6067\" class=\"elementor elementor-6067\">\n\t\t\t\t\t\t<section class=\"elementor-section elementor-top-section elementor-element elementor-element-fad507f elementor-section-boxed elementor-section-height-default elementor-section-height-default\" data-id=\"fad507f\" data-element_type=\"section\" data-e-type=\"section\">\n\t\t\t\t\t\t<div class=\"elementor-container elementor-column-gap-default\">\n\t\t\t\t\t<div class=\"elementor-column elementor-col-50 elementor-top-column elementor-element elementor-element-59e1e3f\" data-id=\"59e1e3f\" data-element_type=\"column\" data-e-type=\"column\">\n\t\t\t<div class=\"elementor-widget-wrap elementor-element-populated\">\n\t\t\t\t\t\t<div class=\"elementor-element elementor-element-a8fe307 elementor-widget elementor-widget-heading\" data-id=\"a8fe307\" data-element_type=\"widget\" data-e-type=\"widget\" data-widget_type=\"heading.default\">\n\t\t\t\t<div class=\"elementor-widget-container\">\n\t\t\t\t\t<h2 class=\"elementor-heading-title elementor-size-default\">Elektrinis pientraukis Leia Plus<\/h2>\t\t\t\t<\/div>\n\t\t\t\t<\/div>\n\t\t\t\t<div class=\"elementor-element elementor-element-4f778bf elementor-widget elementor-widget-text-editor\" data-id=\"4f778bf\" data-element_type=\"widget\" data-e-type=\"widget\" data-widget_type=\"text-editor.default\">\n\t\t\t\t<div class=\"elementor-widget-container\">\n\t\t\t\t\t\t\t\t\t<p>Elektrinis pientraukis Leia Plus yra kompakti\u0161kas, funkcionalus, efektyvus ir itin paprastas naudoti. Leia Plus pientraukis turi tris atskirus re\u017eimus, LED jutiklin\u012f ekran\u0105, naktin\u012f ap\u0161vietim\u0105, atminties funkcij\u0105 ir nulin\u0119 atgalinio srauto sistem\u0105.<\/p><p>Trys pientraukio funkcijos \u2013 masa\u017eas, siurbimas ir bionin\u0117 funkcija \u2013 imituoja k\u016bdikio maitinim\u0105 kr\u016btimi. Galima rinktis i\u0161 9 skirting\u0173 siurbimo stiprum\u0173. Atminties funkcija leid\u017eia naudoti jau pa\u017e\u012fstam\u0105 ir tinkam\u0105 re\u017eim\u0105. LED ap\u0161vietimas leid\u017eia patogiai naudoti siurbl\u012f bet kuriuo metu, net ir nakt\u012f. Yra atskira naktin\u0117 lemput\u0117. Siurblys turi universal\u0173 mink\u0161t\u0105 silikonin\u012f piltuv\u0117l\u012f, kurio dydis 88\/24mm. Atbulin\u0117s eigos sistema u\u017etikrina higieni\u0161k\u0105 ir teising\u0105 kr\u016bties siurbim\u0105, kai pienas negr\u012f\u017eta \u012f sistem\u0105 net pakreipiant buteliuk\u0105. Surinkimo buteliuko t\u016bris yra 150 ml, tod\u0117l galima i\u0161pumpuoti didesn\u012f pieno kiek\u012f jo nei\u0161tu\u0161tinant. Yra buteliuko antgalis su \u010diulptuku, kad k\u016bdikis b\u016bt\u0173 nedelsiant maitinamas.\u00a0<\/p><p>Pientraukis veikia su li\u010dio baterija. Jame n\u0117ra BPA, tod\u0117l tai yra saugus ir sveikas pasirinkimas maitinan\u010dioms motinoms ir k\u016bdikiams.\u00a0<\/p>\t\t\t\t\t\t\t\t<\/div>\n\t\t\t\t<\/div>\n\t\t\t\t\t<\/div>\n\t\t<\/div>\n\t\t\t\t<div class=\"elementor-column elementor-col-50 elementor-top-column elementor-element elementor-element-0405777\" data-id=\"0405777\" data-element_type=\"column\" data-e-type=\"column\">\n\t\t\t<div class=\"elementor-widget-wrap elementor-element-populated\">\n\t\t\t\t\t\t<div class=\"elementor-element elementor-element-24f144c elementor-widget elementor-widget-image\" data-id=\"24f144c\" data-element_type=\"widget\" data-e-type=\"widget\" data-widget_type=\"image.default\">\n\t\t\t\t<div class=\"elementor-widget-container\">\n\t\t\t\t\t\t\t\t\t\t\t\t\t\t\t<img fetchpriority=\"high\" decoding=\"async\" width=\"819\" height=\"1024\" src=\"https:\/\/beebipai.ee\/wp-content\/uploads\/2022\/08\/Elektriline-rinnapump-Leia-Plus3-819x1024.jpeg\" class=\"attachment-large size-large wp-image-6074\" alt=\"\" srcset=\"https:\/\/beebipai.ee\/wp-content\/uploads\/2022\/08\/Elektriline-rinnapump-Leia-Plus3-819x1024.jpeg 819w, https:\/\/beebipai.ee\/wp-content\/uploads\/2022\/08\/Elektriline-rinnapump-Leia-Plus3-e1661258517701-240x300.jpeg 240w, https:\/\/beebipai.ee\/wp-content\/uploads\/2022\/08\/Elektriline-rinnapump-Leia-Plus3-768x960.jpeg 768w, https:\/\/beebipai.ee\/wp-content\/uploads\/2022\/08\/Elektriline-rinnapump-Leia-Plus3-e1661258517701-10x12.jpeg 10w, https:\/\/beebipai.ee\/wp-content\/uploads\/2022\/08\/Elektriline-rinnapump-Leia-Plus3-600x750.jpeg 600w, https:\/\/beebipai.ee\/wp-content\/uploads\/2022\/08\/Elektriline-rinnapump-Leia-Plus3-e1661258517701.jpeg 400w\" sizes=\"(max-width: 819px) 100vw, 819px\" \/>\t\t\t\t\t\t\t\t\t\t\t\t\t\t\t<\/div>\n\t\t\t\t<\/div>\n\t\t\t\t\t<\/div>\n\t\t<\/div>\n\t\t\t\t\t<\/div>\n\t\t<\/section>\n\t\t\t\t<\/div>","protected":false},"excerpt":{"rendered":"<p>Kikkaboo elektrinis integruotas pientraukis Leia Plus yra itin patogus ir prakti\u0161kas pagalbininkas kiekvienai kr\u016btimi maitinan\u010diai moteriai. Elektrinis pientraukis su keliomis funkcijomis imituoja k\u016bdikio maitinim\u0105 kr\u016btimi, tod\u0117l kr\u016bties stimuliavimas yra ypa\u010d efektyvus.<\/p>","protected":false},"featured_media":6072,"template":"","meta":{"_monsterinsights_skip_tracking":false,"_monsterinsights_sitenote_active":false,"_monsterinsights_sitenote_note":"","_monsterinsights_sitenote_category":0,"site-sidebar-layout":"no-sidebar","site-content-layout":"page-builder","ast-site-content-layout":"full-width-container","site-content-style":"unboxed","site-sidebar-style":"unboxed","ast-global-header-display":"","ast-banner-title-visibility":"","ast-main-header-display":"","ast-hfb-above-header-display":"","ast-hfb-below-header-display":"","ast-hfb-mobile-header-display":"","site-post-title":"disabled","ast-breadcrumbs-content":"","ast-featured-img":"disabled","footer-sml-layout":"","ast-disable-related-posts":"","theme-transparent-header-meta":"default","adv-header-id-meta":"","stick-header-meta":"","header-above-stick-meta":"","header-main-stick-meta":"","header-below-stick-meta":"","astra-migrate-meta-layouts":"set","ast-page-background-enabled":"default","ast-page-background-meta":{"desktop":{"background-color":"","background-image":"","background-repeat":"repeat","background-position":"center center","background-size":"auto","background-attachment":"scroll","background-type":"","background-media":"","overlay-type":"","overlay-color":"","overlay-opacity":"","overlay-gradient":""},"tablet":{"background-color":"","background-image":"","background-repeat":"repeat","background-position":"center center","background-size":"auto","background-attachment":"scroll","background-type":"","background-media":"","overlay-type":"","overlay-color":"","overlay-opacity":"","overlay-gradient":""},"mobile":{"background-color":"","background-image":"","background-repeat":"repeat","background-position":"center center","background-size":"auto","background-attachment":"scroll","background-type":"","background-media":"","overlay-type":"","overlay-color":"","overlay-opacity":"","overlay-gradient":""}},"ast-content-background-meta":{"desktop":{"background-color":"var(--ast-global-color-5)","background-image":"","background-repeat":"repeat","background-position":"center center","background-size":"auto","background-attachment":"scroll","background-type":"","background-media":"","overlay-type":"","overlay-color":"","overlay-opacity":"","overlay-gradient":""},"tablet":{"background-color":"var(--ast-global-color-5)","background-image":"","background-repeat":"repeat","background-position":"center center","background-size":"auto","background-attachment":"scroll","background-type":"","background-media":"","overlay-type":"","overlay-color":"","overlay-opacity":"","overlay-gradient":""},"mobile":{"background-color":"var(--ast-global-color-5)","background-image":"","background-repeat":"repeat","background-position":"center center","background-size":"auto","background-attachment":"scroll","background-type":"","background-media":"","overlay-type":"","overlay-color":"","overlay-opacity":"","overlay-gradient":""}}},"product_brand":[],"product_cat":[22,148,103],"product_tag":[],"class_list":{"0":"post-6067","1":"product","2":"type-product","3":"status-publish","4":"has-post-thumbnail","6":"product_cat-emale","7":"product_cat-kingiideed-emale","8":"product_cat-imetamine","9":"desktop-align-left","10":"tablet-align-left","11":"mobile-align-left","13":"first","14":"instock","15":"sale","16":"taxable","17":"shipping-taxable","18":"purchasable","19":"product-type-simple"},"yoast_head":"<!-- This site is optimized with the Yoast SEO plugin v27.4 - https:\/\/yoast.com\/product\/yoast-seo-wordpress\/ -->\n<title>Kikkaboo juhtmevaba elektriline rinnapump Leia Plus - Beebipai<\/title>\n<meta name=\"description\" content=\"Kikkaboo elektriline rinnapump Leia Plus on mugav ja t\u00f5hus abimees rinnaga toitvale emale. Vaata toodet Kikkaboo elektriline rinnapump Leia Plus!\" \/>\n<meta name=\"robots\" content=\"index, follow, max-snippet:-1, max-image-preview:large, max-video-preview:-1\" \/>\n<link rel=\"canonical\" href=\"https:\/\/beebipai.ee\/lt\/product\/kikkaboo-elektriline-rinnapump-leia-plus\/\" \/>\n<meta property=\"og:locale\" content=\"lt_LT\" \/>\n<meta property=\"og:type\" content=\"article\" \/>\n<meta property=\"og:title\" content=\"Kikkaboo juhtmevaba elektriline rinnapump Leia Plus - Beebipai\" \/>\n<meta property=\"og:description\" content=\"Kikkaboo elektriline rinnapump Leia Plus on mugav ja t\u00f5hus abimees rinnaga toitvale emale. Vaata toodet Kikkaboo elektriline rinnapump Leia Plus!\" \/>\n<meta property=\"og:url\" content=\"https:\/\/beebipai.ee\/lt\/product\/kikkaboo-elektriline-rinnapump-leia-plus\/\" \/>\n<meta property=\"og:site_name\" content=\"Beebipai\" \/>\n<meta property=\"article:modified_time\" content=\"2025-10-06T07:48:16+00:00\" \/>\n<meta property=\"og:image\" content=\"https:\/\/beebipai.ee\/wp-content\/uploads\/2022\/08\/Elektriline-rinnapump-Leia-Plus1-e1661258544981.jpeg\" \/>\n\t<meta property=\"og:image:width\" content=\"400\" \/>\n\t<meta property=\"og:image:height\" content=\"500\" \/>\n\t<meta property=\"og:image:type\" content=\"image\/jpeg\" \/>\n<meta name=\"twitter:card\" content=\"summary_large_image\" \/>\n<meta name=\"twitter:label1\" content=\"Est. reading time\" \/>\n\t<meta name=\"twitter:data1\" content=\"1 minut\u0117\" \/>\n<script type=\"application\/ld+json\" class=\"yoast-schema-graph\">{\"@context\":\"https:\\\/\\\/schema.org\",\"@graph\":[{\"@type\":\"WebPage\",\"@id\":\"https:\\\/\\\/beebipai.ee\\\/product\\\/kikkaboo-elektriline-rinnapump-leia-plus\\\/\",\"url\":\"https:\\\/\\\/beebipai.ee\\\/product\\\/kikkaboo-elektriline-rinnapump-leia-plus\\\/\",\"name\":\"Kikkaboo juhtmevaba elektriline rinnapump Leia Plus - Beebipai\",\"isPartOf\":{\"@id\":\"https:\\\/\\\/beebipai.ee\\\/en\\\/#website\"},\"primaryImageOfPage\":{\"@id\":\"https:\\\/\\\/beebipai.ee\\\/product\\\/kikkaboo-elektriline-rinnapump-leia-plus\\\/#primaryimage\"},\"image\":{\"@id\":\"https:\\\/\\\/beebipai.ee\\\/product\\\/kikkaboo-elektriline-rinnapump-leia-plus\\\/#primaryimage\"},\"thumbnailUrl\":\"https:\\\/\\\/beebipai.ee\\\/wp-content\\\/uploads\\\/2022\\\/08\\\/Elektriline-rinnapump-Leia-Plus1-e1661258544981.jpeg\",\"datePublished\":\"2022-08-23T12:49:11+00:00\",\"dateModified\":\"2025-10-06T07:48:16+00:00\",\"description\":\"Kikkaboo elektriline rinnapump Leia Plus on mugav ja t\u00f5hus abimees rinnaga toitvale emale. Vaata toodet Kikkaboo elektriline rinnapump Leia Plus!\",\"breadcrumb\":{\"@id\":\"https:\\\/\\\/beebipai.ee\\\/product\\\/kikkaboo-elektriline-rinnapump-leia-plus\\\/#breadcrumb\"},\"inLanguage\":\"lt-LT\",\"potentialAction\":[{\"@type\":\"ReadAction\",\"target\":[\"https:\\\/\\\/beebipai.ee\\\/product\\\/kikkaboo-elektriline-rinnapump-leia-plus\\\/\"]}]},{\"@type\":\"ImageObject\",\"inLanguage\":\"lt-LT\",\"@id\":\"https:\\\/\\\/beebipai.ee\\\/product\\\/kikkaboo-elektriline-rinnapump-leia-plus\\\/#primaryimage\",\"url\":\"https:\\\/\\\/beebipai.ee\\\/wp-content\\\/uploads\\\/2022\\\/08\\\/Elektriline-rinnapump-Leia-Plus1-e1661258544981.jpeg\",\"contentUrl\":\"https:\\\/\\\/beebipai.ee\\\/wp-content\\\/uploads\\\/2022\\\/08\\\/Elektriline-rinnapump-Leia-Plus1-e1661258544981.jpeg\",\"width\":400,\"height\":500},{\"@type\":\"BreadcrumbList\",\"@id\":\"https:\\\/\\\/beebipai.ee\\\/product\\\/kikkaboo-elektriline-rinnapump-leia-plus\\\/#breadcrumb\",\"itemListElement\":[{\"@type\":\"ListItem\",\"position\":1,\"name\":\"Home\",\"item\":\"https:\\\/\\\/beebipai.ee\\\/\"},{\"@type\":\"ListItem\",\"position\":2,\"name\":\"Pood\",\"item\":\"https:\\\/\\\/beebipai.ee\\\/store\\\/\"},{\"@type\":\"ListItem\",\"position\":3,\"name\":\"Kikkaboo juhtmevaba elektriline rinnapump Leia Plus\"}]},{\"@type\":\"WebSite\",\"@id\":\"https:\\\/\\\/beebipai.ee\\\/en\\\/#website\",\"url\":\"https:\\\/\\\/beebipai.ee\\\/en\\\/\",\"name\":\"Beebipai\",\"description\":\"Rasedate ja beebide veebipood\",\"potentialAction\":[{\"@type\":\"SearchAction\",\"target\":{\"@type\":\"EntryPoint\",\"urlTemplate\":\"https:\\\/\\\/beebipai.ee\\\/en\\\/?s={search_term_string}\"},\"query-input\":{\"@type\":\"PropertyValueSpecification\",\"valueRequired\":true,\"valueName\":\"search_term_string\"}}],\"inLanguage\":\"lt-LT\"}]}<\/script>\n<!-- \/ Yoast SEO plugin. -->","yoast_head_json":{"title":"Kikkaboo juhtmevaba elektriline rinnapump Leia Plus - Beebipai","description":"Kikkaboo elektriline rinnapump Leia Plus on mugav ja t\u00f5hus abimees rinnaga toitvale emale. Vaata toodet Kikkaboo elektriline rinnapump Leia Plus!","robots":{"index":"index","follow":"follow","max-snippet":"max-snippet:-1","max-image-preview":"max-image-preview:large","max-video-preview":"max-video-preview:-1"},"canonical":"https:\/\/beebipai.ee\/lt\/product\/kikkaboo-elektriline-rinnapump-leia-plus\/","og_locale":"lt_LT","og_type":"article","og_title":"Kikkaboo juhtmevaba elektriline rinnapump Leia Plus - Beebipai","og_description":"Kikkaboo elektriline rinnapump Leia Plus on mugav ja t\u00f5hus abimees rinnaga toitvale emale. Vaata toodet Kikkaboo elektriline rinnapump Leia Plus!","og_url":"https:\/\/beebipai.ee\/lt\/product\/kikkaboo-elektriline-rinnapump-leia-plus\/","og_site_name":"Beebipai","article_modified_time":"2025-10-06T07:48:16+00:00","og_image":[{"width":400,"height":500,"url":"https:\/\/beebipai.ee\/wp-content\/uploads\/2022\/08\/Elektriline-rinnapump-Leia-Plus1-e1661258544981.jpeg","type":"image\/jpeg"}],"twitter_card":"summary_large_image","twitter_misc":{"Est. reading time":"1 minut\u0117"},"schema":{"@context":"https:\/\/schema.org","@graph":[{"@type":"WebPage","@id":"https:\/\/beebipai.ee\/product\/kikkaboo-elektriline-rinnapump-leia-plus\/","url":"https:\/\/beebipai.ee\/product\/kikkaboo-elektriline-rinnapump-leia-plus\/","name":"Kikkaboo juhtmevaba elektriline rinnapump Leia Plus - Beebipai","isPartOf":{"@id":"https:\/\/beebipai.ee\/en\/#website"},"primaryImageOfPage":{"@id":"https:\/\/beebipai.ee\/product\/kikkaboo-elektriline-rinnapump-leia-plus\/#primaryimage"},"image":{"@id":"https:\/\/beebipai.ee\/product\/kikkaboo-elektriline-rinnapump-leia-plus\/#primaryimage"},"thumbnailUrl":"https:\/\/beebipai.ee\/wp-content\/uploads\/2022\/08\/Elektriline-rinnapump-Leia-Plus1-e1661258544981.jpeg","datePublished":"2022-08-23T12:49:11+00:00","dateModified":"2025-10-06T07:48:16+00:00","description":"Kikkaboo elektriline rinnapump Leia Plus on mugav ja t\u00f5hus abimees rinnaga toitvale emale. Vaata toodet Kikkaboo elektriline rinnapump Leia Plus!","breadcrumb":{"@id":"https:\/\/beebipai.ee\/product\/kikkaboo-elektriline-rinnapump-leia-plus\/#breadcrumb"},"inLanguage":"lt-LT","potentialAction":[{"@type":"ReadAction","target":["https:\/\/beebipai.ee\/product\/kikkaboo-elektriline-rinnapump-leia-plus\/"]}]},{"@type":"ImageObject","inLanguage":"lt-LT","@id":"https:\/\/beebipai.ee\/product\/kikkaboo-elektriline-rinnapump-leia-plus\/#primaryimage","url":"https:\/\/beebipai.ee\/wp-content\/uploads\/2022\/08\/Elektriline-rinnapump-Leia-Plus1-e1661258544981.jpeg","contentUrl":"https:\/\/beebipai.ee\/wp-content\/uploads\/2022\/08\/Elektriline-rinnapump-Leia-Plus1-e1661258544981.jpeg","width":400,"height":500},{"@type":"BreadcrumbList","@id":"https:\/\/beebipai.ee\/product\/kikkaboo-elektriline-rinnapump-leia-plus\/#breadcrumb","itemListElement":[{"@type":"ListItem","position":1,"name":"Home","item":"https:\/\/beebipai.ee\/"},{"@type":"ListItem","position":2,"name":"Pood","item":"https:\/\/beebipai.ee\/store\/"},{"@type":"ListItem","position":3,"name":"Kikkaboo juhtmevaba elektriline rinnapump Leia Plus"}]},{"@type":"WebSite","@id":"https:\/\/beebipai.ee\/en\/#website","url":"https:\/\/beebipai.ee\/en\/","name":"Beebipai","description":"Rasedate ja beebide veebipood","potentialAction":[{"@type":"SearchAction","target":{"@type":"EntryPoint","urlTemplate":"https:\/\/beebipai.ee\/en\/?s={search_term_string}"},"query-input":{"@type":"PropertyValueSpecification","valueRequired":true,"valueName":"search_term_string"}}],"inLanguage":"lt-LT"}]}},"_links":{"self":[{"href":"https:\/\/beebipai.ee\/lt\/wp-json\/wp\/v2\/product\/6067","targetHints":{"allow":["GET"]}}],"collection":[{"href":"https:\/\/beebipai.ee\/lt\/wp-json\/wp\/v2\/product"}],"about":[{"href":"https:\/\/beebipai.ee\/lt\/wp-json\/wp\/v2\/types\/product"}],"version-history":[{"count":5,"href":"https:\/\/beebipai.ee\/lt\/wp-json\/wp\/v2\/product\/6067\/revisions"}],"predecessor-version":[{"id":9377,"href":"https:\/\/beebipai.ee\/lt\/wp-json\/wp\/v2\/product\/6067\/revisions\/9377"}],"wp:featuredmedia":[{"embeddable":true,"href":"https:\/\/beebipai.ee\/lt\/wp-json\/wp\/v2\/media\/6072"}],"wp:attachment":[{"href":"https:\/\/beebipai.ee\/lt\/wp-json\/wp\/v2\/media?parent=6067"}],"wp:term":[{"taxonomy":"product_brand","embeddable":true,"href":"https:\/\/beebipai.ee\/lt\/wp-json\/wp\/v2\/product_brand?post=6067"},{"taxonomy":"product_cat","embeddable":true,"href":"https:\/\/beebipai.ee\/lt\/wp-json\/wp\/v2\/product_cat?post=6067"},{"taxonomy":"product_tag","embeddable":true,"href":"https:\/\/beebipai.ee\/lt\/wp-json\/wp\/v2\/product_tag?post=6067"}],"curies":[{"name":"wp","href":"https:\/\/api.w.org\/{rel}","templated":true}]}}