{"id":5902,"date":"2022-08-19T15:12:53","date_gmt":"2022-08-19T12:12:53","guid":{"rendered":"https:\/\/beebipai.ee\/?post_type=product&#038;p=5902"},"modified":"2022-12-10T10:13:41","modified_gmt":"2022-12-10T08:13:41","slug":"neobulle-orgaanilisest-puuvillast-kandelina-3kg-18kg","status":"publish","type":"product","link":"https:\/\/beebipai.ee\/lt\/product\/neobulle-orgaanilisest-puuvillast-kandelina-3kg-18kg\/","title":{"rendered":"Neobulle orgaanilisest puuvillast kandelina 3kg-18kg"},"content":{"rendered":"<div data-elementor-type=\"wp-post\" data-elementor-id=\"5902\" class=\"elementor elementor-5902\">\n\t\t\t\t\t\t<section class=\"elementor-section elementor-top-section elementor-element elementor-element-9a2754c elementor-section-boxed elementor-section-height-default elementor-section-height-default\" data-id=\"9a2754c\" data-element_type=\"section\" data-e-type=\"section\">\n\t\t\t\t\t\t<div class=\"elementor-container elementor-column-gap-default\">\n\t\t\t\t\t<div class=\"elementor-column elementor-col-50 elementor-top-column elementor-element elementor-element-7d7c13d\" data-id=\"7d7c13d\" data-element_type=\"column\" data-e-type=\"column\">\n\t\t\t<div class=\"elementor-widget-wrap elementor-element-populated\">\n\t\t\t\t\t\t<div class=\"elementor-element elementor-element-9a27185 elementor-widget elementor-widget-heading\" data-id=\"9a27185\" data-element_type=\"widget\" data-e-type=\"widget\" data-widget_type=\"heading.default\">\n\t\t\t\t<div class=\"elementor-widget-container\">\n\t\t\t\t\t<h2 class=\"elementor-heading-title elementor-size-default\">Neobulle orgaanilisest puuvillast kandelina<\/h2>\t\t\t\t<\/div>\n\t\t\t\t<\/div>\n\t\t\t\t<div class=\"elementor-element elementor-element-128066c elementor-widget elementor-widget-text-editor\" data-id=\"128066c\" data-element_type=\"widget\" data-e-type=\"widget\" data-widget_type=\"text-editor.default\">\n\t\t\t\t<div class=\"elementor-widget-container\">\n\t\t\t\t\t\t\t\t\t<p>Kandelina on ideaalne v\u00f5imalus lapse kandmiseks ja hoidmiseks enda l\u00e4hedal. Kandelina toetab lapse f\u00fcsioloogilist asendit, on k\u00f5ige tuttavam \u00fcsasisesesele elule. V\u00f5imaldab lapsel j\u00e4rk-j\u00e4rgult kohaneda uue ja t\u00e4iesti teistsuguse eluga. Kandelina pakub lapsele tugevat turvatunnet ja kaitset kiire ja liigse infotulva eest. Kandelina lapsed on rahulikumad, nutavad v\u00e4hem ning tulevad paremini toime uute kogemuste ja elamustega. Ka pakub l\u00e4hedase inimese kaisus olemine lohutust raskedel hetkedel, nagu n\u00e4iteks gaasivalude periood. On t\u00e4heldatud kandelina laste kiiremat iseseisvumist, suuremat usaldust ja ensekindlust. Suurem usaldus enda ja \u00fcmbritseva vastu aitab lapsel tulevikus julgelt ja avatult vanemast eemale astuda.\u00a0<\/p><p>\u017dvakid\u0117 \u012fgalina glaud\u0173 vaiko ir mylimo \u017emogaus kontakt\u0105, u\u017etikrina emocin\u012f ry\u0161\u012f, artum\u0105 ir saugumo jausm\u0105.\u00a0<\/p>\t\t\t\t\t\t\t\t<\/div>\n\t\t\t\t<\/div>\n\t\t\t\t\t<\/div>\n\t\t<\/div>\n\t\t\t\t<div class=\"elementor-column elementor-col-50 elementor-top-column elementor-element elementor-element-805d6dd\" data-id=\"805d6dd\" data-element_type=\"column\" data-e-type=\"column\">\n\t\t\t<div class=\"elementor-widget-wrap elementor-element-populated\">\n\t\t\t\t\t\t<div class=\"elementor-element elementor-element-f287d5a elementor-widget elementor-widget-image\" data-id=\"f287d5a\" data-element_type=\"widget\" data-e-type=\"widget\" data-widget_type=\"image.default\">\n\t\t\t\t<div class=\"elementor-widget-container\">\n\t\t\t\t\t\t\t\t\t\t\t\t\t\t\t<img fetchpriority=\"high\" decoding=\"async\" width=\"768\" height=\"512\" src=\"https:\/\/beebipai.ee\/wp-content\/uploads\/2022\/08\/Orgaanilisest-puuvillast-kandelina2-768x512.jpeg\" class=\"attachment-medium_large size-medium_large wp-image-5907\" alt=\"\" srcset=\"https:\/\/beebipai.ee\/wp-content\/uploads\/2022\/08\/Orgaanilisest-puuvillast-kandelina2-768x512.jpeg 768w, https:\/\/beebipai.ee\/wp-content\/uploads\/2022\/08\/Orgaanilisest-puuvillast-kandelina2-scaled-e1660911268637-300x200.jpeg 300w, https:\/\/beebipai.ee\/wp-content\/uploads\/2022\/08\/Orgaanilisest-puuvillast-kandelina2-1024x683.jpeg 1024w, https:\/\/beebipai.ee\/wp-content\/uploads\/2022\/08\/Orgaanilisest-puuvillast-kandelina2-1536x1024.jpeg 1536w, https:\/\/beebipai.ee\/wp-content\/uploads\/2022\/08\/Orgaanilisest-puuvillast-kandelina2-2048x1365.jpeg 2048w, https:\/\/beebipai.ee\/wp-content\/uploads\/2022\/08\/Orgaanilisest-puuvillast-kandelina2-scaled-e1660911268637-18x12.jpeg 18w, https:\/\/beebipai.ee\/wp-content\/uploads\/2022\/08\/Orgaanilisest-puuvillast-kandelina2-600x400.jpeg 600w, https:\/\/beebipai.ee\/wp-content\/uploads\/2022\/08\/Orgaanilisest-puuvillast-kandelina2-scaled-e1660911268637.jpeg 400w\" sizes=\"(max-width: 768px) 100vw, 768px\" \/>\t\t\t\t\t\t\t\t\t\t\t\t\t\t\t<\/div>\n\t\t\t\t<\/div>\n\t\t\t\t\t<\/div>\n\t\t<\/div>\n\t\t\t\t\t<\/div>\n\t\t<\/section>\n\t\t\t\t<section class=\"elementor-section elementor-top-section elementor-element elementor-element-9648a7f elementor-section-boxed elementor-section-height-default elementor-section-height-default\" data-id=\"9648a7f\" data-element_type=\"section\" data-e-type=\"section\">\n\t\t\t\t\t\t<div class=\"elementor-container elementor-column-gap-default\">\n\t\t\t\t\t<div class=\"elementor-column elementor-col-50 elementor-top-column elementor-element elementor-element-41edb53\" data-id=\"41edb53\" data-element_type=\"column\" data-e-type=\"column\">\n\t\t\t<div class=\"elementor-widget-wrap elementor-element-populated\">\n\t\t\t\t\t\t<div class=\"elementor-element elementor-element-cb580b9 elementor-widget elementor-widget-text-editor\" data-id=\"cb580b9\" data-element_type=\"widget\" data-e-type=\"widget\" data-widget_type=\"text-editor.default\">\n\t\t\t\t<div class=\"elementor-widget-container\">\n\t\t\t\t\t\t\t\t\t<p>Neobulle orgaanilisest puuvillast kandelina toetab ideaalselt lapse ja kandja asendit, hoiab omavahelist tihedat kontakti, ei veni v\u00e4lja ja on ergonoomiline.\u00a0 Sobib lapse kandmiseks k\u00f5hul v\u00f5i puusal. Kandelina on kerge pingutada ja kohendada. Samuti saab lapse mitmeid kordi linast v\u00e4lja v\u00f5tta ja tagasi panna, ilma et lina ennast uuesti siduma peaks. Puuvilla suurep\u00e4rased termoregulatsiooni omadused v\u00f5imaldavad lina kasutada ka kuumematel suvep\u00e4evadel. \u00a0Orgaanilisest puuvillast kandelina toetab lapse f\u00fcsioloogilist konnaasendit pakkudes lapsele eakohast arengut.\u00a0<\/p><p>Kandelina on ergonoomile ka kandja seljale, seda mitte v\u00e4sitades ja koormates. \u201cK\u00e4ed vabad\u201d kandelina pakub suuremat liikumisvabadust ja tegutsemislusti, hoides samal ajal beebit enda l\u00e4hedal. Mugav kasutada ringi liikudes ja reisil. T\u00e4nu kergusele ja kompaktsusele mugav igale poole kaasa v\u00f5tta.\u00a0<\/p><p>Ideaalne kasutamiseks lapse esimestel eluaastatel.\u00a0<\/p>\t\t\t\t\t\t\t\t<\/div>\n\t\t\t\t<\/div>\n\t\t\t\t\t<\/div>\n\t\t<\/div>\n\t\t\t\t<div class=\"elementor-column elementor-col-50 elementor-top-column elementor-element elementor-element-1c6c8a0\" data-id=\"1c6c8a0\" data-element_type=\"column\" data-e-type=\"column\">\n\t\t\t<div class=\"elementor-widget-wrap elementor-element-populated\">\n\t\t\t\t\t\t<div class=\"elementor-element elementor-element-c03a66a elementor-widget elementor-widget-image\" data-id=\"c03a66a\" data-element_type=\"widget\" data-e-type=\"widget\" data-widget_type=\"image.default\">\n\t\t\t\t<div class=\"elementor-widget-container\">\n\t\t\t\t\t\t\t\t\t\t\t\t\t\t\t<img decoding=\"async\" width=\"400\" height=\"400\" src=\"https:\/\/beebipai.ee\/wp-content\/uploads\/2022\/08\/Orgaanilisest-puuvillast-kandelina3-e1660911286811.jpeg\" class=\"attachment-large size-large wp-image-5908\" alt=\"\" srcset=\"https:\/\/beebipai.ee\/wp-content\/uploads\/2022\/08\/Orgaanilisest-puuvillast-kandelina3-e1660911286811.jpeg 400w, https:\/\/beebipai.ee\/wp-content\/uploads\/2022\/08\/Orgaanilisest-puuvillast-kandelina3-e1660911286811-300x300.jpeg 300w, https:\/\/beebipai.ee\/wp-content\/uploads\/2022\/08\/Orgaanilisest-puuvillast-kandelina3-e1660911286811-150x150.jpeg 150w, https:\/\/beebipai.ee\/wp-content\/uploads\/2022\/08\/Orgaanilisest-puuvillast-kandelina3-e1660911286811-12x12.jpeg 12w, https:\/\/beebipai.ee\/wp-content\/uploads\/2022\/08\/Orgaanilisest-puuvillast-kandelina3-e1660911286811-100x100.jpeg 100w\" sizes=\"(max-width: 400px) 100vw, 400px\" \/>\t\t\t\t\t\t\t\t\t\t\t\t\t\t\t<\/div>\n\t\t\t\t<\/div>\n\t\t\t\t\t<\/div>\n\t\t<\/div>\n\t\t\t\t\t<\/div>\n\t\t<\/section>\n\t\t\t\t<\/div>","protected":false},"excerpt":{"rendered":"<p>Neobulle orgaanilisest puuvillast kandelina on suurep\u00e4rane abimees \u00a0beebi esimesteks eluaastateks. Pakub beebile turvalisust ja l\u00e4hedust ning annab kandjale liikumisvabaduse. Tuttava inimese l\u00e4hedus pakub lapsele turvatunnet ning liikumisega kaasnev kerge kiikumine m\u00f5jub rahustavalt. Toetab vanema ja lapse vahelise tiheda sideme tekkimist.<\/p>\n<p>100% orgaaniline puuvill, GOTS sertifikaatidega<\/p>\n<p>Pagaminta Pranc\u016bzijoje<\/p>","protected":false},"featured_media":5906,"template":"","meta":{"_monsterinsights_skip_tracking":false,"_monsterinsights_sitenote_active":false,"_monsterinsights_sitenote_note":"","_monsterinsights_sitenote_category":0,"site-sidebar-layout":"no-sidebar","site-content-layout":"page-builder","ast-site-content-layout":"default","site-content-style":"default","site-sidebar-style":"default","ast-global-header-display":"","ast-banner-title-visibility":"","ast-main-header-display":"","ast-hfb-above-header-display":"","ast-hfb-below-header-display":"","ast-hfb-mobile-header-display":"","site-post-title":"disabled","ast-breadcrumbs-content":"","ast-featured-img":"disabled","footer-sml-layout":"","ast-disable-related-posts":"","theme-transparent-header-meta":"default","adv-header-id-meta":"","stick-header-meta":"","header-above-stick-meta":"","header-main-stick-meta":"","header-below-stick-meta":"","astra-migrate-meta-layouts":"default","ast-page-background-enabled":"default","ast-page-background-meta":{"desktop":{"background-color":"","background-image":"","background-repeat":"repeat","background-position":"center center","background-size":"auto","background-attachment":"scroll","background-type":"","background-media":"","overlay-type":"","overlay-color":"","overlay-opacity":"","overlay-gradient":""},"tablet":{"background-color":"","background-image":"","background-repeat":"repeat","background-position":"center center","background-size":"auto","background-attachment":"scroll","background-type":"","background-media":"","overlay-type":"","overlay-color":"","overlay-opacity":"","overlay-gradient":""},"mobile":{"background-color":"","background-image":"","background-repeat":"repeat","background-position":"center center","background-size":"auto","background-attachment":"scroll","background-type":"","background-media":"","overlay-type":"","overlay-color":"","overlay-opacity":"","overlay-gradient":""}},"ast-content-background-meta":{"desktop":{"background-color":"var(--ast-global-color-5)","background-image":"","background-repeat":"repeat","background-position":"center center","background-size":"auto","background-attachment":"scroll","background-type":"","background-media":"","overlay-type":"","overlay-color":"","overlay-opacity":"","overlay-gradient":""},"tablet":{"background-color":"var(--ast-global-color-5)","background-image":"","background-repeat":"repeat","background-position":"center center","background-size":"auto","background-attachment":"scroll","background-type":"","background-media":"","overlay-type":"","overlay-color":"","overlay-opacity":"","overlay-gradient":""},"mobile":{"background-color":"var(--ast-global-color-5)","background-image":"","background-repeat":"repeat","background-position":"center center","background-size":"auto","background-attachment":"scroll","background-type":"","background-media":"","overlay-type":"","overlay-color":"","overlay-opacity":"","overlay-gradient":""}}},"product_brand":[],"product_cat":[23,98,147,148],"product_tag":[],"class_list":{"0":"post-5902","1":"product","2":"type-product","3":"status-publish","4":"has-post-thumbnail","6":"product_cat-beebile","7":"product_cat-kandekotid","8":"product_cat-kingiideed-beebile","9":"product_cat-kingiideed-emale","10":"desktop-align-left","11":"tablet-align-left","12":"mobile-align-left","14":"first","15":"instock","16":"taxable","17":"shipping-taxable","18":"purchasable","19":"product-type-variable"},"yoast_head":"<!-- This site is optimized with the Yoast SEO plugin v27.4 - https:\/\/yoast.com\/product\/yoast-seo-wordpress\/ -->\n<title>Neobulle orgaanilisest puuvillast kandelina 3kg-18kg - Beebipai<\/title>\n<meta name=\"description\" content=\"Neobulle orgaanilisest puuvillast kandelina pakub l\u00e4hedust lapsele ja mugavust kandjale. Vaata toodet Neobulle orgaanilisest puuvillast kandelina!\" \/>\n<meta name=\"robots\" content=\"index, follow, max-snippet:-1, max-image-preview:large, max-video-preview:-1\" \/>\n<link rel=\"canonical\" href=\"https:\/\/beebipai.ee\/lt\/product\/neobulle-orgaanilisest-puuvillast-kandelina-3kg-18kg\/\" \/>\n<meta property=\"og:locale\" content=\"lt_LT\" \/>\n<meta property=\"og:type\" content=\"article\" \/>\n<meta property=\"og:title\" content=\"Neobulle orgaanilisest puuvillast kandelina 3kg-18kg - Beebipai\" \/>\n<meta property=\"og:description\" content=\"Neobulle orgaanilisest puuvillast kandelina pakub l\u00e4hedust lapsele ja mugavust kandjale. Vaata toodet Neobulle orgaanilisest puuvillast kandelina!\" \/>\n<meta property=\"og:url\" content=\"https:\/\/beebipai.ee\/lt\/product\/neobulle-orgaanilisest-puuvillast-kandelina-3kg-18kg\/\" \/>\n<meta property=\"og:site_name\" content=\"Beebipai\" \/>\n<meta property=\"article:modified_time\" content=\"2022-12-10T08:13:41+00:00\" \/>\n<meta property=\"og:image\" content=\"https:\/\/beebipai.ee\/wp-content\/uploads\/2022\/08\/Orgaanilisest-puuvillast-kandelina1-e1660911157710.jpeg\" \/>\n\t<meta property=\"og:image:width\" content=\"700\" \/>\n\t<meta property=\"og:image:height\" content=\"466\" \/>\n\t<meta property=\"og:image:type\" content=\"image\/jpeg\" \/>\n<meta name=\"twitter:card\" content=\"summary_large_image\" \/>\n<meta name=\"twitter:label1\" content=\"Est. reading time\" \/>\n\t<meta name=\"twitter:data1\" content=\"1 minut\u0117\" \/>\n<script type=\"application\/ld+json\" class=\"yoast-schema-graph\">{\"@context\":\"https:\\\/\\\/schema.org\",\"@graph\":[{\"@type\":\"WebPage\",\"@id\":\"https:\\\/\\\/beebipai.ee\\\/en\\\/product\\\/neobulle-orgaanilisest-puuvillast-kandelina-3kg-18kg\\\/\",\"url\":\"https:\\\/\\\/beebipai.ee\\\/en\\\/product\\\/neobulle-orgaanilisest-puuvillast-kandelina-3kg-18kg\\\/\",\"name\":\"Neobulle orgaanilisest puuvillast kandelina 3kg-18kg - Beebipai\",\"isPartOf\":{\"@id\":\"https:\\\/\\\/beebipai.ee\\\/en\\\/#website\"},\"primaryImageOfPage\":{\"@id\":\"https:\\\/\\\/beebipai.ee\\\/en\\\/product\\\/neobulle-orgaanilisest-puuvillast-kandelina-3kg-18kg\\\/#primaryimage\"},\"image\":{\"@id\":\"https:\\\/\\\/beebipai.ee\\\/en\\\/product\\\/neobulle-orgaanilisest-puuvillast-kandelina-3kg-18kg\\\/#primaryimage\"},\"thumbnailUrl\":\"https:\\\/\\\/beebipai.ee\\\/wp-content\\\/uploads\\\/2022\\\/08\\\/Orgaanilisest-puuvillast-kandelina1-e1660911157710.jpeg\",\"datePublished\":\"2022-08-19T12:12:53+00:00\",\"dateModified\":\"2022-12-10T08:13:41+00:00\",\"description\":\"Neobulle orgaanilisest puuvillast kandelina pakub l\u00e4hedust lapsele ja mugavust kandjale. Vaata toodet Neobulle orgaanilisest puuvillast kandelina!\",\"breadcrumb\":{\"@id\":\"https:\\\/\\\/beebipai.ee\\\/en\\\/product\\\/neobulle-orgaanilisest-puuvillast-kandelina-3kg-18kg\\\/#breadcrumb\"},\"inLanguage\":\"lt-LT\",\"potentialAction\":[{\"@type\":\"ReadAction\",\"target\":[\"https:\\\/\\\/beebipai.ee\\\/en\\\/product\\\/neobulle-orgaanilisest-puuvillast-kandelina-3kg-18kg\\\/\"]}]},{\"@type\":\"ImageObject\",\"inLanguage\":\"lt-LT\",\"@id\":\"https:\\\/\\\/beebipai.ee\\\/en\\\/product\\\/neobulle-orgaanilisest-puuvillast-kandelina-3kg-18kg\\\/#primaryimage\",\"url\":\"https:\\\/\\\/beebipai.ee\\\/wp-content\\\/uploads\\\/2022\\\/08\\\/Orgaanilisest-puuvillast-kandelina1-e1660911157710.jpeg\",\"contentUrl\":\"https:\\\/\\\/beebipai.ee\\\/wp-content\\\/uploads\\\/2022\\\/08\\\/Orgaanilisest-puuvillast-kandelina1-e1660911157710.jpeg\",\"width\":700,\"height\":466},{\"@type\":\"BreadcrumbList\",\"@id\":\"https:\\\/\\\/beebipai.ee\\\/en\\\/product\\\/neobulle-orgaanilisest-puuvillast-kandelina-3kg-18kg\\\/#breadcrumb\",\"itemListElement\":[{\"@type\":\"ListItem\",\"position\":1,\"name\":\"Home\",\"item\":\"https:\\\/\\\/beebipai.ee\\\/\"},{\"@type\":\"ListItem\",\"position\":2,\"name\":\"Pood\",\"item\":\"https:\\\/\\\/beebipai.ee\\\/store\\\/\"},{\"@type\":\"ListItem\",\"position\":3,\"name\":\"Neobulle orgaanilisest puuvillast kandelina 3kg-18kg\"}]},{\"@type\":\"WebSite\",\"@id\":\"https:\\\/\\\/beebipai.ee\\\/en\\\/#website\",\"url\":\"https:\\\/\\\/beebipai.ee\\\/en\\\/\",\"name\":\"Beebipai\",\"description\":\"Rasedate ja beebide veebipood\",\"potentialAction\":[{\"@type\":\"SearchAction\",\"target\":{\"@type\":\"EntryPoint\",\"urlTemplate\":\"https:\\\/\\\/beebipai.ee\\\/en\\\/?s={search_term_string}\"},\"query-input\":{\"@type\":\"PropertyValueSpecification\",\"valueRequired\":true,\"valueName\":\"search_term_string\"}}],\"inLanguage\":\"lt-LT\"}]}<\/script>\n<!-- \/ Yoast SEO plugin. -->","yoast_head_json":{"title":"Neobulle orgaanilisest puuvillast kandelina 3kg-18kg - Beebipai","description":"Neobulle orgaanilisest puuvillast kandelina pakub l\u00e4hedust lapsele ja mugavust kandjale. Vaata toodet Neobulle orgaanilisest puuvillast kandelina!","robots":{"index":"index","follow":"follow","max-snippet":"max-snippet:-1","max-image-preview":"max-image-preview:large","max-video-preview":"max-video-preview:-1"},"canonical":"https:\/\/beebipai.ee\/lt\/product\/neobulle-orgaanilisest-puuvillast-kandelina-3kg-18kg\/","og_locale":"lt_LT","og_type":"article","og_title":"Neobulle orgaanilisest puuvillast kandelina 3kg-18kg - Beebipai","og_description":"Neobulle orgaanilisest puuvillast kandelina pakub l\u00e4hedust lapsele ja mugavust kandjale. Vaata toodet Neobulle orgaanilisest puuvillast kandelina!","og_url":"https:\/\/beebipai.ee\/lt\/product\/neobulle-orgaanilisest-puuvillast-kandelina-3kg-18kg\/","og_site_name":"Beebipai","article_modified_time":"2022-12-10T08:13:41+00:00","og_image":[{"width":700,"height":466,"url":"https:\/\/beebipai.ee\/wp-content\/uploads\/2022\/08\/Orgaanilisest-puuvillast-kandelina1-e1660911157710.jpeg","type":"image\/jpeg"}],"twitter_card":"summary_large_image","twitter_misc":{"Est. reading time":"1 minut\u0117"},"schema":{"@context":"https:\/\/schema.org","@graph":[{"@type":"WebPage","@id":"https:\/\/beebipai.ee\/en\/product\/neobulle-orgaanilisest-puuvillast-kandelina-3kg-18kg\/","url":"https:\/\/beebipai.ee\/en\/product\/neobulle-orgaanilisest-puuvillast-kandelina-3kg-18kg\/","name":"Neobulle orgaanilisest puuvillast kandelina 3kg-18kg - Beebipai","isPartOf":{"@id":"https:\/\/beebipai.ee\/en\/#website"},"primaryImageOfPage":{"@id":"https:\/\/beebipai.ee\/en\/product\/neobulle-orgaanilisest-puuvillast-kandelina-3kg-18kg\/#primaryimage"},"image":{"@id":"https:\/\/beebipai.ee\/en\/product\/neobulle-orgaanilisest-puuvillast-kandelina-3kg-18kg\/#primaryimage"},"thumbnailUrl":"https:\/\/beebipai.ee\/wp-content\/uploads\/2022\/08\/Orgaanilisest-puuvillast-kandelina1-e1660911157710.jpeg","datePublished":"2022-08-19T12:12:53+00:00","dateModified":"2022-12-10T08:13:41+00:00","description":"Neobulle orgaanilisest puuvillast kandelina pakub l\u00e4hedust lapsele ja mugavust kandjale. Vaata toodet Neobulle orgaanilisest puuvillast kandelina!","breadcrumb":{"@id":"https:\/\/beebipai.ee\/en\/product\/neobulle-orgaanilisest-puuvillast-kandelina-3kg-18kg\/#breadcrumb"},"inLanguage":"lt-LT","potentialAction":[{"@type":"ReadAction","target":["https:\/\/beebipai.ee\/en\/product\/neobulle-orgaanilisest-puuvillast-kandelina-3kg-18kg\/"]}]},{"@type":"ImageObject","inLanguage":"lt-LT","@id":"https:\/\/beebipai.ee\/en\/product\/neobulle-orgaanilisest-puuvillast-kandelina-3kg-18kg\/#primaryimage","url":"https:\/\/beebipai.ee\/wp-content\/uploads\/2022\/08\/Orgaanilisest-puuvillast-kandelina1-e1660911157710.jpeg","contentUrl":"https:\/\/beebipai.ee\/wp-content\/uploads\/2022\/08\/Orgaanilisest-puuvillast-kandelina1-e1660911157710.jpeg","width":700,"height":466},{"@type":"BreadcrumbList","@id":"https:\/\/beebipai.ee\/en\/product\/neobulle-orgaanilisest-puuvillast-kandelina-3kg-18kg\/#breadcrumb","itemListElement":[{"@type":"ListItem","position":1,"name":"Home","item":"https:\/\/beebipai.ee\/"},{"@type":"ListItem","position":2,"name":"Pood","item":"https:\/\/beebipai.ee\/store\/"},{"@type":"ListItem","position":3,"name":"Neobulle orgaanilisest puuvillast kandelina 3kg-18kg"}]},{"@type":"WebSite","@id":"https:\/\/beebipai.ee\/en\/#website","url":"https:\/\/beebipai.ee\/en\/","name":"Beebipai","description":"Rasedate ja beebide veebipood","potentialAction":[{"@type":"SearchAction","target":{"@type":"EntryPoint","urlTemplate":"https:\/\/beebipai.ee\/en\/?s={search_term_string}"},"query-input":{"@type":"PropertyValueSpecification","valueRequired":true,"valueName":"search_term_string"}}],"inLanguage":"lt-LT"}]}},"_links":{"self":[{"href":"https:\/\/beebipai.ee\/lt\/wp-json\/wp\/v2\/product\/5902","targetHints":{"allow":["GET"]}}],"collection":[{"href":"https:\/\/beebipai.ee\/lt\/wp-json\/wp\/v2\/product"}],"about":[{"href":"https:\/\/beebipai.ee\/lt\/wp-json\/wp\/v2\/types\/product"}],"version-history":[{"count":5,"href":"https:\/\/beebipai.ee\/lt\/wp-json\/wp\/v2\/product\/5902\/revisions"}],"predecessor-version":[{"id":7361,"href":"https:\/\/beebipai.ee\/lt\/wp-json\/wp\/v2\/product\/5902\/revisions\/7361"}],"wp:featuredmedia":[{"embeddable":true,"href":"https:\/\/beebipai.ee\/lt\/wp-json\/wp\/v2\/media\/5906"}],"wp:attachment":[{"href":"https:\/\/beebipai.ee\/lt\/wp-json\/wp\/v2\/media?parent=5902"}],"wp:term":[{"taxonomy":"product_brand","embeddable":true,"href":"https:\/\/beebipai.ee\/lt\/wp-json\/wp\/v2\/product_brand?post=5902"},{"taxonomy":"product_cat","embeddable":true,"href":"https:\/\/beebipai.ee\/lt\/wp-json\/wp\/v2\/product_cat?post=5902"},{"taxonomy":"product_tag","embeddable":true,"href":"https:\/\/beebipai.ee\/lt\/wp-json\/wp\/v2\/product_tag?post=5902"}],"curies":[{"name":"wp","href":"https:\/\/api.w.org\/{rel}","templated":true}]}}