{"id":5698,"date":"2022-08-10T02:44:19","date_gmt":"2022-08-09T23:44:19","guid":{"rendered":"https:\/\/beebipai.ee\/?post_type=product&#038;p=5698"},"modified":"2025-08-27T14:02:00","modified_gmt":"2025-08-27T11:02:00","slug":"seraphine-imetamisrinnahoidja-bambusest-2tk-pakis","status":"publish","type":"product","link":"https:\/\/beebipai.ee\/lt\/product\/seraphine-imetamisrinnahoidja-bambusest-2tk-pakis\/","title":{"rendered":"Seraphine \u017eindymo liemen\u0117l\u0117 pagaminta i\u0161 bambuko, 2 vnt"},"content":{"rendered":"<div data-elementor-type=\"wp-post\" data-elementor-id=\"5698\" class=\"elementor elementor-5698\">\n\t\t\t\t\t\t<section class=\"elementor-section elementor-top-section elementor-element elementor-element-61dcfde elementor-section-boxed elementor-section-height-default elementor-section-height-default\" data-id=\"61dcfde\" data-element_type=\"section\" data-e-type=\"section\">\n\t\t\t\t\t\t<div class=\"elementor-container elementor-column-gap-default\">\n\t\t\t\t\t<div class=\"elementor-column elementor-col-50 elementor-top-column elementor-element elementor-element-f850524\" data-id=\"f850524\" data-element_type=\"column\" data-e-type=\"column\">\n\t\t\t<div class=\"elementor-widget-wrap elementor-element-populated\">\n\t\t\t\t\t\t<div class=\"elementor-element elementor-element-434e94f elementor-widget elementor-widget-heading\" data-id=\"434e94f\" data-element_type=\"widget\" data-e-type=\"widget\" data-widget_type=\"heading.default\">\n\t\t\t\t<div class=\"elementor-widget-container\">\n\t\t\t\t\t<h2 class=\"elementor-heading-title elementor-size-default\">Bambuko liemen\u0117l\u0117 \u017eindymui<\/h2>\t\t\t\t<\/div>\n\t\t\t\t<\/div>\n\t\t\t\t<div class=\"elementor-element elementor-element-9fa5ade elementor-widget elementor-widget-text-editor\" data-id=\"9fa5ade\" data-element_type=\"widget\" data-e-type=\"widget\" data-widget_type=\"text-editor.default\">\n\t\t\t\t<div class=\"elementor-widget-container\">\n\t\t\t\t\t\t\t\t\t<p>Bambuko viskoz\u0117s liemen\u0117l\u0117 idealiai tinka tiek n\u0117\u0161tumo, tiek \u017eindymo laikotarpiu. D\u0117l mink\u0161t\u0173 bambuko savybi\u0173 liemen\u0117l\u0117 yra labai mink\u0161ta ir itin patogi d\u0117v\u0117ti. D\u0117l bambukin\u0117s liemen\u0117l\u0117s elastingumo ji tinka bet kuriai kr\u016btinei. Tiek n\u0117\u0161tumo, tiek maitinimo kr\u016btimi metu. Be to, liemen\u0117l\u0117 taip pat yra visi\u0161kai reguliuojama ir besi\u016bl\u0117.<\/p><p>Bambuko pluo\u0161tai labai pralaid\u016bs orui, pasi\u017eymi puikiomis termoreguliacin\u0117mis savyb\u0117mis ir nesukelia prakaitavimo. Taip pat bambukas yra hipoalergi\u0161kas ir pasi\u017eymi antibakterin\u0117mis savyb\u0117mis, kurios ypa\u010d svarbios maitinant kr\u016btimi.<\/p><p>Liemen\u0117l\u0117 lengvai atsegama i\u0161 priekio, patogi ir lengva maitinti k\u016bdik\u012f. Idealiai tinka kasdieniam naudojimui, tiek dien\u0105, tiek nakt\u012f.\u00a0<\/p>\t\t\t\t\t\t\t\t<\/div>\n\t\t\t\t<\/div>\n\t\t\t\t\t<\/div>\n\t\t<\/div>\n\t\t\t\t<div class=\"elementor-column elementor-col-50 elementor-top-column elementor-element elementor-element-f86fe00\" data-id=\"f86fe00\" data-element_type=\"column\" data-e-type=\"column\">\n\t\t\t<div class=\"elementor-widget-wrap elementor-element-populated\">\n\t\t\t\t\t\t<div class=\"elementor-element elementor-element-219d29c elementor-widget elementor-widget-image\" data-id=\"219d29c\" data-element_type=\"widget\" data-e-type=\"widget\" data-widget_type=\"image.default\">\n\t\t\t\t<div class=\"elementor-widget-container\">\n\t\t\t\t\t\t\t\t\t\t\t\t\t\t\t<img fetchpriority=\"high\" decoding=\"async\" width=\"400\" height=\"513\" src=\"https:\/\/beebipai.ee\/wp-content\/uploads\/2022\/08\/Imetamisrinnahoidja-bambusest-1-e1660090183540.jpg\" class=\"attachment-large size-large wp-image-5721\" alt=\"\" srcset=\"https:\/\/beebipai.ee\/wp-content\/uploads\/2022\/08\/Imetamisrinnahoidja-bambusest-1-e1660090183540.jpg 400w, https:\/\/beebipai.ee\/wp-content\/uploads\/2022\/08\/Imetamisrinnahoidja-bambusest-1-e1660090183540-234x300.jpg 234w, https:\/\/beebipai.ee\/wp-content\/uploads\/2022\/08\/Imetamisrinnahoidja-bambusest-1-e1660090183540-9x12.jpg 9w\" sizes=\"(max-width: 400px) 100vw, 400px\" \/>\t\t\t\t\t\t\t\t\t\t\t\t\t\t\t<\/div>\n\t\t\t\t<\/div>\n\t\t\t\t\t<\/div>\n\t\t<\/div>\n\t\t\t\t\t<\/div>\n\t\t<\/section>\n\t\t\t\t<section class=\"elementor-section elementor-top-section elementor-element elementor-element-4cadcbb elementor-section-boxed elementor-section-height-default elementor-section-height-default\" data-id=\"4cadcbb\" data-element_type=\"section\" data-e-type=\"section\">\n\t\t\t\t\t\t<div class=\"elementor-container elementor-column-gap-default\">\n\t\t\t\t\t<div class=\"elementor-column elementor-col-50 elementor-top-column elementor-element elementor-element-b601c1d\" data-id=\"b601c1d\" data-element_type=\"column\" data-e-type=\"column\">\n\t\t\t<div class=\"elementor-widget-wrap elementor-element-populated\">\n\t\t\t\t\t\t<div class=\"elementor-element elementor-element-0603f4c elementor-widget elementor-widget-image\" data-id=\"0603f4c\" data-element_type=\"widget\" data-e-type=\"widget\" data-widget_type=\"image.default\">\n\t\t\t\t<div class=\"elementor-widget-container\">\n\t\t\t\t\t\t\t\t\t\t\t\t\t\t\t<img decoding=\"async\" width=\"400\" height=\"513\" src=\"https:\/\/beebipai.ee\/wp-content\/uploads\/2022\/08\/Imetamisrinnahoidja-bambusest-5-e1660090771435.jpg\" class=\"attachment-large size-large wp-image-5717\" alt=\"\" srcset=\"https:\/\/beebipai.ee\/wp-content\/uploads\/2022\/08\/Imetamisrinnahoidja-bambusest-5-e1660090771435.jpg 400w, https:\/\/beebipai.ee\/wp-content\/uploads\/2022\/08\/Imetamisrinnahoidja-bambusest-5-e1660090771435-234x300.jpg 234w, https:\/\/beebipai.ee\/wp-content\/uploads\/2022\/08\/Imetamisrinnahoidja-bambusest-5-e1660090771435-9x12.jpg 9w\" sizes=\"(max-width: 400px) 100vw, 400px\" \/>\t\t\t\t\t\t\t\t\t\t\t\t\t\t\t<\/div>\n\t\t\t\t<\/div>\n\t\t\t\t\t<\/div>\n\t\t<\/div>\n\t\t\t\t<div class=\"elementor-column elementor-col-50 elementor-top-column elementor-element elementor-element-3729856\" data-id=\"3729856\" data-element_type=\"column\" data-e-type=\"column\">\n\t\t\t<div class=\"elementor-widget-wrap elementor-element-populated\">\n\t\t\t\t\t\t<div class=\"elementor-element elementor-element-762082b elementor-widget elementor-widget-text-editor\" data-id=\"762082b\" data-element_type=\"widget\" data-e-type=\"widget\" data-widget_type=\"text-editor.default\">\n\t\t\t\t<div class=\"elementor-widget-container\">\n\t\t\t\t\t\t\t\t\t<div class=\"elementor-element elementor-element-29cdebb elementor-widget elementor-widget-text-editor\" data-id=\"29cdebb\" data-element_type=\"widget\" data-widget_type=\"text-editor.default\"><div class=\"elementor-widget-container\"><p>Bambuko liemen\u0117l\u0119 lengva pri\u017ei\u016br\u0117ti. Med\u017eiaga yra lengva ir mink\u0161ta, tod\u0117l j\u0105 lengva skalbti ir greitai i\u0161d\u017ei\u016bti.<\/p><p>Ta\u010diau norint, kad maitinanti liemen\u0117l\u0117 ilgai i\u0161likt\u0173 gra\u017ei, atkreipkite d\u0117mes\u012f \u012f kai kurias prie\u017ei\u016bros rekomendacijas<\/p><\/div><\/div><div class=\"elementor-element elementor-element-b773a8e elementor-icon-list--layout-traditional elementor-list-item-link-full_width elementor-widget elementor-widget-icon-list\" data-id=\"b773a8e\" data-element_type=\"widget\" data-widget_type=\"icon-list.default\"><div class=\"elementor-widget-container\"><ul class=\"elementor-icon-list-items\"><li class=\"elementor-icon-list-item\"><i class=\"fas fa-check\" aria-hidden=\"true\"><\/i><span class=\"elementor-icon-list-text\">Naudokite \u0161veln\u0173 skalbim\u0105 30 laipsni\u0173 temperat\u016broje<\/span><\/li><li class=\"elementor-icon-list-item\"><i class=\"fas fa-check\" aria-hidden=\"true\"><\/i><span class=\"elementor-icon-list-text\">Ned\u017eiovinkite d\u017eiovykl\u0117je<\/span><\/li><li class=\"elementor-icon-list-item\"><i class=\"fas fa-check\" aria-hidden=\"true\"><\/i><span class=\"elementor-icon-list-text\">Nenaudokite cheminio valymo<\/span><\/li><li class=\"elementor-icon-list-item\"><i class=\"fas fa-check\" aria-hidden=\"true\"><\/i><span class=\"elementor-icon-list-text\">Nenaudokite baliklio<\/span><\/li><li class=\"elementor-icon-list-item\"><i class=\"fas fa-check\" aria-hidden=\"true\"><\/i><span class=\"elementor-icon-list-text\">Nelyginkite<\/span><\/li><\/ul><\/div><\/div>\t\t\t\t\t\t\t\t<\/div>\n\t\t\t\t<\/div>\n\t\t\t\t\t<\/div>\n\t\t<\/div>\n\t\t\t\t\t<\/div>\n\t\t<\/section>\n\t\t\t\t<\/div>","protected":false},"excerpt":{"rendered":"<p>Seraphine bambukin\u0117 liemen\u0117l\u0117 \u2013 i\u0161skirtinai mink\u0161ta ir patogi liemen\u0117l\u0117, skirta k\u016bdikio maitinimui ir kr\u016bties palaikymui. Lengvai atidaromas ir prakti\u0161kas.<\/p>\n<p>Pakuot\u0117je 2 liemen\u0117l\u0117s<\/p>","protected":false},"featured_media":5713,"template":"","meta":{"_monsterinsights_skip_tracking":false,"_monsterinsights_sitenote_active":false,"_monsterinsights_sitenote_note":"","_monsterinsights_sitenote_category":0,"site-sidebar-layout":"no-sidebar","site-content-layout":"page-builder","ast-site-content-layout":"full-width-container","site-content-style":"unboxed","site-sidebar-style":"unboxed","ast-global-header-display":"","ast-banner-title-visibility":"","ast-main-header-display":"","ast-hfb-above-header-display":"","ast-hfb-below-header-display":"","ast-hfb-mobile-header-display":"","site-post-title":"disabled","ast-breadcrumbs-content":"","ast-featured-img":"disabled","footer-sml-layout":"","ast-disable-related-posts":"","theme-transparent-header-meta":"default","adv-header-id-meta":"","stick-header-meta":"","header-above-stick-meta":"","header-main-stick-meta":"","header-below-stick-meta":"","astra-migrate-meta-layouts":"set","ast-page-background-enabled":"default","ast-page-background-meta":{"desktop":{"background-color":"","background-image":"","background-repeat":"repeat","background-position":"center center","background-size":"auto","background-attachment":"scroll","background-type":"","background-media":"","overlay-type":"","overlay-color":"","overlay-opacity":"","overlay-gradient":""},"tablet":{"background-color":"","background-image":"","background-repeat":"repeat","background-position":"center center","background-size":"auto","background-attachment":"scroll","background-type":"","background-media":"","overlay-type":"","overlay-color":"","overlay-opacity":"","overlay-gradient":""},"mobile":{"background-color":"","background-image":"","background-repeat":"repeat","background-position":"center center","background-size":"auto","background-attachment":"scroll","background-type":"","background-media":"","overlay-type":"","overlay-color":"","overlay-opacity":"","overlay-gradient":""}},"ast-content-background-meta":{"desktop":{"background-color":"var(--ast-global-color-5)","background-image":"","background-repeat":"repeat","background-position":"center center","background-size":"auto","background-attachment":"scroll","background-type":"","background-media":"","overlay-type":"","overlay-color":"","overlay-opacity":"","overlay-gradient":""},"tablet":{"background-color":"var(--ast-global-color-5)","background-image":"","background-repeat":"repeat","background-position":"center center","background-size":"auto","background-attachment":"scroll","background-type":"","background-media":"","overlay-type":"","overlay-color":"","overlay-opacity":"","overlay-gradient":""},"mobile":{"background-color":"var(--ast-global-color-5)","background-image":"","background-repeat":"repeat","background-position":"center center","background-size":"auto","background-attachment":"scroll","background-type":"","background-media":"","overlay-type":"","overlay-color":"","overlay-opacity":"","overlay-gradient":""}}},"product_brand":[],"product_cat":[22,148,133,103],"product_tag":[],"class_list":{"0":"post-5698","1":"product","2":"type-product","3":"status-publish","4":"has-post-thumbnail","6":"product_cat-emale","7":"product_cat-kingiideed-emale","8":"product_cat-riided-rasedatele-ja-rinnaga-toitvatele-emadele","9":"product_cat-imetamine","10":"desktop-align-left","11":"tablet-align-left","12":"mobile-align-left","14":"first","15":"instock","16":"taxable","17":"shipping-taxable","18":"purchasable","19":"product-type-variable"},"yoast_head":"<!-- This site is optimized with the Yoast SEO plugin v27.3 - https:\/\/yoast.com\/product\/yoast-seo-wordpress\/ -->\n<title>Seraphine imetamisrinnahoidja bambusest, 2tk pakis - Beebipai<\/title>\n<meta name=\"description\" content=\"Imetamisrinnahoidja bambusest on mugav ja praktiline lapse imetamiseks. Nahas\u00f5bralik bambus on nahale pehme. Vaata toodet imetamisrinnahoidja bambusest!\" \/>\n<meta name=\"robots\" content=\"index, follow, max-snippet:-1, max-image-preview:large, max-video-preview:-1\" \/>\n<link rel=\"canonical\" href=\"https:\/\/beebipai.ee\/lt\/product\/seraphine-imetamisrinnahoidja-bambusest-2tk-pakis\/\" \/>\n<meta property=\"og:locale\" content=\"lt_LT\" \/>\n<meta property=\"og:type\" content=\"article\" \/>\n<meta property=\"og:title\" content=\"Seraphine imetamisrinnahoidja bambusest, 2tk pakis - Beebipai\" \/>\n<meta property=\"og:description\" content=\"Imetamisrinnahoidja bambusest on mugav ja praktiline lapse imetamiseks. Nahas\u00f5bralik bambus on nahale pehme. Vaata toodet imetamisrinnahoidja bambusest!\" \/>\n<meta property=\"og:url\" content=\"https:\/\/beebipai.ee\/lt\/product\/seraphine-imetamisrinnahoidja-bambusest-2tk-pakis\/\" \/>\n<meta property=\"og:site_name\" content=\"Beebipai\" \/>\n<meta property=\"article:modified_time\" content=\"2025-08-27T11:02:00+00:00\" \/>\n<meta property=\"og:image\" content=\"https:\/\/beebipai.ee\/wp-content\/uploads\/2022\/08\/Imetamisrinnahoidja-bambusest-9.jpg\" \/>\n\t<meta property=\"og:image:width\" content=\"782\" \/>\n\t<meta property=\"og:image:height\" content=\"1002\" \/>\n\t<meta property=\"og:image:type\" content=\"image\/jpeg\" \/>\n<meta name=\"twitter:card\" content=\"summary_large_image\" \/>\n<meta name=\"twitter:label1\" content=\"Est. reading time\" \/>\n\t<meta name=\"twitter:data1\" content=\"1 minut\u0117\" \/>\n<script type=\"application\/ld+json\" class=\"yoast-schema-graph\">{\"@context\":\"https:\\\/\\\/schema.org\",\"@graph\":[{\"@type\":\"WebPage\",\"@id\":\"https:\\\/\\\/beebipai.ee\\\/product\\\/seraphine-imetamisrinnahoidja-bambusest-2tk-pakis\\\/\",\"url\":\"https:\\\/\\\/beebipai.ee\\\/product\\\/seraphine-imetamisrinnahoidja-bambusest-2tk-pakis\\\/\",\"name\":\"Seraphine imetamisrinnahoidja bambusest, 2tk pakis - Beebipai\",\"isPartOf\":{\"@id\":\"https:\\\/\\\/beebipai.ee\\\/en\\\/#website\"},\"primaryImageOfPage\":{\"@id\":\"https:\\\/\\\/beebipai.ee\\\/product\\\/seraphine-imetamisrinnahoidja-bambusest-2tk-pakis\\\/#primaryimage\"},\"image\":{\"@id\":\"https:\\\/\\\/beebipai.ee\\\/product\\\/seraphine-imetamisrinnahoidja-bambusest-2tk-pakis\\\/#primaryimage\"},\"thumbnailUrl\":\"https:\\\/\\\/beebipai.ee\\\/wp-content\\\/uploads\\\/2022\\\/08\\\/Imetamisrinnahoidja-bambusest-9.jpg\",\"datePublished\":\"2022-08-09T23:44:19+00:00\",\"dateModified\":\"2025-08-27T11:02:00+00:00\",\"description\":\"Imetamisrinnahoidja bambusest on mugav ja praktiline lapse imetamiseks. Nahas\u00f5bralik bambus on nahale pehme. Vaata toodet imetamisrinnahoidja bambusest!\",\"breadcrumb\":{\"@id\":\"https:\\\/\\\/beebipai.ee\\\/product\\\/seraphine-imetamisrinnahoidja-bambusest-2tk-pakis\\\/#breadcrumb\"},\"inLanguage\":\"lt-LT\",\"potentialAction\":[{\"@type\":\"ReadAction\",\"target\":[\"https:\\\/\\\/beebipai.ee\\\/product\\\/seraphine-imetamisrinnahoidja-bambusest-2tk-pakis\\\/\"]}]},{\"@type\":\"ImageObject\",\"inLanguage\":\"lt-LT\",\"@id\":\"https:\\\/\\\/beebipai.ee\\\/product\\\/seraphine-imetamisrinnahoidja-bambusest-2tk-pakis\\\/#primaryimage\",\"url\":\"https:\\\/\\\/beebipai.ee\\\/wp-content\\\/uploads\\\/2022\\\/08\\\/Imetamisrinnahoidja-bambusest-9.jpg\",\"contentUrl\":\"https:\\\/\\\/beebipai.ee\\\/wp-content\\\/uploads\\\/2022\\\/08\\\/Imetamisrinnahoidja-bambusest-9.jpg\",\"width\":782,\"height\":1002},{\"@type\":\"BreadcrumbList\",\"@id\":\"https:\\\/\\\/beebipai.ee\\\/product\\\/seraphine-imetamisrinnahoidja-bambusest-2tk-pakis\\\/#breadcrumb\",\"itemListElement\":[{\"@type\":\"ListItem\",\"position\":1,\"name\":\"Home\",\"item\":\"https:\\\/\\\/beebipai.ee\\\/\"},{\"@type\":\"ListItem\",\"position\":2,\"name\":\"Pood\",\"item\":\"https:\\\/\\\/beebipai.ee\\\/store\\\/\"},{\"@type\":\"ListItem\",\"position\":3,\"name\":\"Seraphine imetamisrinnahoidja bambusest, 2tk pakis\"}]},{\"@type\":\"WebSite\",\"@id\":\"https:\\\/\\\/beebipai.ee\\\/en\\\/#website\",\"url\":\"https:\\\/\\\/beebipai.ee\\\/en\\\/\",\"name\":\"Beebipai\",\"description\":\"Rasedate ja beebide veebipood\",\"potentialAction\":[{\"@type\":\"SearchAction\",\"target\":{\"@type\":\"EntryPoint\",\"urlTemplate\":\"https:\\\/\\\/beebipai.ee\\\/en\\\/?s={search_term_string}\"},\"query-input\":{\"@type\":\"PropertyValueSpecification\",\"valueRequired\":true,\"valueName\":\"search_term_string\"}}],\"inLanguage\":\"lt-LT\"}]}<\/script>\n<!-- \/ Yoast SEO plugin. -->","yoast_head_json":{"title":"Seraphine imetamisrinnahoidja bambusest, 2tk pakis - Beebipai","description":"Imetamisrinnahoidja bambusest on mugav ja praktiline lapse imetamiseks. Nahas\u00f5bralik bambus on nahale pehme. Vaata toodet imetamisrinnahoidja bambusest!","robots":{"index":"index","follow":"follow","max-snippet":"max-snippet:-1","max-image-preview":"max-image-preview:large","max-video-preview":"max-video-preview:-1"},"canonical":"https:\/\/beebipai.ee\/lt\/product\/seraphine-imetamisrinnahoidja-bambusest-2tk-pakis\/","og_locale":"lt_LT","og_type":"article","og_title":"Seraphine imetamisrinnahoidja bambusest, 2tk pakis - Beebipai","og_description":"Imetamisrinnahoidja bambusest on mugav ja praktiline lapse imetamiseks. Nahas\u00f5bralik bambus on nahale pehme. Vaata toodet imetamisrinnahoidja bambusest!","og_url":"https:\/\/beebipai.ee\/lt\/product\/seraphine-imetamisrinnahoidja-bambusest-2tk-pakis\/","og_site_name":"Beebipai","article_modified_time":"2025-08-27T11:02:00+00:00","og_image":[{"width":782,"height":1002,"url":"https:\/\/beebipai.ee\/wp-content\/uploads\/2022\/08\/Imetamisrinnahoidja-bambusest-9.jpg","type":"image\/jpeg"}],"twitter_card":"summary_large_image","twitter_misc":{"Est. reading time":"1 minut\u0117"},"schema":{"@context":"https:\/\/schema.org","@graph":[{"@type":"WebPage","@id":"https:\/\/beebipai.ee\/product\/seraphine-imetamisrinnahoidja-bambusest-2tk-pakis\/","url":"https:\/\/beebipai.ee\/product\/seraphine-imetamisrinnahoidja-bambusest-2tk-pakis\/","name":"Seraphine imetamisrinnahoidja bambusest, 2tk pakis - Beebipai","isPartOf":{"@id":"https:\/\/beebipai.ee\/en\/#website"},"primaryImageOfPage":{"@id":"https:\/\/beebipai.ee\/product\/seraphine-imetamisrinnahoidja-bambusest-2tk-pakis\/#primaryimage"},"image":{"@id":"https:\/\/beebipai.ee\/product\/seraphine-imetamisrinnahoidja-bambusest-2tk-pakis\/#primaryimage"},"thumbnailUrl":"https:\/\/beebipai.ee\/wp-content\/uploads\/2022\/08\/Imetamisrinnahoidja-bambusest-9.jpg","datePublished":"2022-08-09T23:44:19+00:00","dateModified":"2025-08-27T11:02:00+00:00","description":"Imetamisrinnahoidja bambusest on mugav ja praktiline lapse imetamiseks. Nahas\u00f5bralik bambus on nahale pehme. Vaata toodet imetamisrinnahoidja bambusest!","breadcrumb":{"@id":"https:\/\/beebipai.ee\/product\/seraphine-imetamisrinnahoidja-bambusest-2tk-pakis\/#breadcrumb"},"inLanguage":"lt-LT","potentialAction":[{"@type":"ReadAction","target":["https:\/\/beebipai.ee\/product\/seraphine-imetamisrinnahoidja-bambusest-2tk-pakis\/"]}]},{"@type":"ImageObject","inLanguage":"lt-LT","@id":"https:\/\/beebipai.ee\/product\/seraphine-imetamisrinnahoidja-bambusest-2tk-pakis\/#primaryimage","url":"https:\/\/beebipai.ee\/wp-content\/uploads\/2022\/08\/Imetamisrinnahoidja-bambusest-9.jpg","contentUrl":"https:\/\/beebipai.ee\/wp-content\/uploads\/2022\/08\/Imetamisrinnahoidja-bambusest-9.jpg","width":782,"height":1002},{"@type":"BreadcrumbList","@id":"https:\/\/beebipai.ee\/product\/seraphine-imetamisrinnahoidja-bambusest-2tk-pakis\/#breadcrumb","itemListElement":[{"@type":"ListItem","position":1,"name":"Home","item":"https:\/\/beebipai.ee\/"},{"@type":"ListItem","position":2,"name":"Pood","item":"https:\/\/beebipai.ee\/store\/"},{"@type":"ListItem","position":3,"name":"Seraphine imetamisrinnahoidja bambusest, 2tk pakis"}]},{"@type":"WebSite","@id":"https:\/\/beebipai.ee\/en\/#website","url":"https:\/\/beebipai.ee\/en\/","name":"Beebipai","description":"Rasedate ja beebide veebipood","potentialAction":[{"@type":"SearchAction","target":{"@type":"EntryPoint","urlTemplate":"https:\/\/beebipai.ee\/en\/?s={search_term_string}"},"query-input":{"@type":"PropertyValueSpecification","valueRequired":true,"valueName":"search_term_string"}}],"inLanguage":"lt-LT"}]}},"_links":{"self":[{"href":"https:\/\/beebipai.ee\/lt\/wp-json\/wp\/v2\/product\/5698","targetHints":{"allow":["GET"]}}],"collection":[{"href":"https:\/\/beebipai.ee\/lt\/wp-json\/wp\/v2\/product"}],"about":[{"href":"https:\/\/beebipai.ee\/lt\/wp-json\/wp\/v2\/types\/product"}],"version-history":[{"count":5,"href":"https:\/\/beebipai.ee\/lt\/wp-json\/wp\/v2\/product\/5698\/revisions"}],"predecessor-version":[{"id":10721,"href":"https:\/\/beebipai.ee\/lt\/wp-json\/wp\/v2\/product\/5698\/revisions\/10721"}],"wp:featuredmedia":[{"embeddable":true,"href":"https:\/\/beebipai.ee\/lt\/wp-json\/wp\/v2\/media\/5713"}],"wp:attachment":[{"href":"https:\/\/beebipai.ee\/lt\/wp-json\/wp\/v2\/media?parent=5698"}],"wp:term":[{"taxonomy":"product_brand","embeddable":true,"href":"https:\/\/beebipai.ee\/lt\/wp-json\/wp\/v2\/product_brand?post=5698"},{"taxonomy":"product_cat","embeddable":true,"href":"https:\/\/beebipai.ee\/lt\/wp-json\/wp\/v2\/product_cat?post=5698"},{"taxonomy":"product_tag","embeddable":true,"href":"https:\/\/beebipai.ee\/lt\/wp-json\/wp\/v2\/product_tag?post=5698"}],"curies":[{"name":"wp","href":"https:\/\/api.w.org\/{rel}","templated":true}]}}