{"id":5647,"date":"2022-08-08T22:07:48","date_gmt":"2022-08-08T19:07:48","guid":{"rendered":"https:\/\/www.beebipai.ee\/?post_type=product&#038;p=5647"},"modified":"2026-04-02T10:57:05","modified_gmt":"2026-04-02T07:57:05","slug":"seraphine-rasedate-retuusid-bambusest","status":"publish","type":"product","link":"https:\/\/beebipai.ee\/lt\/product\/seraphine-rasedate-retuusid-bambusest\/","title":{"rendered":"Seraphine motinyst\u0117s bambukin\u0117s antblauzd\u017eiai"},"content":{"rendered":"<div data-elementor-type=\"wp-post\" data-elementor-id=\"5647\" class=\"elementor elementor-5647\">\n\t\t\t\t\t\t<section class=\"elementor-section elementor-top-section elementor-element elementor-element-fb59e32 elementor-section-boxed elementor-section-height-default elementor-section-height-default\" data-id=\"fb59e32\" data-element_type=\"section\" data-e-type=\"section\">\n\t\t\t\t\t\t<div class=\"elementor-container elementor-column-gap-default\">\n\t\t\t\t\t<div class=\"elementor-column elementor-col-50 elementor-top-column elementor-element elementor-element-de699c5\" data-id=\"de699c5\" data-element_type=\"column\" data-e-type=\"column\">\n\t\t\t<div class=\"elementor-widget-wrap elementor-element-populated\">\n\t\t\t\t\t\t<div class=\"elementor-element elementor-element-07a3d6b elementor-widget elementor-widget-heading\" data-id=\"07a3d6b\" data-element_type=\"widget\" data-e-type=\"widget\" data-widget_type=\"heading.default\">\n\t\t\t\t<div class=\"elementor-widget-container\">\n\t\t\t\t\t<h2 class=\"elementor-heading-title elementor-size-default\">Motinyst\u0117s bambukin\u0117s antblauzd\u017eiai<\/h2>\t\t\t\t<\/div>\n\t\t\t\t<\/div>\n\t\t\t\t<div class=\"elementor-element elementor-element-f42f808 elementor-widget elementor-widget-text-editor\" data-id=\"f42f808\" data-element_type=\"widget\" data-e-type=\"widget\" data-widget_type=\"text-editor.default\">\n\t\t\t\t<div class=\"elementor-widget-container\">\n\t\t\t\t\t\t\t\t\t<p>Bambukin\u0117s antblauzd\u017eiai n\u0117\u0161\u010diosioms yra mink\u0161ti ir labai tampr\u016bs, puikiai prisitaikantys ir priglud\u0119 prie nuolat besikei\u010dian\u010dios fig\u016bros ir vis augan\u010dio pilvo. Pakankamai ilga pilvo dalis visi\u0161kai u\u017edengia augant\u012f pilv\u0105. Antblauzd\u017eiai nesirie\u010dia ir nenugrimzta nuo pilvo. Antblauzd\u017eiai n\u0117\u0161\u010diosioms palaiko \u0161iek tiek augant\u012f pilvuk\u0105 ir tinka d\u0117v\u0117ti kasdien.<\/p><p>Bambuko viskoz\u0117 gaunama i\u0161 nat\u016bralaus bambuko. Med\u017eiaga labai mink\u0161ta ir maloni odai. Bambukin\u0117s antblauzd\u017eiai leid\u017eia odai kv\u0117puoti, nerenka dr\u0117gm\u0117s ir u\u017etikrina komfort\u0105 visai dienai.\u00a0<\/p><p>N\u0117\u0161\u010diosios antblauzd\u017eiai kuklaus dizaino, viso ilgio. Dera prie sukneli\u0173, d\u017eemperi\u0173, ilgesni\u0173 ir trumpesni\u0173 palaidini\u0173... absoliu\u010diai viskas.\u00a0<\/p><p>\u00a0<\/p>\t\t\t\t\t\t\t\t<\/div>\n\t\t\t\t<\/div>\n\t\t\t\t\t<\/div>\n\t\t<\/div>\n\t\t\t\t<div class=\"elementor-column elementor-col-50 elementor-top-column elementor-element elementor-element-938d81b\" data-id=\"938d81b\" data-element_type=\"column\" data-e-type=\"column\">\n\t\t\t<div class=\"elementor-widget-wrap elementor-element-populated\">\n\t\t\t\t\t\t<div class=\"elementor-element elementor-element-2ea46c7 elementor-widget elementor-widget-image\" data-id=\"2ea46c7\" data-element_type=\"widget\" data-e-type=\"widget\" data-widget_type=\"image.default\">\n\t\t\t\t<div class=\"elementor-widget-container\">\n\t\t\t\t\t\t\t\t\t\t\t\t\t\t\t<img fetchpriority=\"high\" decoding=\"async\" width=\"400\" height=\"513\" src=\"https:\/\/beebipai.ee\/wp-content\/uploads\/2022\/08\/Rasedate-retuusid-bambusest-4-e1659989155203.jpeg\" class=\"attachment-large size-large wp-image-5664\" alt=\"\" srcset=\"https:\/\/beebipai.ee\/wp-content\/uploads\/2022\/08\/Rasedate-retuusid-bambusest-4-e1659989155203.jpeg 400w, https:\/\/beebipai.ee\/wp-content\/uploads\/2022\/08\/Rasedate-retuusid-bambusest-4-e1659989155203-234x300.jpeg 234w, https:\/\/beebipai.ee\/wp-content\/uploads\/2022\/08\/Rasedate-retuusid-bambusest-4-e1659989155203-9x12.jpeg 9w\" sizes=\"(max-width: 400px) 100vw, 400px\" \/>\t\t\t\t\t\t\t\t\t\t\t\t\t\t\t<\/div>\n\t\t\t\t<\/div>\n\t\t\t\t\t<\/div>\n\t\t<\/div>\n\t\t\t\t\t<\/div>\n\t\t<\/section>\n\t\t\t\t<section class=\"elementor-section elementor-top-section elementor-element elementor-element-d54c39c elementor-section-boxed elementor-section-height-default elementor-section-height-default\" data-id=\"d54c39c\" data-element_type=\"section\" data-e-type=\"section\">\n\t\t\t\t\t\t<div class=\"elementor-container elementor-column-gap-default\">\n\t\t\t\t\t<div class=\"elementor-column elementor-col-50 elementor-top-column elementor-element elementor-element-27a95a1\" data-id=\"27a95a1\" data-element_type=\"column\" data-e-type=\"column\">\n\t\t\t<div class=\"elementor-widget-wrap elementor-element-populated\">\n\t\t\t\t\t\t<div class=\"elementor-element elementor-element-9bd5810 elementor-widget elementor-widget-image\" data-id=\"9bd5810\" data-element_type=\"widget\" data-e-type=\"widget\" data-widget_type=\"image.default\">\n\t\t\t\t<div class=\"elementor-widget-container\">\n\t\t\t\t\t\t\t\t\t\t\t\t\t\t\t<img decoding=\"async\" width=\"400\" height=\"512\" src=\"https:\/\/beebipai.ee\/wp-content\/uploads\/2022\/08\/Rasedate-retuusid-bambusest-5-e1659989195136.jpeg\" class=\"attachment-large size-large wp-image-5665\" alt=\"\" srcset=\"https:\/\/beebipai.ee\/wp-content\/uploads\/2022\/08\/Rasedate-retuusid-bambusest-5-e1659989195136.jpeg 400w, https:\/\/beebipai.ee\/wp-content\/uploads\/2022\/08\/Rasedate-retuusid-bambusest-5-e1659989195136-234x300.jpeg 234w, https:\/\/beebipai.ee\/wp-content\/uploads\/2022\/08\/Rasedate-retuusid-bambusest-5-e1659989195136-9x12.jpeg 9w\" sizes=\"(max-width: 400px) 100vw, 400px\" \/>\t\t\t\t\t\t\t\t\t\t\t\t\t\t\t<\/div>\n\t\t\t\t<\/div>\n\t\t\t\t\t<\/div>\n\t\t<\/div>\n\t\t\t\t<div class=\"elementor-column elementor-col-50 elementor-top-column elementor-element elementor-element-bd298a6\" data-id=\"bd298a6\" data-element_type=\"column\" data-e-type=\"column\">\n\t\t\t<div class=\"elementor-widget-wrap elementor-element-populated\">\n\t\t\t\t\t\t<div class=\"elementor-element elementor-element-29cdebb elementor-widget elementor-widget-text-editor\" data-id=\"29cdebb\" data-element_type=\"widget\" data-e-type=\"widget\" data-widget_type=\"text-editor.default\">\n\t\t\t\t<div class=\"elementor-widget-container\">\n\t\t\t\t\t\t\t\t\t<p>Bambuko antblauzd\u017eius lengva pri\u017ei\u016br\u0117ti. Med\u017eiaga yra lengva ir mink\u0161ta, tod\u0117l juos lengva plauti ir greitai d\u017ei\u016bti.<\/p><p>Ta\u010diau tam, kad antblauzd\u017eiai i\u0161likt\u0173 gra\u017e\u016bs ilgai, atkreipkite d\u0117mes\u012f \u012f kai kurias prie\u017ei\u016bros rekomendacijas<\/p>\t\t\t\t\t\t\t\t<\/div>\n\t\t\t\t<\/div>\n\t\t\t\t<div class=\"elementor-element elementor-element-b773a8e elementor-icon-list--layout-traditional elementor-list-item-link-full_width elementor-widget elementor-widget-icon-list\" data-id=\"b773a8e\" data-element_type=\"widget\" data-e-type=\"widget\" data-widget_type=\"icon-list.default\">\n\t\t\t\t<div class=\"elementor-widget-container\">\n\t\t\t\t\t\t\t<ul class=\"elementor-icon-list-items\">\n\t\t\t\t\t\t\t<li class=\"elementor-icon-list-item\">\n\t\t\t\t\t\t\t\t\t\t\t<span class=\"elementor-icon-list-icon\">\n\t\t\t\t\t\t\t<i aria-hidden=\"true\" class=\"fas fa-check\"><\/i>\t\t\t\t\t\t<\/span>\n\t\t\t\t\t\t\t\t\t\t<span class=\"elementor-icon-list-text\">Naudokite \u0161veln\u0173 skalbim\u0105 30 laipsni\u0173 temperat\u016broje<\/span>\n\t\t\t\t\t\t\t\t\t<\/li>\n\t\t\t\t\t\t\t\t<li class=\"elementor-icon-list-item\">\n\t\t\t\t\t\t\t\t\t\t\t<span class=\"elementor-icon-list-icon\">\n\t\t\t\t\t\t\t<i aria-hidden=\"true\" class=\"fas fa-check\"><\/i>\t\t\t\t\t\t<\/span>\n\t\t\t\t\t\t\t\t\t\t<span class=\"elementor-icon-list-text\">Ned\u017eiovinkite d\u017eiovykl\u0117je<\/span>\n\t\t\t\t\t\t\t\t\t<\/li>\n\t\t\t\t\t\t\t\t<li class=\"elementor-icon-list-item\">\n\t\t\t\t\t\t\t\t\t\t\t<span class=\"elementor-icon-list-icon\">\n\t\t\t\t\t\t\t<i aria-hidden=\"true\" class=\"fas fa-check\"><\/i>\t\t\t\t\t\t<\/span>\n\t\t\t\t\t\t\t\t\t\t<span class=\"elementor-icon-list-text\">Nenaudokite cheminio valymo<\/span>\n\t\t\t\t\t\t\t\t\t<\/li>\n\t\t\t\t\t\t\t\t<li class=\"elementor-icon-list-item\">\n\t\t\t\t\t\t\t\t\t\t\t<span class=\"elementor-icon-list-icon\">\n\t\t\t\t\t\t\t<i aria-hidden=\"true\" class=\"fas fa-check\"><\/i>\t\t\t\t\t\t<\/span>\n\t\t\t\t\t\t\t\t\t\t<span class=\"elementor-icon-list-text\">Nenaudokite baliklio<\/span>\n\t\t\t\t\t\t\t\t\t<\/li>\n\t\t\t\t\t\t\t\t<li class=\"elementor-icon-list-item\">\n\t\t\t\t\t\t\t\t\t\t\t<span class=\"elementor-icon-list-icon\">\n\t\t\t\t\t\t\t<i aria-hidden=\"true\" class=\"fas fa-check\"><\/i>\t\t\t\t\t\t<\/span>\n\t\t\t\t\t\t\t\t\t\t<span class=\"elementor-icon-list-text\">Lyginimas kuo \u017eemesn\u0117je temperat\u016broje<\/span>\n\t\t\t\t\t\t\t\t\t<\/li>\n\t\t\t\t\t\t<\/ul>\n\t\t\t\t\t\t<\/div>\n\t\t\t\t<\/div>\n\t\t\t\t\t<\/div>\n\t\t<\/div>\n\t\t\t\t\t<\/div>\n\t\t<\/section>\n\t\t\t\t<\/div>","protected":false},"excerpt":{"rendered":"<p>Bambuko antblauzd\u017eiai n\u0117\u0161\u010diosioms idealiai tinka kasdieniam naudojimui bet kuriuo n\u0117\u0161tumo etapu. Bambukas, kaip itin mink\u0161ta ir tampri med\u017eiaga, prisitaiko prie nuolat besikei\u010dian\u010dios fig\u016bros n\u0117\u0161tumo metu ir augan\u010dio pilvuko.<\/p>","protected":false},"featured_media":5670,"template":"","meta":{"_monsterinsights_skip_tracking":false,"_monsterinsights_sitenote_active":false,"_monsterinsights_sitenote_note":"","_monsterinsights_sitenote_category":0,"site-sidebar-layout":"no-sidebar","site-content-layout":"page-builder","ast-site-content-layout":"full-width-container","site-content-style":"unboxed","site-sidebar-style":"unboxed","ast-global-header-display":"","ast-banner-title-visibility":"","ast-main-header-display":"","ast-hfb-above-header-display":"","ast-hfb-below-header-display":"","ast-hfb-mobile-header-display":"","site-post-title":"disabled","ast-breadcrumbs-content":"","ast-featured-img":"disabled","footer-sml-layout":"","ast-disable-related-posts":"","theme-transparent-header-meta":"default","adv-header-id-meta":"","stick-header-meta":"","header-above-stick-meta":"","header-main-stick-meta":"","header-below-stick-meta":"","astra-migrate-meta-layouts":"set","ast-page-background-enabled":"default","ast-page-background-meta":{"desktop":{"background-color":"","background-image":"","background-repeat":"repeat","background-position":"center center","background-size":"auto","background-attachment":"scroll","background-type":"","background-media":"","overlay-type":"","overlay-color":"","overlay-opacity":"","overlay-gradient":""},"tablet":{"background-color":"","background-image":"","background-repeat":"repeat","background-position":"center center","background-size":"auto","background-attachment":"scroll","background-type":"","background-media":"","overlay-type":"","overlay-color":"","overlay-opacity":"","overlay-gradient":""},"mobile":{"background-color":"","background-image":"","background-repeat":"repeat","background-position":"center center","background-size":"auto","background-attachment":"scroll","background-type":"","background-media":"","overlay-type":"","overlay-color":"","overlay-opacity":"","overlay-gradient":""}},"ast-content-background-meta":{"desktop":{"background-color":"var(--ast-global-color-5)","background-image":"","background-repeat":"repeat","background-position":"center center","background-size":"auto","background-attachment":"scroll","background-type":"","background-media":"","overlay-type":"","overlay-color":"","overlay-opacity":"","overlay-gradient":""},"tablet":{"background-color":"var(--ast-global-color-5)","background-image":"","background-repeat":"repeat","background-position":"center center","background-size":"auto","background-attachment":"scroll","background-type":"","background-media":"","overlay-type":"","overlay-color":"","overlay-opacity":"","overlay-gradient":""},"mobile":{"background-color":"var(--ast-global-color-5)","background-image":"","background-repeat":"repeat","background-position":"center center","background-size":"auto","background-attachment":"scroll","background-type":"","background-media":"","overlay-type":"","overlay-color":"","overlay-opacity":"","overlay-gradient":""}}},"product_brand":[],"product_cat":[22,133],"product_tag":[],"class_list":{"0":"post-5647","1":"product","2":"type-product","3":"status-publish","4":"has-post-thumbnail","6":"product_cat-emale","7":"product_cat-riided-rasedatele-ja-rinnaga-toitvatele-emadele","8":"desktop-align-left","9":"tablet-align-left","10":"mobile-align-left","12":"first","13":"instock","14":"sale","15":"taxable","16":"shipping-taxable","17":"purchasable","18":"product-type-variable"},"yoast_head":"<!-- This site is optimized with the Yoast SEO plugin v27.4 - https:\/\/yoast.com\/product\/yoast-seo-wordpress\/ -->\n<title>Seraphine rasedate retuusid bambusest - Beebipai<\/title>\n<meta name=\"description\" content=\"Rasedate retuusid bambusest on pehmed ja nahas\u00f5bralikud raseduse igaks n\u00e4dalaks. Vaata toodet rasedate retuusid bambusest!\" \/>\n<meta name=\"robots\" content=\"index, follow, max-snippet:-1, max-image-preview:large, max-video-preview:-1\" \/>\n<link rel=\"canonical\" href=\"https:\/\/beebipai.ee\/lt\/product\/seraphine-rasedate-retuusid-bambusest\/\" \/>\n<meta property=\"og:locale\" content=\"lt_LT\" \/>\n<meta property=\"og:type\" content=\"article\" \/>\n<meta property=\"og:title\" content=\"Seraphine rasedate retuusid bambusest - Beebipai\" \/>\n<meta property=\"og:description\" content=\"Rasedate retuusid bambusest on pehmed ja nahas\u00f5bralikud raseduse igaks n\u00e4dalaks. Vaata toodet rasedate retuusid bambusest!\" \/>\n<meta property=\"og:url\" content=\"https:\/\/beebipai.ee\/lt\/product\/seraphine-rasedate-retuusid-bambusest\/\" \/>\n<meta property=\"og:site_name\" content=\"Beebipai\" \/>\n<meta property=\"article:modified_time\" content=\"2026-04-02T07:57:05+00:00\" \/>\n<meta property=\"og:image\" content=\"https:\/\/beebipai.ee\/wp-content\/uploads\/2022\/08\/Rasedate-retuusid-bambusest-e1659989284755.jpeg\" \/>\n\t<meta property=\"og:image:width\" content=\"782\" \/>\n\t<meta property=\"og:image:height\" content=\"1002\" \/>\n\t<meta property=\"og:image:type\" content=\"image\/jpeg\" \/>\n<meta name=\"twitter:card\" content=\"summary_large_image\" \/>\n<meta name=\"twitter:label1\" content=\"Est. reading time\" \/>\n\t<meta name=\"twitter:data1\" content=\"1 minut\u0117\" \/>\n<script type=\"application\/ld+json\" class=\"yoast-schema-graph\">{\"@context\":\"https:\\\/\\\/schema.org\",\"@graph\":[{\"@type\":\"WebPage\",\"@id\":\"https:\\\/\\\/beebipai.ee\\\/product\\\/seraphine-rasedate-retuusid-bambusest\\\/\",\"url\":\"https:\\\/\\\/beebipai.ee\\\/product\\\/seraphine-rasedate-retuusid-bambusest\\\/\",\"name\":\"Seraphine rasedate retuusid bambusest - Beebipai\",\"isPartOf\":{\"@id\":\"https:\\\/\\\/beebipai.ee\\\/en\\\/#website\"},\"primaryImageOfPage\":{\"@id\":\"https:\\\/\\\/beebipai.ee\\\/product\\\/seraphine-rasedate-retuusid-bambusest\\\/#primaryimage\"},\"image\":{\"@id\":\"https:\\\/\\\/beebipai.ee\\\/product\\\/seraphine-rasedate-retuusid-bambusest\\\/#primaryimage\"},\"thumbnailUrl\":\"https:\\\/\\\/beebipai.ee\\\/wp-content\\\/uploads\\\/2022\\\/08\\\/Rasedate-retuusid-bambusest-e1659989284755.jpeg\",\"datePublished\":\"2022-08-08T19:07:48+00:00\",\"dateModified\":\"2026-04-02T07:57:05+00:00\",\"description\":\"Rasedate retuusid bambusest on pehmed ja nahas\u00f5bralikud raseduse igaks n\u00e4dalaks. Vaata toodet rasedate retuusid bambusest!\",\"breadcrumb\":{\"@id\":\"https:\\\/\\\/beebipai.ee\\\/product\\\/seraphine-rasedate-retuusid-bambusest\\\/#breadcrumb\"},\"inLanguage\":\"lt-LT\",\"potentialAction\":[{\"@type\":\"ReadAction\",\"target\":[\"https:\\\/\\\/beebipai.ee\\\/product\\\/seraphine-rasedate-retuusid-bambusest\\\/\"]}]},{\"@type\":\"ImageObject\",\"inLanguage\":\"lt-LT\",\"@id\":\"https:\\\/\\\/beebipai.ee\\\/product\\\/seraphine-rasedate-retuusid-bambusest\\\/#primaryimage\",\"url\":\"https:\\\/\\\/beebipai.ee\\\/wp-content\\\/uploads\\\/2022\\\/08\\\/Rasedate-retuusid-bambusest-e1659989284755.jpeg\",\"contentUrl\":\"https:\\\/\\\/beebipai.ee\\\/wp-content\\\/uploads\\\/2022\\\/08\\\/Rasedate-retuusid-bambusest-e1659989284755.jpeg\",\"width\":782,\"height\":1002},{\"@type\":\"BreadcrumbList\",\"@id\":\"https:\\\/\\\/beebipai.ee\\\/product\\\/seraphine-rasedate-retuusid-bambusest\\\/#breadcrumb\",\"itemListElement\":[{\"@type\":\"ListItem\",\"position\":1,\"name\":\"Home\",\"item\":\"https:\\\/\\\/beebipai.ee\\\/\"},{\"@type\":\"ListItem\",\"position\":2,\"name\":\"Pood\",\"item\":\"https:\\\/\\\/beebipai.ee\\\/store\\\/\"},{\"@type\":\"ListItem\",\"position\":3,\"name\":\"Seraphine rasedate retuusid bambusest\"}]},{\"@type\":\"WebSite\",\"@id\":\"https:\\\/\\\/beebipai.ee\\\/en\\\/#website\",\"url\":\"https:\\\/\\\/beebipai.ee\\\/en\\\/\",\"name\":\"Beebipai\",\"description\":\"Rasedate ja beebide veebipood\",\"potentialAction\":[{\"@type\":\"SearchAction\",\"target\":{\"@type\":\"EntryPoint\",\"urlTemplate\":\"https:\\\/\\\/beebipai.ee\\\/en\\\/?s={search_term_string}\"},\"query-input\":{\"@type\":\"PropertyValueSpecification\",\"valueRequired\":true,\"valueName\":\"search_term_string\"}}],\"inLanguage\":\"lt-LT\"}]}<\/script>\n<!-- \/ Yoast SEO plugin. -->","yoast_head_json":{"title":"Seraphine rasedate retuusid bambusest - Beebipai","description":"Rasedate retuusid bambusest on pehmed ja nahas\u00f5bralikud raseduse igaks n\u00e4dalaks. Vaata toodet rasedate retuusid bambusest!","robots":{"index":"index","follow":"follow","max-snippet":"max-snippet:-1","max-image-preview":"max-image-preview:large","max-video-preview":"max-video-preview:-1"},"canonical":"https:\/\/beebipai.ee\/lt\/product\/seraphine-rasedate-retuusid-bambusest\/","og_locale":"lt_LT","og_type":"article","og_title":"Seraphine rasedate retuusid bambusest - Beebipai","og_description":"Rasedate retuusid bambusest on pehmed ja nahas\u00f5bralikud raseduse igaks n\u00e4dalaks. Vaata toodet rasedate retuusid bambusest!","og_url":"https:\/\/beebipai.ee\/lt\/product\/seraphine-rasedate-retuusid-bambusest\/","og_site_name":"Beebipai","article_modified_time":"2026-04-02T07:57:05+00:00","og_image":[{"width":782,"height":1002,"url":"https:\/\/beebipai.ee\/wp-content\/uploads\/2022\/08\/Rasedate-retuusid-bambusest-e1659989284755.jpeg","type":"image\/jpeg"}],"twitter_card":"summary_large_image","twitter_misc":{"Est. reading time":"1 minut\u0117"},"schema":{"@context":"https:\/\/schema.org","@graph":[{"@type":"WebPage","@id":"https:\/\/beebipai.ee\/product\/seraphine-rasedate-retuusid-bambusest\/","url":"https:\/\/beebipai.ee\/product\/seraphine-rasedate-retuusid-bambusest\/","name":"Seraphine rasedate retuusid bambusest - Beebipai","isPartOf":{"@id":"https:\/\/beebipai.ee\/en\/#website"},"primaryImageOfPage":{"@id":"https:\/\/beebipai.ee\/product\/seraphine-rasedate-retuusid-bambusest\/#primaryimage"},"image":{"@id":"https:\/\/beebipai.ee\/product\/seraphine-rasedate-retuusid-bambusest\/#primaryimage"},"thumbnailUrl":"https:\/\/beebipai.ee\/wp-content\/uploads\/2022\/08\/Rasedate-retuusid-bambusest-e1659989284755.jpeg","datePublished":"2022-08-08T19:07:48+00:00","dateModified":"2026-04-02T07:57:05+00:00","description":"Rasedate retuusid bambusest on pehmed ja nahas\u00f5bralikud raseduse igaks n\u00e4dalaks. Vaata toodet rasedate retuusid bambusest!","breadcrumb":{"@id":"https:\/\/beebipai.ee\/product\/seraphine-rasedate-retuusid-bambusest\/#breadcrumb"},"inLanguage":"lt-LT","potentialAction":[{"@type":"ReadAction","target":["https:\/\/beebipai.ee\/product\/seraphine-rasedate-retuusid-bambusest\/"]}]},{"@type":"ImageObject","inLanguage":"lt-LT","@id":"https:\/\/beebipai.ee\/product\/seraphine-rasedate-retuusid-bambusest\/#primaryimage","url":"https:\/\/beebipai.ee\/wp-content\/uploads\/2022\/08\/Rasedate-retuusid-bambusest-e1659989284755.jpeg","contentUrl":"https:\/\/beebipai.ee\/wp-content\/uploads\/2022\/08\/Rasedate-retuusid-bambusest-e1659989284755.jpeg","width":782,"height":1002},{"@type":"BreadcrumbList","@id":"https:\/\/beebipai.ee\/product\/seraphine-rasedate-retuusid-bambusest\/#breadcrumb","itemListElement":[{"@type":"ListItem","position":1,"name":"Home","item":"https:\/\/beebipai.ee\/"},{"@type":"ListItem","position":2,"name":"Pood","item":"https:\/\/beebipai.ee\/store\/"},{"@type":"ListItem","position":3,"name":"Seraphine rasedate retuusid bambusest"}]},{"@type":"WebSite","@id":"https:\/\/beebipai.ee\/en\/#website","url":"https:\/\/beebipai.ee\/en\/","name":"Beebipai","description":"Rasedate ja beebide veebipood","potentialAction":[{"@type":"SearchAction","target":{"@type":"EntryPoint","urlTemplate":"https:\/\/beebipai.ee\/en\/?s={search_term_string}"},"query-input":{"@type":"PropertyValueSpecification","valueRequired":true,"valueName":"search_term_string"}}],"inLanguage":"lt-LT"}]}},"_links":{"self":[{"href":"https:\/\/beebipai.ee\/lt\/wp-json\/wp\/v2\/product\/5647","targetHints":{"allow":["GET"]}}],"collection":[{"href":"https:\/\/beebipai.ee\/lt\/wp-json\/wp\/v2\/product"}],"about":[{"href":"https:\/\/beebipai.ee\/lt\/wp-json\/wp\/v2\/types\/product"}],"version-history":[{"count":5,"href":"https:\/\/beebipai.ee\/lt\/wp-json\/wp\/v2\/product\/5647\/revisions"}],"predecessor-version":[{"id":5884,"href":"https:\/\/beebipai.ee\/lt\/wp-json\/wp\/v2\/product\/5647\/revisions\/5884"}],"wp:featuredmedia":[{"embeddable":true,"href":"https:\/\/beebipai.ee\/lt\/wp-json\/wp\/v2\/media\/5670"}],"wp:attachment":[{"href":"https:\/\/beebipai.ee\/lt\/wp-json\/wp\/v2\/media?parent=5647"}],"wp:term":[{"taxonomy":"product_brand","embeddable":true,"href":"https:\/\/beebipai.ee\/lt\/wp-json\/wp\/v2\/product_brand?post=5647"},{"taxonomy":"product_cat","embeddable":true,"href":"https:\/\/beebipai.ee\/lt\/wp-json\/wp\/v2\/product_cat?post=5647"},{"taxonomy":"product_tag","embeddable":true,"href":"https:\/\/beebipai.ee\/lt\/wp-json\/wp\/v2\/product_tag?post=5647"}],"curies":[{"name":"wp","href":"https:\/\/api.w.org\/{rel}","templated":true}]}}