{"id":4834,"date":"2022-06-22T17:40:51","date_gmt":"2022-06-22T14:40:51","guid":{"rendered":"https:\/\/beebipai.ee\/?post_type=product&#038;p=4834"},"modified":"2022-06-28T23:53:32","modified_gmt":"2022-06-28T20:53:32","slug":"meditsiinilised-kompressioonsukad-mustriga-18-21-mmhg","status":"publish","type":"product","link":"https:\/\/beebipai.ee\/lt\/product\/meditsiinilised-kompressioonsukad-mustriga-18-21-mmhg\/","title":{"rendered":"Meditsiinilised kompressioonsukad mustriga, 18-21 mmHg"},"content":{"rendered":"<div data-elementor-type=\"wp-post\" data-elementor-id=\"4834\" class=\"elementor elementor-4834\">\n\t\t\t\t\t\t<section class=\"elementor-section elementor-top-section elementor-element elementor-element-ea1600f elementor-section-boxed elementor-section-height-default elementor-section-height-default\" data-id=\"ea1600f\" data-element_type=\"section\" data-e-type=\"section\">\n\t\t\t\t\t\t<div class=\"elementor-container elementor-column-gap-default\">\n\t\t\t\t\t<div class=\"elementor-column elementor-col-50 elementor-top-column elementor-element elementor-element-54dd375\" data-id=\"54dd375\" data-element_type=\"column\" data-e-type=\"column\">\n\t\t\t<div class=\"elementor-widget-wrap elementor-element-populated\">\n\t\t\t\t\t\t<div class=\"elementor-element elementor-element-8cbbfcf elementor-widget elementor-widget-heading\" data-id=\"8cbbfcf\" data-element_type=\"widget\" data-e-type=\"widget\" data-widget_type=\"heading.default\">\n\t\t\t\t<div class=\"elementor-widget-container\">\n\t\t\t\t\t<h2 class=\"elementor-heading-title elementor-size-default\">Meditsiinilised kompressioonsukad<\/h2>\t\t\t\t<\/div>\n\t\t\t\t<\/div>\n\t\t\t\t<div class=\"elementor-element elementor-element-ea27ff4 elementor-widget elementor-widget-text-editor\" data-id=\"ea27ff4\" data-element_type=\"widget\" data-e-type=\"widget\" data-widget_type=\"text-editor.default\">\n\t\t\t\t<div class=\"elementor-widget-container\">\n\t\t\t\t\t\t\t\t\t<p>Perekondliku eelsoodumusega inimestel on veenilaiendite tekkimine mingis eluetapis enamasti paratamatu. Hormonaalsete muutuste m\u00f5jul v\u00f5ivad need tekkida alates teismeeast kuni vanema eani igas eluetapis. \u00dcks suurte hormonaalsete muutustega eluetapp on rasedus, kus eelsoodumusega inimestel veeilaiendid on kerged tekkima ja olemasolevad muutuma suuremaks ja paremini m\u00e4rgatavaks. Rasedusaegseid veenimuutusi soodustab ka oluliselt elastsem sidekude ja kasvava emaka surve alumistele vaagna veenidele. Veenilaiendite suurus ja v\u00e4ljan\u00e4gemine v\u00f5ivad k\u00f5ikuda seinast seina. Osadel ilmub nahapinnale peenikeste triibukestena n\u00f6 \u00e4mblikuv\u00f5rk, teistel aga suured v\u00e4\u00e4nilised v\u00e4ljapunduvad veenid<\/p><p>Veenilaiendeid raseduse ajal ei ravita ja paraku ei\u00a0 saa veenilaiendeid ravida kreemide, salvide ega ka tablettidega.<\/p><p>Ainus viis raseduse ajal veenilaiendeid ennetada ja olemasolevad hoida samasugustena, on kanda kompressioontooteid. Raseduse ajal on oluline hoida seda mis on, s\u00e4ilitades \u00fchtasi ka jalgade v\u00f5imalikult kena v\u00e4ljan\u00e4gemist.<\/p>\t\t\t\t\t\t\t\t<\/div>\n\t\t\t\t<\/div>\n\t\t\t\t\t<\/div>\n\t\t<\/div>\n\t\t\t\t<div class=\"elementor-column elementor-col-50 elementor-top-column elementor-element elementor-element-8e48d46\" data-id=\"8e48d46\" data-element_type=\"column\" data-e-type=\"column\">\n\t\t\t<div class=\"elementor-widget-wrap elementor-element-populated\">\n\t\t\t\t\t\t<div class=\"elementor-element elementor-element-5de1212 elementor-widget elementor-widget-image\" data-id=\"5de1212\" data-element_type=\"widget\" data-e-type=\"widget\" data-widget_type=\"image.default\">\n\t\t\t\t<div class=\"elementor-widget-container\">\n\t\t\t\t\t\t\t\t\t\t\t\t\t\t\t<img fetchpriority=\"high\" decoding=\"async\" width=\"768\" height=\"512\" src=\"https:\/\/beebipai.ee\/wp-content\/uploads\/2022\/06\/Varikoos-rasedusega1-768x512.jpg\" class=\"attachment-medium_large size-medium_large wp-image-4761\" alt=\"\" srcset=\"https:\/\/beebipai.ee\/wp-content\/uploads\/2022\/06\/Varikoos-rasedusega1-768x512.jpg 768w, https:\/\/beebipai.ee\/wp-content\/uploads\/2022\/06\/Varikoos-rasedusega1-e1655909013736-300x200.jpg 300w, https:\/\/beebipai.ee\/wp-content\/uploads\/2022\/06\/Varikoos-rasedusega1-e1655909013736-18x12.jpg 18w, https:\/\/beebipai.ee\/wp-content\/uploads\/2022\/06\/Varikoos-rasedusega1-600x400.jpg 600w, https:\/\/beebipai.ee\/wp-content\/uploads\/2022\/06\/Varikoos-rasedusega1-e1655909013736.jpg 400w\" sizes=\"(max-width: 768px) 100vw, 768px\" \/>\t\t\t\t\t\t\t\t\t\t\t\t\t\t\t<\/div>\n\t\t\t\t<\/div>\n\t\t\t\t\t<\/div>\n\t\t<\/div>\n\t\t\t\t\t<\/div>\n\t\t<\/section>\n\t\t\t\t<section class=\"elementor-section elementor-top-section elementor-element elementor-element-3465a0b elementor-section-boxed elementor-section-height-default elementor-section-height-default\" data-id=\"3465a0b\" data-element_type=\"section\" data-e-type=\"section\">\n\t\t\t\t\t\t<div class=\"elementor-container elementor-column-gap-default\">\n\t\t\t\t\t<div class=\"elementor-column elementor-col-50 elementor-top-column elementor-element elementor-element-abd6ede\" data-id=\"abd6ede\" data-element_type=\"column\" data-e-type=\"column\">\n\t\t\t<div class=\"elementor-widget-wrap elementor-element-populated\">\n\t\t\t\t\t\t<div class=\"elementor-element elementor-element-1801233 elementor-widget elementor-widget-image\" data-id=\"1801233\" data-element_type=\"widget\" data-e-type=\"widget\" data-widget_type=\"image.default\">\n\t\t\t\t<div class=\"elementor-widget-container\">\n\t\t\t\t\t\t\t\t\t\t\t\t\t\t\t<img decoding=\"async\" width=\"768\" height=\"1024\" src=\"https:\/\/beebipai.ee\/wp-content\/uploads\/2022\/06\/varikoos-rasedusega2-768x1024.jpg\" class=\"attachment-large size-large wp-image-4762\" alt=\"\" srcset=\"https:\/\/beebipai.ee\/wp-content\/uploads\/2022\/06\/varikoos-rasedusega2-768x1024.jpg 768w, https:\/\/beebipai.ee\/wp-content\/uploads\/2022\/06\/varikoos-rasedusega2-scaled-e1655909708626-225x300.jpg 225w, https:\/\/beebipai.ee\/wp-content\/uploads\/2022\/06\/varikoos-rasedusega2-1152x1536.jpg 1152w, https:\/\/beebipai.ee\/wp-content\/uploads\/2022\/06\/varikoos-rasedusega2-1536x2048.jpg 1536w, https:\/\/beebipai.ee\/wp-content\/uploads\/2022\/06\/varikoos-rasedusega2-scaled-e1655909708626-9x12.jpg 9w, https:\/\/beebipai.ee\/wp-content\/uploads\/2022\/06\/varikoos-rasedusega2-600x800.jpg 600w, https:\/\/beebipai.ee\/wp-content\/uploads\/2022\/06\/varikoos-rasedusega2-scaled-e1655909708626.jpg 400w\" sizes=\"(max-width: 768px) 100vw, 768px\" \/>\t\t\t\t\t\t\t\t\t\t\t\t\t\t\t<\/div>\n\t\t\t\t<\/div>\n\t\t\t\t\t<\/div>\n\t\t<\/div>\n\t\t\t\t<div class=\"elementor-column elementor-col-50 elementor-top-column elementor-element elementor-element-fa6a2ec\" data-id=\"fa6a2ec\" data-element_type=\"column\" data-e-type=\"column\">\n\t\t\t<div class=\"elementor-widget-wrap elementor-element-populated\">\n\t\t\t\t\t\t<div class=\"elementor-element elementor-element-937fc4c elementor-widget elementor-widget-text-editor\" data-id=\"937fc4c\" data-element_type=\"widget\" data-e-type=\"widget\" data-widget_type=\"text-editor.default\">\n\t\t\t\t<div class=\"elementor-widget-container\">\n\t\t\t\t\t\t\t\t\t<p>Meditsiinilised kompressioonsukad aitavad ennetada rasedusaegseid turseid jalgades ja veenilaiendeid. Ennetavad ja leevendavad tursetest tekkinud raskustunnet jalgades, jalgade v\u00e4simust ja valu. Sobivad ideaalselt pikkadele lennureisidele tromboosiriski v\u00e4hendamiseks<\/p><p>Meditsinilised kompressioonsukad on valmistatud \u00e4\u00e4rmiselt pehmest mikrokiust sukkade meeldivaks ja mugavaks\u00a0 igap\u00e4evaseks kasutamiseks. Kompressioonsukkades on suurendatud vastupidavust, s\u00e4ilitades tihedusj\u00f5udlust pikka aega. Kompressioonsukad on v\u00e4ga elastsed, mis aitab materjalil kohanduda jala kujuga. See on tagatud kahekordse l\u00fckra kudumisega. Kand ja varbaosa on \u00f5mmeldud nii, et need ei oleks n\u00e4htavad formaalsete kingade kandmisel. \u00a0Lameda \u00f5mbluse tehnoloogia v\u00e4ldib h\u00f5\u00f5rdumist ja pitsitamist, mis on samuti v\u00e4ga oluline igap\u00e4evastes ja pikkades kasutustingimustes. Sobituvad kenasti jalakujuga ja on visuaalselt jalas kaunid. H\u00fcpoallergeenne materjal vastab \u00d6KO TEX 100 standardile.\u00a0<\/p><p>Meditsiinilisi ja ennetavaid I kompressiooniklassiga tooteid on soovitatav kasutada:<\/p><ul><li>v\u00e4sinud ja raskete jalgade tunne<\/li><li>venoosse puudulikkus varajase staadiumi ravis, kus esineb jalgade pakitsus ja raskustunne. V\u00f5imalik ka pahkluude ja s\u00e4\u00e4rte turse<\/li><li>venoosse tromboosi ennetamiseks riskir\u00fchmades<\/li><li>s\u00fcvaveeni tromboosi ennetamiseks raseduse ajal ja s\u00fcnnitusj\u00e4rgses perioodis<\/li><li>jalgade turse ennetamiseks ja leevendamiseks<\/li><\/ul>\t\t\t\t\t\t\t\t<\/div>\n\t\t\t\t<\/div>\n\t\t\t\t\t<\/div>\n\t\t<\/div>\n\t\t\t\t\t<\/div>\n\t\t<\/section>\n\t\t\t\t<section class=\"elementor-section elementor-top-section elementor-element elementor-element-5f5f8bb elementor-section-boxed elementor-section-height-default elementor-section-height-default\" data-id=\"5f5f8bb\" data-element_type=\"section\" data-e-type=\"section\">\n\t\t\t\t\t\t<div class=\"elementor-container elementor-column-gap-default\">\n\t\t\t\t\t<div class=\"elementor-column elementor-col-100 elementor-top-column elementor-element elementor-element-9198680\" data-id=\"9198680\" data-element_type=\"column\" data-e-type=\"column\">\n\t\t\t<div class=\"elementor-widget-wrap elementor-element-populated\">\n\t\t\t\t\t\t<div class=\"elementor-element elementor-element-bc6352d elementor-widget elementor-widget-video\" data-id=\"bc6352d\" data-element_type=\"widget\" data-e-type=\"widget\" data-settings=\"{&quot;youtube_url&quot;:&quot;https:\\\/\\\/www.youtube.com\\\/watch?v=XzUxV3tN2Uo&quot;,&quot;video_type&quot;:&quot;youtube&quot;,&quot;controls&quot;:&quot;yes&quot;}\" data-widget_type=\"video.default\">\n\t\t\t\t<div class=\"elementor-widget-container\">\n\t\t\t\t\t\t\t<div class=\"elementor-wrapper elementor-open-inline\">\n\t\t\t<div class=\"elementor-video\"><\/div>\t\t<\/div>\n\t\t\t\t\t\t<\/div>\n\t\t\t\t<\/div>\n\t\t\t\t\t<\/div>\n\t\t<\/div>\n\t\t\t\t\t<\/div>\n\t\t<\/section>\n\t\t\t\t<\/div>","protected":false},"excerpt":{"rendered":"<p>Meditsiinilised kompressioonsukad aitavad ennetada jalgade turseid ja veenilaiendeid raseduse ajal. Sobivad igap\u00e4evaseks kasutamiseks igas raseduse etapis. Meditsiinilised kompressioonsukad on ideaalsed pikkadele lennureisidele tromboosi riski v\u00e4hendamiseks.<\/p>\n<p>Kompressiooni aste I. R\u00f5hk 18-21 mmHg<\/p>","protected":false},"featured_media":4835,"template":"","meta":{"_monsterinsights_skip_tracking":false,"_monsterinsights_sitenote_active":false,"_monsterinsights_sitenote_note":"","_monsterinsights_sitenote_category":0,"site-sidebar-layout":"no-sidebar","site-content-layout":"page-builder","ast-site-content-layout":"default","site-content-style":"default","site-sidebar-style":"default","ast-global-header-display":"","ast-banner-title-visibility":"","ast-main-header-display":"","ast-hfb-above-header-display":"","ast-hfb-below-header-display":"","ast-hfb-mobile-header-display":"","site-post-title":"disabled","ast-breadcrumbs-content":"","ast-featured-img":"disabled","footer-sml-layout":"","ast-disable-related-posts":"","theme-transparent-header-meta":"default","adv-header-id-meta":"","stick-header-meta":"","header-above-stick-meta":"","header-main-stick-meta":"","header-below-stick-meta":"","astra-migrate-meta-layouts":"default","ast-page-background-enabled":"default","ast-page-background-meta":{"desktop":{"background-color":"","background-image":"","background-repeat":"repeat","background-position":"center center","background-size":"auto","background-attachment":"scroll","background-type":"","background-media":"","overlay-type":"","overlay-color":"","overlay-opacity":"","overlay-gradient":""},"tablet":{"background-color":"","background-image":"","background-repeat":"repeat","background-position":"center center","background-size":"auto","background-attachment":"scroll","background-type":"","background-media":"","overlay-type":"","overlay-color":"","overlay-opacity":"","overlay-gradient":""},"mobile":{"background-color":"","background-image":"","background-repeat":"repeat","background-position":"center center","background-size":"auto","background-attachment":"scroll","background-type":"","background-media":"","overlay-type":"","overlay-color":"","overlay-opacity":"","overlay-gradient":""}},"ast-content-background-meta":{"desktop":{"background-color":"var(--ast-global-color-5)","background-image":"","background-repeat":"repeat","background-position":"center center","background-size":"auto","background-attachment":"scroll","background-type":"","background-media":"","overlay-type":"","overlay-color":"","overlay-opacity":"","overlay-gradient":""},"tablet":{"background-color":"var(--ast-global-color-5)","background-image":"","background-repeat":"repeat","background-position":"center center","background-size":"auto","background-attachment":"scroll","background-type":"","background-media":"","overlay-type":"","overlay-color":"","overlay-opacity":"","overlay-gradient":""},"mobile":{"background-color":"var(--ast-global-color-5)","background-image":"","background-repeat":"repeat","background-position":"center center","background-size":"auto","background-attachment":"scroll","background-type":"","background-media":"","overlay-type":"","overlay-color":"","overlay-opacity":"","overlay-gradient":""}}},"product_brand":[],"product_cat":[22,134],"product_tag":[],"class_list":{"0":"post-4834","1":"product","2":"type-product","3":"status-publish","4":"has-post-thumbnail","6":"product_cat-emale","7":"product_cat-kompressioon-tooted","8":"desktop-align-left","9":"tablet-align-left","10":"mobile-align-left","12":"first","13":"instock","14":"taxable","15":"shipping-taxable","16":"purchasable","17":"product-type-variable"},"yoast_head":"<!-- This site is optimized with the Yoast SEO plugin v27.3 - https:\/\/yoast.com\/product\/yoast-seo-wordpress\/ -->\n<title>Meditsiinilised kompressioonsukad mustriga, 18-21 mmHg - Beebipai<\/title>\n<meta name=\"description\" content=\"Meditsiinilised kompressioonsukad aitavad ennetada turseid ja veenilaiendeid raseduse ajal. Vaata toodet meditsiinilised kompressioonsukad!\" \/>\n<meta name=\"robots\" content=\"index, follow, max-snippet:-1, max-image-preview:large, max-video-preview:-1\" \/>\n<link rel=\"canonical\" href=\"https:\/\/beebipai.ee\/lt\/product\/meditsiinilised-kompressioonsukad-mustriga-18-21-mmhg\/\" \/>\n<meta property=\"og:locale\" content=\"lt_LT\" \/>\n<meta property=\"og:type\" content=\"article\" \/>\n<meta property=\"og:title\" content=\"Meditsiinilised kompressioonsukad mustriga, 18-21 mmHg - Beebipai\" \/>\n<meta property=\"og:description\" content=\"Meditsiinilised kompressioonsukad aitavad ennetada turseid ja veenilaiendeid raseduse ajal. Vaata toodet meditsiinilised kompressioonsukad!\" \/>\n<meta property=\"og:url\" content=\"https:\/\/beebipai.ee\/lt\/product\/meditsiinilised-kompressioonsukad-mustriga-18-21-mmhg\/\" \/>\n<meta property=\"og:site_name\" content=\"Beebipai\" \/>\n<meta property=\"article:modified_time\" content=\"2022-06-28T20:53:32+00:00\" \/>\n<meta property=\"og:image\" content=\"https:\/\/beebipai.ee\/wp-content\/uploads\/2022\/06\/kompressioonsukad.webp\" \/>\n\t<meta property=\"og:image:width\" content=\"876\" \/>\n\t<meta property=\"og:image:height\" content=\"876\" \/>\n\t<meta property=\"og:image:type\" content=\"image\/webp\" \/>\n<meta name=\"twitter:card\" content=\"summary_large_image\" \/>\n<meta name=\"twitter:label1\" content=\"Est. reading time\" \/>\n\t<meta name=\"twitter:data1\" content=\"2 minut\u0117s\" \/>\n<script type=\"application\/ld+json\" class=\"yoast-schema-graph\">{\"@context\":\"https:\\\/\\\/schema.org\",\"@graph\":[{\"@type\":\"WebPage\",\"@id\":\"https:\\\/\\\/beebipai.ee\\\/product\\\/meditsiinilised-kompressioonsukad-mustriga-18-21-mmhg\\\/\",\"url\":\"https:\\\/\\\/beebipai.ee\\\/product\\\/meditsiinilised-kompressioonsukad-mustriga-18-21-mmhg\\\/\",\"name\":\"Meditsiinilised kompressioonsukad mustriga, 18-21 mmHg - Beebipai\",\"isPartOf\":{\"@id\":\"https:\\\/\\\/beebipai.ee\\\/en\\\/#website\"},\"primaryImageOfPage\":{\"@id\":\"https:\\\/\\\/beebipai.ee\\\/product\\\/meditsiinilised-kompressioonsukad-mustriga-18-21-mmhg\\\/#primaryimage\"},\"image\":{\"@id\":\"https:\\\/\\\/beebipai.ee\\\/product\\\/meditsiinilised-kompressioonsukad-mustriga-18-21-mmhg\\\/#primaryimage\"},\"thumbnailUrl\":\"https:\\\/\\\/beebipai.ee\\\/wp-content\\\/uploads\\\/2022\\\/06\\\/kompressioonsukad.webp\",\"datePublished\":\"2022-06-22T14:40:51+00:00\",\"dateModified\":\"2022-06-28T20:53:32+00:00\",\"description\":\"Meditsiinilised kompressioonsukad aitavad ennetada turseid ja veenilaiendeid raseduse ajal. Vaata toodet meditsiinilised kompressioonsukad!\",\"breadcrumb\":{\"@id\":\"https:\\\/\\\/beebipai.ee\\\/product\\\/meditsiinilised-kompressioonsukad-mustriga-18-21-mmhg\\\/#breadcrumb\"},\"inLanguage\":\"lt-LT\",\"potentialAction\":[{\"@type\":\"ReadAction\",\"target\":[\"https:\\\/\\\/beebipai.ee\\\/product\\\/meditsiinilised-kompressioonsukad-mustriga-18-21-mmhg\\\/\"]}]},{\"@type\":\"ImageObject\",\"inLanguage\":\"lt-LT\",\"@id\":\"https:\\\/\\\/beebipai.ee\\\/product\\\/meditsiinilised-kompressioonsukad-mustriga-18-21-mmhg\\\/#primaryimage\",\"url\":\"https:\\\/\\\/beebipai.ee\\\/wp-content\\\/uploads\\\/2022\\\/06\\\/kompressioonsukad.webp\",\"contentUrl\":\"https:\\\/\\\/beebipai.ee\\\/wp-content\\\/uploads\\\/2022\\\/06\\\/kompressioonsukad.webp\",\"width\":876,\"height\":876},{\"@type\":\"BreadcrumbList\",\"@id\":\"https:\\\/\\\/beebipai.ee\\\/product\\\/meditsiinilised-kompressioonsukad-mustriga-18-21-mmhg\\\/#breadcrumb\",\"itemListElement\":[{\"@type\":\"ListItem\",\"position\":1,\"name\":\"Home\",\"item\":\"https:\\\/\\\/beebipai.ee\\\/\"},{\"@type\":\"ListItem\",\"position\":2,\"name\":\"Pood\",\"item\":\"https:\\\/\\\/beebipai.ee\\\/store\\\/\"},{\"@type\":\"ListItem\",\"position\":3,\"name\":\"Meditsiinilised kompressioonsukad mustriga, 18-21 mmHg\"}]},{\"@type\":\"WebSite\",\"@id\":\"https:\\\/\\\/beebipai.ee\\\/en\\\/#website\",\"url\":\"https:\\\/\\\/beebipai.ee\\\/en\\\/\",\"name\":\"Beebipai\",\"description\":\"Rasedate ja beebide veebipood\",\"potentialAction\":[{\"@type\":\"SearchAction\",\"target\":{\"@type\":\"EntryPoint\",\"urlTemplate\":\"https:\\\/\\\/beebipai.ee\\\/en\\\/?s={search_term_string}\"},\"query-input\":{\"@type\":\"PropertyValueSpecification\",\"valueRequired\":true,\"valueName\":\"search_term_string\"}}],\"inLanguage\":\"lt-LT\"}]}<\/script>\n<!-- \/ Yoast SEO plugin. -->","yoast_head_json":{"title":"Meditsiinilised kompressioonsukad mustriga, 18-21 mmHg - Beebipai","description":"Meditsiinilised kompressioonsukad aitavad ennetada turseid ja veenilaiendeid raseduse ajal. Vaata toodet meditsiinilised kompressioonsukad!","robots":{"index":"index","follow":"follow","max-snippet":"max-snippet:-1","max-image-preview":"max-image-preview:large","max-video-preview":"max-video-preview:-1"},"canonical":"https:\/\/beebipai.ee\/lt\/product\/meditsiinilised-kompressioonsukad-mustriga-18-21-mmhg\/","og_locale":"lt_LT","og_type":"article","og_title":"Meditsiinilised kompressioonsukad mustriga, 18-21 mmHg - Beebipai","og_description":"Meditsiinilised kompressioonsukad aitavad ennetada turseid ja veenilaiendeid raseduse ajal. Vaata toodet meditsiinilised kompressioonsukad!","og_url":"https:\/\/beebipai.ee\/lt\/product\/meditsiinilised-kompressioonsukad-mustriga-18-21-mmhg\/","og_site_name":"Beebipai","article_modified_time":"2022-06-28T20:53:32+00:00","og_image":[{"width":876,"height":876,"url":"https:\/\/beebipai.ee\/wp-content\/uploads\/2022\/06\/kompressioonsukad.webp","type":"image\/webp"}],"twitter_card":"summary_large_image","twitter_misc":{"Est. reading time":"2 minut\u0117s"},"schema":{"@context":"https:\/\/schema.org","@graph":[{"@type":"WebPage","@id":"https:\/\/beebipai.ee\/product\/meditsiinilised-kompressioonsukad-mustriga-18-21-mmhg\/","url":"https:\/\/beebipai.ee\/product\/meditsiinilised-kompressioonsukad-mustriga-18-21-mmhg\/","name":"Meditsiinilised kompressioonsukad mustriga, 18-21 mmHg - Beebipai","isPartOf":{"@id":"https:\/\/beebipai.ee\/en\/#website"},"primaryImageOfPage":{"@id":"https:\/\/beebipai.ee\/product\/meditsiinilised-kompressioonsukad-mustriga-18-21-mmhg\/#primaryimage"},"image":{"@id":"https:\/\/beebipai.ee\/product\/meditsiinilised-kompressioonsukad-mustriga-18-21-mmhg\/#primaryimage"},"thumbnailUrl":"https:\/\/beebipai.ee\/wp-content\/uploads\/2022\/06\/kompressioonsukad.webp","datePublished":"2022-06-22T14:40:51+00:00","dateModified":"2022-06-28T20:53:32+00:00","description":"Meditsiinilised kompressioonsukad aitavad ennetada turseid ja veenilaiendeid raseduse ajal. Vaata toodet meditsiinilised kompressioonsukad!","breadcrumb":{"@id":"https:\/\/beebipai.ee\/product\/meditsiinilised-kompressioonsukad-mustriga-18-21-mmhg\/#breadcrumb"},"inLanguage":"lt-LT","potentialAction":[{"@type":"ReadAction","target":["https:\/\/beebipai.ee\/product\/meditsiinilised-kompressioonsukad-mustriga-18-21-mmhg\/"]}]},{"@type":"ImageObject","inLanguage":"lt-LT","@id":"https:\/\/beebipai.ee\/product\/meditsiinilised-kompressioonsukad-mustriga-18-21-mmhg\/#primaryimage","url":"https:\/\/beebipai.ee\/wp-content\/uploads\/2022\/06\/kompressioonsukad.webp","contentUrl":"https:\/\/beebipai.ee\/wp-content\/uploads\/2022\/06\/kompressioonsukad.webp","width":876,"height":876},{"@type":"BreadcrumbList","@id":"https:\/\/beebipai.ee\/product\/meditsiinilised-kompressioonsukad-mustriga-18-21-mmhg\/#breadcrumb","itemListElement":[{"@type":"ListItem","position":1,"name":"Home","item":"https:\/\/beebipai.ee\/"},{"@type":"ListItem","position":2,"name":"Pood","item":"https:\/\/beebipai.ee\/store\/"},{"@type":"ListItem","position":3,"name":"Meditsiinilised kompressioonsukad mustriga, 18-21 mmHg"}]},{"@type":"WebSite","@id":"https:\/\/beebipai.ee\/en\/#website","url":"https:\/\/beebipai.ee\/en\/","name":"Beebipai","description":"Rasedate ja beebide veebipood","potentialAction":[{"@type":"SearchAction","target":{"@type":"EntryPoint","urlTemplate":"https:\/\/beebipai.ee\/en\/?s={search_term_string}"},"query-input":{"@type":"PropertyValueSpecification","valueRequired":true,"valueName":"search_term_string"}}],"inLanguage":"lt-LT"}]}},"_links":{"self":[{"href":"https:\/\/beebipai.ee\/lt\/wp-json\/wp\/v2\/product\/4834","targetHints":{"allow":["GET"]}}],"collection":[{"href":"https:\/\/beebipai.ee\/lt\/wp-json\/wp\/v2\/product"}],"about":[{"href":"https:\/\/beebipai.ee\/lt\/wp-json\/wp\/v2\/types\/product"}],"version-history":[{"count":5,"href":"https:\/\/beebipai.ee\/lt\/wp-json\/wp\/v2\/product\/4834\/revisions"}],"predecessor-version":[{"id":5064,"href":"https:\/\/beebipai.ee\/lt\/wp-json\/wp\/v2\/product\/4834\/revisions\/5064"}],"wp:featuredmedia":[{"embeddable":true,"href":"https:\/\/beebipai.ee\/lt\/wp-json\/wp\/v2\/media\/4835"}],"wp:attachment":[{"href":"https:\/\/beebipai.ee\/lt\/wp-json\/wp\/v2\/media?parent=4834"}],"wp:term":[{"taxonomy":"product_brand","embeddable":true,"href":"https:\/\/beebipai.ee\/lt\/wp-json\/wp\/v2\/product_brand?post=4834"},{"taxonomy":"product_cat","embeddable":true,"href":"https:\/\/beebipai.ee\/lt\/wp-json\/wp\/v2\/product_cat?post=4834"},{"taxonomy":"product_tag","embeddable":true,"href":"https:\/\/beebipai.ee\/lt\/wp-json\/wp\/v2\/product_tag?post=4834"}],"curies":[{"name":"wp","href":"https:\/\/api.w.org\/{rel}","templated":true}]}}