{"id":4738,"date":"2022-06-21T13:57:16","date_gmt":"2022-06-21T10:57:16","guid":{"rendered":"https:\/\/beebipai.ee\/?post_type=product&#038;p=4738"},"modified":"2024-10-27T14:57:37","modified_gmt":"2024-10-27T12:57:37","slug":"profulaktilised-kompressiooni-polvikud-10-18-mmhg","status":"publish","type":"product","link":"https:\/\/beebipai.ee\/lt\/product\/profulaktilised-kompressiooni-polvikud-10-18-mmhg\/","title":{"rendered":"Prof\u00fclaktilised kompressioonp\u00f5lvikud, 10-18 mmHg"},"content":{"rendered":"<div data-elementor-type=\"wp-post\" data-elementor-id=\"4738\" class=\"elementor elementor-4738\">\n\t\t\t\t\t\t<section class=\"elementor-section elementor-top-section elementor-element elementor-element-526a92a elementor-section-boxed elementor-section-height-default elementor-section-height-default\" data-id=\"526a92a\" data-element_type=\"section\" data-e-type=\"section\">\n\t\t\t\t\t\t<div class=\"elementor-container elementor-column-gap-default\">\n\t\t\t\t\t<div class=\"elementor-column elementor-col-50 elementor-top-column elementor-element elementor-element-161db7e\" data-id=\"161db7e\" data-element_type=\"column\" data-e-type=\"column\">\n\t\t\t<div class=\"elementor-widget-wrap elementor-element-populated\">\n\t\t\t\t\t\t<div class=\"elementor-element elementor-element-e50db14 elementor-widget elementor-widget-heading\" data-id=\"e50db14\" data-element_type=\"widget\" data-e-type=\"widget\" data-widget_type=\"heading.default\">\n\t\t\t\t<div class=\"elementor-widget-container\">\n\t\t\t\t\t<h2 class=\"elementor-heading-title elementor-size-default\">Prof\u00fclaktilised kompressioonp\u00f5lvikud<\/h2>\t\t\t\t<\/div>\n\t\t\t\t<\/div>\n\t\t\t\t<div class=\"elementor-element elementor-element-6079844 elementor-widget elementor-widget-text-editor\" data-id=\"6079844\" data-element_type=\"widget\" data-e-type=\"widget\" data-widget_type=\"text-editor.default\">\n\t\t\t\t<div class=\"elementor-widget-container\">\n\t\t\t\t\t\t\t\t\t<p>Antroje n\u0117\u0161tumo pus\u0117je daugelis b\u016bsim\u0173 motin\u0173 pradeda jausti patinim\u0105. Kojos, daugiausia pir\u0161tai, padai, kulk\u0161nys link\u0119 tinti. Rank\u0173 patinimas yra antras pagal da\u017enum\u0105. Dauguma patinim\u0173 n\u0117\u0161tumo metu yra fiziologiniai, t.y. normal\u016bs. Patinimus n\u0117\u0161tumo metu sukelia ir hormoniniai poky\u010diai, d\u0117l kuri\u0173 organizmo l\u0105stel\u0117s suri\u0161a daugiau skys\u010di\u0173, ir augan\u010dio vaiko spaudimas dubens venoms, d\u0117l kurio sul\u0117t\u0117ja koj\u0173 kraujotaka. Patinimai da\u017eniau b\u016bna vakare, po ilgo s\u0117d\u0117jimo ar stov\u0117jimo, \u0161iltesniu oru.\u00a0<\/p><p>Tursete leevendamisek:<\/p><ul><li>apriboti druskos kiek\u012f maiste<\/li><li>gerti pakankamai skys\u010di\u0173<\/li><li>jud\u0117ti kasdien<\/li><li>kojin\u0117s, keln\u0117s ir batai neturi niekur suspausti ir nesirai\u017eyti<\/li><li>pakelk kojas auk\u0161tyn<\/li><li>v\u0117sios p\u0117d\u0173 vonios arba kintamo vandens (\u0161ilto\/\u0161alto) du\u0161o masa\u017eas<\/li><li>suspaudimo produktai<\/li><\/ul><p>Kui tursed s\u00fcvenevad ja kodused leevendusmeetodid kergendust ei too, turse l\u00e4heb n\u00e4gu, esineb peavalu, t\u00e4pid silmade ees, kohin k\u00f5rvades, \u00fclak\u00f5huvalu, siis tuleb kindlasti p\u00f6\u00f6rduda \u00e4mmaemanda\/naistearsti poole t\u00e4iendavateks uuringuteks ja preeklampsia v\u00e4listamiseks.\u00a0<\/p>\t\t\t\t\t\t\t\t<\/div>\n\t\t\t\t<\/div>\n\t\t\t\t\t<\/div>\n\t\t<\/div>\n\t\t\t\t<div class=\"elementor-column elementor-col-50 elementor-top-column elementor-element elementor-element-6f941e5\" data-id=\"6f941e5\" data-element_type=\"column\" data-e-type=\"column\">\n\t\t\t<div class=\"elementor-widget-wrap elementor-element-populated\">\n\t\t\t\t\t\t<div class=\"elementor-element elementor-element-a8be4a5 elementor-widget elementor-widget-image\" data-id=\"a8be4a5\" data-element_type=\"widget\" data-e-type=\"widget\" data-widget_type=\"image.default\">\n\t\t\t\t<div class=\"elementor-widget-container\">\n\t\t\t\t\t\t\t\t\t\t\t\t\t\t\t<img fetchpriority=\"high\" decoding=\"async\" width=\"768\" height=\"556\" src=\"https:\/\/beebipai.ee\/wp-content\/uploads\/2022\/06\/turses-jalad4-768x556.webp\" class=\"attachment-medium_large size-medium_large wp-image-4759\" alt=\"\" srcset=\"https:\/\/beebipai.ee\/wp-content\/uploads\/2022\/06\/turses-jalad4-768x556.webp 768w, https:\/\/beebipai.ee\/wp-content\/uploads\/2022\/06\/turses-jalad4-e1655843030263-300x218.webp 300w, https:\/\/beebipai.ee\/wp-content\/uploads\/2022\/06\/turses-jalad4-1024x742.webp 1024w, https:\/\/beebipai.ee\/wp-content\/uploads\/2022\/06\/turses-jalad4-e1655843030263-18x12.webp 18w, https:\/\/beebipai.ee\/wp-content\/uploads\/2022\/06\/turses-jalad4-600x435.webp 600w, https:\/\/beebipai.ee\/wp-content\/uploads\/2022\/06\/turses-jalad4-e1655843030263.webp 400w\" sizes=\"(max-width: 768px) 100vw, 768px\" \/>\t\t\t\t\t\t\t\t\t\t\t\t\t\t\t<\/div>\n\t\t\t\t<\/div>\n\t\t\t\t\t<\/div>\n\t\t<\/div>\n\t\t\t\t\t<\/div>\n\t\t<\/section>\n\t\t\t\t<section class=\"elementor-section elementor-top-section elementor-element elementor-element-cfc49dd elementor-section-boxed elementor-section-height-default elementor-section-height-default\" data-id=\"cfc49dd\" data-element_type=\"section\" data-e-type=\"section\">\n\t\t\t\t\t\t<div class=\"elementor-container elementor-column-gap-default\">\n\t\t\t\t\t<div class=\"elementor-column elementor-col-50 elementor-top-column elementor-element elementor-element-5ced7bc\" data-id=\"5ced7bc\" data-element_type=\"column\" data-e-type=\"column\">\n\t\t\t<div class=\"elementor-widget-wrap elementor-element-populated\">\n\t\t\t\t\t\t<div class=\"elementor-element elementor-element-adbf31c elementor-widget elementor-widget-image\" data-id=\"adbf31c\" data-element_type=\"widget\" data-e-type=\"widget\" data-widget_type=\"image.default\">\n\t\t\t\t<div class=\"elementor-widget-container\">\n\t\t\t\t\t\t\t\t\t\t\t\t\t\t\t<img decoding=\"async\" width=\"768\" height=\"768\" src=\"https:\/\/beebipai.ee\/wp-content\/uploads\/2022\/06\/Profulaktilised-kompressioonpolvikud1-768x768.webp\" class=\"attachment-medium_large size-medium_large wp-image-4756\" alt=\"\" srcset=\"https:\/\/beebipai.ee\/wp-content\/uploads\/2022\/06\/Profulaktilised-kompressioonpolvikud1-768x768.webp 768w, https:\/\/beebipai.ee\/wp-content\/uploads\/2022\/06\/Profulaktilised-kompressioonpolvikud1-e1655844930424-300x300.webp 300w, https:\/\/beebipai.ee\/wp-content\/uploads\/2022\/06\/Profulaktilised-kompressioonpolvikud1-e1655844930424-150x150.webp 150w, https:\/\/beebipai.ee\/wp-content\/uploads\/2022\/06\/Profulaktilised-kompressioonpolvikud1-e1655844930424-12x12.webp 12w, https:\/\/beebipai.ee\/wp-content\/uploads\/2022\/06\/Profulaktilised-kompressioonpolvikud1-600x600.webp 600w, https:\/\/beebipai.ee\/wp-content\/uploads\/2022\/06\/Profulaktilised-kompressioonpolvikud1-e1655844930424-100x100.webp 100w, https:\/\/beebipai.ee\/wp-content\/uploads\/2022\/06\/Profulaktilised-kompressioonpolvikud1-e1655844930424.webp 400w\" sizes=\"(max-width: 768px) 100vw, 768px\" \/>\t\t\t\t\t\t\t\t\t\t\t\t\t\t\t<\/div>\n\t\t\t\t<\/div>\n\t\t\t\t\t<\/div>\n\t\t<\/div>\n\t\t\t\t<div class=\"elementor-column elementor-col-50 elementor-top-column elementor-element elementor-element-7e4815d\" data-id=\"7e4815d\" data-element_type=\"column\" data-e-type=\"column\">\n\t\t\t<div class=\"elementor-widget-wrap elementor-element-populated\">\n\t\t\t\t\t\t<div class=\"elementor-element elementor-element-454189b elementor-widget elementor-widget-text-editor\" data-id=\"454189b\" data-element_type=\"widget\" data-e-type=\"widget\" data-widget_type=\"text-editor.default\">\n\t\t\t\t<div class=\"elementor-widget-container\">\n\t\t\t\t\t\t\t\t\t<p>Prof\u00fclaktilised kompressioonp\u00f5lvikud aitavad ennetada ja leevendada rasedusaegseid turseid. V\u00e4hendavad jalgade v\u00e4simust ja raskust. Samuti aitavad ennetada veenilaiendite teket, eriti soovituslik kasutada igap\u00e4evaselt inimestel, kellel veenilaiendite tekkeks on eelsoodumus.<\/p><p>Kompressioonp\u00f5lvikute lame \u00f5mblustehnoloogia v\u00e4ldib kasutamisel h\u00f5\u00f5rdumise ja pitsituse. H\u00fcpoallergeenne materjal vastab \u00d6KO TEX 100 standardile. Kompressioonp\u00f5lvikud istuvad jalga mugavalt, on ilusa v\u00e4ljan\u00e4gemisega ja annavad jalale kerge ja m\u00f5nusa tunde terveks p\u00e4evaks. Ennetavaid kompresioonp\u00f5lvikuid on eriti soovitatav kasutada igap\u00e4evaselt:<\/p><ul><li>n\u0117\u0161tumo metu<\/li><li>\u017emon\u0117ms, dirbantiems s\u0117dim\u0105 ir stovim\u0105 darb\u0105<\/li><li>\u017emon\u0117ms, kurie kilnoja svorius<\/li><li>antsvorio turintiems \u017emon\u0117ms<\/li><li>\u017emon\u0117ms, kuri\u0173 \u0161eimoje yra buv\u0119 kraujagysli\u0173 lig\u0173<\/li><\/ul>\t\t\t\t\t\t\t\t<\/div>\n\t\t\t\t<\/div>\n\t\t\t\t\t<\/div>\n\t\t<\/div>\n\t\t\t\t\t<\/div>\n\t\t<\/section>\n\t\t\t\t<section class=\"elementor-section elementor-top-section elementor-element elementor-element-1c50b84 elementor-section-boxed elementor-section-height-default elementor-section-height-default\" data-id=\"1c50b84\" data-element_type=\"section\" data-e-type=\"section\">\n\t\t\t\t\t\t<div class=\"elementor-container elementor-column-gap-default\">\n\t\t\t\t\t<div class=\"elementor-column elementor-col-100 elementor-top-column elementor-element elementor-element-6854a94\" data-id=\"6854a94\" data-element_type=\"column\" data-e-type=\"column\">\n\t\t\t<div class=\"elementor-widget-wrap elementor-element-populated\">\n\t\t\t\t\t\t<div class=\"elementor-element elementor-element-7344598 elementor-widget elementor-widget-video\" data-id=\"7344598\" data-element_type=\"widget\" data-e-type=\"widget\" data-settings=\"{&quot;youtube_url&quot;:&quot;https:\\\/\\\/www.youtube.com\\\/watch?v=jgu0siStA3c&quot;,&quot;video_type&quot;:&quot;youtube&quot;,&quot;controls&quot;:&quot;yes&quot;}\" data-widget_type=\"video.default\">\n\t\t\t\t<div class=\"elementor-widget-container\">\n\t\t\t\t\t\t\t<div class=\"elementor-wrapper elementor-open-inline\">\n\t\t\t<div class=\"elementor-video\"><\/div>\t\t<\/div>\n\t\t\t\t\t\t<\/div>\n\t\t\t\t<\/div>\n\t\t\t\t\t<\/div>\n\t\t<\/div>\n\t\t\t\t\t<\/div>\n\t\t<\/section>\n\t\t\t\t<\/div>","protected":false},"excerpt":{"rendered":"<p>Prof\u00fclaktilised kompressioonp\u00f5lvikud aitavad ennetada ja leevendada rasedusaegset jalgade turset ning veenilaiendeid. Sobivad igap\u00e4evaseks kasutamiseks<\/p>\n<p>0 kompressiooni klass ehk prof\u00fclaktiline\/ennetav. R\u00f5hk 10-18 mmHg<\/p>","protected":false},"featured_media":4755,"template":"","meta":{"_monsterinsights_skip_tracking":false,"_monsterinsights_sitenote_active":false,"_monsterinsights_sitenote_note":"","_monsterinsights_sitenote_category":0,"site-sidebar-layout":"no-sidebar","site-content-layout":"page-builder","ast-site-content-layout":"default","site-content-style":"default","site-sidebar-style":"default","ast-global-header-display":"","ast-banner-title-visibility":"","ast-main-header-display":"","ast-hfb-above-header-display":"","ast-hfb-below-header-display":"","ast-hfb-mobile-header-display":"","site-post-title":"disabled","ast-breadcrumbs-content":"","ast-featured-img":"disabled","footer-sml-layout":"","ast-disable-related-posts":"","theme-transparent-header-meta":"default","adv-header-id-meta":"","stick-header-meta":"","header-above-stick-meta":"","header-main-stick-meta":"","header-below-stick-meta":"","astra-migrate-meta-layouts":"default","ast-page-background-enabled":"default","ast-page-background-meta":{"desktop":{"background-color":"","background-image":"","background-repeat":"repeat","background-position":"center center","background-size":"auto","background-attachment":"scroll","background-type":"","background-media":"","overlay-type":"","overlay-color":"","overlay-opacity":"","overlay-gradient":""},"tablet":{"background-color":"","background-image":"","background-repeat":"repeat","background-position":"center center","background-size":"auto","background-attachment":"scroll","background-type":"","background-media":"","overlay-type":"","overlay-color":"","overlay-opacity":"","overlay-gradient":""},"mobile":{"background-color":"","background-image":"","background-repeat":"repeat","background-position":"center center","background-size":"auto","background-attachment":"scroll","background-type":"","background-media":"","overlay-type":"","overlay-color":"","overlay-opacity":"","overlay-gradient":""}},"ast-content-background-meta":{"desktop":{"background-color":"var(--ast-global-color-5)","background-image":"","background-repeat":"repeat","background-position":"center center","background-size":"auto","background-attachment":"scroll","background-type":"","background-media":"","overlay-type":"","overlay-color":"","overlay-opacity":"","overlay-gradient":""},"tablet":{"background-color":"var(--ast-global-color-5)","background-image":"","background-repeat":"repeat","background-position":"center center","background-size":"auto","background-attachment":"scroll","background-type":"","background-media":"","overlay-type":"","overlay-color":"","overlay-opacity":"","overlay-gradient":""},"mobile":{"background-color":"var(--ast-global-color-5)","background-image":"","background-repeat":"repeat","background-position":"center center","background-size":"auto","background-attachment":"scroll","background-type":"","background-media":"","overlay-type":"","overlay-color":"","overlay-opacity":"","overlay-gradient":""}}},"product_brand":[],"product_cat":[22,134],"product_tag":[],"class_list":{"0":"post-4738","1":"product","2":"type-product","3":"status-publish","4":"has-post-thumbnail","6":"product_cat-emale","7":"product_cat-kompressioon-tooted","8":"desktop-align-left","9":"tablet-align-left","10":"mobile-align-left","12":"first","13":"instock","14":"taxable","15":"shipping-taxable","16":"purchasable","17":"product-type-variable"},"yoast_head":"<!-- This site is optimized with the Yoast SEO plugin v27.3 - https:\/\/yoast.com\/product\/yoast-seo-wordpress\/ -->\n<title>Prof\u00fclaktilised kompressioonp\u00f5lvikud, 10-18 mmHg - Beebipai<\/title>\n<meta name=\"description\" content=\"Prof\u00fclaktilised kompressioonp\u00f5lvikud aitavad ennetada jalgade turset ja veenilaiendeid raseduse ajal. Vaata toodet prof\u00fclaktilised kompressioonp\u00f5lvikud!\" \/>\n<meta name=\"robots\" content=\"index, follow, max-snippet:-1, max-image-preview:large, max-video-preview:-1\" \/>\n<link rel=\"canonical\" href=\"https:\/\/beebipai.ee\/lt\/product\/profulaktilised-kompressiooni-polvikud-10-18-mmhg\/\" \/>\n<meta property=\"og:locale\" content=\"lt_LT\" \/>\n<meta property=\"og:type\" content=\"article\" \/>\n<meta property=\"og:title\" content=\"Prof\u00fclaktilised kompressioonp\u00f5lvikud, 10-18 mmHg - Beebipai\" \/>\n<meta property=\"og:description\" content=\"Prof\u00fclaktilised kompressioonp\u00f5lvikud aitavad ennetada jalgade turset ja veenilaiendeid raseduse ajal. Vaata toodet prof\u00fclaktilised kompressioonp\u00f5lvikud!\" \/>\n<meta property=\"og:url\" content=\"https:\/\/beebipai.ee\/lt\/product\/profulaktilised-kompressiooni-polvikud-10-18-mmhg\/\" \/>\n<meta property=\"og:site_name\" content=\"Beebipai\" \/>\n<meta property=\"article:modified_time\" content=\"2024-10-27T12:57:37+00:00\" \/>\n<meta property=\"og:image\" content=\"https:\/\/beebipai.ee\/wp-content\/uploads\/2022\/06\/Profulaktilised-kompressioonpolvikud.webp\" \/>\n\t<meta property=\"og:image:width\" content=\"876\" \/>\n\t<meta property=\"og:image:height\" content=\"876\" \/>\n\t<meta property=\"og:image:type\" content=\"image\/webp\" \/>\n<meta name=\"twitter:card\" content=\"summary_large_image\" \/>\n<meta name=\"twitter:label1\" content=\"Est. reading time\" \/>\n\t<meta name=\"twitter:data1\" content=\"2 minut\u0117s\" \/>\n<script type=\"application\/ld+json\" class=\"yoast-schema-graph\">{\"@context\":\"https:\\\/\\\/schema.org\",\"@graph\":[{\"@type\":\"WebPage\",\"@id\":\"https:\\\/\\\/beebipai.ee\\\/lt\\\/product\\\/profulaktilised-kompressiooni-polvikud-10-18-mmhg\\\/\",\"url\":\"https:\\\/\\\/beebipai.ee\\\/lt\\\/product\\\/profulaktilised-kompressiooni-polvikud-10-18-mmhg\\\/\",\"name\":\"Prof\u00fclaktilised kompressioonp\u00f5lvikud, 10-18 mmHg - Beebipai\",\"isPartOf\":{\"@id\":\"https:\\\/\\\/beebipai.ee\\\/en\\\/#website\"},\"primaryImageOfPage\":{\"@id\":\"https:\\\/\\\/beebipai.ee\\\/lt\\\/product\\\/profulaktilised-kompressiooni-polvikud-10-18-mmhg\\\/#primaryimage\"},\"image\":{\"@id\":\"https:\\\/\\\/beebipai.ee\\\/lt\\\/product\\\/profulaktilised-kompressiooni-polvikud-10-18-mmhg\\\/#primaryimage\"},\"thumbnailUrl\":\"https:\\\/\\\/beebipai.ee\\\/wp-content\\\/uploads\\\/2022\\\/06\\\/Profulaktilised-kompressioonpolvikud.webp\",\"datePublished\":\"2022-06-21T10:57:16+00:00\",\"dateModified\":\"2024-10-27T12:57:37+00:00\",\"description\":\"Prof\u00fclaktilised kompressioonp\u00f5lvikud aitavad ennetada jalgade turset ja veenilaiendeid raseduse ajal. Vaata toodet prof\u00fclaktilised kompressioonp\u00f5lvikud!\",\"breadcrumb\":{\"@id\":\"https:\\\/\\\/beebipai.ee\\\/lt\\\/product\\\/profulaktilised-kompressiooni-polvikud-10-18-mmhg\\\/#breadcrumb\"},\"inLanguage\":\"lt-LT\",\"potentialAction\":[{\"@type\":\"ReadAction\",\"target\":[\"https:\\\/\\\/beebipai.ee\\\/lt\\\/product\\\/profulaktilised-kompressiooni-polvikud-10-18-mmhg\\\/\"]}]},{\"@type\":\"ImageObject\",\"inLanguage\":\"lt-LT\",\"@id\":\"https:\\\/\\\/beebipai.ee\\\/lt\\\/product\\\/profulaktilised-kompressiooni-polvikud-10-18-mmhg\\\/#primaryimage\",\"url\":\"https:\\\/\\\/beebipai.ee\\\/wp-content\\\/uploads\\\/2022\\\/06\\\/Profulaktilised-kompressioonpolvikud.webp\",\"contentUrl\":\"https:\\\/\\\/beebipai.ee\\\/wp-content\\\/uploads\\\/2022\\\/06\\\/Profulaktilised-kompressioonpolvikud.webp\",\"width\":876,\"height\":876},{\"@type\":\"BreadcrumbList\",\"@id\":\"https:\\\/\\\/beebipai.ee\\\/lt\\\/product\\\/profulaktilised-kompressiooni-polvikud-10-18-mmhg\\\/#breadcrumb\",\"itemListElement\":[{\"@type\":\"ListItem\",\"position\":1,\"name\":\"Home\",\"item\":\"https:\\\/\\\/beebipai.ee\\\/\"},{\"@type\":\"ListItem\",\"position\":2,\"name\":\"Pood\",\"item\":\"https:\\\/\\\/beebipai.ee\\\/store\\\/\"},{\"@type\":\"ListItem\",\"position\":3,\"name\":\"Prof\u00fclaktilised kompressioonp\u00f5lvikud, 10-18 mmHg\"}]},{\"@type\":\"WebSite\",\"@id\":\"https:\\\/\\\/beebipai.ee\\\/en\\\/#website\",\"url\":\"https:\\\/\\\/beebipai.ee\\\/en\\\/\",\"name\":\"Beebipai\",\"description\":\"Rasedate ja beebide veebipood\",\"potentialAction\":[{\"@type\":\"SearchAction\",\"target\":{\"@type\":\"EntryPoint\",\"urlTemplate\":\"https:\\\/\\\/beebipai.ee\\\/en\\\/?s={search_term_string}\"},\"query-input\":{\"@type\":\"PropertyValueSpecification\",\"valueRequired\":true,\"valueName\":\"search_term_string\"}}],\"inLanguage\":\"lt-LT\"}]}<\/script>\n<!-- \/ Yoast SEO plugin. -->","yoast_head_json":{"title":"Prof\u00fclaktilised kompressioonp\u00f5lvikud, 10-18 mmHg - Beebipai","description":"Prof\u00fclaktilised kompressioonp\u00f5lvikud aitavad ennetada jalgade turset ja veenilaiendeid raseduse ajal. Vaata toodet prof\u00fclaktilised kompressioonp\u00f5lvikud!","robots":{"index":"index","follow":"follow","max-snippet":"max-snippet:-1","max-image-preview":"max-image-preview:large","max-video-preview":"max-video-preview:-1"},"canonical":"https:\/\/beebipai.ee\/lt\/product\/profulaktilised-kompressiooni-polvikud-10-18-mmhg\/","og_locale":"lt_LT","og_type":"article","og_title":"Prof\u00fclaktilised kompressioonp\u00f5lvikud, 10-18 mmHg - Beebipai","og_description":"Prof\u00fclaktilised kompressioonp\u00f5lvikud aitavad ennetada jalgade turset ja veenilaiendeid raseduse ajal. Vaata toodet prof\u00fclaktilised kompressioonp\u00f5lvikud!","og_url":"https:\/\/beebipai.ee\/lt\/product\/profulaktilised-kompressiooni-polvikud-10-18-mmhg\/","og_site_name":"Beebipai","article_modified_time":"2024-10-27T12:57:37+00:00","og_image":[{"width":876,"height":876,"url":"https:\/\/beebipai.ee\/wp-content\/uploads\/2022\/06\/Profulaktilised-kompressioonpolvikud.webp","type":"image\/webp"}],"twitter_card":"summary_large_image","twitter_misc":{"Est. reading time":"2 minut\u0117s"},"schema":{"@context":"https:\/\/schema.org","@graph":[{"@type":"WebPage","@id":"https:\/\/beebipai.ee\/lt\/product\/profulaktilised-kompressiooni-polvikud-10-18-mmhg\/","url":"https:\/\/beebipai.ee\/lt\/product\/profulaktilised-kompressiooni-polvikud-10-18-mmhg\/","name":"Prof\u00fclaktilised kompressioonp\u00f5lvikud, 10-18 mmHg - Beebipai","isPartOf":{"@id":"https:\/\/beebipai.ee\/en\/#website"},"primaryImageOfPage":{"@id":"https:\/\/beebipai.ee\/lt\/product\/profulaktilised-kompressiooni-polvikud-10-18-mmhg\/#primaryimage"},"image":{"@id":"https:\/\/beebipai.ee\/lt\/product\/profulaktilised-kompressiooni-polvikud-10-18-mmhg\/#primaryimage"},"thumbnailUrl":"https:\/\/beebipai.ee\/wp-content\/uploads\/2022\/06\/Profulaktilised-kompressioonpolvikud.webp","datePublished":"2022-06-21T10:57:16+00:00","dateModified":"2024-10-27T12:57:37+00:00","description":"Prof\u00fclaktilised kompressioonp\u00f5lvikud aitavad ennetada jalgade turset ja veenilaiendeid raseduse ajal. Vaata toodet prof\u00fclaktilised kompressioonp\u00f5lvikud!","breadcrumb":{"@id":"https:\/\/beebipai.ee\/lt\/product\/profulaktilised-kompressiooni-polvikud-10-18-mmhg\/#breadcrumb"},"inLanguage":"lt-LT","potentialAction":[{"@type":"ReadAction","target":["https:\/\/beebipai.ee\/lt\/product\/profulaktilised-kompressiooni-polvikud-10-18-mmhg\/"]}]},{"@type":"ImageObject","inLanguage":"lt-LT","@id":"https:\/\/beebipai.ee\/lt\/product\/profulaktilised-kompressiooni-polvikud-10-18-mmhg\/#primaryimage","url":"https:\/\/beebipai.ee\/wp-content\/uploads\/2022\/06\/Profulaktilised-kompressioonpolvikud.webp","contentUrl":"https:\/\/beebipai.ee\/wp-content\/uploads\/2022\/06\/Profulaktilised-kompressioonpolvikud.webp","width":876,"height":876},{"@type":"BreadcrumbList","@id":"https:\/\/beebipai.ee\/lt\/product\/profulaktilised-kompressiooni-polvikud-10-18-mmhg\/#breadcrumb","itemListElement":[{"@type":"ListItem","position":1,"name":"Home","item":"https:\/\/beebipai.ee\/"},{"@type":"ListItem","position":2,"name":"Pood","item":"https:\/\/beebipai.ee\/store\/"},{"@type":"ListItem","position":3,"name":"Prof\u00fclaktilised kompressioonp\u00f5lvikud, 10-18 mmHg"}]},{"@type":"WebSite","@id":"https:\/\/beebipai.ee\/en\/#website","url":"https:\/\/beebipai.ee\/en\/","name":"Beebipai","description":"Rasedate ja beebide veebipood","potentialAction":[{"@type":"SearchAction","target":{"@type":"EntryPoint","urlTemplate":"https:\/\/beebipai.ee\/en\/?s={search_term_string}"},"query-input":{"@type":"PropertyValueSpecification","valueRequired":true,"valueName":"search_term_string"}}],"inLanguage":"lt-LT"}]}},"_links":{"self":[{"href":"https:\/\/beebipai.ee\/lt\/wp-json\/wp\/v2\/product\/4738","targetHints":{"allow":["GET"]}}],"collection":[{"href":"https:\/\/beebipai.ee\/lt\/wp-json\/wp\/v2\/product"}],"about":[{"href":"https:\/\/beebipai.ee\/lt\/wp-json\/wp\/v2\/types\/product"}],"version-history":[{"count":5,"href":"https:\/\/beebipai.ee\/lt\/wp-json\/wp\/v2\/product\/4738\/revisions"}],"predecessor-version":[{"id":6809,"href":"https:\/\/beebipai.ee\/lt\/wp-json\/wp\/v2\/product\/4738\/revisions\/6809"}],"wp:featuredmedia":[{"embeddable":true,"href":"https:\/\/beebipai.ee\/lt\/wp-json\/wp\/v2\/media\/4755"}],"wp:attachment":[{"href":"https:\/\/beebipai.ee\/lt\/wp-json\/wp\/v2\/media?parent=4738"}],"wp:term":[{"taxonomy":"product_brand","embeddable":true,"href":"https:\/\/beebipai.ee\/lt\/wp-json\/wp\/v2\/product_brand?post=4738"},{"taxonomy":"product_cat","embeddable":true,"href":"https:\/\/beebipai.ee\/lt\/wp-json\/wp\/v2\/product_cat?post=4738"},{"taxonomy":"product_tag","embeddable":true,"href":"https:\/\/beebipai.ee\/lt\/wp-json\/wp\/v2\/product_tag?post=4738"}],"curies":[{"name":"wp","href":"https:\/\/api.w.org\/{rel}","templated":true}]}}