{"id":4652,"date":"2022-06-20T00:02:38","date_gmt":"2022-06-19T21:02:38","guid":{"rendered":"https:\/\/beebipai.ee\/?post_type=product&#038;p=4652"},"modified":"2025-09-26T05:44:52","modified_gmt":"2025-09-26T02:44:52","slug":"meditsiiniline-tugivoo-rasedatele-kira","status":"publish","type":"product","link":"https:\/\/beebipai.ee\/lt\/product\/meditsiiniline-tugivoo-rasedatele-kira\/","title":{"rendered":"Meditsiiniline tugiv\u00f6\u00f6 rasedatele Kira Comfort"},"content":{"rendered":"<div data-elementor-type=\"wp-post\" data-elementor-id=\"4652\" class=\"elementor elementor-4652\">\n\t\t\t\t\t\t<section class=\"elementor-section elementor-top-section elementor-element elementor-element-9d49b5e elementor-section-boxed elementor-section-height-default elementor-section-height-default\" data-id=\"9d49b5e\" data-element_type=\"section\" data-e-type=\"section\">\n\t\t\t\t\t\t<div class=\"elementor-container elementor-column-gap-default\">\n\t\t\t\t\t<div class=\"elementor-column elementor-col-50 elementor-top-column elementor-element elementor-element-8cc63b0\" data-id=\"8cc63b0\" data-element_type=\"column\" data-e-type=\"column\">\n\t\t\t<div class=\"elementor-widget-wrap elementor-element-populated\">\n\t\t\t\t\t\t<div class=\"elementor-element elementor-element-ee7b532 elementor-widget elementor-widget-heading\" data-id=\"ee7b532\" data-element_type=\"widget\" data-e-type=\"widget\" data-widget_type=\"heading.default\">\n\t\t\t\t<div class=\"elementor-widget-container\">\n\t\t\t\t\t<h2 class=\"elementor-heading-title elementor-size-default\">Meditsiiniline tugiv\u00f6\u00f6  Kira<\/h2>\t\t\t\t<\/div>\n\t\t\t\t<\/div>\n\t\t\t\t<div class=\"elementor-element elementor-element-5920d02 elementor-widget elementor-widget-text-editor\" data-id=\"5920d02\" data-element_type=\"widget\" data-e-type=\"widget\" data-widget_type=\"text-editor.default\">\n\t\t\t\t<div class=\"elementor-widget-container\">\n\t\t\t\t\t\t\t\t\t<p>Rasedusaegsed seljavalud on v\u00e4ga levinud ja sagedaseks mureks beebiootuse ajal. Seljavalud v\u00f5ivad tekkida igas raseduse suuruses ja praktiliselt v\u00f5imatu on nende tuleku aega ja ulatust ette ennustada. Seljavalude tekkimisel m\u00e4ngivad rolli ka paljud muud tegurid, mitte ainult rasedus. Seljavalusid on n\u00e4iteks rohkem korduvatel rasedatel, samuti neil kel enne rasedust on olnud selja- v\u00f5i r\u00fchiprobleeme.<\/p><p>Raseduse ajal platsenta poolt toodetav hormoon nimega relaksiin muudab raseduse ajal naise luude ja liigeste sidemed kohevamaks, elastsemaks ja l\u00f5dvemaks. \u00a0Raseda k\u00f5hu kasvades paigutub keha raskuskese tahapoole ning s\u00fcveneb selja n\u00f5gusus nimmepiirkonnas. Seejuures tekib seljalihaste \u00fclevenitus ning sellega seoses seljavalud, mida rasedad tihti kaebavad. L\u00fclisamba kumeruste suurenemisel v\u00f5ivad seljavalud anda kiirguvat valu ka vaagnasse, tuharasse v\u00f5i jalgadesse.\u00a0<\/p><p>Raseduse ajal tuleb pidevalt j\u00e4lgida oma r\u00fchti ja kehasendit. Istu ja k\u00f5nni sirge seljaga. J\u00e4lgi, et vaagen ei vajuks taha. Proovi mitte istuda jalg \u00fcle p\u00f5lve v\u00f5i tuhara all. Selja jaoks on parim istuda m\u00f5lemad jalad tallaga p\u00f5randal. Proovi iga p\u00e4ev liikuda. Liikumine tugevdab lihaseid ja lisab toonust, muutes tugevamaks ka seljalihased.\u00a0<\/p>\t\t\t\t\t\t\t\t<\/div>\n\t\t\t\t<\/div>\n\t\t\t\t\t<\/div>\n\t\t<\/div>\n\t\t\t\t<div class=\"elementor-column elementor-col-50 elementor-top-column elementor-element elementor-element-1853dc1\" data-id=\"1853dc1\" data-element_type=\"column\" data-e-type=\"column\">\n\t\t\t<div class=\"elementor-widget-wrap elementor-element-populated\">\n\t\t\t\t\t\t<div class=\"elementor-element elementor-element-d2e872c elementor-widget elementor-widget-image\" data-id=\"d2e872c\" data-element_type=\"widget\" data-e-type=\"widget\" data-widget_type=\"image.default\">\n\t\t\t\t<div class=\"elementor-widget-container\">\n\t\t\t\t\t\t\t\t\t\t\t\t\t\t\t<img fetchpriority=\"high\" decoding=\"async\" width=\"497\" height=\"421\" src=\"https:\/\/beebipai.ee\/wp-content\/uploads\/2022\/06\/Rasedate-seljavalu.jpg\" class=\"attachment-medium_large size-medium_large wp-image-4612\" alt=\"\" srcset=\"https:\/\/beebipai.ee\/wp-content\/uploads\/2022\/06\/Rasedate-seljavalu.jpg 497w, https:\/\/beebipai.ee\/wp-content\/uploads\/2022\/06\/Rasedate-seljavalu-300x254.jpg 300w, https:\/\/beebipai.ee\/wp-content\/uploads\/2022\/06\/Rasedate-seljavalu-14x12.jpg 14w\" sizes=\"(max-width: 497px) 100vw, 497px\" \/>\t\t\t\t\t\t\t\t\t\t\t\t\t\t\t<\/div>\n\t\t\t\t<\/div>\n\t\t\t\t\t<\/div>\n\t\t<\/div>\n\t\t\t\t\t<\/div>\n\t\t<\/section>\n\t\t\t\t<section class=\"elementor-section elementor-top-section elementor-element elementor-element-ccce3ee elementor-section-boxed elementor-section-height-default elementor-section-height-default\" data-id=\"ccce3ee\" data-element_type=\"section\" data-e-type=\"section\">\n\t\t\t\t\t\t<div class=\"elementor-container elementor-column-gap-default\">\n\t\t\t\t\t<div class=\"elementor-column elementor-col-50 elementor-top-column elementor-element elementor-element-ceb1275\" data-id=\"ceb1275\" data-element_type=\"column\" data-e-type=\"column\">\n\t\t\t<div class=\"elementor-widget-wrap elementor-element-populated\">\n\t\t\t\t\t\t<div class=\"elementor-element elementor-element-31be9d0 elementor-widget elementor-widget-text-editor\" data-id=\"31be9d0\" data-element_type=\"widget\" data-e-type=\"widget\" data-widget_type=\"text-editor.default\">\n\t\t\t\t<div class=\"elementor-widget-container\">\n\t\t\t\t\t\t\t\t\t<p>Meditsiiniline tugiv\u00f6\u00f6 rasedatele on suurep\u00e4rane tugi ja kaitse selja nimmeosale. Aga ka alak\u00f5hule ja vaagnale. Tugiv\u00f6\u00f6 seljaosa on tugevdatud, pakkudes seljale maksimaalselt toetust. Tugiv\u00f6\u00f6 Kira on elastne ja takjapaeltega reguleeritav, mis teeb ta kasutamise mugavaks igas raseduse suuruses. Tugiv\u00f6\u00f6 soodustab rasedusaegset \u00f5iget kehahoiakut ja tasakaalu ning annab sellega v\u00f5imaluse liikuva eluviisi s\u00e4ilitamiseks terve raseduse ajal. Tugevdatud plastist siset\u00fckid on ette n\u00e4htud selgrool\u00fclide t\u00e4iendavaks fikseerimiseks. Pehme ja painduv kangas toetab k\u00f5hu kasvamist ja kohaneb iga kehakuju ja igas suuruses k\u00f5huga. Kira Comfort kanga moodustavad vahelduvad niidi- ja n\u00f6\u00f6riread, mis suurendavad v\u00f6\u00f6 elastsust ja tagavad parima \u00f5hustatuse ( ei teki k\u00fctteefekti), v\u00e4hendades ebameeldivat higistamist. Velcro kinnitus muudab v\u00f6\u00f6 kinnitamise mugavaks ja lihtsalt kohandatavaks.\u00a0<\/p>\t\t\t\t\t\t\t\t<\/div>\n\t\t\t\t<\/div>\n\t\t\t\t\t<\/div>\n\t\t<\/div>\n\t\t\t\t<div class=\"elementor-column elementor-col-50 elementor-top-column elementor-element elementor-element-3c69787\" data-id=\"3c69787\" data-element_type=\"column\" data-e-type=\"column\">\n\t\t\t<div class=\"elementor-widget-wrap elementor-element-populated\">\n\t\t\t\t\t\t<div class=\"elementor-element elementor-element-26ec0be elementor-widget elementor-widget-image\" data-id=\"26ec0be\" data-element_type=\"widget\" data-e-type=\"widget\" data-widget_type=\"image.default\">\n\t\t\t\t<div class=\"elementor-widget-container\">\n\t\t\t\t\t\t\t\t\t\t\t\t\t\t\t<img decoding=\"async\" width=\"400\" height=\"400\" src=\"https:\/\/beebipai.ee\/wp-content\/uploads\/2022\/06\/Rasedate-tugivoo-Kira-e1655674461323.jpg\" class=\"attachment-large size-large wp-image-4659\" alt=\"\" srcset=\"https:\/\/beebipai.ee\/wp-content\/uploads\/2022\/06\/Rasedate-tugivoo-Kira-e1655674461323.jpg 400w, https:\/\/beebipai.ee\/wp-content\/uploads\/2022\/06\/Rasedate-tugivoo-Kira-e1655674461323-300x300.jpg 300w, https:\/\/beebipai.ee\/wp-content\/uploads\/2022\/06\/Rasedate-tugivoo-Kira-e1655674461323-150x150.jpg 150w, https:\/\/beebipai.ee\/wp-content\/uploads\/2022\/06\/Rasedate-tugivoo-Kira-e1655674461323-12x12.jpg 12w, https:\/\/beebipai.ee\/wp-content\/uploads\/2022\/06\/Rasedate-tugivoo-Kira-e1655674461323-100x100.jpg 100w\" sizes=\"(max-width: 400px) 100vw, 400px\" \/>\t\t\t\t\t\t\t\t\t\t\t\t\t\t\t<\/div>\n\t\t\t\t<\/div>\n\t\t\t\t\t<\/div>\n\t\t<\/div>\n\t\t\t\t\t<\/div>\n\t\t<\/section>\n\t\t\t\t<section class=\"elementor-section elementor-top-section elementor-element elementor-element-0eda5fa elementor-section-boxed elementor-section-height-default elementor-section-height-default\" data-id=\"0eda5fa\" data-element_type=\"section\" data-e-type=\"section\">\n\t\t\t\t\t\t<div class=\"elementor-container elementor-column-gap-default\">\n\t\t\t\t\t<div class=\"elementor-column elementor-col-50 elementor-top-column elementor-element elementor-element-b59a8ea\" data-id=\"b59a8ea\" data-element_type=\"column\" data-e-type=\"column\">\n\t\t\t<div class=\"elementor-widget-wrap elementor-element-populated\">\n\t\t\t\t\t\t<div class=\"elementor-element elementor-element-d610aa1 elementor-widget elementor-widget-text-editor\" data-id=\"d610aa1\" data-element_type=\"widget\" data-e-type=\"widget\" data-widget_type=\"text-editor.default\">\n\t\t\t\t<div class=\"elementor-widget-container\">\n\t\t\t\t\t\t\t\t\t<p>Rasedate tugiv\u00f6\u00f6 meditsiinilised n\u00e4idustused:<\/p><ul><li>v\u00e4hendada koorumust v\u00e4ikese vaagna elunditele<\/li><li>v\u00e4hendada koormust alak\u00f5hule ja alaseljale<\/li><li>soodustada loote f\u00fcsioloogilist asendit<\/li><li>v\u00e4hendada naha venimise ja rebenemise riski<\/li><li>v\u00e4hendada riski enneaegsele s\u00fcnnitusele<\/li><li>v\u00e4hendada h\u00e4irivaid ja ebamugavad emakatoonuseid<\/li><li>v\u00e4hendada t\u00fcsistuste riski raseduse ajal<\/li><li>tagada maksimaalset mugavust raseduse ajal<\/li><\/ul>\t\t\t\t\t\t\t\t<\/div>\n\t\t\t\t<\/div>\n\t\t\t\t\t<\/div>\n\t\t<\/div>\n\t\t\t\t<div class=\"elementor-column elementor-col-50 elementor-top-column elementor-element elementor-element-37867f1\" data-id=\"37867f1\" data-element_type=\"column\" data-e-type=\"column\">\n\t\t\t<div class=\"elementor-widget-wrap elementor-element-populated\">\n\t\t\t\t\t\t<div class=\"elementor-element elementor-element-2e614f0 elementor-widget elementor-widget-image\" data-id=\"2e614f0\" data-element_type=\"widget\" data-e-type=\"widget\" data-widget_type=\"image.default\">\n\t\t\t\t<div class=\"elementor-widget-container\">\n\t\t\t\t\t\t\t\t\t\t\t\t\t\t\t<img decoding=\"async\" width=\"400\" height=\"93\" src=\"https:\/\/beebipai.ee\/wp-content\/uploads\/2022\/06\/Tonus-elast-moottabel-e1655645004809.jpg\" class=\"attachment-large size-large wp-image-4646\" alt=\"\" srcset=\"https:\/\/beebipai.ee\/wp-content\/uploads\/2022\/06\/Tonus-elast-moottabel-e1655645004809.jpg 400w, https:\/\/beebipai.ee\/wp-content\/uploads\/2022\/06\/Tonus-elast-moottabel-e1655645004809-300x70.jpg 300w, https:\/\/beebipai.ee\/wp-content\/uploads\/2022\/06\/Tonus-elast-moottabel-e1655645004809-18x4.jpg 18w\" sizes=\"(max-width: 400px) 100vw, 400px\" \/>\t\t\t\t\t\t\t\t\t\t\t\t\t\t\t<\/div>\n\t\t\t\t<\/div>\n\t\t\t\t<div class=\"elementor-element elementor-element-353ee25 elementor-widget elementor-widget-image\" data-id=\"353ee25\" data-element_type=\"widget\" data-e-type=\"widget\" data-widget_type=\"image.default\">\n\t\t\t\t<div class=\"elementor-widget-container\">\n\t\t\t\t\t\t\t\t\t\t\t\t\t\t\t<img loading=\"lazy\" decoding=\"async\" width=\"400\" height=\"398\" src=\"https:\/\/beebipai.ee\/wp-content\/uploads\/2022\/06\/Tonus-elas-moottabel2-e1655675343353.webp\" class=\"attachment-large size-large wp-image-4645\" alt=\"\" srcset=\"https:\/\/beebipai.ee\/wp-content\/uploads\/2022\/06\/Tonus-elas-moottabel2-e1655675343353.webp 400w, https:\/\/beebipai.ee\/wp-content\/uploads\/2022\/06\/Tonus-elas-moottabel2-e1655675343353-300x300.webp 300w, https:\/\/beebipai.ee\/wp-content\/uploads\/2022\/06\/Tonus-elas-moottabel2-e1655675343353-150x150.webp 150w, https:\/\/beebipai.ee\/wp-content\/uploads\/2022\/06\/Tonus-elas-moottabel2-e1655675343353-12x12.webp 12w, https:\/\/beebipai.ee\/wp-content\/uploads\/2022\/06\/Tonus-elas-moottabel2-e1655675343353-100x100.webp 100w\" sizes=\"(max-width: 400px) 100vw, 400px\" \/>\t\t\t\t\t\t\t\t\t\t\t\t\t\t\t<\/div>\n\t\t\t\t<\/div>\n\t\t\t\t\t<\/div>\n\t\t<\/div>\n\t\t\t\t\t<\/div>\n\t\t<\/section>\n\t\t\t\t<section class=\"elementor-section elementor-top-section elementor-element elementor-element-a1c128d elementor-section-boxed elementor-section-height-default elementor-section-height-default\" data-id=\"a1c128d\" data-element_type=\"section\" data-e-type=\"section\">\n\t\t\t\t\t\t<div class=\"elementor-container elementor-column-gap-default\">\n\t\t\t\t\t<div class=\"elementor-column elementor-col-100 elementor-top-column elementor-element elementor-element-99daf93\" data-id=\"99daf93\" data-element_type=\"column\" data-e-type=\"column\">\n\t\t\t<div class=\"elementor-widget-wrap elementor-element-populated\">\n\t\t\t\t\t\t<div class=\"elementor-element elementor-element-92dd8fe elementor-widget elementor-widget-video\" data-id=\"92dd8fe\" data-element_type=\"widget\" data-e-type=\"widget\" data-settings=\"{&quot;youtube_url&quot;:&quot;https:\\\/\\\/www.youtube.com\\\/watch?v=0z9RTiwezjs&quot;,&quot;video_type&quot;:&quot;youtube&quot;,&quot;controls&quot;:&quot;yes&quot;}\" data-widget_type=\"video.default\">\n\t\t\t\t<div class=\"elementor-widget-container\">\n\t\t\t\t\t\t\t<div class=\"elementor-wrapper elementor-open-inline\">\n\t\t\t<div class=\"elementor-video\"><\/div>\t\t<\/div>\n\t\t\t\t\t\t<\/div>\n\t\t\t\t<\/div>\n\t\t\t\t\t<\/div>\n\t\t<\/div>\n\t\t\t\t\t<\/div>\n\t\t<\/section>\n\t\t\t\t<\/div>","protected":false},"excerpt":{"rendered":"<p>Kira Comfort pakub raseduse ajal eriti t\u00f5husat tuge ja kaitset selja nimmeosale, v\u00e4hendades seel\u00e4bi rasedusega seotud seljavalusid ja selja v\u00e4simist.<\/p>","protected":false},"featured_media":4606,"template":"","meta":{"_monsterinsights_skip_tracking":false,"_monsterinsights_sitenote_active":false,"_monsterinsights_sitenote_note":"","_monsterinsights_sitenote_category":0,"site-sidebar-layout":"no-sidebar","site-content-layout":"page-builder","ast-site-content-layout":"full-width-container","site-content-style":"unboxed","site-sidebar-style":"unboxed","ast-global-header-display":"","ast-banner-title-visibility":"","ast-main-header-display":"","ast-hfb-above-header-display":"","ast-hfb-below-header-display":"","ast-hfb-mobile-header-display":"","site-post-title":"disabled","ast-breadcrumbs-content":"","ast-featured-img":"disabled","footer-sml-layout":"","ast-disable-related-posts":"","theme-transparent-header-meta":"default","adv-header-id-meta":"","stick-header-meta":"","header-above-stick-meta":"","header-main-stick-meta":"","header-below-stick-meta":"","astra-migrate-meta-layouts":"set","ast-page-background-enabled":"default","ast-page-background-meta":{"desktop":{"background-color":"","background-image":"","background-repeat":"repeat","background-position":"center center","background-size":"auto","background-attachment":"scroll","background-type":"","background-media":"","overlay-type":"","overlay-color":"","overlay-opacity":"","overlay-gradient":""},"tablet":{"background-color":"","background-image":"","background-repeat":"repeat","background-position":"center center","background-size":"auto","background-attachment":"scroll","background-type":"","background-media":"","overlay-type":"","overlay-color":"","overlay-opacity":"","overlay-gradient":""},"mobile":{"background-color":"","background-image":"","background-repeat":"repeat","background-position":"center center","background-size":"auto","background-attachment":"scroll","background-type":"","background-media":"","overlay-type":"","overlay-color":"","overlay-opacity":"","overlay-gradient":""}},"ast-content-background-meta":{"desktop":{"background-color":"var(--ast-global-color-5)","background-image":"","background-repeat":"repeat","background-position":"center center","background-size":"auto","background-attachment":"scroll","background-type":"","background-media":"","overlay-type":"","overlay-color":"","overlay-opacity":"","overlay-gradient":""},"tablet":{"background-color":"var(--ast-global-color-5)","background-image":"","background-repeat":"repeat","background-position":"center center","background-size":"auto","background-attachment":"scroll","background-type":"","background-media":"","overlay-type":"","overlay-color":"","overlay-opacity":"","overlay-gradient":""},"mobile":{"background-color":"var(--ast-global-color-5)","background-image":"","background-repeat":"repeat","background-position":"center center","background-size":"auto","background-attachment":"scroll","background-type":"","background-media":"","overlay-type":"","overlay-color":"","overlay-opacity":"","overlay-gradient":""}}},"product_brand":[],"product_cat":[102,22,148],"product_tag":[],"class_list":{"0":"post-4652","1":"product","2":"type-product","3":"status-publish","4":"has-post-thumbnail","6":"product_cat-bandaazid-tugivood","7":"product_cat-emale","8":"product_cat-kingiideed-emale","9":"desktop-align-left","10":"tablet-align-left","11":"mobile-align-left","13":"first","14":"instock","15":"taxable","16":"shipping-taxable","17":"purchasable","18":"product-type-variable"},"yoast_head":"<!-- This site is optimized with the Yoast SEO plugin v27.4 - https:\/\/yoast.com\/product\/yoast-seo-wordpress\/ -->\n<title>Meditsiiniline tugiv\u00f6\u00f6 rasedatele Kira Comfort - Beebipai<\/title>\n<meta name=\"description\" content=\"Meditsiiniline tugiv\u00f6\u00f6 rasedatele pakub eriti t\u00f5husalt tuge alaseljale. Vaata toodet meditsiiniline tugiv\u00f6\u00f6 rasedatele!\" \/>\n<meta name=\"robots\" content=\"index, follow, max-snippet:-1, max-image-preview:large, max-video-preview:-1\" \/>\n<link rel=\"canonical\" href=\"https:\/\/beebipai.ee\/lt\/product\/meditsiiniline-tugivoo-rasedatele-kira\/\" \/>\n<meta property=\"og:locale\" content=\"lt_LT\" \/>\n<meta property=\"og:type\" content=\"article\" \/>\n<meta property=\"og:title\" content=\"Meditsiiniline tugiv\u00f6\u00f6 rasedatele Kira Comfort - Beebipai\" \/>\n<meta property=\"og:description\" content=\"Meditsiiniline tugiv\u00f6\u00f6 rasedatele pakub eriti t\u00f5husalt tuge alaseljale. Vaata toodet meditsiiniline tugiv\u00f6\u00f6 rasedatele!\" \/>\n<meta property=\"og:url\" content=\"https:\/\/beebipai.ee\/lt\/product\/meditsiiniline-tugivoo-rasedatele-kira\/\" \/>\n<meta property=\"og:site_name\" content=\"Beebipai\" \/>\n<meta property=\"article:modified_time\" content=\"2025-09-26T02:44:52+00:00\" \/>\n<meta property=\"og:image\" content=\"https:\/\/beebipai.ee\/wp-content\/uploads\/2022\/06\/Bandaaz-Kira1.jpg\" \/>\n\t<meta property=\"og:image:width\" content=\"1600\" \/>\n\t<meta property=\"og:image:height\" content=\"1601\" \/>\n\t<meta property=\"og:image:type\" content=\"image\/jpeg\" \/>\n<meta name=\"twitter:card\" content=\"summary_large_image\" \/>\n<meta name=\"twitter:label1\" content=\"Est. reading time\" \/>\n\t<meta name=\"twitter:data1\" content=\"3 minut\u0117s\" \/>\n<script type=\"application\/ld+json\" class=\"yoast-schema-graph\">{\"@context\":\"https:\\\/\\\/schema.org\",\"@graph\":[{\"@type\":\"WebPage\",\"@id\":\"https:\\\/\\\/beebipai.ee\\\/product\\\/meditsiiniline-tugivoo-rasedatele-kira\\\/\",\"url\":\"https:\\\/\\\/beebipai.ee\\\/product\\\/meditsiiniline-tugivoo-rasedatele-kira\\\/\",\"name\":\"Meditsiiniline tugiv\u00f6\u00f6 rasedatele Kira Comfort - Beebipai\",\"isPartOf\":{\"@id\":\"https:\\\/\\\/beebipai.ee\\\/en\\\/#website\"},\"primaryImageOfPage\":{\"@id\":\"https:\\\/\\\/beebipai.ee\\\/product\\\/meditsiiniline-tugivoo-rasedatele-kira\\\/#primaryimage\"},\"image\":{\"@id\":\"https:\\\/\\\/beebipai.ee\\\/product\\\/meditsiiniline-tugivoo-rasedatele-kira\\\/#primaryimage\"},\"thumbnailUrl\":\"https:\\\/\\\/beebipai.ee\\\/wp-content\\\/uploads\\\/2022\\\/06\\\/Bandaaz-Kira1.jpg\",\"datePublished\":\"2022-06-19T21:02:38+00:00\",\"dateModified\":\"2025-09-26T02:44:52+00:00\",\"description\":\"Meditsiiniline tugiv\u00f6\u00f6 rasedatele pakub eriti t\u00f5husalt tuge alaseljale. Vaata toodet meditsiiniline tugiv\u00f6\u00f6 rasedatele!\",\"breadcrumb\":{\"@id\":\"https:\\\/\\\/beebipai.ee\\\/product\\\/meditsiiniline-tugivoo-rasedatele-kira\\\/#breadcrumb\"},\"inLanguage\":\"lt-LT\",\"potentialAction\":[{\"@type\":\"ReadAction\",\"target\":[\"https:\\\/\\\/beebipai.ee\\\/product\\\/meditsiiniline-tugivoo-rasedatele-kira\\\/\"]}]},{\"@type\":\"ImageObject\",\"inLanguage\":\"lt-LT\",\"@id\":\"https:\\\/\\\/beebipai.ee\\\/product\\\/meditsiiniline-tugivoo-rasedatele-kira\\\/#primaryimage\",\"url\":\"https:\\\/\\\/beebipai.ee\\\/wp-content\\\/uploads\\\/2022\\\/06\\\/Bandaaz-Kira1.jpg\",\"contentUrl\":\"https:\\\/\\\/beebipai.ee\\\/wp-content\\\/uploads\\\/2022\\\/06\\\/Bandaaz-Kira1.jpg\",\"width\":1600,\"height\":1601},{\"@type\":\"BreadcrumbList\",\"@id\":\"https:\\\/\\\/beebipai.ee\\\/product\\\/meditsiiniline-tugivoo-rasedatele-kira\\\/#breadcrumb\",\"itemListElement\":[{\"@type\":\"ListItem\",\"position\":1,\"name\":\"Home\",\"item\":\"https:\\\/\\\/beebipai.ee\\\/\"},{\"@type\":\"ListItem\",\"position\":2,\"name\":\"Pood\",\"item\":\"https:\\\/\\\/beebipai.ee\\\/store\\\/\"},{\"@type\":\"ListItem\",\"position\":3,\"name\":\"Meditsiiniline tugiv\u00f6\u00f6 rasedatele Kira Comfort\"}]},{\"@type\":\"WebSite\",\"@id\":\"https:\\\/\\\/beebipai.ee\\\/en\\\/#website\",\"url\":\"https:\\\/\\\/beebipai.ee\\\/en\\\/\",\"name\":\"Beebipai\",\"description\":\"Rasedate ja beebide veebipood\",\"potentialAction\":[{\"@type\":\"SearchAction\",\"target\":{\"@type\":\"EntryPoint\",\"urlTemplate\":\"https:\\\/\\\/beebipai.ee\\\/en\\\/?s={search_term_string}\"},\"query-input\":{\"@type\":\"PropertyValueSpecification\",\"valueRequired\":true,\"valueName\":\"search_term_string\"}}],\"inLanguage\":\"lt-LT\"}]}<\/script>\n<!-- \/ Yoast SEO plugin. -->","yoast_head_json":{"title":"Meditsiiniline tugiv\u00f6\u00f6 rasedatele Kira Comfort - Beebipai","description":"Meditsiiniline tugiv\u00f6\u00f6 rasedatele pakub eriti t\u00f5husalt tuge alaseljale. Vaata toodet meditsiiniline tugiv\u00f6\u00f6 rasedatele!","robots":{"index":"index","follow":"follow","max-snippet":"max-snippet:-1","max-image-preview":"max-image-preview:large","max-video-preview":"max-video-preview:-1"},"canonical":"https:\/\/beebipai.ee\/lt\/product\/meditsiiniline-tugivoo-rasedatele-kira\/","og_locale":"lt_LT","og_type":"article","og_title":"Meditsiiniline tugiv\u00f6\u00f6 rasedatele Kira Comfort - Beebipai","og_description":"Meditsiiniline tugiv\u00f6\u00f6 rasedatele pakub eriti t\u00f5husalt tuge alaseljale. Vaata toodet meditsiiniline tugiv\u00f6\u00f6 rasedatele!","og_url":"https:\/\/beebipai.ee\/lt\/product\/meditsiiniline-tugivoo-rasedatele-kira\/","og_site_name":"Beebipai","article_modified_time":"2025-09-26T02:44:52+00:00","og_image":[{"width":1600,"height":1601,"url":"https:\/\/beebipai.ee\/wp-content\/uploads\/2022\/06\/Bandaaz-Kira1.jpg","type":"image\/jpeg"}],"twitter_card":"summary_large_image","twitter_misc":{"Est. reading time":"3 minut\u0117s"},"schema":{"@context":"https:\/\/schema.org","@graph":[{"@type":"WebPage","@id":"https:\/\/beebipai.ee\/product\/meditsiiniline-tugivoo-rasedatele-kira\/","url":"https:\/\/beebipai.ee\/product\/meditsiiniline-tugivoo-rasedatele-kira\/","name":"Meditsiiniline tugiv\u00f6\u00f6 rasedatele Kira Comfort - Beebipai","isPartOf":{"@id":"https:\/\/beebipai.ee\/en\/#website"},"primaryImageOfPage":{"@id":"https:\/\/beebipai.ee\/product\/meditsiiniline-tugivoo-rasedatele-kira\/#primaryimage"},"image":{"@id":"https:\/\/beebipai.ee\/product\/meditsiiniline-tugivoo-rasedatele-kira\/#primaryimage"},"thumbnailUrl":"https:\/\/beebipai.ee\/wp-content\/uploads\/2022\/06\/Bandaaz-Kira1.jpg","datePublished":"2022-06-19T21:02:38+00:00","dateModified":"2025-09-26T02:44:52+00:00","description":"Meditsiiniline tugiv\u00f6\u00f6 rasedatele pakub eriti t\u00f5husalt tuge alaseljale. Vaata toodet meditsiiniline tugiv\u00f6\u00f6 rasedatele!","breadcrumb":{"@id":"https:\/\/beebipai.ee\/product\/meditsiiniline-tugivoo-rasedatele-kira\/#breadcrumb"},"inLanguage":"lt-LT","potentialAction":[{"@type":"ReadAction","target":["https:\/\/beebipai.ee\/product\/meditsiiniline-tugivoo-rasedatele-kira\/"]}]},{"@type":"ImageObject","inLanguage":"lt-LT","@id":"https:\/\/beebipai.ee\/product\/meditsiiniline-tugivoo-rasedatele-kira\/#primaryimage","url":"https:\/\/beebipai.ee\/wp-content\/uploads\/2022\/06\/Bandaaz-Kira1.jpg","contentUrl":"https:\/\/beebipai.ee\/wp-content\/uploads\/2022\/06\/Bandaaz-Kira1.jpg","width":1600,"height":1601},{"@type":"BreadcrumbList","@id":"https:\/\/beebipai.ee\/product\/meditsiiniline-tugivoo-rasedatele-kira\/#breadcrumb","itemListElement":[{"@type":"ListItem","position":1,"name":"Home","item":"https:\/\/beebipai.ee\/"},{"@type":"ListItem","position":2,"name":"Pood","item":"https:\/\/beebipai.ee\/store\/"},{"@type":"ListItem","position":3,"name":"Meditsiiniline tugiv\u00f6\u00f6 rasedatele Kira Comfort"}]},{"@type":"WebSite","@id":"https:\/\/beebipai.ee\/en\/#website","url":"https:\/\/beebipai.ee\/en\/","name":"Beebipai","description":"Rasedate ja beebide veebipood","potentialAction":[{"@type":"SearchAction","target":{"@type":"EntryPoint","urlTemplate":"https:\/\/beebipai.ee\/en\/?s={search_term_string}"},"query-input":{"@type":"PropertyValueSpecification","valueRequired":true,"valueName":"search_term_string"}}],"inLanguage":"lt-LT"}]}},"_links":{"self":[{"href":"https:\/\/beebipai.ee\/lt\/wp-json\/wp\/v2\/product\/4652","targetHints":{"allow":["GET"]}}],"collection":[{"href":"https:\/\/beebipai.ee\/lt\/wp-json\/wp\/v2\/product"}],"about":[{"href":"https:\/\/beebipai.ee\/lt\/wp-json\/wp\/v2\/types\/product"}],"version-history":[{"count":5,"href":"https:\/\/beebipai.ee\/lt\/wp-json\/wp\/v2\/product\/4652\/revisions"}],"predecessor-version":[{"id":7359,"href":"https:\/\/beebipai.ee\/lt\/wp-json\/wp\/v2\/product\/4652\/revisions\/7359"}],"wp:featuredmedia":[{"embeddable":true,"href":"https:\/\/beebipai.ee\/lt\/wp-json\/wp\/v2\/media\/4606"}],"wp:attachment":[{"href":"https:\/\/beebipai.ee\/lt\/wp-json\/wp\/v2\/media?parent=4652"}],"wp:term":[{"taxonomy":"product_brand","embeddable":true,"href":"https:\/\/beebipai.ee\/lt\/wp-json\/wp\/v2\/product_brand?post=4652"},{"taxonomy":"product_cat","embeddable":true,"href":"https:\/\/beebipai.ee\/lt\/wp-json\/wp\/v2\/product_cat?post=4652"},{"taxonomy":"product_tag","embeddable":true,"href":"https:\/\/beebipai.ee\/lt\/wp-json\/wp\/v2\/product_tag?post=4652"}],"curies":[{"name":"wp","href":"https:\/\/api.w.org\/{rel}","templated":true}]}}