{"id":4466,"date":"2022-06-14T13:56:54","date_gmt":"2022-06-14T10:56:54","guid":{"rendered":"https:\/\/beebipai.ee\/?post_type=product&#038;p=4466"},"modified":"2024-05-17T12:59:26","modified_gmt":"2024-05-17T09:59:26","slug":"cadenshae-bambusest-rinnahoidja","status":"publish","type":"product","link":"https:\/\/beebipai.ee\/lt\/product\/cadenshae-bambusest-rinnahoidja\/","title":{"rendered":"Cadenshae bambukin\u0117 maitinanti liemen\u0117l\u0117"},"content":{"rendered":"<div data-elementor-type=\"wp-post\" data-elementor-id=\"4466\" class=\"elementor elementor-4466\">\n\t\t\t\t\t\t<section class=\"elementor-section elementor-top-section elementor-element elementor-element-aa96837 elementor-section-boxed elementor-section-height-default elementor-section-height-default\" data-id=\"aa96837\" data-element_type=\"section\" data-e-type=\"section\">\n\t\t\t\t\t\t<div class=\"elementor-container elementor-column-gap-default\">\n\t\t\t\t\t<div class=\"elementor-column elementor-col-50 elementor-top-column elementor-element elementor-element-9198bfc\" data-id=\"9198bfc\" data-element_type=\"column\" data-e-type=\"column\">\n\t\t\t<div class=\"elementor-widget-wrap elementor-element-populated\">\n\t\t\t\t\t\t<div class=\"elementor-element elementor-element-64e9982 elementor-widget elementor-widget-heading\" data-id=\"64e9982\" data-element_type=\"widget\" data-e-type=\"widget\" data-widget_type=\"heading.default\">\n\t\t\t\t<div class=\"elementor-widget-container\">\n\t\t\t\t\t<h2 class=\"elementor-heading-title elementor-size-default\">Cadenshae bambukin\u0117 maitinanti liemen\u0117l\u0117<\/h2>\t\t\t\t<\/div>\n\t\t\t\t<\/div>\n\t\t\t\t<div class=\"elementor-element elementor-element-601de84 elementor-widget elementor-widget-text-editor\" data-id=\"601de84\" data-element_type=\"widget\" data-e-type=\"widget\" data-widget_type=\"text-editor.default\">\n\t\t\t\t<div class=\"elementor-widget-container\">\n\t\t\t\t\t\t\t\t\t<p>Sp\u0117ju, kad visi t\u0117vai svajoja, kad ma\u017eyliai naktimis miega nuostabiai, ta\u010diau realyb\u0117 tokia, kad i\u0161 prad\u017ei\u0173 vaikas tur\u0117t\u0173 valgyti bent 8 kartus per dien\u0105, o tai rei\u0161kia ir k\u016bdikio maitinim\u0105 nakt\u012f.\u00a0<\/p><p>Ar \u017einojote, kad naujagimio skrandis yra ma\u017eytis, \u012f j\u012f telpa tik labai ma\u017eas pieno kiekis (6ml 3kg k\u016bdikiui, 8ml 4kg k\u016bdikiui). Kasdien vaiko poreikis maistui po truput\u012f did\u0117ja, tod\u0117l per savait\u0119 vaikas per vien\u0105 valg\u012f jau suvalgo apie 60 ml pieno.\u00a0<\/p><p>Motinos pien\u0105 k\u016bdikis labai gerai pasisavina ir greitai vir\u0161kinamas, tod\u0117l po 1-2 valand\u0173 k\u016bdikis jau gali prad\u0117ti pra\u0161yti maisto. Naktinis \u017eindymas yra labai naudingas tiek mamai, tiek k\u016bdikiui. Prolaktino kiekis yra didesnis nakt\u012f, o tai skatina pieno gamyb\u0105. Taip pat pasteb\u0117ta, kad vaikai per vien\u0105 valg\u012f nakt\u012f suvalgo didesn\u012f pieno kiek\u012f. Tai svarbu pirm\u0105j\u0105 savait\u0119 norint i\u0161vengti per didelio svorio metimo, o v\u0117liau norint u\u017etikrinti ger\u0105 svorio i\u0161laikym\u0105. Motinos piene vakare yra daugiau triptofano, kuris turi mieg\u0105 skatinant\u012f poveik\u012f, leid\u017eiantis vaikui ramiau miegoti. Pirmaisiais m\u0117nesiais vaikas dar nesusitvarko dienos ir nakties ritmo, laikui b\u0117gant jis nusistovi. Tod\u0117l gali b\u016bti nakt\u0173, kai vaikas valgo tik 2 kartus per nakt\u012f, bet ir nakt\u0173, kai vaikas valgo kas valand\u0105<\/p>\t\t\t\t\t\t\t\t<\/div>\n\t\t\t\t<\/div>\n\t\t\t\t\t<\/div>\n\t\t<\/div>\n\t\t\t\t<div class=\"elementor-column elementor-col-50 elementor-top-column elementor-element elementor-element-d8f81bc\" data-id=\"d8f81bc\" data-element_type=\"column\" data-e-type=\"column\">\n\t\t\t<div class=\"elementor-widget-wrap elementor-element-populated\">\n\t\t\t\t\t\t<div class=\"elementor-element elementor-element-f1ea67a elementor-widget elementor-widget-image\" data-id=\"f1ea67a\" data-element_type=\"widget\" data-e-type=\"widget\" data-widget_type=\"image.default\">\n\t\t\t\t<div class=\"elementor-widget-container\">\n\t\t\t\t\t\t\t\t\t\t\t\t\t\t\t<img fetchpriority=\"high\" decoding=\"async\" width=\"768\" height=\"576\" src=\"https:\/\/beebipai.ee\/wp-content\/uploads\/2022\/06\/Cadenshae-bambusest-rinnahoidja-768x576.jpg\" class=\"attachment-medium_large size-medium_large wp-image-4472\" alt=\"\" srcset=\"https:\/\/beebipai.ee\/wp-content\/uploads\/2022\/06\/Cadenshae-bambusest-rinnahoidja-768x576.jpg 768w, https:\/\/beebipai.ee\/wp-content\/uploads\/2022\/06\/Cadenshae-bambusest-rinnahoidja-e1655204644377-300x225.jpg 300w, https:\/\/beebipai.ee\/wp-content\/uploads\/2022\/06\/Cadenshae-bambusest-rinnahoidja-1024x768.jpg 1024w, https:\/\/beebipai.ee\/wp-content\/uploads\/2022\/06\/Cadenshae-bambusest-rinnahoidja-e1655204644377-16x12.jpg 16w, https:\/\/beebipai.ee\/wp-content\/uploads\/2022\/06\/Cadenshae-bambusest-rinnahoidja-600x450.jpg 600w, https:\/\/beebipai.ee\/wp-content\/uploads\/2022\/06\/Cadenshae-bambusest-rinnahoidja-e1655204644377.jpg 400w\" sizes=\"(max-width: 768px) 100vw, 768px\" \/>\t\t\t\t\t\t\t\t\t\t\t\t\t\t\t<\/div>\n\t\t\t\t<\/div>\n\t\t\t\t\t<\/div>\n\t\t<\/div>\n\t\t\t\t\t<\/div>\n\t\t<\/section>\n\t\t\t\t<section class=\"elementor-section elementor-top-section elementor-element elementor-element-48945b9 elementor-section-boxed elementor-section-height-default elementor-section-height-default\" data-id=\"48945b9\" data-element_type=\"section\" data-e-type=\"section\">\n\t\t\t\t\t\t<div class=\"elementor-container elementor-column-gap-default\">\n\t\t\t\t\t<div class=\"elementor-column elementor-col-50 elementor-top-column elementor-element elementor-element-886f813\" data-id=\"886f813\" data-element_type=\"column\" data-e-type=\"column\">\n\t\t\t<div class=\"elementor-widget-wrap elementor-element-populated\">\n\t\t\t\t\t\t<div class=\"elementor-element elementor-element-4c38d65 elementor-widget elementor-widget-text-editor\" data-id=\"4c38d65\" data-element_type=\"widget\" data-e-type=\"widget\" data-widget_type=\"text-editor.default\">\n\t\t\t\t<div class=\"elementor-widget-container\">\n\t\t\t\t\t\t\t\t\t<p>\u017dinoma, kad kr\u016btimi maitinan\u010dios mamos \u0161iek tiek daugiau miega nakt\u012f, nes motinos pienas visada yra prieinamas, visada paruo\u0161tas ir visada tinkamos temperat\u016bros. Vienintel\u0117 b\u0117da \u2013 pad\u0117ti k\u016bdikiui prie kr\u016bties. \u017dindydama gulint, mama gali toliau sn\u016bsti, kol k\u016bdikis valgo.<\/p><p>\u017dindymo metu kr\u016btys turi tok\u012f pat\u012f palaikym\u0105 kaip ir n\u0117\u0161tumo metu, o liemen\u0117l\u0119 rekomenduojama naudoti ir nakt\u012f. Ta\u010diau nak\u010diai naudojama liemen\u0117l\u0117 gal\u0117t\u0173 b\u016bti mink\u0161tesn\u0117 ir, jei \u012fmanoma, be si\u016bli\u0173, smeigtuk\u0173 ar u\u017esegim\u0173. Cadenshae Bamboo liemen\u0117l\u0117 puikiai tiks tiek dienai, tiek nak\u010diai. Sportinio dizaino liemen\u0117l\u0117 tinka kiekvienai kr\u016btinei. Mink\u0161tas ir tamprus bambukas puikiai prisitaiko prie kr\u016bties formos ir dyd\u017eio poky\u010di\u0173 \u017eindymo metu. Liemen\u0117l\u0117 neturi grioveli\u0173 si\u016bli\u0173, segtuk\u0173, u\u017esegim\u0173. Bambukin\u0117 liemen\u0117l\u0117 suteikia \u0161velnumo, komforto ir lengvos atramos kr\u016btinei. Itin patogus \u0161erti nakt\u012f. Nereikia atidaryti krep\u0161elio atskirai, tiesiog nuimkite audin\u012f nuo kr\u016btin\u0117s.<\/p>\t\t\t\t\t\t\t\t<\/div>\n\t\t\t\t<\/div>\n\t\t\t\t\t<\/div>\n\t\t<\/div>\n\t\t\t\t<div class=\"elementor-column elementor-col-50 elementor-top-column elementor-element elementor-element-de12843\" data-id=\"de12843\" data-element_type=\"column\" data-e-type=\"column\">\n\t\t\t<div class=\"elementor-widget-wrap elementor-element-populated\">\n\t\t\t\t\t\t<div class=\"elementor-element elementor-element-ac7ac37 elementor-widget elementor-widget-image\" data-id=\"ac7ac37\" data-element_type=\"widget\" data-e-type=\"widget\" data-widget_type=\"image.default\">\n\t\t\t\t<div class=\"elementor-widget-container\">\n\t\t\t\t\t\t\t\t\t\t\t\t\t\t\t<img decoding=\"async\" width=\"400\" height=\"222\" src=\"https:\/\/beebipai.ee\/wp-content\/uploads\/2022\/06\/Cadenshae-bambusest-rinnahoidja2-e1655206017206.jpg\" class=\"attachment-medium_large size-medium_large wp-image-4473\" alt=\"\" srcset=\"https:\/\/beebipai.ee\/wp-content\/uploads\/2022\/06\/Cadenshae-bambusest-rinnahoidja2-e1655206017206.jpg 400w, https:\/\/beebipai.ee\/wp-content\/uploads\/2022\/06\/Cadenshae-bambusest-rinnahoidja2-e1655206017206-300x167.jpg 300w, https:\/\/beebipai.ee\/wp-content\/uploads\/2022\/06\/Cadenshae-bambusest-rinnahoidja2-e1655206017206-18x10.jpg 18w\" sizes=\"(max-width: 400px) 100vw, 400px\" \/>\t\t\t\t\t\t\t\t\t\t\t\t\t\t\t<\/div>\n\t\t\t\t<\/div>\n\t\t\t\t\t<\/div>\n\t\t<\/div>\n\t\t\t\t\t<\/div>\n\t\t<\/section>\n\t\t\t\t<\/div>","protected":false},"excerpt":{"rendered":"<p>Cadenshae bambukin\u0117 \u017eindymo liemen\u0117l\u0117 yra mink\u0161ta ir patogi kr\u016btims n\u0117\u0161tumo ir \u017eindymo metu. Sportin\u0117s liemen\u0117l\u0117s dizainas tinka kiekvienai kr\u016btinei ir prisitaiko prie \u017eindomos kr\u016bties dyd\u017eio ir formos poky\u010di\u0173. Odai nekenksminga med\u017eiaga jautrioms ir reiklioms kr\u016btims.<\/p>","protected":false},"featured_media":6722,"template":"","meta":{"_monsterinsights_skip_tracking":false,"_monsterinsights_sitenote_active":false,"_monsterinsights_sitenote_note":"","_monsterinsights_sitenote_category":0,"site-sidebar-layout":"no-sidebar","site-content-layout":"page-builder","ast-site-content-layout":"full-width-container","site-content-style":"unboxed","site-sidebar-style":"unboxed","ast-global-header-display":"","ast-banner-title-visibility":"","ast-main-header-display":"","ast-hfb-above-header-display":"","ast-hfb-below-header-display":"","ast-hfb-mobile-header-display":"","site-post-title":"disabled","ast-breadcrumbs-content":"","ast-featured-img":"disabled","footer-sml-layout":"","ast-disable-related-posts":"","theme-transparent-header-meta":"default","adv-header-id-meta":"","stick-header-meta":"","header-above-stick-meta":"","header-main-stick-meta":"","header-below-stick-meta":"","astra-migrate-meta-layouts":"set","ast-page-background-enabled":"default","ast-page-background-meta":{"desktop":{"background-color":"","background-image":"","background-repeat":"repeat","background-position":"center center","background-size":"auto","background-attachment":"scroll","background-type":"","background-media":"","overlay-type":"","overlay-color":"","overlay-opacity":"","overlay-gradient":""},"tablet":{"background-color":"","background-image":"","background-repeat":"repeat","background-position":"center center","background-size":"auto","background-attachment":"scroll","background-type":"","background-media":"","overlay-type":"","overlay-color":"","overlay-opacity":"","overlay-gradient":""},"mobile":{"background-color":"","background-image":"","background-repeat":"repeat","background-position":"center center","background-size":"auto","background-attachment":"scroll","background-type":"","background-media":"","overlay-type":"","overlay-color":"","overlay-opacity":"","overlay-gradient":""}},"ast-content-background-meta":{"desktop":{"background-color":"var(--ast-global-color-5)","background-image":"","background-repeat":"repeat","background-position":"center center","background-size":"auto","background-attachment":"scroll","background-type":"","background-media":"","overlay-type":"","overlay-color":"","overlay-opacity":"","overlay-gradient":""},"tablet":{"background-color":"var(--ast-global-color-5)","background-image":"","background-repeat":"repeat","background-position":"center center","background-size":"auto","background-attachment":"scroll","background-type":"","background-media":"","overlay-type":"","overlay-color":"","overlay-opacity":"","overlay-gradient":""},"mobile":{"background-color":"var(--ast-global-color-5)","background-image":"","background-repeat":"repeat","background-position":"center center","background-size":"auto","background-attachment":"scroll","background-type":"","background-media":"","overlay-type":"","overlay-color":"","overlay-opacity":"","overlay-gradient":""}}},"product_brand":[],"product_cat":[22,148,133,103],"product_tag":[],"class_list":{"0":"post-4466","1":"product","2":"type-product","3":"status-publish","4":"has-post-thumbnail","6":"product_cat-emale","7":"product_cat-kingiideed-emale","8":"product_cat-riided-rasedatele-ja-rinnaga-toitvatele-emadele","9":"product_cat-imetamine","10":"desktop-align-left","11":"tablet-align-left","12":"mobile-align-left","14":"first","15":"instock","16":"taxable","17":"shipping-taxable","18":"purchasable","19":"product-type-variable"},"yoast_head":"<!-- This site is optimized with the Yoast SEO plugin v27.4 - https:\/\/yoast.com\/product\/yoast-seo-wordpress\/ -->\n<title>Cadenshae imetamisrinnahoidja bambusest - Beebipai<\/title>\n<meta name=\"description\" content=\"Cadenshae bambusest imetamisrinnahoidja on pehme ja mugav rasedusaegsele ja imetavale rinnale. Vaata toodet Cadenshae bambusest rinnahoidja!\" \/>\n<meta name=\"robots\" content=\"index, follow, max-snippet:-1, max-image-preview:large, max-video-preview:-1\" \/>\n<link rel=\"canonical\" href=\"https:\/\/beebipai.ee\/lt\/product\/cadenshae-bambusest-rinnahoidja\/\" \/>\n<meta property=\"og:locale\" content=\"lt_LT\" \/>\n<meta property=\"og:type\" content=\"article\" \/>\n<meta property=\"og:title\" content=\"Cadenshae imetamisrinnahoidja bambusest - Beebipai\" \/>\n<meta property=\"og:description\" content=\"Cadenshae bambusest imetamisrinnahoidja on pehme ja mugav rasedusaegsele ja imetavale rinnale. Vaata toodet Cadenshae bambusest rinnahoidja!\" \/>\n<meta property=\"og:url\" content=\"https:\/\/beebipai.ee\/lt\/product\/cadenshae-bambusest-rinnahoidja\/\" \/>\n<meta property=\"og:site_name\" content=\"Beebipai\" \/>\n<meta property=\"article:modified_time\" content=\"2024-05-17T09:59:26+00:00\" \/>\n<meta property=\"og:image\" content=\"https:\/\/beebipai.ee\/wp-content\/uploads\/2022\/06\/Cadenshae-bambusest-rinnahoidja3-807x1024.png\" \/>\n\t<meta property=\"og:image:width\" content=\"807\" \/>\n\t<meta property=\"og:image:height\" content=\"1024\" \/>\n\t<meta property=\"og:image:type\" content=\"image\/png\" \/>\n<meta name=\"twitter:card\" content=\"summary_large_image\" \/>\n<meta name=\"twitter:label1\" content=\"Est. reading time\" \/>\n\t<meta name=\"twitter:data1\" content=\"2 minut\u0117s\" \/>\n<script type=\"application\/ld+json\" class=\"yoast-schema-graph\">{\"@context\":\"https:\\\/\\\/schema.org\",\"@graph\":[{\"@type\":\"WebPage\",\"@id\":\"https:\\\/\\\/beebipai.ee\\\/product\\\/cadenshae-bambusest-rinnahoidja\\\/\",\"url\":\"https:\\\/\\\/beebipai.ee\\\/product\\\/cadenshae-bambusest-rinnahoidja\\\/\",\"name\":\"Cadenshae imetamisrinnahoidja bambusest - Beebipai\",\"isPartOf\":{\"@id\":\"https:\\\/\\\/beebipai.ee\\\/en\\\/#website\"},\"primaryImageOfPage\":{\"@id\":\"https:\\\/\\\/beebipai.ee\\\/product\\\/cadenshae-bambusest-rinnahoidja\\\/#primaryimage\"},\"image\":{\"@id\":\"https:\\\/\\\/beebipai.ee\\\/product\\\/cadenshae-bambusest-rinnahoidja\\\/#primaryimage\"},\"thumbnailUrl\":\"https:\\\/\\\/beebipai.ee\\\/wp-content\\\/uploads\\\/2022\\\/06\\\/Cadenshae-bambusest-rinnahoidja3-e1663946265445.png\",\"datePublished\":\"2022-06-14T10:56:54+00:00\",\"dateModified\":\"2024-05-17T09:59:26+00:00\",\"description\":\"Cadenshae bambusest imetamisrinnahoidja on pehme ja mugav rasedusaegsele ja imetavale rinnale. Vaata toodet Cadenshae bambusest rinnahoidja!\",\"breadcrumb\":{\"@id\":\"https:\\\/\\\/beebipai.ee\\\/product\\\/cadenshae-bambusest-rinnahoidja\\\/#breadcrumb\"},\"inLanguage\":\"lt-LT\",\"potentialAction\":[{\"@type\":\"ReadAction\",\"target\":[\"https:\\\/\\\/beebipai.ee\\\/product\\\/cadenshae-bambusest-rinnahoidja\\\/\"]}]},{\"@type\":\"ImageObject\",\"inLanguage\":\"lt-LT\",\"@id\":\"https:\\\/\\\/beebipai.ee\\\/product\\\/cadenshae-bambusest-rinnahoidja\\\/#primaryimage\",\"url\":\"https:\\\/\\\/beebipai.ee\\\/wp-content\\\/uploads\\\/2022\\\/06\\\/Cadenshae-bambusest-rinnahoidja3-e1663946265445.png\",\"contentUrl\":\"https:\\\/\\\/beebipai.ee\\\/wp-content\\\/uploads\\\/2022\\\/06\\\/Cadenshae-bambusest-rinnahoidja3-e1663946265445.png\",\"width\":400,\"height\":507},{\"@type\":\"BreadcrumbList\",\"@id\":\"https:\\\/\\\/beebipai.ee\\\/product\\\/cadenshae-bambusest-rinnahoidja\\\/#breadcrumb\",\"itemListElement\":[{\"@type\":\"ListItem\",\"position\":1,\"name\":\"Home\",\"item\":\"https:\\\/\\\/beebipai.ee\\\/\"},{\"@type\":\"ListItem\",\"position\":2,\"name\":\"Pood\",\"item\":\"https:\\\/\\\/beebipai.ee\\\/store\\\/\"},{\"@type\":\"ListItem\",\"position\":3,\"name\":\"Cadenshae imetamisrinnahoidja bambusest\"}]},{\"@type\":\"WebSite\",\"@id\":\"https:\\\/\\\/beebipai.ee\\\/en\\\/#website\",\"url\":\"https:\\\/\\\/beebipai.ee\\\/en\\\/\",\"name\":\"Beebipai\",\"description\":\"Rasedate ja beebide veebipood\",\"potentialAction\":[{\"@type\":\"SearchAction\",\"target\":{\"@type\":\"EntryPoint\",\"urlTemplate\":\"https:\\\/\\\/beebipai.ee\\\/en\\\/?s={search_term_string}\"},\"query-input\":{\"@type\":\"PropertyValueSpecification\",\"valueRequired\":true,\"valueName\":\"search_term_string\"}}],\"inLanguage\":\"lt-LT\"}]}<\/script>\n<!-- \/ Yoast SEO plugin. -->","yoast_head_json":{"title":"Cadenshae imetamisrinnahoidja bambusest - Beebipai","description":"Cadenshae bambusest imetamisrinnahoidja on pehme ja mugav rasedusaegsele ja imetavale rinnale. Vaata toodet Cadenshae bambusest rinnahoidja!","robots":{"index":"index","follow":"follow","max-snippet":"max-snippet:-1","max-image-preview":"max-image-preview:large","max-video-preview":"max-video-preview:-1"},"canonical":"https:\/\/beebipai.ee\/lt\/product\/cadenshae-bambusest-rinnahoidja\/","og_locale":"lt_LT","og_type":"article","og_title":"Cadenshae imetamisrinnahoidja bambusest - Beebipai","og_description":"Cadenshae bambusest imetamisrinnahoidja on pehme ja mugav rasedusaegsele ja imetavale rinnale. Vaata toodet Cadenshae bambusest rinnahoidja!","og_url":"https:\/\/beebipai.ee\/lt\/product\/cadenshae-bambusest-rinnahoidja\/","og_site_name":"Beebipai","article_modified_time":"2024-05-17T09:59:26+00:00","og_image":[{"width":807,"height":1024,"url":"https:\/\/beebipai.ee\/wp-content\/uploads\/2022\/06\/Cadenshae-bambusest-rinnahoidja3-807x1024.png","type":"image\/png"}],"twitter_card":"summary_large_image","twitter_misc":{"Est. reading time":"2 minut\u0117s"},"schema":{"@context":"https:\/\/schema.org","@graph":[{"@type":"WebPage","@id":"https:\/\/beebipai.ee\/product\/cadenshae-bambusest-rinnahoidja\/","url":"https:\/\/beebipai.ee\/product\/cadenshae-bambusest-rinnahoidja\/","name":"Cadenshae imetamisrinnahoidja bambusest - Beebipai","isPartOf":{"@id":"https:\/\/beebipai.ee\/en\/#website"},"primaryImageOfPage":{"@id":"https:\/\/beebipai.ee\/product\/cadenshae-bambusest-rinnahoidja\/#primaryimage"},"image":{"@id":"https:\/\/beebipai.ee\/product\/cadenshae-bambusest-rinnahoidja\/#primaryimage"},"thumbnailUrl":"https:\/\/beebipai.ee\/wp-content\/uploads\/2022\/06\/Cadenshae-bambusest-rinnahoidja3-e1663946265445.png","datePublished":"2022-06-14T10:56:54+00:00","dateModified":"2024-05-17T09:59:26+00:00","description":"Cadenshae bambusest imetamisrinnahoidja on pehme ja mugav rasedusaegsele ja imetavale rinnale. Vaata toodet Cadenshae bambusest rinnahoidja!","breadcrumb":{"@id":"https:\/\/beebipai.ee\/product\/cadenshae-bambusest-rinnahoidja\/#breadcrumb"},"inLanguage":"lt-LT","potentialAction":[{"@type":"ReadAction","target":["https:\/\/beebipai.ee\/product\/cadenshae-bambusest-rinnahoidja\/"]}]},{"@type":"ImageObject","inLanguage":"lt-LT","@id":"https:\/\/beebipai.ee\/product\/cadenshae-bambusest-rinnahoidja\/#primaryimage","url":"https:\/\/beebipai.ee\/wp-content\/uploads\/2022\/06\/Cadenshae-bambusest-rinnahoidja3-e1663946265445.png","contentUrl":"https:\/\/beebipai.ee\/wp-content\/uploads\/2022\/06\/Cadenshae-bambusest-rinnahoidja3-e1663946265445.png","width":400,"height":507},{"@type":"BreadcrumbList","@id":"https:\/\/beebipai.ee\/product\/cadenshae-bambusest-rinnahoidja\/#breadcrumb","itemListElement":[{"@type":"ListItem","position":1,"name":"Home","item":"https:\/\/beebipai.ee\/"},{"@type":"ListItem","position":2,"name":"Pood","item":"https:\/\/beebipai.ee\/store\/"},{"@type":"ListItem","position":3,"name":"Cadenshae imetamisrinnahoidja bambusest"}]},{"@type":"WebSite","@id":"https:\/\/beebipai.ee\/en\/#website","url":"https:\/\/beebipai.ee\/en\/","name":"Beebipai","description":"Rasedate ja beebide veebipood","potentialAction":[{"@type":"SearchAction","target":{"@type":"EntryPoint","urlTemplate":"https:\/\/beebipai.ee\/en\/?s={search_term_string}"},"query-input":{"@type":"PropertyValueSpecification","valueRequired":true,"valueName":"search_term_string"}}],"inLanguage":"lt-LT"}]}},"_links":{"self":[{"href":"https:\/\/beebipai.ee\/lt\/wp-json\/wp\/v2\/product\/4466","targetHints":{"allow":["GET"]}}],"collection":[{"href":"https:\/\/beebipai.ee\/lt\/wp-json\/wp\/v2\/product"}],"about":[{"href":"https:\/\/beebipai.ee\/lt\/wp-json\/wp\/v2\/types\/product"}],"version-history":[{"count":5,"href":"https:\/\/beebipai.ee\/lt\/wp-json\/wp\/v2\/product\/4466\/revisions"}],"predecessor-version":[{"id":7368,"href":"https:\/\/beebipai.ee\/lt\/wp-json\/wp\/v2\/product\/4466\/revisions\/7368"}],"wp:featuredmedia":[{"embeddable":true,"href":"https:\/\/beebipai.ee\/lt\/wp-json\/wp\/v2\/media\/6722"}],"wp:attachment":[{"href":"https:\/\/beebipai.ee\/lt\/wp-json\/wp\/v2\/media?parent=4466"}],"wp:term":[{"taxonomy":"product_brand","embeddable":true,"href":"https:\/\/beebipai.ee\/lt\/wp-json\/wp\/v2\/product_brand?post=4466"},{"taxonomy":"product_cat","embeddable":true,"href":"https:\/\/beebipai.ee\/lt\/wp-json\/wp\/v2\/product_cat?post=4466"},{"taxonomy":"product_tag","embeddable":true,"href":"https:\/\/beebipai.ee\/lt\/wp-json\/wp\/v2\/product_tag?post=4466"}],"curies":[{"name":"wp","href":"https:\/\/api.w.org\/{rel}","templated":true}]}}