{"id":4407,"date":"2022-06-14T10:00:29","date_gmt":"2022-06-14T07:00:29","guid":{"rendered":"https:\/\/beebipai.ee\/?post_type=product&#038;p=4407"},"modified":"2025-10-14T18:35:44","modified_gmt":"2025-10-14T15:35:44","slug":"cadenshae-korge-pihaga-treeningpuksid","status":"publish","type":"product","link":"https:\/\/beebipai.ee\/lt\/product\/cadenshae-korge-pihaga-treeningpuksid\/","title":{"rendered":"Cadenshae antblauzd\u017eiai auk\u0161tu juosmeniu po gimdymo"},"content":{"rendered":"<div data-elementor-type=\"wp-post\" data-elementor-id=\"4407\" class=\"elementor elementor-4407\">\n\t\t\t\t\t\t<section class=\"elementor-section elementor-top-section elementor-element elementor-element-6769da4 elementor-section-boxed elementor-section-height-default elementor-section-height-default\" data-id=\"6769da4\" data-element_type=\"section\" data-e-type=\"section\">\n\t\t\t\t\t\t<div class=\"elementor-container elementor-column-gap-default\">\n\t\t\t\t\t<div class=\"elementor-column elementor-col-50 elementor-top-column elementor-element elementor-element-3a80c15\" data-id=\"3a80c15\" data-element_type=\"column\" data-e-type=\"column\">\n\t\t\t<div class=\"elementor-widget-wrap elementor-element-populated\">\n\t\t\t\t\t\t<div class=\"elementor-element elementor-element-d835e5b elementor-widget elementor-widget-heading\" data-id=\"d835e5b\" data-element_type=\"widget\" data-e-type=\"widget\" data-widget_type=\"heading.default\">\n\t\t\t\t<div class=\"elementor-widget-container\">\n\t\t\t\t\t<h2 class=\"elementor-heading-title elementor-size-default\">Cadenshae antblauzd\u017eiai auk\u0161tu juosmeniu po gimdymo<\/h2>\t\t\t\t<\/div>\n\t\t\t\t<\/div>\n\t\t\t\t<div class=\"elementor-element elementor-element-3405145 elementor-widget elementor-widget-text-editor\" data-id=\"3405145\" data-element_type=\"widget\" data-e-type=\"widget\" data-widget_type=\"text-editor.default\">\n\t\t\t\t<div class=\"elementor-widget-container\">\n\t\t\t\t\t\t\t\t\t<p>Kai gimdymas baigiasi ir vaikelis rankoje, vienas laikotarpis su dideliais kitais jau u\u017e nugaros. Ta\u010diau laukia kitas ne ma\u017eiau svarbus metas su dideliais poky\u010diais. Po gimdymo laikotarpis.... atsigavimo laikas.<\/p><p>Anks\u010diau ar v\u0117liau po gimdymo atsiranda ir noras, ir poreikis atstatyti prie\u0161 n\u0117\u0161tum\u0105 buvusias formas, pagerinti raumen\u0173 tonus\u0105, savijaut\u0105, padidinti i\u0161tverm\u0119. Treniruo\u010di\u0173 po gimdymo tikslas da\u017eniausiai yra efektyvus fizinio pasirengimo gerinimas ir atsistatymas. Ger\u0117jant fiziniam pasirengimui, ger\u0117ja ir emocin\u0117 pusiausvyra bei pasitenkinimas savimi.<\/p><p>Nepamir\u0161kite, kad n\u0117\u0161tumas ir gimdymas yra labai didel\u0117s apkrovos moters organizmui, tod\u0117l skirkite sau laiko ir i\u0161 karto nekelkite per dideli\u0173 tiksl\u0173.Treniruot\u0117s po gimdymo turi prasid\u0117ti palaipsniui, stebint savijaut\u0105. Nors noras greit\u0173 rezultat\u0173 gali b\u016bti labai didelis, per didelis sav\u0119s plakimas atne\u0161a daugiau \u017ealos nei naudos.\u00a0<\/p>\t\t\t\t\t\t\t\t<\/div>\n\t\t\t\t<\/div>\n\t\t\t\t\t<\/div>\n\t\t<\/div>\n\t\t\t\t<div class=\"elementor-column elementor-col-50 elementor-top-column elementor-element elementor-element-e118257\" data-id=\"e118257\" data-element_type=\"column\" data-e-type=\"column\">\n\t\t\t<div class=\"elementor-widget-wrap elementor-element-populated\">\n\t\t\t\t\t\t<div class=\"elementor-element elementor-element-79b43b9 elementor-widget elementor-widget-image\" data-id=\"79b43b9\" data-element_type=\"widget\" data-e-type=\"widget\" data-widget_type=\"image.default\">\n\t\t\t\t<div class=\"elementor-widget-container\">\n\t\t\t\t\t\t\t\t\t\t\t\t\t\t\t<img fetchpriority=\"high\" decoding=\"async\" width=\"768\" height=\"576\" src=\"https:\/\/beebipai.ee\/wp-content\/uploads\/2022\/06\/Sunnitusjargne-treening-768x576.webp\" class=\"attachment-medium_large size-medium_large wp-image-4419\" alt=\"\" srcset=\"https:\/\/beebipai.ee\/wp-content\/uploads\/2022\/06\/Sunnitusjargne-treening-768x576.webp 768w, https:\/\/beebipai.ee\/wp-content\/uploads\/2022\/06\/Sunnitusjargne-treening-e1655191546973-300x225.webp 300w, https:\/\/beebipai.ee\/wp-content\/uploads\/2022\/06\/Sunnitusjargne-treening-1024x768.webp 1024w, https:\/\/beebipai.ee\/wp-content\/uploads\/2022\/06\/Sunnitusjargne-treening-1536x1152.webp 1536w, https:\/\/beebipai.ee\/wp-content\/uploads\/2022\/06\/Sunnitusjargne-treening-2048x1536.webp 2048w, https:\/\/beebipai.ee\/wp-content\/uploads\/2022\/06\/Sunnitusjargne-treening-e1655191546973-16x12.webp 16w, https:\/\/beebipai.ee\/wp-content\/uploads\/2022\/06\/Sunnitusjargne-treening-600x450.webp 600w, https:\/\/beebipai.ee\/wp-content\/uploads\/2022\/06\/Sunnitusjargne-treening-e1655191546973.webp 400w\" sizes=\"(max-width: 768px) 100vw, 768px\" \/>\t\t\t\t\t\t\t\t\t\t\t\t\t\t\t<\/div>\n\t\t\t\t<\/div>\n\t\t\t\t\t<\/div>\n\t\t<\/div>\n\t\t\t\t\t<\/div>\n\t\t<\/section>\n\t\t\t\t<section class=\"elementor-section elementor-top-section elementor-element elementor-element-7d10e1a elementor-section-boxed elementor-section-height-default elementor-section-height-default\" data-id=\"7d10e1a\" data-element_type=\"section\" data-e-type=\"section\">\n\t\t\t\t\t\t<div class=\"elementor-container elementor-column-gap-default\">\n\t\t\t\t\t<div class=\"elementor-column elementor-col-50 elementor-top-column elementor-element elementor-element-942c806\" data-id=\"942c806\" data-element_type=\"column\" data-e-type=\"column\">\n\t\t\t<div class=\"elementor-widget-wrap elementor-element-populated\">\n\t\t\t\t\t\t<div class=\"elementor-element elementor-element-d2eae3f elementor-widget elementor-widget-text-editor\" data-id=\"d2eae3f\" data-element_type=\"widget\" data-e-type=\"widget\" data-widget_type=\"text-editor.default\">\n\t\t\t\t<div class=\"elementor-widget-container\">\n\t\t\t\t\t\t\t\t\t<p>Labai didelio intensyvumo treniruot\u0117s netinka treniruot\u0117ms po gimdymo. I\u0161 prad\u017ei\u0173 jums gali tr\u016bkti k\u016bno suvokimo, ypa\u010d kai kalbama apie korset\u0105 ir dubens dugno raumenis. Prie\u0161 prad\u0117dami didelio intensyvumo treniruotes, prad\u0117kite treniruodami pagrindinius ir pagrindinius raumenis. Labai tinka kv\u0117pavimo pratimai, joga, pilatesas, tempimo pratimai. O vaik\u0161\u010diojimo ratai su ve\u017eim\u0117liu \u2013 puiki i\u0161tverm\u0117s lavinimo galimyb\u0117 \ud83d\ude42<\/p><p>Ver\u010diau prad\u0117kite nuo trumpesni\u0173 ir lengvesni\u0173 treniruo\u010di\u0173, \u017eingsnis po \u017eingsnio jud\u0117kite \u012f priek\u012f. Steb\u0117kite, kaip jau\u010diat\u0117s tiek treniruot\u0117s metu, tiek po jo. Did\u0117jant savijautai ir darbingumui, laikas \u0161iek tiek padidinti kr\u016bv\u012f.\u00a0<\/p><p>Taip pat galite \u012ftraukti savo k\u016bdik\u012f \u012f treniruot\u0119 po gimdymo. Daugelis pratim\u0173 po gimdymo program\u0173 ir grupini\u0173 pratim\u0173 yra sudarytos taip, kad pratimus gal\u0117tum\u0117te atlikti kartu su savo k\u016bdikiu. K\u016bdikis pratimams suteikia reikiam\u0105 papildomo kr\u016bvio kiek\u012f. K\u016bdikiui augant, did\u0117ja ir papildomas kr\u016bvis.\u00a0<\/p>\t\t\t\t\t\t\t\t<\/div>\n\t\t\t\t<\/div>\n\t\t\t\t\t<\/div>\n\t\t<\/div>\n\t\t\t\t<div class=\"elementor-column elementor-col-50 elementor-top-column elementor-element elementor-element-f4ebb23\" data-id=\"f4ebb23\" data-element_type=\"column\" data-e-type=\"column\">\n\t\t\t<div class=\"elementor-widget-wrap elementor-element-populated\">\n\t\t\t\t\t\t<div class=\"elementor-element elementor-element-b1716f9 elementor-widget elementor-widget-image\" data-id=\"b1716f9\" data-element_type=\"widget\" data-e-type=\"widget\" data-widget_type=\"image.default\">\n\t\t\t\t<div class=\"elementor-widget-container\">\n\t\t\t\t\t\t\t\t\t\t\t\t\t\t\t<img decoding=\"async\" width=\"768\" height=\"768\" src=\"https:\/\/beebipai.ee\/wp-content\/uploads\/2022\/06\/Sunnitusjargne-treening1-768x768.jpg\" class=\"attachment-medium_large size-medium_large wp-image-4420\" alt=\"\" srcset=\"https:\/\/beebipai.ee\/wp-content\/uploads\/2022\/06\/Sunnitusjargne-treening1-768x768.jpg 768w, https:\/\/beebipai.ee\/wp-content\/uploads\/2022\/06\/Sunnitusjargne-treening1-e1655192225601-300x300.jpg 300w, https:\/\/beebipai.ee\/wp-content\/uploads\/2022\/06\/Sunnitusjargne-treening1-1024x1024.jpg 1024w, https:\/\/beebipai.ee\/wp-content\/uploads\/2022\/06\/Sunnitusjargne-treening1-e1655192225601-150x150.jpg 150w, https:\/\/beebipai.ee\/wp-content\/uploads\/2022\/06\/Sunnitusjargne-treening1-e1655192225601-12x12.jpg 12w, https:\/\/beebipai.ee\/wp-content\/uploads\/2022\/06\/Sunnitusjargne-treening1-600x600.jpg 600w, https:\/\/beebipai.ee\/wp-content\/uploads\/2022\/06\/Sunnitusjargne-treening1-e1655192225601-100x100.jpg 100w, https:\/\/beebipai.ee\/wp-content\/uploads\/2022\/06\/Sunnitusjargne-treening1-e1655192225601.jpg 400w\" sizes=\"(max-width: 768px) 100vw, 768px\" \/>\t\t\t\t\t\t\t\t\t\t\t\t\t\t\t<\/div>\n\t\t\t\t<\/div>\n\t\t\t\t\t<\/div>\n\t\t<\/div>\n\t\t\t\t\t<\/div>\n\t\t<\/section>\n\t\t\t\t<section class=\"elementor-section elementor-top-section elementor-element elementor-element-99a3a69 elementor-section-boxed elementor-section-height-default elementor-section-height-default\" data-id=\"99a3a69\" data-element_type=\"section\" data-e-type=\"section\">\n\t\t\t\t\t\t<div class=\"elementor-container elementor-column-gap-default\">\n\t\t\t\t\t<div class=\"elementor-column elementor-col-50 elementor-top-column elementor-element elementor-element-38bcf23\" data-id=\"38bcf23\" data-element_type=\"column\" data-e-type=\"column\">\n\t\t\t<div class=\"elementor-widget-wrap elementor-element-populated\">\n\t\t\t\t\t\t<div class=\"elementor-element elementor-element-ea75b8f elementor-widget elementor-widget-text-editor\" data-id=\"ea75b8f\" data-element_type=\"widget\" data-e-type=\"widget\" data-widget_type=\"text-editor.default\">\n\t\t\t\t<div class=\"elementor-widget-container\">\n\t\t\t\t\t\t\t\t\t<p>Cadenshae treniruo\u010di\u0173 keln\u0117s auk\u0161tu juosmeniu idealiai tinka treniruot\u0117ms po gimdymo. Tinka aerobin\u0117ms treniruot\u0117ms, raumen\u0173 treniruot\u0117ms ir einant pasivaik\u0161\u010dioti. Sustiprinta vir\u0161utin\u0117 juosmens dalis palaiko skrand\u012f ir nugar\u0105 \u2013 raumenis, kurie labiausiai pasikeit\u0117 nuo n\u0117\u0161tumo. Antblauzd\u017eiai po gimdymo taip pat yra puik\u016bs diastaz\u0117s regreso pagalbininkai. Itin patogi\u0173 ir gerai priglundan\u010di\u0173 antblauzd\u017ei\u0173 audinys yra lygus ir priglud\u0119s prie formos, prilaiko kojas ir s\u0117dmenis. N\u0117ra grioveli\u0173 ar suspaudimo si\u016bli\u0173. Keln\u0117s turi patogias ki\u0161enes \u0161onuose.\u00a0<\/p><p>Treniruo\u010di\u0173 antblauzd\u017eiai turi b\u016bti pri\u017ei\u016brimi pagal tuos pa\u010dius principus, kaip ir kiti treniruo\u010di\u0173 drabu\u017eiai. Taip jos ilgiau i\u0161lieka funkcionalios, sveikos ir gra\u017eios.<\/p><ul><li>Skalbti ma\u0161ina arba rankomis v\u0117siame vandenyje<\/li><li>Skalbkite su pana\u0161ios spalvos gaminiais<\/li><li>Treniruo\u010di\u0173 antblauzd\u017eiai neturi b\u016bti lyginami ar balinami<\/li><\/ul>\t\t\t\t\t\t\t\t<\/div>\n\t\t\t\t<\/div>\n\t\t\t\t\t<\/div>\n\t\t<\/div>\n\t\t\t\t<div class=\"elementor-column elementor-col-50 elementor-top-column elementor-element elementor-element-3072db2\" data-id=\"3072db2\" data-element_type=\"column\" data-e-type=\"column\">\n\t\t\t<div class=\"elementor-widget-wrap elementor-element-populated\">\n\t\t\t\t\t\t<div class=\"elementor-element elementor-element-9e964bc elementor-widget elementor-widget-image\" data-id=\"9e964bc\" data-element_type=\"widget\" data-e-type=\"widget\" data-widget_type=\"image.default\">\n\t\t\t\t<div class=\"elementor-widget-container\">\n\t\t\t\t\t\t\t\t\t\t\t\t\t\t\t<img decoding=\"async\" width=\"807\" height=\"1024\" src=\"https:\/\/beebipai.ee\/wp-content\/uploads\/2022\/06\/Cadenshae-korge-pihaga-treeningpuksid4-807x1024.jpg\" class=\"attachment-large size-large wp-image-4417\" alt=\"\" srcset=\"https:\/\/beebipai.ee\/wp-content\/uploads\/2022\/06\/Cadenshae-korge-pihaga-treeningpuksid4-807x1024.jpg 807w, https:\/\/beebipai.ee\/wp-content\/uploads\/2022\/06\/Cadenshae-korge-pihaga-treeningpuksid4-e1655193513876-237x300.jpg 237w, https:\/\/beebipai.ee\/wp-content\/uploads\/2022\/06\/Cadenshae-korge-pihaga-treeningpuksid4-768x974.jpg 768w, https:\/\/beebipai.ee\/wp-content\/uploads\/2022\/06\/Cadenshae-korge-pihaga-treeningpuksid4-1211x1536.jpg 1211w, https:\/\/beebipai.ee\/wp-content\/uploads\/2022\/06\/Cadenshae-korge-pihaga-treeningpuksid4-e1655193513876-9x12.jpg 9w, https:\/\/beebipai.ee\/wp-content\/uploads\/2022\/06\/Cadenshae-korge-pihaga-treeningpuksid4-600x761.jpg 600w, https:\/\/beebipai.ee\/wp-content\/uploads\/2022\/06\/Cadenshae-korge-pihaga-treeningpuksid4-e1655193513876.jpg 400w\" sizes=\"(max-width: 807px) 100vw, 807px\" \/>\t\t\t\t\t\t\t\t\t\t\t\t\t\t\t<\/div>\n\t\t\t\t<\/div>\n\t\t\t\t\t<\/div>\n\t\t<\/div>\n\t\t\t\t\t<\/div>\n\t\t<\/section>\n\t\t\t\t<\/div>","protected":false},"excerpt":{"rendered":"<p>Cadenshae treniruo\u010di\u0173 keln\u0117s auk\u0161tu juosmeniu idealiai tinka treniruot\u0117ms po gimdymo. Palaikykite korseto raumenis po gimdymo ir suma\u017einkite diastaz\u0119. Patogus ir prakti\u0161kas net kasdieniniam d\u0117v\u0117jimui.<\/p>","protected":false},"featured_media":4413,"template":"","meta":{"_monsterinsights_skip_tracking":false,"_monsterinsights_sitenote_active":false,"_monsterinsights_sitenote_note":"","_monsterinsights_sitenote_category":0,"site-sidebar-layout":"no-sidebar","site-content-layout":"page-builder","ast-site-content-layout":"full-width-container","site-content-style":"unboxed","site-sidebar-style":"unboxed","ast-global-header-display":"","ast-banner-title-visibility":"","ast-main-header-display":"","ast-hfb-above-header-display":"","ast-hfb-below-header-display":"","ast-hfb-mobile-header-display":"","site-post-title":"disabled","ast-breadcrumbs-content":"","ast-featured-img":"disabled","footer-sml-layout":"","ast-disable-related-posts":"","theme-transparent-header-meta":"default","adv-header-id-meta":"","stick-header-meta":"","header-above-stick-meta":"","header-main-stick-meta":"","header-below-stick-meta":"","astra-migrate-meta-layouts":"set","ast-page-background-enabled":"default","ast-page-background-meta":{"desktop":{"background-color":"","background-image":"","background-repeat":"repeat","background-position":"center center","background-size":"auto","background-attachment":"scroll","background-type":"","background-media":"","overlay-type":"","overlay-color":"","overlay-opacity":"","overlay-gradient":""},"tablet":{"background-color":"","background-image":"","background-repeat":"repeat","background-position":"center center","background-size":"auto","background-attachment":"scroll","background-type":"","background-media":"","overlay-type":"","overlay-color":"","overlay-opacity":"","overlay-gradient":""},"mobile":{"background-color":"","background-image":"","background-repeat":"repeat","background-position":"center center","background-size":"auto","background-attachment":"scroll","background-type":"","background-media":"","overlay-type":"","overlay-color":"","overlay-opacity":"","overlay-gradient":""}},"ast-content-background-meta":{"desktop":{"background-color":"var(--ast-global-color-5)","background-image":"","background-repeat":"repeat","background-position":"center center","background-size":"auto","background-attachment":"scroll","background-type":"","background-media":"","overlay-type":"","overlay-color":"","overlay-opacity":"","overlay-gradient":""},"tablet":{"background-color":"var(--ast-global-color-5)","background-image":"","background-repeat":"repeat","background-position":"center center","background-size":"auto","background-attachment":"scroll","background-type":"","background-media":"","overlay-type":"","overlay-color":"","overlay-opacity":"","overlay-gradient":""},"mobile":{"background-color":"var(--ast-global-color-5)","background-image":"","background-repeat":"repeat","background-position":"center center","background-size":"auto","background-attachment":"scroll","background-type":"","background-media":"","overlay-type":"","overlay-color":"","overlay-opacity":"","overlay-gradient":""}}},"product_brand":[],"product_cat":[22,105,133],"product_tag":[],"class_list":{"0":"post-4407","1":"product","2":"type-product","3":"status-publish","4":"has-post-thumbnail","6":"product_cat-emale","7":"product_cat-treening","8":"product_cat-riided-rasedatele-ja-rinnaga-toitvatele-emadele","9":"desktop-align-left","10":"tablet-align-left","11":"mobile-align-left","13":"first","14":"instock","15":"sale","16":"taxable","17":"shipping-taxable","18":"purchasable","19":"product-type-variable"},"yoast_head":"<!-- This site is optimized with the Yoast SEO plugin v27.4 - https:\/\/yoast.com\/product\/yoast-seo-wordpress\/ -->\n<title>Cadenshae k\u00f5rge pihaga retuusid s\u00fcnnitusj\u00e4rgseks perioodiks - Beebipai<\/title>\n<meta name=\"description\" content=\"Cadenshae k\u00f5rge pihaga treeningp\u00fcksid on ideaalsed treenimiseks s\u00fcnnitusj\u00e4rgses perioodis. Vaata toodet Cadensha k\u00f5rge pihaga treeningp\u00fcksid!\" \/>\n<meta name=\"robots\" content=\"index, follow, max-snippet:-1, max-image-preview:large, max-video-preview:-1\" \/>\n<link rel=\"canonical\" href=\"https:\/\/beebipai.ee\/lt\/product\/cadenshae-korge-pihaga-treeningpuksid\/\" \/>\n<meta property=\"og:locale\" content=\"lt_LT\" \/>\n<meta property=\"og:type\" content=\"article\" \/>\n<meta property=\"og:title\" content=\"Cadenshae k\u00f5rge pihaga retuusid s\u00fcnnitusj\u00e4rgseks perioodiks - Beebipai\" \/>\n<meta property=\"og:description\" content=\"Cadenshae k\u00f5rge pihaga treeningp\u00fcksid on ideaalsed treenimiseks s\u00fcnnitusj\u00e4rgses perioodis. Vaata toodet Cadensha k\u00f5rge pihaga treeningp\u00fcksid!\" \/>\n<meta property=\"og:url\" content=\"https:\/\/beebipai.ee\/lt\/product\/cadenshae-korge-pihaga-treeningpuksid\/\" \/>\n<meta property=\"og:site_name\" content=\"Beebipai\" \/>\n<meta property=\"article:modified_time\" content=\"2025-10-14T15:35:44+00:00\" \/>\n<meta property=\"og:image\" content=\"https:\/\/beebipai.ee\/wp-content\/uploads\/2022\/06\/Cadenshae-korge-pihaga-treeningpuksid.jpg\" \/>\n\t<meta property=\"og:image:width\" content=\"1576\" \/>\n\t<meta property=\"og:image:height\" content=\"1999\" \/>\n\t<meta property=\"og:image:type\" content=\"image\/jpeg\" \/>\n<meta name=\"twitter:card\" content=\"summary_large_image\" \/>\n<meta name=\"twitter:label1\" content=\"Est. reading time\" \/>\n\t<meta name=\"twitter:data1\" content=\"3 minut\u0117s\" \/>\n<script type=\"application\/ld+json\" class=\"yoast-schema-graph\">{\"@context\":\"https:\\\/\\\/schema.org\",\"@graph\":[{\"@type\":\"WebPage\",\"@id\":\"https:\\\/\\\/beebipai.ee\\\/product\\\/cadenshae-korge-pihaga-treeningpuksid\\\/\",\"url\":\"https:\\\/\\\/beebipai.ee\\\/product\\\/cadenshae-korge-pihaga-treeningpuksid\\\/\",\"name\":\"Cadenshae k\u00f5rge pihaga retuusid s\u00fcnnitusj\u00e4rgseks perioodiks - Beebipai\",\"isPartOf\":{\"@id\":\"https:\\\/\\\/beebipai.ee\\\/en\\\/#website\"},\"primaryImageOfPage\":{\"@id\":\"https:\\\/\\\/beebipai.ee\\\/product\\\/cadenshae-korge-pihaga-treeningpuksid\\\/#primaryimage\"},\"image\":{\"@id\":\"https:\\\/\\\/beebipai.ee\\\/product\\\/cadenshae-korge-pihaga-treeningpuksid\\\/#primaryimage\"},\"thumbnailUrl\":\"https:\\\/\\\/beebipai.ee\\\/wp-content\\\/uploads\\\/2022\\\/06\\\/Cadenshae-korge-pihaga-treeningpuksid.jpg\",\"datePublished\":\"2022-06-14T07:00:29+00:00\",\"dateModified\":\"2025-10-14T15:35:44+00:00\",\"description\":\"Cadenshae k\u00f5rge pihaga treeningp\u00fcksid on ideaalsed treenimiseks s\u00fcnnitusj\u00e4rgses perioodis. Vaata toodet Cadensha k\u00f5rge pihaga treeningp\u00fcksid!\",\"breadcrumb\":{\"@id\":\"https:\\\/\\\/beebipai.ee\\\/product\\\/cadenshae-korge-pihaga-treeningpuksid\\\/#breadcrumb\"},\"inLanguage\":\"lt-LT\",\"potentialAction\":[{\"@type\":\"ReadAction\",\"target\":[\"https:\\\/\\\/beebipai.ee\\\/product\\\/cadenshae-korge-pihaga-treeningpuksid\\\/\"]}]},{\"@type\":\"ImageObject\",\"inLanguage\":\"lt-LT\",\"@id\":\"https:\\\/\\\/beebipai.ee\\\/product\\\/cadenshae-korge-pihaga-treeningpuksid\\\/#primaryimage\",\"url\":\"https:\\\/\\\/beebipai.ee\\\/wp-content\\\/uploads\\\/2022\\\/06\\\/Cadenshae-korge-pihaga-treeningpuksid.jpg\",\"contentUrl\":\"https:\\\/\\\/beebipai.ee\\\/wp-content\\\/uploads\\\/2022\\\/06\\\/Cadenshae-korge-pihaga-treeningpuksid.jpg\",\"width\":1576,\"height\":1999},{\"@type\":\"BreadcrumbList\",\"@id\":\"https:\\\/\\\/beebipai.ee\\\/product\\\/cadenshae-korge-pihaga-treeningpuksid\\\/#breadcrumb\",\"itemListElement\":[{\"@type\":\"ListItem\",\"position\":1,\"name\":\"Home\",\"item\":\"https:\\\/\\\/beebipai.ee\\\/\"},{\"@type\":\"ListItem\",\"position\":2,\"name\":\"Pood\",\"item\":\"https:\\\/\\\/beebipai.ee\\\/store\\\/\"},{\"@type\":\"ListItem\",\"position\":3,\"name\":\"Cadenshae k\u00f5rge pihaga retuusid s\u00fcnnitusj\u00e4rgseks perioodiks\"}]},{\"@type\":\"WebSite\",\"@id\":\"https:\\\/\\\/beebipai.ee\\\/en\\\/#website\",\"url\":\"https:\\\/\\\/beebipai.ee\\\/en\\\/\",\"name\":\"Beebipai\",\"description\":\"Rasedate ja beebide veebipood\",\"potentialAction\":[{\"@type\":\"SearchAction\",\"target\":{\"@type\":\"EntryPoint\",\"urlTemplate\":\"https:\\\/\\\/beebipai.ee\\\/en\\\/?s={search_term_string}\"},\"query-input\":{\"@type\":\"PropertyValueSpecification\",\"valueRequired\":true,\"valueName\":\"search_term_string\"}}],\"inLanguage\":\"lt-LT\"}]}<\/script>\n<!-- \/ Yoast SEO plugin. -->","yoast_head_json":{"title":"Cadenshae k\u00f5rge pihaga retuusid s\u00fcnnitusj\u00e4rgseks perioodiks - Beebipai","description":"Cadenshae k\u00f5rge pihaga treeningp\u00fcksid on ideaalsed treenimiseks s\u00fcnnitusj\u00e4rgses perioodis. Vaata toodet Cadensha k\u00f5rge pihaga treeningp\u00fcksid!","robots":{"index":"index","follow":"follow","max-snippet":"max-snippet:-1","max-image-preview":"max-image-preview:large","max-video-preview":"max-video-preview:-1"},"canonical":"https:\/\/beebipai.ee\/lt\/product\/cadenshae-korge-pihaga-treeningpuksid\/","og_locale":"lt_LT","og_type":"article","og_title":"Cadenshae k\u00f5rge pihaga retuusid s\u00fcnnitusj\u00e4rgseks perioodiks - Beebipai","og_description":"Cadenshae k\u00f5rge pihaga treeningp\u00fcksid on ideaalsed treenimiseks s\u00fcnnitusj\u00e4rgses perioodis. Vaata toodet Cadensha k\u00f5rge pihaga treeningp\u00fcksid!","og_url":"https:\/\/beebipai.ee\/lt\/product\/cadenshae-korge-pihaga-treeningpuksid\/","og_site_name":"Beebipai","article_modified_time":"2025-10-14T15:35:44+00:00","og_image":[{"width":1576,"height":1999,"url":"https:\/\/beebipai.ee\/wp-content\/uploads\/2022\/06\/Cadenshae-korge-pihaga-treeningpuksid.jpg","type":"image\/jpeg"}],"twitter_card":"summary_large_image","twitter_misc":{"Est. reading time":"3 minut\u0117s"},"schema":{"@context":"https:\/\/schema.org","@graph":[{"@type":"WebPage","@id":"https:\/\/beebipai.ee\/product\/cadenshae-korge-pihaga-treeningpuksid\/","url":"https:\/\/beebipai.ee\/product\/cadenshae-korge-pihaga-treeningpuksid\/","name":"Cadenshae k\u00f5rge pihaga retuusid s\u00fcnnitusj\u00e4rgseks perioodiks - Beebipai","isPartOf":{"@id":"https:\/\/beebipai.ee\/en\/#website"},"primaryImageOfPage":{"@id":"https:\/\/beebipai.ee\/product\/cadenshae-korge-pihaga-treeningpuksid\/#primaryimage"},"image":{"@id":"https:\/\/beebipai.ee\/product\/cadenshae-korge-pihaga-treeningpuksid\/#primaryimage"},"thumbnailUrl":"https:\/\/beebipai.ee\/wp-content\/uploads\/2022\/06\/Cadenshae-korge-pihaga-treeningpuksid.jpg","datePublished":"2022-06-14T07:00:29+00:00","dateModified":"2025-10-14T15:35:44+00:00","description":"Cadenshae k\u00f5rge pihaga treeningp\u00fcksid on ideaalsed treenimiseks s\u00fcnnitusj\u00e4rgses perioodis. Vaata toodet Cadensha k\u00f5rge pihaga treeningp\u00fcksid!","breadcrumb":{"@id":"https:\/\/beebipai.ee\/product\/cadenshae-korge-pihaga-treeningpuksid\/#breadcrumb"},"inLanguage":"lt-LT","potentialAction":[{"@type":"ReadAction","target":["https:\/\/beebipai.ee\/product\/cadenshae-korge-pihaga-treeningpuksid\/"]}]},{"@type":"ImageObject","inLanguage":"lt-LT","@id":"https:\/\/beebipai.ee\/product\/cadenshae-korge-pihaga-treeningpuksid\/#primaryimage","url":"https:\/\/beebipai.ee\/wp-content\/uploads\/2022\/06\/Cadenshae-korge-pihaga-treeningpuksid.jpg","contentUrl":"https:\/\/beebipai.ee\/wp-content\/uploads\/2022\/06\/Cadenshae-korge-pihaga-treeningpuksid.jpg","width":1576,"height":1999},{"@type":"BreadcrumbList","@id":"https:\/\/beebipai.ee\/product\/cadenshae-korge-pihaga-treeningpuksid\/#breadcrumb","itemListElement":[{"@type":"ListItem","position":1,"name":"Home","item":"https:\/\/beebipai.ee\/"},{"@type":"ListItem","position":2,"name":"Pood","item":"https:\/\/beebipai.ee\/store\/"},{"@type":"ListItem","position":3,"name":"Cadenshae k\u00f5rge pihaga retuusid s\u00fcnnitusj\u00e4rgseks perioodiks"}]},{"@type":"WebSite","@id":"https:\/\/beebipai.ee\/en\/#website","url":"https:\/\/beebipai.ee\/en\/","name":"Beebipai","description":"Rasedate ja beebide veebipood","potentialAction":[{"@type":"SearchAction","target":{"@type":"EntryPoint","urlTemplate":"https:\/\/beebipai.ee\/en\/?s={search_term_string}"},"query-input":{"@type":"PropertyValueSpecification","valueRequired":true,"valueName":"search_term_string"}}],"inLanguage":"lt-LT"}]}},"_links":{"self":[{"href":"https:\/\/beebipai.ee\/lt\/wp-json\/wp\/v2\/product\/4407","targetHints":{"allow":["GET"]}}],"collection":[{"href":"https:\/\/beebipai.ee\/lt\/wp-json\/wp\/v2\/product"}],"about":[{"href":"https:\/\/beebipai.ee\/lt\/wp-json\/wp\/v2\/types\/product"}],"version-history":[{"count":5,"href":"https:\/\/beebipai.ee\/lt\/wp-json\/wp\/v2\/product\/4407\/revisions"}],"predecessor-version":[{"id":10703,"href":"https:\/\/beebipai.ee\/lt\/wp-json\/wp\/v2\/product\/4407\/revisions\/10703"}],"wp:featuredmedia":[{"embeddable":true,"href":"https:\/\/beebipai.ee\/lt\/wp-json\/wp\/v2\/media\/4413"}],"wp:attachment":[{"href":"https:\/\/beebipai.ee\/lt\/wp-json\/wp\/v2\/media?parent=4407"}],"wp:term":[{"taxonomy":"product_brand","embeddable":true,"href":"https:\/\/beebipai.ee\/lt\/wp-json\/wp\/v2\/product_brand?post=4407"},{"taxonomy":"product_cat","embeddable":true,"href":"https:\/\/beebipai.ee\/lt\/wp-json\/wp\/v2\/product_cat?post=4407"},{"taxonomy":"product_tag","embeddable":true,"href":"https:\/\/beebipai.ee\/lt\/wp-json\/wp\/v2\/product_tag?post=4407"}],"curies":[{"name":"wp","href":"https:\/\/api.w.org\/{rel}","templated":true}]}}