{"id":4191,"date":"2022-06-08T15:12:08","date_gmt":"2022-06-08T12:12:08","guid":{"rendered":"https:\/\/beebipai.ee\/?post_type=product&#038;p=4191"},"modified":"2022-06-28T23:14:26","modified_gmt":"2022-06-28T20:14:26","slug":"gabriella-rasedate-sukkpuksid-aloe-vera-ekstraktiga-100den","status":"publish","type":"product","link":"https:\/\/beebipai.ee\/lt\/product\/gabriella-rasedate-sukkpuksid-aloe-vera-ekstraktiga-100den\/","title":{"rendered":"Gabriella n\u0117\u0161\u010di\u0173j\u0173 p\u0117dkeln\u0117s su alavijo ekstraktu, 100den"},"content":{"rendered":"<div data-elementor-type=\"wp-post\" data-elementor-id=\"4191\" class=\"elementor elementor-4191\">\n\t\t\t\t\t\t<section class=\"elementor-section elementor-top-section elementor-element elementor-element-c9b58fc elementor-section-boxed elementor-section-height-default elementor-section-height-default\" data-id=\"c9b58fc\" data-element_type=\"section\" data-e-type=\"section\">\n\t\t\t\t\t\t<div class=\"elementor-container elementor-column-gap-default\">\n\t\t\t\t\t<div class=\"elementor-column elementor-col-50 elementor-top-column elementor-element elementor-element-f97ef58\" data-id=\"f97ef58\" data-element_type=\"column\" data-e-type=\"column\">\n\t\t\t<div class=\"elementor-widget-wrap elementor-element-populated\">\n\t\t\t\t\t\t<div class=\"elementor-element elementor-element-a18e6e5 elementor-widget elementor-widget-heading\" data-id=\"a18e6e5\" data-element_type=\"widget\" data-e-type=\"widget\" data-widget_type=\"heading.default\">\n\t\t\t\t<div class=\"elementor-widget-container\">\n\t\t\t\t\t<h2 class=\"elementor-heading-title elementor-size-default\">Gabriella n\u0117\u0161\u010di\u0173j\u0173 p\u0117dkeln\u0117s su alavijo ekstraktu<\/h2>\t\t\t\t<\/div>\n\t\t\t\t<\/div>\n\t\t\t\t<div class=\"elementor-element elementor-element-183cd7f elementor-widget elementor-widget-text-editor\" data-id=\"183cd7f\" data-element_type=\"widget\" data-e-type=\"widget\" data-widget_type=\"text-editor.default\">\n\t\t\t\t<div class=\"elementor-widget-container\">\n\t\t\t\t\t\t\t\t\t<p>Gabriella n\u0117\u0161\u010diosios p\u0117dkeln\u0117s skirtos n\u0117\u0161tumui su specialia kelnai\u010di\u0173 dalimi, kuri prisitaiko prie greitai besikei\u010dian\u010di\u0173 k\u016bno form\u0173. Papildomas sutvirtinimas nugaroje ir spaudim\u0105 ma\u017einantis dir\u017eas leid\u017eia ypa\u010d patogiai d\u0117v\u0117ti n\u0117\u0161tumo metu. P\u0117dkeln\u0117s pagamintos i\u0161 auk\u0161tesn\u0117s kokyb\u0117s verpal\u0173, tod\u0117l jos yra gra\u017eios ir patvarios. Plok\u0161\u010dios si\u016bl\u0117s nesibrai\u017eo ir neskauda. Keln\u0117s turi medvilnin\u012f audin\u012f tarp koj\u0173 ir sustiprintas pir\u0161t\u0173 dalis. Aloe Vera ekstraktas daro p\u0117dkelnes mink\u0161tesnes ir patogesnes. Ne\u0161ioti suteikia \u0161vie\u017eumo, elegancijos ir lengvumo. Aloe Vera taip pat turi antibakterin\u012f poveik\u012f. D\u0117l specialaus formato n\u0117\u0161tumui p\u0117dkeln\u0117s nenusmunka ir nenusileid\u017eia nuo pilvo.<\/p><p>Kad p\u0117dkeln\u0117s ilgai i\u0161likt\u0173 sveikos ir gra\u017eios, svarbu jas pri\u017ei\u016br\u0117ti. Nor\u0117dami i\u0161laikyti ry\u0161ki\u0105 spalv\u0105, form\u0105 ir i\u0161vaizd\u0105, skalbkite p\u0117dkelnes:<\/p><ul><li>nuplaukite rankomis \u0161velniu plovikliu \u0161iltame vandenyje ir nuplaukite \u0161altu vandeniu. P\u0117dkelni\u0173 rekomenduojama nepersukti.<\/li><li>skalbimo ma\u0161inoje naudojant \u0161veln\u0173 30 laipsni\u0173 skalbimo program\u0105. \u010cia b\u016bt\u0173 svarbu p\u0117dkelnes \u012fd\u0117ti \u012f special\u0173 skalbini\u0173 mai\u0161el\u012f, kad jos nei\u0161sitempt\u0173. Jei n\u0117ra skalbini\u0173 mai\u0161elio, galite naudoti, pavyzd\u017eiui, pagalv\u0117s u\u017evalkal\u0105. Taip pat teisingai dozuokite ploviklius. Per daug ploviklio ar skalavimo priemon\u0117s ant p\u0117dkelni\u0173 gali likti balt\u0173 d\u0117mi\u0173<\/li><\/ul>\t\t\t\t\t\t\t\t<\/div>\n\t\t\t\t<\/div>\n\t\t\t\t\t<\/div>\n\t\t<\/div>\n\t\t\t\t<div class=\"elementor-column elementor-col-50 elementor-top-column elementor-element elementor-element-8975397\" data-id=\"8975397\" data-element_type=\"column\" data-e-type=\"column\">\n\t\t\t<div class=\"elementor-widget-wrap elementor-element-populated\">\n\t\t\t\t\t\t<div class=\"elementor-element elementor-element-c9a73b3 elementor-widget elementor-widget-image\" data-id=\"c9a73b3\" data-element_type=\"widget\" data-e-type=\"widget\" data-widget_type=\"image.default\">\n\t\t\t\t<div class=\"elementor-widget-container\">\n\t\t\t\t\t\t\t\t\t\t\t\t\t\t\t<img fetchpriority=\"high\" decoding=\"async\" width=\"683\" height=\"1024\" src=\"https:\/\/beebipai.ee\/wp-content\/uploads\/2022\/06\/Gabriella-Mamma-100den1-683x1024.webp\" class=\"attachment-large size-large wp-image-4206\" alt=\"\" srcset=\"https:\/\/beebipai.ee\/wp-content\/uploads\/2022\/06\/Gabriella-Mamma-100den1-683x1024.webp 683w, https:\/\/beebipai.ee\/wp-content\/uploads\/2022\/06\/Gabriella-Mamma-100den1-e1654690591778-200x300.webp 200w, https:\/\/beebipai.ee\/wp-content\/uploads\/2022\/06\/Gabriella-Mamma-100den1-768x1152.webp 768w, https:\/\/beebipai.ee\/wp-content\/uploads\/2022\/06\/Gabriella-Mamma-100den1-e1654690591778-8x12.webp 8w, https:\/\/beebipai.ee\/wp-content\/uploads\/2022\/06\/Gabriella-Mamma-100den1-600x900.webp 600w, https:\/\/beebipai.ee\/wp-content\/uploads\/2022\/06\/Gabriella-Mamma-100den1-e1654690591778.webp 400w\" sizes=\"(max-width: 683px) 100vw, 683px\" \/>\t\t\t\t\t\t\t\t\t\t\t\t\t\t\t<\/div>\n\t\t\t\t<\/div>\n\t\t\t\t\t<\/div>\n\t\t<\/div>\n\t\t\t\t\t<\/div>\n\t\t<\/section>\n\t\t\t\t<\/div>","protected":false},"excerpt":{"rendered":"<p>Gabriellos n\u0117\u0161\u010diosios p\u0117dkeln\u0117s puikiai prisitaiko prie augan\u010dio pilvuko. Jie u\u017etikrina patogum\u0105 ir lengv\u0105 d\u0117v\u0117jim\u0105 n\u0117\u0161tumo metu. Jie palaiko skrand\u012f ir nugar\u0105. Praturtintas Aloe Vera ekstraktu.<\/p>","protected":false},"featured_media":4204,"template":"","meta":{"_monsterinsights_skip_tracking":false,"_monsterinsights_sitenote_active":false,"_monsterinsights_sitenote_note":"","_monsterinsights_sitenote_category":0,"site-sidebar-layout":"no-sidebar","site-content-layout":"page-builder","ast-site-content-layout":"default","site-content-style":"default","site-sidebar-style":"default","ast-global-header-display":"","ast-banner-title-visibility":"","ast-main-header-display":"","ast-hfb-above-header-display":"","ast-hfb-below-header-display":"","ast-hfb-mobile-header-display":"","site-post-title":"disabled","ast-breadcrumbs-content":"","ast-featured-img":"disabled","footer-sml-layout":"","ast-disable-related-posts":"","theme-transparent-header-meta":"default","adv-header-id-meta":"","stick-header-meta":"","header-above-stick-meta":"","header-main-stick-meta":"","header-below-stick-meta":"","astra-migrate-meta-layouts":"default","ast-page-background-enabled":"default","ast-page-background-meta":{"desktop":{"background-color":"","background-image":"","background-repeat":"repeat","background-position":"center center","background-size":"auto","background-attachment":"scroll","background-type":"","background-media":"","overlay-type":"","overlay-color":"","overlay-opacity":"","overlay-gradient":""},"tablet":{"background-color":"","background-image":"","background-repeat":"repeat","background-position":"center center","background-size":"auto","background-attachment":"scroll","background-type":"","background-media":"","overlay-type":"","overlay-color":"","overlay-opacity":"","overlay-gradient":""},"mobile":{"background-color":"","background-image":"","background-repeat":"repeat","background-position":"center center","background-size":"auto","background-attachment":"scroll","background-type":"","background-media":"","overlay-type":"","overlay-color":"","overlay-opacity":"","overlay-gradient":""}},"ast-content-background-meta":{"desktop":{"background-color":"var(--ast-global-color-5)","background-image":"","background-repeat":"repeat","background-position":"center center","background-size":"auto","background-attachment":"scroll","background-type":"","background-media":"","overlay-type":"","overlay-color":"","overlay-opacity":"","overlay-gradient":""},"tablet":{"background-color":"var(--ast-global-color-5)","background-image":"","background-repeat":"repeat","background-position":"center center","background-size":"auto","background-attachment":"scroll","background-type":"","background-media":"","overlay-type":"","overlay-color":"","overlay-opacity":"","overlay-gradient":""},"mobile":{"background-color":"var(--ast-global-color-5)","background-image":"","background-repeat":"repeat","background-position":"center center","background-size":"auto","background-attachment":"scroll","background-type":"","background-media":"","overlay-type":"","overlay-color":"","overlay-opacity":"","overlay-gradient":""}}},"product_brand":[],"product_cat":[22,130],"product_tag":[],"class_list":{"0":"post-4191","1":"product","2":"type-product","3":"status-publish","4":"has-post-thumbnail","6":"product_cat-emale","7":"product_cat-sukkpuksid-polvikud-sokid","8":"desktop-align-left","9":"tablet-align-left","10":"mobile-align-left","12":"first","13":"instock","14":"taxable","15":"shipping-taxable","16":"purchasable","17":"product-type-variable"},"yoast_head":"<!-- This site is optimized with the Yoast SEO plugin v27.4 - https:\/\/yoast.com\/product\/yoast-seo-wordpress\/ -->\n<title>Gabriella rasedate sukkp\u00fcksid Aloe Vera ekstraktiga, 100den - Beebipai<\/title>\n<meta name=\"description\" content=\"Gabriella rasedate sukkp\u00fcksid kohanevad kasvava k\u00f5huga. Toetavad k\u00f5htu ja selga. Vaata toodet Gabriella rasedate sukkp\u00fcksid Aloe Veraga!\" \/>\n<meta name=\"robots\" content=\"index, follow, max-snippet:-1, max-image-preview:large, max-video-preview:-1\" \/>\n<link rel=\"canonical\" href=\"https:\/\/beebipai.ee\/lt\/product\/gabriella-rasedate-sukkpuksid-aloe-vera-ekstraktiga-100den\/\" \/>\n<meta property=\"og:locale\" content=\"lt_LT\" \/>\n<meta property=\"og:type\" content=\"article\" \/>\n<meta property=\"og:title\" content=\"Gabriella rasedate sukkp\u00fcksid Aloe Vera ekstraktiga, 100den - Beebipai\" \/>\n<meta property=\"og:description\" content=\"Gabriella rasedate sukkp\u00fcksid kohanevad kasvava k\u00f5huga. Toetavad k\u00f5htu ja selga. Vaata toodet Gabriella rasedate sukkp\u00fcksid Aloe Veraga!\" \/>\n<meta property=\"og:url\" content=\"https:\/\/beebipai.ee\/lt\/product\/gabriella-rasedate-sukkpuksid-aloe-vera-ekstraktiga-100den\/\" \/>\n<meta property=\"og:site_name\" content=\"Beebipai\" \/>\n<meta property=\"article:modified_time\" content=\"2022-06-28T20:14:26+00:00\" \/>\n<meta property=\"og:image\" content=\"https:\/\/beebipai.ee\/wp-content\/uploads\/2022\/06\/Gabriella-Mamma-100den.jpg\" \/>\n\t<meta property=\"og:image:width\" content=\"902\" \/>\n\t<meta property=\"og:image:height\" content=\"1200\" \/>\n\t<meta property=\"og:image:type\" content=\"image\/jpeg\" \/>\n<meta name=\"twitter:card\" content=\"summary_large_image\" \/>\n<meta name=\"twitter:label1\" content=\"Est. reading time\" \/>\n\t<meta name=\"twitter:data1\" content=\"2 minut\u0117s\" \/>\n<script type=\"application\/ld+json\" class=\"yoast-schema-graph\">{\"@context\":\"https:\\\/\\\/schema.org\",\"@graph\":[{\"@type\":\"WebPage\",\"@id\":\"https:\\\/\\\/beebipai.ee\\\/lv\\\/product\\\/gabriella-rasedate-sukkpuksid-aloe-vera-ekstraktiga-100den\\\/\",\"url\":\"https:\\\/\\\/beebipai.ee\\\/lv\\\/product\\\/gabriella-rasedate-sukkpuksid-aloe-vera-ekstraktiga-100den\\\/\",\"name\":\"Gabriella rasedate sukkp\u00fcksid Aloe Vera ekstraktiga, 100den - Beebipai\",\"isPartOf\":{\"@id\":\"https:\\\/\\\/beebipai.ee\\\/en\\\/#website\"},\"primaryImageOfPage\":{\"@id\":\"https:\\\/\\\/beebipai.ee\\\/lv\\\/product\\\/gabriella-rasedate-sukkpuksid-aloe-vera-ekstraktiga-100den\\\/#primaryimage\"},\"image\":{\"@id\":\"https:\\\/\\\/beebipai.ee\\\/lv\\\/product\\\/gabriella-rasedate-sukkpuksid-aloe-vera-ekstraktiga-100den\\\/#primaryimage\"},\"thumbnailUrl\":\"https:\\\/\\\/beebipai.ee\\\/wp-content\\\/uploads\\\/2022\\\/06\\\/Gabriella-Mamma-100den.jpg\",\"datePublished\":\"2022-06-08T12:12:08+00:00\",\"dateModified\":\"2022-06-28T20:14:26+00:00\",\"description\":\"Gabriella rasedate sukkp\u00fcksid kohanevad kasvava k\u00f5huga. Toetavad k\u00f5htu ja selga. Vaata toodet Gabriella rasedate sukkp\u00fcksid Aloe Veraga!\",\"breadcrumb\":{\"@id\":\"https:\\\/\\\/beebipai.ee\\\/lv\\\/product\\\/gabriella-rasedate-sukkpuksid-aloe-vera-ekstraktiga-100den\\\/#breadcrumb\"},\"inLanguage\":\"lt-LT\",\"potentialAction\":[{\"@type\":\"ReadAction\",\"target\":[\"https:\\\/\\\/beebipai.ee\\\/lv\\\/product\\\/gabriella-rasedate-sukkpuksid-aloe-vera-ekstraktiga-100den\\\/\"]}]},{\"@type\":\"ImageObject\",\"inLanguage\":\"lt-LT\",\"@id\":\"https:\\\/\\\/beebipai.ee\\\/lv\\\/product\\\/gabriella-rasedate-sukkpuksid-aloe-vera-ekstraktiga-100den\\\/#primaryimage\",\"url\":\"https:\\\/\\\/beebipai.ee\\\/wp-content\\\/uploads\\\/2022\\\/06\\\/Gabriella-Mamma-100den.jpg\",\"contentUrl\":\"https:\\\/\\\/beebipai.ee\\\/wp-content\\\/uploads\\\/2022\\\/06\\\/Gabriella-Mamma-100den.jpg\",\"width\":902,\"height\":1200},{\"@type\":\"BreadcrumbList\",\"@id\":\"https:\\\/\\\/beebipai.ee\\\/lv\\\/product\\\/gabriella-rasedate-sukkpuksid-aloe-vera-ekstraktiga-100den\\\/#breadcrumb\",\"itemListElement\":[{\"@type\":\"ListItem\",\"position\":1,\"name\":\"Home\",\"item\":\"https:\\\/\\\/beebipai.ee\\\/\"},{\"@type\":\"ListItem\",\"position\":2,\"name\":\"Pood\",\"item\":\"https:\\\/\\\/beebipai.ee\\\/store\\\/\"},{\"@type\":\"ListItem\",\"position\":3,\"name\":\"Gabriella rasedate sukkp\u00fcksid Aloe Vera ekstraktiga, 100den\"}]},{\"@type\":\"WebSite\",\"@id\":\"https:\\\/\\\/beebipai.ee\\\/en\\\/#website\",\"url\":\"https:\\\/\\\/beebipai.ee\\\/en\\\/\",\"name\":\"Beebipai\",\"description\":\"Rasedate ja beebide veebipood\",\"potentialAction\":[{\"@type\":\"SearchAction\",\"target\":{\"@type\":\"EntryPoint\",\"urlTemplate\":\"https:\\\/\\\/beebipai.ee\\\/en\\\/?s={search_term_string}\"},\"query-input\":{\"@type\":\"PropertyValueSpecification\",\"valueRequired\":true,\"valueName\":\"search_term_string\"}}],\"inLanguage\":\"lt-LT\"}]}<\/script>\n<!-- \/ Yoast SEO plugin. -->","yoast_head_json":{"title":"Gabriella rasedate sukkp\u00fcksid Aloe Vera ekstraktiga, 100den - Beebipai","description":"Gabriella rasedate sukkp\u00fcksid kohanevad kasvava k\u00f5huga. Toetavad k\u00f5htu ja selga. Vaata toodet Gabriella rasedate sukkp\u00fcksid Aloe Veraga!","robots":{"index":"index","follow":"follow","max-snippet":"max-snippet:-1","max-image-preview":"max-image-preview:large","max-video-preview":"max-video-preview:-1"},"canonical":"https:\/\/beebipai.ee\/lt\/product\/gabriella-rasedate-sukkpuksid-aloe-vera-ekstraktiga-100den\/","og_locale":"lt_LT","og_type":"article","og_title":"Gabriella rasedate sukkp\u00fcksid Aloe Vera ekstraktiga, 100den - Beebipai","og_description":"Gabriella rasedate sukkp\u00fcksid kohanevad kasvava k\u00f5huga. Toetavad k\u00f5htu ja selga. Vaata toodet Gabriella rasedate sukkp\u00fcksid Aloe Veraga!","og_url":"https:\/\/beebipai.ee\/lt\/product\/gabriella-rasedate-sukkpuksid-aloe-vera-ekstraktiga-100den\/","og_site_name":"Beebipai","article_modified_time":"2022-06-28T20:14:26+00:00","og_image":[{"width":902,"height":1200,"url":"https:\/\/beebipai.ee\/wp-content\/uploads\/2022\/06\/Gabriella-Mamma-100den.jpg","type":"image\/jpeg"}],"twitter_card":"summary_large_image","twitter_misc":{"Est. reading time":"2 minut\u0117s"},"schema":{"@context":"https:\/\/schema.org","@graph":[{"@type":"WebPage","@id":"https:\/\/beebipai.ee\/lv\/product\/gabriella-rasedate-sukkpuksid-aloe-vera-ekstraktiga-100den\/","url":"https:\/\/beebipai.ee\/lv\/product\/gabriella-rasedate-sukkpuksid-aloe-vera-ekstraktiga-100den\/","name":"Gabriella rasedate sukkp\u00fcksid Aloe Vera ekstraktiga, 100den - Beebipai","isPartOf":{"@id":"https:\/\/beebipai.ee\/en\/#website"},"primaryImageOfPage":{"@id":"https:\/\/beebipai.ee\/lv\/product\/gabriella-rasedate-sukkpuksid-aloe-vera-ekstraktiga-100den\/#primaryimage"},"image":{"@id":"https:\/\/beebipai.ee\/lv\/product\/gabriella-rasedate-sukkpuksid-aloe-vera-ekstraktiga-100den\/#primaryimage"},"thumbnailUrl":"https:\/\/beebipai.ee\/wp-content\/uploads\/2022\/06\/Gabriella-Mamma-100den.jpg","datePublished":"2022-06-08T12:12:08+00:00","dateModified":"2022-06-28T20:14:26+00:00","description":"Gabriella rasedate sukkp\u00fcksid kohanevad kasvava k\u00f5huga. Toetavad k\u00f5htu ja selga. Vaata toodet Gabriella rasedate sukkp\u00fcksid Aloe Veraga!","breadcrumb":{"@id":"https:\/\/beebipai.ee\/lv\/product\/gabriella-rasedate-sukkpuksid-aloe-vera-ekstraktiga-100den\/#breadcrumb"},"inLanguage":"lt-LT","potentialAction":[{"@type":"ReadAction","target":["https:\/\/beebipai.ee\/lv\/product\/gabriella-rasedate-sukkpuksid-aloe-vera-ekstraktiga-100den\/"]}]},{"@type":"ImageObject","inLanguage":"lt-LT","@id":"https:\/\/beebipai.ee\/lv\/product\/gabriella-rasedate-sukkpuksid-aloe-vera-ekstraktiga-100den\/#primaryimage","url":"https:\/\/beebipai.ee\/wp-content\/uploads\/2022\/06\/Gabriella-Mamma-100den.jpg","contentUrl":"https:\/\/beebipai.ee\/wp-content\/uploads\/2022\/06\/Gabriella-Mamma-100den.jpg","width":902,"height":1200},{"@type":"BreadcrumbList","@id":"https:\/\/beebipai.ee\/lv\/product\/gabriella-rasedate-sukkpuksid-aloe-vera-ekstraktiga-100den\/#breadcrumb","itemListElement":[{"@type":"ListItem","position":1,"name":"Home","item":"https:\/\/beebipai.ee\/"},{"@type":"ListItem","position":2,"name":"Pood","item":"https:\/\/beebipai.ee\/store\/"},{"@type":"ListItem","position":3,"name":"Gabriella rasedate sukkp\u00fcksid Aloe Vera ekstraktiga, 100den"}]},{"@type":"WebSite","@id":"https:\/\/beebipai.ee\/en\/#website","url":"https:\/\/beebipai.ee\/en\/","name":"Beebipai","description":"Rasedate ja beebide veebipood","potentialAction":[{"@type":"SearchAction","target":{"@type":"EntryPoint","urlTemplate":"https:\/\/beebipai.ee\/en\/?s={search_term_string}"},"query-input":{"@type":"PropertyValueSpecification","valueRequired":true,"valueName":"search_term_string"}}],"inLanguage":"lt-LT"}]}},"_links":{"self":[{"href":"https:\/\/beebipai.ee\/lt\/wp-json\/wp\/v2\/product\/4191","targetHints":{"allow":["GET"]}}],"collection":[{"href":"https:\/\/beebipai.ee\/lt\/wp-json\/wp\/v2\/product"}],"about":[{"href":"https:\/\/beebipai.ee\/lt\/wp-json\/wp\/v2\/types\/product"}],"version-history":[{"count":5,"href":"https:\/\/beebipai.ee\/lt\/wp-json\/wp\/v2\/product\/4191\/revisions"}],"predecessor-version":[{"id":5044,"href":"https:\/\/beebipai.ee\/lt\/wp-json\/wp\/v2\/product\/4191\/revisions\/5044"}],"wp:featuredmedia":[{"embeddable":true,"href":"https:\/\/beebipai.ee\/lt\/wp-json\/wp\/v2\/media\/4204"}],"wp:attachment":[{"href":"https:\/\/beebipai.ee\/lt\/wp-json\/wp\/v2\/media?parent=4191"}],"wp:term":[{"taxonomy":"product_brand","embeddable":true,"href":"https:\/\/beebipai.ee\/lt\/wp-json\/wp\/v2\/product_brand?post=4191"},{"taxonomy":"product_cat","embeddable":true,"href":"https:\/\/beebipai.ee\/lt\/wp-json\/wp\/v2\/product_cat?post=4191"},{"taxonomy":"product_tag","embeddable":true,"href":"https:\/\/beebipai.ee\/lt\/wp-json\/wp\/v2\/product_tag?post=4191"}],"curies":[{"name":"wp","href":"https:\/\/api.w.org\/{rel}","templated":true}]}}