{"id":4095,"date":"2022-06-07T10:31:56","date_gmt":"2022-06-07T07:31:56","guid":{"rendered":"https:\/\/beebipai.ee\/?post_type=product&#038;p=4095"},"modified":"2025-04-28T13:21:16","modified_gmt":"2025-04-28T10:21:16","slug":"neobulle-bambusest-kandelina-0-12-kuud","status":"publish","type":"product","link":"https:\/\/beebipai.ee\/lt\/product\/neobulle-bambusest-kandelina-0-12-kuud\/","title":{"rendered":"Neobulle bambuko \u017evakid\u0117s, 0-12 m\u0117n"},"content":{"rendered":"<div data-elementor-type=\"wp-post\" data-elementor-id=\"4095\" class=\"elementor elementor-4095\">\n\t\t\t\t\t\t<section class=\"elementor-section elementor-top-section elementor-element elementor-element-81c1288 elementor-section-boxed elementor-section-height-default elementor-section-height-default\" data-id=\"81c1288\" data-element_type=\"section\" data-e-type=\"section\">\n\t\t\t\t\t\t<div class=\"elementor-container elementor-column-gap-default\">\n\t\t\t\t\t<div class=\"elementor-column elementor-col-50 elementor-top-column elementor-element elementor-element-21107bb\" data-id=\"21107bb\" data-element_type=\"column\" data-e-type=\"column\">\n\t\t\t<div class=\"elementor-widget-wrap elementor-element-populated\">\n\t\t\t\t\t\t<div class=\"elementor-element elementor-element-b9a71b4 elementor-widget elementor-widget-heading\" data-id=\"b9a71b4\" data-element_type=\"widget\" data-e-type=\"widget\" data-widget_type=\"heading.default\">\n\t\t\t\t<div class=\"elementor-widget-container\">\n\t\t\t\t\t<h2 class=\"elementor-heading-title elementor-size-default\">Neobulle bambuko \u017evakid\u0117s<\/h2>\t\t\t\t<\/div>\n\t\t\t\t<\/div>\n\t\t\t\t<div class=\"elementor-element elementor-element-c6df10e elementor-widget elementor-widget-text-editor\" data-id=\"c6df10e\" data-element_type=\"widget\" data-e-type=\"widget\" data-widget_type=\"text-editor.default\">\n\t\t\t\t<div class=\"elementor-widget-container\">\n\t\t\t\t\t\t\t\t\t<p>Sveikatos prie\u017ei\u016bros specialist\u0173 pripa\u017eintas bambukinis lop\u0161ys yra patogus ir saugus tiek ne\u0161iojan\u010diam, tiek k\u016bdikiui. Kandeliabrai palaiko fiziologin\u0119 vaiko pad\u0117t\u012f, yra labiausiai pa\u017e\u012fstama intrauteriniam gyvenimui. Leid\u017eia vaikui palaipsniui prisitaikyti prie naujo ir visi\u0161kai kitokio gyvenimo ir si\u016blo apsaug\u0105 nuo greito informacijos antpl\u016bd\u017eio. Kandelinos vaikai yra ramesni, ma\u017eiau verkia, geriau susitvarko su naujais potyriais. Taip pat buvimas mylimo \u017emogaus gl\u0117byje suteikia paguodos sunkiomis akimirkomis, pavyzd\u017eiui, duj\u0173 skausm\u0173 periodu. Pasteb\u0117tas \u017evaku\u010di\u0173 vaik\u0173 greitesnis savaranki\u0161kumas, didesnis pasitik\u0117jimas ir pasitik\u0117jimas savimi. Didesnis pasitik\u0117jimas savimi ir aplinka pad\u0117s vaikui ateityje dr\u0105siai ir atvirai atsitraukti nuo t\u0117v\u0173.\u00a0<\/p><p>\u017dvakid\u0117 \u012fgalina glaud\u0173 vaiko ir mylimo \u017emogaus kontakt\u0105, u\u017etikrina emocin\u012f ry\u0161\u012f, artum\u0105 ir saugumo jausm\u0105.\u00a0<\/p>\t\t\t\t\t\t\t\t<\/div>\n\t\t\t\t<\/div>\n\t\t\t\t\t<\/div>\n\t\t<\/div>\n\t\t\t\t<div class=\"elementor-column elementor-col-50 elementor-top-column elementor-element elementor-element-1a8ed97\" data-id=\"1a8ed97\" data-element_type=\"column\" data-e-type=\"column\">\n\t\t\t<div class=\"elementor-widget-wrap elementor-element-populated\">\n\t\t\t\t\t\t<div class=\"elementor-element elementor-element-db8ef04 elementor-widget elementor-widget-image\" data-id=\"db8ef04\" data-element_type=\"widget\" data-e-type=\"widget\" data-widget_type=\"image.default\">\n\t\t\t\t<div class=\"elementor-widget-container\">\n\t\t\t\t\t\t\t\t\t\t\t\t\t\t\t<img fetchpriority=\"high\" decoding=\"async\" width=\"768\" height=\"768\" src=\"https:\/\/beebipai.ee\/wp-content\/uploads\/2022\/06\/Neobulle-bambusest-kandelina7-768x768.jpg\" class=\"attachment-medium_large size-medium_large wp-image-4106\" alt=\"\" srcset=\"https:\/\/beebipai.ee\/wp-content\/uploads\/2022\/06\/Neobulle-bambusest-kandelina7-768x768.jpg 768w, https:\/\/beebipai.ee\/wp-content\/uploads\/2022\/06\/Neobulle-bambusest-kandelina7-scaled-e1654587391948-300x300.jpg 300w, https:\/\/beebipai.ee\/wp-content\/uploads\/2022\/06\/Neobulle-bambusest-kandelina7-1024x1024.jpg 1024w, https:\/\/beebipai.ee\/wp-content\/uploads\/2022\/06\/Neobulle-bambusest-kandelina7-scaled-e1654587391948-150x150.jpg 150w, https:\/\/beebipai.ee\/wp-content\/uploads\/2022\/06\/Neobulle-bambusest-kandelina7-1536x1536.jpg 1536w, https:\/\/beebipai.ee\/wp-content\/uploads\/2022\/06\/Neobulle-bambusest-kandelina7-2048x2048.jpg 2048w, https:\/\/beebipai.ee\/wp-content\/uploads\/2022\/06\/Neobulle-bambusest-kandelina7-scaled-e1654587391948-12x12.jpg 12w, https:\/\/beebipai.ee\/wp-content\/uploads\/2022\/06\/Neobulle-bambusest-kandelina7-600x600.jpg 600w, https:\/\/beebipai.ee\/wp-content\/uploads\/2022\/06\/Neobulle-bambusest-kandelina7-scaled-e1654587391948-100x100.jpg 100w, https:\/\/beebipai.ee\/wp-content\/uploads\/2022\/06\/Neobulle-bambusest-kandelina7-scaled-e1654587391948.jpg 400w\" sizes=\"(max-width: 768px) 100vw, 768px\" \/>\t\t\t\t\t\t\t\t\t\t\t\t\t\t\t<\/div>\n\t\t\t\t<\/div>\n\t\t\t\t\t<\/div>\n\t\t<\/div>\n\t\t\t\t\t<\/div>\n\t\t<\/section>\n\t\t\t\t<section class=\"elementor-section elementor-top-section elementor-element elementor-element-d4b8bde elementor-section-boxed elementor-section-height-default elementor-section-height-default\" data-id=\"d4b8bde\" data-element_type=\"section\" data-e-type=\"section\">\n\t\t\t\t\t\t<div class=\"elementor-container elementor-column-gap-default\">\n\t\t\t\t\t<div class=\"elementor-column elementor-col-50 elementor-top-column elementor-element elementor-element-21c02ec\" data-id=\"21c02ec\" data-element_type=\"column\" data-e-type=\"column\">\n\t\t\t<div class=\"elementor-widget-wrap elementor-element-populated\">\n\t\t\t\t\t\t<div class=\"elementor-element elementor-element-1a525db elementor-widget elementor-widget-text-editor\" data-id=\"1a525db\" data-element_type=\"widget\" data-e-type=\"widget\" data-widget_type=\"text-editor.default\">\n\t\t\t\t<div class=\"elementor-widget-container\">\n\t\t\t\t\t\t\t\t\t<p>Neobulle bambukinis lop\u0161ys puikiai palaiko vaiko ir ne\u0161iotojo pad\u0117t\u012f, palaiko glaud\u0173 ry\u0161\u012f vienas su kitu, nei\u0161sitampo ir yra ergonomi\u0161kas. Tinka ne\u0161ti vaik\u0105 ant pilvo ar klubo. Kandelias lengva priver\u017eti ir reguliuoti. Taip pat vaik\u0105 galima kelis kartus i\u0161traukti i\u0161 paklod\u0117s ir pad\u0117ti atgal, v\u0117l neri\u0161ant paklod\u0117s. Puikios bambuko termoreguliacin\u0117s savyb\u0117s leid\u017eia lin\u0105 naudoti net kar\u0161tomis vasaros dienomis. Bambuko paklod\u0117 palaiko vaiko fiziologin\u0119 varl\u0117s pad\u0117t\u012f, suteikdama vaikui tinkam\u0105 jo am\u017ei\u0173 vystym\u0105si.\u00a0<\/p><p>Kandeliabra taip pat yra ergonomi\u0161ka d\u0117v\u0117tojo nugarai, jos nevargina ir neapkrauna. \u201eHands free\u201c bambukin\u0117 paklod\u0117 suteikia didesn\u0119 jud\u0117jimo laisv\u0119 ir veikimo d\u017eiaugsm\u0105, kartu i\u0161laikant k\u016bdik\u012f \u0161alia j\u016bs\u0173. Patogus naudoti judant ir keliaujant. D\u0117l savo lengvumo ir kompakti\u0161kumo patogu visur pasiimti.\u00a0<\/p><p>Idealiai tinka naudoti pirmaisiais vaiko gyvenimo metais. Kalbant apie paties patalyn\u0117s talp\u0105, skalbiniuose galima ne\u0161tis iki 12 kg sveriant\u012f vaik\u0105. Ta\u010diau kai nusileid\u017eia, ma\u017ey\u010diai \u017emon\u0117s da\u017eniausiai nori tyrin\u0117ti pasaul\u012f dviem greitomis kojomis \ud83d\ude42<\/p>\t\t\t\t\t\t\t\t<\/div>\n\t\t\t\t<\/div>\n\t\t\t\t\t<\/div>\n\t\t<\/div>\n\t\t\t\t<div class=\"elementor-column elementor-col-50 elementor-top-column elementor-element elementor-element-b7ec7e8\" data-id=\"b7ec7e8\" data-element_type=\"column\" data-e-type=\"column\">\n\t\t\t<div class=\"elementor-widget-wrap elementor-element-populated\">\n\t\t\t\t\t\t<div class=\"elementor-element elementor-element-32e6ce2 elementor-widget elementor-widget-image\" data-id=\"32e6ce2\" data-element_type=\"widget\" data-e-type=\"widget\" data-widget_type=\"image.default\">\n\t\t\t\t<div class=\"elementor-widget-container\">\n\t\t\t\t\t\t\t\t\t\t\t\t\t\t\t<img decoding=\"async\" width=\"768\" height=\"768\" src=\"https:\/\/beebipai.ee\/wp-content\/uploads\/2022\/06\/Neobulle-bambusest-kandelina6-768x768.jpg\" class=\"attachment-medium_large size-medium_large wp-image-4105\" alt=\"\" srcset=\"https:\/\/beebipai.ee\/wp-content\/uploads\/2022\/06\/Neobulle-bambusest-kandelina6-768x768.jpg 768w, https:\/\/beebipai.ee\/wp-content\/uploads\/2022\/06\/Neobulle-bambusest-kandelina6-scaled-e1654588495570-300x300.jpg 300w, https:\/\/beebipai.ee\/wp-content\/uploads\/2022\/06\/Neobulle-bambusest-kandelina6-1024x1024.jpg 1024w, https:\/\/beebipai.ee\/wp-content\/uploads\/2022\/06\/Neobulle-bambusest-kandelina6-scaled-e1654588495570-150x150.jpg 150w, https:\/\/beebipai.ee\/wp-content\/uploads\/2022\/06\/Neobulle-bambusest-kandelina6-1536x1536.jpg 1536w, https:\/\/beebipai.ee\/wp-content\/uploads\/2022\/06\/Neobulle-bambusest-kandelina6-2048x2048.jpg 2048w, https:\/\/beebipai.ee\/wp-content\/uploads\/2022\/06\/Neobulle-bambusest-kandelina6-scaled-e1654588495570-12x12.jpg 12w, https:\/\/beebipai.ee\/wp-content\/uploads\/2022\/06\/Neobulle-bambusest-kandelina6-600x600.jpg 600w, https:\/\/beebipai.ee\/wp-content\/uploads\/2022\/06\/Neobulle-bambusest-kandelina6-scaled-e1654588495570-100x100.jpg 100w, https:\/\/beebipai.ee\/wp-content\/uploads\/2022\/06\/Neobulle-bambusest-kandelina6-scaled-e1654588495570.jpg 400w\" sizes=\"(max-width: 768px) 100vw, 768px\" \/>\t\t\t\t\t\t\t\t\t\t\t\t\t\t\t<\/div>\n\t\t\t\t<\/div>\n\t\t\t\t\t<\/div>\n\t\t<\/div>\n\t\t\t\t\t<\/div>\n\t\t<\/section>\n\t\t\t\t<section class=\"elementor-section elementor-top-section elementor-element elementor-element-4ffea80 elementor-section-boxed elementor-section-height-default elementor-section-height-default\" data-id=\"4ffea80\" data-element_type=\"section\" data-e-type=\"section\">\n\t\t\t\t\t\t<div class=\"elementor-container elementor-column-gap-default\">\n\t\t\t\t\t<div class=\"elementor-column elementor-col-100 elementor-top-column elementor-element elementor-element-ae2bdb3\" data-id=\"ae2bdb3\" data-element_type=\"column\" data-e-type=\"column\">\n\t\t\t<div class=\"elementor-widget-wrap elementor-element-populated\">\n\t\t\t\t\t\t<div class=\"elementor-element elementor-element-de58937 elementor-widget elementor-widget-video\" data-id=\"de58937\" data-element_type=\"widget\" data-e-type=\"widget\" data-settings=\"{&quot;youtube_url&quot;:&quot;https:\\\/\\\/www.youtube.com\\\/watch?v=rhwGEJ6lEbs&quot;,&quot;video_type&quot;:&quot;youtube&quot;,&quot;controls&quot;:&quot;yes&quot;}\" data-widget_type=\"video.default\">\n\t\t\t\t<div class=\"elementor-widget-container\">\n\t\t\t\t\t\t\t<div class=\"elementor-wrapper elementor-open-inline\">\n\t\t\t<div class=\"elementor-video\"><\/div>\t\t<\/div>\n\t\t\t\t\t\t<\/div>\n\t\t\t\t<\/div>\n\t\t\t\t\t<\/div>\n\t\t<\/div>\n\t\t\t\t\t<\/div>\n\t\t<\/section>\n\t\t\t\t<\/div>","protected":false},"excerpt":{"rendered":"<p>Neobulle bambukin\u0117 \u017evak\u0117 puikiai tinka pirmiesiems k\u016bdikio gyvenimo metams. Suteikia k\u016bdikiui saugum\u0105 ir artum\u0105, o ne\u0161iojan\u010diam asmeniui suteikia jud\u0117jimo laisv\u0119. Palaiko glaudaus ry\u0161io tarp t\u0117v\u0173 ir vaiko formavim\u0105si. Bambukas yra ne\u012ftik\u0117tinai mink\u0161tas, bet palaiko, u\u017etikrina komfort\u0105 tiek ne\u0161iojan\u010diam, tiek vaikui.<\/p>\n<p>Universalus dydis: 4, 80m<\/p>","protected":false},"featured_media":10415,"template":"","meta":{"_monsterinsights_skip_tracking":false,"_monsterinsights_sitenote_active":false,"_monsterinsights_sitenote_note":"","_monsterinsights_sitenote_category":0,"site-sidebar-layout":"no-sidebar","site-content-layout":"page-builder","ast-site-content-layout":"full-width-container","site-content-style":"unboxed","site-sidebar-style":"unboxed","ast-global-header-display":"","ast-banner-title-visibility":"","ast-main-header-display":"","ast-hfb-above-header-display":"","ast-hfb-below-header-display":"","ast-hfb-mobile-header-display":"","site-post-title":"disabled","ast-breadcrumbs-content":"","ast-featured-img":"disabled","footer-sml-layout":"","ast-disable-related-posts":"","theme-transparent-header-meta":"default","adv-header-id-meta":"","stick-header-meta":"","header-above-stick-meta":"","header-main-stick-meta":"","header-below-stick-meta":"","astra-migrate-meta-layouts":"set","ast-page-background-enabled":"default","ast-page-background-meta":{"desktop":{"background-color":"","background-image":"","background-repeat":"repeat","background-position":"center center","background-size":"auto","background-attachment":"scroll","background-type":"","background-media":"","overlay-type":"","overlay-color":"","overlay-opacity":"","overlay-gradient":""},"tablet":{"background-color":"","background-image":"","background-repeat":"repeat","background-position":"center center","background-size":"auto","background-attachment":"scroll","background-type":"","background-media":"","overlay-type":"","overlay-color":"","overlay-opacity":"","overlay-gradient":""},"mobile":{"background-color":"","background-image":"","background-repeat":"repeat","background-position":"center center","background-size":"auto","background-attachment":"scroll","background-type":"","background-media":"","overlay-type":"","overlay-color":"","overlay-opacity":"","overlay-gradient":""}},"ast-content-background-meta":{"desktop":{"background-color":"var(--ast-global-color-5)","background-image":"","background-repeat":"repeat","background-position":"center center","background-size":"auto","background-attachment":"scroll","background-type":"","background-media":"","overlay-type":"","overlay-color":"","overlay-opacity":"","overlay-gradient":""},"tablet":{"background-color":"var(--ast-global-color-5)","background-image":"","background-repeat":"repeat","background-position":"center center","background-size":"auto","background-attachment":"scroll","background-type":"","background-media":"","overlay-type":"","overlay-color":"","overlay-opacity":"","overlay-gradient":""},"mobile":{"background-color":"var(--ast-global-color-5)","background-image":"","background-repeat":"repeat","background-position":"center center","background-size":"auto","background-attachment":"scroll","background-type":"","background-media":"","overlay-type":"","overlay-color":"","overlay-opacity":"","overlay-gradient":""}}},"product_brand":[],"product_cat":[23,98,147,148],"product_tag":[],"class_list":{"0":"post-4095","1":"product","2":"type-product","3":"status-publish","4":"has-post-thumbnail","6":"product_cat-beebile","7":"product_cat-kandekotid","8":"product_cat-kingiideed-beebile","9":"product_cat-kingiideed-emale","10":"desktop-align-left","11":"tablet-align-left","12":"mobile-align-left","14":"first","15":"instock","16":"taxable","17":"shipping-taxable","18":"purchasable","19":"product-type-variable"},"yoast_head":"<!-- This site is optimized with the Yoast SEO plugin v27.4 - https:\/\/yoast.com\/product\/yoast-seo-wordpress\/ -->\n<title>Neobulle bambusest kandelina, 0-12 kuud - Beebipai<\/title>\n<meta name=\"description\" content=\"Neobulle bambusest kandelina on ideaalne beebi esimeseks eluaastaks. Pakub beebile turvalisust ja l\u00e4hedust. Vaata toodet Neobulle bambusest kandelina!\" \/>\n<meta name=\"robots\" content=\"index, follow, max-snippet:-1, max-image-preview:large, max-video-preview:-1\" \/>\n<link rel=\"canonical\" href=\"https:\/\/beebipai.ee\/lt\/product\/neobulle-bambusest-kandelina-0-12-kuud\/\" \/>\n<meta property=\"og:locale\" content=\"lt_LT\" \/>\n<meta property=\"og:type\" content=\"article\" \/>\n<meta property=\"og:title\" content=\"Neobulle bambusest kandelina, 0-12 kuud - Beebipai\" \/>\n<meta property=\"og:description\" content=\"Neobulle bambusest kandelina on ideaalne beebi esimeseks eluaastaks. Pakub beebile turvalisust ja l\u00e4hedust. Vaata toodet Neobulle bambusest kandelina!\" \/>\n<meta property=\"og:url\" content=\"https:\/\/beebipai.ee\/lt\/product\/neobulle-bambusest-kandelina-0-12-kuud\/\" \/>\n<meta property=\"og:site_name\" content=\"Beebipai\" \/>\n<meta property=\"article:modified_time\" content=\"2025-04-28T10:21:16+00:00\" \/>\n<meta property=\"og:image\" content=\"https:\/\/beebipai.ee\/wp-content\/uploads\/2022\/06\/Neobulle-bambusest-kandelina-22-e1711569678937.jpg\" \/>\n\t<meta property=\"og:image:width\" content=\"500\" \/>\n\t<meta property=\"og:image:height\" content=\"500\" \/>\n\t<meta property=\"og:image:type\" content=\"image\/jpeg\" \/>\n<meta name=\"twitter:card\" content=\"summary_large_image\" \/>\n<meta name=\"twitter:label1\" content=\"Est. reading time\" \/>\n\t<meta name=\"twitter:data1\" content=\"2 minut\u0117s\" \/>\n<script type=\"application\/ld+json\" class=\"yoast-schema-graph\">{\"@context\":\"https:\\\/\\\/schema.org\",\"@graph\":[{\"@type\":\"WebPage\",\"@id\":\"https:\\\/\\\/beebipai.ee\\\/product\\\/neobulle-bambusest-kandelina-0-12-kuud\\\/\",\"url\":\"https:\\\/\\\/beebipai.ee\\\/product\\\/neobulle-bambusest-kandelina-0-12-kuud\\\/\",\"name\":\"Neobulle bambusest kandelina, 0-12 kuud - Beebipai\",\"isPartOf\":{\"@id\":\"https:\\\/\\\/beebipai.ee\\\/en\\\/#website\"},\"primaryImageOfPage\":{\"@id\":\"https:\\\/\\\/beebipai.ee\\\/product\\\/neobulle-bambusest-kandelina-0-12-kuud\\\/#primaryimage\"},\"image\":{\"@id\":\"https:\\\/\\\/beebipai.ee\\\/product\\\/neobulle-bambusest-kandelina-0-12-kuud\\\/#primaryimage\"},\"thumbnailUrl\":\"https:\\\/\\\/beebipai.ee\\\/wp-content\\\/uploads\\\/2022\\\/06\\\/Neobulle-bambusest-kandelina-22-e1711569678937.jpg\",\"datePublished\":\"2022-06-07T07:31:56+00:00\",\"dateModified\":\"2025-04-28T10:21:16+00:00\",\"description\":\"Neobulle bambusest kandelina on ideaalne beebi esimeseks eluaastaks. Pakub beebile turvalisust ja l\u00e4hedust. Vaata toodet Neobulle bambusest kandelina!\",\"breadcrumb\":{\"@id\":\"https:\\\/\\\/beebipai.ee\\\/product\\\/neobulle-bambusest-kandelina-0-12-kuud\\\/#breadcrumb\"},\"inLanguage\":\"lt-LT\",\"potentialAction\":[{\"@type\":\"ReadAction\",\"target\":[\"https:\\\/\\\/beebipai.ee\\\/product\\\/neobulle-bambusest-kandelina-0-12-kuud\\\/\"]}]},{\"@type\":\"ImageObject\",\"inLanguage\":\"lt-LT\",\"@id\":\"https:\\\/\\\/beebipai.ee\\\/product\\\/neobulle-bambusest-kandelina-0-12-kuud\\\/#primaryimage\",\"url\":\"https:\\\/\\\/beebipai.ee\\\/wp-content\\\/uploads\\\/2022\\\/06\\\/Neobulle-bambusest-kandelina-22-e1711569678937.jpg\",\"contentUrl\":\"https:\\\/\\\/beebipai.ee\\\/wp-content\\\/uploads\\\/2022\\\/06\\\/Neobulle-bambusest-kandelina-22-e1711569678937.jpg\",\"width\":500,\"height\":500},{\"@type\":\"BreadcrumbList\",\"@id\":\"https:\\\/\\\/beebipai.ee\\\/product\\\/neobulle-bambusest-kandelina-0-12-kuud\\\/#breadcrumb\",\"itemListElement\":[{\"@type\":\"ListItem\",\"position\":1,\"name\":\"Home\",\"item\":\"https:\\\/\\\/beebipai.ee\\\/\"},{\"@type\":\"ListItem\",\"position\":2,\"name\":\"Pood\",\"item\":\"https:\\\/\\\/beebipai.ee\\\/store\\\/\"},{\"@type\":\"ListItem\",\"position\":3,\"name\":\"Neobulle bambusest kandelina, 0-12 kuud\"}]},{\"@type\":\"WebSite\",\"@id\":\"https:\\\/\\\/beebipai.ee\\\/en\\\/#website\",\"url\":\"https:\\\/\\\/beebipai.ee\\\/en\\\/\",\"name\":\"Beebipai\",\"description\":\"Rasedate ja beebide veebipood\",\"potentialAction\":[{\"@type\":\"SearchAction\",\"target\":{\"@type\":\"EntryPoint\",\"urlTemplate\":\"https:\\\/\\\/beebipai.ee\\\/en\\\/?s={search_term_string}\"},\"query-input\":{\"@type\":\"PropertyValueSpecification\",\"valueRequired\":true,\"valueName\":\"search_term_string\"}}],\"inLanguage\":\"lt-LT\"}]}<\/script>\n<!-- \/ Yoast SEO plugin. -->","yoast_head_json":{"title":"Neobulle bambusest kandelina, 0-12 kuud - Beebipai","description":"Neobulle bambusest kandelina on ideaalne beebi esimeseks eluaastaks. Pakub beebile turvalisust ja l\u00e4hedust. Vaata toodet Neobulle bambusest kandelina!","robots":{"index":"index","follow":"follow","max-snippet":"max-snippet:-1","max-image-preview":"max-image-preview:large","max-video-preview":"max-video-preview:-1"},"canonical":"https:\/\/beebipai.ee\/lt\/product\/neobulle-bambusest-kandelina-0-12-kuud\/","og_locale":"lt_LT","og_type":"article","og_title":"Neobulle bambusest kandelina, 0-12 kuud - Beebipai","og_description":"Neobulle bambusest kandelina on ideaalne beebi esimeseks eluaastaks. Pakub beebile turvalisust ja l\u00e4hedust. Vaata toodet Neobulle bambusest kandelina!","og_url":"https:\/\/beebipai.ee\/lt\/product\/neobulle-bambusest-kandelina-0-12-kuud\/","og_site_name":"Beebipai","article_modified_time":"2025-04-28T10:21:16+00:00","og_image":[{"width":500,"height":500,"url":"https:\/\/beebipai.ee\/wp-content\/uploads\/2022\/06\/Neobulle-bambusest-kandelina-22-e1711569678937.jpg","type":"image\/jpeg"}],"twitter_card":"summary_large_image","twitter_misc":{"Est. reading time":"2 minut\u0117s"},"schema":{"@context":"https:\/\/schema.org","@graph":[{"@type":"WebPage","@id":"https:\/\/beebipai.ee\/product\/neobulle-bambusest-kandelina-0-12-kuud\/","url":"https:\/\/beebipai.ee\/product\/neobulle-bambusest-kandelina-0-12-kuud\/","name":"Neobulle bambusest kandelina, 0-12 kuud - Beebipai","isPartOf":{"@id":"https:\/\/beebipai.ee\/en\/#website"},"primaryImageOfPage":{"@id":"https:\/\/beebipai.ee\/product\/neobulle-bambusest-kandelina-0-12-kuud\/#primaryimage"},"image":{"@id":"https:\/\/beebipai.ee\/product\/neobulle-bambusest-kandelina-0-12-kuud\/#primaryimage"},"thumbnailUrl":"https:\/\/beebipai.ee\/wp-content\/uploads\/2022\/06\/Neobulle-bambusest-kandelina-22-e1711569678937.jpg","datePublished":"2022-06-07T07:31:56+00:00","dateModified":"2025-04-28T10:21:16+00:00","description":"Neobulle bambusest kandelina on ideaalne beebi esimeseks eluaastaks. Pakub beebile turvalisust ja l\u00e4hedust. Vaata toodet Neobulle bambusest kandelina!","breadcrumb":{"@id":"https:\/\/beebipai.ee\/product\/neobulle-bambusest-kandelina-0-12-kuud\/#breadcrumb"},"inLanguage":"lt-LT","potentialAction":[{"@type":"ReadAction","target":["https:\/\/beebipai.ee\/product\/neobulle-bambusest-kandelina-0-12-kuud\/"]}]},{"@type":"ImageObject","inLanguage":"lt-LT","@id":"https:\/\/beebipai.ee\/product\/neobulle-bambusest-kandelina-0-12-kuud\/#primaryimage","url":"https:\/\/beebipai.ee\/wp-content\/uploads\/2022\/06\/Neobulle-bambusest-kandelina-22-e1711569678937.jpg","contentUrl":"https:\/\/beebipai.ee\/wp-content\/uploads\/2022\/06\/Neobulle-bambusest-kandelina-22-e1711569678937.jpg","width":500,"height":500},{"@type":"BreadcrumbList","@id":"https:\/\/beebipai.ee\/product\/neobulle-bambusest-kandelina-0-12-kuud\/#breadcrumb","itemListElement":[{"@type":"ListItem","position":1,"name":"Home","item":"https:\/\/beebipai.ee\/"},{"@type":"ListItem","position":2,"name":"Pood","item":"https:\/\/beebipai.ee\/store\/"},{"@type":"ListItem","position":3,"name":"Neobulle bambusest kandelina, 0-12 kuud"}]},{"@type":"WebSite","@id":"https:\/\/beebipai.ee\/en\/#website","url":"https:\/\/beebipai.ee\/en\/","name":"Beebipai","description":"Rasedate ja beebide veebipood","potentialAction":[{"@type":"SearchAction","target":{"@type":"EntryPoint","urlTemplate":"https:\/\/beebipai.ee\/en\/?s={search_term_string}"},"query-input":{"@type":"PropertyValueSpecification","valueRequired":true,"valueName":"search_term_string"}}],"inLanguage":"lt-LT"}]}},"_links":{"self":[{"href":"https:\/\/beebipai.ee\/lt\/wp-json\/wp\/v2\/product\/4095","targetHints":{"allow":["GET"]}}],"collection":[{"href":"https:\/\/beebipai.ee\/lt\/wp-json\/wp\/v2\/product"}],"about":[{"href":"https:\/\/beebipai.ee\/lt\/wp-json\/wp\/v2\/types\/product"}],"version-history":[{"count":5,"href":"https:\/\/beebipai.ee\/lt\/wp-json\/wp\/v2\/product\/4095\/revisions"}],"predecessor-version":[{"id":10442,"href":"https:\/\/beebipai.ee\/lt\/wp-json\/wp\/v2\/product\/4095\/revisions\/10442"}],"wp:featuredmedia":[{"embeddable":true,"href":"https:\/\/beebipai.ee\/lt\/wp-json\/wp\/v2\/media\/10415"}],"wp:attachment":[{"href":"https:\/\/beebipai.ee\/lt\/wp-json\/wp\/v2\/media?parent=4095"}],"wp:term":[{"taxonomy":"product_brand","embeddable":true,"href":"https:\/\/beebipai.ee\/lt\/wp-json\/wp\/v2\/product_brand?post=4095"},{"taxonomy":"product_cat","embeddable":true,"href":"https:\/\/beebipai.ee\/lt\/wp-json\/wp\/v2\/product_cat?post=4095"},{"taxonomy":"product_tag","embeddable":true,"href":"https:\/\/beebipai.ee\/lt\/wp-json\/wp\/v2\/product_tag?post=4095"}],"curies":[{"name":"wp","href":"https:\/\/api.w.org\/{rel}","templated":true}]}}