{"id":3805,"date":"2022-05-28T16:09:01","date_gmt":"2022-05-28T13:09:01","guid":{"rendered":"https:\/\/beebipai.ee\/?post_type=product&#038;p=3805"},"modified":"2026-02-11T14:15:47","modified_gmt":"2026-02-11T12:15:47","slug":"faith-in-nature-looduslik-dusigeel-avokaadoga-400-ml","status":"publish","type":"product","link":"https:\/\/beebipai.ee\/lt\/product\/faith-in-nature-looduslik-dusigeel-avokaadoga-400-ml\/","title":{"rendered":"Faith in Nature nat\u016brali du\u0161o \u017eel\u0117 su avokad\u0173 aliejumi, 400 ml"},"content":{"rendered":"<div data-elementor-type=\"wp-post\" data-elementor-id=\"3805\" class=\"elementor elementor-3805\">\n\t\t\t\t\t\t<section class=\"elementor-section elementor-top-section elementor-element elementor-element-ef14b91 elementor-section-boxed elementor-section-height-default elementor-section-height-default\" data-id=\"ef14b91\" data-element_type=\"section\" data-e-type=\"section\">\n\t\t\t\t\t\t<div class=\"elementor-container elementor-column-gap-default\">\n\t\t\t\t\t<div class=\"elementor-column elementor-col-50 elementor-top-column elementor-element elementor-element-fc8a930\" data-id=\"fc8a930\" data-element_type=\"column\" data-e-type=\"column\">\n\t\t\t<div class=\"elementor-widget-wrap elementor-element-populated\">\n\t\t\t\t\t\t<div class=\"elementor-element elementor-element-094ecc3 elementor-widget elementor-widget-heading\" data-id=\"094ecc3\" data-element_type=\"widget\" data-e-type=\"widget\" data-widget_type=\"heading.default\">\n\t\t\t\t<div class=\"elementor-widget-container\">\n\t\t\t\t\t<h2 class=\"elementor-heading-title elementor-size-default\">Faith in Nature nat\u016brali du\u0161o \u017eel\u0117 su avokad\u0173 aliejumi<\/h2>\t\t\t\t<\/div>\n\t\t\t\t<\/div>\n\t\t\t\t<div class=\"elementor-element elementor-element-cf1fc66 elementor-widget elementor-widget-text-editor\" data-id=\"cf1fc66\" data-element_type=\"widget\" data-e-type=\"widget\" data-widget_type=\"text-editor.default\">\n\t\t\t\t<div class=\"elementor-widget-container\">\n\t\t\t\t\t\t\t\t\t<p>N\u0117\u0161tumo metu k\u016bnas patiria daug poky\u010di\u0173. Ir nors \u0161ie poky\u010diai yra labai teigiami augan\u010diam k\u016bdikiui, jie ne visada d\u017eiugina besilaukian\u010di\u0105 mam\u0105. Yra moter\u0173, kuri\u0173 oda n\u0117\u0161tumo metu spindi ir viskas yra geriau nei anks\u010diau, ta\u010diau yra ir moter\u0173, kurios n\u0117\u0161tumo metu savo oda stebina ne pa\u010diu pozityviausiu b\u016bdu. Riebi oda, odos nie\u017e\u0117jimas, strijos, spuogai, sausa oda \u2013 tai gali labai nustebinti n\u0117\u0161tumo metu vietoj gra\u017eios ir blizgan\u010dios odos. D\u0117l to kalti hormoniniai poky\u010diai n\u0117\u0161tumo metu.<\/p><p>Jei j\u016bs\u0173 odoje atsiranda netik\u0117t\u0173 poky\u010di\u0173, kartais u\u017etenka labai paprastos priemon\u0117s. Pakeiskite \u012fprastas prie\u017ei\u016bros priemones nat\u016braliomis ir ekologi\u0161komis. Tokiu atveju atid\u017eiau ir apdairiau reik\u0117t\u0173 rinktis kitas ant odos tepamas prie\u017ei\u016bros priemones, pavyzd\u017eiui, kremus ir aliejus.<\/p><p>N\u0117\u0161tumo produktai turi b\u016bti nat\u016bral\u016bs, juose neturi b\u016bti paraben\u0173, SLS (natrio laurilo sulfato), benzoilo peroksido, hidrochinono, salicilo r\u016bg\u0161ties, tetraciklino ir retinoid\u0173.\u00a0<\/p>\t\t\t\t\t\t\t\t<\/div>\n\t\t\t\t<\/div>\n\t\t\t\t\t<\/div>\n\t\t<\/div>\n\t\t\t\t<div class=\"elementor-column elementor-col-50 elementor-top-column elementor-element elementor-element-50b8048\" data-id=\"50b8048\" data-element_type=\"column\" data-e-type=\"column\">\n\t\t\t<div class=\"elementor-widget-wrap elementor-element-populated\">\n\t\t\t\t\t\t<div class=\"elementor-element elementor-element-60932b9 elementor-widget elementor-widget-image\" data-id=\"60932b9\" data-element_type=\"widget\" data-e-type=\"widget\" data-widget_type=\"image.default\">\n\t\t\t\t<div class=\"elementor-widget-container\">\n\t\t\t\t\t\t\t\t\t\t\t\t\t\t\t<img fetchpriority=\"high\" decoding=\"async\" width=\"1024\" height=\"682\" src=\"https:\/\/beebipai.ee\/wp-content\/uploads\/2022\/05\/Faith-in-nature-looduslik-dusigeel2-1024x682.webp\" class=\"attachment-large size-large wp-image-3799\" alt=\"\" srcset=\"https:\/\/beebipai.ee\/wp-content\/uploads\/2022\/05\/Faith-in-nature-looduslik-dusigeel2-1024x682.webp 1024w, https:\/\/beebipai.ee\/wp-content\/uploads\/2022\/05\/Faith-in-nature-looduslik-dusigeel2-e1653743443834-300x200.webp 300w, https:\/\/beebipai.ee\/wp-content\/uploads\/2022\/05\/Faith-in-nature-looduslik-dusigeel2-768x512.webp 768w, https:\/\/beebipai.ee\/wp-content\/uploads\/2022\/05\/Faith-in-nature-looduslik-dusigeel2-e1653743443834-18x12.webp 18w, https:\/\/beebipai.ee\/wp-content\/uploads\/2022\/05\/Faith-in-nature-looduslik-dusigeel2-600x400.webp 600w, https:\/\/beebipai.ee\/wp-content\/uploads\/2022\/05\/Faith-in-nature-looduslik-dusigeel2-e1653743443834.webp 400w\" sizes=\"(max-width: 1024px) 100vw, 1024px\" \/>\t\t\t\t\t\t\t\t\t\t\t\t\t\t\t<\/div>\n\t\t\t\t<\/div>\n\t\t\t\t\t<\/div>\n\t\t<\/div>\n\t\t\t\t\t<\/div>\n\t\t<\/section>\n\t\t\t\t<section class=\"elementor-section elementor-top-section elementor-element elementor-element-132909c elementor-section-boxed elementor-section-height-default elementor-section-height-default\" data-id=\"132909c\" data-element_type=\"section\" data-e-type=\"section\">\n\t\t\t\t\t\t<div class=\"elementor-container elementor-column-gap-default\">\n\t\t\t\t\t<div class=\"elementor-column elementor-col-50 elementor-top-column elementor-element elementor-element-1485d4e\" data-id=\"1485d4e\" data-element_type=\"column\" data-e-type=\"column\">\n\t\t\t<div class=\"elementor-widget-wrap elementor-element-populated\">\n\t\t\t\t\t\t<div class=\"elementor-element elementor-element-8d55ce9 elementor-widget elementor-widget-text-editor\" data-id=\"8d55ce9\" data-element_type=\"widget\" data-e-type=\"widget\" data-widget_type=\"text-editor.default\">\n\t\t\t\t<div class=\"elementor-widget-container\">\n\t\t\t\t\t\t\t\t\t<p>Faith in Nature nat\u016brali vegani\u0161ka du\u0161o \u017eel\u0117 \u0161velniai ir nat\u016braliai valo od\u0105, nepa\u017eeisdama nat\u016bralaus apsauginio odos sluoksnio. Avokad\u0173 aliejus, kuriame gausu antioksidant\u0173, riebal\u0173 r\u016bg\u0161\u010di\u0173, vitamin\u0173 A, B ir E, gausiai maitina od\u0105 ir intensyviai j\u0105 dr\u0117kina. Palieka od\u0105 maloniai \u0161velni\u0105. \u0160velnaus ir malonaus kvapo.\u00a0<\/p><p>Naudodami kaip du\u0161o \u017eel\u0117, tepkite produkt\u0105 ant dr\u0117gnos odos arba prausimosi kempin\u0117le. Naudodami kaip vonios putas, \u012fpilkite \u012f vanden\u012f, kol vanduo teka.<\/p><p>Produkto sud\u0117tyje n\u0117ra paraben\u0173 ar SLS jungini\u0173. Du\u0161o \u017eel\u0117 kvepia i\u0161 100% nat\u016brali\u0173 kvap\u0173. Produktas tinka ir veganams.\u00a0<\/p><p>Produkto pakuot\u0117 pagaminta i\u0161 perdirbt\u0173 med\u017eiag\u0173, prisidedan\u010di\u0173 prie ekologinio p\u0117dsako.<\/p>\t\t\t\t\t\t\t\t<\/div>\n\t\t\t\t<\/div>\n\t\t\t\t\t<\/div>\n\t\t<\/div>\n\t\t\t\t<div class=\"elementor-column elementor-col-50 elementor-top-column elementor-element elementor-element-ac6fcd5\" data-id=\"ac6fcd5\" data-element_type=\"column\" data-e-type=\"column\">\n\t\t\t<div class=\"elementor-widget-wrap elementor-element-populated\">\n\t\t\t\t\t\t<div class=\"elementor-element elementor-element-48fd5d5 elementor-widget elementor-widget-image\" data-id=\"48fd5d5\" data-element_type=\"widget\" data-e-type=\"widget\" data-widget_type=\"image.default\">\n\t\t\t\t<div class=\"elementor-widget-container\">\n\t\t\t\t\t\t\t\t\t\t\t\t\t\t\t<img decoding=\"async\" width=\"400\" height=\"302\" src=\"https:\/\/beebipai.ee\/wp-content\/uploads\/2022\/05\/Faith-in-Nature-looduslik-sampoon-avokaadoga-e1653743787323.webp\" class=\"attachment-large size-large wp-image-3790\" alt=\"\" srcset=\"https:\/\/beebipai.ee\/wp-content\/uploads\/2022\/05\/Faith-in-Nature-looduslik-sampoon-avokaadoga-e1653743787323.webp 400w, https:\/\/beebipai.ee\/wp-content\/uploads\/2022\/05\/Faith-in-Nature-looduslik-sampoon-avokaadoga-e1653743787323-300x227.webp 300w, https:\/\/beebipai.ee\/wp-content\/uploads\/2022\/05\/Faith-in-Nature-looduslik-sampoon-avokaadoga-e1653743787323-16x12.webp 16w\" sizes=\"(max-width: 400px) 100vw, 400px\" \/>\t\t\t\t\t\t\t\t\t\t\t\t\t\t\t<\/div>\n\t\t\t\t<\/div>\n\t\t\t\t\t<\/div>\n\t\t<\/div>\n\t\t\t\t\t<\/div>\n\t\t<\/section>\n\t\t\t\t<\/div>","protected":false},"excerpt":{"rendered":"<p>Faith in Nature du\u0161o \u017eel\u0117 su avokad\u0173 aliejumi pasi\u017eymi giliomis maitinan\u010diomis ir dr\u0117kinan\u010diomis savyb\u0117mis. D\u0117l savo turting\u0173 savybi\u0173 avokad\u0173 aliejus tinka vis\u0173 tip\u0173 odai. Tinka kasdieniam naudojimui nuo 3 met\u0173, taip pat n\u0117\u0161tumo ir \u017eindymo laikotarpiu.<\/p>\n<p>Produktas yra 99% nat\u016bralus, 100% biologi\u0161kai skaidus<\/p>\n<p>Pagaminta Anglijoje<\/p>","protected":false},"featured_media":3806,"template":"","meta":{"_monsterinsights_skip_tracking":false,"_monsterinsights_sitenote_active":false,"_monsterinsights_sitenote_note":"","_monsterinsights_sitenote_category":0,"site-sidebar-layout":"no-sidebar","site-content-layout":"page-builder","ast-site-content-layout":"full-width-container","site-content-style":"unboxed","site-sidebar-style":"unboxed","ast-global-header-display":"","ast-banner-title-visibility":"","ast-main-header-display":"","ast-hfb-above-header-display":"","ast-hfb-below-header-display":"","ast-hfb-mobile-header-display":"","site-post-title":"disabled","ast-breadcrumbs-content":"","ast-featured-img":"disabled","footer-sml-layout":"","ast-disable-related-posts":"","theme-transparent-header-meta":"default","adv-header-id-meta":"","stick-header-meta":"","header-above-stick-meta":"","header-main-stick-meta":"","header-below-stick-meta":"","astra-migrate-meta-layouts":"set","ast-page-background-enabled":"default","ast-page-background-meta":{"desktop":{"background-color":"","background-image":"","background-repeat":"repeat","background-position":"center center","background-size":"auto","background-attachment":"scroll","background-type":"","background-media":"","overlay-type":"","overlay-color":"","overlay-opacity":"","overlay-gradient":""},"tablet":{"background-color":"","background-image":"","background-repeat":"repeat","background-position":"center center","background-size":"auto","background-attachment":"scroll","background-type":"","background-media":"","overlay-type":"","overlay-color":"","overlay-opacity":"","overlay-gradient":""},"mobile":{"background-color":"","background-image":"","background-repeat":"repeat","background-position":"center center","background-size":"auto","background-attachment":"scroll","background-type":"","background-media":"","overlay-type":"","overlay-color":"","overlay-opacity":"","overlay-gradient":""}},"ast-content-background-meta":{"desktop":{"background-color":"var(--ast-global-color-5)","background-image":"","background-repeat":"repeat","background-position":"center center","background-size":"auto","background-attachment":"scroll","background-type":"","background-media":"","overlay-type":"","overlay-color":"","overlay-opacity":"","overlay-gradient":""},"tablet":{"background-color":"var(--ast-global-color-5)","background-image":"","background-repeat":"repeat","background-position":"center center","background-size":"auto","background-attachment":"scroll","background-type":"","background-media":"","overlay-type":"","overlay-color":"","overlay-opacity":"","overlay-gradient":""},"mobile":{"background-color":"var(--ast-global-color-5)","background-image":"","background-repeat":"repeat","background-position":"center center","background-size":"auto","background-attachment":"scroll","background-type":"","background-media":"","overlay-type":"","overlay-color":"","overlay-opacity":"","overlay-gradient":""}}},"product_brand":[],"product_cat":[112,22],"product_tag":[],"class_list":{"0":"post-3805","1":"product","2":"type-product","3":"status-publish","4":"has-post-thumbnail","6":"product_cat-dusigeelid-sampoonid-palsamid","7":"product_cat-emale","8":"desktop-align-left","9":"tablet-align-left","10":"mobile-align-left","12":"first","13":"instock","14":"sale","15":"taxable","16":"shipping-taxable","17":"purchasable","18":"product-type-simple"},"yoast_head":"<!-- This site is optimized with the Yoast SEO plugin v27.4 - https:\/\/yoast.com\/product\/yoast-seo-wordpress\/ -->\n<title>Faith in Nature looduslik du\u0161igeel avokaado\u00f5liga, 400 ml - Beebipai<\/title>\n<meta name=\"description\" content=\"Faith in nature looduslik du\u0161igeel raseduse ajaks. Toidab ja niisutab. Vaata toodet Faith in nature looduslik du\u0161igeel avokaadoga!\" \/>\n<meta name=\"robots\" content=\"index, follow, max-snippet:-1, max-image-preview:large, max-video-preview:-1\" \/>\n<link rel=\"canonical\" href=\"https:\/\/beebipai.ee\/lt\/product\/faith-in-nature-looduslik-dusigeel-avokaadoga-400-ml\/\" \/>\n<meta property=\"og:locale\" content=\"lt_LT\" \/>\n<meta property=\"og:type\" content=\"article\" \/>\n<meta property=\"og:title\" content=\"Faith in Nature looduslik du\u0161igeel avokaado\u00f5liga, 400 ml - Beebipai\" \/>\n<meta property=\"og:description\" content=\"Faith in nature looduslik du\u0161igeel raseduse ajaks. Toidab ja niisutab. Vaata toodet Faith in nature looduslik du\u0161igeel avokaadoga!\" \/>\n<meta property=\"og:url\" content=\"https:\/\/beebipai.ee\/lt\/product\/faith-in-nature-looduslik-dusigeel-avokaadoga-400-ml\/\" \/>\n<meta property=\"og:site_name\" content=\"Beebipai\" \/>\n<meta property=\"article:modified_time\" content=\"2026-02-11T12:15:47+00:00\" \/>\n<meta property=\"og:image\" content=\"https:\/\/beebipai.ee\/wp-content\/uploads\/2022\/05\/Faith-in-nature-dusigeel-avokaadoga-e1653743221681.webp\" \/>\n\t<meta property=\"og:image:width\" content=\"400\" \/>\n\t<meta property=\"og:image:height\" content=\"400\" \/>\n\t<meta property=\"og:image:type\" content=\"image\/webp\" \/>\n<meta name=\"twitter:card\" content=\"summary_large_image\" \/>\n<meta name=\"twitter:label1\" content=\"Est. reading time\" \/>\n\t<meta name=\"twitter:data1\" content=\"1 minut\u0117\" \/>\n<script type=\"application\/ld+json\" class=\"yoast-schema-graph\">{\"@context\":\"https:\\\/\\\/schema.org\",\"@graph\":[{\"@type\":\"WebPage\",\"@id\":\"https:\\\/\\\/beebipai.ee\\\/product\\\/faith-in-nature-looduslik-dusigeel-avokaadoga-400-ml\\\/\",\"url\":\"https:\\\/\\\/beebipai.ee\\\/product\\\/faith-in-nature-looduslik-dusigeel-avokaadoga-400-ml\\\/\",\"name\":\"Faith in Nature looduslik du\u0161igeel avokaado\u00f5liga, 400 ml - Beebipai\",\"isPartOf\":{\"@id\":\"https:\\\/\\\/beebipai.ee\\\/en\\\/#website\"},\"primaryImageOfPage\":{\"@id\":\"https:\\\/\\\/beebipai.ee\\\/product\\\/faith-in-nature-looduslik-dusigeel-avokaadoga-400-ml\\\/#primaryimage\"},\"image\":{\"@id\":\"https:\\\/\\\/beebipai.ee\\\/product\\\/faith-in-nature-looduslik-dusigeel-avokaadoga-400-ml\\\/#primaryimage\"},\"thumbnailUrl\":\"https:\\\/\\\/beebipai.ee\\\/wp-content\\\/uploads\\\/2022\\\/05\\\/Faith-in-nature-dusigeel-avokaadoga-e1653743221681.webp\",\"datePublished\":\"2022-05-28T13:09:01+00:00\",\"dateModified\":\"2026-02-11T12:15:47+00:00\",\"description\":\"Faith in nature looduslik du\u0161igeel raseduse ajaks. Toidab ja niisutab. Vaata toodet Faith in nature looduslik du\u0161igeel avokaadoga!\",\"breadcrumb\":{\"@id\":\"https:\\\/\\\/beebipai.ee\\\/product\\\/faith-in-nature-looduslik-dusigeel-avokaadoga-400-ml\\\/#breadcrumb\"},\"inLanguage\":\"lt-LT\",\"potentialAction\":[{\"@type\":\"ReadAction\",\"target\":[\"https:\\\/\\\/beebipai.ee\\\/product\\\/faith-in-nature-looduslik-dusigeel-avokaadoga-400-ml\\\/\"]}]},{\"@type\":\"ImageObject\",\"inLanguage\":\"lt-LT\",\"@id\":\"https:\\\/\\\/beebipai.ee\\\/product\\\/faith-in-nature-looduslik-dusigeel-avokaadoga-400-ml\\\/#primaryimage\",\"url\":\"https:\\\/\\\/beebipai.ee\\\/wp-content\\\/uploads\\\/2022\\\/05\\\/Faith-in-nature-dusigeel-avokaadoga-e1653743221681.webp\",\"contentUrl\":\"https:\\\/\\\/beebipai.ee\\\/wp-content\\\/uploads\\\/2022\\\/05\\\/Faith-in-nature-dusigeel-avokaadoga-e1653743221681.webp\",\"width\":400,\"height\":400},{\"@type\":\"BreadcrumbList\",\"@id\":\"https:\\\/\\\/beebipai.ee\\\/product\\\/faith-in-nature-looduslik-dusigeel-avokaadoga-400-ml\\\/#breadcrumb\",\"itemListElement\":[{\"@type\":\"ListItem\",\"position\":1,\"name\":\"Home\",\"item\":\"https:\\\/\\\/beebipai.ee\\\/\"},{\"@type\":\"ListItem\",\"position\":2,\"name\":\"Pood\",\"item\":\"https:\\\/\\\/beebipai.ee\\\/store\\\/\"},{\"@type\":\"ListItem\",\"position\":3,\"name\":\"Faith in Nature looduslik du\u0161igeel avokaado\u00f5liga, 400 ml\"}]},{\"@type\":\"WebSite\",\"@id\":\"https:\\\/\\\/beebipai.ee\\\/en\\\/#website\",\"url\":\"https:\\\/\\\/beebipai.ee\\\/en\\\/\",\"name\":\"Beebipai\",\"description\":\"Rasedate ja beebide veebipood\",\"potentialAction\":[{\"@type\":\"SearchAction\",\"target\":{\"@type\":\"EntryPoint\",\"urlTemplate\":\"https:\\\/\\\/beebipai.ee\\\/en\\\/?s={search_term_string}\"},\"query-input\":{\"@type\":\"PropertyValueSpecification\",\"valueRequired\":true,\"valueName\":\"search_term_string\"}}],\"inLanguage\":\"lt-LT\"}]}<\/script>\n<!-- \/ Yoast SEO plugin. -->","yoast_head_json":{"title":"Faith in Nature looduslik du\u0161igeel avokaado\u00f5liga, 400 ml - Beebipai","description":"Faith in nature looduslik du\u0161igeel raseduse ajaks. Toidab ja niisutab. Vaata toodet Faith in nature looduslik du\u0161igeel avokaadoga!","robots":{"index":"index","follow":"follow","max-snippet":"max-snippet:-1","max-image-preview":"max-image-preview:large","max-video-preview":"max-video-preview:-1"},"canonical":"https:\/\/beebipai.ee\/lt\/product\/faith-in-nature-looduslik-dusigeel-avokaadoga-400-ml\/","og_locale":"lt_LT","og_type":"article","og_title":"Faith in Nature looduslik du\u0161igeel avokaado\u00f5liga, 400 ml - Beebipai","og_description":"Faith in nature looduslik du\u0161igeel raseduse ajaks. Toidab ja niisutab. Vaata toodet Faith in nature looduslik du\u0161igeel avokaadoga!","og_url":"https:\/\/beebipai.ee\/lt\/product\/faith-in-nature-looduslik-dusigeel-avokaadoga-400-ml\/","og_site_name":"Beebipai","article_modified_time":"2026-02-11T12:15:47+00:00","og_image":[{"width":400,"height":400,"url":"https:\/\/beebipai.ee\/wp-content\/uploads\/2022\/05\/Faith-in-nature-dusigeel-avokaadoga-e1653743221681.webp","type":"image\/webp"}],"twitter_card":"summary_large_image","twitter_misc":{"Est. reading time":"1 minut\u0117"},"schema":{"@context":"https:\/\/schema.org","@graph":[{"@type":"WebPage","@id":"https:\/\/beebipai.ee\/product\/faith-in-nature-looduslik-dusigeel-avokaadoga-400-ml\/","url":"https:\/\/beebipai.ee\/product\/faith-in-nature-looduslik-dusigeel-avokaadoga-400-ml\/","name":"Faith in Nature looduslik du\u0161igeel avokaado\u00f5liga, 400 ml - Beebipai","isPartOf":{"@id":"https:\/\/beebipai.ee\/en\/#website"},"primaryImageOfPage":{"@id":"https:\/\/beebipai.ee\/product\/faith-in-nature-looduslik-dusigeel-avokaadoga-400-ml\/#primaryimage"},"image":{"@id":"https:\/\/beebipai.ee\/product\/faith-in-nature-looduslik-dusigeel-avokaadoga-400-ml\/#primaryimage"},"thumbnailUrl":"https:\/\/beebipai.ee\/wp-content\/uploads\/2022\/05\/Faith-in-nature-dusigeel-avokaadoga-e1653743221681.webp","datePublished":"2022-05-28T13:09:01+00:00","dateModified":"2026-02-11T12:15:47+00:00","description":"Faith in nature looduslik du\u0161igeel raseduse ajaks. Toidab ja niisutab. Vaata toodet Faith in nature looduslik du\u0161igeel avokaadoga!","breadcrumb":{"@id":"https:\/\/beebipai.ee\/product\/faith-in-nature-looduslik-dusigeel-avokaadoga-400-ml\/#breadcrumb"},"inLanguage":"lt-LT","potentialAction":[{"@type":"ReadAction","target":["https:\/\/beebipai.ee\/product\/faith-in-nature-looduslik-dusigeel-avokaadoga-400-ml\/"]}]},{"@type":"ImageObject","inLanguage":"lt-LT","@id":"https:\/\/beebipai.ee\/product\/faith-in-nature-looduslik-dusigeel-avokaadoga-400-ml\/#primaryimage","url":"https:\/\/beebipai.ee\/wp-content\/uploads\/2022\/05\/Faith-in-nature-dusigeel-avokaadoga-e1653743221681.webp","contentUrl":"https:\/\/beebipai.ee\/wp-content\/uploads\/2022\/05\/Faith-in-nature-dusigeel-avokaadoga-e1653743221681.webp","width":400,"height":400},{"@type":"BreadcrumbList","@id":"https:\/\/beebipai.ee\/product\/faith-in-nature-looduslik-dusigeel-avokaadoga-400-ml\/#breadcrumb","itemListElement":[{"@type":"ListItem","position":1,"name":"Home","item":"https:\/\/beebipai.ee\/"},{"@type":"ListItem","position":2,"name":"Pood","item":"https:\/\/beebipai.ee\/store\/"},{"@type":"ListItem","position":3,"name":"Faith in Nature looduslik du\u0161igeel avokaado\u00f5liga, 400 ml"}]},{"@type":"WebSite","@id":"https:\/\/beebipai.ee\/en\/#website","url":"https:\/\/beebipai.ee\/en\/","name":"Beebipai","description":"Rasedate ja beebide veebipood","potentialAction":[{"@type":"SearchAction","target":{"@type":"EntryPoint","urlTemplate":"https:\/\/beebipai.ee\/en\/?s={search_term_string}"},"query-input":{"@type":"PropertyValueSpecification","valueRequired":true,"valueName":"search_term_string"}}],"inLanguage":"lt-LT"}]}},"_links":{"self":[{"href":"https:\/\/beebipai.ee\/lt\/wp-json\/wp\/v2\/product\/3805","targetHints":{"allow":["GET"]}}],"collection":[{"href":"https:\/\/beebipai.ee\/lt\/wp-json\/wp\/v2\/product"}],"about":[{"href":"https:\/\/beebipai.ee\/lt\/wp-json\/wp\/v2\/types\/product"}],"version-history":[{"count":5,"href":"https:\/\/beebipai.ee\/lt\/wp-json\/wp\/v2\/product\/3805\/revisions"}],"predecessor-version":[{"id":8854,"href":"https:\/\/beebipai.ee\/lt\/wp-json\/wp\/v2\/product\/3805\/revisions\/8854"}],"wp:featuredmedia":[{"embeddable":true,"href":"https:\/\/beebipai.ee\/lt\/wp-json\/wp\/v2\/media\/3806"}],"wp:attachment":[{"href":"https:\/\/beebipai.ee\/lt\/wp-json\/wp\/v2\/media?parent=3805"}],"wp:term":[{"taxonomy":"product_brand","embeddable":true,"href":"https:\/\/beebipai.ee\/lt\/wp-json\/wp\/v2\/product_brand?post=3805"},{"taxonomy":"product_cat","embeddable":true,"href":"https:\/\/beebipai.ee\/lt\/wp-json\/wp\/v2\/product_cat?post=3805"},{"taxonomy":"product_tag","embeddable":true,"href":"https:\/\/beebipai.ee\/lt\/wp-json\/wp\/v2\/product_tag?post=3805"}],"curies":[{"name":"wp","href":"https:\/\/api.w.org\/{rel}","templated":true}]}}