{"id":3735,"date":"2022-05-27T10:25:21","date_gmt":"2022-05-27T07:25:21","guid":{"rendered":"https:\/\/beebipai.ee\/?post_type=product&#038;p=3735"},"modified":"2022-10-01T12:49:46","modified_gmt":"2022-10-01T09:49:46","slug":"neobulle-orgaaniline-venitusarme-parandav-oli-9ml","status":"publish","type":"product","link":"https:\/\/beebipai.ee\/lt\/product\/neobulle-orgaaniline-venitusarme-parandav-oli-9ml\/","title":{"rendered":"Neobulle orgaaniline venitusarme parandav \u00f5li, 9ml"},"content":{"rendered":"<div data-elementor-type=\"wp-post\" data-elementor-id=\"3735\" class=\"elementor elementor-3735\">\n\t\t\t\t\t\t<section class=\"elementor-section elementor-top-section elementor-element elementor-element-8699906 elementor-section-boxed elementor-section-height-default elementor-section-height-default\" data-id=\"8699906\" data-element_type=\"section\" data-e-type=\"section\">\n\t\t\t\t\t\t<div class=\"elementor-container elementor-column-gap-default\">\n\t\t\t\t\t<div class=\"elementor-column elementor-col-50 elementor-top-column elementor-element elementor-element-3e89682\" data-id=\"3e89682\" data-element_type=\"column\" data-e-type=\"column\">\n\t\t\t<div class=\"elementor-widget-wrap elementor-element-populated\">\n\t\t\t\t\t\t<div class=\"elementor-element elementor-element-a5552b4 elementor-widget elementor-widget-heading\" data-id=\"a5552b4\" data-element_type=\"widget\" data-e-type=\"widget\" data-widget_type=\"heading.default\">\n\t\t\t\t<div class=\"elementor-widget-container\">\n\t\t\t\t\t<h2 class=\"elementor-heading-title elementor-size-default\">Orgaanilised venitusarme parandav<\/h2>\t\t\t\t<\/div>\n\t\t\t\t<\/div>\n\t\t\t\t<div class=\"elementor-element elementor-element-b27b6c3 elementor-widget elementor-widget-text-editor\" data-id=\"b27b6c3\" data-element_type=\"widget\" data-e-type=\"widget\" data-widget_type=\"text-editor.default\">\n\t\t\t\t<div class=\"elementor-widget-container\">\n\t\t\t\t\t\t\t\t\t<p>Venitusarmid ehk striiad tekivad naha s\u00fcgavamas kihis kollageenikiudude liigsest venitusest ja rebenemisest. Naha v\u00e4lispinnale ilmuvad need alguses tumeroosakate\/lillade erineva laiusega joontena. Ajapikku muutuvad veidi kitsamaks ja heledamaks.<\/p><p>Venitusarmid tekivad keha kiire kasvu ja arengu ajal. K\u00f5ige t\u00fc\u00fcpilisemaks striiade tekkimise ajaks on teismeiga ja beebiootusaeg. Venitusarmide tekkes on v\u00e4ga suur osa ka geneetilisel faktoril. Enamasti tekivad striiad piirkondadesse, kus on rohkem rasvkudet nagu tuharad, reied, k\u00f5ht, rinnad.<\/p><p>Striiad ei m\u00f5juta inimese f\u00fc\u00fcsilist tervist ega toimetulekut mitte mingil moel. K\u00fcll aga on probleem kosmeetiline ja paljudel naistel m\u00f5jutab see v\u00e4ga suures osas vaimset tervist ja tasakaalu, enesehinnangut ning soodustab negatiivse minapildi kujunemist.\u00a0<\/p><p>Ise saab venitusarmide tekkeriski v\u00e4hendada tasakaalustatud ja tervisliku toitumisega, piisava vedeliku tarbimisega, kehakaalu hoidmisega lubatud piirides ja pakkudes nahale piisavat ja regulaarset niisutust venitusarmidevastaste hooldustoodetega.<\/p>\t\t\t\t\t\t\t\t<\/div>\n\t\t\t\t<\/div>\n\t\t\t\t\t<\/div>\n\t\t<\/div>\n\t\t\t\t<div class=\"elementor-column elementor-col-50 elementor-top-column elementor-element elementor-element-38dc2d0\" data-id=\"38dc2d0\" data-element_type=\"column\" data-e-type=\"column\">\n\t\t\t<div class=\"elementor-widget-wrap elementor-element-populated\">\n\t\t\t\t\t\t<div class=\"elementor-element elementor-element-431b6cf elementor-widget elementor-widget-image\" data-id=\"431b6cf\" data-element_type=\"widget\" data-e-type=\"widget\" data-widget_type=\"image.default\">\n\t\t\t\t<div class=\"elementor-widget-container\">\n\t\t\t\t\t\t\t\t\t\t\t\t\t\t\t<img fetchpriority=\"high\" decoding=\"async\" width=\"400\" height=\"292\" src=\"https:\/\/beebipai.ee\/wp-content\/uploads\/2022\/05\/Neobulle-orgaaniline-venituarme-parandav-oli2-e1653636454945.jpg\" class=\"attachment-large size-large wp-image-3736\" alt=\"\" srcset=\"https:\/\/beebipai.ee\/wp-content\/uploads\/2022\/05\/Neobulle-orgaaniline-venituarme-parandav-oli2-e1653636454945.jpg 400w, https:\/\/beebipai.ee\/wp-content\/uploads\/2022\/05\/Neobulle-orgaaniline-venituarme-parandav-oli2-e1653636454945-300x219.jpg 300w, https:\/\/beebipai.ee\/wp-content\/uploads\/2022\/05\/Neobulle-orgaaniline-venituarme-parandav-oli2-e1653636454945-16x12.jpg 16w\" sizes=\"(max-width: 400px) 100vw, 400px\" \/>\t\t\t\t\t\t\t\t\t\t\t\t\t\t\t<\/div>\n\t\t\t\t<\/div>\n\t\t\t\t\t<\/div>\n\t\t<\/div>\n\t\t\t\t\t<\/div>\n\t\t<\/section>\n\t\t\t\t<section class=\"elementor-section elementor-top-section elementor-element elementor-element-43280ed elementor-section-boxed elementor-section-height-default elementor-section-height-default\" data-id=\"43280ed\" data-element_type=\"section\" data-e-type=\"section\">\n\t\t\t\t\t\t<div class=\"elementor-container elementor-column-gap-default\">\n\t\t\t\t\t<div class=\"elementor-column elementor-col-50 elementor-top-column elementor-element elementor-element-f80bf49\" data-id=\"f80bf49\" data-element_type=\"column\" data-e-type=\"column\">\n\t\t\t<div class=\"elementor-widget-wrap elementor-element-populated\">\n\t\t\t\t\t\t<div class=\"elementor-element elementor-element-2697fe6 elementor-widget elementor-widget-text-editor\" data-id=\"2697fe6\" data-element_type=\"widget\" data-e-type=\"widget\" data-widget_type=\"text-editor.default\">\n\t\t\t\t<div class=\"elementor-widget-container\">\n\t\t\t\t\t\t\t\t\t<p>Juba tekkinud venitusarmidega on v\u00e4ga raske midagi ette v\u00f5tta. Efektiivseid meetodeid nende t\u00e4ielikuks eemaldamiseks on v\u00e4ga v\u00e4he.\u00a0<\/p><p>Oluline on venitusarmide raviga alustada nii kiiresti kui v\u00f5imalik. Ideaalis kui nad veel tumedad on.\u00a0 Ravi eesm\u00e4rgiks on stimuleerida p\u00e4risnahas kollageeni s\u00fcnteesi, mis aitab taastada l\u00f5hutud nahastruktuuri ja patandab naha esteetilist v\u00e4ljan\u00e4gemist. Laias laastus v\u00f5ib venitusarme paranadavad v\u00f5imalused jagada kaheks grupiks. Paiksed \u00f5lid ja kreemid, mis naha sisse imendudes aitavad taastada rebenud kohtasid ja erinevad protsduurid nagu keemiline koormine, laserravi, nahaplastika.<\/p><p>Neobulle venitusarme parandav \u00f5li imendub kergelt naha sisse ja intensiivselt parandab nahastruktuuri. Sisaldab 6 orgaanilist armipiirkonda taastavat, nahastruktuuri \u00fchtlustavat ja nahka pehmendavat taime\u00f5li.\u00a0<\/p><p>Naha taastamise ja parandamise efektiivsuse juures on v\u00e4ga oluline regulaarne\u00a0 \u00f5li kasutamine. Rullige vajalik kogus \u00f5li venitusarmidele 3 korda p\u00e4evas. Masseerige ringjate liigutustega \u00f5li t\u00e4ieliku imendumiseni.\u00a0<\/p>\t\t\t\t\t\t\t\t<\/div>\n\t\t\t\t<\/div>\n\t\t\t\t<div class=\"elementor-element elementor-element-dbe5d53 elementor-icon-list--layout-traditional elementor-list-item-link-full_width elementor-widget elementor-widget-icon-list\" data-id=\"dbe5d53\" data-element_type=\"widget\" data-e-type=\"widget\" data-widget_type=\"icon-list.default\">\n\t\t\t\t<div class=\"elementor-widget-container\">\n\t\t\t\t\t\t\t<ul class=\"elementor-icon-list-items\">\n\t\t\t\t\t\t\t<li class=\"elementor-icon-list-item\">\n\t\t\t\t\t\t\t\t\t\t\t<span class=\"elementor-icon-list-icon\">\n\t\t\t\t\t\t\t<i aria-hidden=\"true\" class=\"fas fa-check\"><\/i>\t\t\t\t\t\t<\/span>\n\t\t\t\t\t\t\t\t\t\t<span class=\"elementor-icon-list-text\">Venitusarmidevastane orgaaniline kibuvitsa\u00f5li - erakordsete tervendavate, taastavate ja pehmendavate omadustega<\/span>\n\t\t\t\t\t\t\t\t\t<\/li>\n\t\t\t\t\t\t\t\t<li class=\"elementor-icon-list-item\">\n\t\t\t\t\t\t\t\t\t\t\t<span class=\"elementor-icon-list-icon\">\n\t\t\t\t\t\t\t<i aria-hidden=\"true\" class=\"fas fa-check\"><\/i>\t\t\t\t\t\t<\/span>\n\t\t\t\t\t\t\t\t\t\t<span class=\"elementor-icon-list-text\">Orgaaniline avokaado\u00f5li - soodustab rakkude taastumist ja taastab naha elastsuse<\/span>\n\t\t\t\t\t\t\t\t\t<\/li>\n\t\t\t\t\t\t\t\t<li class=\"elementor-icon-list-item\">\n\t\t\t\t\t\t\t\t\t\t\t<span class=\"elementor-icon-list-icon\">\n\t\t\t\t\t\t\t<i aria-hidden=\"true\" class=\"fas fa-check\"><\/i>\t\t\t\t\t\t<\/span>\n\t\t\t\t\t\t\t\t\t\t<span class=\"elementor-icon-list-text\">Orgaaniline Damaskuse roosi\u00f5li - toniseerib ja taastab nahastruktuuri<\/span>\n\t\t\t\t\t\t\t\t\t<\/li>\n\t\t\t\t\t\t\t\t<li class=\"elementor-icon-list-item\">\n\t\t\t\t\t\t\t\t\t\t\t<span class=\"elementor-icon-list-icon\">\n\t\t\t\t\t\t\t<i aria-hidden=\"true\" class=\"fas fa-check\"><\/i>\t\t\t\t\t\t<\/span>\n\t\t\t\t\t\t\t\t\t\t<span class=\"elementor-icon-list-text\">Orgaaniline lavendli\u00f5li- rahustab ja tervendab<\/span>\n\t\t\t\t\t\t\t\t\t<\/li>\n\t\t\t\t\t\t\t\t<li class=\"elementor-icon-list-item\">\n\t\t\t\t\t\t\t\t\t\t\t<span class=\"elementor-icon-list-icon\">\n\t\t\t\t\t\t\t<i aria-hidden=\"true\" class=\"fas fa-check\"><\/i>\t\t\t\t\t\t<\/span>\n\t\t\t\t\t\t\t\t\t\t<span class=\"elementor-icon-list-text\">Orgaaniline k\u00e4okuld - soodustan nii hiljutiste kui ka juba vanemate venitusarmide paranemist<\/span>\n\t\t\t\t\t\t\t\t\t<\/li>\n\t\t\t\t\t\t\t\t<li class=\"elementor-icon-list-item\">\n\t\t\t\t\t\t\t\t\t\t\t<span class=\"elementor-icon-list-icon\">\n\t\t\t\t\t\t\t<i aria-hidden=\"true\" class=\"fas fa-check\"><\/i>\t\t\t\t\t\t<\/span>\n\t\t\t\t\t\t\t\t\t\t<span class=\"elementor-icon-list-text\">Orgaaniline rosmariin - soodustab vereringet, soodustab naharakkude uuenemist<\/span>\n\t\t\t\t\t\t\t\t\t<\/li>\n\t\t\t\t\t\t<\/ul>\n\t\t\t\t\t\t<\/div>\n\t\t\t\t<\/div>\n\t\t\t\t\t<\/div>\n\t\t<\/div>\n\t\t\t\t<div class=\"elementor-column elementor-col-50 elementor-top-column elementor-element elementor-element-f0c4e29\" data-id=\"f0c4e29\" data-element_type=\"column\" data-e-type=\"column\">\n\t\t\t<div class=\"elementor-widget-wrap elementor-element-populated\">\n\t\t\t\t\t\t<div class=\"elementor-element elementor-element-8624e23 elementor-widget elementor-widget-image\" data-id=\"8624e23\" data-element_type=\"widget\" data-e-type=\"widget\" data-widget_type=\"image.default\">\n\t\t\t\t<div class=\"elementor-widget-container\">\n\t\t\t\t\t\t\t\t\t\t\t\t\t\t\t<img decoding=\"async\" width=\"731\" height=\"1024\" src=\"https:\/\/beebipai.ee\/wp-content\/uploads\/2022\/05\/Neobulle-orgaaniline-venitusarme-parandav-oli1-731x1024.webp\" class=\"attachment-large size-large wp-image-3738\" alt=\"\" srcset=\"https:\/\/beebipai.ee\/wp-content\/uploads\/2022\/05\/Neobulle-orgaaniline-venitusarme-parandav-oli1-731x1024.webp 731w, https:\/\/beebipai.ee\/wp-content\/uploads\/2022\/05\/Neobulle-orgaaniline-venitusarme-parandav-oli1-e1653651244133-214x300.webp 214w, https:\/\/beebipai.ee\/wp-content\/uploads\/2022\/05\/Neobulle-orgaaniline-venitusarme-parandav-oli1-768x1075.webp 768w, https:\/\/beebipai.ee\/wp-content\/uploads\/2022\/05\/Neobulle-orgaaniline-venitusarme-parandav-oli1-e1653651244133-9x12.webp 9w, https:\/\/beebipai.ee\/wp-content\/uploads\/2022\/05\/Neobulle-orgaaniline-venitusarme-parandav-oli1-600x840.webp 600w, https:\/\/beebipai.ee\/wp-content\/uploads\/2022\/05\/Neobulle-orgaaniline-venitusarme-parandav-oli1-e1653651244133.webp 400w\" sizes=\"(max-width: 731px) 100vw, 731px\" \/>\t\t\t\t\t\t\t\t\t\t\t\t\t\t\t<\/div>\n\t\t\t\t<\/div>\n\t\t\t\t\t<\/div>\n\t\t<\/div>\n\t\t\t\t\t<\/div>\n\t\t<\/section>\n\t\t\t\t<\/div>","protected":false},"excerpt":{"rendered":"<p>Neobulle orgaaniline venitusarme taastav \u00f5li p\u00f5hineb kuuel taastava omadusega orgaanilisel taime\u00f5lil. Taastab ja parandab haiget saanud naha struktuuri ja v\u00e4ljan\u00e4gemist. Intensiivne ja t\u00f5hus hooldus.<\/p>\n<p>100% ingredient\u0173 yra i\u0161 ekologinio \u016bkininkavimo<\/p>\n<p>Pagaminta Pranc\u016bzijoje<\/p>","protected":false},"featured_media":3737,"template":"","meta":{"_monsterinsights_skip_tracking":false,"_monsterinsights_sitenote_active":false,"_monsterinsights_sitenote_note":"","_monsterinsights_sitenote_category":0,"site-sidebar-layout":"no-sidebar","site-content-layout":"page-builder","ast-site-content-layout":"default","site-content-style":"default","site-sidebar-style":"default","ast-global-header-display":"","ast-banner-title-visibility":"","ast-main-header-display":"","ast-hfb-above-header-display":"","ast-hfb-below-header-display":"","ast-hfb-mobile-header-display":"","site-post-title":"disabled","ast-breadcrumbs-content":"","ast-featured-img":"disabled","footer-sml-layout":"","ast-disable-related-posts":"","theme-transparent-header-meta":"default","adv-header-id-meta":"","stick-header-meta":"","header-above-stick-meta":"","header-main-stick-meta":"","header-below-stick-meta":"","astra-migrate-meta-layouts":"default","ast-page-background-enabled":"default","ast-page-background-meta":{"desktop":{"background-color":"","background-image":"","background-repeat":"repeat","background-position":"center center","background-size":"auto","background-attachment":"scroll","background-type":"","background-media":"","overlay-type":"","overlay-color":"","overlay-opacity":"","overlay-gradient":""},"tablet":{"background-color":"","background-image":"","background-repeat":"repeat","background-position":"center center","background-size":"auto","background-attachment":"scroll","background-type":"","background-media":"","overlay-type":"","overlay-color":"","overlay-opacity":"","overlay-gradient":""},"mobile":{"background-color":"","background-image":"","background-repeat":"repeat","background-position":"center center","background-size":"auto","background-attachment":"scroll","background-type":"","background-media":"","overlay-type":"","overlay-color":"","overlay-opacity":"","overlay-gradient":""}},"ast-content-background-meta":{"desktop":{"background-color":"var(--ast-global-color-5)","background-image":"","background-repeat":"repeat","background-position":"center center","background-size":"auto","background-attachment":"scroll","background-type":"","background-media":"","overlay-type":"","overlay-color":"","overlay-opacity":"","overlay-gradient":""},"tablet":{"background-color":"var(--ast-global-color-5)","background-image":"","background-repeat":"repeat","background-position":"center center","background-size":"auto","background-attachment":"scroll","background-type":"","background-media":"","overlay-type":"","overlay-color":"","overlay-opacity":"","overlay-gradient":""},"mobile":{"background-color":"var(--ast-global-color-5)","background-image":"","background-repeat":"repeat","background-position":"center center","background-size":"auto","background-attachment":"scroll","background-type":"","background-media":"","overlay-type":"","overlay-color":"","overlay-opacity":"","overlay-gradient":""}}},"product_brand":[],"product_cat":[22,100,113],"product_tag":[],"class_list":{"0":"post-3735","1":"product","2":"type-product","3":"status-publish","4":"has-post-thumbnail","6":"product_cat-emale","7":"product_cat-hooldus-emale","8":"product_cat-kehakreemid-ja-kehaolid","9":"desktop-align-left","10":"tablet-align-left","11":"mobile-align-left","13":"first","14":"instock","15":"taxable","16":"shipping-taxable","17":"purchasable","18":"product-type-simple"},"yoast_head":"<!-- This site is optimized with the Yoast SEO plugin v27.3 - https:\/\/yoast.com\/product\/yoast-seo-wordpress\/ -->\n<title>Neobulle orgaaniline venitusarme parandav \u00f5li, 9ml - Beebipai<\/title>\n<meta name=\"description\" content=\"Neobulle orgaaniline venitusarme parandav \u00f5li muudab venitusarmid v\u00e4hem n\u00e4htavaks. Vaata toodet Neobulle orgaaniline venitusarme parandav \u00f5li!\" \/>\n<meta name=\"robots\" content=\"index, follow, max-snippet:-1, max-image-preview:large, max-video-preview:-1\" \/>\n<link rel=\"canonical\" href=\"https:\/\/beebipai.ee\/lt\/product\/neobulle-orgaaniline-venitusarme-parandav-oli-9ml\/\" \/>\n<meta property=\"og:locale\" content=\"lt_LT\" \/>\n<meta property=\"og:type\" content=\"article\" \/>\n<meta property=\"og:title\" content=\"Neobulle orgaaniline venitusarme parandav \u00f5li, 9ml - Beebipai\" \/>\n<meta property=\"og:description\" content=\"Neobulle orgaaniline venitusarme parandav \u00f5li muudab venitusarmid v\u00e4hem n\u00e4htavaks. Vaata toodet Neobulle orgaaniline venitusarme parandav \u00f5li!\" \/>\n<meta property=\"og:url\" content=\"https:\/\/beebipai.ee\/lt\/product\/neobulle-orgaaniline-venitusarme-parandav-oli-9ml\/\" \/>\n<meta property=\"og:site_name\" content=\"Beebipai\" \/>\n<meta property=\"article:modified_time\" content=\"2022-10-01T09:49:46+00:00\" \/>\n<meta property=\"og:image\" content=\"https:\/\/beebipai.ee\/wp-content\/uploads\/2022\/05\/Neobulle-orgaaniline-venitusarme-parandav-oli.jpg\" \/>\n\t<meta property=\"og:image:width\" content=\"674\" \/>\n\t<meta property=\"og:image:height\" content=\"800\" \/>\n\t<meta property=\"og:image:type\" content=\"image\/jpeg\" \/>\n<meta name=\"twitter:card\" content=\"summary_large_image\" \/>\n<meta name=\"twitter:label1\" content=\"Est. reading time\" \/>\n\t<meta name=\"twitter:data1\" content=\"3 minut\u0117s\" \/>\n<script type=\"application\/ld+json\" class=\"yoast-schema-graph\">{\"@context\":\"https:\\\/\\\/schema.org\",\"@graph\":[{\"@type\":\"WebPage\",\"@id\":\"https:\\\/\\\/beebipai.ee\\\/ru\\\/product\\\/neobulle-orgaaniline-venitusarme-parandav-oli-9ml\\\/\",\"url\":\"https:\\\/\\\/beebipai.ee\\\/ru\\\/product\\\/neobulle-orgaaniline-venitusarme-parandav-oli-9ml\\\/\",\"name\":\"Neobulle orgaaniline venitusarme parandav \u00f5li, 9ml - Beebipai\",\"isPartOf\":{\"@id\":\"https:\\\/\\\/beebipai.ee\\\/en\\\/#website\"},\"primaryImageOfPage\":{\"@id\":\"https:\\\/\\\/beebipai.ee\\\/ru\\\/product\\\/neobulle-orgaaniline-venitusarme-parandav-oli-9ml\\\/#primaryimage\"},\"image\":{\"@id\":\"https:\\\/\\\/beebipai.ee\\\/ru\\\/product\\\/neobulle-orgaaniline-venitusarme-parandav-oli-9ml\\\/#primaryimage\"},\"thumbnailUrl\":\"https:\\\/\\\/beebipai.ee\\\/wp-content\\\/uploads\\\/2022\\\/05\\\/Neobulle-orgaaniline-venitusarme-parandav-oli.jpg\",\"datePublished\":\"2022-05-27T07:25:21+00:00\",\"dateModified\":\"2022-10-01T09:49:46+00:00\",\"description\":\"Neobulle orgaaniline venitusarme parandav \u00f5li muudab venitusarmid v\u00e4hem n\u00e4htavaks. Vaata toodet Neobulle orgaaniline venitusarme parandav \u00f5li!\",\"breadcrumb\":{\"@id\":\"https:\\\/\\\/beebipai.ee\\\/ru\\\/product\\\/neobulle-orgaaniline-venitusarme-parandav-oli-9ml\\\/#breadcrumb\"},\"inLanguage\":\"lt-LT\",\"potentialAction\":[{\"@type\":\"ReadAction\",\"target\":[\"https:\\\/\\\/beebipai.ee\\\/ru\\\/product\\\/neobulle-orgaaniline-venitusarme-parandav-oli-9ml\\\/\"]}]},{\"@type\":\"ImageObject\",\"inLanguage\":\"lt-LT\",\"@id\":\"https:\\\/\\\/beebipai.ee\\\/ru\\\/product\\\/neobulle-orgaaniline-venitusarme-parandav-oli-9ml\\\/#primaryimage\",\"url\":\"https:\\\/\\\/beebipai.ee\\\/wp-content\\\/uploads\\\/2022\\\/05\\\/Neobulle-orgaaniline-venitusarme-parandav-oli.jpg\",\"contentUrl\":\"https:\\\/\\\/beebipai.ee\\\/wp-content\\\/uploads\\\/2022\\\/05\\\/Neobulle-orgaaniline-venitusarme-parandav-oli.jpg\",\"width\":674,\"height\":800},{\"@type\":\"BreadcrumbList\",\"@id\":\"https:\\\/\\\/beebipai.ee\\\/ru\\\/product\\\/neobulle-orgaaniline-venitusarme-parandav-oli-9ml\\\/#breadcrumb\",\"itemListElement\":[{\"@type\":\"ListItem\",\"position\":1,\"name\":\"Home\",\"item\":\"https:\\\/\\\/beebipai.ee\\\/\"},{\"@type\":\"ListItem\",\"position\":2,\"name\":\"Pood\",\"item\":\"https:\\\/\\\/beebipai.ee\\\/store\\\/\"},{\"@type\":\"ListItem\",\"position\":3,\"name\":\"Neobulle orgaaniline venitusarme parandav \u00f5li, 9ml\"}]},{\"@type\":\"WebSite\",\"@id\":\"https:\\\/\\\/beebipai.ee\\\/en\\\/#website\",\"url\":\"https:\\\/\\\/beebipai.ee\\\/en\\\/\",\"name\":\"Beebipai\",\"description\":\"Rasedate ja beebide veebipood\",\"potentialAction\":[{\"@type\":\"SearchAction\",\"target\":{\"@type\":\"EntryPoint\",\"urlTemplate\":\"https:\\\/\\\/beebipai.ee\\\/en\\\/?s={search_term_string}\"},\"query-input\":{\"@type\":\"PropertyValueSpecification\",\"valueRequired\":true,\"valueName\":\"search_term_string\"}}],\"inLanguage\":\"lt-LT\"}]}<\/script>\n<!-- \/ Yoast SEO plugin. -->","yoast_head_json":{"title":"Neobulle orgaaniline venitusarme parandav \u00f5li, 9ml - Beebipai","description":"Neobulle orgaaniline venitusarme parandav \u00f5li muudab venitusarmid v\u00e4hem n\u00e4htavaks. Vaata toodet Neobulle orgaaniline venitusarme parandav \u00f5li!","robots":{"index":"index","follow":"follow","max-snippet":"max-snippet:-1","max-image-preview":"max-image-preview:large","max-video-preview":"max-video-preview:-1"},"canonical":"https:\/\/beebipai.ee\/lt\/product\/neobulle-orgaaniline-venitusarme-parandav-oli-9ml\/","og_locale":"lt_LT","og_type":"article","og_title":"Neobulle orgaaniline venitusarme parandav \u00f5li, 9ml - Beebipai","og_description":"Neobulle orgaaniline venitusarme parandav \u00f5li muudab venitusarmid v\u00e4hem n\u00e4htavaks. Vaata toodet Neobulle orgaaniline venitusarme parandav \u00f5li!","og_url":"https:\/\/beebipai.ee\/lt\/product\/neobulle-orgaaniline-venitusarme-parandav-oli-9ml\/","og_site_name":"Beebipai","article_modified_time":"2022-10-01T09:49:46+00:00","og_image":[{"width":674,"height":800,"url":"https:\/\/beebipai.ee\/wp-content\/uploads\/2022\/05\/Neobulle-orgaaniline-venitusarme-parandav-oli.jpg","type":"image\/jpeg"}],"twitter_card":"summary_large_image","twitter_misc":{"Est. reading time":"3 minut\u0117s"},"schema":{"@context":"https:\/\/schema.org","@graph":[{"@type":"WebPage","@id":"https:\/\/beebipai.ee\/ru\/product\/neobulle-orgaaniline-venitusarme-parandav-oli-9ml\/","url":"https:\/\/beebipai.ee\/ru\/product\/neobulle-orgaaniline-venitusarme-parandav-oli-9ml\/","name":"Neobulle orgaaniline venitusarme parandav \u00f5li, 9ml - Beebipai","isPartOf":{"@id":"https:\/\/beebipai.ee\/en\/#website"},"primaryImageOfPage":{"@id":"https:\/\/beebipai.ee\/ru\/product\/neobulle-orgaaniline-venitusarme-parandav-oli-9ml\/#primaryimage"},"image":{"@id":"https:\/\/beebipai.ee\/ru\/product\/neobulle-orgaaniline-venitusarme-parandav-oli-9ml\/#primaryimage"},"thumbnailUrl":"https:\/\/beebipai.ee\/wp-content\/uploads\/2022\/05\/Neobulle-orgaaniline-venitusarme-parandav-oli.jpg","datePublished":"2022-05-27T07:25:21+00:00","dateModified":"2022-10-01T09:49:46+00:00","description":"Neobulle orgaaniline venitusarme parandav \u00f5li muudab venitusarmid v\u00e4hem n\u00e4htavaks. Vaata toodet Neobulle orgaaniline venitusarme parandav \u00f5li!","breadcrumb":{"@id":"https:\/\/beebipai.ee\/ru\/product\/neobulle-orgaaniline-venitusarme-parandav-oli-9ml\/#breadcrumb"},"inLanguage":"lt-LT","potentialAction":[{"@type":"ReadAction","target":["https:\/\/beebipai.ee\/ru\/product\/neobulle-orgaaniline-venitusarme-parandav-oli-9ml\/"]}]},{"@type":"ImageObject","inLanguage":"lt-LT","@id":"https:\/\/beebipai.ee\/ru\/product\/neobulle-orgaaniline-venitusarme-parandav-oli-9ml\/#primaryimage","url":"https:\/\/beebipai.ee\/wp-content\/uploads\/2022\/05\/Neobulle-orgaaniline-venitusarme-parandav-oli.jpg","contentUrl":"https:\/\/beebipai.ee\/wp-content\/uploads\/2022\/05\/Neobulle-orgaaniline-venitusarme-parandav-oli.jpg","width":674,"height":800},{"@type":"BreadcrumbList","@id":"https:\/\/beebipai.ee\/ru\/product\/neobulle-orgaaniline-venitusarme-parandav-oli-9ml\/#breadcrumb","itemListElement":[{"@type":"ListItem","position":1,"name":"Home","item":"https:\/\/beebipai.ee\/"},{"@type":"ListItem","position":2,"name":"Pood","item":"https:\/\/beebipai.ee\/store\/"},{"@type":"ListItem","position":3,"name":"Neobulle orgaaniline venitusarme parandav \u00f5li, 9ml"}]},{"@type":"WebSite","@id":"https:\/\/beebipai.ee\/en\/#website","url":"https:\/\/beebipai.ee\/en\/","name":"Beebipai","description":"Rasedate ja beebide veebipood","potentialAction":[{"@type":"SearchAction","target":{"@type":"EntryPoint","urlTemplate":"https:\/\/beebipai.ee\/en\/?s={search_term_string}"},"query-input":{"@type":"PropertyValueSpecification","valueRequired":true,"valueName":"search_term_string"}}],"inLanguage":"lt-LT"}]}},"_links":{"self":[{"href":"https:\/\/beebipai.ee\/lt\/wp-json\/wp\/v2\/product\/3735","targetHints":{"allow":["GET"]}}],"collection":[{"href":"https:\/\/beebipai.ee\/lt\/wp-json\/wp\/v2\/product"}],"about":[{"href":"https:\/\/beebipai.ee\/lt\/wp-json\/wp\/v2\/types\/product"}],"version-history":[{"count":5,"href":"https:\/\/beebipai.ee\/lt\/wp-json\/wp\/v2\/product\/3735\/revisions"}],"predecessor-version":[{"id":6859,"href":"https:\/\/beebipai.ee\/lt\/wp-json\/wp\/v2\/product\/3735\/revisions\/6859"}],"wp:featuredmedia":[{"embeddable":true,"href":"https:\/\/beebipai.ee\/lt\/wp-json\/wp\/v2\/media\/3737"}],"wp:attachment":[{"href":"https:\/\/beebipai.ee\/lt\/wp-json\/wp\/v2\/media?parent=3735"}],"wp:term":[{"taxonomy":"product_brand","embeddable":true,"href":"https:\/\/beebipai.ee\/lt\/wp-json\/wp\/v2\/product_brand?post=3735"},{"taxonomy":"product_cat","embeddable":true,"href":"https:\/\/beebipai.ee\/lt\/wp-json\/wp\/v2\/product_cat?post=3735"},{"taxonomy":"product_tag","embeddable":true,"href":"https:\/\/beebipai.ee\/lt\/wp-json\/wp\/v2\/product_tag?post=3735"}],"curies":[{"name":"wp","href":"https:\/\/api.w.org\/{rel}","templated":true}]}}